{"id":29011,"date":"2025-06-28T14:20:32","date_gmt":"2025-06-28T14:20:32","guid":{"rendered":"https:\/\/vorulagerinn.is\/product\/balo\/"},"modified":"2026-03-09T17:19:49","modified_gmt":"2026-03-09T17:19:49","slug":"balo","status":"publish","type":"product","link":"https:\/\/vorulagerinn.is\/en\/product\/balo\/","title":{"rendered":"Balo er st\u00edlhreinn og st\u00e6kkanlegur bakpoki (20 \u00ed 26 l\u00edtra) fyrir allt a\u00f0 15,6&#8243; fart\u00f6lvu, USB raufar fyrir hle\u00f0slu &amp; RFID kortav\u00f6rn"},"content":{"rendered":"","protected":false},"excerpt":{"rendered":"<p>Gl\u00e6silegur og st\u00edlhreinn bakpoki me\u00f0 s\u00e9r h\u00f3lfi fyrir allt a\u00f0 15,6\u2033 fart\u00f6lvu. \u00dea\u00f0 er h\u00e6gt a\u00f0 auka geymslur\u00fdmi\u00f0 um 13 cm (6 l\u00edtra). Bakpokinn er me\u00f0 RFID kortav\u00f6rn sem minnkar l\u00edkurnar \u00e1 \u00fev\u00ed a\u00f0 h\u00e6gt s\u00e9 a\u00f0 afrita \/ skanna debet- og kreditkort &amp; vegabr\u00e9fi\u00f0 \u00feitt. Hann er \u00far Oxford vatnsfr\u00e1hrindandi efni og er me\u00f0 USB-A og USB-C raufar sem tengt er vi\u00f0 hle\u00f0slubanka ofan \u00ed t\u00f6skunni. \u00dea\u00f0 er \u00fev\u00ed au\u00f0velt a\u00f0 hla\u00f0a snjallt\u00e6kin \u00e1 fer\u00f0inni. Baki\u00f0 er me\u00f0 g\u00f3\u00f0ri loftun og festingu til a\u00f0 hengja t\u00f6skuna \u00e1 handfangi\u00f0 \u00e1 fer\u00f0at\u00f6sku. Fr\u00e1b\u00e6r bakpoki fyrir sk\u00f3la, vinnu og f\u00f3lk \u00e1 fer\u00f0inni.<\/p>\n<p>Framan \u00e1 t\u00f6skunni r\u00famgott h\u00f3lf og vasi me\u00f0 rennil\u00e1s. \u00c1 hli\u00f0 er rauf fyrir USB-A og USB-C hle\u00f0slu fyrir snjallt\u00e6kin \u00e1samt vasa. Baki\u00f0 er me\u00f0 renndum vasa og g\u00f3\u00f0ri loftun. \u00dea\u00f0 er vasi \u00e1 axlar\u00f3l og \u00e1ttaviti. Innra r\u00fdmi\u00f0 er st\u00e6kkanlegt um 13 cm (6 l\u00edtra) og er me\u00f0 s\u00e9r h\u00f3lf fyrir allt a\u00f0 15,6\u2033 fart\u00f6lvur, einn renndur vasi og 4 opnum.<\/p>\n<p>\u2013 Litur: Svartur<br \/>\n\u2013 St\u00e6r\u00f0: 44 x 30 x 15 cm (st\u00e6kkanlegur um 13 cm d\u00fdpt)<br \/>\n\u2013 20 l\u00edtra en 26 l\u00edtra eftir st\u00e6kkun<br \/>\n\u2013 \u00deyngd: 1,2 kg<br \/>\n\u2013 Efni: Oxford<br \/>\n\u2013 USB-A og USA-C raufar fyrir hle\u00f0slu<br \/>\n\u2013 S\u00e9r h\u00f3lf fyrir allt a\u00f0 15,6\u2033 fart\u00f6lvu<\/p>\n","protected":false},"featured_media":29001,"template":"","meta":[],"product_brand":[412],"product_cat":[362,249],"product_tag":[],"class_list":{"0":"post-29011","1":"product","2":"type-product","3":"status-publish","4":"has-post-thumbnail","6":"product_brand-mark-ryden","7":"product_cat-bakpokar","8":"product_cat-bakpokar-toskur","10":"first","11":"instock","12":"sale","13":"taxable","14":"shipping-taxable","15":"purchasable","16":"product-type-simple"},"supplier_id":null,"supplier_sku":"","barcode":null,"atum_controlled":true,"out_stock_date":null,"out_stock_threshold":null,"inheritable":false,"inbound_stock":0,"stock_on_hold":0,"sold_today":0,"sales_last_days":0,"reserved_stock":0,"customer_returns":0,"warehouse_damage":0,"lost_in_post":0,"other_logs":0,"out_stock_days":0,"lost_sales":0,"has_location":false,"update_date":"2026-04-11T00:15:03","atum_locations":[],"atum_stock_status":"instock","restock_status":false,"low_stock_amount":"","sales_update_date":"2026-04-11T00:15:03","calc_backorders":null,"yoast_head":"<!-- This site is optimized with the Yoast SEO Premium plugin v26.6 (Yoast SEO v27.3) - https:\/\/yoast.com\/product\/yoast-seo-premium-wordpress\/ -->\n<title>Balo bakpoki 20-26 l\u00edtra | 15,6&quot; fart\u00f6lvur, USB raufar &amp; RFID v\u00f6rn<\/title>\n<meta name=\"description\" content=\"Balo er st\u00edlhreinn &amp; st\u00e6kkanlegur bakpoki (20 \u00ed 26 l\u00edtra) fr\u00e1 Mark Ryden. RFID kortav\u00f6rn, USB-A og USB-C hle\u00f0sluraufar og allt a\u00f0 15,6&quot; fart\u00f6lvur.\" \/>\n<meta name=\"robots\" content=\"index, follow, max-snippet:-1, max-image-preview:large, max-video-preview:-1\" \/>\n<link rel=\"canonical\" href=\"https:\/\/vorulagerinn.is\/product\/balo\/\" \/>\n<meta property=\"og:locale\" content=\"en_US\" \/>\n<meta property=\"og:type\" content=\"article\" \/>\n<meta property=\"og:title\" content=\"Balo er st\u00edlhreinn og st\u00e6kkanlegur bakpoki (20 \u00ed 26 l\u00edtra) fyrir allt a\u00f0 15,6&quot; fart\u00f6lvu, USB raufar fyrir hle\u00f0slu &amp; RFID kortav\u00f6rn\" \/>\n<meta property=\"og:description\" content=\"Balo er st\u00edlhreinn &amp; st\u00e6kkanlegur bakpoki (20 \u00ed 26 l\u00edtra) fr\u00e1 Mark Ryden. RFID kortav\u00f6rn, USB-A og USB-C hle\u00f0sluraufar og allt a\u00f0 15,6&quot; fart\u00f6lvur.\" \/>\n<meta property=\"og:url\" content=\"https:\/\/vorulagerinn.is\/product\/balo\/\" \/>\n<meta property=\"og:site_name\" content=\"V&ouml;rulagerinn\" \/>\n<meta property=\"article:publisher\" content=\"https:\/\/www.facebook.com\/vorulagerinn\" \/>\n<meta property=\"article:modified_time\" content=\"2026-03-09T17:19:49+00:00\" \/>\n<meta property=\"og:image\" content=\"https:\/\/vorulagerinn.is\/wp-content\/uploads\/2025\/09\/MR5748SJ.jpg\" \/>\n\t<meta property=\"og:image:width\" content=\"600\" \/>\n\t<meta property=\"og:image:height\" content=\"600\" \/>\n\t<meta property=\"og:image:type\" content=\"image\/jpeg\" \/>\n<meta name=\"twitter:card\" content=\"summary_large_image\" \/>\n<meta name=\"twitter:label1\" content=\"Price\" \/>\n\t<meta name=\"twitter:data1\" content=\"15.760&nbsp;kr.\" \/>\n\t<meta name=\"twitter:label2\" content=\"Availability\" \/>\n\t<meta name=\"twitter:data2\" content=\"In stock\" \/>\n<script type=\"application\/ld+json\" class=\"yoast-schema-graph\">{\"@context\":\"https:\\\/\\\/schema.org\",\"@graph\":[{\"@type\":\"WebPage\",\"@id\":\"https:\\\/\\\/vorulagerinn.is\\\/product\\\/balo\\\/\",\"url\":\"https:\\\/\\\/vorulagerinn.is\\\/product\\\/balo\\\/\",\"name\":\"Balo bakpoki 20-26 l\u00edtra | 15,6\\\" fart\u00f6lvur, USB raufar & RFID v\u00f6rn\",\"isPartOf\":{\"@id\":\"https:\\\/\\\/vorulagerinn.is\\\/#website\"},\"primaryImageOfPage\":{\"@id\":\"https:\\\/\\\/vorulagerinn.is\\\/product\\\/balo\\\/#primaryimage\"},\"image\":{\"@id\":\"https:\\\/\\\/vorulagerinn.is\\\/product\\\/balo\\\/#primaryimage\"},\"thumbnailUrl\":\"https:\\\/\\\/vorulagerinn.is\\\/wp-content\\\/uploads\\\/2025\\\/09\\\/MR5748SJ.jpg\",\"datePublished\":\"2025-06-28T14:20:32+00:00\",\"dateModified\":\"2026-03-09T17:19:49+00:00\",\"description\":\"Balo er st\u00edlhreinn & st\u00e6kkanlegur bakpoki (20 \u00ed 26 l\u00edtra) fr\u00e1 Mark Ryden. RFID kortav\u00f6rn, USB-A og USB-C hle\u00f0sluraufar og allt a\u00f0 15,6\\\" fart\u00f6lvur.\",\"breadcrumb\":{\"@id\":\"https:\\\/\\\/vorulagerinn.is\\\/product\\\/balo\\\/#breadcrumb\"},\"inLanguage\":\"en-US\",\"potentialAction\":[{\"@type\":\"ReadAction\",\"target\":[\"https:\\\/\\\/vorulagerinn.is\\\/product\\\/balo\\\/\"]}]},{\"@type\":\"ImageObject\",\"inLanguage\":\"en-US\",\"@id\":\"https:\\\/\\\/vorulagerinn.is\\\/product\\\/balo\\\/#primaryimage\",\"url\":\"https:\\\/\\\/vorulagerinn.is\\\/wp-content\\\/uploads\\\/2025\\\/09\\\/MR5748SJ.jpg\",\"contentUrl\":\"https:\\\/\\\/vorulagerinn.is\\\/wp-content\\\/uploads\\\/2025\\\/09\\\/MR5748SJ.jpg\",\"width\":600,\"height\":600},{\"@type\":\"BreadcrumbList\",\"@id\":\"https:\\\/\\\/vorulagerinn.is\\\/product\\\/balo\\\/#breadcrumb\",\"itemListElement\":[{\"@type\":\"ListItem\",\"position\":1,\"name\":\"Home\",\"item\":\"https:\\\/\\\/vorulagerinn.is\\\/\"},{\"@type\":\"ListItem\",\"position\":2,\"name\":\"Shop\",\"item\":\"https:\\\/\\\/vorulagerinn.is\\\/en\\\/shop\\\/\"},{\"@type\":\"ListItem\",\"position\":3,\"name\":\"Balo er st\u00edlhreinn og st\u00e6kkanlegur bakpoki (20 \u00ed 26 l\u00edtra) fyrir allt a\u00f0 15,6&#8243; fart\u00f6lvu, USB raufar fyrir hle\u00f0slu &amp; RFID kortav\u00f6rn\"}]},{\"@type\":\"WebSite\",\"@id\":\"https:\\\/\\\/vorulagerinn.is\\\/#website\",\"url\":\"https:\\\/\\\/vorulagerinn.is\\\/\",\"name\":\"V\u00f6rulagerinn\",\"description\":\"L\u00e1ttu \u00fea\u00f0 eftir \u00fe\u00e9r\",\"publisher\":{\"@id\":\"https:\\\/\\\/vorulagerinn.is\\\/#organization\"},\"potentialAction\":[{\"@type\":\"SearchAction\",\"target\":{\"@type\":\"EntryPoint\",\"urlTemplate\":\"https:\\\/\\\/vorulagerinn.is\\\/?s={search_term_string}\"},\"query-input\":{\"@type\":\"PropertyValueSpecification\",\"valueRequired\":true,\"valueName\":\"search_term_string\"}}],\"inLanguage\":\"en-US\"},{\"@type\":\"Organization\",\"@id\":\"https:\\\/\\\/vorulagerinn.is\\\/#organization\",\"name\":\"V\u00f6rulagerinn\",\"url\":\"https:\\\/\\\/vorulagerinn.is\\\/\",\"logo\":{\"@type\":\"ImageObject\",\"inLanguage\":\"en-US\",\"@id\":\"https:\\\/\\\/vorulagerinn.is\\\/#\\\/schema\\\/logo\\\/image\\\/\",\"url\":\"https:\\\/\\\/vorulagerinn.is\\\/wp-content\\\/uploads\\\/2022\\\/09\\\/Vorulagerinn-Logo-588x160-1.png\",\"contentUrl\":\"https:\\\/\\\/vorulagerinn.is\\\/wp-content\\\/uploads\\\/2022\\\/09\\\/Vorulagerinn-Logo-588x160-1.png\",\"width\":588,\"height\":160,\"caption\":\"V\u00f6rulagerinn\"},\"image\":{\"@id\":\"https:\\\/\\\/vorulagerinn.is\\\/#\\\/schema\\\/logo\\\/image\\\/\"},\"sameAs\":[\"https:\\\/\\\/www.facebook.com\\\/vorulagerinn\",\"https:\\\/\\\/www.instagram.com\\\/vorulagerinn\\\/\"]}]}<\/script>\n<meta property=\"product:price:amount\" content=\"15760\" \/>\n<meta property=\"product:price:currency\" content=\"ISK\" \/>\n<meta property=\"og:availability\" content=\"instock\" \/>\n<meta property=\"product:availability\" content=\"instock\" \/>\n<meta property=\"product:retailer_item_id\" content=\"MR5748SJ_00\" \/>\n<meta property=\"product:condition\" content=\"new\" \/>\n<!-- \/ Yoast SEO Premium plugin. -->","yoast_head_json":{"title":"Balo bakpoki 20-26 l\u00edtra | 15,6\" fart\u00f6lvur, USB raufar & RFID v\u00f6rn","description":"Balo er st\u00edlhreinn & st\u00e6kkanlegur bakpoki (20 \u00ed 26 l\u00edtra) fr\u00e1 Mark Ryden. RFID kortav\u00f6rn, USB-A og USB-C hle\u00f0sluraufar og allt a\u00f0 15,6\" fart\u00f6lvur.","robots":{"index":"index","follow":"follow","max-snippet":"max-snippet:-1","max-image-preview":"max-image-preview:large","max-video-preview":"max-video-preview:-1"},"canonical":"https:\/\/vorulagerinn.is\/product\/balo\/","og_locale":"en_US","og_type":"article","og_title":"Balo er st\u00edlhreinn og st\u00e6kkanlegur bakpoki (20 \u00ed 26 l\u00edtra) fyrir allt a\u00f0 15,6\" fart\u00f6lvu, USB raufar fyrir hle\u00f0slu &amp; RFID kortav\u00f6rn","og_description":"Balo er st\u00edlhreinn & st\u00e6kkanlegur bakpoki (20 \u00ed 26 l\u00edtra) fr\u00e1 Mark Ryden. RFID kortav\u00f6rn, USB-A og USB-C hle\u00f0sluraufar og allt a\u00f0 15,6\" fart\u00f6lvur.","og_url":"https:\/\/vorulagerinn.is\/product\/balo\/","og_site_name":"V&ouml;rulagerinn","article_publisher":"https:\/\/www.facebook.com\/vorulagerinn","article_modified_time":"2026-03-09T17:19:49+00:00","og_image":[{"width":600,"height":600,"url":"https:\/\/vorulagerinn.is\/wp-content\/uploads\/2025\/09\/MR5748SJ.jpg","type":"image\/jpeg"}],"twitter_card":"summary_large_image","twitter_misc":{"Price":"15.760&nbsp;kr.","Availability":"In stock"},"schema":{"@context":"https:\/\/schema.org","@graph":[{"@type":"WebPage","@id":"https:\/\/vorulagerinn.is\/product\/balo\/","url":"https:\/\/vorulagerinn.is\/product\/balo\/","name":"Balo bakpoki 20-26 l\u00edtra | 15,6\" fart\u00f6lvur, USB raufar & RFID v\u00f6rn","isPartOf":{"@id":"https:\/\/vorulagerinn.is\/#website"},"primaryImageOfPage":{"@id":"https:\/\/vorulagerinn.is\/product\/balo\/#primaryimage"},"image":{"@id":"https:\/\/vorulagerinn.is\/product\/balo\/#primaryimage"},"thumbnailUrl":"https:\/\/vorulagerinn.is\/wp-content\/uploads\/2025\/09\/MR5748SJ.jpg","datePublished":"2025-06-28T14:20:32+00:00","dateModified":"2026-03-09T17:19:49+00:00","description":"Balo er st\u00edlhreinn & st\u00e6kkanlegur bakpoki (20 \u00ed 26 l\u00edtra) fr\u00e1 Mark Ryden. RFID kortav\u00f6rn, USB-A og USB-C hle\u00f0sluraufar og allt a\u00f0 15,6\" fart\u00f6lvur.","breadcrumb":{"@id":"https:\/\/vorulagerinn.is\/product\/balo\/#breadcrumb"},"inLanguage":"en-US","potentialAction":[{"@type":"ReadAction","target":["https:\/\/vorulagerinn.is\/product\/balo\/"]}]},{"@type":"ImageObject","inLanguage":"en-US","@id":"https:\/\/vorulagerinn.is\/product\/balo\/#primaryimage","url":"https:\/\/vorulagerinn.is\/wp-content\/uploads\/2025\/09\/MR5748SJ.jpg","contentUrl":"https:\/\/vorulagerinn.is\/wp-content\/uploads\/2025\/09\/MR5748SJ.jpg","width":600,"height":600},{"@type":"BreadcrumbList","@id":"https:\/\/vorulagerinn.is\/product\/balo\/#breadcrumb","itemListElement":[{"@type":"ListItem","position":1,"name":"Home","item":"https:\/\/vorulagerinn.is\/"},{"@type":"ListItem","position":2,"name":"Shop","item":"https:\/\/vorulagerinn.is\/en\/shop\/"},{"@type":"ListItem","position":3,"name":"Balo er st\u00edlhreinn og st\u00e6kkanlegur bakpoki (20 \u00ed 26 l\u00edtra) fyrir allt a\u00f0 15,6&#8243; fart\u00f6lvu, USB raufar fyrir hle\u00f0slu &amp; RFID kortav\u00f6rn"}]},{"@type":"WebSite","@id":"https:\/\/vorulagerinn.is\/#website","url":"https:\/\/vorulagerinn.is\/","name":"V\u00f6rulagerinn","description":"L\u00e1ttu \u00fea\u00f0 eftir \u00fe\u00e9r","publisher":{"@id":"https:\/\/vorulagerinn.is\/#organization"},"potentialAction":[{"@type":"SearchAction","target":{"@type":"EntryPoint","urlTemplate":"https:\/\/vorulagerinn.is\/?s={search_term_string}"},"query-input":{"@type":"PropertyValueSpecification","valueRequired":true,"valueName":"search_term_string"}}],"inLanguage":"en-US"},{"@type":"Organization","@id":"https:\/\/vorulagerinn.is\/#organization","name":"V\u00f6rulagerinn","url":"https:\/\/vorulagerinn.is\/","logo":{"@type":"ImageObject","inLanguage":"en-US","@id":"https:\/\/vorulagerinn.is\/#\/schema\/logo\/image\/","url":"https:\/\/vorulagerinn.is\/wp-content\/uploads\/2022\/09\/Vorulagerinn-Logo-588x160-1.png","contentUrl":"https:\/\/vorulagerinn.is\/wp-content\/uploads\/2022\/09\/Vorulagerinn-Logo-588x160-1.png","width":588,"height":160,"caption":"V\u00f6rulagerinn"},"image":{"@id":"https:\/\/vorulagerinn.is\/#\/schema\/logo\/image\/"},"sameAs":["https:\/\/www.facebook.com\/vorulagerinn","https:\/\/www.instagram.com\/vorulagerinn\/"]}]},"product_price_amount":"15760","product_price_currency":"ISK","og_availability":"instock","product_availability":"instock","product_retailer_item_id":"MR5748SJ_00","product_condition":"new"},"_links":{"self":[{"href":"https:\/\/vorulagerinn.is\/en\/wp-json\/wp\/v2\/product\/29011","targetHints":{"allow":["GET"]}}],"collection":[{"href":"https:\/\/vorulagerinn.is\/en\/wp-json\/wp\/v2\/product"}],"about":[{"href":"https:\/\/vorulagerinn.is\/en\/wp-json\/wp\/v2\/types\/product"}],"wp:featuredmedia":[{"embeddable":true,"href":"https:\/\/vorulagerinn.is\/en\/wp-json\/wp\/v2\/media\/29001"}],"wp:attachment":[{"href":"https:\/\/vorulagerinn.is\/en\/wp-json\/wp\/v2\/media?parent=29011"}],"wp:term":[{"taxonomy":"product_brand","embeddable":true,"href":"https:\/\/vorulagerinn.is\/en\/wp-json\/wp\/v2\/product_brand?post=29011"},{"taxonomy":"product_cat","embeddable":true,"href":"https:\/\/vorulagerinn.is\/en\/wp-json\/wp\/v2\/product_cat?post=29011"},{"taxonomy":"product_tag","embeddable":true,"href":"https:\/\/vorulagerinn.is\/en\/wp-json\/wp\/v2\/product_tag?post=29011"}],"curies":[{"name":"wp","href":"https:\/\/api.w.org\/{rel}","templated":true}]}}