{"id":29029,"date":"2025-07-19T10:01:59","date_gmt":"2025-07-19T10:01:59","guid":{"rendered":"https:\/\/vorulagerinn.is\/product\/jr-ft5-plus\/"},"modified":"2026-03-20T15:17:16","modified_gmt":"2026-03-20T15:17:16","slug":"fit-life-ft5-plus","status":"publish","type":"product","link":"https:\/\/vorulagerinn.is\/en\/product\/fit-life-ft5-plus\/","title":{"rendered":"Fit-life Series snjall- og heilsu\u00far me\u00f0 allt a\u00f0 12 daga rafhl\u00f6\u00f0u, vatnshelt, 100 heilsuforrit &amp; Bluetooth 5,4 (tveir litir \u00ed bo\u00f0i)"},"content":{"rendered":"","protected":false},"excerpt":{"rendered":"<p>Fr\u00e1b\u00e6rt snjall- og heilsu\u00far me\u00f0 yfir 100 \u00ed\u00fer\u00f3ttastillingum, bj\u00f6rtum 1,96\u2033 skj\u00e1, 320X385 skj\u00e1upplausn. \u00dari\u00f0 m\u00e6lir t.d. skrefafj\u00f6lda, s\u00farefni\u00f0 \u00ed bl\u00f3\u00f0i, hjartsl\u00e1tt, svefnmynstur, stress, g\u00f6ngu, hlaup og margt fleira. \u00dea\u00f0 er 1 ATM \u201eWater Resistance\u201c vatnsv\u00f6rn og \u00feolir allt a\u00f0 10 metra d\u00fdpi \u00ed vatni. \u00dari\u00f0 er me\u00f0 Bluetooth 5.4 sem er n\u00fdjasta \u00fatg\u00e1fan og tengist leifturhratt vi\u00f0 snjallfars\u00edmann \u00feinn (10 metra dr\u00e6gni). Rafhla\u00f0an endist \u00ed allt a\u00f0 10-12 daga og 25-30 daga \u00ed bi\u00f0st\u00f6\u00f0u. \u00dea\u00f0 tekur ekki nema 2,5 klst til a\u00f0 fullhla\u00f0a \u00fari\u00f0.<\/p>\n<p>\u00dea\u00f0 er h\u00e6gt a\u00f0 velja yfir 100 mismunandi \u00fatlit \u00e1 \u00fari\u00f0 \u00ed gegnum app sem fylgir me\u00f0. \u00de\u00fa s\u00e9r\u00f0 hver er a\u00f0 hringja, sms, vekjaraklukka \u00e1samt \u00f6llu \u00fev\u00ed helsta. Snjall\u00fari\u00f0 er st\u00edlhreint, l\u00e9tt og notandav\u00e6nt. \u00dea\u00f0 fylgir b\u00e6\u00f0i silicone og segul\u00f3l me\u00f0 snjall- og heilsu\u00farinu.<\/p>\n<p>\u2013 Litur: Svartur og r\u00f3sa gull<br \/>\n\u2013 Bluetooth: 5.4 (n\u00fdjasta \u00fatg\u00e1fan)<br \/>\n\u2013 Rafhla\u00f0a: Allt a\u00f0 10-12 dagar &amp; 25-30 dagar \u00ed bi\u00f0<br \/>\n\u2013 Skj\u00e1r: 1,96 tommur &amp; skj\u00e1upplausn 320\u00d7385<br \/>\n\u2013 1 ATM \u201eWater Resistance\u201c vatnsv\u00f6rn (10m d\u00fdpi)<br \/>\n\u2013 St\u00e6r\u00f0 \u00f3lar: 20\u00d72,2 cm<br \/>\n\u2013 St\u00e6r\u00f0: 47,5 x 38,7 x 1,12 cm<br \/>\n\u2013 \u00deyngd. 56 gr<br \/>\n\u2013 Vottun: CE og ROHS<\/p>\n","protected":false},"featured_media":29015,"template":"","meta":[],"product_brand":[420],"product_cat":[386],"product_tag":[],"class_list":{"0":"post-29029","1":"product","2":"type-product","3":"status-publish","4":"has-post-thumbnail","6":"product_brand-joyroom","7":"product_cat-snjall-og-heilsuur","9":"first","10":"instock","11":"sale","12":"taxable","13":"shipping-taxable","14":"purchasable","15":"product-type-variable"},"supplier_id":null,"supplier_sku":"","barcode":null,"atum_controlled":true,"out_stock_date":null,"out_stock_threshold":null,"inheritable":false,"inbound_stock":0,"stock_on_hold":0,"sold_today":0,"sales_last_days":0,"reserved_stock":0,"customer_returns":0,"warehouse_damage":0,"lost_in_post":0,"other_logs":0,"out_stock_days":0,"lost_sales":0,"has_location":false,"update_date":"2026-04-18T00:22:33","atum_locations":[],"atum_stock_status":"instock","restock_status":false,"low_stock_amount":"","sales_update_date":"2026-04-18T00:22:33","calc_backorders":null,"yoast_head":"<!-- This site is optimized with the Yoast SEO Premium plugin v26.6 (Yoast SEO v27.3) - https:\/\/yoast.com\/product\/yoast-seo-premium-wordpress\/ -->\n<title>Fit-life snjall- &amp; heilsu\u00far | Allt a\u00f0 12 daga rafhla\u00f0a | 100 heilsuforrit<\/title>\n<meta name=\"description\" content=\"Snjall- og heilsu\u00far fr\u00e1 Joyroom me\u00f0 yfir 100 \u00ed\u00fer\u00f3ttastillingum, bj\u00f6rtum 1,96\u2033 skj\u00e1, 320X385 skj\u00e1upplausn. Bluetooth 5,4. Silicone &amp; segul\u00f3lar fylgja me\u00f0.\" \/>\n<meta name=\"robots\" content=\"index, follow, max-snippet:-1, max-image-preview:large, max-video-preview:-1\" \/>\n<link rel=\"canonical\" href=\"https:\/\/vorulagerinn.is\/product\/fit-life-ft5-plus\/\" \/>\n<meta property=\"og:locale\" content=\"en_US\" \/>\n<meta property=\"og:type\" content=\"article\" \/>\n<meta property=\"og:title\" content=\"Fit-life Series snjall- og heilsu\u00far me\u00f0 allt a\u00f0 12 daga rafhl\u00f6\u00f0u, vatnshelt, 100 heilsuforrit &amp; Bluetooth 5,4 (tveir litir \u00ed bo\u00f0i)\" \/>\n<meta property=\"og:description\" content=\"Snjall- og heilsu\u00far fr\u00e1 Joyroom me\u00f0 yfir 100 \u00ed\u00fer\u00f3ttastillingum, bj\u00f6rtum 1,96\u2033 skj\u00e1, 320X385 skj\u00e1upplausn. Bluetooth 5,4. Silicone &amp; segul\u00f3lar fylgja me\u00f0.\" \/>\n<meta property=\"og:url\" content=\"https:\/\/vorulagerinn.is\/product\/fit-life-ft5-plus\/\" \/>\n<meta property=\"og:site_name\" content=\"V&ouml;rulagerinn\" \/>\n<meta property=\"article:publisher\" content=\"https:\/\/www.facebook.com\/vorulagerinn\" \/>\n<meta property=\"article:modified_time\" content=\"2026-03-20T15:17:16+00:00\" \/>\n<meta property=\"og:image\" content=\"https:\/\/vorulagerinn.is\/wp-content\/uploads\/2025\/09\/JR-FT5_Black-1.jpg\" \/>\n\t<meta property=\"og:image:width\" content=\"600\" \/>\n\t<meta property=\"og:image:height\" content=\"600\" \/>\n\t<meta property=\"og:image:type\" content=\"image\/jpeg\" \/>\n<meta name=\"twitter:card\" content=\"summary_large_image\" \/>\n<meta name=\"twitter:label1\" content=\"Availability\" \/>\n\t<meta name=\"twitter:data1\" content=\"In stock\" \/>\n<script type=\"application\/ld+json\" class=\"yoast-schema-graph\">{\"@context\":\"https:\\\/\\\/schema.org\",\"@graph\":[{\"@type\":\"WebPage\",\"@id\":\"https:\\\/\\\/vorulagerinn.is\\\/product\\\/fit-life-ft5-plus\\\/\",\"url\":\"https:\\\/\\\/vorulagerinn.is\\\/product\\\/fit-life-ft5-plus\\\/\",\"name\":\"Fit-life snjall- & heilsu\u00far | Allt a\u00f0 12 daga rafhla\u00f0a | 100 heilsuforrit\",\"isPartOf\":{\"@id\":\"https:\\\/\\\/vorulagerinn.is\\\/#website\"},\"primaryImageOfPage\":{\"@id\":\"https:\\\/\\\/vorulagerinn.is\\\/product\\\/fit-life-ft5-plus\\\/#primaryimage\"},\"image\":{\"@id\":\"https:\\\/\\\/vorulagerinn.is\\\/product\\\/fit-life-ft5-plus\\\/#primaryimage\"},\"thumbnailUrl\":\"https:\\\/\\\/vorulagerinn.is\\\/wp-content\\\/uploads\\\/2025\\\/09\\\/JR-FT5_Black-1.jpg\",\"datePublished\":\"2025-07-19T10:01:59+00:00\",\"dateModified\":\"2026-03-20T15:17:16+00:00\",\"description\":\"Snjall- og heilsu\u00far fr\u00e1 Joyroom me\u00f0 yfir 100 \u00ed\u00fer\u00f3ttastillingum, bj\u00f6rtum 1,96\u2033 skj\u00e1, 320X385 skj\u00e1upplausn. Bluetooth 5,4. Silicone & segul\u00f3lar fylgja me\u00f0.\",\"breadcrumb\":{\"@id\":\"https:\\\/\\\/vorulagerinn.is\\\/product\\\/fit-life-ft5-plus\\\/#breadcrumb\"},\"inLanguage\":\"en-US\",\"potentialAction\":[{\"@type\":\"ReadAction\",\"target\":[\"https:\\\/\\\/vorulagerinn.is\\\/product\\\/fit-life-ft5-plus\\\/\"]}]},{\"@type\":\"ImageObject\",\"inLanguage\":\"en-US\",\"@id\":\"https:\\\/\\\/vorulagerinn.is\\\/product\\\/fit-life-ft5-plus\\\/#primaryimage\",\"url\":\"https:\\\/\\\/vorulagerinn.is\\\/wp-content\\\/uploads\\\/2025\\\/09\\\/JR-FT5_Black-1.jpg\",\"contentUrl\":\"https:\\\/\\\/vorulagerinn.is\\\/wp-content\\\/uploads\\\/2025\\\/09\\\/JR-FT5_Black-1.jpg\",\"width\":600,\"height\":600},{\"@type\":\"BreadcrumbList\",\"@id\":\"https:\\\/\\\/vorulagerinn.is\\\/product\\\/fit-life-ft5-plus\\\/#breadcrumb\",\"itemListElement\":[{\"@type\":\"ListItem\",\"position\":1,\"name\":\"Home\",\"item\":\"https:\\\/\\\/vorulagerinn.is\\\/\"},{\"@type\":\"ListItem\",\"position\":2,\"name\":\"Shop\",\"item\":\"https:\\\/\\\/vorulagerinn.is\\\/en\\\/shop\\\/\"},{\"@type\":\"ListItem\",\"position\":3,\"name\":\"Fit-life Series snjall- og heilsu\u00far me\u00f0 allt a\u00f0 12 daga rafhl\u00f6\u00f0u, vatnshelt, 100 heilsuforrit &amp; Bluetooth 5,4 (tveir litir \u00ed bo\u00f0i)\"}]},{\"@type\":\"WebSite\",\"@id\":\"https:\\\/\\\/vorulagerinn.is\\\/#website\",\"url\":\"https:\\\/\\\/vorulagerinn.is\\\/\",\"name\":\"V\u00f6rulagerinn\",\"description\":\"L\u00e1ttu \u00fea\u00f0 eftir \u00fe\u00e9r\",\"publisher\":{\"@id\":\"https:\\\/\\\/vorulagerinn.is\\\/#organization\"},\"potentialAction\":[{\"@type\":\"SearchAction\",\"target\":{\"@type\":\"EntryPoint\",\"urlTemplate\":\"https:\\\/\\\/vorulagerinn.is\\\/?s={search_term_string}\"},\"query-input\":{\"@type\":\"PropertyValueSpecification\",\"valueRequired\":true,\"valueName\":\"search_term_string\"}}],\"inLanguage\":\"en-US\"},{\"@type\":\"Organization\",\"@id\":\"https:\\\/\\\/vorulagerinn.is\\\/#organization\",\"name\":\"V\u00f6rulagerinn\",\"url\":\"https:\\\/\\\/vorulagerinn.is\\\/\",\"logo\":{\"@type\":\"ImageObject\",\"inLanguage\":\"en-US\",\"@id\":\"https:\\\/\\\/vorulagerinn.is\\\/#\\\/schema\\\/logo\\\/image\\\/\",\"url\":\"https:\\\/\\\/vorulagerinn.is\\\/wp-content\\\/uploads\\\/2022\\\/09\\\/Vorulagerinn-Logo-588x160-1.png\",\"contentUrl\":\"https:\\\/\\\/vorulagerinn.is\\\/wp-content\\\/uploads\\\/2022\\\/09\\\/Vorulagerinn-Logo-588x160-1.png\",\"width\":588,\"height\":160,\"caption\":\"V\u00f6rulagerinn\"},\"image\":{\"@id\":\"https:\\\/\\\/vorulagerinn.is\\\/#\\\/schema\\\/logo\\\/image\\\/\"},\"sameAs\":[\"https:\\\/\\\/www.facebook.com\\\/vorulagerinn\",\"https:\\\/\\\/www.instagram.com\\\/vorulagerinn\\\/\"]}]}<\/script>\n<meta property=\"og:availability\" content=\"instock\" \/>\n<meta property=\"product:availability\" content=\"instock\" \/>\n<meta property=\"product:retailer_item_id\" content=\"JR-FT5 Plus\" \/>\n<meta property=\"product:condition\" content=\"new\" \/>\n<!-- \/ Yoast SEO Premium plugin. -->","yoast_head_json":{"title":"Fit-life snjall- & heilsu\u00far | Allt a\u00f0 12 daga rafhla\u00f0a | 100 heilsuforrit","description":"Snjall- og heilsu\u00far fr\u00e1 Joyroom me\u00f0 yfir 100 \u00ed\u00fer\u00f3ttastillingum, bj\u00f6rtum 1,96\u2033 skj\u00e1, 320X385 skj\u00e1upplausn. Bluetooth 5,4. Silicone & segul\u00f3lar fylgja me\u00f0.","robots":{"index":"index","follow":"follow","max-snippet":"max-snippet:-1","max-image-preview":"max-image-preview:large","max-video-preview":"max-video-preview:-1"},"canonical":"https:\/\/vorulagerinn.is\/product\/fit-life-ft5-plus\/","og_locale":"en_US","og_type":"article","og_title":"Fit-life Series snjall- og heilsu\u00far me\u00f0 allt a\u00f0 12 daga rafhl\u00f6\u00f0u, vatnshelt, 100 heilsuforrit &amp; Bluetooth 5,4 (tveir litir \u00ed bo\u00f0i)","og_description":"Snjall- og heilsu\u00far fr\u00e1 Joyroom me\u00f0 yfir 100 \u00ed\u00fer\u00f3ttastillingum, bj\u00f6rtum 1,96\u2033 skj\u00e1, 320X385 skj\u00e1upplausn. Bluetooth 5,4. Silicone & segul\u00f3lar fylgja me\u00f0.","og_url":"https:\/\/vorulagerinn.is\/product\/fit-life-ft5-plus\/","og_site_name":"V&ouml;rulagerinn","article_publisher":"https:\/\/www.facebook.com\/vorulagerinn","article_modified_time":"2026-03-20T15:17:16+00:00","og_image":[{"width":600,"height":600,"url":"https:\/\/vorulagerinn.is\/wp-content\/uploads\/2025\/09\/JR-FT5_Black-1.jpg","type":"image\/jpeg"}],"twitter_card":"summary_large_image","twitter_misc":{"Availability":"In stock"},"schema":{"@context":"https:\/\/schema.org","@graph":[{"@type":"WebPage","@id":"https:\/\/vorulagerinn.is\/product\/fit-life-ft5-plus\/","url":"https:\/\/vorulagerinn.is\/product\/fit-life-ft5-plus\/","name":"Fit-life snjall- & heilsu\u00far | Allt a\u00f0 12 daga rafhla\u00f0a | 100 heilsuforrit","isPartOf":{"@id":"https:\/\/vorulagerinn.is\/#website"},"primaryImageOfPage":{"@id":"https:\/\/vorulagerinn.is\/product\/fit-life-ft5-plus\/#primaryimage"},"image":{"@id":"https:\/\/vorulagerinn.is\/product\/fit-life-ft5-plus\/#primaryimage"},"thumbnailUrl":"https:\/\/vorulagerinn.is\/wp-content\/uploads\/2025\/09\/JR-FT5_Black-1.jpg","datePublished":"2025-07-19T10:01:59+00:00","dateModified":"2026-03-20T15:17:16+00:00","description":"Snjall- og heilsu\u00far fr\u00e1 Joyroom me\u00f0 yfir 100 \u00ed\u00fer\u00f3ttastillingum, bj\u00f6rtum 1,96\u2033 skj\u00e1, 320X385 skj\u00e1upplausn. Bluetooth 5,4. Silicone & segul\u00f3lar fylgja me\u00f0.","breadcrumb":{"@id":"https:\/\/vorulagerinn.is\/product\/fit-life-ft5-plus\/#breadcrumb"},"inLanguage":"en-US","potentialAction":[{"@type":"ReadAction","target":["https:\/\/vorulagerinn.is\/product\/fit-life-ft5-plus\/"]}]},{"@type":"ImageObject","inLanguage":"en-US","@id":"https:\/\/vorulagerinn.is\/product\/fit-life-ft5-plus\/#primaryimage","url":"https:\/\/vorulagerinn.is\/wp-content\/uploads\/2025\/09\/JR-FT5_Black-1.jpg","contentUrl":"https:\/\/vorulagerinn.is\/wp-content\/uploads\/2025\/09\/JR-FT5_Black-1.jpg","width":600,"height":600},{"@type":"BreadcrumbList","@id":"https:\/\/vorulagerinn.is\/product\/fit-life-ft5-plus\/#breadcrumb","itemListElement":[{"@type":"ListItem","position":1,"name":"Home","item":"https:\/\/vorulagerinn.is\/"},{"@type":"ListItem","position":2,"name":"Shop","item":"https:\/\/vorulagerinn.is\/en\/shop\/"},{"@type":"ListItem","position":3,"name":"Fit-life Series snjall- og heilsu\u00far me\u00f0 allt a\u00f0 12 daga rafhl\u00f6\u00f0u, vatnshelt, 100 heilsuforrit &amp; Bluetooth 5,4 (tveir litir \u00ed bo\u00f0i)"}]},{"@type":"WebSite","@id":"https:\/\/vorulagerinn.is\/#website","url":"https:\/\/vorulagerinn.is\/","name":"V\u00f6rulagerinn","description":"L\u00e1ttu \u00fea\u00f0 eftir \u00fe\u00e9r","publisher":{"@id":"https:\/\/vorulagerinn.is\/#organization"},"potentialAction":[{"@type":"SearchAction","target":{"@type":"EntryPoint","urlTemplate":"https:\/\/vorulagerinn.is\/?s={search_term_string}"},"query-input":{"@type":"PropertyValueSpecification","valueRequired":true,"valueName":"search_term_string"}}],"inLanguage":"en-US"},{"@type":"Organization","@id":"https:\/\/vorulagerinn.is\/#organization","name":"V\u00f6rulagerinn","url":"https:\/\/vorulagerinn.is\/","logo":{"@type":"ImageObject","inLanguage":"en-US","@id":"https:\/\/vorulagerinn.is\/#\/schema\/logo\/image\/","url":"https:\/\/vorulagerinn.is\/wp-content\/uploads\/2022\/09\/Vorulagerinn-Logo-588x160-1.png","contentUrl":"https:\/\/vorulagerinn.is\/wp-content\/uploads\/2022\/09\/Vorulagerinn-Logo-588x160-1.png","width":588,"height":160,"caption":"V\u00f6rulagerinn"},"image":{"@id":"https:\/\/vorulagerinn.is\/#\/schema\/logo\/image\/"},"sameAs":["https:\/\/www.facebook.com\/vorulagerinn","https:\/\/www.instagram.com\/vorulagerinn\/"]}]},"og_availability":"instock","product_availability":"instock","product_retailer_item_id":"JR-FT5 Plus","product_condition":"new"},"_links":{"self":[{"href":"https:\/\/vorulagerinn.is\/en\/wp-json\/wp\/v2\/product\/29029","targetHints":{"allow":["GET"]}}],"collection":[{"href":"https:\/\/vorulagerinn.is\/en\/wp-json\/wp\/v2\/product"}],"about":[{"href":"https:\/\/vorulagerinn.is\/en\/wp-json\/wp\/v2\/types\/product"}],"wp:featuredmedia":[{"embeddable":true,"href":"https:\/\/vorulagerinn.is\/en\/wp-json\/wp\/v2\/media\/29015"}],"wp:attachment":[{"href":"https:\/\/vorulagerinn.is\/en\/wp-json\/wp\/v2\/media?parent=29029"}],"wp:term":[{"taxonomy":"product_brand","embeddable":true,"href":"https:\/\/vorulagerinn.is\/en\/wp-json\/wp\/v2\/product_brand?post=29029"},{"taxonomy":"product_cat","embeddable":true,"href":"https:\/\/vorulagerinn.is\/en\/wp-json\/wp\/v2\/product_cat?post=29029"},{"taxonomy":"product_tag","embeddable":true,"href":"https:\/\/vorulagerinn.is\/en\/wp-json\/wp\/v2\/product_tag?post=29029"}],"curies":[{"name":"wp","href":"https:\/\/api.w.org\/{rel}","templated":true}]}}