{"id":29070,"date":"2025-07-26T08:47:43","date_gmt":"2025-07-26T08:47:43","guid":{"rendered":"https:\/\/vorulagerinn.is\/product\/s-1t3015a5\/"},"modified":"2025-09-21T11:41:34","modified_gmt":"2025-09-21T11:41:34","slug":"s-1t3015a5","status":"publish","type":"product","link":"https:\/\/vorulagerinn.is\/en\/product\/s-1t3015a5\/","title":{"rendered":"3.5A gagna- og hle\u00f0slusn\u00faa (3 in 1) &#8211; USB-A \u00ed USB-C + Lightning + Micro tengi"},"content":{"rendered":"","protected":false},"excerpt":{"rendered":"<p>3.5A h\u00e1hra\u00f0a og gagna- og hle\u00f0slusn\u00fara me\u00f0 USB-A sem tengist \u00ed USB-C + micro + Lightning tengi. \u00dea\u00f0 er h\u00e6gt a\u00f0 hla\u00f0a \u00ferj\u00fa t\u00e6ki \u00ed einu og gagnahra\u00f0i er allt a\u00f0 480 Mbps. Sn\u00faran er hr\u00f6\u00f0 3.5A og er samh\u00e6f\u00f0 flestum t\u00e6kjum \u00ed dag sem eru me\u00f0 eitt af ofangreindum USB st\u00f6\u00f0lum. Sn\u00faran er n\u00e6lonvafin sem h\u00e1markar endingu og veitir v\u00f6rn gegn sliti og \u00f6\u00f0ru hnjaski.<\/p>\n<p>&#8211; Litur: Svartur<br \/>\n&#8211; Lengd: 1,2 metrar<br \/>\n&#8211; Efni: \u00c1l og vafi\u00f0 n\u00e6lon<br \/>\n&#8211; USB-A \u00ed USB-C + Lightning + Micro<br \/>\n&#8211; Gagnahra\u00f0i: 480 Mbps<br \/>\n&#8211; Efni: PVC + braided nylon<br \/>\n&#8211; Vottun: Ce, ROHS, FCC og UKCA<\/p>\n","protected":false},"featured_media":29068,"template":"","meta":[],"product_brand":[420],"product_cat":[440,441,442],"product_tag":[],"class_list":{"0":"post-29070","1":"product","2":"type-product","3":"status-publish","4":"has-post-thumbnail","6":"product_brand-joyroom","7":"product_cat-micro-usb","8":"product_cat-usb-a-i-lightning","9":"product_cat-usb-a-i-usb-c","11":"first","12":"instock","13":"taxable","14":"shipping-taxable","15":"purchasable","16":"product-type-simple"},"supplier_id":null,"supplier_sku":"","barcode":null,"atum_controlled":true,"out_stock_date":null,"out_stock_threshold":null,"inheritable":false,"inbound_stock":0,"stock_on_hold":0,"sold_today":0,"sales_last_days":0,"reserved_stock":0,"customer_returns":0,"warehouse_damage":0,"lost_in_post":0,"other_logs":0,"out_stock_days":0,"lost_sales":0,"has_location":false,"update_date":"2026-04-19T00:22:35","atum_locations":[],"atum_stock_status":"instock","restock_status":false,"low_stock_amount":"","sales_update_date":"2026-04-19T00:22:35","calc_backorders":null,"yoast_head":"<!-- This site is optimized with the Yoast SEO Premium plugin v26.6 (Yoast SEO v27.3) - https:\/\/yoast.com\/product\/yoast-seo-premium-wordpress\/ -->\n<title>3.5A hle\u00f0slusn\u00faa (3 in 1) | USB-A \u00ed USB-C + Lightning + Micro<\/title>\n<meta name=\"description\" content=\"3.5A ganga- og hle\u00f0slusn\u00fara. H\u00e6gt a\u00f0 hla\u00f0a \u00ferj\u00fa t\u00e6ki \u00ed einu og gagnahra\u00f0i er allt a\u00f0 480 Mbps. Sn\u00faran er samh\u00e6f\u00f0 flestum t\u00e6kjum \u00ed dag.\" \/>\n<meta name=\"robots\" content=\"index, follow, max-snippet:-1, max-image-preview:large, max-video-preview:-1\" \/>\n<link rel=\"canonical\" href=\"https:\/\/vorulagerinn.is\/product\/s-1t3015a5\/\" \/>\n<meta property=\"og:locale\" content=\"en_US\" \/>\n<meta property=\"og:type\" content=\"article\" \/>\n<meta property=\"og:title\" content=\"3.5A gagna- og hle\u00f0slusn\u00faa (3 in 1) - USB-A \u00ed USB-C + Lightning + Micro tengi\" \/>\n<meta property=\"og:description\" content=\"3.5A ganga- og hle\u00f0slusn\u00fara. H\u00e6gt a\u00f0 hla\u00f0a \u00ferj\u00fa t\u00e6ki \u00ed einu og gagnahra\u00f0i er allt a\u00f0 480 Mbps. Sn\u00faran er samh\u00e6f\u00f0 flestum t\u00e6kjum \u00ed dag.\" \/>\n<meta property=\"og:url\" content=\"https:\/\/vorulagerinn.is\/product\/s-1t3015a5\/\" \/>\n<meta property=\"og:site_name\" content=\"V&ouml;rulagerinn\" \/>\n<meta property=\"article:publisher\" content=\"https:\/\/www.facebook.com\/vorulagerinn\" \/>\n<meta property=\"article:modified_time\" content=\"2025-09-21T11:41:34+00:00\" \/>\n<meta property=\"og:image\" content=\"https:\/\/vorulagerinn.is\/wp-content\/uploads\/2025\/09\/S-1T3015A5.jpg\" \/>\n\t<meta property=\"og:image:width\" content=\"600\" \/>\n\t<meta property=\"og:image:height\" content=\"600\" \/>\n\t<meta property=\"og:image:type\" content=\"image\/jpeg\" \/>\n<meta name=\"twitter:card\" content=\"summary_large_image\" \/>\n<meta name=\"twitter:label1\" content=\"Price\" \/>\n\t<meta name=\"twitter:data1\" content=\"3.900&nbsp;kr.\" \/>\n\t<meta name=\"twitter:label2\" content=\"Availability\" \/>\n\t<meta name=\"twitter:data2\" content=\"In stock\" \/>\n<script type=\"application\/ld+json\" class=\"yoast-schema-graph\">{\"@context\":\"https:\\\/\\\/schema.org\",\"@graph\":[{\"@type\":\"WebPage\",\"@id\":\"https:\\\/\\\/vorulagerinn.is\\\/product\\\/s-1t3015a5\\\/\",\"url\":\"https:\\\/\\\/vorulagerinn.is\\\/product\\\/s-1t3015a5\\\/\",\"name\":\"3.5A hle\u00f0slusn\u00faa (3 in 1) | USB-A \u00ed USB-C + Lightning + Micro\",\"isPartOf\":{\"@id\":\"https:\\\/\\\/vorulagerinn.is\\\/#website\"},\"primaryImageOfPage\":{\"@id\":\"https:\\\/\\\/vorulagerinn.is\\\/product\\\/s-1t3015a5\\\/#primaryimage\"},\"image\":{\"@id\":\"https:\\\/\\\/vorulagerinn.is\\\/product\\\/s-1t3015a5\\\/#primaryimage\"},\"thumbnailUrl\":\"https:\\\/\\\/vorulagerinn.is\\\/wp-content\\\/uploads\\\/2025\\\/09\\\/S-1T3015A5.jpg\",\"datePublished\":\"2025-07-26T08:47:43+00:00\",\"dateModified\":\"2025-09-21T11:41:34+00:00\",\"description\":\"3.5A ganga- og hle\u00f0slusn\u00fara. H\u00e6gt a\u00f0 hla\u00f0a \u00ferj\u00fa t\u00e6ki \u00ed einu og gagnahra\u00f0i er allt a\u00f0 480 Mbps. Sn\u00faran er samh\u00e6f\u00f0 flestum t\u00e6kjum \u00ed dag.\",\"breadcrumb\":{\"@id\":\"https:\\\/\\\/vorulagerinn.is\\\/product\\\/s-1t3015a5\\\/#breadcrumb\"},\"inLanguage\":\"en-US\",\"potentialAction\":[{\"@type\":\"ReadAction\",\"target\":[\"https:\\\/\\\/vorulagerinn.is\\\/product\\\/s-1t3015a5\\\/\"]}]},{\"@type\":\"ImageObject\",\"inLanguage\":\"en-US\",\"@id\":\"https:\\\/\\\/vorulagerinn.is\\\/product\\\/s-1t3015a5\\\/#primaryimage\",\"url\":\"https:\\\/\\\/vorulagerinn.is\\\/wp-content\\\/uploads\\\/2025\\\/09\\\/S-1T3015A5.jpg\",\"contentUrl\":\"https:\\\/\\\/vorulagerinn.is\\\/wp-content\\\/uploads\\\/2025\\\/09\\\/S-1T3015A5.jpg\",\"width\":600,\"height\":600},{\"@type\":\"BreadcrumbList\",\"@id\":\"https:\\\/\\\/vorulagerinn.is\\\/product\\\/s-1t3015a5\\\/#breadcrumb\",\"itemListElement\":[{\"@type\":\"ListItem\",\"position\":1,\"name\":\"Home\",\"item\":\"https:\\\/\\\/vorulagerinn.is\\\/\"},{\"@type\":\"ListItem\",\"position\":2,\"name\":\"Shop\",\"item\":\"https:\\\/\\\/vorulagerinn.is\\\/en\\\/shop\\\/\"},{\"@type\":\"ListItem\",\"position\":3,\"name\":\"3.5A gagna- og hle\u00f0slusn\u00faa (3 in 1) &#8211; USB-A \u00ed USB-C + Lightning + Micro tengi\"}]},{\"@type\":\"WebSite\",\"@id\":\"https:\\\/\\\/vorulagerinn.is\\\/#website\",\"url\":\"https:\\\/\\\/vorulagerinn.is\\\/\",\"name\":\"V\u00f6rulagerinn\",\"description\":\"L\u00e1ttu \u00fea\u00f0 eftir \u00fe\u00e9r\",\"publisher\":{\"@id\":\"https:\\\/\\\/vorulagerinn.is\\\/#organization\"},\"potentialAction\":[{\"@type\":\"SearchAction\",\"target\":{\"@type\":\"EntryPoint\",\"urlTemplate\":\"https:\\\/\\\/vorulagerinn.is\\\/?s={search_term_string}\"},\"query-input\":{\"@type\":\"PropertyValueSpecification\",\"valueRequired\":true,\"valueName\":\"search_term_string\"}}],\"inLanguage\":\"en-US\"},{\"@type\":\"Organization\",\"@id\":\"https:\\\/\\\/vorulagerinn.is\\\/#organization\",\"name\":\"V\u00f6rulagerinn\",\"url\":\"https:\\\/\\\/vorulagerinn.is\\\/\",\"logo\":{\"@type\":\"ImageObject\",\"inLanguage\":\"en-US\",\"@id\":\"https:\\\/\\\/vorulagerinn.is\\\/#\\\/schema\\\/logo\\\/image\\\/\",\"url\":\"https:\\\/\\\/vorulagerinn.is\\\/wp-content\\\/uploads\\\/2022\\\/09\\\/Vorulagerinn-Logo-588x160-1.png\",\"contentUrl\":\"https:\\\/\\\/vorulagerinn.is\\\/wp-content\\\/uploads\\\/2022\\\/09\\\/Vorulagerinn-Logo-588x160-1.png\",\"width\":588,\"height\":160,\"caption\":\"V\u00f6rulagerinn\"},\"image\":{\"@id\":\"https:\\\/\\\/vorulagerinn.is\\\/#\\\/schema\\\/logo\\\/image\\\/\"},\"sameAs\":[\"https:\\\/\\\/www.facebook.com\\\/vorulagerinn\",\"https:\\\/\\\/www.instagram.com\\\/vorulagerinn\\\/\"]}]}<\/script>\n<meta property=\"product:price:amount\" content=\"3900\" \/>\n<meta property=\"product:price:currency\" content=\"ISK\" \/>\n<meta property=\"og:availability\" content=\"instock\" \/>\n<meta property=\"product:availability\" content=\"instock\" \/>\n<meta property=\"product:retailer_item_id\" content=\"S-1T3015A5\" \/>\n<meta property=\"product:condition\" content=\"new\" \/>\n<!-- \/ Yoast SEO Premium plugin. -->","yoast_head_json":{"title":"3.5A hle\u00f0slusn\u00faa (3 in 1) | USB-A \u00ed USB-C + Lightning + Micro","description":"3.5A ganga- og hle\u00f0slusn\u00fara. H\u00e6gt a\u00f0 hla\u00f0a \u00ferj\u00fa t\u00e6ki \u00ed einu og gagnahra\u00f0i er allt a\u00f0 480 Mbps. Sn\u00faran er samh\u00e6f\u00f0 flestum t\u00e6kjum \u00ed dag.","robots":{"index":"index","follow":"follow","max-snippet":"max-snippet:-1","max-image-preview":"max-image-preview:large","max-video-preview":"max-video-preview:-1"},"canonical":"https:\/\/vorulagerinn.is\/product\/s-1t3015a5\/","og_locale":"en_US","og_type":"article","og_title":"3.5A gagna- og hle\u00f0slusn\u00faa (3 in 1) - USB-A \u00ed USB-C + Lightning + Micro tengi","og_description":"3.5A ganga- og hle\u00f0slusn\u00fara. H\u00e6gt a\u00f0 hla\u00f0a \u00ferj\u00fa t\u00e6ki \u00ed einu og gagnahra\u00f0i er allt a\u00f0 480 Mbps. Sn\u00faran er samh\u00e6f\u00f0 flestum t\u00e6kjum \u00ed dag.","og_url":"https:\/\/vorulagerinn.is\/product\/s-1t3015a5\/","og_site_name":"V&ouml;rulagerinn","article_publisher":"https:\/\/www.facebook.com\/vorulagerinn","article_modified_time":"2025-09-21T11:41:34+00:00","og_image":[{"width":600,"height":600,"url":"https:\/\/vorulagerinn.is\/wp-content\/uploads\/2025\/09\/S-1T3015A5.jpg","type":"image\/jpeg"}],"twitter_card":"summary_large_image","twitter_misc":{"Price":"3.900&nbsp;kr.","Availability":"In stock"},"schema":{"@context":"https:\/\/schema.org","@graph":[{"@type":"WebPage","@id":"https:\/\/vorulagerinn.is\/product\/s-1t3015a5\/","url":"https:\/\/vorulagerinn.is\/product\/s-1t3015a5\/","name":"3.5A hle\u00f0slusn\u00faa (3 in 1) | USB-A \u00ed USB-C + Lightning + Micro","isPartOf":{"@id":"https:\/\/vorulagerinn.is\/#website"},"primaryImageOfPage":{"@id":"https:\/\/vorulagerinn.is\/product\/s-1t3015a5\/#primaryimage"},"image":{"@id":"https:\/\/vorulagerinn.is\/product\/s-1t3015a5\/#primaryimage"},"thumbnailUrl":"https:\/\/vorulagerinn.is\/wp-content\/uploads\/2025\/09\/S-1T3015A5.jpg","datePublished":"2025-07-26T08:47:43+00:00","dateModified":"2025-09-21T11:41:34+00:00","description":"3.5A ganga- og hle\u00f0slusn\u00fara. H\u00e6gt a\u00f0 hla\u00f0a \u00ferj\u00fa t\u00e6ki \u00ed einu og gagnahra\u00f0i er allt a\u00f0 480 Mbps. Sn\u00faran er samh\u00e6f\u00f0 flestum t\u00e6kjum \u00ed dag.","breadcrumb":{"@id":"https:\/\/vorulagerinn.is\/product\/s-1t3015a5\/#breadcrumb"},"inLanguage":"en-US","potentialAction":[{"@type":"ReadAction","target":["https:\/\/vorulagerinn.is\/product\/s-1t3015a5\/"]}]},{"@type":"ImageObject","inLanguage":"en-US","@id":"https:\/\/vorulagerinn.is\/product\/s-1t3015a5\/#primaryimage","url":"https:\/\/vorulagerinn.is\/wp-content\/uploads\/2025\/09\/S-1T3015A5.jpg","contentUrl":"https:\/\/vorulagerinn.is\/wp-content\/uploads\/2025\/09\/S-1T3015A5.jpg","width":600,"height":600},{"@type":"BreadcrumbList","@id":"https:\/\/vorulagerinn.is\/product\/s-1t3015a5\/#breadcrumb","itemListElement":[{"@type":"ListItem","position":1,"name":"Home","item":"https:\/\/vorulagerinn.is\/"},{"@type":"ListItem","position":2,"name":"Shop","item":"https:\/\/vorulagerinn.is\/en\/shop\/"},{"@type":"ListItem","position":3,"name":"3.5A gagna- og hle\u00f0slusn\u00faa (3 in 1) &#8211; USB-A \u00ed USB-C + Lightning + Micro tengi"}]},{"@type":"WebSite","@id":"https:\/\/vorulagerinn.is\/#website","url":"https:\/\/vorulagerinn.is\/","name":"V\u00f6rulagerinn","description":"L\u00e1ttu \u00fea\u00f0 eftir \u00fe\u00e9r","publisher":{"@id":"https:\/\/vorulagerinn.is\/#organization"},"potentialAction":[{"@type":"SearchAction","target":{"@type":"EntryPoint","urlTemplate":"https:\/\/vorulagerinn.is\/?s={search_term_string}"},"query-input":{"@type":"PropertyValueSpecification","valueRequired":true,"valueName":"search_term_string"}}],"inLanguage":"en-US"},{"@type":"Organization","@id":"https:\/\/vorulagerinn.is\/#organization","name":"V\u00f6rulagerinn","url":"https:\/\/vorulagerinn.is\/","logo":{"@type":"ImageObject","inLanguage":"en-US","@id":"https:\/\/vorulagerinn.is\/#\/schema\/logo\/image\/","url":"https:\/\/vorulagerinn.is\/wp-content\/uploads\/2022\/09\/Vorulagerinn-Logo-588x160-1.png","contentUrl":"https:\/\/vorulagerinn.is\/wp-content\/uploads\/2022\/09\/Vorulagerinn-Logo-588x160-1.png","width":588,"height":160,"caption":"V\u00f6rulagerinn"},"image":{"@id":"https:\/\/vorulagerinn.is\/#\/schema\/logo\/image\/"},"sameAs":["https:\/\/www.facebook.com\/vorulagerinn","https:\/\/www.instagram.com\/vorulagerinn\/"]}]},"product_price_amount":"3900","product_price_currency":"ISK","og_availability":"instock","product_availability":"instock","product_retailer_item_id":"S-1T3015A5","product_condition":"new"},"_links":{"self":[{"href":"https:\/\/vorulagerinn.is\/en\/wp-json\/wp\/v2\/product\/29070","targetHints":{"allow":["GET"]}}],"collection":[{"href":"https:\/\/vorulagerinn.is\/en\/wp-json\/wp\/v2\/product"}],"about":[{"href":"https:\/\/vorulagerinn.is\/en\/wp-json\/wp\/v2\/types\/product"}],"wp:featuredmedia":[{"embeddable":true,"href":"https:\/\/vorulagerinn.is\/en\/wp-json\/wp\/v2\/media\/29068"}],"wp:attachment":[{"href":"https:\/\/vorulagerinn.is\/en\/wp-json\/wp\/v2\/media?parent=29070"}],"wp:term":[{"taxonomy":"product_brand","embeddable":true,"href":"https:\/\/vorulagerinn.is\/en\/wp-json\/wp\/v2\/product_brand?post=29070"},{"taxonomy":"product_cat","embeddable":true,"href":"https:\/\/vorulagerinn.is\/en\/wp-json\/wp\/v2\/product_cat?post=29070"},{"taxonomy":"product_tag","embeddable":true,"href":"https:\/\/vorulagerinn.is\/en\/wp-json\/wp\/v2\/product_tag?post=29070"}],"curies":[{"name":"wp","href":"https:\/\/api.w.org\/{rel}","templated":true}]}}