{"id":29073,"date":"2025-07-26T09:32:06","date_gmt":"2025-07-26T09:32:06","guid":{"rendered":"https:\/\/vorulagerinn.is\/product\/s-iw008-w\/"},"modified":"2026-02-15T17:42:57","modified_gmt":"2026-02-15T17:42:57","slug":"s-iw008-w","status":"publish","type":"product","link":"https:\/\/vorulagerinn.is\/en\/product\/s-iw008-w\/","title":{"rendered":"3 in 1 iPhone hle\u00f0slusn\u00fara (3,5A) fyrir Apple Watch + USB-A \u00ed Lightning + USB-C"},"content":{"rendered":"","protected":false},"excerpt":{"rendered":"<p>3,5A fj\u00f6lnota 3 in 1 Apple hle\u00f0slusn\u00fara fyrir \u00f6ll Apple t\u00e6ki. Sn\u00faran er me\u00f0 segul til a\u00f0 hla\u00f0a Apple Watch \u00fer\u00e1\u00f0laust og USB-C og Lightning sn\u00farur til a\u00f0 hla\u00f0a allar \u00fatg\u00e1fur af AirPods, iPads og iPhone s\u00edma. Sn\u00faran er 1,2 metrar \u00e1 lengd, sterkbygg\u00f0 me\u00f0 \u00feykkum koparkjarna fyrir hra\u00f0ari og st\u00f6\u00f0ugri hle\u00f0slu. Sn\u00faran flytur allt a\u00f0 480 mb\/sek \u00e1 milli t\u00e6kja, er slit\u00feolin og endist \u00fev\u00ed lengur.<\/p>\n<p>Fr\u00e1b\u00e6r lausn fyrir Apple notendur.<\/p>\n<p>\u2013 Litur: Hv\u00edtur<br \/>\n\u2013 St\u00e6r\u00f0: 1,2 metrar<br \/>\n\u2013 Hra\u00f0hle\u00f0slusn\u00fara: 3,5A<br \/>\n\u2013 Tengi: USB-A \u00ed Lightning, USB-C og Apple Watch (segulfesting)<br \/>\n\u2013 Gangaflutningur: Allt a\u00f0 480 mb \u00e1 sek<br \/>\n\u2013 Vottun: CE, ROHS, FC og UKCA<\/p>\n","protected":false},"featured_media":29071,"template":"","meta":[],"product_brand":[420],"product_cat":[443,441,442],"product_tag":[],"class_list":{"0":"post-29073","1":"product","2":"type-product","3":"status-publish","4":"has-post-thumbnail","6":"product_brand-joyroom","7":"product_cat-usb-a-i-apple-watch","8":"product_cat-usb-a-i-lightning","9":"product_cat-usb-a-i-usb-c","11":"first","12":"instock","13":"taxable","14":"shipping-taxable","15":"purchasable","16":"product-type-simple"},"supplier_id":null,"supplier_sku":"","barcode":null,"atum_controlled":true,"out_stock_date":null,"out_stock_threshold":null,"inheritable":false,"inbound_stock":0,"stock_on_hold":0,"sold_today":0,"sales_last_days":0,"reserved_stock":0,"customer_returns":0,"warehouse_damage":0,"lost_in_post":0,"other_logs":0,"out_stock_days":0,"lost_sales":0,"has_location":false,"update_date":"2026-04-19T00:23:36","atum_locations":[],"atum_stock_status":"instock","restock_status":false,"low_stock_amount":"","sales_update_date":"2026-04-19T00:23:36","calc_backorders":null,"yoast_head":"<!-- This site is optimized with the Yoast SEO Premium plugin v26.6 (Yoast SEO v27.3) - https:\/\/yoast.com\/product\/yoast-seo-premium-wordpress\/ -->\n<title>iPhone hle\u00f0slusn\u00fara (3,5A) f. Apple Watch + USB-A \u00ed Lightning + C<\/title>\n<meta name=\"description\" content=\"3 in 1 hle\u00f0slusn\u00fara fyrir Apple t\u00e6ki. Sn\u00faran er me\u00f0 segul til a\u00f0 hla\u00f0a Apple Watch \u00fer\u00e1\u00f0laust og sn\u00farur til a\u00f0 hla\u00f0a allar \u00fatg\u00e1fur af Apple v\u00f6rum.\" \/>\n<meta name=\"robots\" content=\"index, follow, max-snippet:-1, max-image-preview:large, max-video-preview:-1\" \/>\n<link rel=\"canonical\" href=\"https:\/\/vorulagerinn.is\/product\/s-iw008-w\/\" \/>\n<meta property=\"og:locale\" content=\"en_US\" \/>\n<meta property=\"og:type\" content=\"article\" \/>\n<meta property=\"og:title\" content=\"3 in 1 iPhone hle\u00f0slusn\u00fara (3,5A) fyrir Apple Watch + USB-A \u00ed Lightning + USB-C\" \/>\n<meta property=\"og:description\" content=\"3 in 1 hle\u00f0slusn\u00fara fyrir Apple t\u00e6ki. Sn\u00faran er me\u00f0 segul til a\u00f0 hla\u00f0a Apple Watch \u00fer\u00e1\u00f0laust og sn\u00farur til a\u00f0 hla\u00f0a allar \u00fatg\u00e1fur af Apple v\u00f6rum.\" \/>\n<meta property=\"og:url\" content=\"https:\/\/vorulagerinn.is\/product\/s-iw008-w\/\" \/>\n<meta property=\"og:site_name\" content=\"V&ouml;rulagerinn\" \/>\n<meta property=\"article:publisher\" content=\"https:\/\/www.facebook.com\/vorulagerinn\" \/>\n<meta property=\"article:modified_time\" content=\"2026-02-15T17:42:57+00:00\" \/>\n<meta property=\"og:image\" content=\"https:\/\/vorulagerinn.is\/wp-content\/uploads\/2025\/09\/S-IW008-W.jpg\" \/>\n\t<meta property=\"og:image:width\" content=\"600\" \/>\n\t<meta property=\"og:image:height\" content=\"600\" \/>\n\t<meta property=\"og:image:type\" content=\"image\/jpeg\" \/>\n<meta name=\"twitter:card\" content=\"summary_large_image\" \/>\n<meta name=\"twitter:label1\" content=\"Price\" \/>\n\t<meta name=\"twitter:data1\" content=\"5.490&nbsp;kr.\" \/>\n\t<meta name=\"twitter:label2\" content=\"Availability\" \/>\n\t<meta name=\"twitter:data2\" content=\"In stock\" \/>\n<script type=\"application\/ld+json\" class=\"yoast-schema-graph\">{\"@context\":\"https:\\\/\\\/schema.org\",\"@graph\":[{\"@type\":\"WebPage\",\"@id\":\"https:\\\/\\\/vorulagerinn.is\\\/product\\\/s-iw008-w\\\/\",\"url\":\"https:\\\/\\\/vorulagerinn.is\\\/product\\\/s-iw008-w\\\/\",\"name\":\"iPhone hle\u00f0slusn\u00fara (3,5A) f. Apple Watch + USB-A \u00ed Lightning + C\",\"isPartOf\":{\"@id\":\"https:\\\/\\\/vorulagerinn.is\\\/#website\"},\"primaryImageOfPage\":{\"@id\":\"https:\\\/\\\/vorulagerinn.is\\\/product\\\/s-iw008-w\\\/#primaryimage\"},\"image\":{\"@id\":\"https:\\\/\\\/vorulagerinn.is\\\/product\\\/s-iw008-w\\\/#primaryimage\"},\"thumbnailUrl\":\"https:\\\/\\\/vorulagerinn.is\\\/wp-content\\\/uploads\\\/2025\\\/09\\\/S-IW008-W.jpg\",\"datePublished\":\"2025-07-26T09:32:06+00:00\",\"dateModified\":\"2026-02-15T17:42:57+00:00\",\"description\":\"3 in 1 hle\u00f0slusn\u00fara fyrir Apple t\u00e6ki. Sn\u00faran er me\u00f0 segul til a\u00f0 hla\u00f0a Apple Watch \u00fer\u00e1\u00f0laust og sn\u00farur til a\u00f0 hla\u00f0a allar \u00fatg\u00e1fur af Apple v\u00f6rum.\",\"breadcrumb\":{\"@id\":\"https:\\\/\\\/vorulagerinn.is\\\/product\\\/s-iw008-w\\\/#breadcrumb\"},\"inLanguage\":\"en-US\",\"potentialAction\":[{\"@type\":\"ReadAction\",\"target\":[\"https:\\\/\\\/vorulagerinn.is\\\/product\\\/s-iw008-w\\\/\"]}]},{\"@type\":\"ImageObject\",\"inLanguage\":\"en-US\",\"@id\":\"https:\\\/\\\/vorulagerinn.is\\\/product\\\/s-iw008-w\\\/#primaryimage\",\"url\":\"https:\\\/\\\/vorulagerinn.is\\\/wp-content\\\/uploads\\\/2025\\\/09\\\/S-IW008-W.jpg\",\"contentUrl\":\"https:\\\/\\\/vorulagerinn.is\\\/wp-content\\\/uploads\\\/2025\\\/09\\\/S-IW008-W.jpg\",\"width\":600,\"height\":600},{\"@type\":\"BreadcrumbList\",\"@id\":\"https:\\\/\\\/vorulagerinn.is\\\/product\\\/s-iw008-w\\\/#breadcrumb\",\"itemListElement\":[{\"@type\":\"ListItem\",\"position\":1,\"name\":\"Home\",\"item\":\"https:\\\/\\\/vorulagerinn.is\\\/\"},{\"@type\":\"ListItem\",\"position\":2,\"name\":\"Shop\",\"item\":\"https:\\\/\\\/vorulagerinn.is\\\/en\\\/shop\\\/\"},{\"@type\":\"ListItem\",\"position\":3,\"name\":\"3 in 1 iPhone hle\u00f0slusn\u00fara (3,5A) fyrir Apple Watch + USB-A \u00ed Lightning + USB-C\"}]},{\"@type\":\"WebSite\",\"@id\":\"https:\\\/\\\/vorulagerinn.is\\\/#website\",\"url\":\"https:\\\/\\\/vorulagerinn.is\\\/\",\"name\":\"V\u00f6rulagerinn\",\"description\":\"L\u00e1ttu \u00fea\u00f0 eftir \u00fe\u00e9r\",\"publisher\":{\"@id\":\"https:\\\/\\\/vorulagerinn.is\\\/#organization\"},\"potentialAction\":[{\"@type\":\"SearchAction\",\"target\":{\"@type\":\"EntryPoint\",\"urlTemplate\":\"https:\\\/\\\/vorulagerinn.is\\\/?s={search_term_string}\"},\"query-input\":{\"@type\":\"PropertyValueSpecification\",\"valueRequired\":true,\"valueName\":\"search_term_string\"}}],\"inLanguage\":\"en-US\"},{\"@type\":\"Organization\",\"@id\":\"https:\\\/\\\/vorulagerinn.is\\\/#organization\",\"name\":\"V\u00f6rulagerinn\",\"url\":\"https:\\\/\\\/vorulagerinn.is\\\/\",\"logo\":{\"@type\":\"ImageObject\",\"inLanguage\":\"en-US\",\"@id\":\"https:\\\/\\\/vorulagerinn.is\\\/#\\\/schema\\\/logo\\\/image\\\/\",\"url\":\"https:\\\/\\\/vorulagerinn.is\\\/wp-content\\\/uploads\\\/2022\\\/09\\\/Vorulagerinn-Logo-588x160-1.png\",\"contentUrl\":\"https:\\\/\\\/vorulagerinn.is\\\/wp-content\\\/uploads\\\/2022\\\/09\\\/Vorulagerinn-Logo-588x160-1.png\",\"width\":588,\"height\":160,\"caption\":\"V\u00f6rulagerinn\"},\"image\":{\"@id\":\"https:\\\/\\\/vorulagerinn.is\\\/#\\\/schema\\\/logo\\\/image\\\/\"},\"sameAs\":[\"https:\\\/\\\/www.facebook.com\\\/vorulagerinn\",\"https:\\\/\\\/www.instagram.com\\\/vorulagerinn\\\/\"]}]}<\/script>\n<meta property=\"product:price:amount\" content=\"5490\" \/>\n<meta property=\"product:price:currency\" content=\"ISK\" \/>\n<meta property=\"og:availability\" content=\"instock\" \/>\n<meta property=\"product:availability\" content=\"instock\" \/>\n<meta property=\"product:retailer_item_id\" content=\"S-IW008-W\" \/>\n<meta property=\"product:condition\" content=\"new\" \/>\n<!-- \/ Yoast SEO Premium plugin. -->","yoast_head_json":{"title":"iPhone hle\u00f0slusn\u00fara (3,5A) f. Apple Watch + USB-A \u00ed Lightning + C","description":"3 in 1 hle\u00f0slusn\u00fara fyrir Apple t\u00e6ki. Sn\u00faran er me\u00f0 segul til a\u00f0 hla\u00f0a Apple Watch \u00fer\u00e1\u00f0laust og sn\u00farur til a\u00f0 hla\u00f0a allar \u00fatg\u00e1fur af Apple v\u00f6rum.","robots":{"index":"index","follow":"follow","max-snippet":"max-snippet:-1","max-image-preview":"max-image-preview:large","max-video-preview":"max-video-preview:-1"},"canonical":"https:\/\/vorulagerinn.is\/product\/s-iw008-w\/","og_locale":"en_US","og_type":"article","og_title":"3 in 1 iPhone hle\u00f0slusn\u00fara (3,5A) fyrir Apple Watch + USB-A \u00ed Lightning + USB-C","og_description":"3 in 1 hle\u00f0slusn\u00fara fyrir Apple t\u00e6ki. Sn\u00faran er me\u00f0 segul til a\u00f0 hla\u00f0a Apple Watch \u00fer\u00e1\u00f0laust og sn\u00farur til a\u00f0 hla\u00f0a allar \u00fatg\u00e1fur af Apple v\u00f6rum.","og_url":"https:\/\/vorulagerinn.is\/product\/s-iw008-w\/","og_site_name":"V&ouml;rulagerinn","article_publisher":"https:\/\/www.facebook.com\/vorulagerinn","article_modified_time":"2026-02-15T17:42:57+00:00","og_image":[{"width":600,"height":600,"url":"https:\/\/vorulagerinn.is\/wp-content\/uploads\/2025\/09\/S-IW008-W.jpg","type":"image\/jpeg"}],"twitter_card":"summary_large_image","twitter_misc":{"Price":"5.490&nbsp;kr.","Availability":"In stock"},"schema":{"@context":"https:\/\/schema.org","@graph":[{"@type":"WebPage","@id":"https:\/\/vorulagerinn.is\/product\/s-iw008-w\/","url":"https:\/\/vorulagerinn.is\/product\/s-iw008-w\/","name":"iPhone hle\u00f0slusn\u00fara (3,5A) f. Apple Watch + USB-A \u00ed Lightning + C","isPartOf":{"@id":"https:\/\/vorulagerinn.is\/#website"},"primaryImageOfPage":{"@id":"https:\/\/vorulagerinn.is\/product\/s-iw008-w\/#primaryimage"},"image":{"@id":"https:\/\/vorulagerinn.is\/product\/s-iw008-w\/#primaryimage"},"thumbnailUrl":"https:\/\/vorulagerinn.is\/wp-content\/uploads\/2025\/09\/S-IW008-W.jpg","datePublished":"2025-07-26T09:32:06+00:00","dateModified":"2026-02-15T17:42:57+00:00","description":"3 in 1 hle\u00f0slusn\u00fara fyrir Apple t\u00e6ki. Sn\u00faran er me\u00f0 segul til a\u00f0 hla\u00f0a Apple Watch \u00fer\u00e1\u00f0laust og sn\u00farur til a\u00f0 hla\u00f0a allar \u00fatg\u00e1fur af Apple v\u00f6rum.","breadcrumb":{"@id":"https:\/\/vorulagerinn.is\/product\/s-iw008-w\/#breadcrumb"},"inLanguage":"en-US","potentialAction":[{"@type":"ReadAction","target":["https:\/\/vorulagerinn.is\/product\/s-iw008-w\/"]}]},{"@type":"ImageObject","inLanguage":"en-US","@id":"https:\/\/vorulagerinn.is\/product\/s-iw008-w\/#primaryimage","url":"https:\/\/vorulagerinn.is\/wp-content\/uploads\/2025\/09\/S-IW008-W.jpg","contentUrl":"https:\/\/vorulagerinn.is\/wp-content\/uploads\/2025\/09\/S-IW008-W.jpg","width":600,"height":600},{"@type":"BreadcrumbList","@id":"https:\/\/vorulagerinn.is\/product\/s-iw008-w\/#breadcrumb","itemListElement":[{"@type":"ListItem","position":1,"name":"Home","item":"https:\/\/vorulagerinn.is\/"},{"@type":"ListItem","position":2,"name":"Shop","item":"https:\/\/vorulagerinn.is\/en\/shop\/"},{"@type":"ListItem","position":3,"name":"3 in 1 iPhone hle\u00f0slusn\u00fara (3,5A) fyrir Apple Watch + USB-A \u00ed Lightning + USB-C"}]},{"@type":"WebSite","@id":"https:\/\/vorulagerinn.is\/#website","url":"https:\/\/vorulagerinn.is\/","name":"V\u00f6rulagerinn","description":"L\u00e1ttu \u00fea\u00f0 eftir \u00fe\u00e9r","publisher":{"@id":"https:\/\/vorulagerinn.is\/#organization"},"potentialAction":[{"@type":"SearchAction","target":{"@type":"EntryPoint","urlTemplate":"https:\/\/vorulagerinn.is\/?s={search_term_string}"},"query-input":{"@type":"PropertyValueSpecification","valueRequired":true,"valueName":"search_term_string"}}],"inLanguage":"en-US"},{"@type":"Organization","@id":"https:\/\/vorulagerinn.is\/#organization","name":"V\u00f6rulagerinn","url":"https:\/\/vorulagerinn.is\/","logo":{"@type":"ImageObject","inLanguage":"en-US","@id":"https:\/\/vorulagerinn.is\/#\/schema\/logo\/image\/","url":"https:\/\/vorulagerinn.is\/wp-content\/uploads\/2022\/09\/Vorulagerinn-Logo-588x160-1.png","contentUrl":"https:\/\/vorulagerinn.is\/wp-content\/uploads\/2022\/09\/Vorulagerinn-Logo-588x160-1.png","width":588,"height":160,"caption":"V\u00f6rulagerinn"},"image":{"@id":"https:\/\/vorulagerinn.is\/#\/schema\/logo\/image\/"},"sameAs":["https:\/\/www.facebook.com\/vorulagerinn","https:\/\/www.instagram.com\/vorulagerinn\/"]}]},"product_price_amount":"5490","product_price_currency":"ISK","og_availability":"instock","product_availability":"instock","product_retailer_item_id":"S-IW008-W","product_condition":"new"},"_links":{"self":[{"href":"https:\/\/vorulagerinn.is\/en\/wp-json\/wp\/v2\/product\/29073","targetHints":{"allow":["GET"]}}],"collection":[{"href":"https:\/\/vorulagerinn.is\/en\/wp-json\/wp\/v2\/product"}],"about":[{"href":"https:\/\/vorulagerinn.is\/en\/wp-json\/wp\/v2\/types\/product"}],"wp:featuredmedia":[{"embeddable":true,"href":"https:\/\/vorulagerinn.is\/en\/wp-json\/wp\/v2\/media\/29071"}],"wp:attachment":[{"href":"https:\/\/vorulagerinn.is\/en\/wp-json\/wp\/v2\/media?parent=29073"}],"wp:term":[{"taxonomy":"product_brand","embeddable":true,"href":"https:\/\/vorulagerinn.is\/en\/wp-json\/wp\/v2\/product_brand?post=29073"},{"taxonomy":"product_cat","embeddable":true,"href":"https:\/\/vorulagerinn.is\/en\/wp-json\/wp\/v2\/product_cat?post=29073"},{"taxonomy":"product_tag","embeddable":true,"href":"https:\/\/vorulagerinn.is\/en\/wp-json\/wp\/v2\/product_tag?post=29073"}],"curies":[{"name":"wp","href":"https:\/\/api.w.org\/{rel}","templated":true}]}}