{"id":29087,"date":"2025-07-25T11:19:30","date_gmt":"2025-07-25T11:19:30","guid":{"rendered":"https:\/\/vorulagerinn.is\/product\/sa21\/"},"modified":"2025-09-21T11:57:54","modified_gmt":"2025-09-21T11:57:54","slug":"sa21","status":"publish","type":"product","link":"https:\/\/vorulagerinn.is\/en\/product\/sa21\/","title":{"rendered":"100W h\u00e1hra\u00f0a 6 in 1 gagna- og hle\u00f0slusn\u00fara (1,5m) &#8211; USB-A &amp; USB-C \u00ed Lightning, USB-C &amp; Micro-USB"},"content":{"rendered":"","protected":false},"excerpt":{"rendered":"<p>Fj\u00f6lnota 6 in 1 gagna- og hra\u00f0hle\u00f0slusn\u00fara fyrir Apple og Android sem b\u00fd\u00f0ur upp \u00e1 marga m\u00f6guleika. USB-A &amp; USB-C \u00ed Lightning, USB-C &amp; Micro-USB tengi. Gagnaflutningshra\u00f0inn er allt a\u00f0 480 Mbps \u00e1 sek og sn\u00faran er 1,5 metrar \u00e1 lengd. Sn\u00faran er n\u00e6lonvafin sem h\u00e1markar endingu og veitir v\u00f6rn gegn sliti og \u00f6\u00f0ru hnjaski.<\/p>\n<p>Litur: Svartur<br \/>\nLengd: 1,5 metrar<br \/>\nEfni: \u00c1l og vafi\u00f0 n\u00e6lon<br \/>\n100W 6 in 1 h\u00e1hra\u00f0a gagna- og hle\u00f0slusn\u00fara<br \/>\nUSB-C: 110W, Lightning: 30W, Micro USB: 18W, Lightning USB-C Micro USB: 3.5 A<br \/>\nGagnahra\u00f0i: 480 Mbps<br \/>\nVottun: CE, ROHS, CEE &amp; UKCA<\/p>\n","protected":false},"featured_media":29083,"template":"","meta":[],"product_brand":[420],"product_cat":[441,444,445],"product_tag":[],"class_list":{"0":"post-29087","1":"product","2":"type-product","3":"status-publish","4":"has-post-thumbnail","6":"product_brand-joyroom","7":"product_cat-usb-a-i-lightning","8":"product_cat-usb-c-i-lightning","9":"product_cat-usb-c-i-usb-c","11":"first","12":"instock","13":"taxable","14":"shipping-taxable","15":"purchasable","16":"product-type-simple"},"supplier_id":null,"supplier_sku":"","barcode":null,"atum_controlled":true,"out_stock_date":null,"out_stock_threshold":null,"inheritable":false,"inbound_stock":0,"stock_on_hold":0,"sold_today":0,"sales_last_days":0,"reserved_stock":0,"customer_returns":0,"warehouse_damage":0,"lost_in_post":0,"other_logs":0,"out_stock_days":0,"lost_sales":0,"has_location":false,"update_date":"2026-04-18T00:21:32","atum_locations":[],"atum_stock_status":"instock","restock_status":false,"low_stock_amount":"","sales_update_date":"2026-04-18T00:21:32","calc_backorders":null,"yoast_head":"<!-- This site is optimized with the Yoast SEO Premium plugin v26.6 (Yoast SEO v27.3) - https:\/\/yoast.com\/product\/yoast-seo-premium-wordpress\/ -->\n<title>100W h\u00e1hra\u00f0a 6 in 1 gagna- og hle\u00f0slusn\u00fara | 1,5 metrar<\/title>\n<meta name=\"description\" content=\"Fj\u00f6lnota 6 in 1 gagna- og hra\u00f0hle\u00f0slusn\u00fara fyrir Apple og Android sem b\u00fd\u00f0ur upp \u00e1 marga m\u00f6guleika. USB-A &amp; USB-C \u00ed Lightning, USB-C &amp; Micro-USB tengi.\" \/>\n<meta name=\"robots\" content=\"index, follow, max-snippet:-1, max-image-preview:large, max-video-preview:-1\" \/>\n<link rel=\"canonical\" href=\"https:\/\/vorulagerinn.is\/product\/sa21\/\" \/>\n<meta property=\"og:locale\" content=\"en_US\" \/>\n<meta property=\"og:type\" content=\"article\" \/>\n<meta property=\"og:title\" content=\"100W h\u00e1hra\u00f0a 6 in 1 gagna- og hle\u00f0slusn\u00fara (1,5m) - USB-A &amp; USB-C \u00ed Lightning, USB-C &amp; Micro-USB\" \/>\n<meta property=\"og:description\" content=\"Fj\u00f6lnota 6 in 1 gagna- og hra\u00f0hle\u00f0slusn\u00fara fyrir Apple og Android sem b\u00fd\u00f0ur upp \u00e1 marga m\u00f6guleika. USB-A &amp; USB-C \u00ed Lightning, USB-C &amp; Micro-USB tengi.\" \/>\n<meta property=\"og:url\" content=\"https:\/\/vorulagerinn.is\/product\/sa21\/\" \/>\n<meta property=\"og:site_name\" content=\"V&ouml;rulagerinn\" \/>\n<meta property=\"article:publisher\" content=\"https:\/\/www.facebook.com\/vorulagerinn\" \/>\n<meta property=\"article:modified_time\" content=\"2025-09-21T11:57:54+00:00\" \/>\n<meta property=\"og:image\" content=\"https:\/\/vorulagerinn.is\/wp-content\/uploads\/2025\/09\/SA21-2T3.jpg\" \/>\n\t<meta property=\"og:image:width\" content=\"600\" \/>\n\t<meta property=\"og:image:height\" content=\"600\" \/>\n\t<meta property=\"og:image:type\" content=\"image\/jpeg\" \/>\n<meta name=\"twitter:card\" content=\"summary_large_image\" \/>\n<meta name=\"twitter:label1\" content=\"Price\" \/>\n\t<meta name=\"twitter:data1\" content=\"5.700&nbsp;kr.\" \/>\n\t<meta name=\"twitter:label2\" content=\"Availability\" \/>\n\t<meta name=\"twitter:data2\" content=\"In stock\" \/>\n<script type=\"application\/ld+json\" class=\"yoast-schema-graph\">{\"@context\":\"https:\\\/\\\/schema.org\",\"@graph\":[{\"@type\":\"WebPage\",\"@id\":\"https:\\\/\\\/vorulagerinn.is\\\/product\\\/sa21\\\/\",\"url\":\"https:\\\/\\\/vorulagerinn.is\\\/product\\\/sa21\\\/\",\"name\":\"100W h\u00e1hra\u00f0a 6 in 1 gagna- og hle\u00f0slusn\u00fara | 1,5 metrar\",\"isPartOf\":{\"@id\":\"https:\\\/\\\/vorulagerinn.is\\\/#website\"},\"primaryImageOfPage\":{\"@id\":\"https:\\\/\\\/vorulagerinn.is\\\/product\\\/sa21\\\/#primaryimage\"},\"image\":{\"@id\":\"https:\\\/\\\/vorulagerinn.is\\\/product\\\/sa21\\\/#primaryimage\"},\"thumbnailUrl\":\"https:\\\/\\\/vorulagerinn.is\\\/wp-content\\\/uploads\\\/2025\\\/09\\\/SA21-2T3.jpg\",\"datePublished\":\"2025-07-25T11:19:30+00:00\",\"dateModified\":\"2025-09-21T11:57:54+00:00\",\"description\":\"Fj\u00f6lnota 6 in 1 gagna- og hra\u00f0hle\u00f0slusn\u00fara fyrir Apple og Android sem b\u00fd\u00f0ur upp \u00e1 marga m\u00f6guleika. USB-A & USB-C \u00ed Lightning, USB-C & Micro-USB tengi.\",\"breadcrumb\":{\"@id\":\"https:\\\/\\\/vorulagerinn.is\\\/product\\\/sa21\\\/#breadcrumb\"},\"inLanguage\":\"en-US\",\"potentialAction\":[{\"@type\":\"ReadAction\",\"target\":[\"https:\\\/\\\/vorulagerinn.is\\\/product\\\/sa21\\\/\"]}]},{\"@type\":\"ImageObject\",\"inLanguage\":\"en-US\",\"@id\":\"https:\\\/\\\/vorulagerinn.is\\\/product\\\/sa21\\\/#primaryimage\",\"url\":\"https:\\\/\\\/vorulagerinn.is\\\/wp-content\\\/uploads\\\/2025\\\/09\\\/SA21-2T3.jpg\",\"contentUrl\":\"https:\\\/\\\/vorulagerinn.is\\\/wp-content\\\/uploads\\\/2025\\\/09\\\/SA21-2T3.jpg\",\"width\":600,\"height\":600},{\"@type\":\"BreadcrumbList\",\"@id\":\"https:\\\/\\\/vorulagerinn.is\\\/product\\\/sa21\\\/#breadcrumb\",\"itemListElement\":[{\"@type\":\"ListItem\",\"position\":1,\"name\":\"Home\",\"item\":\"https:\\\/\\\/vorulagerinn.is\\\/\"},{\"@type\":\"ListItem\",\"position\":2,\"name\":\"Shop\",\"item\":\"https:\\\/\\\/vorulagerinn.is\\\/en\\\/shop\\\/\"},{\"@type\":\"ListItem\",\"position\":3,\"name\":\"100W h\u00e1hra\u00f0a 6 in 1 gagna- og hle\u00f0slusn\u00fara (1,5m) &#8211; USB-A &amp; USB-C \u00ed Lightning, USB-C &amp; Micro-USB\"}]},{\"@type\":\"WebSite\",\"@id\":\"https:\\\/\\\/vorulagerinn.is\\\/#website\",\"url\":\"https:\\\/\\\/vorulagerinn.is\\\/\",\"name\":\"V\u00f6rulagerinn\",\"description\":\"L\u00e1ttu \u00fea\u00f0 eftir \u00fe\u00e9r\",\"publisher\":{\"@id\":\"https:\\\/\\\/vorulagerinn.is\\\/#organization\"},\"potentialAction\":[{\"@type\":\"SearchAction\",\"target\":{\"@type\":\"EntryPoint\",\"urlTemplate\":\"https:\\\/\\\/vorulagerinn.is\\\/?s={search_term_string}\"},\"query-input\":{\"@type\":\"PropertyValueSpecification\",\"valueRequired\":true,\"valueName\":\"search_term_string\"}}],\"inLanguage\":\"en-US\"},{\"@type\":\"Organization\",\"@id\":\"https:\\\/\\\/vorulagerinn.is\\\/#organization\",\"name\":\"V\u00f6rulagerinn\",\"url\":\"https:\\\/\\\/vorulagerinn.is\\\/\",\"logo\":{\"@type\":\"ImageObject\",\"inLanguage\":\"en-US\",\"@id\":\"https:\\\/\\\/vorulagerinn.is\\\/#\\\/schema\\\/logo\\\/image\\\/\",\"url\":\"https:\\\/\\\/vorulagerinn.is\\\/wp-content\\\/uploads\\\/2022\\\/09\\\/Vorulagerinn-Logo-588x160-1.png\",\"contentUrl\":\"https:\\\/\\\/vorulagerinn.is\\\/wp-content\\\/uploads\\\/2022\\\/09\\\/Vorulagerinn-Logo-588x160-1.png\",\"width\":588,\"height\":160,\"caption\":\"V\u00f6rulagerinn\"},\"image\":{\"@id\":\"https:\\\/\\\/vorulagerinn.is\\\/#\\\/schema\\\/logo\\\/image\\\/\"},\"sameAs\":[\"https:\\\/\\\/www.facebook.com\\\/vorulagerinn\",\"https:\\\/\\\/www.instagram.com\\\/vorulagerinn\\\/\"]}]}<\/script>\n<meta property=\"product:price:amount\" content=\"5700\" \/>\n<meta property=\"product:price:currency\" content=\"ISK\" \/>\n<meta property=\"og:availability\" content=\"instock\" \/>\n<meta property=\"product:availability\" content=\"instock\" \/>\n<meta property=\"product:retailer_item_id\" content=\"S-A21\" \/>\n<meta property=\"product:condition\" content=\"new\" \/>\n<!-- \/ Yoast SEO Premium plugin. -->","yoast_head_json":{"title":"100W h\u00e1hra\u00f0a 6 in 1 gagna- og hle\u00f0slusn\u00fara | 1,5 metrar","description":"Fj\u00f6lnota 6 in 1 gagna- og hra\u00f0hle\u00f0slusn\u00fara fyrir Apple og Android sem b\u00fd\u00f0ur upp \u00e1 marga m\u00f6guleika. USB-A & USB-C \u00ed Lightning, USB-C & Micro-USB tengi.","robots":{"index":"index","follow":"follow","max-snippet":"max-snippet:-1","max-image-preview":"max-image-preview:large","max-video-preview":"max-video-preview:-1"},"canonical":"https:\/\/vorulagerinn.is\/product\/sa21\/","og_locale":"en_US","og_type":"article","og_title":"100W h\u00e1hra\u00f0a 6 in 1 gagna- og hle\u00f0slusn\u00fara (1,5m) - USB-A &amp; USB-C \u00ed Lightning, USB-C &amp; Micro-USB","og_description":"Fj\u00f6lnota 6 in 1 gagna- og hra\u00f0hle\u00f0slusn\u00fara fyrir Apple og Android sem b\u00fd\u00f0ur upp \u00e1 marga m\u00f6guleika. USB-A & USB-C \u00ed Lightning, USB-C & Micro-USB tengi.","og_url":"https:\/\/vorulagerinn.is\/product\/sa21\/","og_site_name":"V&ouml;rulagerinn","article_publisher":"https:\/\/www.facebook.com\/vorulagerinn","article_modified_time":"2025-09-21T11:57:54+00:00","og_image":[{"width":600,"height":600,"url":"https:\/\/vorulagerinn.is\/wp-content\/uploads\/2025\/09\/SA21-2T3.jpg","type":"image\/jpeg"}],"twitter_card":"summary_large_image","twitter_misc":{"Price":"5.700&nbsp;kr.","Availability":"In stock"},"schema":{"@context":"https:\/\/schema.org","@graph":[{"@type":"WebPage","@id":"https:\/\/vorulagerinn.is\/product\/sa21\/","url":"https:\/\/vorulagerinn.is\/product\/sa21\/","name":"100W h\u00e1hra\u00f0a 6 in 1 gagna- og hle\u00f0slusn\u00fara | 1,5 metrar","isPartOf":{"@id":"https:\/\/vorulagerinn.is\/#website"},"primaryImageOfPage":{"@id":"https:\/\/vorulagerinn.is\/product\/sa21\/#primaryimage"},"image":{"@id":"https:\/\/vorulagerinn.is\/product\/sa21\/#primaryimage"},"thumbnailUrl":"https:\/\/vorulagerinn.is\/wp-content\/uploads\/2025\/09\/SA21-2T3.jpg","datePublished":"2025-07-25T11:19:30+00:00","dateModified":"2025-09-21T11:57:54+00:00","description":"Fj\u00f6lnota 6 in 1 gagna- og hra\u00f0hle\u00f0slusn\u00fara fyrir Apple og Android sem b\u00fd\u00f0ur upp \u00e1 marga m\u00f6guleika. USB-A & USB-C \u00ed Lightning, USB-C & Micro-USB tengi.","breadcrumb":{"@id":"https:\/\/vorulagerinn.is\/product\/sa21\/#breadcrumb"},"inLanguage":"en-US","potentialAction":[{"@type":"ReadAction","target":["https:\/\/vorulagerinn.is\/product\/sa21\/"]}]},{"@type":"ImageObject","inLanguage":"en-US","@id":"https:\/\/vorulagerinn.is\/product\/sa21\/#primaryimage","url":"https:\/\/vorulagerinn.is\/wp-content\/uploads\/2025\/09\/SA21-2T3.jpg","contentUrl":"https:\/\/vorulagerinn.is\/wp-content\/uploads\/2025\/09\/SA21-2T3.jpg","width":600,"height":600},{"@type":"BreadcrumbList","@id":"https:\/\/vorulagerinn.is\/product\/sa21\/#breadcrumb","itemListElement":[{"@type":"ListItem","position":1,"name":"Home","item":"https:\/\/vorulagerinn.is\/"},{"@type":"ListItem","position":2,"name":"Shop","item":"https:\/\/vorulagerinn.is\/en\/shop\/"},{"@type":"ListItem","position":3,"name":"100W h\u00e1hra\u00f0a 6 in 1 gagna- og hle\u00f0slusn\u00fara (1,5m) &#8211; USB-A &amp; USB-C \u00ed Lightning, USB-C &amp; Micro-USB"}]},{"@type":"WebSite","@id":"https:\/\/vorulagerinn.is\/#website","url":"https:\/\/vorulagerinn.is\/","name":"V\u00f6rulagerinn","description":"L\u00e1ttu \u00fea\u00f0 eftir \u00fe\u00e9r","publisher":{"@id":"https:\/\/vorulagerinn.is\/#organization"},"potentialAction":[{"@type":"SearchAction","target":{"@type":"EntryPoint","urlTemplate":"https:\/\/vorulagerinn.is\/?s={search_term_string}"},"query-input":{"@type":"PropertyValueSpecification","valueRequired":true,"valueName":"search_term_string"}}],"inLanguage":"en-US"},{"@type":"Organization","@id":"https:\/\/vorulagerinn.is\/#organization","name":"V\u00f6rulagerinn","url":"https:\/\/vorulagerinn.is\/","logo":{"@type":"ImageObject","inLanguage":"en-US","@id":"https:\/\/vorulagerinn.is\/#\/schema\/logo\/image\/","url":"https:\/\/vorulagerinn.is\/wp-content\/uploads\/2022\/09\/Vorulagerinn-Logo-588x160-1.png","contentUrl":"https:\/\/vorulagerinn.is\/wp-content\/uploads\/2022\/09\/Vorulagerinn-Logo-588x160-1.png","width":588,"height":160,"caption":"V\u00f6rulagerinn"},"image":{"@id":"https:\/\/vorulagerinn.is\/#\/schema\/logo\/image\/"},"sameAs":["https:\/\/www.facebook.com\/vorulagerinn","https:\/\/www.instagram.com\/vorulagerinn\/"]}]},"product_price_amount":"5700","product_price_currency":"ISK","og_availability":"instock","product_availability":"instock","product_retailer_item_id":"S-A21","product_condition":"new"},"_links":{"self":[{"href":"https:\/\/vorulagerinn.is\/en\/wp-json\/wp\/v2\/product\/29087","targetHints":{"allow":["GET"]}}],"collection":[{"href":"https:\/\/vorulagerinn.is\/en\/wp-json\/wp\/v2\/product"}],"about":[{"href":"https:\/\/vorulagerinn.is\/en\/wp-json\/wp\/v2\/types\/product"}],"wp:featuredmedia":[{"embeddable":true,"href":"https:\/\/vorulagerinn.is\/en\/wp-json\/wp\/v2\/media\/29083"}],"wp:attachment":[{"href":"https:\/\/vorulagerinn.is\/en\/wp-json\/wp\/v2\/media?parent=29087"}],"wp:term":[{"taxonomy":"product_brand","embeddable":true,"href":"https:\/\/vorulagerinn.is\/en\/wp-json\/wp\/v2\/product_brand?post=29087"},{"taxonomy":"product_cat","embeddable":true,"href":"https:\/\/vorulagerinn.is\/en\/wp-json\/wp\/v2\/product_cat?post=29087"},{"taxonomy":"product_tag","embeddable":true,"href":"https:\/\/vorulagerinn.is\/en\/wp-json\/wp\/v2\/product_tag?post=29087"}],"curies":[{"name":"wp","href":"https:\/\/api.w.org\/{rel}","templated":true}]}}