{"id":29120,"date":"2025-07-25T19:45:20","date_gmt":"2025-07-25T19:45:20","guid":{"rendered":"https:\/\/vorulagerinn.is\/product\/s-cc100a16\/"},"modified":"2026-02-15T17:43:56","modified_gmt":"2026-02-15T17:43:56","slug":"s-cc100a16","status":"publish","type":"product","link":"https:\/\/vorulagerinn.is\/en\/product\/s-cc100a16\/","title":{"rendered":"100W h\u00e1hra\u00f0a gagna- og hle\u00f0slusn\u00fara me\u00f0 LED skj\u00e1. USB-C \u00ed USB-C tengi (1,2 metrar)"},"content":{"rendered":"","protected":false},"excerpt":{"rendered":"<p>100W h\u00e1hra\u00f0a gagna- og hle\u00f0slusn\u00fara me\u00f0 USB-C \u00ed USB-C tengi. Sn\u00faran er me\u00f0 LED skj\u00e1 sem s\u00fdnir magn straums \u00e1 hle\u00f0slu. Gagnaflutningshra\u00f0inn er allt a\u00f0 480 Mbps \u00e1 sek. Sn\u00faran er 1,2 metrar, n\u00e6lonvafin sem h\u00e1markar endingu og veitir v\u00f6rn gegn sliti og \u00f6\u00f0ru hnjaski.<\/p>\n<p>Litur: Svartur<br \/>\nLengd: 1,2 metrar<br \/>\nEfni: \u00c1l og vafi\u00f0 n\u00e6lon<br \/>\n100W hra\u00f0hle\u00f0slusn\u00fara<br \/>\nGagnahra\u00f0i: 480 Mbps<br \/>\nVottun: CE, ROHS, FCC og UKCA<\/p>\n","protected":false},"featured_media":29114,"template":"","meta":[],"product_brand":[420],"product_cat":[445],"product_tag":[],"class_list":{"0":"post-29120","1":"product","2":"type-product","3":"status-publish","4":"has-post-thumbnail","6":"product_brand-joyroom","7":"product_cat-usb-c-i-usb-c","9":"first","10":"instock","11":"taxable","12":"shipping-taxable","13":"purchasable","14":"product-type-simple"},"supplier_id":null,"supplier_sku":"","barcode":null,"atum_controlled":true,"out_stock_date":null,"out_stock_threshold":null,"inheritable":false,"inbound_stock":0,"stock_on_hold":0,"sold_today":0,"sales_last_days":0,"reserved_stock":0,"customer_returns":0,"warehouse_damage":0,"lost_in_post":0,"other_logs":0,"out_stock_days":0,"lost_sales":0,"has_location":false,"update_date":"2026-04-19T00:22:43","atum_locations":[],"atum_stock_status":"instock","restock_status":false,"low_stock_amount":"","sales_update_date":"2026-04-19T00:22:43","calc_backorders":null,"yoast_head":"<!-- This site is optimized with the Yoast SEO Premium plugin v26.6 (Yoast SEO v27.3) - https:\/\/yoast.com\/product\/yoast-seo-premium-wordpress\/ -->\n<title>100W h\u00e1hra\u00f0a hle\u00f0slusn\u00fara me\u00f0 LED skj\u00e1. USB-C \u00ed USB-C tengi<\/title>\n<meta name=\"description\" content=\"Sn\u00faran er me\u00f0 LED skj\u00e1 sem s\u00fdnir magn straums \u00e1 hle\u00f0slu. Gagnaflutningshra\u00f0inn er allt a\u00f0 480 Mbps \u00e1 sek. Sn\u00faran er 1,2 metrar og n\u00e6lonvafin.\" \/>\n<meta name=\"robots\" content=\"index, follow, max-snippet:-1, max-image-preview:large, max-video-preview:-1\" \/>\n<link rel=\"canonical\" href=\"https:\/\/vorulagerinn.is\/product\/s-cc100a16\/\" \/>\n<meta property=\"og:locale\" content=\"en_US\" \/>\n<meta property=\"og:type\" content=\"article\" \/>\n<meta property=\"og:title\" content=\"100W h\u00e1hra\u00f0a gagna- og hle\u00f0slusn\u00fara me\u00f0 LED skj\u00e1. USB-C \u00ed USB-C tengi (1,2 metrar)\" \/>\n<meta property=\"og:description\" content=\"Sn\u00faran er me\u00f0 LED skj\u00e1 sem s\u00fdnir magn straums \u00e1 hle\u00f0slu. Gagnaflutningshra\u00f0inn er allt a\u00f0 480 Mbps \u00e1 sek. Sn\u00faran er 1,2 metrar og n\u00e6lonvafin.\" \/>\n<meta property=\"og:url\" content=\"https:\/\/vorulagerinn.is\/product\/s-cc100a16\/\" \/>\n<meta property=\"og:site_name\" content=\"V&ouml;rulagerinn\" \/>\n<meta property=\"article:publisher\" content=\"https:\/\/www.facebook.com\/vorulagerinn\" \/>\n<meta property=\"article:modified_time\" content=\"2026-02-15T17:43:56+00:00\" \/>\n<meta property=\"og:image\" content=\"https:\/\/vorulagerinn.is\/wp-content\/uploads\/2025\/09\/S-CC100A16.jpg\" \/>\n\t<meta property=\"og:image:width\" content=\"600\" \/>\n\t<meta property=\"og:image:height\" content=\"600\" \/>\n\t<meta property=\"og:image:type\" content=\"image\/jpeg\" \/>\n<meta name=\"twitter:card\" content=\"summary_large_image\" \/>\n<meta name=\"twitter:label1\" content=\"Price\" \/>\n\t<meta name=\"twitter:data1\" content=\"3.900&nbsp;kr.\" \/>\n\t<meta name=\"twitter:label2\" content=\"Availability\" \/>\n\t<meta name=\"twitter:data2\" content=\"In stock\" \/>\n<script type=\"application\/ld+json\" class=\"yoast-schema-graph\">{\"@context\":\"https:\\\/\\\/schema.org\",\"@graph\":[{\"@type\":\"WebPage\",\"@id\":\"https:\\\/\\\/vorulagerinn.is\\\/product\\\/s-cc100a16\\\/\",\"url\":\"https:\\\/\\\/vorulagerinn.is\\\/product\\\/s-cc100a16\\\/\",\"name\":\"100W h\u00e1hra\u00f0a hle\u00f0slusn\u00fara me\u00f0 LED skj\u00e1. USB-C \u00ed USB-C tengi\",\"isPartOf\":{\"@id\":\"https:\\\/\\\/vorulagerinn.is\\\/#website\"},\"primaryImageOfPage\":{\"@id\":\"https:\\\/\\\/vorulagerinn.is\\\/product\\\/s-cc100a16\\\/#primaryimage\"},\"image\":{\"@id\":\"https:\\\/\\\/vorulagerinn.is\\\/product\\\/s-cc100a16\\\/#primaryimage\"},\"thumbnailUrl\":\"https:\\\/\\\/vorulagerinn.is\\\/wp-content\\\/uploads\\\/2025\\\/09\\\/S-CC100A16.jpg\",\"datePublished\":\"2025-07-25T19:45:20+00:00\",\"dateModified\":\"2026-02-15T17:43:56+00:00\",\"description\":\"Sn\u00faran er me\u00f0 LED skj\u00e1 sem s\u00fdnir magn straums \u00e1 hle\u00f0slu. Gagnaflutningshra\u00f0inn er allt a\u00f0 480 Mbps \u00e1 sek. Sn\u00faran er 1,2 metrar og n\u00e6lonvafin.\",\"breadcrumb\":{\"@id\":\"https:\\\/\\\/vorulagerinn.is\\\/product\\\/s-cc100a16\\\/#breadcrumb\"},\"inLanguage\":\"en-US\",\"potentialAction\":[{\"@type\":\"ReadAction\",\"target\":[\"https:\\\/\\\/vorulagerinn.is\\\/product\\\/s-cc100a16\\\/\"]}]},{\"@type\":\"ImageObject\",\"inLanguage\":\"en-US\",\"@id\":\"https:\\\/\\\/vorulagerinn.is\\\/product\\\/s-cc100a16\\\/#primaryimage\",\"url\":\"https:\\\/\\\/vorulagerinn.is\\\/wp-content\\\/uploads\\\/2025\\\/09\\\/S-CC100A16.jpg\",\"contentUrl\":\"https:\\\/\\\/vorulagerinn.is\\\/wp-content\\\/uploads\\\/2025\\\/09\\\/S-CC100A16.jpg\",\"width\":600,\"height\":600},{\"@type\":\"BreadcrumbList\",\"@id\":\"https:\\\/\\\/vorulagerinn.is\\\/product\\\/s-cc100a16\\\/#breadcrumb\",\"itemListElement\":[{\"@type\":\"ListItem\",\"position\":1,\"name\":\"Home\",\"item\":\"https:\\\/\\\/vorulagerinn.is\\\/\"},{\"@type\":\"ListItem\",\"position\":2,\"name\":\"Shop\",\"item\":\"https:\\\/\\\/vorulagerinn.is\\\/en\\\/shop\\\/\"},{\"@type\":\"ListItem\",\"position\":3,\"name\":\"100W h\u00e1hra\u00f0a gagna- og hle\u00f0slusn\u00fara me\u00f0 LED skj\u00e1. USB-C \u00ed USB-C tengi (1,2 metrar)\"}]},{\"@type\":\"WebSite\",\"@id\":\"https:\\\/\\\/vorulagerinn.is\\\/#website\",\"url\":\"https:\\\/\\\/vorulagerinn.is\\\/\",\"name\":\"V\u00f6rulagerinn\",\"description\":\"L\u00e1ttu \u00fea\u00f0 eftir \u00fe\u00e9r\",\"publisher\":{\"@id\":\"https:\\\/\\\/vorulagerinn.is\\\/#organization\"},\"potentialAction\":[{\"@type\":\"SearchAction\",\"target\":{\"@type\":\"EntryPoint\",\"urlTemplate\":\"https:\\\/\\\/vorulagerinn.is\\\/?s={search_term_string}\"},\"query-input\":{\"@type\":\"PropertyValueSpecification\",\"valueRequired\":true,\"valueName\":\"search_term_string\"}}],\"inLanguage\":\"en-US\"},{\"@type\":\"Organization\",\"@id\":\"https:\\\/\\\/vorulagerinn.is\\\/#organization\",\"name\":\"V\u00f6rulagerinn\",\"url\":\"https:\\\/\\\/vorulagerinn.is\\\/\",\"logo\":{\"@type\":\"ImageObject\",\"inLanguage\":\"en-US\",\"@id\":\"https:\\\/\\\/vorulagerinn.is\\\/#\\\/schema\\\/logo\\\/image\\\/\",\"url\":\"https:\\\/\\\/vorulagerinn.is\\\/wp-content\\\/uploads\\\/2022\\\/09\\\/Vorulagerinn-Logo-588x160-1.png\",\"contentUrl\":\"https:\\\/\\\/vorulagerinn.is\\\/wp-content\\\/uploads\\\/2022\\\/09\\\/Vorulagerinn-Logo-588x160-1.png\",\"width\":588,\"height\":160,\"caption\":\"V\u00f6rulagerinn\"},\"image\":{\"@id\":\"https:\\\/\\\/vorulagerinn.is\\\/#\\\/schema\\\/logo\\\/image\\\/\"},\"sameAs\":[\"https:\\\/\\\/www.facebook.com\\\/vorulagerinn\",\"https:\\\/\\\/www.instagram.com\\\/vorulagerinn\\\/\"]}]}<\/script>\n<meta property=\"product:price:amount\" content=\"3900\" \/>\n<meta property=\"product:price:currency\" content=\"ISK\" \/>\n<meta property=\"og:availability\" content=\"instock\" \/>\n<meta property=\"product:availability\" content=\"instock\" \/>\n<meta property=\"product:retailer_item_id\" content=\"S-CC100A16\" \/>\n<meta property=\"product:condition\" content=\"new\" \/>\n<!-- \/ Yoast SEO Premium plugin. -->","yoast_head_json":{"title":"100W h\u00e1hra\u00f0a hle\u00f0slusn\u00fara me\u00f0 LED skj\u00e1. USB-C \u00ed USB-C tengi","description":"Sn\u00faran er me\u00f0 LED skj\u00e1 sem s\u00fdnir magn straums \u00e1 hle\u00f0slu. Gagnaflutningshra\u00f0inn er allt a\u00f0 480 Mbps \u00e1 sek. Sn\u00faran er 1,2 metrar og n\u00e6lonvafin.","robots":{"index":"index","follow":"follow","max-snippet":"max-snippet:-1","max-image-preview":"max-image-preview:large","max-video-preview":"max-video-preview:-1"},"canonical":"https:\/\/vorulagerinn.is\/product\/s-cc100a16\/","og_locale":"en_US","og_type":"article","og_title":"100W h\u00e1hra\u00f0a gagna- og hle\u00f0slusn\u00fara me\u00f0 LED skj\u00e1. USB-C \u00ed USB-C tengi (1,2 metrar)","og_description":"Sn\u00faran er me\u00f0 LED skj\u00e1 sem s\u00fdnir magn straums \u00e1 hle\u00f0slu. Gagnaflutningshra\u00f0inn er allt a\u00f0 480 Mbps \u00e1 sek. Sn\u00faran er 1,2 metrar og n\u00e6lonvafin.","og_url":"https:\/\/vorulagerinn.is\/product\/s-cc100a16\/","og_site_name":"V&ouml;rulagerinn","article_publisher":"https:\/\/www.facebook.com\/vorulagerinn","article_modified_time":"2026-02-15T17:43:56+00:00","og_image":[{"width":600,"height":600,"url":"https:\/\/vorulagerinn.is\/wp-content\/uploads\/2025\/09\/S-CC100A16.jpg","type":"image\/jpeg"}],"twitter_card":"summary_large_image","twitter_misc":{"Price":"3.900&nbsp;kr.","Availability":"In stock"},"schema":{"@context":"https:\/\/schema.org","@graph":[{"@type":"WebPage","@id":"https:\/\/vorulagerinn.is\/product\/s-cc100a16\/","url":"https:\/\/vorulagerinn.is\/product\/s-cc100a16\/","name":"100W h\u00e1hra\u00f0a hle\u00f0slusn\u00fara me\u00f0 LED skj\u00e1. USB-C \u00ed USB-C tengi","isPartOf":{"@id":"https:\/\/vorulagerinn.is\/#website"},"primaryImageOfPage":{"@id":"https:\/\/vorulagerinn.is\/product\/s-cc100a16\/#primaryimage"},"image":{"@id":"https:\/\/vorulagerinn.is\/product\/s-cc100a16\/#primaryimage"},"thumbnailUrl":"https:\/\/vorulagerinn.is\/wp-content\/uploads\/2025\/09\/S-CC100A16.jpg","datePublished":"2025-07-25T19:45:20+00:00","dateModified":"2026-02-15T17:43:56+00:00","description":"Sn\u00faran er me\u00f0 LED skj\u00e1 sem s\u00fdnir magn straums \u00e1 hle\u00f0slu. Gagnaflutningshra\u00f0inn er allt a\u00f0 480 Mbps \u00e1 sek. Sn\u00faran er 1,2 metrar og n\u00e6lonvafin.","breadcrumb":{"@id":"https:\/\/vorulagerinn.is\/product\/s-cc100a16\/#breadcrumb"},"inLanguage":"en-US","potentialAction":[{"@type":"ReadAction","target":["https:\/\/vorulagerinn.is\/product\/s-cc100a16\/"]}]},{"@type":"ImageObject","inLanguage":"en-US","@id":"https:\/\/vorulagerinn.is\/product\/s-cc100a16\/#primaryimage","url":"https:\/\/vorulagerinn.is\/wp-content\/uploads\/2025\/09\/S-CC100A16.jpg","contentUrl":"https:\/\/vorulagerinn.is\/wp-content\/uploads\/2025\/09\/S-CC100A16.jpg","width":600,"height":600},{"@type":"BreadcrumbList","@id":"https:\/\/vorulagerinn.is\/product\/s-cc100a16\/#breadcrumb","itemListElement":[{"@type":"ListItem","position":1,"name":"Home","item":"https:\/\/vorulagerinn.is\/"},{"@type":"ListItem","position":2,"name":"Shop","item":"https:\/\/vorulagerinn.is\/en\/shop\/"},{"@type":"ListItem","position":3,"name":"100W h\u00e1hra\u00f0a gagna- og hle\u00f0slusn\u00fara me\u00f0 LED skj\u00e1. USB-C \u00ed USB-C tengi (1,2 metrar)"}]},{"@type":"WebSite","@id":"https:\/\/vorulagerinn.is\/#website","url":"https:\/\/vorulagerinn.is\/","name":"V\u00f6rulagerinn","description":"L\u00e1ttu \u00fea\u00f0 eftir \u00fe\u00e9r","publisher":{"@id":"https:\/\/vorulagerinn.is\/#organization"},"potentialAction":[{"@type":"SearchAction","target":{"@type":"EntryPoint","urlTemplate":"https:\/\/vorulagerinn.is\/?s={search_term_string}"},"query-input":{"@type":"PropertyValueSpecification","valueRequired":true,"valueName":"search_term_string"}}],"inLanguage":"en-US"},{"@type":"Organization","@id":"https:\/\/vorulagerinn.is\/#organization","name":"V\u00f6rulagerinn","url":"https:\/\/vorulagerinn.is\/","logo":{"@type":"ImageObject","inLanguage":"en-US","@id":"https:\/\/vorulagerinn.is\/#\/schema\/logo\/image\/","url":"https:\/\/vorulagerinn.is\/wp-content\/uploads\/2022\/09\/Vorulagerinn-Logo-588x160-1.png","contentUrl":"https:\/\/vorulagerinn.is\/wp-content\/uploads\/2022\/09\/Vorulagerinn-Logo-588x160-1.png","width":588,"height":160,"caption":"V\u00f6rulagerinn"},"image":{"@id":"https:\/\/vorulagerinn.is\/#\/schema\/logo\/image\/"},"sameAs":["https:\/\/www.facebook.com\/vorulagerinn","https:\/\/www.instagram.com\/vorulagerinn\/"]}]},"product_price_amount":"3900","product_price_currency":"ISK","og_availability":"instock","product_availability":"instock","product_retailer_item_id":"S-CC100A16","product_condition":"new"},"_links":{"self":[{"href":"https:\/\/vorulagerinn.is\/en\/wp-json\/wp\/v2\/product\/29120","targetHints":{"allow":["GET"]}}],"collection":[{"href":"https:\/\/vorulagerinn.is\/en\/wp-json\/wp\/v2\/product"}],"about":[{"href":"https:\/\/vorulagerinn.is\/en\/wp-json\/wp\/v2\/types\/product"}],"wp:featuredmedia":[{"embeddable":true,"href":"https:\/\/vorulagerinn.is\/en\/wp-json\/wp\/v2\/media\/29114"}],"wp:attachment":[{"href":"https:\/\/vorulagerinn.is\/en\/wp-json\/wp\/v2\/media?parent=29120"}],"wp:term":[{"taxonomy":"product_brand","embeddable":true,"href":"https:\/\/vorulagerinn.is\/en\/wp-json\/wp\/v2\/product_brand?post=29120"},{"taxonomy":"product_cat","embeddable":true,"href":"https:\/\/vorulagerinn.is\/en\/wp-json\/wp\/v2\/product_cat?post=29120"},{"taxonomy":"product_tag","embeddable":true,"href":"https:\/\/vorulagerinn.is\/en\/wp-json\/wp\/v2\/product_tag?post=29120"}],"curies":[{"name":"wp","href":"https:\/\/api.w.org\/{rel}","templated":true}]}}