{"id":29123,"date":"2025-07-25T12:03:02","date_gmt":"2025-07-25T12:03:02","guid":{"rendered":"https:\/\/vorulagerinn.is\/product\/s-a31\/"},"modified":"2026-02-15T18:48:50","modified_gmt":"2026-02-15T18:48:50","slug":"s-a31","status":"publish","type":"product","link":"https:\/\/vorulagerinn.is\/en\/product\/s-a31\/","title":{"rendered":"240W h\u00e1hra\u00f0a gagna- og hle\u00f0slusn\u00fara USB-C \u00ed USB-C tengi (1,2m sn\u00fara)"},"content":{"rendered":"","protected":false},"excerpt":{"rendered":"<p>\u00d6flug h\u00e1hra\u00f0a 240W PD3.1 (power delivery) USB-C \u00ed USB-C hle\u00f0slusn\u00fara fyrir \u00fe\u00e1 sem vilja afk\u00f6st og \u00e1rei\u00f0anleika. H\u00fan er vafin me\u00f0 endingarg\u00f3\u00f0u nylon efni sem tryggir langl\u00edfi og minni fl\u00e6kjur. Sn\u00faran sty\u00f0ur allt a\u00f0 240W hle\u00f0slu sem er upplagt fyrir n\u00fdlegar fart\u00f6lvur, spjaldt\u00f6lvur og snjalls\u00edma sem sty\u00f0ja 240W h\u00e1hra\u00f0a hle\u00f0slu.<\/p>\n<p>\u2013 Litur: Svartur<br \/>\n\u2013 Lengd: 1,2 metrar<br \/>\n\u2013 Allt a\u00f0 240W hle\u00f0sla<br \/>\n\u2013 480 Mbps gagnahra\u00f0i<br \/>\n\u2013 Vottun: CE, Rohs, FCC &amp; UKCA<\/p>\n","protected":false},"featured_media":29121,"template":"","meta":[],"product_brand":[420],"product_cat":[445],"product_tag":[],"class_list":{"0":"post-29123","1":"product","2":"type-product","3":"status-publish","4":"has-post-thumbnail","6":"product_brand-joyroom","7":"product_cat-usb-c-i-usb-c","9":"first","10":"instock","11":"taxable","12":"shipping-taxable","13":"purchasable","14":"product-type-simple"},"supplier_id":null,"supplier_sku":"","barcode":null,"atum_controlled":true,"out_stock_date":null,"out_stock_threshold":null,"inheritable":false,"inbound_stock":0,"stock_on_hold":0,"sold_today":0,"sales_last_days":0,"reserved_stock":0,"customer_returns":0,"warehouse_damage":0,"lost_in_post":0,"other_logs":0,"out_stock_days":0,"lost_sales":0,"has_location":false,"update_date":"2026-04-19T00:22:43","atum_locations":[],"atum_stock_status":"instock","restock_status":false,"low_stock_amount":"","sales_update_date":"2026-04-19T00:22:43","calc_backorders":null,"yoast_head":"<!-- This site is optimized with the Yoast SEO Premium plugin v26.6 (Yoast SEO v27.3) - https:\/\/yoast.com\/product\/yoast-seo-premium-wordpress\/ -->\n<title>240W h\u00e1hra\u00f0a gagna- og hle\u00f0slusn\u00fara USB-C \u00ed USB-C tengi<\/title>\n<meta name=\"description\" content=\"\u00d6flug h\u00e1hra\u00f0a 240W PD3.1 (power delivery) USB-C \u00ed USB-C hle\u00f0slusn\u00fara fyrir \u00fe\u00e1 sem vilja afk\u00f6st og \u00e1rei\u00f0anleika. Sn\u00faran er vafin me\u00f0 endingarg\u00f3\u00f0u nylon\" \/>\n<meta name=\"robots\" content=\"index, follow, max-snippet:-1, max-image-preview:large, max-video-preview:-1\" \/>\n<link rel=\"canonical\" href=\"https:\/\/vorulagerinn.is\/product\/s-a31\/\" \/>\n<meta property=\"og:locale\" content=\"en_US\" \/>\n<meta property=\"og:type\" content=\"article\" \/>\n<meta property=\"og:title\" content=\"240W h\u00e1hra\u00f0a gagna- og hle\u00f0slusn\u00fara USB-C \u00ed USB-C tengi (1,2m sn\u00fara)\" \/>\n<meta property=\"og:description\" content=\"\u00d6flug h\u00e1hra\u00f0a 240W PD3.1 (power delivery) USB-C \u00ed USB-C hle\u00f0slusn\u00fara fyrir \u00fe\u00e1 sem vilja afk\u00f6st og \u00e1rei\u00f0anleika. Sn\u00faran er vafin me\u00f0 endingarg\u00f3\u00f0u nylon\" \/>\n<meta property=\"og:url\" content=\"https:\/\/vorulagerinn.is\/product\/s-a31\/\" \/>\n<meta property=\"og:site_name\" content=\"V&ouml;rulagerinn\" \/>\n<meta property=\"article:publisher\" content=\"https:\/\/www.facebook.com\/vorulagerinn\" \/>\n<meta property=\"article:modified_time\" content=\"2026-02-15T18:48:50+00:00\" \/>\n<meta property=\"og:image\" content=\"https:\/\/vorulagerinn.is\/wp-content\/uploads\/2025\/09\/S-A31_.jpg\" \/>\n\t<meta property=\"og:image:width\" content=\"600\" \/>\n\t<meta property=\"og:image:height\" content=\"600\" \/>\n\t<meta property=\"og:image:type\" content=\"image\/jpeg\" \/>\n<meta name=\"twitter:card\" content=\"summary_large_image\" \/>\n<meta name=\"twitter:label1\" content=\"Price\" \/>\n\t<meta name=\"twitter:data1\" content=\"5.900&nbsp;kr.\" \/>\n\t<meta name=\"twitter:label2\" content=\"Availability\" \/>\n\t<meta name=\"twitter:data2\" content=\"In stock\" \/>\n<script type=\"application\/ld+json\" class=\"yoast-schema-graph\">{\"@context\":\"https:\\\/\\\/schema.org\",\"@graph\":[{\"@type\":\"WebPage\",\"@id\":\"https:\\\/\\\/vorulagerinn.is\\\/product\\\/s-a31\\\/\",\"url\":\"https:\\\/\\\/vorulagerinn.is\\\/product\\\/s-a31\\\/\",\"name\":\"240W h\u00e1hra\u00f0a gagna- og hle\u00f0slusn\u00fara USB-C \u00ed USB-C tengi\",\"isPartOf\":{\"@id\":\"https:\\\/\\\/vorulagerinn.is\\\/#website\"},\"primaryImageOfPage\":{\"@id\":\"https:\\\/\\\/vorulagerinn.is\\\/product\\\/s-a31\\\/#primaryimage\"},\"image\":{\"@id\":\"https:\\\/\\\/vorulagerinn.is\\\/product\\\/s-a31\\\/#primaryimage\"},\"thumbnailUrl\":\"https:\\\/\\\/vorulagerinn.is\\\/wp-content\\\/uploads\\\/2025\\\/09\\\/S-A31_.jpg\",\"datePublished\":\"2025-07-25T12:03:02+00:00\",\"dateModified\":\"2026-02-15T18:48:50+00:00\",\"description\":\"\u00d6flug h\u00e1hra\u00f0a 240W PD3.1 (power delivery) USB-C \u00ed USB-C hle\u00f0slusn\u00fara fyrir \u00fe\u00e1 sem vilja afk\u00f6st og \u00e1rei\u00f0anleika. Sn\u00faran er vafin me\u00f0 endingarg\u00f3\u00f0u nylon\",\"breadcrumb\":{\"@id\":\"https:\\\/\\\/vorulagerinn.is\\\/product\\\/s-a31\\\/#breadcrumb\"},\"inLanguage\":\"en-US\",\"potentialAction\":[{\"@type\":\"ReadAction\",\"target\":[\"https:\\\/\\\/vorulagerinn.is\\\/product\\\/s-a31\\\/\"]}]},{\"@type\":\"ImageObject\",\"inLanguage\":\"en-US\",\"@id\":\"https:\\\/\\\/vorulagerinn.is\\\/product\\\/s-a31\\\/#primaryimage\",\"url\":\"https:\\\/\\\/vorulagerinn.is\\\/wp-content\\\/uploads\\\/2025\\\/09\\\/S-A31_.jpg\",\"contentUrl\":\"https:\\\/\\\/vorulagerinn.is\\\/wp-content\\\/uploads\\\/2025\\\/09\\\/S-A31_.jpg\",\"width\":600,\"height\":600},{\"@type\":\"BreadcrumbList\",\"@id\":\"https:\\\/\\\/vorulagerinn.is\\\/product\\\/s-a31\\\/#breadcrumb\",\"itemListElement\":[{\"@type\":\"ListItem\",\"position\":1,\"name\":\"Home\",\"item\":\"https:\\\/\\\/vorulagerinn.is\\\/\"},{\"@type\":\"ListItem\",\"position\":2,\"name\":\"Shop\",\"item\":\"https:\\\/\\\/vorulagerinn.is\\\/en\\\/shop\\\/\"},{\"@type\":\"ListItem\",\"position\":3,\"name\":\"240W h\u00e1hra\u00f0a gagna- og hle\u00f0slusn\u00fara USB-C \u00ed USB-C tengi (1,2m sn\u00fara)\"}]},{\"@type\":\"WebSite\",\"@id\":\"https:\\\/\\\/vorulagerinn.is\\\/#website\",\"url\":\"https:\\\/\\\/vorulagerinn.is\\\/\",\"name\":\"V\u00f6rulagerinn\",\"description\":\"L\u00e1ttu \u00fea\u00f0 eftir \u00fe\u00e9r\",\"publisher\":{\"@id\":\"https:\\\/\\\/vorulagerinn.is\\\/#organization\"},\"potentialAction\":[{\"@type\":\"SearchAction\",\"target\":{\"@type\":\"EntryPoint\",\"urlTemplate\":\"https:\\\/\\\/vorulagerinn.is\\\/?s={search_term_string}\"},\"query-input\":{\"@type\":\"PropertyValueSpecification\",\"valueRequired\":true,\"valueName\":\"search_term_string\"}}],\"inLanguage\":\"en-US\"},{\"@type\":\"Organization\",\"@id\":\"https:\\\/\\\/vorulagerinn.is\\\/#organization\",\"name\":\"V\u00f6rulagerinn\",\"url\":\"https:\\\/\\\/vorulagerinn.is\\\/\",\"logo\":{\"@type\":\"ImageObject\",\"inLanguage\":\"en-US\",\"@id\":\"https:\\\/\\\/vorulagerinn.is\\\/#\\\/schema\\\/logo\\\/image\\\/\",\"url\":\"https:\\\/\\\/vorulagerinn.is\\\/wp-content\\\/uploads\\\/2022\\\/09\\\/Vorulagerinn-Logo-588x160-1.png\",\"contentUrl\":\"https:\\\/\\\/vorulagerinn.is\\\/wp-content\\\/uploads\\\/2022\\\/09\\\/Vorulagerinn-Logo-588x160-1.png\",\"width\":588,\"height\":160,\"caption\":\"V\u00f6rulagerinn\"},\"image\":{\"@id\":\"https:\\\/\\\/vorulagerinn.is\\\/#\\\/schema\\\/logo\\\/image\\\/\"},\"sameAs\":[\"https:\\\/\\\/www.facebook.com\\\/vorulagerinn\",\"https:\\\/\\\/www.instagram.com\\\/vorulagerinn\\\/\"]}]}<\/script>\n<meta property=\"product:price:amount\" content=\"5900\" \/>\n<meta property=\"product:price:currency\" content=\"ISK\" \/>\n<meta property=\"og:availability\" content=\"instock\" \/>\n<meta property=\"product:availability\" content=\"instock\" \/>\n<meta property=\"product:retailer_item_id\" content=\"S-A31\" \/>\n<meta property=\"product:condition\" content=\"new\" \/>\n<!-- \/ Yoast SEO Premium plugin. -->","yoast_head_json":{"title":"240W h\u00e1hra\u00f0a gagna- og hle\u00f0slusn\u00fara USB-C \u00ed USB-C tengi","description":"\u00d6flug h\u00e1hra\u00f0a 240W PD3.1 (power delivery) USB-C \u00ed USB-C hle\u00f0slusn\u00fara fyrir \u00fe\u00e1 sem vilja afk\u00f6st og \u00e1rei\u00f0anleika. Sn\u00faran er vafin me\u00f0 endingarg\u00f3\u00f0u nylon","robots":{"index":"index","follow":"follow","max-snippet":"max-snippet:-1","max-image-preview":"max-image-preview:large","max-video-preview":"max-video-preview:-1"},"canonical":"https:\/\/vorulagerinn.is\/product\/s-a31\/","og_locale":"en_US","og_type":"article","og_title":"240W h\u00e1hra\u00f0a gagna- og hle\u00f0slusn\u00fara USB-C \u00ed USB-C tengi (1,2m sn\u00fara)","og_description":"\u00d6flug h\u00e1hra\u00f0a 240W PD3.1 (power delivery) USB-C \u00ed USB-C hle\u00f0slusn\u00fara fyrir \u00fe\u00e1 sem vilja afk\u00f6st og \u00e1rei\u00f0anleika. Sn\u00faran er vafin me\u00f0 endingarg\u00f3\u00f0u nylon","og_url":"https:\/\/vorulagerinn.is\/product\/s-a31\/","og_site_name":"V&ouml;rulagerinn","article_publisher":"https:\/\/www.facebook.com\/vorulagerinn","article_modified_time":"2026-02-15T18:48:50+00:00","og_image":[{"width":600,"height":600,"url":"https:\/\/vorulagerinn.is\/wp-content\/uploads\/2025\/09\/S-A31_.jpg","type":"image\/jpeg"}],"twitter_card":"summary_large_image","twitter_misc":{"Price":"5.900&nbsp;kr.","Availability":"In stock"},"schema":{"@context":"https:\/\/schema.org","@graph":[{"@type":"WebPage","@id":"https:\/\/vorulagerinn.is\/product\/s-a31\/","url":"https:\/\/vorulagerinn.is\/product\/s-a31\/","name":"240W h\u00e1hra\u00f0a gagna- og hle\u00f0slusn\u00fara USB-C \u00ed USB-C tengi","isPartOf":{"@id":"https:\/\/vorulagerinn.is\/#website"},"primaryImageOfPage":{"@id":"https:\/\/vorulagerinn.is\/product\/s-a31\/#primaryimage"},"image":{"@id":"https:\/\/vorulagerinn.is\/product\/s-a31\/#primaryimage"},"thumbnailUrl":"https:\/\/vorulagerinn.is\/wp-content\/uploads\/2025\/09\/S-A31_.jpg","datePublished":"2025-07-25T12:03:02+00:00","dateModified":"2026-02-15T18:48:50+00:00","description":"\u00d6flug h\u00e1hra\u00f0a 240W PD3.1 (power delivery) USB-C \u00ed USB-C hle\u00f0slusn\u00fara fyrir \u00fe\u00e1 sem vilja afk\u00f6st og \u00e1rei\u00f0anleika. Sn\u00faran er vafin me\u00f0 endingarg\u00f3\u00f0u nylon","breadcrumb":{"@id":"https:\/\/vorulagerinn.is\/product\/s-a31\/#breadcrumb"},"inLanguage":"en-US","potentialAction":[{"@type":"ReadAction","target":["https:\/\/vorulagerinn.is\/product\/s-a31\/"]}]},{"@type":"ImageObject","inLanguage":"en-US","@id":"https:\/\/vorulagerinn.is\/product\/s-a31\/#primaryimage","url":"https:\/\/vorulagerinn.is\/wp-content\/uploads\/2025\/09\/S-A31_.jpg","contentUrl":"https:\/\/vorulagerinn.is\/wp-content\/uploads\/2025\/09\/S-A31_.jpg","width":600,"height":600},{"@type":"BreadcrumbList","@id":"https:\/\/vorulagerinn.is\/product\/s-a31\/#breadcrumb","itemListElement":[{"@type":"ListItem","position":1,"name":"Home","item":"https:\/\/vorulagerinn.is\/"},{"@type":"ListItem","position":2,"name":"Shop","item":"https:\/\/vorulagerinn.is\/en\/shop\/"},{"@type":"ListItem","position":3,"name":"240W h\u00e1hra\u00f0a gagna- og hle\u00f0slusn\u00fara USB-C \u00ed USB-C tengi (1,2m sn\u00fara)"}]},{"@type":"WebSite","@id":"https:\/\/vorulagerinn.is\/#website","url":"https:\/\/vorulagerinn.is\/","name":"V\u00f6rulagerinn","description":"L\u00e1ttu \u00fea\u00f0 eftir \u00fe\u00e9r","publisher":{"@id":"https:\/\/vorulagerinn.is\/#organization"},"potentialAction":[{"@type":"SearchAction","target":{"@type":"EntryPoint","urlTemplate":"https:\/\/vorulagerinn.is\/?s={search_term_string}"},"query-input":{"@type":"PropertyValueSpecification","valueRequired":true,"valueName":"search_term_string"}}],"inLanguage":"en-US"},{"@type":"Organization","@id":"https:\/\/vorulagerinn.is\/#organization","name":"V\u00f6rulagerinn","url":"https:\/\/vorulagerinn.is\/","logo":{"@type":"ImageObject","inLanguage":"en-US","@id":"https:\/\/vorulagerinn.is\/#\/schema\/logo\/image\/","url":"https:\/\/vorulagerinn.is\/wp-content\/uploads\/2022\/09\/Vorulagerinn-Logo-588x160-1.png","contentUrl":"https:\/\/vorulagerinn.is\/wp-content\/uploads\/2022\/09\/Vorulagerinn-Logo-588x160-1.png","width":588,"height":160,"caption":"V\u00f6rulagerinn"},"image":{"@id":"https:\/\/vorulagerinn.is\/#\/schema\/logo\/image\/"},"sameAs":["https:\/\/www.facebook.com\/vorulagerinn","https:\/\/www.instagram.com\/vorulagerinn\/"]}]},"product_price_amount":"5900","product_price_currency":"ISK","og_availability":"instock","product_availability":"instock","product_retailer_item_id":"S-A31","product_condition":"new"},"_links":{"self":[{"href":"https:\/\/vorulagerinn.is\/en\/wp-json\/wp\/v2\/product\/29123","targetHints":{"allow":["GET"]}}],"collection":[{"href":"https:\/\/vorulagerinn.is\/en\/wp-json\/wp\/v2\/product"}],"about":[{"href":"https:\/\/vorulagerinn.is\/en\/wp-json\/wp\/v2\/types\/product"}],"wp:featuredmedia":[{"embeddable":true,"href":"https:\/\/vorulagerinn.is\/en\/wp-json\/wp\/v2\/media\/29121"}],"wp:attachment":[{"href":"https:\/\/vorulagerinn.is\/en\/wp-json\/wp\/v2\/media?parent=29123"}],"wp:term":[{"taxonomy":"product_brand","embeddable":true,"href":"https:\/\/vorulagerinn.is\/en\/wp-json\/wp\/v2\/product_brand?post=29123"},{"taxonomy":"product_cat","embeddable":true,"href":"https:\/\/vorulagerinn.is\/en\/wp-json\/wp\/v2\/product_cat?post=29123"},{"taxonomy":"product_tag","embeddable":true,"href":"https:\/\/vorulagerinn.is\/en\/wp-json\/wp\/v2\/product_tag?post=29123"}],"curies":[{"name":"wp","href":"https:\/\/api.w.org\/{rel}","templated":true}]}}