{"id":29137,"date":"2025-07-16T11:07:55","date_gmt":"2025-07-16T11:07:55","guid":{"rendered":"https:\/\/vorulagerinn.is\/product\/jr-pbm08-pro\/"},"modified":"2026-04-09T09:10:37","modified_gmt":"2026-04-09T09:10:37","slug":"jr-pbm08-pro","status":"publish","type":"product","link":"https:\/\/vorulagerinn.is\/en\/product\/jr-pbm08-pro\/","title":{"rendered":"\u00d6flugur 10.000mAh 20W iPhone MagSafe hle\u00f0slubanki fyrir f\u00f3lk \u00e1 fer\u00f0inni"},"content":{"rendered":"<div style=\"width: 720px;\" class=\"wp-video\"><video class=\"wp-video-shortcode\" id=\"video-29137-1\" width=\"720\" height=\"960\" preload=\"metadata\" controls=\"controls\"><source type=\"video\/mp4\" src=\"https:\/\/fodurlandid.is\/wp-content\/uploads\/2025\/07\/JR-PBM08-PRO.mp4?_=1\" \/><a href=\"https:\/\/fodurlandid.is\/wp-content\/uploads\/2025\/07\/JR-PBM08-PRO.mp4\">https:\/\/fodurlandid.is\/wp-content\/uploads\/2025\/07\/JR-PBM08-PRO.mp4<\/a><\/video><\/div>\n","protected":false},"excerpt":{"rendered":"<p>St\u00edlhreinn og \u00f6flugur 10.000mAh 20W hle\u00f0slubanki sem sameinar afk\u00f6st, \u00fe\u00e6gindi, \u00e1rei\u00f0anleika og heldur snjallt\u00e6kjunum \u00fe\u00ednum fullhl\u00f6\u00f0num hvar og hvern\u00e6r sem er. Innbygg\u00f0ur \u201esmart\u201c kubbur sem tryggir vernd gegn ofhle\u00f0slu, ofhitnun og skammhlaupi. \u00d6rugg og st\u00f6\u00f0ug hle\u00f0sla.<\/p>\n<p>\u00cd hle\u00f0slubankanum er innbygg\u00f0ur MagSafe segull sem l\u00e6tur hann festast vi\u00f0 iPhone 11\/12\/13\/14\/15\/16 snjalls\u00edma og hla\u00f0a \u00fer\u00e1\u00f0laust. Hle\u00f0slubankinn er me\u00f0 tengi fyrir USB-C og Lightning sem \u00fe\u00fd\u00f0ir a\u00f0 \u00fea\u00f0 er h\u00e6gt a\u00f0 hla\u00f0a \u00f6ll snjallt\u00e6ki fr\u00e1 Apple \u00f3h\u00e1\u00f0 \u00fatg\u00e1fu t\u00e6kis. \u00de\u00e1 hle\u00f0lur hle\u00f0slubankinn l\u00edka Android t\u00e6ki, spjaldt\u00f6lvur og heyrnart\u00f3l \u00ed gegnum USB-C tengi\u00f0.<\/p>\n<p>Hle\u00f0lubankann m\u00e1 taka me\u00f0 \u00ed flugv\u00e9l og \u00fev\u00ed er upplagt a\u00f0 taka hann me\u00f0 \u00ed fer\u00f0alagi\u00f0 innanlands og utanlands.<\/p>\n<p>\u2013 Sj\u00e1\u00f0u myndband af v\u00f6runni ne\u00f0ar \u00e1 \u00feessari s\u00ed\u00f0u<br \/>\n\u2013 Litur: Svartur<br \/>\n\u2013 St\u00e6r\u00f0: 10,3 x 6,8 x 1,4 cm<br \/>\n\u2013 \u00deyngd: 176 g<br \/>\n\u2013 Rafhla\u00f0a: Polymer Lithium<br \/>\n\u2013 Lightning Input: 5V=2.4A (12W)<br \/>\n\u2013 Type-C input: 5V=3A, 9V=2A (18W)<br \/>\n\u2013 Type-C output: 5V=2.4A, 9V=2.22A, 12V=1.67A (20W)<br \/>\n\u2013 Wireless charging output: 5W\/7.5W\/10W\/15W (max<br \/>\n\u2013 Multi-port output: 5V=3A(Max)<br \/>\n\u2013 Lei\u00f0beiningar fylgja me\u00f0<br \/>\n\u2013 Vottun: CE\/Rohs\/FCC<\/p>\n","protected":false},"featured_media":30642,"template":"","meta":[],"product_brand":[420],"product_cat":[446],"product_tag":[],"class_list":{"0":"post-29137","1":"product","2":"type-product","3":"status-publish","4":"has-post-thumbnail","6":"product_brand-joyroom","7":"product_cat-hledslubanki-ferdarafhlada","9":"first","10":"instock","11":"sale","12":"taxable","13":"shipping-taxable","14":"purchasable","15":"product-type-simple"},"supplier_id":null,"supplier_sku":"","barcode":null,"atum_controlled":true,"out_stock_date":null,"out_stock_threshold":null,"inheritable":false,"inbound_stock":0,"stock_on_hold":0,"sold_today":0,"sales_last_days":1,"reserved_stock":0,"customer_returns":0,"warehouse_damage":0,"lost_in_post":0,"other_logs":0,"out_stock_days":0,"lost_sales":0,"has_location":false,"update_date":"2026-04-22T00:25:33","atum_locations":[],"atum_stock_status":"instock","restock_status":false,"low_stock_amount":"","sales_update_date":"2026-04-22T00:25:33","calc_backorders":null,"yoast_head":"<!-- This site is optimized with the Yoast SEO Premium plugin v26.6 (Yoast SEO v27.3) - https:\/\/yoast.com\/product\/yoast-seo-premium-wordpress\/ -->\n<title>\u00d6flugur 10.000mAh 20W iPhone MagSafe hle\u00f0slubanki<\/title>\n<meta name=\"description\" content=\"\u00d6flugur 10.000mAh 20W hle\u00f0slubanki. Innbyggt MagSafe heldur iPhone 11\/12\/13\/14\/15\/16 f\u00f6stum. USB-C &amp; Lightning tengi (Apple &amp; Android t\u00e6ki).\" \/>\n<meta name=\"robots\" content=\"index, follow, max-snippet:-1, max-image-preview:large, max-video-preview:-1\" \/>\n<link rel=\"canonical\" href=\"https:\/\/vorulagerinn.is\/product\/jr-pbm08-pro\/\" \/>\n<meta property=\"og:locale\" content=\"en_US\" \/>\n<meta property=\"og:type\" content=\"article\" \/>\n<meta property=\"og:title\" content=\"\u00d6flugur 10.000mAh 20W iPhone MagSafe hle\u00f0slubanki fyrir f\u00f3lk \u00e1 fer\u00f0inni\" \/>\n<meta property=\"og:description\" content=\"\u00d6flugur 10.000mAh 20W hle\u00f0slubanki. Innbyggt MagSafe heldur iPhone 11\/12\/13\/14\/15\/16 f\u00f6stum. USB-C &amp; Lightning tengi (Apple &amp; Android t\u00e6ki).\" \/>\n<meta property=\"og:url\" content=\"https:\/\/vorulagerinn.is\/product\/jr-pbm08-pro\/\" \/>\n<meta property=\"og:site_name\" content=\"V&ouml;rulagerinn\" \/>\n<meta property=\"article:publisher\" content=\"https:\/\/www.facebook.com\/vorulagerinn\" \/>\n<meta property=\"article:modified_time\" content=\"2026-04-09T09:10:37+00:00\" \/>\n<meta property=\"og:image\" content=\"https:\/\/vorulagerinn.is\/wp-content\/uploads\/2025\/07\/JR-PBM08-PRO-1.jpg\" \/>\n\t<meta property=\"og:image:width\" content=\"600\" \/>\n\t<meta property=\"og:image:height\" content=\"600\" \/>\n\t<meta property=\"og:image:type\" content=\"image\/jpeg\" \/>\n<meta name=\"twitter:card\" content=\"summary_large_image\" \/>\n<meta name=\"twitter:label1\" content=\"Price\" \/>\n\t<meta name=\"twitter:data1\" content=\"8.415&nbsp;kr.\" \/>\n\t<meta name=\"twitter:label2\" content=\"Availability\" \/>\n\t<meta name=\"twitter:data2\" content=\"In stock\" \/>\n<script type=\"application\/ld+json\" class=\"yoast-schema-graph\">{\"@context\":\"https:\\\/\\\/schema.org\",\"@graph\":[{\"@type\":\"WebPage\",\"@id\":\"https:\\\/\\\/vorulagerinn.is\\\/product\\\/jr-pbm08-pro\\\/\",\"url\":\"https:\\\/\\\/vorulagerinn.is\\\/product\\\/jr-pbm08-pro\\\/\",\"name\":\"\u00d6flugur 10.000mAh 20W iPhone MagSafe hle\u00f0slubanki\",\"isPartOf\":{\"@id\":\"https:\\\/\\\/vorulagerinn.is\\\/#website\"},\"primaryImageOfPage\":{\"@id\":\"https:\\\/\\\/vorulagerinn.is\\\/product\\\/jr-pbm08-pro\\\/#primaryimage\"},\"image\":{\"@id\":\"https:\\\/\\\/vorulagerinn.is\\\/product\\\/jr-pbm08-pro\\\/#primaryimage\"},\"thumbnailUrl\":\"https:\\\/\\\/vorulagerinn.is\\\/wp-content\\\/uploads\\\/2025\\\/07\\\/JR-PBM08-PRO-1.jpg\",\"datePublished\":\"2025-07-16T11:07:55+00:00\",\"dateModified\":\"2026-04-09T09:10:37+00:00\",\"description\":\"\u00d6flugur 10.000mAh 20W hle\u00f0slubanki. Innbyggt MagSafe heldur iPhone 11\\\/12\\\/13\\\/14\\\/15\\\/16 f\u00f6stum. USB-C & Lightning tengi (Apple & Android t\u00e6ki).\",\"breadcrumb\":{\"@id\":\"https:\\\/\\\/vorulagerinn.is\\\/product\\\/jr-pbm08-pro\\\/#breadcrumb\"},\"inLanguage\":\"en-US\",\"potentialAction\":[{\"@type\":\"ReadAction\",\"target\":[\"https:\\\/\\\/vorulagerinn.is\\\/product\\\/jr-pbm08-pro\\\/\"]}]},{\"@type\":\"ImageObject\",\"inLanguage\":\"en-US\",\"@id\":\"https:\\\/\\\/vorulagerinn.is\\\/product\\\/jr-pbm08-pro\\\/#primaryimage\",\"url\":\"https:\\\/\\\/vorulagerinn.is\\\/wp-content\\\/uploads\\\/2025\\\/07\\\/JR-PBM08-PRO-1.jpg\",\"contentUrl\":\"https:\\\/\\\/vorulagerinn.is\\\/wp-content\\\/uploads\\\/2025\\\/07\\\/JR-PBM08-PRO-1.jpg\",\"width\":600,\"height\":600},{\"@type\":\"BreadcrumbList\",\"@id\":\"https:\\\/\\\/vorulagerinn.is\\\/product\\\/jr-pbm08-pro\\\/#breadcrumb\",\"itemListElement\":[{\"@type\":\"ListItem\",\"position\":1,\"name\":\"Home\",\"item\":\"https:\\\/\\\/vorulagerinn.is\\\/\"},{\"@type\":\"ListItem\",\"position\":2,\"name\":\"Shop\",\"item\":\"https:\\\/\\\/vorulagerinn.is\\\/en\\\/shop\\\/\"},{\"@type\":\"ListItem\",\"position\":3,\"name\":\"\u00d6flugur 10.000mAh 20W iPhone MagSafe hle\u00f0slubanki fyrir f\u00f3lk \u00e1 fer\u00f0inni\"}]},{\"@type\":\"WebSite\",\"@id\":\"https:\\\/\\\/vorulagerinn.is\\\/#website\",\"url\":\"https:\\\/\\\/vorulagerinn.is\\\/\",\"name\":\"V\u00f6rulagerinn\",\"description\":\"L\u00e1ttu \u00fea\u00f0 eftir \u00fe\u00e9r\",\"publisher\":{\"@id\":\"https:\\\/\\\/vorulagerinn.is\\\/#organization\"},\"potentialAction\":[{\"@type\":\"SearchAction\",\"target\":{\"@type\":\"EntryPoint\",\"urlTemplate\":\"https:\\\/\\\/vorulagerinn.is\\\/?s={search_term_string}\"},\"query-input\":{\"@type\":\"PropertyValueSpecification\",\"valueRequired\":true,\"valueName\":\"search_term_string\"}}],\"inLanguage\":\"en-US\"},{\"@type\":\"Organization\",\"@id\":\"https:\\\/\\\/vorulagerinn.is\\\/#organization\",\"name\":\"V\u00f6rulagerinn\",\"url\":\"https:\\\/\\\/vorulagerinn.is\\\/\",\"logo\":{\"@type\":\"ImageObject\",\"inLanguage\":\"en-US\",\"@id\":\"https:\\\/\\\/vorulagerinn.is\\\/#\\\/schema\\\/logo\\\/image\\\/\",\"url\":\"https:\\\/\\\/vorulagerinn.is\\\/wp-content\\\/uploads\\\/2022\\\/09\\\/Vorulagerinn-Logo-588x160-1.png\",\"contentUrl\":\"https:\\\/\\\/vorulagerinn.is\\\/wp-content\\\/uploads\\\/2022\\\/09\\\/Vorulagerinn-Logo-588x160-1.png\",\"width\":588,\"height\":160,\"caption\":\"V\u00f6rulagerinn\"},\"image\":{\"@id\":\"https:\\\/\\\/vorulagerinn.is\\\/#\\\/schema\\\/logo\\\/image\\\/\"},\"sameAs\":[\"https:\\\/\\\/www.facebook.com\\\/vorulagerinn\",\"https:\\\/\\\/www.instagram.com\\\/vorulagerinn\\\/\"]}]}<\/script>\n<meta property=\"product:price:amount\" content=\"8415\" \/>\n<meta property=\"product:price:currency\" content=\"ISK\" \/>\n<meta property=\"og:availability\" content=\"instock\" \/>\n<meta property=\"product:availability\" content=\"instock\" \/>\n<meta property=\"product:retailer_item_id\" content=\"JR-PBM08 PRO\" \/>\n<meta property=\"product:condition\" content=\"new\" \/>\n<!-- \/ Yoast SEO Premium plugin. -->","yoast_head_json":{"title":"\u00d6flugur 10.000mAh 20W iPhone MagSafe hle\u00f0slubanki","description":"\u00d6flugur 10.000mAh 20W hle\u00f0slubanki. Innbyggt MagSafe heldur iPhone 11\/12\/13\/14\/15\/16 f\u00f6stum. USB-C & Lightning tengi (Apple & Android t\u00e6ki).","robots":{"index":"index","follow":"follow","max-snippet":"max-snippet:-1","max-image-preview":"max-image-preview:large","max-video-preview":"max-video-preview:-1"},"canonical":"https:\/\/vorulagerinn.is\/product\/jr-pbm08-pro\/","og_locale":"en_US","og_type":"article","og_title":"\u00d6flugur 10.000mAh 20W iPhone MagSafe hle\u00f0slubanki fyrir f\u00f3lk \u00e1 fer\u00f0inni","og_description":"\u00d6flugur 10.000mAh 20W hle\u00f0slubanki. Innbyggt MagSafe heldur iPhone 11\/12\/13\/14\/15\/16 f\u00f6stum. USB-C & Lightning tengi (Apple & Android t\u00e6ki).","og_url":"https:\/\/vorulagerinn.is\/product\/jr-pbm08-pro\/","og_site_name":"V&ouml;rulagerinn","article_publisher":"https:\/\/www.facebook.com\/vorulagerinn","article_modified_time":"2026-04-09T09:10:37+00:00","og_image":[{"width":600,"height":600,"url":"https:\/\/vorulagerinn.is\/wp-content\/uploads\/2025\/07\/JR-PBM08-PRO-1.jpg","type":"image\/jpeg"}],"twitter_card":"summary_large_image","twitter_misc":{"Price":"8.415&nbsp;kr.","Availability":"In stock"},"schema":{"@context":"https:\/\/schema.org","@graph":[{"@type":"WebPage","@id":"https:\/\/vorulagerinn.is\/product\/jr-pbm08-pro\/","url":"https:\/\/vorulagerinn.is\/product\/jr-pbm08-pro\/","name":"\u00d6flugur 10.000mAh 20W iPhone MagSafe hle\u00f0slubanki","isPartOf":{"@id":"https:\/\/vorulagerinn.is\/#website"},"primaryImageOfPage":{"@id":"https:\/\/vorulagerinn.is\/product\/jr-pbm08-pro\/#primaryimage"},"image":{"@id":"https:\/\/vorulagerinn.is\/product\/jr-pbm08-pro\/#primaryimage"},"thumbnailUrl":"https:\/\/vorulagerinn.is\/wp-content\/uploads\/2025\/07\/JR-PBM08-PRO-1.jpg","datePublished":"2025-07-16T11:07:55+00:00","dateModified":"2026-04-09T09:10:37+00:00","description":"\u00d6flugur 10.000mAh 20W hle\u00f0slubanki. Innbyggt MagSafe heldur iPhone 11\/12\/13\/14\/15\/16 f\u00f6stum. USB-C & Lightning tengi (Apple & Android t\u00e6ki).","breadcrumb":{"@id":"https:\/\/vorulagerinn.is\/product\/jr-pbm08-pro\/#breadcrumb"},"inLanguage":"en-US","potentialAction":[{"@type":"ReadAction","target":["https:\/\/vorulagerinn.is\/product\/jr-pbm08-pro\/"]}]},{"@type":"ImageObject","inLanguage":"en-US","@id":"https:\/\/vorulagerinn.is\/product\/jr-pbm08-pro\/#primaryimage","url":"https:\/\/vorulagerinn.is\/wp-content\/uploads\/2025\/07\/JR-PBM08-PRO-1.jpg","contentUrl":"https:\/\/vorulagerinn.is\/wp-content\/uploads\/2025\/07\/JR-PBM08-PRO-1.jpg","width":600,"height":600},{"@type":"BreadcrumbList","@id":"https:\/\/vorulagerinn.is\/product\/jr-pbm08-pro\/#breadcrumb","itemListElement":[{"@type":"ListItem","position":1,"name":"Home","item":"https:\/\/vorulagerinn.is\/"},{"@type":"ListItem","position":2,"name":"Shop","item":"https:\/\/vorulagerinn.is\/en\/shop\/"},{"@type":"ListItem","position":3,"name":"\u00d6flugur 10.000mAh 20W iPhone MagSafe hle\u00f0slubanki fyrir f\u00f3lk \u00e1 fer\u00f0inni"}]},{"@type":"WebSite","@id":"https:\/\/vorulagerinn.is\/#website","url":"https:\/\/vorulagerinn.is\/","name":"V\u00f6rulagerinn","description":"L\u00e1ttu \u00fea\u00f0 eftir \u00fe\u00e9r","publisher":{"@id":"https:\/\/vorulagerinn.is\/#organization"},"potentialAction":[{"@type":"SearchAction","target":{"@type":"EntryPoint","urlTemplate":"https:\/\/vorulagerinn.is\/?s={search_term_string}"},"query-input":{"@type":"PropertyValueSpecification","valueRequired":true,"valueName":"search_term_string"}}],"inLanguage":"en-US"},{"@type":"Organization","@id":"https:\/\/vorulagerinn.is\/#organization","name":"V\u00f6rulagerinn","url":"https:\/\/vorulagerinn.is\/","logo":{"@type":"ImageObject","inLanguage":"en-US","@id":"https:\/\/vorulagerinn.is\/#\/schema\/logo\/image\/","url":"https:\/\/vorulagerinn.is\/wp-content\/uploads\/2022\/09\/Vorulagerinn-Logo-588x160-1.png","contentUrl":"https:\/\/vorulagerinn.is\/wp-content\/uploads\/2022\/09\/Vorulagerinn-Logo-588x160-1.png","width":588,"height":160,"caption":"V\u00f6rulagerinn"},"image":{"@id":"https:\/\/vorulagerinn.is\/#\/schema\/logo\/image\/"},"sameAs":["https:\/\/www.facebook.com\/vorulagerinn","https:\/\/www.instagram.com\/vorulagerinn\/"]}]},"product_price_amount":"8415","product_price_currency":"ISK","og_availability":"instock","product_availability":"instock","product_retailer_item_id":"JR-PBM08 PRO","product_condition":"new"},"_links":{"self":[{"href":"https:\/\/vorulagerinn.is\/en\/wp-json\/wp\/v2\/product\/29137","targetHints":{"allow":["GET"]}}],"collection":[{"href":"https:\/\/vorulagerinn.is\/en\/wp-json\/wp\/v2\/product"}],"about":[{"href":"https:\/\/vorulagerinn.is\/en\/wp-json\/wp\/v2\/types\/product"}],"wp:featuredmedia":[{"embeddable":true,"href":"https:\/\/vorulagerinn.is\/en\/wp-json\/wp\/v2\/media\/30642"}],"wp:attachment":[{"href":"https:\/\/vorulagerinn.is\/en\/wp-json\/wp\/v2\/media?parent=29137"}],"wp:term":[{"taxonomy":"product_brand","embeddable":true,"href":"https:\/\/vorulagerinn.is\/en\/wp-json\/wp\/v2\/product_brand?post=29137"},{"taxonomy":"product_cat","embeddable":true,"href":"https:\/\/vorulagerinn.is\/en\/wp-json\/wp\/v2\/product_cat?post=29137"},{"taxonomy":"product_tag","embeddable":true,"href":"https:\/\/vorulagerinn.is\/en\/wp-json\/wp\/v2\/product_tag?post=29137"}],"curies":[{"name":"wp","href":"https:\/\/api.w.org\/{rel}","templated":true}]}}