{"id":29162,"date":"2025-07-16T10:44:00","date_gmt":"2025-07-16T10:44:00","guid":{"rendered":"https:\/\/vorulagerinn.is\/product\/jr-pbf27\/"},"modified":"2026-02-15T17:09:51","modified_gmt":"2026-02-15T17:09:51","slug":"jr-pbf27","status":"publish","type":"product","link":"https:\/\/vorulagerinn.is\/en\/product\/jr-pbf27\/","title":{"rendered":"St\u00edlhreinn, l\u00edtill og nettur 22,5W hle\u00f0slubanki me\u00f0 10.000mAh rafhl\u00f6\u00f0u, USB-C &amp; Lightning sn\u00faru)"},"content":{"rendered":"","protected":false},"excerpt":{"rendered":"<p>St\u00edlhreinn og \u00f6flugur 10.000mAh hra\u00f0hle\u00f0slubanki \/ fer\u00f0arafhla\u00f0a me\u00f0 22,5W hle\u00f0slugetu sem s\u00e9r til \u00feess a\u00f0 t\u00e6kin \u00fe\u00edn eru \u00e1valt hla\u00f0in \u00feegar \u00e1 \u00fearf a\u00f0 halda hvar og hven\u00e6r sem er. Fer\u00f0arafhla\u00f0an er me\u00f0 innbygg\u00f0a USB-C og Lightning hle\u00f0slusn\u00farur \u00e1samt USB-C tengi. \u00dea\u00f0 er h\u00e6gt a\u00f0 hla\u00f0a \u00f6ll Apple t\u00e6ki (iPhone, iWatch og Airpods) \u00feegar \u00feess er \u00fe\u00f6rf. \u00de\u00e1 getur \u00fe\u00fa hla\u00f0i\u00f0 \u00f6ll t\u00e6ki sem nota USB-C tengi s.s. Android, Samsung, Xiaomi, Huawei, Nokia, MacBook o.fl. Hle\u00f0slubankinn gerir \u00fe\u00e9r kleift a\u00f0 hla\u00f0a allt a\u00f0 \u00ferj\u00fa t\u00e6ki \u00ed einu.<\/p>\n<p>Hle\u00f0slubankinn er me\u00f0 LED skj\u00e1 sem s\u00fdnir hversu mikil rafhla\u00f0a er eftir. \u00dea\u00f0 er innbygg\u00f0ur \u201esmart\u201c kubbur sem tryggir vernd gegn ofhle\u00f0slu, ofhitnun og skammhlaupi. \u00dea\u00f0 m\u00e1 taka hle\u00f0slubankann me\u00f0 \u00ed flugv\u00e9l.<\/p>\n<p>Fr\u00e1b\u00e6r fer\u00f0af\u00e9lagi sem fer l\u00edti\u00f0 sem ekkert fyrir \u00ed t\u00f6sku.<\/p>\n<p>Litur: Svartur<br \/>\nSt\u00e6r\u00f0: 7,8 x 6,3 x 2,7 cm<br \/>\n\u00deyngd: 179g<br \/>\nRafhla\u00f0a: 10.000mAh<br \/>\nInput: 5V=3.0A, 9V=2.0A, 12V=1.5A\uff0818W\uff09<br \/>\nOutput: 5V=2.4A, 9V=2.22A, 10V=2.25A, 12V=1.67A\uff0822.5W\uff09<br \/>\nOutput: 5V=2.4A, 9V=2.22A\uff0820W\uff09<br \/>\nUSB-C \u00ed USB-A hle\u00f0slusn\u00fara fylgir me\u00f0<br \/>\nVottun: CE\/RoHS\/FCC<\/p>\n","protected":false},"featured_media":29156,"template":"","meta":[],"product_brand":[420],"product_cat":[446],"product_tag":[],"class_list":{"0":"post-29162","1":"product","2":"type-product","3":"status-publish","4":"has-post-thumbnail","6":"product_brand-joyroom","7":"product_cat-hledslubanki-ferdarafhlada","9":"first","10":"instock","11":"sale","12":"taxable","13":"shipping-taxable","14":"purchasable","15":"product-type-simple"},"supplier_id":null,"supplier_sku":"","barcode":null,"atum_controlled":true,"out_stock_date":null,"out_stock_threshold":null,"inheritable":false,"inbound_stock":0,"stock_on_hold":0,"sold_today":0,"sales_last_days":0,"reserved_stock":0,"customer_returns":0,"warehouse_damage":0,"lost_in_post":0,"other_logs":0,"out_stock_days":0,"lost_sales":0,"has_location":false,"update_date":"2026-04-19T00:22:46","atum_locations":[],"atum_stock_status":"instock","restock_status":false,"low_stock_amount":"","sales_update_date":"2026-04-19T00:22:46","calc_backorders":null,"yoast_head":"<!-- This site is optimized with the Yoast SEO Premium plugin v26.6 (Yoast SEO v27.3) - https:\/\/yoast.com\/product\/yoast-seo-premium-wordpress\/ -->\n<title>22,5W hle\u00f0slubanki me\u00f0 10.000mAh | USB-C &amp; Lightning sn\u00fara)<\/title>\n<meta name=\"description\" content=\"\u00d6flugur hra\u00f0hle\u00f0slubanki me\u00f0 22,5W hle\u00f0slugetu, LED skj\u00e1 &amp; innbygg\u00f0a USB-C &amp; Lightning hle\u00f0slusn\u00farur \u00e1samt USB-C tengi. Hle\u00f0ur Apple, Android o.fl.\" \/>\n<meta name=\"robots\" content=\"index, follow, max-snippet:-1, max-image-preview:large, max-video-preview:-1\" \/>\n<link rel=\"canonical\" href=\"https:\/\/vorulagerinn.is\/product\/jr-pbf27\/\" \/>\n<meta property=\"og:locale\" content=\"en_US\" \/>\n<meta property=\"og:type\" content=\"article\" \/>\n<meta property=\"og:title\" content=\"St\u00edlhreinn, l\u00edtill og nettur 22,5W hle\u00f0slubanki me\u00f0 10.000mAh rafhl\u00f6\u00f0u, USB-C &amp; Lightning sn\u00faru)\" \/>\n<meta property=\"og:description\" content=\"\u00d6flugur hra\u00f0hle\u00f0slubanki me\u00f0 22,5W hle\u00f0slugetu, LED skj\u00e1 &amp; innbygg\u00f0a USB-C &amp; Lightning hle\u00f0slusn\u00farur \u00e1samt USB-C tengi. Hle\u00f0ur Apple, Android o.fl.\" \/>\n<meta property=\"og:url\" content=\"https:\/\/vorulagerinn.is\/product\/jr-pbf27\/\" \/>\n<meta property=\"og:site_name\" content=\"V&ouml;rulagerinn\" \/>\n<meta property=\"article:publisher\" content=\"https:\/\/www.facebook.com\/vorulagerinn\" \/>\n<meta property=\"article:modified_time\" content=\"2026-02-15T17:09:51+00:00\" \/>\n<meta property=\"og:image\" content=\"https:\/\/vorulagerinn.is\/wp-content\/uploads\/2025\/09\/JR-PBF27.jpg\" \/>\n\t<meta property=\"og:image:width\" content=\"600\" \/>\n\t<meta property=\"og:image:height\" content=\"600\" \/>\n\t<meta property=\"og:image:type\" content=\"image\/jpeg\" \/>\n<meta name=\"twitter:card\" content=\"summary_large_image\" \/>\n<meta name=\"twitter:label1\" content=\"Price\" \/>\n\t<meta name=\"twitter:data1\" content=\"9.410&nbsp;kr.\" \/>\n\t<meta name=\"twitter:label2\" content=\"Availability\" \/>\n\t<meta name=\"twitter:data2\" content=\"In stock\" \/>\n<script type=\"application\/ld+json\" class=\"yoast-schema-graph\">{\"@context\":\"https:\\\/\\\/schema.org\",\"@graph\":[{\"@type\":\"WebPage\",\"@id\":\"https:\\\/\\\/vorulagerinn.is\\\/product\\\/jr-pbf27\\\/\",\"url\":\"https:\\\/\\\/vorulagerinn.is\\\/product\\\/jr-pbf27\\\/\",\"name\":\"22,5W hle\u00f0slubanki me\u00f0 10.000mAh | USB-C & Lightning sn\u00fara)\",\"isPartOf\":{\"@id\":\"https:\\\/\\\/vorulagerinn.is\\\/#website\"},\"primaryImageOfPage\":{\"@id\":\"https:\\\/\\\/vorulagerinn.is\\\/product\\\/jr-pbf27\\\/#primaryimage\"},\"image\":{\"@id\":\"https:\\\/\\\/vorulagerinn.is\\\/product\\\/jr-pbf27\\\/#primaryimage\"},\"thumbnailUrl\":\"https:\\\/\\\/vorulagerinn.is\\\/wp-content\\\/uploads\\\/2025\\\/09\\\/JR-PBF27.jpg\",\"datePublished\":\"2025-07-16T10:44:00+00:00\",\"dateModified\":\"2026-02-15T17:09:51+00:00\",\"description\":\"\u00d6flugur hra\u00f0hle\u00f0slubanki me\u00f0 22,5W hle\u00f0slugetu, LED skj\u00e1 & innbygg\u00f0a USB-C & Lightning hle\u00f0slusn\u00farur \u00e1samt USB-C tengi. Hle\u00f0ur Apple, Android o.fl.\",\"breadcrumb\":{\"@id\":\"https:\\\/\\\/vorulagerinn.is\\\/product\\\/jr-pbf27\\\/#breadcrumb\"},\"inLanguage\":\"en-US\",\"potentialAction\":[{\"@type\":\"ReadAction\",\"target\":[\"https:\\\/\\\/vorulagerinn.is\\\/product\\\/jr-pbf27\\\/\"]}]},{\"@type\":\"ImageObject\",\"inLanguage\":\"en-US\",\"@id\":\"https:\\\/\\\/vorulagerinn.is\\\/product\\\/jr-pbf27\\\/#primaryimage\",\"url\":\"https:\\\/\\\/vorulagerinn.is\\\/wp-content\\\/uploads\\\/2025\\\/09\\\/JR-PBF27.jpg\",\"contentUrl\":\"https:\\\/\\\/vorulagerinn.is\\\/wp-content\\\/uploads\\\/2025\\\/09\\\/JR-PBF27.jpg\",\"width\":600,\"height\":600},{\"@type\":\"BreadcrumbList\",\"@id\":\"https:\\\/\\\/vorulagerinn.is\\\/product\\\/jr-pbf27\\\/#breadcrumb\",\"itemListElement\":[{\"@type\":\"ListItem\",\"position\":1,\"name\":\"Home\",\"item\":\"https:\\\/\\\/vorulagerinn.is\\\/\"},{\"@type\":\"ListItem\",\"position\":2,\"name\":\"Shop\",\"item\":\"https:\\\/\\\/vorulagerinn.is\\\/en\\\/shop\\\/\"},{\"@type\":\"ListItem\",\"position\":3,\"name\":\"St\u00edlhreinn, l\u00edtill og nettur 22,5W hle\u00f0slubanki me\u00f0 10.000mAh rafhl\u00f6\u00f0u, USB-C &amp; Lightning sn\u00faru)\"}]},{\"@type\":\"WebSite\",\"@id\":\"https:\\\/\\\/vorulagerinn.is\\\/#website\",\"url\":\"https:\\\/\\\/vorulagerinn.is\\\/\",\"name\":\"V\u00f6rulagerinn\",\"description\":\"L\u00e1ttu \u00fea\u00f0 eftir \u00fe\u00e9r\",\"publisher\":{\"@id\":\"https:\\\/\\\/vorulagerinn.is\\\/#organization\"},\"potentialAction\":[{\"@type\":\"SearchAction\",\"target\":{\"@type\":\"EntryPoint\",\"urlTemplate\":\"https:\\\/\\\/vorulagerinn.is\\\/?s={search_term_string}\"},\"query-input\":{\"@type\":\"PropertyValueSpecification\",\"valueRequired\":true,\"valueName\":\"search_term_string\"}}],\"inLanguage\":\"en-US\"},{\"@type\":\"Organization\",\"@id\":\"https:\\\/\\\/vorulagerinn.is\\\/#organization\",\"name\":\"V\u00f6rulagerinn\",\"url\":\"https:\\\/\\\/vorulagerinn.is\\\/\",\"logo\":{\"@type\":\"ImageObject\",\"inLanguage\":\"en-US\",\"@id\":\"https:\\\/\\\/vorulagerinn.is\\\/#\\\/schema\\\/logo\\\/image\\\/\",\"url\":\"https:\\\/\\\/vorulagerinn.is\\\/wp-content\\\/uploads\\\/2022\\\/09\\\/Vorulagerinn-Logo-588x160-1.png\",\"contentUrl\":\"https:\\\/\\\/vorulagerinn.is\\\/wp-content\\\/uploads\\\/2022\\\/09\\\/Vorulagerinn-Logo-588x160-1.png\",\"width\":588,\"height\":160,\"caption\":\"V\u00f6rulagerinn\"},\"image\":{\"@id\":\"https:\\\/\\\/vorulagerinn.is\\\/#\\\/schema\\\/logo\\\/image\\\/\"},\"sameAs\":[\"https:\\\/\\\/www.facebook.com\\\/vorulagerinn\",\"https:\\\/\\\/www.instagram.com\\\/vorulagerinn\\\/\"]}]}<\/script>\n<meta property=\"product:price:amount\" content=\"9410\" \/>\n<meta property=\"product:price:currency\" content=\"ISK\" \/>\n<meta property=\"og:availability\" content=\"instock\" \/>\n<meta property=\"product:availability\" content=\"instock\" \/>\n<meta property=\"product:retailer_item_id\" content=\"JR-PBF27\" \/>\n<meta property=\"product:condition\" content=\"new\" \/>\n<!-- \/ Yoast SEO Premium plugin. -->","yoast_head_json":{"title":"22,5W hle\u00f0slubanki me\u00f0 10.000mAh | USB-C & Lightning sn\u00fara)","description":"\u00d6flugur hra\u00f0hle\u00f0slubanki me\u00f0 22,5W hle\u00f0slugetu, LED skj\u00e1 & innbygg\u00f0a USB-C & Lightning hle\u00f0slusn\u00farur \u00e1samt USB-C tengi. Hle\u00f0ur Apple, Android o.fl.","robots":{"index":"index","follow":"follow","max-snippet":"max-snippet:-1","max-image-preview":"max-image-preview:large","max-video-preview":"max-video-preview:-1"},"canonical":"https:\/\/vorulagerinn.is\/product\/jr-pbf27\/","og_locale":"en_US","og_type":"article","og_title":"St\u00edlhreinn, l\u00edtill og nettur 22,5W hle\u00f0slubanki me\u00f0 10.000mAh rafhl\u00f6\u00f0u, USB-C &amp; Lightning sn\u00faru)","og_description":"\u00d6flugur hra\u00f0hle\u00f0slubanki me\u00f0 22,5W hle\u00f0slugetu, LED skj\u00e1 & innbygg\u00f0a USB-C & Lightning hle\u00f0slusn\u00farur \u00e1samt USB-C tengi. Hle\u00f0ur Apple, Android o.fl.","og_url":"https:\/\/vorulagerinn.is\/product\/jr-pbf27\/","og_site_name":"V&ouml;rulagerinn","article_publisher":"https:\/\/www.facebook.com\/vorulagerinn","article_modified_time":"2026-02-15T17:09:51+00:00","og_image":[{"width":600,"height":600,"url":"https:\/\/vorulagerinn.is\/wp-content\/uploads\/2025\/09\/JR-PBF27.jpg","type":"image\/jpeg"}],"twitter_card":"summary_large_image","twitter_misc":{"Price":"9.410&nbsp;kr.","Availability":"In stock"},"schema":{"@context":"https:\/\/schema.org","@graph":[{"@type":"WebPage","@id":"https:\/\/vorulagerinn.is\/product\/jr-pbf27\/","url":"https:\/\/vorulagerinn.is\/product\/jr-pbf27\/","name":"22,5W hle\u00f0slubanki me\u00f0 10.000mAh | USB-C & Lightning sn\u00fara)","isPartOf":{"@id":"https:\/\/vorulagerinn.is\/#website"},"primaryImageOfPage":{"@id":"https:\/\/vorulagerinn.is\/product\/jr-pbf27\/#primaryimage"},"image":{"@id":"https:\/\/vorulagerinn.is\/product\/jr-pbf27\/#primaryimage"},"thumbnailUrl":"https:\/\/vorulagerinn.is\/wp-content\/uploads\/2025\/09\/JR-PBF27.jpg","datePublished":"2025-07-16T10:44:00+00:00","dateModified":"2026-02-15T17:09:51+00:00","description":"\u00d6flugur hra\u00f0hle\u00f0slubanki me\u00f0 22,5W hle\u00f0slugetu, LED skj\u00e1 & innbygg\u00f0a USB-C & Lightning hle\u00f0slusn\u00farur \u00e1samt USB-C tengi. Hle\u00f0ur Apple, Android o.fl.","breadcrumb":{"@id":"https:\/\/vorulagerinn.is\/product\/jr-pbf27\/#breadcrumb"},"inLanguage":"en-US","potentialAction":[{"@type":"ReadAction","target":["https:\/\/vorulagerinn.is\/product\/jr-pbf27\/"]}]},{"@type":"ImageObject","inLanguage":"en-US","@id":"https:\/\/vorulagerinn.is\/product\/jr-pbf27\/#primaryimage","url":"https:\/\/vorulagerinn.is\/wp-content\/uploads\/2025\/09\/JR-PBF27.jpg","contentUrl":"https:\/\/vorulagerinn.is\/wp-content\/uploads\/2025\/09\/JR-PBF27.jpg","width":600,"height":600},{"@type":"BreadcrumbList","@id":"https:\/\/vorulagerinn.is\/product\/jr-pbf27\/#breadcrumb","itemListElement":[{"@type":"ListItem","position":1,"name":"Home","item":"https:\/\/vorulagerinn.is\/"},{"@type":"ListItem","position":2,"name":"Shop","item":"https:\/\/vorulagerinn.is\/en\/shop\/"},{"@type":"ListItem","position":3,"name":"St\u00edlhreinn, l\u00edtill og nettur 22,5W hle\u00f0slubanki me\u00f0 10.000mAh rafhl\u00f6\u00f0u, USB-C &amp; Lightning sn\u00faru)"}]},{"@type":"WebSite","@id":"https:\/\/vorulagerinn.is\/#website","url":"https:\/\/vorulagerinn.is\/","name":"V\u00f6rulagerinn","description":"L\u00e1ttu \u00fea\u00f0 eftir \u00fe\u00e9r","publisher":{"@id":"https:\/\/vorulagerinn.is\/#organization"},"potentialAction":[{"@type":"SearchAction","target":{"@type":"EntryPoint","urlTemplate":"https:\/\/vorulagerinn.is\/?s={search_term_string}"},"query-input":{"@type":"PropertyValueSpecification","valueRequired":true,"valueName":"search_term_string"}}],"inLanguage":"en-US"},{"@type":"Organization","@id":"https:\/\/vorulagerinn.is\/#organization","name":"V\u00f6rulagerinn","url":"https:\/\/vorulagerinn.is\/","logo":{"@type":"ImageObject","inLanguage":"en-US","@id":"https:\/\/vorulagerinn.is\/#\/schema\/logo\/image\/","url":"https:\/\/vorulagerinn.is\/wp-content\/uploads\/2022\/09\/Vorulagerinn-Logo-588x160-1.png","contentUrl":"https:\/\/vorulagerinn.is\/wp-content\/uploads\/2022\/09\/Vorulagerinn-Logo-588x160-1.png","width":588,"height":160,"caption":"V\u00f6rulagerinn"},"image":{"@id":"https:\/\/vorulagerinn.is\/#\/schema\/logo\/image\/"},"sameAs":["https:\/\/www.facebook.com\/vorulagerinn","https:\/\/www.instagram.com\/vorulagerinn\/"]}]},"product_price_amount":"9410","product_price_currency":"ISK","og_availability":"instock","product_availability":"instock","product_retailer_item_id":"JR-PBF27","product_condition":"new"},"_links":{"self":[{"href":"https:\/\/vorulagerinn.is\/en\/wp-json\/wp\/v2\/product\/29162","targetHints":{"allow":["GET"]}}],"collection":[{"href":"https:\/\/vorulagerinn.is\/en\/wp-json\/wp\/v2\/product"}],"about":[{"href":"https:\/\/vorulagerinn.is\/en\/wp-json\/wp\/v2\/types\/product"}],"wp:featuredmedia":[{"embeddable":true,"href":"https:\/\/vorulagerinn.is\/en\/wp-json\/wp\/v2\/media\/29156"}],"wp:attachment":[{"href":"https:\/\/vorulagerinn.is\/en\/wp-json\/wp\/v2\/media?parent=29162"}],"wp:term":[{"taxonomy":"product_brand","embeddable":true,"href":"https:\/\/vorulagerinn.is\/en\/wp-json\/wp\/v2\/product_brand?post=29162"},{"taxonomy":"product_cat","embeddable":true,"href":"https:\/\/vorulagerinn.is\/en\/wp-json\/wp\/v2\/product_cat?post=29162"},{"taxonomy":"product_tag","embeddable":true,"href":"https:\/\/vorulagerinn.is\/en\/wp-json\/wp\/v2\/product_tag?post=29162"}],"curies":[{"name":"wp","href":"https:\/\/api.w.org\/{rel}","templated":true}]}}