{"id":29187,"date":"2025-07-16T10:00:41","date_gmt":"2025-07-16T10:00:41","guid":{"rendered":"https:\/\/vorulagerinn.is\/product\/jr-pr1\/"},"modified":"2026-02-15T17:08:23","modified_gmt":"2026-02-15T17:08:23","slug":"hledslubanki","status":"publish","type":"product","link":"https:\/\/vorulagerinn.is\/en\/product\/hledslubanki\/","title":{"rendered":"Hle\u00f0slubanki 22,5W me\u00f0 10.000mAh rafhl\u00f6\u00f0u me\u00f0 70 cm \u00fatdraganlega USB-C sn\u00faru"},"content":{"rendered":"","protected":false},"excerpt":{"rendered":"<p>Traustur 10.000mAh hle\u00f0slubanki sem gerir \u00fe\u00e9r kleift a\u00f0 hla\u00f0a t\u00e6kin \u00fe\u00edn \u00e1 fer\u00f0inni. \u00dea\u00f0 er LED skj\u00e1r \u00e1 hle\u00f0slubankanum sem s\u00fdnir st\u00f6\u00f0u rafhl\u00f6\u00f0u \u00ed raunt\u00edma. Innbygg\u00f0 USB-C \u00fatdraganleg 70 cm hle\u00f0slusn\u00fara \u00e1samt USB-C tengi. \u00d6flugur og nettur hle\u00f0slubanki sem hle\u00f0ur snjalls\u00edma, spjaldt\u00f6lvur, heyrnart\u00f3l \u00e1samt \u00f6\u00f0rum t\u00e6kjum sem eru me\u00f0 USB-C tengi (Android). Vernd gegn ofhle\u00f0slu, ofhitnun, skammhlaupi o.fl. \u00dea\u00f0 m\u00e1 taka hle\u00f0slubankann me\u00f0 \u00ed flugv\u00e9l.<\/p>\n<p>Litur: Svartur<br \/>\nSt\u00e6r\u00f0: 10,2 x 6 x 3 cm<br \/>\n\u00deyngd: 200 g<br \/>\nRafhla\u00f0a: Polymer Lithium<br \/>\n10.000mAh<br \/>\nInput: 5V- 3.0A, 9V-2.0A, 12V=1.5A<br \/>\nOutput Cable: 5V -2.4A, 9V-2.22A, 10V -2.25A, 12V-1.67A<br \/>\nMulti-Port Output: 5V=2.4A<br \/>\nVottun: CE\/Rohs<\/p>\n","protected":false},"featured_media":29179,"template":"","meta":[],"product_brand":[420],"product_cat":[446],"product_tag":[],"class_list":{"0":"post-29187","1":"product","2":"type-product","3":"status-publish","4":"has-post-thumbnail","6":"product_brand-joyroom","7":"product_cat-hledslubanki-ferdarafhlada","9":"first","10":"instock","11":"sale","12":"taxable","13":"shipping-taxable","14":"purchasable","15":"product-type-simple"},"supplier_id":null,"supplier_sku":"","barcode":null,"atum_controlled":true,"out_stock_date":null,"out_stock_threshold":null,"inheritable":false,"inbound_stock":0,"stock_on_hold":0,"sold_today":0,"sales_last_days":0,"reserved_stock":0,"customer_returns":0,"warehouse_damage":0,"lost_in_post":0,"other_logs":0,"out_stock_days":0,"lost_sales":0,"has_location":false,"update_date":"2026-04-19T00:22:43","atum_locations":[],"atum_stock_status":"instock","restock_status":false,"low_stock_amount":"","sales_update_date":"2026-04-19T00:22:43","calc_backorders":null,"yoast_head":"<!-- This site is optimized with the Yoast SEO Premium plugin v26.6 (Yoast SEO v27.3) - https:\/\/yoast.com\/product\/yoast-seo-premium-wordpress\/ -->\n<title>Hle\u00f0slubanki 22,5W me\u00f0 10.000mAh rafhl\u00f6\u00f0u | USB-C sn\u00fara<\/title>\n<meta name=\"description\" content=\"Hle\u00f0slubanki 22,5W me\u00f0 10.000mAh rafhl\u00f6\u00f0u og 70 cm \u00fatdraganlega USB-C sn\u00faru. USB-C hle\u00f0slutengi til a\u00f0 hla\u00f0a t\u00e6kin \u00e1 fer\u00f0inni.\" \/>\n<meta name=\"robots\" content=\"index, follow, max-snippet:-1, max-image-preview:large, max-video-preview:-1\" \/>\n<link rel=\"canonical\" href=\"https:\/\/vorulagerinn.is\/product\/hledslubanki\/\" \/>\n<meta property=\"og:locale\" content=\"en_US\" \/>\n<meta property=\"og:type\" content=\"article\" \/>\n<meta property=\"og:title\" content=\"Hle\u00f0slubanki 22,5W me\u00f0 10.000mAh rafhl\u00f6\u00f0u me\u00f0 70 cm \u00fatdraganlega USB-C sn\u00faru\" \/>\n<meta property=\"og:description\" content=\"Hle\u00f0slubanki 22,5W me\u00f0 10.000mAh rafhl\u00f6\u00f0u og 70 cm \u00fatdraganlega USB-C sn\u00faru. USB-C hle\u00f0slutengi til a\u00f0 hla\u00f0a t\u00e6kin \u00e1 fer\u00f0inni.\" \/>\n<meta property=\"og:url\" content=\"https:\/\/vorulagerinn.is\/product\/hledslubanki\/\" \/>\n<meta property=\"og:site_name\" content=\"V&ouml;rulagerinn\" \/>\n<meta property=\"article:publisher\" content=\"https:\/\/www.facebook.com\/vorulagerinn\" \/>\n<meta property=\"article:modified_time\" content=\"2026-02-15T17:08:23+00:00\" \/>\n<meta property=\"og:image\" content=\"https:\/\/vorulagerinn.is\/wp-content\/uploads\/2025\/09\/JR-PR1-1.jpg\" \/>\n\t<meta property=\"og:image:width\" content=\"600\" \/>\n\t<meta property=\"og:image:height\" content=\"600\" \/>\n\t<meta property=\"og:image:type\" content=\"image\/jpeg\" \/>\n<meta name=\"twitter:card\" content=\"summary_large_image\" \/>\n<meta name=\"twitter:label1\" content=\"Price\" \/>\n\t<meta name=\"twitter:data1\" content=\"8.245&nbsp;kr.\" \/>\n\t<meta name=\"twitter:label2\" content=\"Availability\" \/>\n\t<meta name=\"twitter:data2\" content=\"In stock\" \/>\n<script type=\"application\/ld+json\" class=\"yoast-schema-graph\">{\"@context\":\"https:\\\/\\\/schema.org\",\"@graph\":[{\"@type\":\"WebPage\",\"@id\":\"https:\\\/\\\/vorulagerinn.is\\\/product\\\/hledslubanki\\\/\",\"url\":\"https:\\\/\\\/vorulagerinn.is\\\/product\\\/hledslubanki\\\/\",\"name\":\"Hle\u00f0slubanki 22,5W me\u00f0 10.000mAh rafhl\u00f6\u00f0u | USB-C sn\u00fara\",\"isPartOf\":{\"@id\":\"https:\\\/\\\/vorulagerinn.is\\\/#website\"},\"primaryImageOfPage\":{\"@id\":\"https:\\\/\\\/vorulagerinn.is\\\/product\\\/hledslubanki\\\/#primaryimage\"},\"image\":{\"@id\":\"https:\\\/\\\/vorulagerinn.is\\\/product\\\/hledslubanki\\\/#primaryimage\"},\"thumbnailUrl\":\"https:\\\/\\\/vorulagerinn.is\\\/wp-content\\\/uploads\\\/2025\\\/09\\\/JR-PR1-1.jpg\",\"datePublished\":\"2025-07-16T10:00:41+00:00\",\"dateModified\":\"2026-02-15T17:08:23+00:00\",\"description\":\"Hle\u00f0slubanki 22,5W me\u00f0 10.000mAh rafhl\u00f6\u00f0u og 70 cm \u00fatdraganlega USB-C sn\u00faru. USB-C hle\u00f0slutengi til a\u00f0 hla\u00f0a t\u00e6kin \u00e1 fer\u00f0inni.\",\"breadcrumb\":{\"@id\":\"https:\\\/\\\/vorulagerinn.is\\\/product\\\/hledslubanki\\\/#breadcrumb\"},\"inLanguage\":\"en-US\",\"potentialAction\":[{\"@type\":\"ReadAction\",\"target\":[\"https:\\\/\\\/vorulagerinn.is\\\/product\\\/hledslubanki\\\/\"]}]},{\"@type\":\"ImageObject\",\"inLanguage\":\"en-US\",\"@id\":\"https:\\\/\\\/vorulagerinn.is\\\/product\\\/hledslubanki\\\/#primaryimage\",\"url\":\"https:\\\/\\\/vorulagerinn.is\\\/wp-content\\\/uploads\\\/2025\\\/09\\\/JR-PR1-1.jpg\",\"contentUrl\":\"https:\\\/\\\/vorulagerinn.is\\\/wp-content\\\/uploads\\\/2025\\\/09\\\/JR-PR1-1.jpg\",\"width\":600,\"height\":600},{\"@type\":\"BreadcrumbList\",\"@id\":\"https:\\\/\\\/vorulagerinn.is\\\/product\\\/hledslubanki\\\/#breadcrumb\",\"itemListElement\":[{\"@type\":\"ListItem\",\"position\":1,\"name\":\"Home\",\"item\":\"https:\\\/\\\/vorulagerinn.is\\\/\"},{\"@type\":\"ListItem\",\"position\":2,\"name\":\"Shop\",\"item\":\"https:\\\/\\\/vorulagerinn.is\\\/en\\\/shop\\\/\"},{\"@type\":\"ListItem\",\"position\":3,\"name\":\"Hle\u00f0slubanki 22,5W me\u00f0 10.000mAh rafhl\u00f6\u00f0u me\u00f0 70 cm \u00fatdraganlega USB-C sn\u00faru\"}]},{\"@type\":\"WebSite\",\"@id\":\"https:\\\/\\\/vorulagerinn.is\\\/#website\",\"url\":\"https:\\\/\\\/vorulagerinn.is\\\/\",\"name\":\"V\u00f6rulagerinn\",\"description\":\"L\u00e1ttu \u00fea\u00f0 eftir \u00fe\u00e9r\",\"publisher\":{\"@id\":\"https:\\\/\\\/vorulagerinn.is\\\/#organization\"},\"potentialAction\":[{\"@type\":\"SearchAction\",\"target\":{\"@type\":\"EntryPoint\",\"urlTemplate\":\"https:\\\/\\\/vorulagerinn.is\\\/?s={search_term_string}\"},\"query-input\":{\"@type\":\"PropertyValueSpecification\",\"valueRequired\":true,\"valueName\":\"search_term_string\"}}],\"inLanguage\":\"en-US\"},{\"@type\":\"Organization\",\"@id\":\"https:\\\/\\\/vorulagerinn.is\\\/#organization\",\"name\":\"V\u00f6rulagerinn\",\"url\":\"https:\\\/\\\/vorulagerinn.is\\\/\",\"logo\":{\"@type\":\"ImageObject\",\"inLanguage\":\"en-US\",\"@id\":\"https:\\\/\\\/vorulagerinn.is\\\/#\\\/schema\\\/logo\\\/image\\\/\",\"url\":\"https:\\\/\\\/vorulagerinn.is\\\/wp-content\\\/uploads\\\/2022\\\/09\\\/Vorulagerinn-Logo-588x160-1.png\",\"contentUrl\":\"https:\\\/\\\/vorulagerinn.is\\\/wp-content\\\/uploads\\\/2022\\\/09\\\/Vorulagerinn-Logo-588x160-1.png\",\"width\":588,\"height\":160,\"caption\":\"V\u00f6rulagerinn\"},\"image\":{\"@id\":\"https:\\\/\\\/vorulagerinn.is\\\/#\\\/schema\\\/logo\\\/image\\\/\"},\"sameAs\":[\"https:\\\/\\\/www.facebook.com\\\/vorulagerinn\",\"https:\\\/\\\/www.instagram.com\\\/vorulagerinn\\\/\"]}]}<\/script>\n<meta property=\"product:price:amount\" content=\"8245\" \/>\n<meta property=\"product:price:currency\" content=\"ISK\" \/>\n<meta property=\"og:availability\" content=\"instock\" \/>\n<meta property=\"product:availability\" content=\"instock\" \/>\n<meta property=\"product:retailer_item_id\" content=\"JR-PR1\" \/>\n<meta property=\"product:condition\" content=\"new\" \/>\n<!-- \/ Yoast SEO Premium plugin. -->","yoast_head_json":{"title":"Hle\u00f0slubanki 22,5W me\u00f0 10.000mAh rafhl\u00f6\u00f0u | USB-C sn\u00fara","description":"Hle\u00f0slubanki 22,5W me\u00f0 10.000mAh rafhl\u00f6\u00f0u og 70 cm \u00fatdraganlega USB-C sn\u00faru. USB-C hle\u00f0slutengi til a\u00f0 hla\u00f0a t\u00e6kin \u00e1 fer\u00f0inni.","robots":{"index":"index","follow":"follow","max-snippet":"max-snippet:-1","max-image-preview":"max-image-preview:large","max-video-preview":"max-video-preview:-1"},"canonical":"https:\/\/vorulagerinn.is\/product\/hledslubanki\/","og_locale":"en_US","og_type":"article","og_title":"Hle\u00f0slubanki 22,5W me\u00f0 10.000mAh rafhl\u00f6\u00f0u me\u00f0 70 cm \u00fatdraganlega USB-C sn\u00faru","og_description":"Hle\u00f0slubanki 22,5W me\u00f0 10.000mAh rafhl\u00f6\u00f0u og 70 cm \u00fatdraganlega USB-C sn\u00faru. USB-C hle\u00f0slutengi til a\u00f0 hla\u00f0a t\u00e6kin \u00e1 fer\u00f0inni.","og_url":"https:\/\/vorulagerinn.is\/product\/hledslubanki\/","og_site_name":"V&ouml;rulagerinn","article_publisher":"https:\/\/www.facebook.com\/vorulagerinn","article_modified_time":"2026-02-15T17:08:23+00:00","og_image":[{"width":600,"height":600,"url":"https:\/\/vorulagerinn.is\/wp-content\/uploads\/2025\/09\/JR-PR1-1.jpg","type":"image\/jpeg"}],"twitter_card":"summary_large_image","twitter_misc":{"Price":"8.245&nbsp;kr.","Availability":"In stock"},"schema":{"@context":"https:\/\/schema.org","@graph":[{"@type":"WebPage","@id":"https:\/\/vorulagerinn.is\/product\/hledslubanki\/","url":"https:\/\/vorulagerinn.is\/product\/hledslubanki\/","name":"Hle\u00f0slubanki 22,5W me\u00f0 10.000mAh rafhl\u00f6\u00f0u | USB-C sn\u00fara","isPartOf":{"@id":"https:\/\/vorulagerinn.is\/#website"},"primaryImageOfPage":{"@id":"https:\/\/vorulagerinn.is\/product\/hledslubanki\/#primaryimage"},"image":{"@id":"https:\/\/vorulagerinn.is\/product\/hledslubanki\/#primaryimage"},"thumbnailUrl":"https:\/\/vorulagerinn.is\/wp-content\/uploads\/2025\/09\/JR-PR1-1.jpg","datePublished":"2025-07-16T10:00:41+00:00","dateModified":"2026-02-15T17:08:23+00:00","description":"Hle\u00f0slubanki 22,5W me\u00f0 10.000mAh rafhl\u00f6\u00f0u og 70 cm \u00fatdraganlega USB-C sn\u00faru. USB-C hle\u00f0slutengi til a\u00f0 hla\u00f0a t\u00e6kin \u00e1 fer\u00f0inni.","breadcrumb":{"@id":"https:\/\/vorulagerinn.is\/product\/hledslubanki\/#breadcrumb"},"inLanguage":"en-US","potentialAction":[{"@type":"ReadAction","target":["https:\/\/vorulagerinn.is\/product\/hledslubanki\/"]}]},{"@type":"ImageObject","inLanguage":"en-US","@id":"https:\/\/vorulagerinn.is\/product\/hledslubanki\/#primaryimage","url":"https:\/\/vorulagerinn.is\/wp-content\/uploads\/2025\/09\/JR-PR1-1.jpg","contentUrl":"https:\/\/vorulagerinn.is\/wp-content\/uploads\/2025\/09\/JR-PR1-1.jpg","width":600,"height":600},{"@type":"BreadcrumbList","@id":"https:\/\/vorulagerinn.is\/product\/hledslubanki\/#breadcrumb","itemListElement":[{"@type":"ListItem","position":1,"name":"Home","item":"https:\/\/vorulagerinn.is\/"},{"@type":"ListItem","position":2,"name":"Shop","item":"https:\/\/vorulagerinn.is\/en\/shop\/"},{"@type":"ListItem","position":3,"name":"Hle\u00f0slubanki 22,5W me\u00f0 10.000mAh rafhl\u00f6\u00f0u me\u00f0 70 cm \u00fatdraganlega USB-C sn\u00faru"}]},{"@type":"WebSite","@id":"https:\/\/vorulagerinn.is\/#website","url":"https:\/\/vorulagerinn.is\/","name":"V\u00f6rulagerinn","description":"L\u00e1ttu \u00fea\u00f0 eftir \u00fe\u00e9r","publisher":{"@id":"https:\/\/vorulagerinn.is\/#organization"},"potentialAction":[{"@type":"SearchAction","target":{"@type":"EntryPoint","urlTemplate":"https:\/\/vorulagerinn.is\/?s={search_term_string}"},"query-input":{"@type":"PropertyValueSpecification","valueRequired":true,"valueName":"search_term_string"}}],"inLanguage":"en-US"},{"@type":"Organization","@id":"https:\/\/vorulagerinn.is\/#organization","name":"V\u00f6rulagerinn","url":"https:\/\/vorulagerinn.is\/","logo":{"@type":"ImageObject","inLanguage":"en-US","@id":"https:\/\/vorulagerinn.is\/#\/schema\/logo\/image\/","url":"https:\/\/vorulagerinn.is\/wp-content\/uploads\/2022\/09\/Vorulagerinn-Logo-588x160-1.png","contentUrl":"https:\/\/vorulagerinn.is\/wp-content\/uploads\/2022\/09\/Vorulagerinn-Logo-588x160-1.png","width":588,"height":160,"caption":"V\u00f6rulagerinn"},"image":{"@id":"https:\/\/vorulagerinn.is\/#\/schema\/logo\/image\/"},"sameAs":["https:\/\/www.facebook.com\/vorulagerinn","https:\/\/www.instagram.com\/vorulagerinn\/"]}]},"product_price_amount":"8245","product_price_currency":"ISK","og_availability":"instock","product_availability":"instock","product_retailer_item_id":"JR-PR1","product_condition":"new"},"_links":{"self":[{"href":"https:\/\/vorulagerinn.is\/en\/wp-json\/wp\/v2\/product\/29187","targetHints":{"allow":["GET"]}}],"collection":[{"href":"https:\/\/vorulagerinn.is\/en\/wp-json\/wp\/v2\/product"}],"about":[{"href":"https:\/\/vorulagerinn.is\/en\/wp-json\/wp\/v2\/types\/product"}],"wp:featuredmedia":[{"embeddable":true,"href":"https:\/\/vorulagerinn.is\/en\/wp-json\/wp\/v2\/media\/29179"}],"wp:attachment":[{"href":"https:\/\/vorulagerinn.is\/en\/wp-json\/wp\/v2\/media?parent=29187"}],"wp:term":[{"taxonomy":"product_brand","embeddable":true,"href":"https:\/\/vorulagerinn.is\/en\/wp-json\/wp\/v2\/product_brand?post=29187"},{"taxonomy":"product_cat","embeddable":true,"href":"https:\/\/vorulagerinn.is\/en\/wp-json\/wp\/v2\/product_cat?post=29187"},{"taxonomy":"product_tag","embeddable":true,"href":"https:\/\/vorulagerinn.is\/en\/wp-json\/wp\/v2\/product_tag?post=29187"}],"curies":[{"name":"wp","href":"https:\/\/api.w.org\/{rel}","templated":true}]}}