{"id":29194,"date":"2025-07-22T09:33:18","date_gmt":"2025-07-22T09:33:18","guid":{"rendered":"https:\/\/vorulagerinn.is\/product\/av-i-hdmi-breytir-rca-i-hdmi\/"},"modified":"2026-04-13T13:15:00","modified_gmt":"2026-04-13T13:15:00","slug":"av-i-hdmi","status":"publish","type":"product","link":"https:\/\/vorulagerinn.is\/en\/product\/av-i-hdmi\/","title":{"rendered":"AV \u00ed HDMI breytir (RCA \u00ed HDMI)"},"content":{"rendered":"","protected":false},"excerpt":{"rendered":"<p>T\u00e6ki\u00f0 breytir merki fr\u00e1 eldri t\u00e6kjum yfir \u00ed HDMI fyrir skj\u00e1varpa og sj\u00f3nv\u00f6rp. Me\u00f0 AV \u00ed HDMI breyti getur \u00fe\u00fa aftur nota\u00f0 g\u00f6mlu g\u00f3\u00f0u leikjat\u00f6lvuna, videot\u00e6ki\u00f0, DVD spilara, g\u00f6mlu kvikmyndav\u00e9lina o.fl. og horft \u00ed flatskj\u00e1num heima \u00ed stofu.<\/p>\n<p>Litur: Hv\u00edtur<br \/>\nSt\u00e6r\u00f0: 6,6 x 5,5 x 2 cm<br \/>\n\u00deyngd: 0,110 kg<br \/>\nSk\u00f6lun \u00ed 1080P<br \/>\nSty\u00f0ur PAL\/NTSC\/SECAM<\/p>\n<p>Input port: 1xRCA (yellow, white, red).<br \/>\nOutput port: 1xHDMI.<br \/>\nHDMI output: 1080p60Hz, 720P\/60HZ.<\/p>\n","protected":false},"featured_media":29188,"template":"","meta":[],"product_brand":[],"product_cat":[380],"product_tag":[],"class_list":{"0":"post-29194","1":"product","2":"type-product","3":"status-publish","4":"has-post-thumbnail","6":"product_cat-breytistykki","8":"first","9":"instock","10":"sale","11":"taxable","12":"shipping-taxable","13":"purchasable","14":"product-type-simple"},"supplier_id":null,"supplier_sku":"","barcode":null,"atum_controlled":true,"out_stock_date":null,"out_stock_threshold":null,"inheritable":false,"inbound_stock":0,"stock_on_hold":0,"sold_today":0,"sales_last_days":1,"reserved_stock":0,"customer_returns":0,"warehouse_damage":0,"lost_in_post":0,"other_logs":0,"out_stock_days":0,"lost_sales":0,"has_location":false,"update_date":"2026-04-22T00:25:35","atum_locations":[],"atum_stock_status":"instock","restock_status":false,"low_stock_amount":"","sales_update_date":"2026-04-22T00:25:35","calc_backorders":null,"yoast_head":"<!-- This site is optimized with the Yoast SEO Premium plugin v26.6 (Yoast SEO v27.3) - https:\/\/yoast.com\/product\/yoast-seo-premium-wordpress\/ -->\n<title>AV \u00ed HDMI breytir | Breytir merki fr\u00e1 eldri t\u00e6kjum yfir \u00ed HDMI fyrir TV<\/title>\n<meta name=\"description\" content=\"Breytir merki fr\u00e1 eldri t\u00e6kjum yfir \u00ed HDMI fyrir skj\u00e1varpa og n\u00fd sj\u00f3nv\u00f6rp. \u00de\u00fa getur aftur nota\u00f0 g\u00f6mlu g\u00f3\u00f0u leikjat\u00f6lvuna, DVD, g\u00f6mlu kvikmyndav\u00e9lina o.fl.\" \/>\n<meta name=\"robots\" content=\"index, follow, max-snippet:-1, max-image-preview:large, max-video-preview:-1\" \/>\n<link rel=\"canonical\" href=\"https:\/\/vorulagerinn.is\/product\/av-i-hdmi\/\" \/>\n<meta property=\"og:locale\" content=\"en_US\" \/>\n<meta property=\"og:type\" content=\"article\" \/>\n<meta property=\"og:title\" content=\"AV \u00ed HDMI breytir (RCA \u00ed HDMI)\" \/>\n<meta property=\"og:description\" content=\"Breytir merki fr\u00e1 eldri t\u00e6kjum yfir \u00ed HDMI fyrir skj\u00e1varpa og n\u00fd sj\u00f3nv\u00f6rp. \u00de\u00fa getur aftur nota\u00f0 g\u00f6mlu g\u00f3\u00f0u leikjat\u00f6lvuna, DVD, g\u00f6mlu kvikmyndav\u00e9lina o.fl.\" \/>\n<meta property=\"og:url\" content=\"https:\/\/vorulagerinn.is\/product\/av-i-hdmi\/\" \/>\n<meta property=\"og:site_name\" content=\"V&ouml;rulagerinn\" \/>\n<meta property=\"article:publisher\" content=\"https:\/\/www.facebook.com\/vorulagerinn\" \/>\n<meta property=\"article:modified_time\" content=\"2026-04-13T13:15:00+00:00\" \/>\n<meta property=\"og:image\" content=\"https:\/\/vorulagerinn.is\/wp-content\/uploads\/2025\/09\/V81.jpg\" \/>\n\t<meta property=\"og:image:width\" content=\"600\" \/>\n\t<meta property=\"og:image:height\" content=\"600\" \/>\n\t<meta property=\"og:image:type\" content=\"image\/jpeg\" \/>\n<meta name=\"twitter:card\" content=\"summary_large_image\" \/>\n<meta name=\"twitter:label1\" content=\"Price\" \/>\n\t<meta name=\"twitter:data1\" content=\"2.396&nbsp;kr.\" \/>\n\t<meta name=\"twitter:label2\" content=\"Availability\" \/>\n\t<meta name=\"twitter:data2\" content=\"In stock\" \/>\n<script type=\"application\/ld+json\" class=\"yoast-schema-graph\">{\"@context\":\"https:\\\/\\\/schema.org\",\"@graph\":[{\"@type\":\"WebPage\",\"@id\":\"https:\\\/\\\/vorulagerinn.is\\\/product\\\/av-i-hdmi\\\/\",\"url\":\"https:\\\/\\\/vorulagerinn.is\\\/product\\\/av-i-hdmi\\\/\",\"name\":\"AV \u00ed HDMI breytir | Breytir merki fr\u00e1 eldri t\u00e6kjum yfir \u00ed HDMI fyrir TV\",\"isPartOf\":{\"@id\":\"https:\\\/\\\/vorulagerinn.is\\\/#website\"},\"primaryImageOfPage\":{\"@id\":\"https:\\\/\\\/vorulagerinn.is\\\/product\\\/av-i-hdmi\\\/#primaryimage\"},\"image\":{\"@id\":\"https:\\\/\\\/vorulagerinn.is\\\/product\\\/av-i-hdmi\\\/#primaryimage\"},\"thumbnailUrl\":\"https:\\\/\\\/vorulagerinn.is\\\/wp-content\\\/uploads\\\/2025\\\/09\\\/V81.jpg\",\"datePublished\":\"2025-07-22T09:33:18+00:00\",\"dateModified\":\"2026-04-13T13:15:00+00:00\",\"description\":\"Breytir merki fr\u00e1 eldri t\u00e6kjum yfir \u00ed HDMI fyrir skj\u00e1varpa og n\u00fd sj\u00f3nv\u00f6rp. \u00de\u00fa getur aftur nota\u00f0 g\u00f6mlu g\u00f3\u00f0u leikjat\u00f6lvuna, DVD, g\u00f6mlu kvikmyndav\u00e9lina o.fl.\",\"breadcrumb\":{\"@id\":\"https:\\\/\\\/vorulagerinn.is\\\/product\\\/av-i-hdmi\\\/#breadcrumb\"},\"inLanguage\":\"en-US\",\"potentialAction\":[{\"@type\":\"ReadAction\",\"target\":[\"https:\\\/\\\/vorulagerinn.is\\\/product\\\/av-i-hdmi\\\/\"]}]},{\"@type\":\"ImageObject\",\"inLanguage\":\"en-US\",\"@id\":\"https:\\\/\\\/vorulagerinn.is\\\/product\\\/av-i-hdmi\\\/#primaryimage\",\"url\":\"https:\\\/\\\/vorulagerinn.is\\\/wp-content\\\/uploads\\\/2025\\\/09\\\/V81.jpg\",\"contentUrl\":\"https:\\\/\\\/vorulagerinn.is\\\/wp-content\\\/uploads\\\/2025\\\/09\\\/V81.jpg\",\"width\":600,\"height\":600},{\"@type\":\"BreadcrumbList\",\"@id\":\"https:\\\/\\\/vorulagerinn.is\\\/product\\\/av-i-hdmi\\\/#breadcrumb\",\"itemListElement\":[{\"@type\":\"ListItem\",\"position\":1,\"name\":\"Home\",\"item\":\"https:\\\/\\\/vorulagerinn.is\\\/\"},{\"@type\":\"ListItem\",\"position\":2,\"name\":\"Shop\",\"item\":\"https:\\\/\\\/vorulagerinn.is\\\/en\\\/shop\\\/\"},{\"@type\":\"ListItem\",\"position\":3,\"name\":\"AV \u00ed HDMI breytir (RCA \u00ed HDMI)\"}]},{\"@type\":\"WebSite\",\"@id\":\"https:\\\/\\\/vorulagerinn.is\\\/#website\",\"url\":\"https:\\\/\\\/vorulagerinn.is\\\/\",\"name\":\"V\u00f6rulagerinn\",\"description\":\"L\u00e1ttu \u00fea\u00f0 eftir \u00fe\u00e9r\",\"publisher\":{\"@id\":\"https:\\\/\\\/vorulagerinn.is\\\/#organization\"},\"potentialAction\":[{\"@type\":\"SearchAction\",\"target\":{\"@type\":\"EntryPoint\",\"urlTemplate\":\"https:\\\/\\\/vorulagerinn.is\\\/?s={search_term_string}\"},\"query-input\":{\"@type\":\"PropertyValueSpecification\",\"valueRequired\":true,\"valueName\":\"search_term_string\"}}],\"inLanguage\":\"en-US\"},{\"@type\":\"Organization\",\"@id\":\"https:\\\/\\\/vorulagerinn.is\\\/#organization\",\"name\":\"V\u00f6rulagerinn\",\"url\":\"https:\\\/\\\/vorulagerinn.is\\\/\",\"logo\":{\"@type\":\"ImageObject\",\"inLanguage\":\"en-US\",\"@id\":\"https:\\\/\\\/vorulagerinn.is\\\/#\\\/schema\\\/logo\\\/image\\\/\",\"url\":\"https:\\\/\\\/vorulagerinn.is\\\/wp-content\\\/uploads\\\/2022\\\/09\\\/Vorulagerinn-Logo-588x160-1.png\",\"contentUrl\":\"https:\\\/\\\/vorulagerinn.is\\\/wp-content\\\/uploads\\\/2022\\\/09\\\/Vorulagerinn-Logo-588x160-1.png\",\"width\":588,\"height\":160,\"caption\":\"V\u00f6rulagerinn\"},\"image\":{\"@id\":\"https:\\\/\\\/vorulagerinn.is\\\/#\\\/schema\\\/logo\\\/image\\\/\"},\"sameAs\":[\"https:\\\/\\\/www.facebook.com\\\/vorulagerinn\",\"https:\\\/\\\/www.instagram.com\\\/vorulagerinn\\\/\"]}]}<\/script>\n<meta property=\"product:price:amount\" content=\"2396\" \/>\n<meta property=\"product:price:currency\" content=\"ISK\" \/>\n<meta property=\"og:availability\" content=\"instock\" \/>\n<meta property=\"product:availability\" content=\"instock\" \/>\n<meta property=\"product:retailer_item_id\" content=\"V81\" \/>\n<meta property=\"product:condition\" content=\"new\" \/>\n<!-- \/ Yoast SEO Premium plugin. -->","yoast_head_json":{"title":"AV \u00ed HDMI breytir | Breytir merki fr\u00e1 eldri t\u00e6kjum yfir \u00ed HDMI fyrir TV","description":"Breytir merki fr\u00e1 eldri t\u00e6kjum yfir \u00ed HDMI fyrir skj\u00e1varpa og n\u00fd sj\u00f3nv\u00f6rp. \u00de\u00fa getur aftur nota\u00f0 g\u00f6mlu g\u00f3\u00f0u leikjat\u00f6lvuna, DVD, g\u00f6mlu kvikmyndav\u00e9lina o.fl.","robots":{"index":"index","follow":"follow","max-snippet":"max-snippet:-1","max-image-preview":"max-image-preview:large","max-video-preview":"max-video-preview:-1"},"canonical":"https:\/\/vorulagerinn.is\/product\/av-i-hdmi\/","og_locale":"en_US","og_type":"article","og_title":"AV \u00ed HDMI breytir (RCA \u00ed HDMI)","og_description":"Breytir merki fr\u00e1 eldri t\u00e6kjum yfir \u00ed HDMI fyrir skj\u00e1varpa og n\u00fd sj\u00f3nv\u00f6rp. \u00de\u00fa getur aftur nota\u00f0 g\u00f6mlu g\u00f3\u00f0u leikjat\u00f6lvuna, DVD, g\u00f6mlu kvikmyndav\u00e9lina o.fl.","og_url":"https:\/\/vorulagerinn.is\/product\/av-i-hdmi\/","og_site_name":"V&ouml;rulagerinn","article_publisher":"https:\/\/www.facebook.com\/vorulagerinn","article_modified_time":"2026-04-13T13:15:00+00:00","og_image":[{"width":600,"height":600,"url":"https:\/\/vorulagerinn.is\/wp-content\/uploads\/2025\/09\/V81.jpg","type":"image\/jpeg"}],"twitter_card":"summary_large_image","twitter_misc":{"Price":"2.396&nbsp;kr.","Availability":"In stock"},"schema":{"@context":"https:\/\/schema.org","@graph":[{"@type":"WebPage","@id":"https:\/\/vorulagerinn.is\/product\/av-i-hdmi\/","url":"https:\/\/vorulagerinn.is\/product\/av-i-hdmi\/","name":"AV \u00ed HDMI breytir | Breytir merki fr\u00e1 eldri t\u00e6kjum yfir \u00ed HDMI fyrir TV","isPartOf":{"@id":"https:\/\/vorulagerinn.is\/#website"},"primaryImageOfPage":{"@id":"https:\/\/vorulagerinn.is\/product\/av-i-hdmi\/#primaryimage"},"image":{"@id":"https:\/\/vorulagerinn.is\/product\/av-i-hdmi\/#primaryimage"},"thumbnailUrl":"https:\/\/vorulagerinn.is\/wp-content\/uploads\/2025\/09\/V81.jpg","datePublished":"2025-07-22T09:33:18+00:00","dateModified":"2026-04-13T13:15:00+00:00","description":"Breytir merki fr\u00e1 eldri t\u00e6kjum yfir \u00ed HDMI fyrir skj\u00e1varpa og n\u00fd sj\u00f3nv\u00f6rp. \u00de\u00fa getur aftur nota\u00f0 g\u00f6mlu g\u00f3\u00f0u leikjat\u00f6lvuna, DVD, g\u00f6mlu kvikmyndav\u00e9lina o.fl.","breadcrumb":{"@id":"https:\/\/vorulagerinn.is\/product\/av-i-hdmi\/#breadcrumb"},"inLanguage":"en-US","potentialAction":[{"@type":"ReadAction","target":["https:\/\/vorulagerinn.is\/product\/av-i-hdmi\/"]}]},{"@type":"ImageObject","inLanguage":"en-US","@id":"https:\/\/vorulagerinn.is\/product\/av-i-hdmi\/#primaryimage","url":"https:\/\/vorulagerinn.is\/wp-content\/uploads\/2025\/09\/V81.jpg","contentUrl":"https:\/\/vorulagerinn.is\/wp-content\/uploads\/2025\/09\/V81.jpg","width":600,"height":600},{"@type":"BreadcrumbList","@id":"https:\/\/vorulagerinn.is\/product\/av-i-hdmi\/#breadcrumb","itemListElement":[{"@type":"ListItem","position":1,"name":"Home","item":"https:\/\/vorulagerinn.is\/"},{"@type":"ListItem","position":2,"name":"Shop","item":"https:\/\/vorulagerinn.is\/en\/shop\/"},{"@type":"ListItem","position":3,"name":"AV \u00ed HDMI breytir (RCA \u00ed HDMI)"}]},{"@type":"WebSite","@id":"https:\/\/vorulagerinn.is\/#website","url":"https:\/\/vorulagerinn.is\/","name":"V\u00f6rulagerinn","description":"L\u00e1ttu \u00fea\u00f0 eftir \u00fe\u00e9r","publisher":{"@id":"https:\/\/vorulagerinn.is\/#organization"},"potentialAction":[{"@type":"SearchAction","target":{"@type":"EntryPoint","urlTemplate":"https:\/\/vorulagerinn.is\/?s={search_term_string}"},"query-input":{"@type":"PropertyValueSpecification","valueRequired":true,"valueName":"search_term_string"}}],"inLanguage":"en-US"},{"@type":"Organization","@id":"https:\/\/vorulagerinn.is\/#organization","name":"V\u00f6rulagerinn","url":"https:\/\/vorulagerinn.is\/","logo":{"@type":"ImageObject","inLanguage":"en-US","@id":"https:\/\/vorulagerinn.is\/#\/schema\/logo\/image\/","url":"https:\/\/vorulagerinn.is\/wp-content\/uploads\/2022\/09\/Vorulagerinn-Logo-588x160-1.png","contentUrl":"https:\/\/vorulagerinn.is\/wp-content\/uploads\/2022\/09\/Vorulagerinn-Logo-588x160-1.png","width":588,"height":160,"caption":"V\u00f6rulagerinn"},"image":{"@id":"https:\/\/vorulagerinn.is\/#\/schema\/logo\/image\/"},"sameAs":["https:\/\/www.facebook.com\/vorulagerinn","https:\/\/www.instagram.com\/vorulagerinn\/"]}]},"product_price_amount":"2396","product_price_currency":"ISK","og_availability":"instock","product_availability":"instock","product_retailer_item_id":"V81","product_condition":"new"},"_links":{"self":[{"href":"https:\/\/vorulagerinn.is\/en\/wp-json\/wp\/v2\/product\/29194","targetHints":{"allow":["GET"]}}],"collection":[{"href":"https:\/\/vorulagerinn.is\/en\/wp-json\/wp\/v2\/product"}],"about":[{"href":"https:\/\/vorulagerinn.is\/en\/wp-json\/wp\/v2\/types\/product"}],"wp:featuredmedia":[{"embeddable":true,"href":"https:\/\/vorulagerinn.is\/en\/wp-json\/wp\/v2\/media\/29188"}],"wp:attachment":[{"href":"https:\/\/vorulagerinn.is\/en\/wp-json\/wp\/v2\/media?parent=29194"}],"wp:term":[{"taxonomy":"product_brand","embeddable":true,"href":"https:\/\/vorulagerinn.is\/en\/wp-json\/wp\/v2\/product_brand?post=29194"},{"taxonomy":"product_cat","embeddable":true,"href":"https:\/\/vorulagerinn.is\/en\/wp-json\/wp\/v2\/product_cat?post=29194"},{"taxonomy":"product_tag","embeddable":true,"href":"https:\/\/vorulagerinn.is\/en\/wp-json\/wp\/v2\/product_tag?post=29194"}],"curies":[{"name":"wp","href":"https:\/\/api.w.org\/{rel}","templated":true}]}}