{"id":29201,"date":"2025-07-22T09:25:48","date_gmt":"2025-07-22T09:25:48","guid":{"rendered":"https:\/\/vorulagerinn.is\/product\/breytistykki-aux-3-5mm-jack-stereo-hljodtengi-yfir-i-usb-c\/"},"modified":"2026-02-15T17:35:11","modified_gmt":"2026-02-15T17:35:11","slug":"sy-c01","status":"publish","type":"product","link":"https:\/\/vorulagerinn.is\/en\/product\/sy-c01\/","title":{"rendered":"Breytistykki Aux 3.5mm Jack Stereo hlj\u00f3\u00f0tengi yfir \u00ed USB-C"},"content":{"rendered":"","protected":false},"excerpt":{"rendered":"<p>Breytistykki er fyrir Aux 3,5mm Jack Stereo hlj\u00f3\u00f0tengi yfir \u00ed USB-C. \u00de\u00fa getur tengt heyrnat\u00f3l, snjalls\u00edma, spjaldt\u00f6lvur, magnara o.s.frv. me\u00f0 breytistykkinu.<\/p>\n<p>Breytistykki\u00f0 er nylon vafi\u00f0, slit\u00feoli\u00f0 og endist lengur.<\/p>\n<p>\u2013 Tengi: Aux 3.5mm jack yfir \u00ed USB-C<br \/>\n\u2013 Litur: Svartur<br \/>\n\u2013 Vottun: CE, ROHS, FC og UKCA<\/p>\n","protected":false},"featured_media":29195,"template":"","meta":[],"product_brand":[420],"product_cat":[380],"product_tag":[],"class_list":{"0":"post-29201","1":"product","2":"type-product","3":"status-publish","4":"has-post-thumbnail","6":"product_brand-joyroom","7":"product_cat-breytistykki","9":"first","10":"instock","11":"sale","12":"taxable","13":"shipping-taxable","14":"purchasable","15":"product-type-simple"},"supplier_id":null,"supplier_sku":"","barcode":null,"atum_controlled":true,"out_stock_date":null,"out_stock_threshold":null,"inheritable":false,"inbound_stock":0,"stock_on_hold":0,"sold_today":0,"sales_last_days":0,"reserved_stock":0,"customer_returns":0,"warehouse_damage":0,"lost_in_post":0,"other_logs":0,"out_stock_days":0,"lost_sales":0,"has_location":false,"update_date":"2026-04-19T00:22:43","atum_locations":[],"atum_stock_status":"instock","restock_status":false,"low_stock_amount":"","sales_update_date":"2026-04-19T00:22:43","calc_backorders":null,"yoast_head":"<!-- This site is optimized with the Yoast SEO Premium plugin v26.6 (Yoast SEO v27.3) - https:\/\/yoast.com\/product\/yoast-seo-premium-wordpress\/ -->\n<title>Breytistykki Aux 3.5mm Jack Stereo hlj\u00f3\u00f0tengi yfir \u00ed USB-C<\/title>\n<meta name=\"description\" content=\"Me\u00f0 breytistykkinu er h\u00e6gt a\u00f0 tengja heyrnat\u00f3l, snjalls\u00edma, spjaldt\u00f6lvur, magnara o.fl. Breytistykki\u00f0 er nylon vafi\u00f0, slit\u00feoli\u00f0 og endist lengur.\" \/>\n<meta name=\"robots\" content=\"index, follow, max-snippet:-1, max-image-preview:large, max-video-preview:-1\" \/>\n<link rel=\"canonical\" href=\"https:\/\/vorulagerinn.is\/product\/sy-c01\/\" \/>\n<meta property=\"og:locale\" content=\"en_US\" \/>\n<meta property=\"og:type\" content=\"article\" \/>\n<meta property=\"og:title\" content=\"Breytistykki Aux 3.5mm Jack Stereo hlj\u00f3\u00f0tengi yfir \u00ed USB-C\" \/>\n<meta property=\"og:description\" content=\"Me\u00f0 breytistykkinu er h\u00e6gt a\u00f0 tengja heyrnat\u00f3l, snjalls\u00edma, spjaldt\u00f6lvur, magnara o.fl. Breytistykki\u00f0 er nylon vafi\u00f0, slit\u00feoli\u00f0 og endist lengur.\" \/>\n<meta property=\"og:url\" content=\"https:\/\/vorulagerinn.is\/product\/sy-c01\/\" \/>\n<meta property=\"og:site_name\" content=\"V&ouml;rulagerinn\" \/>\n<meta property=\"article:publisher\" content=\"https:\/\/www.facebook.com\/vorulagerinn\" \/>\n<meta property=\"article:modified_time\" content=\"2026-02-15T17:35:11+00:00\" \/>\n<meta property=\"og:image\" content=\"https:\/\/vorulagerinn.is\/wp-content\/uploads\/2025\/09\/SY-C01.jpg\" \/>\n\t<meta property=\"og:image:width\" content=\"600\" \/>\n\t<meta property=\"og:image:height\" content=\"600\" \/>\n\t<meta property=\"og:image:type\" content=\"image\/jpeg\" \/>\n<meta name=\"twitter:card\" content=\"summary_large_image\" \/>\n<meta name=\"twitter:label1\" content=\"Price\" \/>\n\t<meta name=\"twitter:data1\" content=\"2.540&nbsp;kr.\" \/>\n\t<meta name=\"twitter:label2\" content=\"Availability\" \/>\n\t<meta name=\"twitter:data2\" content=\"In stock\" \/>\n<script type=\"application\/ld+json\" class=\"yoast-schema-graph\">{\"@context\":\"https:\\\/\\\/schema.org\",\"@graph\":[{\"@type\":\"WebPage\",\"@id\":\"https:\\\/\\\/vorulagerinn.is\\\/product\\\/sy-c01\\\/\",\"url\":\"https:\\\/\\\/vorulagerinn.is\\\/product\\\/sy-c01\\\/\",\"name\":\"Breytistykki Aux 3.5mm Jack Stereo hlj\u00f3\u00f0tengi yfir \u00ed USB-C\",\"isPartOf\":{\"@id\":\"https:\\\/\\\/vorulagerinn.is\\\/#website\"},\"primaryImageOfPage\":{\"@id\":\"https:\\\/\\\/vorulagerinn.is\\\/product\\\/sy-c01\\\/#primaryimage\"},\"image\":{\"@id\":\"https:\\\/\\\/vorulagerinn.is\\\/product\\\/sy-c01\\\/#primaryimage\"},\"thumbnailUrl\":\"https:\\\/\\\/vorulagerinn.is\\\/wp-content\\\/uploads\\\/2025\\\/09\\\/SY-C01.jpg\",\"datePublished\":\"2025-07-22T09:25:48+00:00\",\"dateModified\":\"2026-02-15T17:35:11+00:00\",\"description\":\"Me\u00f0 breytistykkinu er h\u00e6gt a\u00f0 tengja heyrnat\u00f3l, snjalls\u00edma, spjaldt\u00f6lvur, magnara o.fl. Breytistykki\u00f0 er nylon vafi\u00f0, slit\u00feoli\u00f0 og endist lengur.\",\"breadcrumb\":{\"@id\":\"https:\\\/\\\/vorulagerinn.is\\\/product\\\/sy-c01\\\/#breadcrumb\"},\"inLanguage\":\"en-US\",\"potentialAction\":[{\"@type\":\"ReadAction\",\"target\":[\"https:\\\/\\\/vorulagerinn.is\\\/product\\\/sy-c01\\\/\"]}]},{\"@type\":\"ImageObject\",\"inLanguage\":\"en-US\",\"@id\":\"https:\\\/\\\/vorulagerinn.is\\\/product\\\/sy-c01\\\/#primaryimage\",\"url\":\"https:\\\/\\\/vorulagerinn.is\\\/wp-content\\\/uploads\\\/2025\\\/09\\\/SY-C01.jpg\",\"contentUrl\":\"https:\\\/\\\/vorulagerinn.is\\\/wp-content\\\/uploads\\\/2025\\\/09\\\/SY-C01.jpg\",\"width\":600,\"height\":600},{\"@type\":\"BreadcrumbList\",\"@id\":\"https:\\\/\\\/vorulagerinn.is\\\/product\\\/sy-c01\\\/#breadcrumb\",\"itemListElement\":[{\"@type\":\"ListItem\",\"position\":1,\"name\":\"Home\",\"item\":\"https:\\\/\\\/vorulagerinn.is\\\/\"},{\"@type\":\"ListItem\",\"position\":2,\"name\":\"Shop\",\"item\":\"https:\\\/\\\/vorulagerinn.is\\\/en\\\/shop\\\/\"},{\"@type\":\"ListItem\",\"position\":3,\"name\":\"Breytistykki Aux 3.5mm Jack Stereo hlj\u00f3\u00f0tengi yfir \u00ed USB-C\"}]},{\"@type\":\"WebSite\",\"@id\":\"https:\\\/\\\/vorulagerinn.is\\\/#website\",\"url\":\"https:\\\/\\\/vorulagerinn.is\\\/\",\"name\":\"V\u00f6rulagerinn\",\"description\":\"L\u00e1ttu \u00fea\u00f0 eftir \u00fe\u00e9r\",\"publisher\":{\"@id\":\"https:\\\/\\\/vorulagerinn.is\\\/#organization\"},\"potentialAction\":[{\"@type\":\"SearchAction\",\"target\":{\"@type\":\"EntryPoint\",\"urlTemplate\":\"https:\\\/\\\/vorulagerinn.is\\\/?s={search_term_string}\"},\"query-input\":{\"@type\":\"PropertyValueSpecification\",\"valueRequired\":true,\"valueName\":\"search_term_string\"}}],\"inLanguage\":\"en-US\"},{\"@type\":\"Organization\",\"@id\":\"https:\\\/\\\/vorulagerinn.is\\\/#organization\",\"name\":\"V\u00f6rulagerinn\",\"url\":\"https:\\\/\\\/vorulagerinn.is\\\/\",\"logo\":{\"@type\":\"ImageObject\",\"inLanguage\":\"en-US\",\"@id\":\"https:\\\/\\\/vorulagerinn.is\\\/#\\\/schema\\\/logo\\\/image\\\/\",\"url\":\"https:\\\/\\\/vorulagerinn.is\\\/wp-content\\\/uploads\\\/2022\\\/09\\\/Vorulagerinn-Logo-588x160-1.png\",\"contentUrl\":\"https:\\\/\\\/vorulagerinn.is\\\/wp-content\\\/uploads\\\/2022\\\/09\\\/Vorulagerinn-Logo-588x160-1.png\",\"width\":588,\"height\":160,\"caption\":\"V\u00f6rulagerinn\"},\"image\":{\"@id\":\"https:\\\/\\\/vorulagerinn.is\\\/#\\\/schema\\\/logo\\\/image\\\/\"},\"sameAs\":[\"https:\\\/\\\/www.facebook.com\\\/vorulagerinn\",\"https:\\\/\\\/www.instagram.com\\\/vorulagerinn\\\/\"]}]}<\/script>\n<meta property=\"product:price:amount\" content=\"2540\" \/>\n<meta property=\"product:price:currency\" content=\"ISK\" \/>\n<meta property=\"og:availability\" content=\"instock\" \/>\n<meta property=\"product:availability\" content=\"instock\" \/>\n<meta property=\"product:retailer_item_id\" content=\"SY-C01\" \/>\n<meta property=\"product:condition\" content=\"new\" \/>\n<!-- \/ Yoast SEO Premium plugin. -->","yoast_head_json":{"title":"Breytistykki Aux 3.5mm Jack Stereo hlj\u00f3\u00f0tengi yfir \u00ed USB-C","description":"Me\u00f0 breytistykkinu er h\u00e6gt a\u00f0 tengja heyrnat\u00f3l, snjalls\u00edma, spjaldt\u00f6lvur, magnara o.fl. Breytistykki\u00f0 er nylon vafi\u00f0, slit\u00feoli\u00f0 og endist lengur.","robots":{"index":"index","follow":"follow","max-snippet":"max-snippet:-1","max-image-preview":"max-image-preview:large","max-video-preview":"max-video-preview:-1"},"canonical":"https:\/\/vorulagerinn.is\/product\/sy-c01\/","og_locale":"en_US","og_type":"article","og_title":"Breytistykki Aux 3.5mm Jack Stereo hlj\u00f3\u00f0tengi yfir \u00ed USB-C","og_description":"Me\u00f0 breytistykkinu er h\u00e6gt a\u00f0 tengja heyrnat\u00f3l, snjalls\u00edma, spjaldt\u00f6lvur, magnara o.fl. Breytistykki\u00f0 er nylon vafi\u00f0, slit\u00feoli\u00f0 og endist lengur.","og_url":"https:\/\/vorulagerinn.is\/product\/sy-c01\/","og_site_name":"V&ouml;rulagerinn","article_publisher":"https:\/\/www.facebook.com\/vorulagerinn","article_modified_time":"2026-02-15T17:35:11+00:00","og_image":[{"width":600,"height":600,"url":"https:\/\/vorulagerinn.is\/wp-content\/uploads\/2025\/09\/SY-C01.jpg","type":"image\/jpeg"}],"twitter_card":"summary_large_image","twitter_misc":{"Price":"2.540&nbsp;kr.","Availability":"In stock"},"schema":{"@context":"https:\/\/schema.org","@graph":[{"@type":"WebPage","@id":"https:\/\/vorulagerinn.is\/product\/sy-c01\/","url":"https:\/\/vorulagerinn.is\/product\/sy-c01\/","name":"Breytistykki Aux 3.5mm Jack Stereo hlj\u00f3\u00f0tengi yfir \u00ed USB-C","isPartOf":{"@id":"https:\/\/vorulagerinn.is\/#website"},"primaryImageOfPage":{"@id":"https:\/\/vorulagerinn.is\/product\/sy-c01\/#primaryimage"},"image":{"@id":"https:\/\/vorulagerinn.is\/product\/sy-c01\/#primaryimage"},"thumbnailUrl":"https:\/\/vorulagerinn.is\/wp-content\/uploads\/2025\/09\/SY-C01.jpg","datePublished":"2025-07-22T09:25:48+00:00","dateModified":"2026-02-15T17:35:11+00:00","description":"Me\u00f0 breytistykkinu er h\u00e6gt a\u00f0 tengja heyrnat\u00f3l, snjalls\u00edma, spjaldt\u00f6lvur, magnara o.fl. Breytistykki\u00f0 er nylon vafi\u00f0, slit\u00feoli\u00f0 og endist lengur.","breadcrumb":{"@id":"https:\/\/vorulagerinn.is\/product\/sy-c01\/#breadcrumb"},"inLanguage":"en-US","potentialAction":[{"@type":"ReadAction","target":["https:\/\/vorulagerinn.is\/product\/sy-c01\/"]}]},{"@type":"ImageObject","inLanguage":"en-US","@id":"https:\/\/vorulagerinn.is\/product\/sy-c01\/#primaryimage","url":"https:\/\/vorulagerinn.is\/wp-content\/uploads\/2025\/09\/SY-C01.jpg","contentUrl":"https:\/\/vorulagerinn.is\/wp-content\/uploads\/2025\/09\/SY-C01.jpg","width":600,"height":600},{"@type":"BreadcrumbList","@id":"https:\/\/vorulagerinn.is\/product\/sy-c01\/#breadcrumb","itemListElement":[{"@type":"ListItem","position":1,"name":"Home","item":"https:\/\/vorulagerinn.is\/"},{"@type":"ListItem","position":2,"name":"Shop","item":"https:\/\/vorulagerinn.is\/en\/shop\/"},{"@type":"ListItem","position":3,"name":"Breytistykki Aux 3.5mm Jack Stereo hlj\u00f3\u00f0tengi yfir \u00ed USB-C"}]},{"@type":"WebSite","@id":"https:\/\/vorulagerinn.is\/#website","url":"https:\/\/vorulagerinn.is\/","name":"V\u00f6rulagerinn","description":"L\u00e1ttu \u00fea\u00f0 eftir \u00fe\u00e9r","publisher":{"@id":"https:\/\/vorulagerinn.is\/#organization"},"potentialAction":[{"@type":"SearchAction","target":{"@type":"EntryPoint","urlTemplate":"https:\/\/vorulagerinn.is\/?s={search_term_string}"},"query-input":{"@type":"PropertyValueSpecification","valueRequired":true,"valueName":"search_term_string"}}],"inLanguage":"en-US"},{"@type":"Organization","@id":"https:\/\/vorulagerinn.is\/#organization","name":"V\u00f6rulagerinn","url":"https:\/\/vorulagerinn.is\/","logo":{"@type":"ImageObject","inLanguage":"en-US","@id":"https:\/\/vorulagerinn.is\/#\/schema\/logo\/image\/","url":"https:\/\/vorulagerinn.is\/wp-content\/uploads\/2022\/09\/Vorulagerinn-Logo-588x160-1.png","contentUrl":"https:\/\/vorulagerinn.is\/wp-content\/uploads\/2022\/09\/Vorulagerinn-Logo-588x160-1.png","width":588,"height":160,"caption":"V\u00f6rulagerinn"},"image":{"@id":"https:\/\/vorulagerinn.is\/#\/schema\/logo\/image\/"},"sameAs":["https:\/\/www.facebook.com\/vorulagerinn","https:\/\/www.instagram.com\/vorulagerinn\/"]}]},"product_price_amount":"2540","product_price_currency":"ISK","og_availability":"instock","product_availability":"instock","product_retailer_item_id":"SY-C01","product_condition":"new"},"_links":{"self":[{"href":"https:\/\/vorulagerinn.is\/en\/wp-json\/wp\/v2\/product\/29201","targetHints":{"allow":["GET"]}}],"collection":[{"href":"https:\/\/vorulagerinn.is\/en\/wp-json\/wp\/v2\/product"}],"about":[{"href":"https:\/\/vorulagerinn.is\/en\/wp-json\/wp\/v2\/types\/product"}],"wp:featuredmedia":[{"embeddable":true,"href":"https:\/\/vorulagerinn.is\/en\/wp-json\/wp\/v2\/media\/29195"}],"wp:attachment":[{"href":"https:\/\/vorulagerinn.is\/en\/wp-json\/wp\/v2\/media?parent=29201"}],"wp:term":[{"taxonomy":"product_brand","embeddable":true,"href":"https:\/\/vorulagerinn.is\/en\/wp-json\/wp\/v2\/product_brand?post=29201"},{"taxonomy":"product_cat","embeddable":true,"href":"https:\/\/vorulagerinn.is\/en\/wp-json\/wp\/v2\/product_cat?post=29201"},{"taxonomy":"product_tag","embeddable":true,"href":"https:\/\/vorulagerinn.is\/en\/wp-json\/wp\/v2\/product_tag?post=29201"}],"curies":[{"name":"wp","href":"https:\/\/api.w.org\/{rel}","templated":true}]}}