{"id":29313,"date":"2025-07-22T10:50:40","date_gmt":"2025-07-22T10:50:40","guid":{"rendered":"https:\/\/vorulagerinn.is\/product\/jr-bp560s\/"},"modified":"2026-02-15T19:12:39","modified_gmt":"2026-02-15T19:12:39","slug":"jr-bp560s","status":"publish","type":"product","link":"https:\/\/vorulagerinn.is\/en\/product\/jr-bp560s\/","title":{"rendered":"Snertipenni \/ Skj\u00e1penni fyrir snjalls\u00edma og spjaldt\u00f6lvur"},"content":{"rendered":"","protected":false},"excerpt":{"rendered":"<p>St\u00edlhreinn, n\u00e1kv\u00e6mur og pass\u00edfur snertipenni sem \u00fearf hvorki hle\u00f0slu n\u00e9 Bluetooth tengingar. Hann virkar \u00e1 \u00f6llum helstu snertiskj\u00e1m hvort sem um er a\u00f0 r\u00e6\u00f0a spjaldt\u00f6lvur, snjalls\u00edma e\u00f0a snjallt\u00f6lvuskj\u00e1. Endingarg\u00f3\u00f0ur \u00e1lrammi og m\u00fdkri oddar tryggja b\u00e6\u00f0i st\u00f6\u00f0ugleika og sk\u00fdrleika \u00ed notkun, hvort sem \u00fe\u00fa ert a\u00f0 skrifa, teikna e\u00f0a vafra.<\/p>\n<p>Tveir auka oddar fylgja me\u00f0.<\/p>\n<p>\u2013 Litur: Svartur<br \/>\n\u2013 Lengd: 17,8 cm<br \/>\n\u2013 \u00deyngd: 20g<br \/>\n\u2013 Efni: Aluminum alloy pen body + nano pen tip+ silicone<\/p>\n","protected":false},"featured_media":29309,"template":"","meta":[],"product_brand":[420],"product_cat":[447],"product_tag":[],"class_list":{"0":"post-29313","1":"product","2":"type-product","3":"status-publish","4":"has-post-thumbnail","6":"product_brand-joyroom","7":"product_cat-skjapenni-snertipenni","9":"first","10":"instock","11":"taxable","12":"shipping-taxable","13":"purchasable","14":"product-type-simple"},"supplier_id":null,"supplier_sku":"","barcode":null,"atum_controlled":true,"out_stock_date":null,"out_stock_threshold":null,"inheritable":false,"inbound_stock":0,"stock_on_hold":0,"sold_today":0,"sales_last_days":0,"reserved_stock":0,"customer_returns":0,"warehouse_damage":0,"lost_in_post":0,"other_logs":0,"out_stock_days":0,"lost_sales":0,"has_location":false,"update_date":"2026-04-19T00:22:43","atum_locations":[],"atum_stock_status":"instock","restock_status":false,"low_stock_amount":"","sales_update_date":"2026-04-19T00:22:43","calc_backorders":null,"yoast_head":"<!-- This site is optimized with the Yoast SEO Premium plugin v26.6 (Yoast SEO v27.3) - https:\/\/yoast.com\/product\/yoast-seo-premium-wordpress\/ -->\n<title>Snertipenni \/ Skj\u00e1penni fyrir snjalls\u00edma og spjaldt\u00f6lvur<\/title>\n<meta name=\"description\" content=\"St\u00edlhreinn, n\u00e1kv\u00e6mur og pass\u00edfur snertipenni sem \u00fearf hvorki hle\u00f0slu n\u00e9 Bluetooth tengingar. Hann virkar \u00e1 \u00f6llum helstu spjaldt\u00f6lvum og snjalls\u00edmum.\" \/>\n<meta name=\"robots\" content=\"index, follow, max-snippet:-1, max-image-preview:large, max-video-preview:-1\" \/>\n<link rel=\"canonical\" href=\"https:\/\/vorulagerinn.is\/product\/jr-bp560s\/\" \/>\n<meta property=\"og:locale\" content=\"en_US\" \/>\n<meta property=\"og:type\" content=\"article\" \/>\n<meta property=\"og:title\" content=\"Snertipenni \/ Skj\u00e1penni fyrir snjalls\u00edma og spjaldt\u00f6lvur\" \/>\n<meta property=\"og:description\" content=\"St\u00edlhreinn, n\u00e1kv\u00e6mur og pass\u00edfur snertipenni sem \u00fearf hvorki hle\u00f0slu n\u00e9 Bluetooth tengingar. Hann virkar \u00e1 \u00f6llum helstu spjaldt\u00f6lvum og snjalls\u00edmum.\" \/>\n<meta property=\"og:url\" content=\"https:\/\/vorulagerinn.is\/product\/jr-bp560s\/\" \/>\n<meta property=\"og:site_name\" content=\"V&ouml;rulagerinn\" \/>\n<meta property=\"article:publisher\" content=\"https:\/\/www.facebook.com\/vorulagerinn\" \/>\n<meta property=\"article:modified_time\" content=\"2026-02-15T19:12:39+00:00\" \/>\n<meta property=\"og:image\" content=\"https:\/\/vorulagerinn.is\/wp-content\/uploads\/2025\/09\/JR-BP560S.jpg\" \/>\n\t<meta property=\"og:image:width\" content=\"600\" \/>\n\t<meta property=\"og:image:height\" content=\"600\" \/>\n\t<meta property=\"og:image:type\" content=\"image\/jpeg\" \/>\n<meta name=\"twitter:card\" content=\"summary_large_image\" \/>\n<meta name=\"twitter:label1\" content=\"Price\" \/>\n\t<meta name=\"twitter:data1\" content=\"4.490&nbsp;kr.\" \/>\n\t<meta name=\"twitter:label2\" content=\"Availability\" \/>\n\t<meta name=\"twitter:data2\" content=\"In stock\" \/>\n<script type=\"application\/ld+json\" class=\"yoast-schema-graph\">{\"@context\":\"https:\\\/\\\/schema.org\",\"@graph\":[{\"@type\":\"WebPage\",\"@id\":\"https:\\\/\\\/vorulagerinn.is\\\/product\\\/jr-bp560s\\\/\",\"url\":\"https:\\\/\\\/vorulagerinn.is\\\/product\\\/jr-bp560s\\\/\",\"name\":\"Snertipenni \\\/ Skj\u00e1penni fyrir snjalls\u00edma og spjaldt\u00f6lvur\",\"isPartOf\":{\"@id\":\"https:\\\/\\\/vorulagerinn.is\\\/#website\"},\"primaryImageOfPage\":{\"@id\":\"https:\\\/\\\/vorulagerinn.is\\\/product\\\/jr-bp560s\\\/#primaryimage\"},\"image\":{\"@id\":\"https:\\\/\\\/vorulagerinn.is\\\/product\\\/jr-bp560s\\\/#primaryimage\"},\"thumbnailUrl\":\"https:\\\/\\\/vorulagerinn.is\\\/wp-content\\\/uploads\\\/2025\\\/09\\\/JR-BP560S.jpg\",\"datePublished\":\"2025-07-22T10:50:40+00:00\",\"dateModified\":\"2026-02-15T19:12:39+00:00\",\"description\":\"St\u00edlhreinn, n\u00e1kv\u00e6mur og pass\u00edfur snertipenni sem \u00fearf hvorki hle\u00f0slu n\u00e9 Bluetooth tengingar. Hann virkar \u00e1 \u00f6llum helstu spjaldt\u00f6lvum og snjalls\u00edmum.\",\"breadcrumb\":{\"@id\":\"https:\\\/\\\/vorulagerinn.is\\\/product\\\/jr-bp560s\\\/#breadcrumb\"},\"inLanguage\":\"en-US\",\"potentialAction\":[{\"@type\":\"ReadAction\",\"target\":[\"https:\\\/\\\/vorulagerinn.is\\\/product\\\/jr-bp560s\\\/\"]}]},{\"@type\":\"ImageObject\",\"inLanguage\":\"en-US\",\"@id\":\"https:\\\/\\\/vorulagerinn.is\\\/product\\\/jr-bp560s\\\/#primaryimage\",\"url\":\"https:\\\/\\\/vorulagerinn.is\\\/wp-content\\\/uploads\\\/2025\\\/09\\\/JR-BP560S.jpg\",\"contentUrl\":\"https:\\\/\\\/vorulagerinn.is\\\/wp-content\\\/uploads\\\/2025\\\/09\\\/JR-BP560S.jpg\",\"width\":600,\"height\":600},{\"@type\":\"BreadcrumbList\",\"@id\":\"https:\\\/\\\/vorulagerinn.is\\\/product\\\/jr-bp560s\\\/#breadcrumb\",\"itemListElement\":[{\"@type\":\"ListItem\",\"position\":1,\"name\":\"Home\",\"item\":\"https:\\\/\\\/vorulagerinn.is\\\/\"},{\"@type\":\"ListItem\",\"position\":2,\"name\":\"Shop\",\"item\":\"https:\\\/\\\/vorulagerinn.is\\\/en\\\/shop\\\/\"},{\"@type\":\"ListItem\",\"position\":3,\"name\":\"Snertipenni \\\/ Skj\u00e1penni fyrir snjalls\u00edma og spjaldt\u00f6lvur\"}]},{\"@type\":\"WebSite\",\"@id\":\"https:\\\/\\\/vorulagerinn.is\\\/#website\",\"url\":\"https:\\\/\\\/vorulagerinn.is\\\/\",\"name\":\"V\u00f6rulagerinn\",\"description\":\"L\u00e1ttu \u00fea\u00f0 eftir \u00fe\u00e9r\",\"publisher\":{\"@id\":\"https:\\\/\\\/vorulagerinn.is\\\/#organization\"},\"potentialAction\":[{\"@type\":\"SearchAction\",\"target\":{\"@type\":\"EntryPoint\",\"urlTemplate\":\"https:\\\/\\\/vorulagerinn.is\\\/?s={search_term_string}\"},\"query-input\":{\"@type\":\"PropertyValueSpecification\",\"valueRequired\":true,\"valueName\":\"search_term_string\"}}],\"inLanguage\":\"en-US\"},{\"@type\":\"Organization\",\"@id\":\"https:\\\/\\\/vorulagerinn.is\\\/#organization\",\"name\":\"V\u00f6rulagerinn\",\"url\":\"https:\\\/\\\/vorulagerinn.is\\\/\",\"logo\":{\"@type\":\"ImageObject\",\"inLanguage\":\"en-US\",\"@id\":\"https:\\\/\\\/vorulagerinn.is\\\/#\\\/schema\\\/logo\\\/image\\\/\",\"url\":\"https:\\\/\\\/vorulagerinn.is\\\/wp-content\\\/uploads\\\/2022\\\/09\\\/Vorulagerinn-Logo-588x160-1.png\",\"contentUrl\":\"https:\\\/\\\/vorulagerinn.is\\\/wp-content\\\/uploads\\\/2022\\\/09\\\/Vorulagerinn-Logo-588x160-1.png\",\"width\":588,\"height\":160,\"caption\":\"V\u00f6rulagerinn\"},\"image\":{\"@id\":\"https:\\\/\\\/vorulagerinn.is\\\/#\\\/schema\\\/logo\\\/image\\\/\"},\"sameAs\":[\"https:\\\/\\\/www.facebook.com\\\/vorulagerinn\",\"https:\\\/\\\/www.instagram.com\\\/vorulagerinn\\\/\"]}]}<\/script>\n<meta property=\"product:price:amount\" content=\"4490\" \/>\n<meta property=\"product:price:currency\" content=\"ISK\" \/>\n<meta property=\"og:availability\" content=\"instock\" \/>\n<meta property=\"product:availability\" content=\"instock\" \/>\n<meta property=\"product:retailer_item_id\" content=\"JR-BP560S\" \/>\n<meta property=\"product:condition\" content=\"new\" \/>\n<!-- \/ Yoast SEO Premium plugin. -->","yoast_head_json":{"title":"Snertipenni \/ Skj\u00e1penni fyrir snjalls\u00edma og spjaldt\u00f6lvur","description":"St\u00edlhreinn, n\u00e1kv\u00e6mur og pass\u00edfur snertipenni sem \u00fearf hvorki hle\u00f0slu n\u00e9 Bluetooth tengingar. Hann virkar \u00e1 \u00f6llum helstu spjaldt\u00f6lvum og snjalls\u00edmum.","robots":{"index":"index","follow":"follow","max-snippet":"max-snippet:-1","max-image-preview":"max-image-preview:large","max-video-preview":"max-video-preview:-1"},"canonical":"https:\/\/vorulagerinn.is\/product\/jr-bp560s\/","og_locale":"en_US","og_type":"article","og_title":"Snertipenni \/ Skj\u00e1penni fyrir snjalls\u00edma og spjaldt\u00f6lvur","og_description":"St\u00edlhreinn, n\u00e1kv\u00e6mur og pass\u00edfur snertipenni sem \u00fearf hvorki hle\u00f0slu n\u00e9 Bluetooth tengingar. Hann virkar \u00e1 \u00f6llum helstu spjaldt\u00f6lvum og snjalls\u00edmum.","og_url":"https:\/\/vorulagerinn.is\/product\/jr-bp560s\/","og_site_name":"V&ouml;rulagerinn","article_publisher":"https:\/\/www.facebook.com\/vorulagerinn","article_modified_time":"2026-02-15T19:12:39+00:00","og_image":[{"width":600,"height":600,"url":"https:\/\/vorulagerinn.is\/wp-content\/uploads\/2025\/09\/JR-BP560S.jpg","type":"image\/jpeg"}],"twitter_card":"summary_large_image","twitter_misc":{"Price":"4.490&nbsp;kr.","Availability":"In stock"},"schema":{"@context":"https:\/\/schema.org","@graph":[{"@type":"WebPage","@id":"https:\/\/vorulagerinn.is\/product\/jr-bp560s\/","url":"https:\/\/vorulagerinn.is\/product\/jr-bp560s\/","name":"Snertipenni \/ Skj\u00e1penni fyrir snjalls\u00edma og spjaldt\u00f6lvur","isPartOf":{"@id":"https:\/\/vorulagerinn.is\/#website"},"primaryImageOfPage":{"@id":"https:\/\/vorulagerinn.is\/product\/jr-bp560s\/#primaryimage"},"image":{"@id":"https:\/\/vorulagerinn.is\/product\/jr-bp560s\/#primaryimage"},"thumbnailUrl":"https:\/\/vorulagerinn.is\/wp-content\/uploads\/2025\/09\/JR-BP560S.jpg","datePublished":"2025-07-22T10:50:40+00:00","dateModified":"2026-02-15T19:12:39+00:00","description":"St\u00edlhreinn, n\u00e1kv\u00e6mur og pass\u00edfur snertipenni sem \u00fearf hvorki hle\u00f0slu n\u00e9 Bluetooth tengingar. Hann virkar \u00e1 \u00f6llum helstu spjaldt\u00f6lvum og snjalls\u00edmum.","breadcrumb":{"@id":"https:\/\/vorulagerinn.is\/product\/jr-bp560s\/#breadcrumb"},"inLanguage":"en-US","potentialAction":[{"@type":"ReadAction","target":["https:\/\/vorulagerinn.is\/product\/jr-bp560s\/"]}]},{"@type":"ImageObject","inLanguage":"en-US","@id":"https:\/\/vorulagerinn.is\/product\/jr-bp560s\/#primaryimage","url":"https:\/\/vorulagerinn.is\/wp-content\/uploads\/2025\/09\/JR-BP560S.jpg","contentUrl":"https:\/\/vorulagerinn.is\/wp-content\/uploads\/2025\/09\/JR-BP560S.jpg","width":600,"height":600},{"@type":"BreadcrumbList","@id":"https:\/\/vorulagerinn.is\/product\/jr-bp560s\/#breadcrumb","itemListElement":[{"@type":"ListItem","position":1,"name":"Home","item":"https:\/\/vorulagerinn.is\/"},{"@type":"ListItem","position":2,"name":"Shop","item":"https:\/\/vorulagerinn.is\/en\/shop\/"},{"@type":"ListItem","position":3,"name":"Snertipenni \/ Skj\u00e1penni fyrir snjalls\u00edma og spjaldt\u00f6lvur"}]},{"@type":"WebSite","@id":"https:\/\/vorulagerinn.is\/#website","url":"https:\/\/vorulagerinn.is\/","name":"V\u00f6rulagerinn","description":"L\u00e1ttu \u00fea\u00f0 eftir \u00fe\u00e9r","publisher":{"@id":"https:\/\/vorulagerinn.is\/#organization"},"potentialAction":[{"@type":"SearchAction","target":{"@type":"EntryPoint","urlTemplate":"https:\/\/vorulagerinn.is\/?s={search_term_string}"},"query-input":{"@type":"PropertyValueSpecification","valueRequired":true,"valueName":"search_term_string"}}],"inLanguage":"en-US"},{"@type":"Organization","@id":"https:\/\/vorulagerinn.is\/#organization","name":"V\u00f6rulagerinn","url":"https:\/\/vorulagerinn.is\/","logo":{"@type":"ImageObject","inLanguage":"en-US","@id":"https:\/\/vorulagerinn.is\/#\/schema\/logo\/image\/","url":"https:\/\/vorulagerinn.is\/wp-content\/uploads\/2022\/09\/Vorulagerinn-Logo-588x160-1.png","contentUrl":"https:\/\/vorulagerinn.is\/wp-content\/uploads\/2022\/09\/Vorulagerinn-Logo-588x160-1.png","width":588,"height":160,"caption":"V\u00f6rulagerinn"},"image":{"@id":"https:\/\/vorulagerinn.is\/#\/schema\/logo\/image\/"},"sameAs":["https:\/\/www.facebook.com\/vorulagerinn","https:\/\/www.instagram.com\/vorulagerinn\/"]}]},"product_price_amount":"4490","product_price_currency":"ISK","og_availability":"instock","product_availability":"instock","product_retailer_item_id":"JR-BP560S","product_condition":"new"},"_links":{"self":[{"href":"https:\/\/vorulagerinn.is\/en\/wp-json\/wp\/v2\/product\/29313","targetHints":{"allow":["GET"]}}],"collection":[{"href":"https:\/\/vorulagerinn.is\/en\/wp-json\/wp\/v2\/product"}],"about":[{"href":"https:\/\/vorulagerinn.is\/en\/wp-json\/wp\/v2\/types\/product"}],"wp:featuredmedia":[{"embeddable":true,"href":"https:\/\/vorulagerinn.is\/en\/wp-json\/wp\/v2\/media\/29309"}],"wp:attachment":[{"href":"https:\/\/vorulagerinn.is\/en\/wp-json\/wp\/v2\/media?parent=29313"}],"wp:term":[{"taxonomy":"product_brand","embeddable":true,"href":"https:\/\/vorulagerinn.is\/en\/wp-json\/wp\/v2\/product_brand?post=29313"},{"taxonomy":"product_cat","embeddable":true,"href":"https:\/\/vorulagerinn.is\/en\/wp-json\/wp\/v2\/product_cat?post=29313"},{"taxonomy":"product_tag","embeddable":true,"href":"https:\/\/vorulagerinn.is\/en\/wp-json\/wp\/v2\/product_tag?post=29313"}],"curies":[{"name":"wp","href":"https:\/\/api.w.org\/{rel}","templated":true}]}}