{"id":29314,"date":"2025-07-22T12:25:36","date_gmt":"2025-07-22T12:25:36","guid":{"rendered":"https:\/\/vorulagerinn.is\/product\/jr-k12\/"},"modified":"2026-02-15T19:12:07","modified_gmt":"2026-02-15T19:12:07","slug":"jr-k12","status":"publish","type":"product","link":"https:\/\/vorulagerinn.is\/en\/product\/jr-k12\/","title":{"rendered":"Active Capacitive Stylus skj\u00e1penni"},"content":{"rendered":"","protected":false},"excerpt":{"rendered":"<p>Fr\u00e1b\u00e6r h\u00e1g\u00e6\u00f0a skj\u00e1penni sem er n\u00e6mur, skynjar hreyfingar, halla, hra\u00f0a og mismikinn \u00fer\u00fdsting. Hann er me\u00f0 endurhla\u00f0anlegri rafhl\u00f6\u00f0u sem endist \u00ed allt a\u00f0 12 klst \u00ed notkun og allt a\u00f0 360 daga \u00ed bi\u00f0st\u00f6\u00f0u. Skj\u00e1penninn slekkur sj\u00e1lfkrafa \u00e1 s\u00e9r ef hann er ekki nota\u00f0ur \u00ed 30 m\u00edn til a\u00f0 spara rafhl\u00f6\u00f0una. Penninn uppfyllir allar \u00fe\u00ednar \u00fearfir, engin t\u00f6f og \u00fea\u00f0 er h\u00e6gt a\u00f0 leggja l\u00f3fa ofan \u00e1 spjaldt\u00f6lvuna \u00e1n \u00feess a\u00f0 \u00fea\u00f0 hafi \u00e1hrif.<\/p>\n<p>Me\u00f0 pennanum fylgir hulstur me\u00f0 segul til a\u00f0 verja hann og svo er au\u00f0velt a\u00f0 festa hann vi\u00f0 spjaldt\u00f6lvuna \u00feegar hann er ekki \u00ed notkun. Tveir \u00fatskiptanlegir pennaendar fylgja me\u00f0.<\/p>\n<p>\u2013 Litur: Hv\u00edtur<br \/>\n\u2013 Lengd: 16,5 cm<br \/>\n\u2013 \u00deyngd: 15g<br \/>\n\u2013 Efni: \u00c1l og plast<br \/>\n\u2013 Hle\u00f0sla inn: 5V\/2A<br \/>\n\u2013 Hle\u00f0slusn\u00fara: USB-A \u00ed USB-C<br \/>\n\u2013 Vottun: CE, ROHS og FCC<\/p>\n","protected":false},"featured_media":29301,"template":"","meta":[],"product_brand":[420],"product_cat":[447],"product_tag":[],"class_list":{"0":"post-29314","1":"product","2":"type-product","3":"status-publish","4":"has-post-thumbnail","6":"product_brand-joyroom","7":"product_cat-skjapenni-snertipenni","9":"first","10":"instock","11":"sale","12":"taxable","13":"shipping-taxable","14":"purchasable","15":"product-type-simple"},"supplier_id":null,"supplier_sku":"","barcode":null,"atum_controlled":true,"out_stock_date":null,"out_stock_threshold":null,"inheritable":false,"inbound_stock":0,"stock_on_hold":0,"sold_today":0,"sales_last_days":0,"reserved_stock":0,"customer_returns":0,"warehouse_damage":0,"lost_in_post":0,"other_logs":0,"out_stock_days":0,"lost_sales":0,"has_location":false,"update_date":"2026-04-19T00:22:41","atum_locations":[],"atum_stock_status":"instock","restock_status":false,"low_stock_amount":"","sales_update_date":"2026-04-19T00:22:41","calc_backorders":null,"yoast_head":"<!-- This site is optimized with the Yoast SEO Premium plugin v26.6 (Yoast SEO v27.3) - https:\/\/yoast.com\/product\/yoast-seo-premium-wordpress\/ -->\n<title>Active Capacitive Stylus skj\u00e1penni<\/title>\n<meta name=\"description\" content=\"H\u00e1g\u00e6\u00f0a skj\u00e1penni sem er n\u00e6mur, skynjar hreyfingar, halla, hra\u00f0a og mismikinn \u00fer\u00fdsting. 12 klst endurhla\u00f0anleg rafhla\u00f0a &amp; allt a\u00f0 360 dagar \u00ed bi\u00f0st\u00f6\u00f0u.\" \/>\n<meta name=\"robots\" content=\"index, follow, max-snippet:-1, max-image-preview:large, max-video-preview:-1\" \/>\n<link rel=\"canonical\" href=\"https:\/\/vorulagerinn.is\/product\/jr-k12\/\" \/>\n<meta property=\"og:locale\" content=\"en_US\" \/>\n<meta property=\"og:type\" content=\"article\" \/>\n<meta property=\"og:title\" content=\"Active Capacitive Stylus skj\u00e1penni\" \/>\n<meta property=\"og:description\" content=\"H\u00e1g\u00e6\u00f0a skj\u00e1penni sem er n\u00e6mur, skynjar hreyfingar, halla, hra\u00f0a og mismikinn \u00fer\u00fdsting. 12 klst endurhla\u00f0anleg rafhla\u00f0a &amp; allt a\u00f0 360 dagar \u00ed bi\u00f0st\u00f6\u00f0u.\" \/>\n<meta property=\"og:url\" content=\"https:\/\/vorulagerinn.is\/product\/jr-k12\/\" \/>\n<meta property=\"og:site_name\" content=\"V&ouml;rulagerinn\" \/>\n<meta property=\"article:publisher\" content=\"https:\/\/www.facebook.com\/vorulagerinn\" \/>\n<meta property=\"article:modified_time\" content=\"2026-02-15T19:12:07+00:00\" \/>\n<meta property=\"og:image\" content=\"https:\/\/vorulagerinn.is\/wp-content\/uploads\/2025\/09\/JR-K12.jpg\" \/>\n\t<meta property=\"og:image:width\" content=\"600\" \/>\n\t<meta property=\"og:image:height\" content=\"600\" \/>\n\t<meta property=\"og:image:type\" content=\"image\/jpeg\" \/>\n<meta name=\"twitter:card\" content=\"summary_large_image\" \/>\n<meta name=\"twitter:label1\" content=\"Price\" \/>\n\t<meta name=\"twitter:data1\" content=\"6.223&nbsp;kr.\" \/>\n\t<meta name=\"twitter:label2\" content=\"Availability\" \/>\n\t<meta name=\"twitter:data2\" content=\"In stock\" \/>\n<script type=\"application\/ld+json\" class=\"yoast-schema-graph\">{\"@context\":\"https:\\\/\\\/schema.org\",\"@graph\":[{\"@type\":\"WebPage\",\"@id\":\"https:\\\/\\\/vorulagerinn.is\\\/product\\\/jr-k12\\\/\",\"url\":\"https:\\\/\\\/vorulagerinn.is\\\/product\\\/jr-k12\\\/\",\"name\":\"Active Capacitive Stylus skj\u00e1penni\",\"isPartOf\":{\"@id\":\"https:\\\/\\\/vorulagerinn.is\\\/#website\"},\"primaryImageOfPage\":{\"@id\":\"https:\\\/\\\/vorulagerinn.is\\\/product\\\/jr-k12\\\/#primaryimage\"},\"image\":{\"@id\":\"https:\\\/\\\/vorulagerinn.is\\\/product\\\/jr-k12\\\/#primaryimage\"},\"thumbnailUrl\":\"https:\\\/\\\/vorulagerinn.is\\\/wp-content\\\/uploads\\\/2025\\\/09\\\/JR-K12.jpg\",\"datePublished\":\"2025-07-22T12:25:36+00:00\",\"dateModified\":\"2026-02-15T19:12:07+00:00\",\"description\":\"H\u00e1g\u00e6\u00f0a skj\u00e1penni sem er n\u00e6mur, skynjar hreyfingar, halla, hra\u00f0a og mismikinn \u00fer\u00fdsting. 12 klst endurhla\u00f0anleg rafhla\u00f0a & allt a\u00f0 360 dagar \u00ed bi\u00f0st\u00f6\u00f0u.\",\"breadcrumb\":{\"@id\":\"https:\\\/\\\/vorulagerinn.is\\\/product\\\/jr-k12\\\/#breadcrumb\"},\"inLanguage\":\"en-US\",\"potentialAction\":[{\"@type\":\"ReadAction\",\"target\":[\"https:\\\/\\\/vorulagerinn.is\\\/product\\\/jr-k12\\\/\"]}]},{\"@type\":\"ImageObject\",\"inLanguage\":\"en-US\",\"@id\":\"https:\\\/\\\/vorulagerinn.is\\\/product\\\/jr-k12\\\/#primaryimage\",\"url\":\"https:\\\/\\\/vorulagerinn.is\\\/wp-content\\\/uploads\\\/2025\\\/09\\\/JR-K12.jpg\",\"contentUrl\":\"https:\\\/\\\/vorulagerinn.is\\\/wp-content\\\/uploads\\\/2025\\\/09\\\/JR-K12.jpg\",\"width\":600,\"height\":600},{\"@type\":\"BreadcrumbList\",\"@id\":\"https:\\\/\\\/vorulagerinn.is\\\/product\\\/jr-k12\\\/#breadcrumb\",\"itemListElement\":[{\"@type\":\"ListItem\",\"position\":1,\"name\":\"Home\",\"item\":\"https:\\\/\\\/vorulagerinn.is\\\/\"},{\"@type\":\"ListItem\",\"position\":2,\"name\":\"Shop\",\"item\":\"https:\\\/\\\/vorulagerinn.is\\\/en\\\/shop\\\/\"},{\"@type\":\"ListItem\",\"position\":3,\"name\":\"Active Capacitive Stylus skj\u00e1penni\"}]},{\"@type\":\"WebSite\",\"@id\":\"https:\\\/\\\/vorulagerinn.is\\\/#website\",\"url\":\"https:\\\/\\\/vorulagerinn.is\\\/\",\"name\":\"V\u00f6rulagerinn\",\"description\":\"L\u00e1ttu \u00fea\u00f0 eftir \u00fe\u00e9r\",\"publisher\":{\"@id\":\"https:\\\/\\\/vorulagerinn.is\\\/#organization\"},\"potentialAction\":[{\"@type\":\"SearchAction\",\"target\":{\"@type\":\"EntryPoint\",\"urlTemplate\":\"https:\\\/\\\/vorulagerinn.is\\\/?s={search_term_string}\"},\"query-input\":{\"@type\":\"PropertyValueSpecification\",\"valueRequired\":true,\"valueName\":\"search_term_string\"}}],\"inLanguage\":\"en-US\"},{\"@type\":\"Organization\",\"@id\":\"https:\\\/\\\/vorulagerinn.is\\\/#organization\",\"name\":\"V\u00f6rulagerinn\",\"url\":\"https:\\\/\\\/vorulagerinn.is\\\/\",\"logo\":{\"@type\":\"ImageObject\",\"inLanguage\":\"en-US\",\"@id\":\"https:\\\/\\\/vorulagerinn.is\\\/#\\\/schema\\\/logo\\\/image\\\/\",\"url\":\"https:\\\/\\\/vorulagerinn.is\\\/wp-content\\\/uploads\\\/2022\\\/09\\\/Vorulagerinn-Logo-588x160-1.png\",\"contentUrl\":\"https:\\\/\\\/vorulagerinn.is\\\/wp-content\\\/uploads\\\/2022\\\/09\\\/Vorulagerinn-Logo-588x160-1.png\",\"width\":588,\"height\":160,\"caption\":\"V\u00f6rulagerinn\"},\"image\":{\"@id\":\"https:\\\/\\\/vorulagerinn.is\\\/#\\\/schema\\\/logo\\\/image\\\/\"},\"sameAs\":[\"https:\\\/\\\/www.facebook.com\\\/vorulagerinn\",\"https:\\\/\\\/www.instagram.com\\\/vorulagerinn\\\/\"]}]}<\/script>\n<meta property=\"product:price:amount\" content=\"6223\" \/>\n<meta property=\"product:price:currency\" content=\"ISK\" \/>\n<meta property=\"og:availability\" content=\"instock\" \/>\n<meta property=\"product:availability\" content=\"instock\" \/>\n<meta property=\"product:retailer_item_id\" content=\"JR-K12\" \/>\n<meta property=\"product:condition\" content=\"new\" \/>\n<!-- \/ Yoast SEO Premium plugin. -->","yoast_head_json":{"title":"Active Capacitive Stylus skj\u00e1penni","description":"H\u00e1g\u00e6\u00f0a skj\u00e1penni sem er n\u00e6mur, skynjar hreyfingar, halla, hra\u00f0a og mismikinn \u00fer\u00fdsting. 12 klst endurhla\u00f0anleg rafhla\u00f0a & allt a\u00f0 360 dagar \u00ed bi\u00f0st\u00f6\u00f0u.","robots":{"index":"index","follow":"follow","max-snippet":"max-snippet:-1","max-image-preview":"max-image-preview:large","max-video-preview":"max-video-preview:-1"},"canonical":"https:\/\/vorulagerinn.is\/product\/jr-k12\/","og_locale":"en_US","og_type":"article","og_title":"Active Capacitive Stylus skj\u00e1penni","og_description":"H\u00e1g\u00e6\u00f0a skj\u00e1penni sem er n\u00e6mur, skynjar hreyfingar, halla, hra\u00f0a og mismikinn \u00fer\u00fdsting. 12 klst endurhla\u00f0anleg rafhla\u00f0a & allt a\u00f0 360 dagar \u00ed bi\u00f0st\u00f6\u00f0u.","og_url":"https:\/\/vorulagerinn.is\/product\/jr-k12\/","og_site_name":"V&ouml;rulagerinn","article_publisher":"https:\/\/www.facebook.com\/vorulagerinn","article_modified_time":"2026-02-15T19:12:07+00:00","og_image":[{"width":600,"height":600,"url":"https:\/\/vorulagerinn.is\/wp-content\/uploads\/2025\/09\/JR-K12.jpg","type":"image\/jpeg"}],"twitter_card":"summary_large_image","twitter_misc":{"Price":"6.223&nbsp;kr.","Availability":"In stock"},"schema":{"@context":"https:\/\/schema.org","@graph":[{"@type":"WebPage","@id":"https:\/\/vorulagerinn.is\/product\/jr-k12\/","url":"https:\/\/vorulagerinn.is\/product\/jr-k12\/","name":"Active Capacitive Stylus skj\u00e1penni","isPartOf":{"@id":"https:\/\/vorulagerinn.is\/#website"},"primaryImageOfPage":{"@id":"https:\/\/vorulagerinn.is\/product\/jr-k12\/#primaryimage"},"image":{"@id":"https:\/\/vorulagerinn.is\/product\/jr-k12\/#primaryimage"},"thumbnailUrl":"https:\/\/vorulagerinn.is\/wp-content\/uploads\/2025\/09\/JR-K12.jpg","datePublished":"2025-07-22T12:25:36+00:00","dateModified":"2026-02-15T19:12:07+00:00","description":"H\u00e1g\u00e6\u00f0a skj\u00e1penni sem er n\u00e6mur, skynjar hreyfingar, halla, hra\u00f0a og mismikinn \u00fer\u00fdsting. 12 klst endurhla\u00f0anleg rafhla\u00f0a & allt a\u00f0 360 dagar \u00ed bi\u00f0st\u00f6\u00f0u.","breadcrumb":{"@id":"https:\/\/vorulagerinn.is\/product\/jr-k12\/#breadcrumb"},"inLanguage":"en-US","potentialAction":[{"@type":"ReadAction","target":["https:\/\/vorulagerinn.is\/product\/jr-k12\/"]}]},{"@type":"ImageObject","inLanguage":"en-US","@id":"https:\/\/vorulagerinn.is\/product\/jr-k12\/#primaryimage","url":"https:\/\/vorulagerinn.is\/wp-content\/uploads\/2025\/09\/JR-K12.jpg","contentUrl":"https:\/\/vorulagerinn.is\/wp-content\/uploads\/2025\/09\/JR-K12.jpg","width":600,"height":600},{"@type":"BreadcrumbList","@id":"https:\/\/vorulagerinn.is\/product\/jr-k12\/#breadcrumb","itemListElement":[{"@type":"ListItem","position":1,"name":"Home","item":"https:\/\/vorulagerinn.is\/"},{"@type":"ListItem","position":2,"name":"Shop","item":"https:\/\/vorulagerinn.is\/en\/shop\/"},{"@type":"ListItem","position":3,"name":"Active Capacitive Stylus skj\u00e1penni"}]},{"@type":"WebSite","@id":"https:\/\/vorulagerinn.is\/#website","url":"https:\/\/vorulagerinn.is\/","name":"V\u00f6rulagerinn","description":"L\u00e1ttu \u00fea\u00f0 eftir \u00fe\u00e9r","publisher":{"@id":"https:\/\/vorulagerinn.is\/#organization"},"potentialAction":[{"@type":"SearchAction","target":{"@type":"EntryPoint","urlTemplate":"https:\/\/vorulagerinn.is\/?s={search_term_string}"},"query-input":{"@type":"PropertyValueSpecification","valueRequired":true,"valueName":"search_term_string"}}],"inLanguage":"en-US"},{"@type":"Organization","@id":"https:\/\/vorulagerinn.is\/#organization","name":"V\u00f6rulagerinn","url":"https:\/\/vorulagerinn.is\/","logo":{"@type":"ImageObject","inLanguage":"en-US","@id":"https:\/\/vorulagerinn.is\/#\/schema\/logo\/image\/","url":"https:\/\/vorulagerinn.is\/wp-content\/uploads\/2022\/09\/Vorulagerinn-Logo-588x160-1.png","contentUrl":"https:\/\/vorulagerinn.is\/wp-content\/uploads\/2022\/09\/Vorulagerinn-Logo-588x160-1.png","width":588,"height":160,"caption":"V\u00f6rulagerinn"},"image":{"@id":"https:\/\/vorulagerinn.is\/#\/schema\/logo\/image\/"},"sameAs":["https:\/\/www.facebook.com\/vorulagerinn","https:\/\/www.instagram.com\/vorulagerinn\/"]}]},"product_price_amount":"6223","product_price_currency":"ISK","og_availability":"instock","product_availability":"instock","product_retailer_item_id":"JR-K12","product_condition":"new"},"_links":{"self":[{"href":"https:\/\/vorulagerinn.is\/en\/wp-json\/wp\/v2\/product\/29314","targetHints":{"allow":["GET"]}}],"collection":[{"href":"https:\/\/vorulagerinn.is\/en\/wp-json\/wp\/v2\/product"}],"about":[{"href":"https:\/\/vorulagerinn.is\/en\/wp-json\/wp\/v2\/types\/product"}],"wp:featuredmedia":[{"embeddable":true,"href":"https:\/\/vorulagerinn.is\/en\/wp-json\/wp\/v2\/media\/29301"}],"wp:attachment":[{"href":"https:\/\/vorulagerinn.is\/en\/wp-json\/wp\/v2\/media?parent=29314"}],"wp:term":[{"taxonomy":"product_brand","embeddable":true,"href":"https:\/\/vorulagerinn.is\/en\/wp-json\/wp\/v2\/product_brand?post=29314"},{"taxonomy":"product_cat","embeddable":true,"href":"https:\/\/vorulagerinn.is\/en\/wp-json\/wp\/v2\/product_cat?post=29314"},{"taxonomy":"product_tag","embeddable":true,"href":"https:\/\/vorulagerinn.is\/en\/wp-json\/wp\/v2\/product_tag?post=29314"}],"curies":[{"name":"wp","href":"https:\/\/api.w.org\/{rel}","templated":true}]}}