{"id":29325,"date":"2025-08-19T13:26:12","date_gmt":"2025-08-19T13:26:12","guid":{"rendered":"https:\/\/vorulagerinn.is\/product\/65w-gan-usb-hledslutaeki-med-2x-usb-c-1x-usb-a-tengjum-asamt-100w-hradhledslusnuru\/"},"modified":"2025-12-26T11:25:37","modified_gmt":"2025-12-26T11:25:37","slug":"jr-tcg01eu","status":"publish","type":"product","link":"https:\/\/vorulagerinn.is\/en\/product\/jr-tcg01eu\/","title":{"rendered":"65W GaN USB hle\u00f0slut\u00e6ki me\u00f0 2x USB-C &amp; 1x USB-A tengjum \u00e1samt 100W hra\u00f0hle\u00f0slusn\u00faru"},"content":{"rendered":"<p>\u2013 Input: AC 100-240V~50\/60Hz,1.5A (Max)<br \/>\n\u2013 USB-C1\/C2 Output: 5V=3A,9V=3A,12V=3A,15V=3A,20V=3.25A<br \/>\n\u2013 PPS: 3.3-11V=5A<br \/>\n\u2013 USB-A Output: 5V=3A,9V=3A,12V=3A,20V=3A<br \/>\n\u2013 USB-C1+USB-A Output: 45W+18W (Max)<br \/>\n\u2013 USB-C2+USB-A Output: 5V=3A 15W (Max)<br \/>\n\u2013 USB-C1+USB-C2 Output:45W+20W(Max)<br \/>\n\u2013 USB-C1+C2+USB-A Output: 45W+15W (Max)<br \/>\n\u2013 Total Output: 65W (Max)<br \/>\n\u2013 Material: PC fireproof material<br \/>\n\u2013 CE, ROHS &amp; FCC<\/p>\n","protected":false},"excerpt":{"rendered":"<p>H\u00e1hra\u00f0a Gan USB hle\u00f0slut\u00e6ki sem gerir \u00fe\u00e9r kleift a\u00f0 hla\u00f0a allt a\u00f0 \u00ferj\u00fa t\u00e6ki \u00ed einu. Hle\u00f0slut\u00e6ki\u00f0 er me\u00f0 2x USB-C og 1x USB-A tengi. \u00dea\u00f0 er h\u00e6gt a\u00f0 hla\u00f0a snjalls\u00edma, fart\u00f6lvur, spjaldt\u00f6lvur og \u00f6nnur USB t\u00e6ki. Virkar b\u00e6\u00f0i fyrir Apple og Android. Me\u00f0 GaN h\u00e1g\u00e6\u00f0a t\u00e6kni er hle\u00f0slan st\u00f6\u00f0ug og t\u00e6ki\u00f0 hitnar minna.<\/p>\n<p>100W USB-C \u00ed USB-C hra\u00f0hle\u00f0slusn\u00fara fylgir me\u00f0.<\/p>\n<p>\u2013 N\u00e1nari uppl\u00fdsingar ne\u00f0ar \u00e1 s\u00ed\u00f0u<br \/>\n\u2013 Litur: Svartur<br \/>\n\u2013 \u00deyngd: 124,5g<br \/>\n\u2013 St\u00e6r\u00f0: 98\u00d735,6\u00d738 mm<br \/>\n\u2013 USB-A Output: 5V=3A,9V=3A,12V=3A,20V=3A<br \/>\n\u2013 USB-C1+USB-A Output: 45W+18W (Max)<br \/>\n\u2013 USB-C2+USB-A Output: 5V=3A 15W (Max)<br \/>\n\u2013 USB-C1+USB-C2 Output:45W+20W(Max)<br \/>\n\u2013 USB-C1+C2+USB-A Output: 45W+15W (Max)<br \/>\n\u2013 Total Output: 65W (Max)<br \/>\n\u2013 Vottun: CE, ROHS &amp; FCC<\/p>\n","protected":false},"featured_media":29323,"template":"","meta":[],"product_brand":[420],"product_cat":[448],"product_tag":[],"class_list":{"0":"post-29325","1":"product","2":"type-product","3":"status-publish","4":"has-post-thumbnail","6":"product_brand-joyroom","7":"product_cat-usb-hledslutaeki","9":"first","10":"instock","11":"sale","12":"taxable","13":"shipping-taxable","14":"purchasable","15":"product-type-simple"},"supplier_id":null,"supplier_sku":"","barcode":null,"atum_controlled":true,"out_stock_date":null,"out_stock_threshold":null,"inheritable":false,"inbound_stock":0,"stock_on_hold":0,"sold_today":0,"sales_last_days":0,"reserved_stock":0,"customer_returns":0,"warehouse_damage":0,"lost_in_post":0,"other_logs":0,"out_stock_days":0,"lost_sales":0,"has_location":false,"update_date":"2026-04-12T00:15:15","atum_locations":[],"atum_stock_status":"instock","restock_status":false,"low_stock_amount":"","sales_update_date":"2026-04-12T00:15:15","calc_backorders":null,"yoast_head":"<!-- This site is optimized with the Yoast SEO Premium plugin v26.6 (Yoast SEO v27.3) - https:\/\/yoast.com\/product\/yoast-seo-premium-wordpress\/ -->\n<title>65W GaN USB hle\u00f0slut\u00e6ki me\u00f0 2x USB-C &amp; 1x USB-A tengjum \u00e1samt 100W hra\u00f0hle\u00f0slusn\u00faru<\/title>\n<meta name=\"description\" content=\"H\u00e1hra\u00f0a 65W GaN USB hle\u00f0slut\u00e6ki\u00f0 gerir \u00fe\u00e9r kleift a\u00f0 hla\u00f0a allt a\u00f0 3 t\u00e6ki \u00ed einu. 100W USB-C \u00ed USB-C hra\u00f0hle\u00f0slusn\u00fara fylgir me\u00f0. Fyrir Apple &amp; Android.\" \/>\n<meta name=\"robots\" content=\"index, follow, max-snippet:-1, max-image-preview:large, max-video-preview:-1\" \/>\n<link rel=\"canonical\" href=\"https:\/\/vorulagerinn.is\/product\/jr-tcg01eu\/\" \/>\n<meta property=\"og:locale\" content=\"en_US\" \/>\n<meta property=\"og:type\" content=\"article\" \/>\n<meta property=\"og:title\" content=\"65W GaN USB hle\u00f0slut\u00e6ki me\u00f0 2x USB-C &amp; 1x USB-A tengjum \u00e1samt 100W hra\u00f0hle\u00f0slusn\u00faru\" \/>\n<meta property=\"og:description\" content=\"H\u00e1hra\u00f0a 65W GaN USB hle\u00f0slut\u00e6ki\u00f0 gerir \u00fe\u00e9r kleift a\u00f0 hla\u00f0a allt a\u00f0 3 t\u00e6ki \u00ed einu. 100W USB-C \u00ed USB-C hra\u00f0hle\u00f0slusn\u00fara fylgir me\u00f0. Fyrir Apple &amp; Android.\" \/>\n<meta property=\"og:url\" content=\"https:\/\/vorulagerinn.is\/product\/jr-tcg01eu\/\" \/>\n<meta property=\"og:site_name\" content=\"V&ouml;rulagerinn\" \/>\n<meta property=\"article:publisher\" content=\"https:\/\/www.facebook.com\/vorulagerinn\" \/>\n<meta property=\"article:modified_time\" content=\"2025-12-26T11:25:37+00:00\" \/>\n<meta property=\"og:image\" content=\"https:\/\/vorulagerinn.is\/wp-content\/uploads\/2025\/09\/JR-TCG01EU.jpg\" \/>\n\t<meta property=\"og:image:width\" content=\"600\" \/>\n\t<meta property=\"og:image:height\" content=\"600\" \/>\n\t<meta property=\"og:image:type\" content=\"image\/jpeg\" \/>\n<meta name=\"twitter:card\" content=\"summary_large_image\" \/>\n<meta name=\"twitter:label1\" content=\"Price\" \/>\n\t<meta name=\"twitter:data1\" content=\"7.920&nbsp;kr.\" \/>\n\t<meta name=\"twitter:label2\" content=\"Availability\" \/>\n\t<meta name=\"twitter:data2\" content=\"In stock\" \/>\n<script type=\"application\/ld+json\" class=\"yoast-schema-graph\">{\"@context\":\"https:\\\/\\\/schema.org\",\"@graph\":[{\"@type\":\"WebPage\",\"@id\":\"https:\\\/\\\/vorulagerinn.is\\\/product\\\/jr-tcg01eu\\\/\",\"url\":\"https:\\\/\\\/vorulagerinn.is\\\/product\\\/jr-tcg01eu\\\/\",\"name\":\"65W GaN USB hle\u00f0slut\u00e6ki me\u00f0 2x USB-C & 1x USB-A tengjum \u00e1samt 100W hra\u00f0hle\u00f0slusn\u00faru\",\"isPartOf\":{\"@id\":\"https:\\\/\\\/vorulagerinn.is\\\/#website\"},\"primaryImageOfPage\":{\"@id\":\"https:\\\/\\\/vorulagerinn.is\\\/product\\\/jr-tcg01eu\\\/#primaryimage\"},\"image\":{\"@id\":\"https:\\\/\\\/vorulagerinn.is\\\/product\\\/jr-tcg01eu\\\/#primaryimage\"},\"thumbnailUrl\":\"https:\\\/\\\/vorulagerinn.is\\\/wp-content\\\/uploads\\\/2025\\\/09\\\/JR-TCG01EU.jpg\",\"datePublished\":\"2025-08-19T13:26:12+00:00\",\"dateModified\":\"2025-12-26T11:25:37+00:00\",\"description\":\"H\u00e1hra\u00f0a 65W GaN USB hle\u00f0slut\u00e6ki\u00f0 gerir \u00fe\u00e9r kleift a\u00f0 hla\u00f0a allt a\u00f0 3 t\u00e6ki \u00ed einu. 100W USB-C \u00ed USB-C hra\u00f0hle\u00f0slusn\u00fara fylgir me\u00f0. Fyrir Apple & Android.\",\"breadcrumb\":{\"@id\":\"https:\\\/\\\/vorulagerinn.is\\\/product\\\/jr-tcg01eu\\\/#breadcrumb\"},\"inLanguage\":\"en-US\",\"potentialAction\":[{\"@type\":\"ReadAction\",\"target\":[\"https:\\\/\\\/vorulagerinn.is\\\/product\\\/jr-tcg01eu\\\/\"]}]},{\"@type\":\"ImageObject\",\"inLanguage\":\"en-US\",\"@id\":\"https:\\\/\\\/vorulagerinn.is\\\/product\\\/jr-tcg01eu\\\/#primaryimage\",\"url\":\"https:\\\/\\\/vorulagerinn.is\\\/wp-content\\\/uploads\\\/2025\\\/09\\\/JR-TCG01EU.jpg\",\"contentUrl\":\"https:\\\/\\\/vorulagerinn.is\\\/wp-content\\\/uploads\\\/2025\\\/09\\\/JR-TCG01EU.jpg\",\"width\":600,\"height\":600},{\"@type\":\"BreadcrumbList\",\"@id\":\"https:\\\/\\\/vorulagerinn.is\\\/product\\\/jr-tcg01eu\\\/#breadcrumb\",\"itemListElement\":[{\"@type\":\"ListItem\",\"position\":1,\"name\":\"Home\",\"item\":\"https:\\\/\\\/vorulagerinn.is\\\/\"},{\"@type\":\"ListItem\",\"position\":2,\"name\":\"Shop\",\"item\":\"https:\\\/\\\/vorulagerinn.is\\\/en\\\/shop\\\/\"},{\"@type\":\"ListItem\",\"position\":3,\"name\":\"65W GaN USB hle\u00f0slut\u00e6ki me\u00f0 2x USB-C &amp; 1x USB-A tengjum \u00e1samt 100W hra\u00f0hle\u00f0slusn\u00faru\"}]},{\"@type\":\"WebSite\",\"@id\":\"https:\\\/\\\/vorulagerinn.is\\\/#website\",\"url\":\"https:\\\/\\\/vorulagerinn.is\\\/\",\"name\":\"V\u00f6rulagerinn\",\"description\":\"L\u00e1ttu \u00fea\u00f0 eftir \u00fe\u00e9r\",\"publisher\":{\"@id\":\"https:\\\/\\\/vorulagerinn.is\\\/#organization\"},\"potentialAction\":[{\"@type\":\"SearchAction\",\"target\":{\"@type\":\"EntryPoint\",\"urlTemplate\":\"https:\\\/\\\/vorulagerinn.is\\\/?s={search_term_string}\"},\"query-input\":{\"@type\":\"PropertyValueSpecification\",\"valueRequired\":true,\"valueName\":\"search_term_string\"}}],\"inLanguage\":\"en-US\"},{\"@type\":\"Organization\",\"@id\":\"https:\\\/\\\/vorulagerinn.is\\\/#organization\",\"name\":\"V\u00f6rulagerinn\",\"url\":\"https:\\\/\\\/vorulagerinn.is\\\/\",\"logo\":{\"@type\":\"ImageObject\",\"inLanguage\":\"en-US\",\"@id\":\"https:\\\/\\\/vorulagerinn.is\\\/#\\\/schema\\\/logo\\\/image\\\/\",\"url\":\"https:\\\/\\\/vorulagerinn.is\\\/wp-content\\\/uploads\\\/2022\\\/09\\\/Vorulagerinn-Logo-588x160-1.png\",\"contentUrl\":\"https:\\\/\\\/vorulagerinn.is\\\/wp-content\\\/uploads\\\/2022\\\/09\\\/Vorulagerinn-Logo-588x160-1.png\",\"width\":588,\"height\":160,\"caption\":\"V\u00f6rulagerinn\"},\"image\":{\"@id\":\"https:\\\/\\\/vorulagerinn.is\\\/#\\\/schema\\\/logo\\\/image\\\/\"},\"sameAs\":[\"https:\\\/\\\/www.facebook.com\\\/vorulagerinn\",\"https:\\\/\\\/www.instagram.com\\\/vorulagerinn\\\/\"]}]}<\/script>\n<meta property=\"product:price:amount\" content=\"7920\" \/>\n<meta property=\"product:price:currency\" content=\"ISK\" \/>\n<meta property=\"og:availability\" content=\"instock\" \/>\n<meta property=\"product:availability\" content=\"instock\" \/>\n<meta property=\"product:retailer_item_id\" content=\"JR-TCG01EU\" \/>\n<meta property=\"product:condition\" content=\"new\" \/>\n<!-- \/ Yoast SEO Premium plugin. -->","yoast_head_json":{"title":"65W GaN USB hle\u00f0slut\u00e6ki me\u00f0 2x USB-C & 1x USB-A tengjum \u00e1samt 100W hra\u00f0hle\u00f0slusn\u00faru","description":"H\u00e1hra\u00f0a 65W GaN USB hle\u00f0slut\u00e6ki\u00f0 gerir \u00fe\u00e9r kleift a\u00f0 hla\u00f0a allt a\u00f0 3 t\u00e6ki \u00ed einu. 100W USB-C \u00ed USB-C hra\u00f0hle\u00f0slusn\u00fara fylgir me\u00f0. Fyrir Apple & Android.","robots":{"index":"index","follow":"follow","max-snippet":"max-snippet:-1","max-image-preview":"max-image-preview:large","max-video-preview":"max-video-preview:-1"},"canonical":"https:\/\/vorulagerinn.is\/product\/jr-tcg01eu\/","og_locale":"en_US","og_type":"article","og_title":"65W GaN USB hle\u00f0slut\u00e6ki me\u00f0 2x USB-C &amp; 1x USB-A tengjum \u00e1samt 100W hra\u00f0hle\u00f0slusn\u00faru","og_description":"H\u00e1hra\u00f0a 65W GaN USB hle\u00f0slut\u00e6ki\u00f0 gerir \u00fe\u00e9r kleift a\u00f0 hla\u00f0a allt a\u00f0 3 t\u00e6ki \u00ed einu. 100W USB-C \u00ed USB-C hra\u00f0hle\u00f0slusn\u00fara fylgir me\u00f0. Fyrir Apple & Android.","og_url":"https:\/\/vorulagerinn.is\/product\/jr-tcg01eu\/","og_site_name":"V&ouml;rulagerinn","article_publisher":"https:\/\/www.facebook.com\/vorulagerinn","article_modified_time":"2025-12-26T11:25:37+00:00","og_image":[{"width":600,"height":600,"url":"https:\/\/vorulagerinn.is\/wp-content\/uploads\/2025\/09\/JR-TCG01EU.jpg","type":"image\/jpeg"}],"twitter_card":"summary_large_image","twitter_misc":{"Price":"7.920&nbsp;kr.","Availability":"In stock"},"schema":{"@context":"https:\/\/schema.org","@graph":[{"@type":"WebPage","@id":"https:\/\/vorulagerinn.is\/product\/jr-tcg01eu\/","url":"https:\/\/vorulagerinn.is\/product\/jr-tcg01eu\/","name":"65W GaN USB hle\u00f0slut\u00e6ki me\u00f0 2x USB-C & 1x USB-A tengjum \u00e1samt 100W hra\u00f0hle\u00f0slusn\u00faru","isPartOf":{"@id":"https:\/\/vorulagerinn.is\/#website"},"primaryImageOfPage":{"@id":"https:\/\/vorulagerinn.is\/product\/jr-tcg01eu\/#primaryimage"},"image":{"@id":"https:\/\/vorulagerinn.is\/product\/jr-tcg01eu\/#primaryimage"},"thumbnailUrl":"https:\/\/vorulagerinn.is\/wp-content\/uploads\/2025\/09\/JR-TCG01EU.jpg","datePublished":"2025-08-19T13:26:12+00:00","dateModified":"2025-12-26T11:25:37+00:00","description":"H\u00e1hra\u00f0a 65W GaN USB hle\u00f0slut\u00e6ki\u00f0 gerir \u00fe\u00e9r kleift a\u00f0 hla\u00f0a allt a\u00f0 3 t\u00e6ki \u00ed einu. 100W USB-C \u00ed USB-C hra\u00f0hle\u00f0slusn\u00fara fylgir me\u00f0. Fyrir Apple & Android.","breadcrumb":{"@id":"https:\/\/vorulagerinn.is\/product\/jr-tcg01eu\/#breadcrumb"},"inLanguage":"en-US","potentialAction":[{"@type":"ReadAction","target":["https:\/\/vorulagerinn.is\/product\/jr-tcg01eu\/"]}]},{"@type":"ImageObject","inLanguage":"en-US","@id":"https:\/\/vorulagerinn.is\/product\/jr-tcg01eu\/#primaryimage","url":"https:\/\/vorulagerinn.is\/wp-content\/uploads\/2025\/09\/JR-TCG01EU.jpg","contentUrl":"https:\/\/vorulagerinn.is\/wp-content\/uploads\/2025\/09\/JR-TCG01EU.jpg","width":600,"height":600},{"@type":"BreadcrumbList","@id":"https:\/\/vorulagerinn.is\/product\/jr-tcg01eu\/#breadcrumb","itemListElement":[{"@type":"ListItem","position":1,"name":"Home","item":"https:\/\/vorulagerinn.is\/"},{"@type":"ListItem","position":2,"name":"Shop","item":"https:\/\/vorulagerinn.is\/en\/shop\/"},{"@type":"ListItem","position":3,"name":"65W GaN USB hle\u00f0slut\u00e6ki me\u00f0 2x USB-C &amp; 1x USB-A tengjum \u00e1samt 100W hra\u00f0hle\u00f0slusn\u00faru"}]},{"@type":"WebSite","@id":"https:\/\/vorulagerinn.is\/#website","url":"https:\/\/vorulagerinn.is\/","name":"V\u00f6rulagerinn","description":"L\u00e1ttu \u00fea\u00f0 eftir \u00fe\u00e9r","publisher":{"@id":"https:\/\/vorulagerinn.is\/#organization"},"potentialAction":[{"@type":"SearchAction","target":{"@type":"EntryPoint","urlTemplate":"https:\/\/vorulagerinn.is\/?s={search_term_string}"},"query-input":{"@type":"PropertyValueSpecification","valueRequired":true,"valueName":"search_term_string"}}],"inLanguage":"en-US"},{"@type":"Organization","@id":"https:\/\/vorulagerinn.is\/#organization","name":"V\u00f6rulagerinn","url":"https:\/\/vorulagerinn.is\/","logo":{"@type":"ImageObject","inLanguage":"en-US","@id":"https:\/\/vorulagerinn.is\/#\/schema\/logo\/image\/","url":"https:\/\/vorulagerinn.is\/wp-content\/uploads\/2022\/09\/Vorulagerinn-Logo-588x160-1.png","contentUrl":"https:\/\/vorulagerinn.is\/wp-content\/uploads\/2022\/09\/Vorulagerinn-Logo-588x160-1.png","width":588,"height":160,"caption":"V\u00f6rulagerinn"},"image":{"@id":"https:\/\/vorulagerinn.is\/#\/schema\/logo\/image\/"},"sameAs":["https:\/\/www.facebook.com\/vorulagerinn","https:\/\/www.instagram.com\/vorulagerinn\/"]}]},"product_price_amount":"7920","product_price_currency":"ISK","og_availability":"instock","product_availability":"instock","product_retailer_item_id":"JR-TCG01EU","product_condition":"new"},"_links":{"self":[{"href":"https:\/\/vorulagerinn.is\/en\/wp-json\/wp\/v2\/product\/29325","targetHints":{"allow":["GET"]}}],"collection":[{"href":"https:\/\/vorulagerinn.is\/en\/wp-json\/wp\/v2\/product"}],"about":[{"href":"https:\/\/vorulagerinn.is\/en\/wp-json\/wp\/v2\/types\/product"}],"wp:featuredmedia":[{"embeddable":true,"href":"https:\/\/vorulagerinn.is\/en\/wp-json\/wp\/v2\/media\/29323"}],"wp:attachment":[{"href":"https:\/\/vorulagerinn.is\/en\/wp-json\/wp\/v2\/media?parent=29325"}],"wp:term":[{"taxonomy":"product_brand","embeddable":true,"href":"https:\/\/vorulagerinn.is\/en\/wp-json\/wp\/v2\/product_brand?post=29325"},{"taxonomy":"product_cat","embeddable":true,"href":"https:\/\/vorulagerinn.is\/en\/wp-json\/wp\/v2\/product_cat?post=29325"},{"taxonomy":"product_tag","embeddable":true,"href":"https:\/\/vorulagerinn.is\/en\/wp-json\/wp\/v2\/product_tag?post=29325"}],"curies":[{"name":"wp","href":"https:\/\/api.w.org\/{rel}","templated":true}]}}