{"id":29343,"date":"2025-07-19T19:45:47","date_gmt":"2025-07-19T19:45:47","guid":{"rendered":"https:\/\/vorulagerinn.is\/product\/jr-tcg15eu\/"},"modified":"2026-02-24T12:12:36","modified_gmt":"2026-02-24T12:12:36","slug":"jr-tcg15eu","status":"publish","type":"product","link":"https:\/\/vorulagerinn.is\/en\/product\/jr-tcg15eu\/","title":{"rendered":"30W Mini GaN hra\u00f0hle\u00f0slut\u00e6ki me\u00f0 USB-C tengi"},"content":{"rendered":"","protected":false},"excerpt":{"rendered":"<p>30W hra\u00f0hle\u00f0slukubburinn er 60% minni en a\u00f0rir samb\u00e6rilegir kubbar. Hra\u00f0hle\u00f0slukubburinn er me\u00f0 Smart GaN chip sem gerir hle\u00f0sluna betri, skilvirkari og \u00f6ruggari. Me\u00f0 \u00fev\u00ed a\u00f0 hla\u00f0a n\u00fdjustu \u00fatg\u00e1funa af Iphone f\u00e6r\u00f0u 80% hle\u00f0slu \u00e1 30 m\u00edn. Hra\u00f0hle\u00f0slukubburinn hle\u00f0ur fer\u00f0av\u00e9lar, fars\u00edma, spjaldt\u00f6lvur, AirPods, headphones, Apple Watch og hle\u00f0slubanka af mismunandi v\u00f6rumerkjum hra\u00f0ar en hef\u00f0bundin hle\u00f0slut\u00e6ki.<\/p>\n<p>\u2013 Sj\u00e1 video a\u00f0 ne\u00f0an<br \/>\n\u2013 Litur: Hv\u00edtur<br \/>\n\u2013 Tengi: USB-C tengi<br \/>\n\u2013 Input: 100\/240V 50\/60Hz 0.8A (max)<br \/>\n\u2013 Output: 5V=3A \/ 9V=3A \/ 12V=2.5A \/ 30W (max)<br \/>\n\u2013 Efni: PC<br \/>\n\u2013 Vottun: CE, ROHS og FC<\/p>\n","protected":false},"featured_media":29341,"template":"","meta":[],"product_brand":[420],"product_cat":[448],"product_tag":[],"class_list":{"0":"post-29343","1":"product","2":"type-product","3":"status-publish","4":"has-post-thumbnail","6":"product_brand-joyroom","7":"product_cat-usb-hledslutaeki","9":"first","10":"instock","11":"taxable","12":"shipping-taxable","13":"purchasable","14":"product-type-simple"},"supplier_id":null,"supplier_sku":"","barcode":null,"atum_controlled":true,"out_stock_date":null,"out_stock_threshold":null,"inheritable":false,"inbound_stock":0,"stock_on_hold":0,"sold_today":0,"sales_last_days":0,"reserved_stock":0,"customer_returns":0,"warehouse_damage":0,"lost_in_post":0,"other_logs":0,"out_stock_days":0,"lost_sales":0,"has_location":false,"update_date":"2026-04-12T00:15:26","atum_locations":[],"atum_stock_status":"instock","restock_status":false,"low_stock_amount":"","sales_update_date":"2026-04-12T00:15:26","calc_backorders":null,"yoast_head":"<!-- This site is optimized with the Yoast SEO Premium plugin v26.6 (Yoast SEO v27.3) - https:\/\/yoast.com\/product\/yoast-seo-premium-wordpress\/ -->\n<title>30W Mini GaN hra\u00f0hle\u00f0slut\u00e6ki me\u00f0 USB-C tengi - V\u00f6rulagerinn<\/title>\n<meta name=\"description\" content=\"Hra\u00f0hle\u00f0slut\u00e6ki\u00f0 er 60% minna en a\u00f0rir samb\u00e6rilegir USB hle\u00f0slut\u00e6ki. GaN gerir hle\u00f0sluna betri, skilvirkari og \u00f6ruggari auk \u00feess sem \u00fea\u00f0 hitnar minna.\" \/>\n<meta name=\"robots\" content=\"index, follow, max-snippet:-1, max-image-preview:large, max-video-preview:-1\" \/>\n<link rel=\"canonical\" href=\"https:\/\/vorulagerinn.is\/product\/jr-tcg15eu\/\" \/>\n<meta property=\"og:locale\" content=\"en_US\" \/>\n<meta property=\"og:type\" content=\"article\" \/>\n<meta property=\"og:title\" content=\"30W Mini GaN hra\u00f0hle\u00f0slut\u00e6ki me\u00f0 USB-C tengi\" \/>\n<meta property=\"og:description\" content=\"Hra\u00f0hle\u00f0slut\u00e6ki\u00f0 er 60% minna en a\u00f0rir samb\u00e6rilegir USB hle\u00f0slut\u00e6ki. GaN gerir hle\u00f0sluna betri, skilvirkari og \u00f6ruggari auk \u00feess sem \u00fea\u00f0 hitnar minna.\" \/>\n<meta property=\"og:url\" content=\"https:\/\/vorulagerinn.is\/product\/jr-tcg15eu\/\" \/>\n<meta property=\"og:site_name\" content=\"V&ouml;rulagerinn\" \/>\n<meta property=\"article:publisher\" content=\"https:\/\/www.facebook.com\/vorulagerinn\" \/>\n<meta property=\"article:modified_time\" content=\"2026-02-24T12:12:36+00:00\" \/>\n<meta property=\"og:image\" content=\"https:\/\/vorulagerinn.is\/wp-content\/uploads\/2025\/09\/Joyroom-JR-TCG15EU-1.jpg\" \/>\n\t<meta property=\"og:image:width\" content=\"600\" \/>\n\t<meta property=\"og:image:height\" content=\"600\" \/>\n\t<meta property=\"og:image:type\" content=\"image\/jpeg\" \/>\n<meta name=\"twitter:card\" content=\"summary_large_image\" \/>\n<meta name=\"twitter:label1\" content=\"Price\" \/>\n\t<meta name=\"twitter:data1\" content=\"3.700&nbsp;kr.\" \/>\n\t<meta name=\"twitter:label2\" content=\"Availability\" \/>\n\t<meta name=\"twitter:data2\" content=\"In stock\" \/>\n<script type=\"application\/ld+json\" class=\"yoast-schema-graph\">{\"@context\":\"https:\\\/\\\/schema.org\",\"@graph\":[{\"@type\":\"WebPage\",\"@id\":\"https:\\\/\\\/vorulagerinn.is\\\/product\\\/jr-tcg15eu\\\/\",\"url\":\"https:\\\/\\\/vorulagerinn.is\\\/product\\\/jr-tcg15eu\\\/\",\"name\":\"30W Mini GaN hra\u00f0hle\u00f0slut\u00e6ki me\u00f0 USB-C tengi - V\u00f6rulagerinn\",\"isPartOf\":{\"@id\":\"https:\\\/\\\/vorulagerinn.is\\\/#website\"},\"primaryImageOfPage\":{\"@id\":\"https:\\\/\\\/vorulagerinn.is\\\/product\\\/jr-tcg15eu\\\/#primaryimage\"},\"image\":{\"@id\":\"https:\\\/\\\/vorulagerinn.is\\\/product\\\/jr-tcg15eu\\\/#primaryimage\"},\"thumbnailUrl\":\"https:\\\/\\\/vorulagerinn.is\\\/wp-content\\\/uploads\\\/2025\\\/09\\\/Joyroom-JR-TCG15EU-1.jpg\",\"datePublished\":\"2025-07-19T19:45:47+00:00\",\"dateModified\":\"2026-02-24T12:12:36+00:00\",\"description\":\"Hra\u00f0hle\u00f0slut\u00e6ki\u00f0 er 60% minna en a\u00f0rir samb\u00e6rilegir USB hle\u00f0slut\u00e6ki. GaN gerir hle\u00f0sluna betri, skilvirkari og \u00f6ruggari auk \u00feess sem \u00fea\u00f0 hitnar minna.\",\"breadcrumb\":{\"@id\":\"https:\\\/\\\/vorulagerinn.is\\\/product\\\/jr-tcg15eu\\\/#breadcrumb\"},\"inLanguage\":\"en-US\",\"potentialAction\":[{\"@type\":\"ReadAction\",\"target\":[\"https:\\\/\\\/vorulagerinn.is\\\/product\\\/jr-tcg15eu\\\/\"]}]},{\"@type\":\"ImageObject\",\"inLanguage\":\"en-US\",\"@id\":\"https:\\\/\\\/vorulagerinn.is\\\/product\\\/jr-tcg15eu\\\/#primaryimage\",\"url\":\"https:\\\/\\\/vorulagerinn.is\\\/wp-content\\\/uploads\\\/2025\\\/09\\\/Joyroom-JR-TCG15EU-1.jpg\",\"contentUrl\":\"https:\\\/\\\/vorulagerinn.is\\\/wp-content\\\/uploads\\\/2025\\\/09\\\/Joyroom-JR-TCG15EU-1.jpg\",\"width\":600,\"height\":600},{\"@type\":\"BreadcrumbList\",\"@id\":\"https:\\\/\\\/vorulagerinn.is\\\/product\\\/jr-tcg15eu\\\/#breadcrumb\",\"itemListElement\":[{\"@type\":\"ListItem\",\"position\":1,\"name\":\"Home\",\"item\":\"https:\\\/\\\/vorulagerinn.is\\\/\"},{\"@type\":\"ListItem\",\"position\":2,\"name\":\"Shop\",\"item\":\"https:\\\/\\\/vorulagerinn.is\\\/en\\\/shop\\\/\"},{\"@type\":\"ListItem\",\"position\":3,\"name\":\"30W Mini GaN hra\u00f0hle\u00f0slut\u00e6ki me\u00f0 USB-C tengi\"}]},{\"@type\":\"WebSite\",\"@id\":\"https:\\\/\\\/vorulagerinn.is\\\/#website\",\"url\":\"https:\\\/\\\/vorulagerinn.is\\\/\",\"name\":\"V\u00f6rulagerinn\",\"description\":\"L\u00e1ttu \u00fea\u00f0 eftir \u00fe\u00e9r\",\"publisher\":{\"@id\":\"https:\\\/\\\/vorulagerinn.is\\\/#organization\"},\"potentialAction\":[{\"@type\":\"SearchAction\",\"target\":{\"@type\":\"EntryPoint\",\"urlTemplate\":\"https:\\\/\\\/vorulagerinn.is\\\/?s={search_term_string}\"},\"query-input\":{\"@type\":\"PropertyValueSpecification\",\"valueRequired\":true,\"valueName\":\"search_term_string\"}}],\"inLanguage\":\"en-US\"},{\"@type\":\"Organization\",\"@id\":\"https:\\\/\\\/vorulagerinn.is\\\/#organization\",\"name\":\"V\u00f6rulagerinn\",\"url\":\"https:\\\/\\\/vorulagerinn.is\\\/\",\"logo\":{\"@type\":\"ImageObject\",\"inLanguage\":\"en-US\",\"@id\":\"https:\\\/\\\/vorulagerinn.is\\\/#\\\/schema\\\/logo\\\/image\\\/\",\"url\":\"https:\\\/\\\/vorulagerinn.is\\\/wp-content\\\/uploads\\\/2022\\\/09\\\/Vorulagerinn-Logo-588x160-1.png\",\"contentUrl\":\"https:\\\/\\\/vorulagerinn.is\\\/wp-content\\\/uploads\\\/2022\\\/09\\\/Vorulagerinn-Logo-588x160-1.png\",\"width\":588,\"height\":160,\"caption\":\"V\u00f6rulagerinn\"},\"image\":{\"@id\":\"https:\\\/\\\/vorulagerinn.is\\\/#\\\/schema\\\/logo\\\/image\\\/\"},\"sameAs\":[\"https:\\\/\\\/www.facebook.com\\\/vorulagerinn\",\"https:\\\/\\\/www.instagram.com\\\/vorulagerinn\\\/\"]}]}<\/script>\n<meta property=\"product:price:amount\" content=\"3700\" \/>\n<meta property=\"product:price:currency\" content=\"ISK\" \/>\n<meta property=\"og:availability\" content=\"instock\" \/>\n<meta property=\"product:availability\" content=\"instock\" \/>\n<meta property=\"product:retailer_item_id\" content=\"JR-TCG15EU\" \/>\n<meta property=\"product:condition\" content=\"new\" \/>\n<!-- \/ Yoast SEO Premium plugin. -->","yoast_head_json":{"title":"30W Mini GaN hra\u00f0hle\u00f0slut\u00e6ki me\u00f0 USB-C tengi - V\u00f6rulagerinn","description":"Hra\u00f0hle\u00f0slut\u00e6ki\u00f0 er 60% minna en a\u00f0rir samb\u00e6rilegir USB hle\u00f0slut\u00e6ki. GaN gerir hle\u00f0sluna betri, skilvirkari og \u00f6ruggari auk \u00feess sem \u00fea\u00f0 hitnar minna.","robots":{"index":"index","follow":"follow","max-snippet":"max-snippet:-1","max-image-preview":"max-image-preview:large","max-video-preview":"max-video-preview:-1"},"canonical":"https:\/\/vorulagerinn.is\/product\/jr-tcg15eu\/","og_locale":"en_US","og_type":"article","og_title":"30W Mini GaN hra\u00f0hle\u00f0slut\u00e6ki me\u00f0 USB-C tengi","og_description":"Hra\u00f0hle\u00f0slut\u00e6ki\u00f0 er 60% minna en a\u00f0rir samb\u00e6rilegir USB hle\u00f0slut\u00e6ki. GaN gerir hle\u00f0sluna betri, skilvirkari og \u00f6ruggari auk \u00feess sem \u00fea\u00f0 hitnar minna.","og_url":"https:\/\/vorulagerinn.is\/product\/jr-tcg15eu\/","og_site_name":"V&ouml;rulagerinn","article_publisher":"https:\/\/www.facebook.com\/vorulagerinn","article_modified_time":"2026-02-24T12:12:36+00:00","og_image":[{"width":600,"height":600,"url":"https:\/\/vorulagerinn.is\/wp-content\/uploads\/2025\/09\/Joyroom-JR-TCG15EU-1.jpg","type":"image\/jpeg"}],"twitter_card":"summary_large_image","twitter_misc":{"Price":"3.700&nbsp;kr.","Availability":"In stock"},"schema":{"@context":"https:\/\/schema.org","@graph":[{"@type":"WebPage","@id":"https:\/\/vorulagerinn.is\/product\/jr-tcg15eu\/","url":"https:\/\/vorulagerinn.is\/product\/jr-tcg15eu\/","name":"30W Mini GaN hra\u00f0hle\u00f0slut\u00e6ki me\u00f0 USB-C tengi - V\u00f6rulagerinn","isPartOf":{"@id":"https:\/\/vorulagerinn.is\/#website"},"primaryImageOfPage":{"@id":"https:\/\/vorulagerinn.is\/product\/jr-tcg15eu\/#primaryimage"},"image":{"@id":"https:\/\/vorulagerinn.is\/product\/jr-tcg15eu\/#primaryimage"},"thumbnailUrl":"https:\/\/vorulagerinn.is\/wp-content\/uploads\/2025\/09\/Joyroom-JR-TCG15EU-1.jpg","datePublished":"2025-07-19T19:45:47+00:00","dateModified":"2026-02-24T12:12:36+00:00","description":"Hra\u00f0hle\u00f0slut\u00e6ki\u00f0 er 60% minna en a\u00f0rir samb\u00e6rilegir USB hle\u00f0slut\u00e6ki. GaN gerir hle\u00f0sluna betri, skilvirkari og \u00f6ruggari auk \u00feess sem \u00fea\u00f0 hitnar minna.","breadcrumb":{"@id":"https:\/\/vorulagerinn.is\/product\/jr-tcg15eu\/#breadcrumb"},"inLanguage":"en-US","potentialAction":[{"@type":"ReadAction","target":["https:\/\/vorulagerinn.is\/product\/jr-tcg15eu\/"]}]},{"@type":"ImageObject","inLanguage":"en-US","@id":"https:\/\/vorulagerinn.is\/product\/jr-tcg15eu\/#primaryimage","url":"https:\/\/vorulagerinn.is\/wp-content\/uploads\/2025\/09\/Joyroom-JR-TCG15EU-1.jpg","contentUrl":"https:\/\/vorulagerinn.is\/wp-content\/uploads\/2025\/09\/Joyroom-JR-TCG15EU-1.jpg","width":600,"height":600},{"@type":"BreadcrumbList","@id":"https:\/\/vorulagerinn.is\/product\/jr-tcg15eu\/#breadcrumb","itemListElement":[{"@type":"ListItem","position":1,"name":"Home","item":"https:\/\/vorulagerinn.is\/"},{"@type":"ListItem","position":2,"name":"Shop","item":"https:\/\/vorulagerinn.is\/en\/shop\/"},{"@type":"ListItem","position":3,"name":"30W Mini GaN hra\u00f0hle\u00f0slut\u00e6ki me\u00f0 USB-C tengi"}]},{"@type":"WebSite","@id":"https:\/\/vorulagerinn.is\/#website","url":"https:\/\/vorulagerinn.is\/","name":"V\u00f6rulagerinn","description":"L\u00e1ttu \u00fea\u00f0 eftir \u00fe\u00e9r","publisher":{"@id":"https:\/\/vorulagerinn.is\/#organization"},"potentialAction":[{"@type":"SearchAction","target":{"@type":"EntryPoint","urlTemplate":"https:\/\/vorulagerinn.is\/?s={search_term_string}"},"query-input":{"@type":"PropertyValueSpecification","valueRequired":true,"valueName":"search_term_string"}}],"inLanguage":"en-US"},{"@type":"Organization","@id":"https:\/\/vorulagerinn.is\/#organization","name":"V\u00f6rulagerinn","url":"https:\/\/vorulagerinn.is\/","logo":{"@type":"ImageObject","inLanguage":"en-US","@id":"https:\/\/vorulagerinn.is\/#\/schema\/logo\/image\/","url":"https:\/\/vorulagerinn.is\/wp-content\/uploads\/2022\/09\/Vorulagerinn-Logo-588x160-1.png","contentUrl":"https:\/\/vorulagerinn.is\/wp-content\/uploads\/2022\/09\/Vorulagerinn-Logo-588x160-1.png","width":588,"height":160,"caption":"V\u00f6rulagerinn"},"image":{"@id":"https:\/\/vorulagerinn.is\/#\/schema\/logo\/image\/"},"sameAs":["https:\/\/www.facebook.com\/vorulagerinn","https:\/\/www.instagram.com\/vorulagerinn\/"]}]},"product_price_amount":"3700","product_price_currency":"ISK","og_availability":"instock","product_availability":"instock","product_retailer_item_id":"JR-TCG15EU","product_condition":"new"},"_links":{"self":[{"href":"https:\/\/vorulagerinn.is\/en\/wp-json\/wp\/v2\/product\/29343","targetHints":{"allow":["GET"]}}],"collection":[{"href":"https:\/\/vorulagerinn.is\/en\/wp-json\/wp\/v2\/product"}],"about":[{"href":"https:\/\/vorulagerinn.is\/en\/wp-json\/wp\/v2\/types\/product"}],"wp:featuredmedia":[{"embeddable":true,"href":"https:\/\/vorulagerinn.is\/en\/wp-json\/wp\/v2\/media\/29341"}],"wp:attachment":[{"href":"https:\/\/vorulagerinn.is\/en\/wp-json\/wp\/v2\/media?parent=29343"}],"wp:term":[{"taxonomy":"product_brand","embeddable":true,"href":"https:\/\/vorulagerinn.is\/en\/wp-json\/wp\/v2\/product_brand?post=29343"},{"taxonomy":"product_cat","embeddable":true,"href":"https:\/\/vorulagerinn.is\/en\/wp-json\/wp\/v2\/product_cat?post=29343"},{"taxonomy":"product_tag","embeddable":true,"href":"https:\/\/vorulagerinn.is\/en\/wp-json\/wp\/v2\/product_tag?post=29343"}],"curies":[{"name":"wp","href":"https:\/\/api.w.org\/{rel}","templated":true}]}}