{"id":2935,"date":"2022-09-05T20:06:00","date_gmt":"2022-09-05T20:06:00","guid":{"rendered":"https:\/\/vorulagerinn.is\/?post_type=product&#038;p=2935"},"modified":"2026-03-12T17:02:47","modified_gmt":"2026-03-12T17:02:47","slug":"leikjatolva-med-innbyggdum-666-retro-leikjum-endurhladanlegt","status":"publish","type":"product","link":"https:\/\/vorulagerinn.is\/en\/product\/leikjatolva-med-innbyggdum-666-retro-leikjum-endurhladanlegt\/","title":{"rendered":"Leikjat\u00f6lva me\u00f0 innbygg\u00f0um 666 retro leikjum (endurhla\u00f0anlegt)"},"content":{"rendered":"","protected":false},"excerpt":{"rendered":"<p>Macaron G7 retro leikjat\u00f6lvan er me\u00f0 innbygg\u00f0a 666 retro leiki. Leikjat\u00f6lvan inniheldur g\u00f6mlu g\u00f3\u00f0u nostalg\u00eduleikina \u00e1 bor\u00f0 vi\u00f0 Super Mario Bros, Donkey Kong, Street fighter, Angry Birds, Pac Man \u00e1samt 661 leikjum til vi\u00f0b\u00f3tar. Leikjat\u00f6lvan hentar \u00f6llum aldursh\u00f3pum fr\u00e1 5 \u00e1ra aldri og er tilvalin \u00ed fer\u00f0alagi\u00f0, flugv\u00e9lina, b\u00fasta\u00f0inn e\u00f0a \u00fatileiguna.<\/p>\n<p>\u2013 St\u00e6r\u00f0: 10,7 x 8,6 1 cm<br \/>\n\u2013 \u00deyngd: 150g<br \/>\n\u2013 Litur: Bl\u00e1r, bleikur, gr\u00e1r og gr\u00e6nn<br \/>\n\u2013 Fj\u00f6ldi leikja: 666 innbyg\u00f0ir leikir<br \/>\n\u2013 USB hle\u00f0slusn\u00fara<br \/>\n\u2013 HD LCD skj\u00e1r: 8,9 cm<br \/>\n\u2013 Tungum\u00e1l: Enska<\/p>\n","protected":false},"featured_media":2923,"template":"","meta":[],"product_brand":[],"product_cat":[224],"product_tag":[],"class_list":{"0":"post-2935","1":"product","2":"type-product","3":"status-publish","4":"has-post-thumbnail","6":"product_cat-leikjavelar-raftaeki","8":"first","9":"instock","10":"sale","11":"taxable","12":"shipping-taxable","13":"purchasable","14":"product-type-variable"},"supplier_id":null,"supplier_sku":"","barcode":null,"atum_controlled":true,"out_stock_date":null,"out_stock_threshold":null,"inheritable":true,"inbound_stock":0,"stock_on_hold":1,"sold_today":0,"sales_last_days":1,"reserved_stock":0,"customer_returns":0,"warehouse_damage":0,"lost_in_post":0,"other_logs":0,"out_stock_days":0,"lost_sales":0,"has_location":false,"update_date":"2026-04-19T00:22:27","atum_locations":[],"atum_stock_status":"instock","restock_status":false,"low_stock_amount":"","sales_update_date":"2026-04-19T00:22:27","calc_backorders":null,"yoast_head":"<!-- This site is optimized with the Yoast SEO Premium plugin v26.6 (Yoast SEO v27.3) - https:\/\/yoast.com\/product\/yoast-seo-premium-wordpress\/ -->\n<title>Macaron G7 leikjat\u00f6lva me\u00f0 666 retro leikjum (endurhla\u00f0anlegt)<\/title>\n<meta name=\"description\" content=\"Leikjat\u00f6lvan inniheldur g\u00f6mlu g\u00f3\u00f0u nostalg\u00eduleikina \u00e1 bor\u00f0 vi\u00f0 Super Mario Bros, Donkey Kong, Street fighter, Angry Birds, Pac Man \u00e1samt 661 leikjum\" \/>\n<meta name=\"robots\" content=\"index, follow, max-snippet:-1, max-image-preview:large, max-video-preview:-1\" \/>\n<link rel=\"canonical\" href=\"https:\/\/vorulagerinn.is\/product\/leikjatolva-med-innbyggdum-666-retro-leikjum-endurhladanlegt\/\" \/>\n<meta property=\"og:locale\" content=\"en_US\" \/>\n<meta property=\"og:type\" content=\"article\" \/>\n<meta property=\"og:title\" content=\"Leikjat\u00f6lva me\u00f0 innbygg\u00f0um 666 retro leikjum (endurhla\u00f0anlegt)\" \/>\n<meta property=\"og:description\" content=\"Leikjat\u00f6lvan inniheldur g\u00f6mlu g\u00f3\u00f0u nostalg\u00eduleikina \u00e1 bor\u00f0 vi\u00f0 Super Mario Bros, Donkey Kong, Street fighter, Angry Birds, Pac Man \u00e1samt 661 leikjum\" \/>\n<meta property=\"og:url\" content=\"https:\/\/vorulagerinn.is\/product\/leikjatolva-med-innbyggdum-666-retro-leikjum-endurhladanlegt\/\" \/>\n<meta property=\"og:site_name\" content=\"V&ouml;rulagerinn\" \/>\n<meta property=\"article:publisher\" content=\"https:\/\/www.facebook.com\/vorulagerinn\" \/>\n<meta property=\"article:modified_time\" content=\"2026-03-12T17:02:47+00:00\" \/>\n<meta property=\"og:image\" content=\"https:\/\/vorulagerinn.is\/wp-content\/uploads\/2022\/09\/G7_Leikjavel-1.jpg\" \/>\n\t<meta property=\"og:image:width\" content=\"800\" \/>\n\t<meta property=\"og:image:height\" content=\"800\" \/>\n\t<meta property=\"og:image:type\" content=\"image\/jpeg\" \/>\n<meta name=\"twitter:card\" content=\"summary_large_image\" \/>\n<meta name=\"twitter:label1\" content=\"Availability\" \/>\n\t<meta name=\"twitter:data1\" content=\"In stock\" \/>\n<script type=\"application\/ld+json\" class=\"yoast-schema-graph\">{\"@context\":\"https:\\\/\\\/schema.org\",\"@graph\":[{\"@type\":\"WebPage\",\"@id\":\"https:\\\/\\\/vorulagerinn.is\\\/product\\\/leikjatolva-med-innbyggdum-666-retro-leikjum-endurhladanlegt\\\/\",\"url\":\"https:\\\/\\\/vorulagerinn.is\\\/product\\\/leikjatolva-med-innbyggdum-666-retro-leikjum-endurhladanlegt\\\/\",\"name\":\"Macaron G7 leikjat\u00f6lva me\u00f0 666 retro leikjum (endurhla\u00f0anlegt)\",\"isPartOf\":{\"@id\":\"https:\\\/\\\/vorulagerinn.is\\\/#website\"},\"primaryImageOfPage\":{\"@id\":\"https:\\\/\\\/vorulagerinn.is\\\/product\\\/leikjatolva-med-innbyggdum-666-retro-leikjum-endurhladanlegt\\\/#primaryimage\"},\"image\":{\"@id\":\"https:\\\/\\\/vorulagerinn.is\\\/product\\\/leikjatolva-med-innbyggdum-666-retro-leikjum-endurhladanlegt\\\/#primaryimage\"},\"thumbnailUrl\":\"https:\\\/\\\/vorulagerinn.is\\\/wp-content\\\/uploads\\\/2022\\\/09\\\/G7_Leikjavel-1.jpg\",\"datePublished\":\"2022-09-05T20:06:00+00:00\",\"dateModified\":\"2026-03-12T17:02:47+00:00\",\"description\":\"Leikjat\u00f6lvan inniheldur g\u00f6mlu g\u00f3\u00f0u nostalg\u00eduleikina \u00e1 bor\u00f0 vi\u00f0 Super Mario Bros, Donkey Kong, Street fighter, Angry Birds, Pac Man \u00e1samt 661 leikjum\",\"breadcrumb\":{\"@id\":\"https:\\\/\\\/vorulagerinn.is\\\/product\\\/leikjatolva-med-innbyggdum-666-retro-leikjum-endurhladanlegt\\\/#breadcrumb\"},\"inLanguage\":\"en-US\",\"potentialAction\":[{\"@type\":\"ReadAction\",\"target\":[\"https:\\\/\\\/vorulagerinn.is\\\/product\\\/leikjatolva-med-innbyggdum-666-retro-leikjum-endurhladanlegt\\\/\"]}]},{\"@type\":\"ImageObject\",\"inLanguage\":\"en-US\",\"@id\":\"https:\\\/\\\/vorulagerinn.is\\\/product\\\/leikjatolva-med-innbyggdum-666-retro-leikjum-endurhladanlegt\\\/#primaryimage\",\"url\":\"https:\\\/\\\/vorulagerinn.is\\\/wp-content\\\/uploads\\\/2022\\\/09\\\/G7_Leikjavel-1.jpg\",\"contentUrl\":\"https:\\\/\\\/vorulagerinn.is\\\/wp-content\\\/uploads\\\/2022\\\/09\\\/G7_Leikjavel-1.jpg\",\"width\":800,\"height\":800},{\"@type\":\"BreadcrumbList\",\"@id\":\"https:\\\/\\\/vorulagerinn.is\\\/product\\\/leikjatolva-med-innbyggdum-666-retro-leikjum-endurhladanlegt\\\/#breadcrumb\",\"itemListElement\":[{\"@type\":\"ListItem\",\"position\":1,\"name\":\"Home\",\"item\":\"https:\\\/\\\/vorulagerinn.is\\\/\"},{\"@type\":\"ListItem\",\"position\":2,\"name\":\"Shop\",\"item\":\"https:\\\/\\\/vorulagerinn.is\\\/en\\\/shop\\\/\"},{\"@type\":\"ListItem\",\"position\":3,\"name\":\"Leikjat\u00f6lva me\u00f0 innbygg\u00f0um 666 retro leikjum (endurhla\u00f0anlegt)\"}]},{\"@type\":\"WebSite\",\"@id\":\"https:\\\/\\\/vorulagerinn.is\\\/#website\",\"url\":\"https:\\\/\\\/vorulagerinn.is\\\/\",\"name\":\"V\u00f6rulagerinn\",\"description\":\"L\u00e1ttu \u00fea\u00f0 eftir \u00fe\u00e9r\",\"publisher\":{\"@id\":\"https:\\\/\\\/vorulagerinn.is\\\/#organization\"},\"potentialAction\":[{\"@type\":\"SearchAction\",\"target\":{\"@type\":\"EntryPoint\",\"urlTemplate\":\"https:\\\/\\\/vorulagerinn.is\\\/?s={search_term_string}\"},\"query-input\":{\"@type\":\"PropertyValueSpecification\",\"valueRequired\":true,\"valueName\":\"search_term_string\"}}],\"inLanguage\":\"en-US\"},{\"@type\":\"Organization\",\"@id\":\"https:\\\/\\\/vorulagerinn.is\\\/#organization\",\"name\":\"V\u00f6rulagerinn\",\"url\":\"https:\\\/\\\/vorulagerinn.is\\\/\",\"logo\":{\"@type\":\"ImageObject\",\"inLanguage\":\"en-US\",\"@id\":\"https:\\\/\\\/vorulagerinn.is\\\/#\\\/schema\\\/logo\\\/image\\\/\",\"url\":\"https:\\\/\\\/vorulagerinn.is\\\/wp-content\\\/uploads\\\/2022\\\/09\\\/Vorulagerinn-Logo-588x160-1.png\",\"contentUrl\":\"https:\\\/\\\/vorulagerinn.is\\\/wp-content\\\/uploads\\\/2022\\\/09\\\/Vorulagerinn-Logo-588x160-1.png\",\"width\":588,\"height\":160,\"caption\":\"V\u00f6rulagerinn\"},\"image\":{\"@id\":\"https:\\\/\\\/vorulagerinn.is\\\/#\\\/schema\\\/logo\\\/image\\\/\"},\"sameAs\":[\"https:\\\/\\\/www.facebook.com\\\/vorulagerinn\",\"https:\\\/\\\/www.instagram.com\\\/vorulagerinn\\\/\"]}]}<\/script>\n<meta property=\"og:availability\" content=\"instock\" \/>\n<meta property=\"product:availability\" content=\"instock\" \/>\n<meta property=\"product:retailer_item_id\" content=\"V12\" \/>\n<meta property=\"product:condition\" content=\"new\" \/>\n<!-- \/ Yoast SEO Premium plugin. -->","yoast_head_json":{"title":"Macaron G7 leikjat\u00f6lva me\u00f0 666 retro leikjum (endurhla\u00f0anlegt)","description":"Leikjat\u00f6lvan inniheldur g\u00f6mlu g\u00f3\u00f0u nostalg\u00eduleikina \u00e1 bor\u00f0 vi\u00f0 Super Mario Bros, Donkey Kong, Street fighter, Angry Birds, Pac Man \u00e1samt 661 leikjum","robots":{"index":"index","follow":"follow","max-snippet":"max-snippet:-1","max-image-preview":"max-image-preview:large","max-video-preview":"max-video-preview:-1"},"canonical":"https:\/\/vorulagerinn.is\/product\/leikjatolva-med-innbyggdum-666-retro-leikjum-endurhladanlegt\/","og_locale":"en_US","og_type":"article","og_title":"Leikjat\u00f6lva me\u00f0 innbygg\u00f0um 666 retro leikjum (endurhla\u00f0anlegt)","og_description":"Leikjat\u00f6lvan inniheldur g\u00f6mlu g\u00f3\u00f0u nostalg\u00eduleikina \u00e1 bor\u00f0 vi\u00f0 Super Mario Bros, Donkey Kong, Street fighter, Angry Birds, Pac Man \u00e1samt 661 leikjum","og_url":"https:\/\/vorulagerinn.is\/product\/leikjatolva-med-innbyggdum-666-retro-leikjum-endurhladanlegt\/","og_site_name":"V&ouml;rulagerinn","article_publisher":"https:\/\/www.facebook.com\/vorulagerinn","article_modified_time":"2026-03-12T17:02:47+00:00","og_image":[{"width":800,"height":800,"url":"https:\/\/vorulagerinn.is\/wp-content\/uploads\/2022\/09\/G7_Leikjavel-1.jpg","type":"image\/jpeg"}],"twitter_card":"summary_large_image","twitter_misc":{"Availability":"In stock"},"schema":{"@context":"https:\/\/schema.org","@graph":[{"@type":"WebPage","@id":"https:\/\/vorulagerinn.is\/product\/leikjatolva-med-innbyggdum-666-retro-leikjum-endurhladanlegt\/","url":"https:\/\/vorulagerinn.is\/product\/leikjatolva-med-innbyggdum-666-retro-leikjum-endurhladanlegt\/","name":"Macaron G7 leikjat\u00f6lva me\u00f0 666 retro leikjum (endurhla\u00f0anlegt)","isPartOf":{"@id":"https:\/\/vorulagerinn.is\/#website"},"primaryImageOfPage":{"@id":"https:\/\/vorulagerinn.is\/product\/leikjatolva-med-innbyggdum-666-retro-leikjum-endurhladanlegt\/#primaryimage"},"image":{"@id":"https:\/\/vorulagerinn.is\/product\/leikjatolva-med-innbyggdum-666-retro-leikjum-endurhladanlegt\/#primaryimage"},"thumbnailUrl":"https:\/\/vorulagerinn.is\/wp-content\/uploads\/2022\/09\/G7_Leikjavel-1.jpg","datePublished":"2022-09-05T20:06:00+00:00","dateModified":"2026-03-12T17:02:47+00:00","description":"Leikjat\u00f6lvan inniheldur g\u00f6mlu g\u00f3\u00f0u nostalg\u00eduleikina \u00e1 bor\u00f0 vi\u00f0 Super Mario Bros, Donkey Kong, Street fighter, Angry Birds, Pac Man \u00e1samt 661 leikjum","breadcrumb":{"@id":"https:\/\/vorulagerinn.is\/product\/leikjatolva-med-innbyggdum-666-retro-leikjum-endurhladanlegt\/#breadcrumb"},"inLanguage":"en-US","potentialAction":[{"@type":"ReadAction","target":["https:\/\/vorulagerinn.is\/product\/leikjatolva-med-innbyggdum-666-retro-leikjum-endurhladanlegt\/"]}]},{"@type":"ImageObject","inLanguage":"en-US","@id":"https:\/\/vorulagerinn.is\/product\/leikjatolva-med-innbyggdum-666-retro-leikjum-endurhladanlegt\/#primaryimage","url":"https:\/\/vorulagerinn.is\/wp-content\/uploads\/2022\/09\/G7_Leikjavel-1.jpg","contentUrl":"https:\/\/vorulagerinn.is\/wp-content\/uploads\/2022\/09\/G7_Leikjavel-1.jpg","width":800,"height":800},{"@type":"BreadcrumbList","@id":"https:\/\/vorulagerinn.is\/product\/leikjatolva-med-innbyggdum-666-retro-leikjum-endurhladanlegt\/#breadcrumb","itemListElement":[{"@type":"ListItem","position":1,"name":"Home","item":"https:\/\/vorulagerinn.is\/"},{"@type":"ListItem","position":2,"name":"Shop","item":"https:\/\/vorulagerinn.is\/en\/shop\/"},{"@type":"ListItem","position":3,"name":"Leikjat\u00f6lva me\u00f0 innbygg\u00f0um 666 retro leikjum (endurhla\u00f0anlegt)"}]},{"@type":"WebSite","@id":"https:\/\/vorulagerinn.is\/#website","url":"https:\/\/vorulagerinn.is\/","name":"V\u00f6rulagerinn","description":"L\u00e1ttu \u00fea\u00f0 eftir \u00fe\u00e9r","publisher":{"@id":"https:\/\/vorulagerinn.is\/#organization"},"potentialAction":[{"@type":"SearchAction","target":{"@type":"EntryPoint","urlTemplate":"https:\/\/vorulagerinn.is\/?s={search_term_string}"},"query-input":{"@type":"PropertyValueSpecification","valueRequired":true,"valueName":"search_term_string"}}],"inLanguage":"en-US"},{"@type":"Organization","@id":"https:\/\/vorulagerinn.is\/#organization","name":"V\u00f6rulagerinn","url":"https:\/\/vorulagerinn.is\/","logo":{"@type":"ImageObject","inLanguage":"en-US","@id":"https:\/\/vorulagerinn.is\/#\/schema\/logo\/image\/","url":"https:\/\/vorulagerinn.is\/wp-content\/uploads\/2022\/09\/Vorulagerinn-Logo-588x160-1.png","contentUrl":"https:\/\/vorulagerinn.is\/wp-content\/uploads\/2022\/09\/Vorulagerinn-Logo-588x160-1.png","width":588,"height":160,"caption":"V\u00f6rulagerinn"},"image":{"@id":"https:\/\/vorulagerinn.is\/#\/schema\/logo\/image\/"},"sameAs":["https:\/\/www.facebook.com\/vorulagerinn","https:\/\/www.instagram.com\/vorulagerinn\/"]}]},"og_availability":"instock","product_availability":"instock","product_retailer_item_id":"V12","product_condition":"new"},"_links":{"self":[{"href":"https:\/\/vorulagerinn.is\/en\/wp-json\/wp\/v2\/product\/2935","targetHints":{"allow":["GET"]}}],"collection":[{"href":"https:\/\/vorulagerinn.is\/en\/wp-json\/wp\/v2\/product"}],"about":[{"href":"https:\/\/vorulagerinn.is\/en\/wp-json\/wp\/v2\/types\/product"}],"wp:featuredmedia":[{"embeddable":true,"href":"https:\/\/vorulagerinn.is\/en\/wp-json\/wp\/v2\/media\/2923"}],"wp:attachment":[{"href":"https:\/\/vorulagerinn.is\/en\/wp-json\/wp\/v2\/media?parent=2935"}],"wp:term":[{"taxonomy":"product_brand","embeddable":true,"href":"https:\/\/vorulagerinn.is\/en\/wp-json\/wp\/v2\/product_brand?post=2935"},{"taxonomy":"product_cat","embeddable":true,"href":"https:\/\/vorulagerinn.is\/en\/wp-json\/wp\/v2\/product_cat?post=2935"},{"taxonomy":"product_tag","embeddable":true,"href":"https:\/\/vorulagerinn.is\/en\/wp-json\/wp\/v2\/product_tag?post=2935"}],"curies":[{"name":"wp","href":"https:\/\/api.w.org\/{rel}","templated":true}]}}