{"id":29353,"date":"2025-07-19T11:08:35","date_gmt":"2025-07-19T11:08:35","guid":{"rendered":"https:\/\/vorulagerinn.is\/product\/jr-tcf23eu\/"},"modified":"2026-02-15T19:19:02","modified_gmt":"2026-02-15T19:19:02","slug":"jr-tcf23eu","status":"publish","type":"product","link":"https:\/\/vorulagerinn.is\/en\/product\/jr-tcf23eu\/","title":{"rendered":"25W hle\u00f0slut\u00e6ki me\u00f0 USB-C tengi &#8211; USB-C \u00ed USB-C hle\u00f0slusn\u00fara fylgir me\u00f0"},"content":{"rendered":"","protected":false},"excerpt":{"rendered":"<p>Hra\u00f0hle\u00f0slut\u00e6ki sem gerir \u00fe\u00e9r kleift a\u00f0 hla\u00f0a snjalls\u00edma, spjaldt\u00f6lvur og \u00f6nnur USB t\u00e6ki \u00e1 skemmri t\u00edma. Hra\u00f0hle\u00f0slut\u00e6ki\u00f0 fyrir virkar b\u00e6\u00f0i fyrir Apple og Android t\u00e6ki. USB-C \u00ed USB-C hle\u00f0slusn\u00fara fylgir me\u00f0. Innbygg\u00f0 sex punkta v\u00f6rn sem tryggir \u00f6rugga notkun og verndar gegn ofspennu, ofhitnun og ofhle\u00f0slu.<\/p>\n<p>\u2013 Litur: Svartur<br \/>\n\u2013 \u00deyngd: 55 g<br \/>\n\u2013 St\u00e6r\u00f0: 85.2 x 28 x 40 mm<br \/>\n\u2013 Inntak: AC 100-240V, 50\/60Hz, 0.7A (h\u00e1mark)<br \/>\n\u2013 \u00dattak: USB-C: 5V\/3A, 9V\/2.77A; PPS: 3.3V-5.9V\/3A, 3.3V-11V\/2.25A (h\u00e1mark)<br \/>\n\u2013 H\u00e1marksafl: 25W<br \/>\n\u2013 Vottun: CE, ROHS &amp; FC<\/p>\n","protected":false},"featured_media":29351,"template":"","meta":[],"product_brand":[420],"product_cat":[448],"product_tag":[],"class_list":{"0":"post-29353","1":"product","2":"type-product","3":"status-publish","4":"has-post-thumbnail","6":"product_brand-joyroom","7":"product_cat-usb-hledslutaeki","9":"first","10":"instock","11":"sale","12":"taxable","13":"shipping-taxable","14":"purchasable","15":"product-type-simple"},"supplier_id":null,"supplier_sku":"","barcode":null,"atum_controlled":true,"out_stock_date":null,"out_stock_threshold":null,"inheritable":false,"inbound_stock":0,"stock_on_hold":0,"sold_today":0,"sales_last_days":0,"reserved_stock":0,"customer_returns":0,"warehouse_damage":0,"lost_in_post":0,"other_logs":0,"out_stock_days":0,"lost_sales":0,"has_location":false,"update_date":"2026-04-19T00:22:39","atum_locations":[],"atum_stock_status":"instock","restock_status":false,"low_stock_amount":"","sales_update_date":"2026-04-19T00:22:39","calc_backorders":null,"yoast_head":"<!-- This site is optimized with the Yoast SEO Premium plugin v26.6 (Yoast SEO v27.3) - https:\/\/yoast.com\/product\/yoast-seo-premium-wordpress\/ -->\n<title>25W hle\u00f0slut\u00e6ki me\u00f0 USB-C tengi | USB-C hle\u00f0slusn\u00fara fylgir me\u00f0<\/title>\n<meta name=\"description\" content=\"Hra\u00f0hle\u00f0slut\u00e6ki sem gerir \u00fe\u00e9r kleift a\u00f0 hla\u00f0a snjalls\u00edma, spjaldt\u00f6lvur og \u00f6nnur USB t\u00e6ki \u00e1 skemmri t\u00edma en ella. Virkar fyrir Apple og Android t\u00e6ki.\" \/>\n<meta name=\"robots\" content=\"index, follow, max-snippet:-1, max-image-preview:large, max-video-preview:-1\" \/>\n<link rel=\"canonical\" href=\"https:\/\/vorulagerinn.is\/product\/jr-tcf23eu\/\" \/>\n<meta property=\"og:locale\" content=\"en_US\" \/>\n<meta property=\"og:type\" content=\"article\" \/>\n<meta property=\"og:title\" content=\"25W hle\u00f0slut\u00e6ki me\u00f0 USB-C tengi - USB-C \u00ed USB-C hle\u00f0slusn\u00fara fylgir me\u00f0\" \/>\n<meta property=\"og:description\" content=\"Hra\u00f0hle\u00f0slut\u00e6ki sem gerir \u00fe\u00e9r kleift a\u00f0 hla\u00f0a snjalls\u00edma, spjaldt\u00f6lvur og \u00f6nnur USB t\u00e6ki \u00e1 skemmri t\u00edma en ella. Virkar fyrir Apple og Android t\u00e6ki.\" \/>\n<meta property=\"og:url\" content=\"https:\/\/vorulagerinn.is\/product\/jr-tcf23eu\/\" \/>\n<meta property=\"og:site_name\" content=\"V&ouml;rulagerinn\" \/>\n<meta property=\"article:publisher\" content=\"https:\/\/www.facebook.com\/vorulagerinn\" \/>\n<meta property=\"article:modified_time\" content=\"2026-02-15T19:19:02+00:00\" \/>\n<meta property=\"og:image\" content=\"https:\/\/vorulagerinn.is\/wp-content\/uploads\/2025\/09\/JR-TCN03EU.jpg\" \/>\n\t<meta property=\"og:image:width\" content=\"600\" \/>\n\t<meta property=\"og:image:height\" content=\"600\" \/>\n\t<meta property=\"og:image:type\" content=\"image\/jpeg\" \/>\n<meta name=\"twitter:card\" content=\"summary_large_image\" \/>\n<meta name=\"twitter:label1\" content=\"Price\" \/>\n\t<meta name=\"twitter:data1\" content=\"4.160&nbsp;kr.\" \/>\n\t<meta name=\"twitter:label2\" content=\"Availability\" \/>\n\t<meta name=\"twitter:data2\" content=\"In stock\" \/>\n<script type=\"application\/ld+json\" class=\"yoast-schema-graph\">{\"@context\":\"https:\\\/\\\/schema.org\",\"@graph\":[{\"@type\":\"WebPage\",\"@id\":\"https:\\\/\\\/vorulagerinn.is\\\/product\\\/jr-tcf23eu\\\/\",\"url\":\"https:\\\/\\\/vorulagerinn.is\\\/product\\\/jr-tcf23eu\\\/\",\"name\":\"25W hle\u00f0slut\u00e6ki me\u00f0 USB-C tengi | USB-C hle\u00f0slusn\u00fara fylgir me\u00f0\",\"isPartOf\":{\"@id\":\"https:\\\/\\\/vorulagerinn.is\\\/#website\"},\"primaryImageOfPage\":{\"@id\":\"https:\\\/\\\/vorulagerinn.is\\\/product\\\/jr-tcf23eu\\\/#primaryimage\"},\"image\":{\"@id\":\"https:\\\/\\\/vorulagerinn.is\\\/product\\\/jr-tcf23eu\\\/#primaryimage\"},\"thumbnailUrl\":\"https:\\\/\\\/vorulagerinn.is\\\/wp-content\\\/uploads\\\/2025\\\/09\\\/JR-TCN03EU.jpg\",\"datePublished\":\"2025-07-19T11:08:35+00:00\",\"dateModified\":\"2026-02-15T19:19:02+00:00\",\"description\":\"Hra\u00f0hle\u00f0slut\u00e6ki sem gerir \u00fe\u00e9r kleift a\u00f0 hla\u00f0a snjalls\u00edma, spjaldt\u00f6lvur og \u00f6nnur USB t\u00e6ki \u00e1 skemmri t\u00edma en ella. Virkar fyrir Apple og Android t\u00e6ki.\",\"breadcrumb\":{\"@id\":\"https:\\\/\\\/vorulagerinn.is\\\/product\\\/jr-tcf23eu\\\/#breadcrumb\"},\"inLanguage\":\"en-US\",\"potentialAction\":[{\"@type\":\"ReadAction\",\"target\":[\"https:\\\/\\\/vorulagerinn.is\\\/product\\\/jr-tcf23eu\\\/\"]}]},{\"@type\":\"ImageObject\",\"inLanguage\":\"en-US\",\"@id\":\"https:\\\/\\\/vorulagerinn.is\\\/product\\\/jr-tcf23eu\\\/#primaryimage\",\"url\":\"https:\\\/\\\/vorulagerinn.is\\\/wp-content\\\/uploads\\\/2025\\\/09\\\/JR-TCN03EU.jpg\",\"contentUrl\":\"https:\\\/\\\/vorulagerinn.is\\\/wp-content\\\/uploads\\\/2025\\\/09\\\/JR-TCN03EU.jpg\",\"width\":600,\"height\":600},{\"@type\":\"BreadcrumbList\",\"@id\":\"https:\\\/\\\/vorulagerinn.is\\\/product\\\/jr-tcf23eu\\\/#breadcrumb\",\"itemListElement\":[{\"@type\":\"ListItem\",\"position\":1,\"name\":\"Home\",\"item\":\"https:\\\/\\\/vorulagerinn.is\\\/\"},{\"@type\":\"ListItem\",\"position\":2,\"name\":\"Shop\",\"item\":\"https:\\\/\\\/vorulagerinn.is\\\/en\\\/shop\\\/\"},{\"@type\":\"ListItem\",\"position\":3,\"name\":\"25W hle\u00f0slut\u00e6ki me\u00f0 USB-C tengi &#8211; USB-C \u00ed USB-C hle\u00f0slusn\u00fara fylgir me\u00f0\"}]},{\"@type\":\"WebSite\",\"@id\":\"https:\\\/\\\/vorulagerinn.is\\\/#website\",\"url\":\"https:\\\/\\\/vorulagerinn.is\\\/\",\"name\":\"V\u00f6rulagerinn\",\"description\":\"L\u00e1ttu \u00fea\u00f0 eftir \u00fe\u00e9r\",\"publisher\":{\"@id\":\"https:\\\/\\\/vorulagerinn.is\\\/#organization\"},\"potentialAction\":[{\"@type\":\"SearchAction\",\"target\":{\"@type\":\"EntryPoint\",\"urlTemplate\":\"https:\\\/\\\/vorulagerinn.is\\\/?s={search_term_string}\"},\"query-input\":{\"@type\":\"PropertyValueSpecification\",\"valueRequired\":true,\"valueName\":\"search_term_string\"}}],\"inLanguage\":\"en-US\"},{\"@type\":\"Organization\",\"@id\":\"https:\\\/\\\/vorulagerinn.is\\\/#organization\",\"name\":\"V\u00f6rulagerinn\",\"url\":\"https:\\\/\\\/vorulagerinn.is\\\/\",\"logo\":{\"@type\":\"ImageObject\",\"inLanguage\":\"en-US\",\"@id\":\"https:\\\/\\\/vorulagerinn.is\\\/#\\\/schema\\\/logo\\\/image\\\/\",\"url\":\"https:\\\/\\\/vorulagerinn.is\\\/wp-content\\\/uploads\\\/2022\\\/09\\\/Vorulagerinn-Logo-588x160-1.png\",\"contentUrl\":\"https:\\\/\\\/vorulagerinn.is\\\/wp-content\\\/uploads\\\/2022\\\/09\\\/Vorulagerinn-Logo-588x160-1.png\",\"width\":588,\"height\":160,\"caption\":\"V\u00f6rulagerinn\"},\"image\":{\"@id\":\"https:\\\/\\\/vorulagerinn.is\\\/#\\\/schema\\\/logo\\\/image\\\/\"},\"sameAs\":[\"https:\\\/\\\/www.facebook.com\\\/vorulagerinn\",\"https:\\\/\\\/www.instagram.com\\\/vorulagerinn\\\/\"]}]}<\/script>\n<meta property=\"product:price:amount\" content=\"4160\" \/>\n<meta property=\"product:price:currency\" content=\"ISK\" \/>\n<meta property=\"og:availability\" content=\"instock\" \/>\n<meta property=\"product:availability\" content=\"instock\" \/>\n<meta property=\"product:retailer_item_id\" content=\"JR-TCF23EU\" \/>\n<meta property=\"product:condition\" content=\"new\" \/>\n<!-- \/ Yoast SEO Premium plugin. -->","yoast_head_json":{"title":"25W hle\u00f0slut\u00e6ki me\u00f0 USB-C tengi | USB-C hle\u00f0slusn\u00fara fylgir me\u00f0","description":"Hra\u00f0hle\u00f0slut\u00e6ki sem gerir \u00fe\u00e9r kleift a\u00f0 hla\u00f0a snjalls\u00edma, spjaldt\u00f6lvur og \u00f6nnur USB t\u00e6ki \u00e1 skemmri t\u00edma en ella. Virkar fyrir Apple og Android t\u00e6ki.","robots":{"index":"index","follow":"follow","max-snippet":"max-snippet:-1","max-image-preview":"max-image-preview:large","max-video-preview":"max-video-preview:-1"},"canonical":"https:\/\/vorulagerinn.is\/product\/jr-tcf23eu\/","og_locale":"en_US","og_type":"article","og_title":"25W hle\u00f0slut\u00e6ki me\u00f0 USB-C tengi - USB-C \u00ed USB-C hle\u00f0slusn\u00fara fylgir me\u00f0","og_description":"Hra\u00f0hle\u00f0slut\u00e6ki sem gerir \u00fe\u00e9r kleift a\u00f0 hla\u00f0a snjalls\u00edma, spjaldt\u00f6lvur og \u00f6nnur USB t\u00e6ki \u00e1 skemmri t\u00edma en ella. Virkar fyrir Apple og Android t\u00e6ki.","og_url":"https:\/\/vorulagerinn.is\/product\/jr-tcf23eu\/","og_site_name":"V&ouml;rulagerinn","article_publisher":"https:\/\/www.facebook.com\/vorulagerinn","article_modified_time":"2026-02-15T19:19:02+00:00","og_image":[{"width":600,"height":600,"url":"https:\/\/vorulagerinn.is\/wp-content\/uploads\/2025\/09\/JR-TCN03EU.jpg","type":"image\/jpeg"}],"twitter_card":"summary_large_image","twitter_misc":{"Price":"4.160&nbsp;kr.","Availability":"In stock"},"schema":{"@context":"https:\/\/schema.org","@graph":[{"@type":"WebPage","@id":"https:\/\/vorulagerinn.is\/product\/jr-tcf23eu\/","url":"https:\/\/vorulagerinn.is\/product\/jr-tcf23eu\/","name":"25W hle\u00f0slut\u00e6ki me\u00f0 USB-C tengi | USB-C hle\u00f0slusn\u00fara fylgir me\u00f0","isPartOf":{"@id":"https:\/\/vorulagerinn.is\/#website"},"primaryImageOfPage":{"@id":"https:\/\/vorulagerinn.is\/product\/jr-tcf23eu\/#primaryimage"},"image":{"@id":"https:\/\/vorulagerinn.is\/product\/jr-tcf23eu\/#primaryimage"},"thumbnailUrl":"https:\/\/vorulagerinn.is\/wp-content\/uploads\/2025\/09\/JR-TCN03EU.jpg","datePublished":"2025-07-19T11:08:35+00:00","dateModified":"2026-02-15T19:19:02+00:00","description":"Hra\u00f0hle\u00f0slut\u00e6ki sem gerir \u00fe\u00e9r kleift a\u00f0 hla\u00f0a snjalls\u00edma, spjaldt\u00f6lvur og \u00f6nnur USB t\u00e6ki \u00e1 skemmri t\u00edma en ella. Virkar fyrir Apple og Android t\u00e6ki.","breadcrumb":{"@id":"https:\/\/vorulagerinn.is\/product\/jr-tcf23eu\/#breadcrumb"},"inLanguage":"en-US","potentialAction":[{"@type":"ReadAction","target":["https:\/\/vorulagerinn.is\/product\/jr-tcf23eu\/"]}]},{"@type":"ImageObject","inLanguage":"en-US","@id":"https:\/\/vorulagerinn.is\/product\/jr-tcf23eu\/#primaryimage","url":"https:\/\/vorulagerinn.is\/wp-content\/uploads\/2025\/09\/JR-TCN03EU.jpg","contentUrl":"https:\/\/vorulagerinn.is\/wp-content\/uploads\/2025\/09\/JR-TCN03EU.jpg","width":600,"height":600},{"@type":"BreadcrumbList","@id":"https:\/\/vorulagerinn.is\/product\/jr-tcf23eu\/#breadcrumb","itemListElement":[{"@type":"ListItem","position":1,"name":"Home","item":"https:\/\/vorulagerinn.is\/"},{"@type":"ListItem","position":2,"name":"Shop","item":"https:\/\/vorulagerinn.is\/en\/shop\/"},{"@type":"ListItem","position":3,"name":"25W hle\u00f0slut\u00e6ki me\u00f0 USB-C tengi &#8211; USB-C \u00ed USB-C hle\u00f0slusn\u00fara fylgir me\u00f0"}]},{"@type":"WebSite","@id":"https:\/\/vorulagerinn.is\/#website","url":"https:\/\/vorulagerinn.is\/","name":"V\u00f6rulagerinn","description":"L\u00e1ttu \u00fea\u00f0 eftir \u00fe\u00e9r","publisher":{"@id":"https:\/\/vorulagerinn.is\/#organization"},"potentialAction":[{"@type":"SearchAction","target":{"@type":"EntryPoint","urlTemplate":"https:\/\/vorulagerinn.is\/?s={search_term_string}"},"query-input":{"@type":"PropertyValueSpecification","valueRequired":true,"valueName":"search_term_string"}}],"inLanguage":"en-US"},{"@type":"Organization","@id":"https:\/\/vorulagerinn.is\/#organization","name":"V\u00f6rulagerinn","url":"https:\/\/vorulagerinn.is\/","logo":{"@type":"ImageObject","inLanguage":"en-US","@id":"https:\/\/vorulagerinn.is\/#\/schema\/logo\/image\/","url":"https:\/\/vorulagerinn.is\/wp-content\/uploads\/2022\/09\/Vorulagerinn-Logo-588x160-1.png","contentUrl":"https:\/\/vorulagerinn.is\/wp-content\/uploads\/2022\/09\/Vorulagerinn-Logo-588x160-1.png","width":588,"height":160,"caption":"V\u00f6rulagerinn"},"image":{"@id":"https:\/\/vorulagerinn.is\/#\/schema\/logo\/image\/"},"sameAs":["https:\/\/www.facebook.com\/vorulagerinn","https:\/\/www.instagram.com\/vorulagerinn\/"]}]},"product_price_amount":"4160","product_price_currency":"ISK","og_availability":"instock","product_availability":"instock","product_retailer_item_id":"JR-TCF23EU","product_condition":"new"},"_links":{"self":[{"href":"https:\/\/vorulagerinn.is\/en\/wp-json\/wp\/v2\/product\/29353","targetHints":{"allow":["GET"]}}],"collection":[{"href":"https:\/\/vorulagerinn.is\/en\/wp-json\/wp\/v2\/product"}],"about":[{"href":"https:\/\/vorulagerinn.is\/en\/wp-json\/wp\/v2\/types\/product"}],"wp:featuredmedia":[{"embeddable":true,"href":"https:\/\/vorulagerinn.is\/en\/wp-json\/wp\/v2\/media\/29351"}],"wp:attachment":[{"href":"https:\/\/vorulagerinn.is\/en\/wp-json\/wp\/v2\/media?parent=29353"}],"wp:term":[{"taxonomy":"product_brand","embeddable":true,"href":"https:\/\/vorulagerinn.is\/en\/wp-json\/wp\/v2\/product_brand?post=29353"},{"taxonomy":"product_cat","embeddable":true,"href":"https:\/\/vorulagerinn.is\/en\/wp-json\/wp\/v2\/product_cat?post=29353"},{"taxonomy":"product_tag","embeddable":true,"href":"https:\/\/vorulagerinn.is\/en\/wp-json\/wp\/v2\/product_tag?post=29353"}],"curies":[{"name":"wp","href":"https:\/\/api.w.org\/{rel}","templated":true}]}}