{"id":29362,"date":"2025-07-19T10:56:59","date_gmt":"2025-07-19T10:56:59","guid":{"rendered":"https:\/\/vorulagerinn.is\/product\/jr-tcg02\/"},"modified":"2026-02-25T13:06:02","modified_gmt":"2026-02-25T13:06:02","slug":"jr-tcg02","status":"publish","type":"product","link":"https:\/\/vorulagerinn.is\/en\/product\/jr-tcg02\/","title":{"rendered":"67W GaN USB hra\u00f0hle\u00f0slut\u00e6ki me\u00f0 2x USB-C &amp; 2x USB-A tengjum \u00e1samt 100W USB-C sn\u00faru (1,2m)"},"content":{"rendered":"<p>Name: 67W GaN 2C2A Smart Fast Charger<br \/>\nInput: AC 100-240V~50\/60Hz, 1.5A (Max)<br \/>\nUSB-C1\/C2 Output: 5V=3A,9V=3A,12V=3A,15V=3A,20V=3.35A<br \/>\nPPS: 3.3-11V=5A<br \/>\nUSB-A1\/A2 Output: 4.5V=5A ,5V=4.5A,5V=3A,9V=2A,12V=1.5A<br \/>\nC1+C2 Output: 45W+20W A1+A2 Output: 12W<br \/>\nC1\/C2+A1\/A2 Output: 45W+18W<br \/>\nC1+C2+A1\/A2 Output: 35W+20W+12W<br \/>\nC1\/C2+A1+A2 Output: 45W+12W<br \/>\nC1+C2+A1+A2 Output: 35W+20W+12W<br \/>\nTotal Output: 67W (Max)<br \/>\nColor: Black<br \/>\nSize: 61.2*32*54.5mm<br \/>\nMaterial: PC fireproof material<\/p>\n<p><img loading=\"lazy\" decoding=\"async\" class=\"aligncenter size-thumbnail wp-image-24444\" src=\"https:\/\/fodurlandid.is\/wp-content\/uploads\/2025\/07\/JR-TCG02_-280x280.jpg\" alt=\"\" width=\"280\" height=\"280\" \/><\/p>\n","protected":false},"excerpt":{"rendered":"<p>Hra\u00f0hle\u00f0slut\u00e6ki\u00f0 er me\u00f0 Smart GaN t\u00e6kni sem gerir hle\u00f0sluna skilvirkari, \u00f6ruggari auk \u00feess sem t\u00e6ki\u00f0 hitnar minna en skilar s\u00f6mu afk\u00f6stum og st\u00e6rri t\u00e6ki. Hra\u00f0hle\u00f0slut\u00e6ki\u00f0 er me\u00f0 2x USB-C og 2x USB-A tengi og 100W USB-C \u00ed USB-C hra\u00f0hle\u00f0slusn\u00fara fylgir me\u00f0. \u00dea\u00f0 er h\u00e6gt a\u00f0 hla\u00f0a fj\u00f6gur t\u00e6ki \u00ed einu t.d. iPhone, Samsung, Huawei, spjaldt\u00f6lvur, fer\u00f0av\u00e9lar, eyrnat\u00f3l og fleira. \u00d6flugur kubbur sem skilar s\u00ednu.<\/p>\n<p>N\u00e1nari uppl\u00fdsingar ne\u00f0ar \u00e1 \u00feessari s\u00ed\u00f0u.<\/p>\n<p>\u2013 Litur: Svartur<br \/>\n\u2013 St\u00e6r\u00f0: 6,1 x3,2 x 5,5 cm<br \/>\n\u2013 \u00deyngd: 172,9g<br \/>\n\u2013 Vottun: CE, Rohs &amp; FCC<\/p>\n","protected":false},"featured_media":29354,"template":"","meta":[],"product_brand":[420],"product_cat":[448],"product_tag":[],"class_list":{"0":"post-29362","1":"product","2":"type-product","3":"status-publish","4":"has-post-thumbnail","6":"product_brand-joyroom","7":"product_cat-usb-hledslutaeki","9":"first","10":"instock","11":"sale","12":"taxable","13":"shipping-taxable","14":"purchasable","15":"product-type-simple"},"supplier_id":null,"supplier_sku":"","barcode":null,"atum_controlled":true,"out_stock_date":null,"out_stock_threshold":null,"inheritable":false,"inbound_stock":0,"stock_on_hold":0,"sold_today":0,"sales_last_days":0,"reserved_stock":0,"customer_returns":0,"warehouse_damage":0,"lost_in_post":0,"other_logs":0,"out_stock_days":0,"lost_sales":0,"has_location":false,"update_date":"2026-04-21T00:24:36","atum_locations":[],"atum_stock_status":"instock","restock_status":false,"low_stock_amount":"","sales_update_date":"2026-04-21T00:24:36","calc_backorders":null,"yoast_head":"<!-- This site is optimized with the Yoast SEO Premium plugin v26.6 (Yoast SEO v27.3) - https:\/\/yoast.com\/product\/yoast-seo-premium-wordpress\/ -->\n<title>67W GaN USB hra\u00f0hle\u00f0slut\u00e6ki | 2x USB-C &amp; 2x USB-A tengi<\/title>\n<meta name=\"description\" content=\"Hle\u00f0slut\u00e6ki\u00f0 er me\u00f0 GaN t\u00e6kni sem gerir hle\u00f0sluna skilvirkari, \u00f6ruggari, hitnar minna en skilar s\u00f6mu afk\u00f6stum og st\u00e6rri t\u00e6ki. 100W USB-C sn\u00fara fylgir me\u00f0\" \/>\n<meta name=\"robots\" content=\"index, follow, max-snippet:-1, max-image-preview:large, max-video-preview:-1\" \/>\n<link rel=\"canonical\" href=\"https:\/\/vorulagerinn.is\/product\/jr-tcg02\/\" \/>\n<meta property=\"og:locale\" content=\"en_US\" \/>\n<meta property=\"og:type\" content=\"article\" \/>\n<meta property=\"og:title\" content=\"67W GaN USB hra\u00f0hle\u00f0slut\u00e6ki me\u00f0 2x USB-C &amp; 2x USB-A tengjum \u00e1samt 100W USB-C sn\u00faru (1,2m)\" \/>\n<meta property=\"og:description\" content=\"Hle\u00f0slut\u00e6ki\u00f0 er me\u00f0 GaN t\u00e6kni sem gerir hle\u00f0sluna skilvirkari, \u00f6ruggari, hitnar minna en skilar s\u00f6mu afk\u00f6stum og st\u00e6rri t\u00e6ki. 100W USB-C sn\u00fara fylgir me\u00f0\" \/>\n<meta property=\"og:url\" content=\"https:\/\/vorulagerinn.is\/product\/jr-tcg02\/\" \/>\n<meta property=\"og:site_name\" content=\"V&ouml;rulagerinn\" \/>\n<meta property=\"article:publisher\" content=\"https:\/\/www.facebook.com\/vorulagerinn\" \/>\n<meta property=\"article:modified_time\" content=\"2026-02-25T13:06:02+00:00\" \/>\n<meta property=\"og:image\" content=\"https:\/\/vorulagerinn.is\/wp-content\/uploads\/2025\/09\/JR-TCG02_0.jpg\" \/>\n\t<meta property=\"og:image:width\" content=\"600\" \/>\n\t<meta property=\"og:image:height\" content=\"600\" \/>\n\t<meta property=\"og:image:type\" content=\"image\/jpeg\" \/>\n<meta name=\"twitter:card\" content=\"summary_large_image\" \/>\n<meta name=\"twitter:label1\" content=\"Price\" \/>\n\t<meta name=\"twitter:data1\" content=\"8.330&nbsp;kr.\" \/>\n\t<meta name=\"twitter:label2\" content=\"Availability\" \/>\n\t<meta name=\"twitter:data2\" content=\"In stock\" \/>\n<script type=\"application\/ld+json\" class=\"yoast-schema-graph\">{\"@context\":\"https:\\\/\\\/schema.org\",\"@graph\":[{\"@type\":\"WebPage\",\"@id\":\"https:\\\/\\\/vorulagerinn.is\\\/product\\\/jr-tcg02\\\/\",\"url\":\"https:\\\/\\\/vorulagerinn.is\\\/product\\\/jr-tcg02\\\/\",\"name\":\"67W GaN USB hra\u00f0hle\u00f0slut\u00e6ki | 2x USB-C & 2x USB-A tengi\",\"isPartOf\":{\"@id\":\"https:\\\/\\\/vorulagerinn.is\\\/#website\"},\"primaryImageOfPage\":{\"@id\":\"https:\\\/\\\/vorulagerinn.is\\\/product\\\/jr-tcg02\\\/#primaryimage\"},\"image\":{\"@id\":\"https:\\\/\\\/vorulagerinn.is\\\/product\\\/jr-tcg02\\\/#primaryimage\"},\"thumbnailUrl\":\"https:\\\/\\\/vorulagerinn.is\\\/wp-content\\\/uploads\\\/2025\\\/09\\\/JR-TCG02_0.jpg\",\"datePublished\":\"2025-07-19T10:56:59+00:00\",\"dateModified\":\"2026-02-25T13:06:02+00:00\",\"description\":\"Hle\u00f0slut\u00e6ki\u00f0 er me\u00f0 GaN t\u00e6kni sem gerir hle\u00f0sluna skilvirkari, \u00f6ruggari, hitnar minna en skilar s\u00f6mu afk\u00f6stum og st\u00e6rri t\u00e6ki. 100W USB-C sn\u00fara fylgir me\u00f0\",\"breadcrumb\":{\"@id\":\"https:\\\/\\\/vorulagerinn.is\\\/product\\\/jr-tcg02\\\/#breadcrumb\"},\"inLanguage\":\"en-US\",\"potentialAction\":[{\"@type\":\"ReadAction\",\"target\":[\"https:\\\/\\\/vorulagerinn.is\\\/product\\\/jr-tcg02\\\/\"]}]},{\"@type\":\"ImageObject\",\"inLanguage\":\"en-US\",\"@id\":\"https:\\\/\\\/vorulagerinn.is\\\/product\\\/jr-tcg02\\\/#primaryimage\",\"url\":\"https:\\\/\\\/vorulagerinn.is\\\/wp-content\\\/uploads\\\/2025\\\/09\\\/JR-TCG02_0.jpg\",\"contentUrl\":\"https:\\\/\\\/vorulagerinn.is\\\/wp-content\\\/uploads\\\/2025\\\/09\\\/JR-TCG02_0.jpg\",\"width\":600,\"height\":600},{\"@type\":\"BreadcrumbList\",\"@id\":\"https:\\\/\\\/vorulagerinn.is\\\/product\\\/jr-tcg02\\\/#breadcrumb\",\"itemListElement\":[{\"@type\":\"ListItem\",\"position\":1,\"name\":\"Home\",\"item\":\"https:\\\/\\\/vorulagerinn.is\\\/\"},{\"@type\":\"ListItem\",\"position\":2,\"name\":\"Shop\",\"item\":\"https:\\\/\\\/vorulagerinn.is\\\/en\\\/shop\\\/\"},{\"@type\":\"ListItem\",\"position\":3,\"name\":\"67W GaN USB hra\u00f0hle\u00f0slut\u00e6ki me\u00f0 2x USB-C &amp; 2x USB-A tengjum \u00e1samt 100W USB-C sn\u00faru (1,2m)\"}]},{\"@type\":\"WebSite\",\"@id\":\"https:\\\/\\\/vorulagerinn.is\\\/#website\",\"url\":\"https:\\\/\\\/vorulagerinn.is\\\/\",\"name\":\"V\u00f6rulagerinn\",\"description\":\"L\u00e1ttu \u00fea\u00f0 eftir \u00fe\u00e9r\",\"publisher\":{\"@id\":\"https:\\\/\\\/vorulagerinn.is\\\/#organization\"},\"potentialAction\":[{\"@type\":\"SearchAction\",\"target\":{\"@type\":\"EntryPoint\",\"urlTemplate\":\"https:\\\/\\\/vorulagerinn.is\\\/?s={search_term_string}\"},\"query-input\":{\"@type\":\"PropertyValueSpecification\",\"valueRequired\":true,\"valueName\":\"search_term_string\"}}],\"inLanguage\":\"en-US\"},{\"@type\":\"Organization\",\"@id\":\"https:\\\/\\\/vorulagerinn.is\\\/#organization\",\"name\":\"V\u00f6rulagerinn\",\"url\":\"https:\\\/\\\/vorulagerinn.is\\\/\",\"logo\":{\"@type\":\"ImageObject\",\"inLanguage\":\"en-US\",\"@id\":\"https:\\\/\\\/vorulagerinn.is\\\/#\\\/schema\\\/logo\\\/image\\\/\",\"url\":\"https:\\\/\\\/vorulagerinn.is\\\/wp-content\\\/uploads\\\/2022\\\/09\\\/Vorulagerinn-Logo-588x160-1.png\",\"contentUrl\":\"https:\\\/\\\/vorulagerinn.is\\\/wp-content\\\/uploads\\\/2022\\\/09\\\/Vorulagerinn-Logo-588x160-1.png\",\"width\":588,\"height\":160,\"caption\":\"V\u00f6rulagerinn\"},\"image\":{\"@id\":\"https:\\\/\\\/vorulagerinn.is\\\/#\\\/schema\\\/logo\\\/image\\\/\"},\"sameAs\":[\"https:\\\/\\\/www.facebook.com\\\/vorulagerinn\",\"https:\\\/\\\/www.instagram.com\\\/vorulagerinn\\\/\"]}]}<\/script>\n<meta property=\"product:price:amount\" content=\"8330\" \/>\n<meta property=\"product:price:currency\" content=\"ISK\" \/>\n<meta property=\"og:availability\" content=\"instock\" \/>\n<meta property=\"product:availability\" content=\"instock\" \/>\n<meta property=\"product:retailer_item_id\" content=\"JR-TCG02\" \/>\n<meta property=\"product:condition\" content=\"new\" \/>\n<!-- \/ Yoast SEO Premium plugin. -->","yoast_head_json":{"title":"67W GaN USB hra\u00f0hle\u00f0slut\u00e6ki | 2x USB-C & 2x USB-A tengi","description":"Hle\u00f0slut\u00e6ki\u00f0 er me\u00f0 GaN t\u00e6kni sem gerir hle\u00f0sluna skilvirkari, \u00f6ruggari, hitnar minna en skilar s\u00f6mu afk\u00f6stum og st\u00e6rri t\u00e6ki. 100W USB-C sn\u00fara fylgir me\u00f0","robots":{"index":"index","follow":"follow","max-snippet":"max-snippet:-1","max-image-preview":"max-image-preview:large","max-video-preview":"max-video-preview:-1"},"canonical":"https:\/\/vorulagerinn.is\/product\/jr-tcg02\/","og_locale":"en_US","og_type":"article","og_title":"67W GaN USB hra\u00f0hle\u00f0slut\u00e6ki me\u00f0 2x USB-C &amp; 2x USB-A tengjum \u00e1samt 100W USB-C sn\u00faru (1,2m)","og_description":"Hle\u00f0slut\u00e6ki\u00f0 er me\u00f0 GaN t\u00e6kni sem gerir hle\u00f0sluna skilvirkari, \u00f6ruggari, hitnar minna en skilar s\u00f6mu afk\u00f6stum og st\u00e6rri t\u00e6ki. 100W USB-C sn\u00fara fylgir me\u00f0","og_url":"https:\/\/vorulagerinn.is\/product\/jr-tcg02\/","og_site_name":"V&ouml;rulagerinn","article_publisher":"https:\/\/www.facebook.com\/vorulagerinn","article_modified_time":"2026-02-25T13:06:02+00:00","og_image":[{"width":600,"height":600,"url":"https:\/\/vorulagerinn.is\/wp-content\/uploads\/2025\/09\/JR-TCG02_0.jpg","type":"image\/jpeg"}],"twitter_card":"summary_large_image","twitter_misc":{"Price":"8.330&nbsp;kr.","Availability":"In stock"},"schema":{"@context":"https:\/\/schema.org","@graph":[{"@type":"WebPage","@id":"https:\/\/vorulagerinn.is\/product\/jr-tcg02\/","url":"https:\/\/vorulagerinn.is\/product\/jr-tcg02\/","name":"67W GaN USB hra\u00f0hle\u00f0slut\u00e6ki | 2x USB-C & 2x USB-A tengi","isPartOf":{"@id":"https:\/\/vorulagerinn.is\/#website"},"primaryImageOfPage":{"@id":"https:\/\/vorulagerinn.is\/product\/jr-tcg02\/#primaryimage"},"image":{"@id":"https:\/\/vorulagerinn.is\/product\/jr-tcg02\/#primaryimage"},"thumbnailUrl":"https:\/\/vorulagerinn.is\/wp-content\/uploads\/2025\/09\/JR-TCG02_0.jpg","datePublished":"2025-07-19T10:56:59+00:00","dateModified":"2026-02-25T13:06:02+00:00","description":"Hle\u00f0slut\u00e6ki\u00f0 er me\u00f0 GaN t\u00e6kni sem gerir hle\u00f0sluna skilvirkari, \u00f6ruggari, hitnar minna en skilar s\u00f6mu afk\u00f6stum og st\u00e6rri t\u00e6ki. 100W USB-C sn\u00fara fylgir me\u00f0","breadcrumb":{"@id":"https:\/\/vorulagerinn.is\/product\/jr-tcg02\/#breadcrumb"},"inLanguage":"en-US","potentialAction":[{"@type":"ReadAction","target":["https:\/\/vorulagerinn.is\/product\/jr-tcg02\/"]}]},{"@type":"ImageObject","inLanguage":"en-US","@id":"https:\/\/vorulagerinn.is\/product\/jr-tcg02\/#primaryimage","url":"https:\/\/vorulagerinn.is\/wp-content\/uploads\/2025\/09\/JR-TCG02_0.jpg","contentUrl":"https:\/\/vorulagerinn.is\/wp-content\/uploads\/2025\/09\/JR-TCG02_0.jpg","width":600,"height":600},{"@type":"BreadcrumbList","@id":"https:\/\/vorulagerinn.is\/product\/jr-tcg02\/#breadcrumb","itemListElement":[{"@type":"ListItem","position":1,"name":"Home","item":"https:\/\/vorulagerinn.is\/"},{"@type":"ListItem","position":2,"name":"Shop","item":"https:\/\/vorulagerinn.is\/en\/shop\/"},{"@type":"ListItem","position":3,"name":"67W GaN USB hra\u00f0hle\u00f0slut\u00e6ki me\u00f0 2x USB-C &amp; 2x USB-A tengjum \u00e1samt 100W USB-C sn\u00faru (1,2m)"}]},{"@type":"WebSite","@id":"https:\/\/vorulagerinn.is\/#website","url":"https:\/\/vorulagerinn.is\/","name":"V\u00f6rulagerinn","description":"L\u00e1ttu \u00fea\u00f0 eftir \u00fe\u00e9r","publisher":{"@id":"https:\/\/vorulagerinn.is\/#organization"},"potentialAction":[{"@type":"SearchAction","target":{"@type":"EntryPoint","urlTemplate":"https:\/\/vorulagerinn.is\/?s={search_term_string}"},"query-input":{"@type":"PropertyValueSpecification","valueRequired":true,"valueName":"search_term_string"}}],"inLanguage":"en-US"},{"@type":"Organization","@id":"https:\/\/vorulagerinn.is\/#organization","name":"V\u00f6rulagerinn","url":"https:\/\/vorulagerinn.is\/","logo":{"@type":"ImageObject","inLanguage":"en-US","@id":"https:\/\/vorulagerinn.is\/#\/schema\/logo\/image\/","url":"https:\/\/vorulagerinn.is\/wp-content\/uploads\/2022\/09\/Vorulagerinn-Logo-588x160-1.png","contentUrl":"https:\/\/vorulagerinn.is\/wp-content\/uploads\/2022\/09\/Vorulagerinn-Logo-588x160-1.png","width":588,"height":160,"caption":"V\u00f6rulagerinn"},"image":{"@id":"https:\/\/vorulagerinn.is\/#\/schema\/logo\/image\/"},"sameAs":["https:\/\/www.facebook.com\/vorulagerinn","https:\/\/www.instagram.com\/vorulagerinn\/"]}]},"product_price_amount":"8330","product_price_currency":"ISK","og_availability":"instock","product_availability":"instock","product_retailer_item_id":"JR-TCG02","product_condition":"new"},"_links":{"self":[{"href":"https:\/\/vorulagerinn.is\/en\/wp-json\/wp\/v2\/product\/29362","targetHints":{"allow":["GET"]}}],"collection":[{"href":"https:\/\/vorulagerinn.is\/en\/wp-json\/wp\/v2\/product"}],"about":[{"href":"https:\/\/vorulagerinn.is\/en\/wp-json\/wp\/v2\/types\/product"}],"wp:featuredmedia":[{"embeddable":true,"href":"https:\/\/vorulagerinn.is\/en\/wp-json\/wp\/v2\/media\/29354"}],"wp:attachment":[{"href":"https:\/\/vorulagerinn.is\/en\/wp-json\/wp\/v2\/media?parent=29362"}],"wp:term":[{"taxonomy":"product_brand","embeddable":true,"href":"https:\/\/vorulagerinn.is\/en\/wp-json\/wp\/v2\/product_brand?post=29362"},{"taxonomy":"product_cat","embeddable":true,"href":"https:\/\/vorulagerinn.is\/en\/wp-json\/wp\/v2\/product_cat?post=29362"},{"taxonomy":"product_tag","embeddable":true,"href":"https:\/\/vorulagerinn.is\/en\/wp-json\/wp\/v2\/product_tag?post=29362"}],"curies":[{"name":"wp","href":"https:\/\/api.w.org\/{rel}","templated":true}]}}