{"id":29382,"date":"2025-07-24T09:55:22","date_gmt":"2025-07-24T09:55:22","guid":{"rendered":"https:\/\/vorulagerinn.is\/product\/jr-zs432\/"},"modified":"2026-02-15T18:47:06","modified_gmt":"2026-02-15T18:47:06","slug":"jr-zs432","status":"publish","type":"product","link":"https:\/\/vorulagerinn.is\/en\/product\/jr-zs432\/","title":{"rendered":"Kortaveski me\u00f0 segulfestingu (Magsafe Wallet) og fars\u00edmastandi fyrir iPhone 12\/13\/14\/15\/16\/17"},"content":{"rendered":"","protected":false},"excerpt":{"rendered":"<p>St\u00edlhreint MagSafe kortaveski\u00a0fyrir allt a\u00f0 \u00ferj\u00fa kort t.d. \u00f6kusk\u00edrteini, debet- og kreditkort e\u00f0a se\u00f0la. Kortaveski\u00f0 er me\u00f0 120 gr\u00e1\u00f0u segulstandi sem gerir \u00fe\u00e9r kleift a\u00f0 l\u00e1ta s\u00edmann standa l\u00e1r\u00e9tt e\u00f0a l\u00f3\u00f0r\u00e9tt \u00e1 bor\u00f0i \u00feegar horft er \u00e1 \u00fe\u00e6tti, kvikmyndir e\u00f0a tala\u00f0 \u00ed s\u00edmann mynd \u00ed mynd.<\/p>\n<p>Segulhringur fylgir me\u00f0 fyrir snjalls\u00edma sem eru ekki me\u00f0 innbyggt\u00a0MagSafe.<\/p>\n<p>\u2013 Litur: Svartur<br \/>\n\u2013 St\u00e6r\u00f0: 9,5 x 6,5 x 0,8 cm<br \/>\n\u2013 \u00deyngd: 46g<br \/>\n\u2013 Fj\u00f6ldi korta: 3 stk<br \/>\n\u2013 S\u00edmast\u00e6r\u00f0: 4.7 \u2013 7.0 tommur<br \/>\n\u2013 Fars\u00edmastandur: 120 gr\u00e1\u00f0ur<\/p>\n","protected":false},"featured_media":29378,"template":"","meta":[],"product_brand":[420],"product_cat":[449],"product_tag":[],"class_list":{"0":"post-29382","1":"product","2":"type-product","3":"status-publish","4":"has-post-thumbnail","6":"product_brand-joyroom","7":"product_cat-festingar-og-standar","9":"first","10":"instock","11":"taxable","12":"shipping-taxable","13":"purchasable","14":"product-type-simple"},"supplier_id":null,"supplier_sku":"","barcode":null,"atum_controlled":true,"out_stock_date":null,"out_stock_threshold":null,"inheritable":false,"inbound_stock":0,"stock_on_hold":0,"sold_today":0,"sales_last_days":0,"reserved_stock":0,"customer_returns":0,"warehouse_damage":0,"lost_in_post":0,"other_logs":0,"out_stock_days":0,"lost_sales":0,"has_location":false,"update_date":"2026-04-19T00:22:39","atum_locations":[],"atum_stock_status":"instock","restock_status":false,"low_stock_amount":"","sales_update_date":"2026-04-19T00:22:39","calc_backorders":null,"yoast_head":"<!-- This site is optimized with the Yoast SEO Premium plugin v26.6 (Yoast SEO v27.3) - https:\/\/yoast.com\/product\/yoast-seo-premium-wordpress\/ -->\n<title>Kortaveski me\u00f0 MagSafe &amp; fars\u00edmastandi f. iPhone 12\/13\/14\/15\/16\/17<\/title>\n<meta name=\"description\" content=\"St\u00edlhreint kortaveski fyrir allt a\u00f0 \u00ferj\u00fa kort t.d. \u00f6kusk\u00edrteini, debet- og kreditkort e\u00f0a se\u00f0la. Kortaveski\u00f0 er me\u00f0 120 gr\u00e1\u00f0u segulstandi (l\u00e1r\u00e9tt e\u00f0a l\u00f3\u00f0r\u00e9tt) \u00e1 bor\u00f0.\" \/>\n<meta name=\"robots\" content=\"index, follow, max-snippet:-1, max-image-preview:large, max-video-preview:-1\" \/>\n<link rel=\"canonical\" href=\"https:\/\/vorulagerinn.is\/product\/jr-zs432\/\" \/>\n<meta property=\"og:locale\" content=\"en_US\" \/>\n<meta property=\"og:type\" content=\"article\" \/>\n<meta property=\"og:title\" content=\"Kortaveski me\u00f0 segulfestingu (Magsafe Wallet) og fars\u00edmastandi fyrir iPhone 12\/13\/14\/15\/16\/17\" \/>\n<meta property=\"og:description\" content=\"St\u00edlhreint kortaveski fyrir allt a\u00f0 \u00ferj\u00fa kort t.d. \u00f6kusk\u00edrteini, debet- og kreditkort e\u00f0a se\u00f0la. Kortaveski\u00f0 er me\u00f0 120 gr\u00e1\u00f0u segulstandi (l\u00e1r\u00e9tt e\u00f0a l\u00f3\u00f0r\u00e9tt) \u00e1 bor\u00f0.\" \/>\n<meta property=\"og:url\" content=\"https:\/\/vorulagerinn.is\/product\/jr-zs432\/\" \/>\n<meta property=\"og:site_name\" content=\"V&ouml;rulagerinn\" \/>\n<meta property=\"article:publisher\" content=\"https:\/\/www.facebook.com\/vorulagerinn\" \/>\n<meta property=\"article:modified_time\" content=\"2026-02-15T18:47:06+00:00\" \/>\n<meta property=\"og:image\" content=\"https:\/\/vorulagerinn.is\/wp-content\/uploads\/2025\/09\/JR-ZS432_4.jpg\" \/>\n\t<meta property=\"og:image:width\" content=\"600\" \/>\n\t<meta property=\"og:image:height\" content=\"600\" \/>\n\t<meta property=\"og:image:type\" content=\"image\/jpeg\" \/>\n<meta name=\"twitter:card\" content=\"summary_large_image\" \/>\n<meta name=\"twitter:label1\" content=\"Price\" \/>\n\t<meta name=\"twitter:data1\" content=\"3.990&nbsp;kr.\" \/>\n\t<meta name=\"twitter:label2\" content=\"Availability\" \/>\n\t<meta name=\"twitter:data2\" content=\"In stock\" \/>\n<script type=\"application\/ld+json\" class=\"yoast-schema-graph\">{\"@context\":\"https:\\\/\\\/schema.org\",\"@graph\":[{\"@type\":\"WebPage\",\"@id\":\"https:\\\/\\\/vorulagerinn.is\\\/product\\\/jr-zs432\\\/\",\"url\":\"https:\\\/\\\/vorulagerinn.is\\\/product\\\/jr-zs432\\\/\",\"name\":\"Kortaveski me\u00f0 MagSafe & fars\u00edmastandi f. iPhone 12\\\/13\\\/14\\\/15\\\/16\\\/17\",\"isPartOf\":{\"@id\":\"https:\\\/\\\/vorulagerinn.is\\\/#website\"},\"primaryImageOfPage\":{\"@id\":\"https:\\\/\\\/vorulagerinn.is\\\/product\\\/jr-zs432\\\/#primaryimage\"},\"image\":{\"@id\":\"https:\\\/\\\/vorulagerinn.is\\\/product\\\/jr-zs432\\\/#primaryimage\"},\"thumbnailUrl\":\"https:\\\/\\\/vorulagerinn.is\\\/wp-content\\\/uploads\\\/2025\\\/09\\\/JR-ZS432_4.jpg\",\"datePublished\":\"2025-07-24T09:55:22+00:00\",\"dateModified\":\"2026-02-15T18:47:06+00:00\",\"description\":\"St\u00edlhreint kortaveski fyrir allt a\u00f0 \u00ferj\u00fa kort t.d. \u00f6kusk\u00edrteini, debet- og kreditkort e\u00f0a se\u00f0la. Kortaveski\u00f0 er me\u00f0 120 gr\u00e1\u00f0u segulstandi (l\u00e1r\u00e9tt e\u00f0a l\u00f3\u00f0r\u00e9tt) \u00e1 bor\u00f0.\",\"breadcrumb\":{\"@id\":\"https:\\\/\\\/vorulagerinn.is\\\/product\\\/jr-zs432\\\/#breadcrumb\"},\"inLanguage\":\"en-US\",\"potentialAction\":[{\"@type\":\"ReadAction\",\"target\":[\"https:\\\/\\\/vorulagerinn.is\\\/product\\\/jr-zs432\\\/\"]}]},{\"@type\":\"ImageObject\",\"inLanguage\":\"en-US\",\"@id\":\"https:\\\/\\\/vorulagerinn.is\\\/product\\\/jr-zs432\\\/#primaryimage\",\"url\":\"https:\\\/\\\/vorulagerinn.is\\\/wp-content\\\/uploads\\\/2025\\\/09\\\/JR-ZS432_4.jpg\",\"contentUrl\":\"https:\\\/\\\/vorulagerinn.is\\\/wp-content\\\/uploads\\\/2025\\\/09\\\/JR-ZS432_4.jpg\",\"width\":600,\"height\":600},{\"@type\":\"BreadcrumbList\",\"@id\":\"https:\\\/\\\/vorulagerinn.is\\\/product\\\/jr-zs432\\\/#breadcrumb\",\"itemListElement\":[{\"@type\":\"ListItem\",\"position\":1,\"name\":\"Home\",\"item\":\"https:\\\/\\\/vorulagerinn.is\\\/\"},{\"@type\":\"ListItem\",\"position\":2,\"name\":\"Shop\",\"item\":\"https:\\\/\\\/vorulagerinn.is\\\/en\\\/shop\\\/\"},{\"@type\":\"ListItem\",\"position\":3,\"name\":\"Kortaveski me\u00f0 segulfestingu (Magsafe Wallet) og fars\u00edmastandi fyrir iPhone 12\\\/13\\\/14\\\/15\\\/16\\\/17\"}]},{\"@type\":\"WebSite\",\"@id\":\"https:\\\/\\\/vorulagerinn.is\\\/#website\",\"url\":\"https:\\\/\\\/vorulagerinn.is\\\/\",\"name\":\"V\u00f6rulagerinn\",\"description\":\"L\u00e1ttu \u00fea\u00f0 eftir \u00fe\u00e9r\",\"publisher\":{\"@id\":\"https:\\\/\\\/vorulagerinn.is\\\/#organization\"},\"potentialAction\":[{\"@type\":\"SearchAction\",\"target\":{\"@type\":\"EntryPoint\",\"urlTemplate\":\"https:\\\/\\\/vorulagerinn.is\\\/?s={search_term_string}\"},\"query-input\":{\"@type\":\"PropertyValueSpecification\",\"valueRequired\":true,\"valueName\":\"search_term_string\"}}],\"inLanguage\":\"en-US\"},{\"@type\":\"Organization\",\"@id\":\"https:\\\/\\\/vorulagerinn.is\\\/#organization\",\"name\":\"V\u00f6rulagerinn\",\"url\":\"https:\\\/\\\/vorulagerinn.is\\\/\",\"logo\":{\"@type\":\"ImageObject\",\"inLanguage\":\"en-US\",\"@id\":\"https:\\\/\\\/vorulagerinn.is\\\/#\\\/schema\\\/logo\\\/image\\\/\",\"url\":\"https:\\\/\\\/vorulagerinn.is\\\/wp-content\\\/uploads\\\/2022\\\/09\\\/Vorulagerinn-Logo-588x160-1.png\",\"contentUrl\":\"https:\\\/\\\/vorulagerinn.is\\\/wp-content\\\/uploads\\\/2022\\\/09\\\/Vorulagerinn-Logo-588x160-1.png\",\"width\":588,\"height\":160,\"caption\":\"V\u00f6rulagerinn\"},\"image\":{\"@id\":\"https:\\\/\\\/vorulagerinn.is\\\/#\\\/schema\\\/logo\\\/image\\\/\"},\"sameAs\":[\"https:\\\/\\\/www.facebook.com\\\/vorulagerinn\",\"https:\\\/\\\/www.instagram.com\\\/vorulagerinn\\\/\"]}]}<\/script>\n<meta property=\"product:price:amount\" content=\"3990\" \/>\n<meta property=\"product:price:currency\" content=\"ISK\" \/>\n<meta property=\"og:availability\" content=\"instock\" \/>\n<meta property=\"product:availability\" content=\"instock\" \/>\n<meta property=\"product:retailer_item_id\" content=\"JR-ZS432\" \/>\n<meta property=\"product:condition\" content=\"new\" \/>\n<!-- \/ Yoast SEO Premium plugin. -->","yoast_head_json":{"title":"Kortaveski me\u00f0 MagSafe & fars\u00edmastandi f. iPhone 12\/13\/14\/15\/16\/17","description":"St\u00edlhreint kortaveski fyrir allt a\u00f0 \u00ferj\u00fa kort t.d. \u00f6kusk\u00edrteini, debet- og kreditkort e\u00f0a se\u00f0la. Kortaveski\u00f0 er me\u00f0 120 gr\u00e1\u00f0u segulstandi (l\u00e1r\u00e9tt e\u00f0a l\u00f3\u00f0r\u00e9tt) \u00e1 bor\u00f0.","robots":{"index":"index","follow":"follow","max-snippet":"max-snippet:-1","max-image-preview":"max-image-preview:large","max-video-preview":"max-video-preview:-1"},"canonical":"https:\/\/vorulagerinn.is\/product\/jr-zs432\/","og_locale":"en_US","og_type":"article","og_title":"Kortaveski me\u00f0 segulfestingu (Magsafe Wallet) og fars\u00edmastandi fyrir iPhone 12\/13\/14\/15\/16\/17","og_description":"St\u00edlhreint kortaveski fyrir allt a\u00f0 \u00ferj\u00fa kort t.d. \u00f6kusk\u00edrteini, debet- og kreditkort e\u00f0a se\u00f0la. Kortaveski\u00f0 er me\u00f0 120 gr\u00e1\u00f0u segulstandi (l\u00e1r\u00e9tt e\u00f0a l\u00f3\u00f0r\u00e9tt) \u00e1 bor\u00f0.","og_url":"https:\/\/vorulagerinn.is\/product\/jr-zs432\/","og_site_name":"V&ouml;rulagerinn","article_publisher":"https:\/\/www.facebook.com\/vorulagerinn","article_modified_time":"2026-02-15T18:47:06+00:00","og_image":[{"width":600,"height":600,"url":"https:\/\/vorulagerinn.is\/wp-content\/uploads\/2025\/09\/JR-ZS432_4.jpg","type":"image\/jpeg"}],"twitter_card":"summary_large_image","twitter_misc":{"Price":"3.990&nbsp;kr.","Availability":"In stock"},"schema":{"@context":"https:\/\/schema.org","@graph":[{"@type":"WebPage","@id":"https:\/\/vorulagerinn.is\/product\/jr-zs432\/","url":"https:\/\/vorulagerinn.is\/product\/jr-zs432\/","name":"Kortaveski me\u00f0 MagSafe & fars\u00edmastandi f. iPhone 12\/13\/14\/15\/16\/17","isPartOf":{"@id":"https:\/\/vorulagerinn.is\/#website"},"primaryImageOfPage":{"@id":"https:\/\/vorulagerinn.is\/product\/jr-zs432\/#primaryimage"},"image":{"@id":"https:\/\/vorulagerinn.is\/product\/jr-zs432\/#primaryimage"},"thumbnailUrl":"https:\/\/vorulagerinn.is\/wp-content\/uploads\/2025\/09\/JR-ZS432_4.jpg","datePublished":"2025-07-24T09:55:22+00:00","dateModified":"2026-02-15T18:47:06+00:00","description":"St\u00edlhreint kortaveski fyrir allt a\u00f0 \u00ferj\u00fa kort t.d. \u00f6kusk\u00edrteini, debet- og kreditkort e\u00f0a se\u00f0la. Kortaveski\u00f0 er me\u00f0 120 gr\u00e1\u00f0u segulstandi (l\u00e1r\u00e9tt e\u00f0a l\u00f3\u00f0r\u00e9tt) \u00e1 bor\u00f0.","breadcrumb":{"@id":"https:\/\/vorulagerinn.is\/product\/jr-zs432\/#breadcrumb"},"inLanguage":"en-US","potentialAction":[{"@type":"ReadAction","target":["https:\/\/vorulagerinn.is\/product\/jr-zs432\/"]}]},{"@type":"ImageObject","inLanguage":"en-US","@id":"https:\/\/vorulagerinn.is\/product\/jr-zs432\/#primaryimage","url":"https:\/\/vorulagerinn.is\/wp-content\/uploads\/2025\/09\/JR-ZS432_4.jpg","contentUrl":"https:\/\/vorulagerinn.is\/wp-content\/uploads\/2025\/09\/JR-ZS432_4.jpg","width":600,"height":600},{"@type":"BreadcrumbList","@id":"https:\/\/vorulagerinn.is\/product\/jr-zs432\/#breadcrumb","itemListElement":[{"@type":"ListItem","position":1,"name":"Home","item":"https:\/\/vorulagerinn.is\/"},{"@type":"ListItem","position":2,"name":"Shop","item":"https:\/\/vorulagerinn.is\/en\/shop\/"},{"@type":"ListItem","position":3,"name":"Kortaveski me\u00f0 segulfestingu (Magsafe Wallet) og fars\u00edmastandi fyrir iPhone 12\/13\/14\/15\/16\/17"}]},{"@type":"WebSite","@id":"https:\/\/vorulagerinn.is\/#website","url":"https:\/\/vorulagerinn.is\/","name":"V\u00f6rulagerinn","description":"L\u00e1ttu \u00fea\u00f0 eftir \u00fe\u00e9r","publisher":{"@id":"https:\/\/vorulagerinn.is\/#organization"},"potentialAction":[{"@type":"SearchAction","target":{"@type":"EntryPoint","urlTemplate":"https:\/\/vorulagerinn.is\/?s={search_term_string}"},"query-input":{"@type":"PropertyValueSpecification","valueRequired":true,"valueName":"search_term_string"}}],"inLanguage":"en-US"},{"@type":"Organization","@id":"https:\/\/vorulagerinn.is\/#organization","name":"V\u00f6rulagerinn","url":"https:\/\/vorulagerinn.is\/","logo":{"@type":"ImageObject","inLanguage":"en-US","@id":"https:\/\/vorulagerinn.is\/#\/schema\/logo\/image\/","url":"https:\/\/vorulagerinn.is\/wp-content\/uploads\/2022\/09\/Vorulagerinn-Logo-588x160-1.png","contentUrl":"https:\/\/vorulagerinn.is\/wp-content\/uploads\/2022\/09\/Vorulagerinn-Logo-588x160-1.png","width":588,"height":160,"caption":"V\u00f6rulagerinn"},"image":{"@id":"https:\/\/vorulagerinn.is\/#\/schema\/logo\/image\/"},"sameAs":["https:\/\/www.facebook.com\/vorulagerinn","https:\/\/www.instagram.com\/vorulagerinn\/"]}]},"product_price_amount":"3990","product_price_currency":"ISK","og_availability":"instock","product_availability":"instock","product_retailer_item_id":"JR-ZS432","product_condition":"new"},"_links":{"self":[{"href":"https:\/\/vorulagerinn.is\/en\/wp-json\/wp\/v2\/product\/29382","targetHints":{"allow":["GET"]}}],"collection":[{"href":"https:\/\/vorulagerinn.is\/en\/wp-json\/wp\/v2\/product"}],"about":[{"href":"https:\/\/vorulagerinn.is\/en\/wp-json\/wp\/v2\/types\/product"}],"wp:featuredmedia":[{"embeddable":true,"href":"https:\/\/vorulagerinn.is\/en\/wp-json\/wp\/v2\/media\/29378"}],"wp:attachment":[{"href":"https:\/\/vorulagerinn.is\/en\/wp-json\/wp\/v2\/media?parent=29382"}],"wp:term":[{"taxonomy":"product_brand","embeddable":true,"href":"https:\/\/vorulagerinn.is\/en\/wp-json\/wp\/v2\/product_brand?post=29382"},{"taxonomy":"product_cat","embeddable":true,"href":"https:\/\/vorulagerinn.is\/en\/wp-json\/wp\/v2\/product_cat?post=29382"},{"taxonomy":"product_tag","embeddable":true,"href":"https:\/\/vorulagerinn.is\/en\/wp-json\/wp\/v2\/product_tag?post=29382"}],"curies":[{"name":"wp","href":"https:\/\/api.w.org\/{rel}","templated":true}]}}