{"id":29406,"date":"2025-07-24T07:55:30","date_gmt":"2025-07-24T07:55:30","guid":{"rendered":"https:\/\/vorulagerinn.is\/product\/jr-zs422\/"},"modified":"2026-02-11T14:41:08","modified_gmt":"2026-02-11T14:41:08","slug":"jr-zs422","status":"publish","type":"product","link":"https:\/\/vorulagerinn.is\/en\/product\/jr-zs422\/","title":{"rendered":"Sn\u00farufestingar me\u00f0 segul (6 stk \u00ed pakka)"},"content":{"rendered":"","protected":false},"excerpt":{"rendered":"<p>St\u00edlhreinar og endingarg\u00f3\u00f0ar sn\u00farufestingar me\u00f0 segul sem h\u00e6gt er a\u00f0 nota aftur og aftur. \u00de\u00e6r eru \u00far sterku s\u00edlikonefni me\u00f0 segull efst \u00e1 hverri lykkju fyrir sig. Ef nota \u00fearf lykkju \u00e1 sv\u00e6\u00f0i sem segullinn festist ekki vi\u00f0 er h\u00e6gt a\u00f0 setja segulpl\u00f6tur me\u00f0 l\u00edmi sem fylgja me\u00f0 \u00ed pakkanum \u00e1 \u00fea\u00f0 sv\u00e6\u00f0i til a\u00f0 festa segulskipuleggjarann.<\/p>\n<p>Fr\u00e1b\u00e6r lausn til a\u00f0 koma skipulagi \u00e1 sn\u00farurnar.<\/p>\n<p>\u2013 Litur: Svartur<br \/>\n\u2013 St\u00e6r\u00f0: 15 x 2,1 cm<br \/>\n\u2013 6 stk \u00ed pakka<br \/>\n\u2013 Au\u00f0velt a\u00f0 leysa og nota aftur<\/p>\n","protected":false},"featured_media":29398,"template":"","meta":[],"product_brand":[420],"product_cat":[449],"product_tag":[],"class_list":{"0":"post-29406","1":"product","2":"type-product","3":"status-publish","4":"has-post-thumbnail","6":"product_brand-joyroom","7":"product_cat-festingar-og-standar","9":"first","10":"instock","11":"taxable","12":"shipping-taxable","13":"purchasable","14":"product-type-variable"},"supplier_id":null,"supplier_sku":"","barcode":null,"atum_controlled":true,"out_stock_date":null,"out_stock_threshold":null,"inheritable":false,"inbound_stock":0,"stock_on_hold":0,"sold_today":0,"sales_last_days":0,"reserved_stock":0,"customer_returns":0,"warehouse_damage":0,"lost_in_post":0,"other_logs":0,"out_stock_days":0,"lost_sales":0,"has_location":null,"update_date":"2026-04-13T00:15:24","atum_locations":[],"atum_stock_status":"instock","restock_status":false,"low_stock_amount":"","sales_update_date":"2026-04-13T00:15:24","calc_backorders":null,"yoast_head":"<!-- This site is optimized with the Yoast SEO Premium plugin v26.6 (Yoast SEO v27.3) - https:\/\/yoast.com\/product\/yoast-seo-premium-wordpress\/ -->\n<title>Sn\u00farufestingar me\u00f0 segul (6 stk \u00ed pakka)<\/title>\n<meta name=\"description\" content=\"St\u00edlhreinar &amp; endingarg\u00f3\u00f0ar sn\u00farufestingar me\u00f0 segul sem h\u00e6gt er a\u00f0 nota aftur &amp; aftur. Fr\u00e1b\u00e6r lausn til a\u00f0 koma skipulagi \u00e1 sn\u00farurnar heima og \u00ed vinnunni\" \/>\n<meta name=\"robots\" content=\"index, follow, max-snippet:-1, max-image-preview:large, max-video-preview:-1\" \/>\n<link rel=\"canonical\" href=\"https:\/\/vorulagerinn.is\/product\/jr-zs422\/\" \/>\n<meta property=\"og:locale\" content=\"en_US\" \/>\n<meta property=\"og:type\" content=\"article\" \/>\n<meta property=\"og:title\" content=\"Sn\u00farufestingar me\u00f0 segul (6 stk \u00ed pakka)\" \/>\n<meta property=\"og:description\" content=\"St\u00edlhreinar &amp; endingarg\u00f3\u00f0ar sn\u00farufestingar me\u00f0 segul sem h\u00e6gt er a\u00f0 nota aftur &amp; aftur. Fr\u00e1b\u00e6r lausn til a\u00f0 koma skipulagi \u00e1 sn\u00farurnar heima og \u00ed vinnunni\" \/>\n<meta property=\"og:url\" content=\"https:\/\/vorulagerinn.is\/product\/jr-zs422\/\" \/>\n<meta property=\"og:site_name\" content=\"V&ouml;rulagerinn\" \/>\n<meta property=\"article:publisher\" content=\"https:\/\/www.facebook.com\/vorulagerinn\" \/>\n<meta property=\"article:modified_time\" content=\"2026-02-11T14:41:08+00:00\" \/>\n<meta property=\"og:image\" content=\"https:\/\/vorulagerinn.is\/wp-content\/uploads\/2025\/10\/JR-ZS422_.jpg\" \/>\n\t<meta property=\"og:image:width\" content=\"600\" \/>\n\t<meta property=\"og:image:height\" content=\"600\" \/>\n\t<meta property=\"og:image:type\" content=\"image\/jpeg\" \/>\n<meta name=\"twitter:card\" content=\"summary_large_image\" \/>\n<meta name=\"twitter:label1\" content=\"Availability\" \/>\n\t<meta name=\"twitter:data1\" content=\"In stock\" \/>\n<script type=\"application\/ld+json\" class=\"yoast-schema-graph\">{\"@context\":\"https:\\\/\\\/schema.org\",\"@graph\":[{\"@type\":\"WebPage\",\"@id\":\"https:\\\/\\\/vorulagerinn.is\\\/product\\\/jr-zs422\\\/\",\"url\":\"https:\\\/\\\/vorulagerinn.is\\\/product\\\/jr-zs422\\\/\",\"name\":\"Sn\u00farufestingar me\u00f0 segul (6 stk \u00ed pakka)\",\"isPartOf\":{\"@id\":\"https:\\\/\\\/vorulagerinn.is\\\/#website\"},\"primaryImageOfPage\":{\"@id\":\"https:\\\/\\\/vorulagerinn.is\\\/product\\\/jr-zs422\\\/#primaryimage\"},\"image\":{\"@id\":\"https:\\\/\\\/vorulagerinn.is\\\/product\\\/jr-zs422\\\/#primaryimage\"},\"thumbnailUrl\":\"https:\\\/\\\/vorulagerinn.is\\\/wp-content\\\/uploads\\\/2025\\\/10\\\/JR-ZS422_.jpg\",\"datePublished\":\"2025-07-24T07:55:30+00:00\",\"dateModified\":\"2026-02-11T14:41:08+00:00\",\"description\":\"St\u00edlhreinar & endingarg\u00f3\u00f0ar sn\u00farufestingar me\u00f0 segul sem h\u00e6gt er a\u00f0 nota aftur & aftur. Fr\u00e1b\u00e6r lausn til a\u00f0 koma skipulagi \u00e1 sn\u00farurnar heima og \u00ed vinnunni\",\"breadcrumb\":{\"@id\":\"https:\\\/\\\/vorulagerinn.is\\\/product\\\/jr-zs422\\\/#breadcrumb\"},\"inLanguage\":\"en-US\",\"potentialAction\":[{\"@type\":\"ReadAction\",\"target\":[\"https:\\\/\\\/vorulagerinn.is\\\/product\\\/jr-zs422\\\/\"]}]},{\"@type\":\"ImageObject\",\"inLanguage\":\"en-US\",\"@id\":\"https:\\\/\\\/vorulagerinn.is\\\/product\\\/jr-zs422\\\/#primaryimage\",\"url\":\"https:\\\/\\\/vorulagerinn.is\\\/wp-content\\\/uploads\\\/2025\\\/10\\\/JR-ZS422_.jpg\",\"contentUrl\":\"https:\\\/\\\/vorulagerinn.is\\\/wp-content\\\/uploads\\\/2025\\\/10\\\/JR-ZS422_.jpg\",\"width\":600,\"height\":600},{\"@type\":\"BreadcrumbList\",\"@id\":\"https:\\\/\\\/vorulagerinn.is\\\/product\\\/jr-zs422\\\/#breadcrumb\",\"itemListElement\":[{\"@type\":\"ListItem\",\"position\":1,\"name\":\"Home\",\"item\":\"https:\\\/\\\/vorulagerinn.is\\\/\"},{\"@type\":\"ListItem\",\"position\":2,\"name\":\"Shop\",\"item\":\"https:\\\/\\\/vorulagerinn.is\\\/en\\\/shop\\\/\"},{\"@type\":\"ListItem\",\"position\":3,\"name\":\"Sn\u00farufestingar me\u00f0 segul (6 stk \u00ed pakka)\"}]},{\"@type\":\"WebSite\",\"@id\":\"https:\\\/\\\/vorulagerinn.is\\\/#website\",\"url\":\"https:\\\/\\\/vorulagerinn.is\\\/\",\"name\":\"V\u00f6rulagerinn\",\"description\":\"L\u00e1ttu \u00fea\u00f0 eftir \u00fe\u00e9r\",\"publisher\":{\"@id\":\"https:\\\/\\\/vorulagerinn.is\\\/#organization\"},\"potentialAction\":[{\"@type\":\"SearchAction\",\"target\":{\"@type\":\"EntryPoint\",\"urlTemplate\":\"https:\\\/\\\/vorulagerinn.is\\\/?s={search_term_string}\"},\"query-input\":{\"@type\":\"PropertyValueSpecification\",\"valueRequired\":true,\"valueName\":\"search_term_string\"}}],\"inLanguage\":\"en-US\"},{\"@type\":\"Organization\",\"@id\":\"https:\\\/\\\/vorulagerinn.is\\\/#organization\",\"name\":\"V\u00f6rulagerinn\",\"url\":\"https:\\\/\\\/vorulagerinn.is\\\/\",\"logo\":{\"@type\":\"ImageObject\",\"inLanguage\":\"en-US\",\"@id\":\"https:\\\/\\\/vorulagerinn.is\\\/#\\\/schema\\\/logo\\\/image\\\/\",\"url\":\"https:\\\/\\\/vorulagerinn.is\\\/wp-content\\\/uploads\\\/2022\\\/09\\\/Vorulagerinn-Logo-588x160-1.png\",\"contentUrl\":\"https:\\\/\\\/vorulagerinn.is\\\/wp-content\\\/uploads\\\/2022\\\/09\\\/Vorulagerinn-Logo-588x160-1.png\",\"width\":588,\"height\":160,\"caption\":\"V\u00f6rulagerinn\"},\"image\":{\"@id\":\"https:\\\/\\\/vorulagerinn.is\\\/#\\\/schema\\\/logo\\\/image\\\/\"},\"sameAs\":[\"https:\\\/\\\/www.facebook.com\\\/vorulagerinn\",\"https:\\\/\\\/www.instagram.com\\\/vorulagerinn\\\/\"]}]}<\/script>\n<meta property=\"og:availability\" content=\"instock\" \/>\n<meta property=\"product:availability\" content=\"instock\" \/>\n<meta property=\"product:retailer_item_id\" content=\"JR-ZS422\" \/>\n<meta property=\"product:condition\" content=\"new\" \/>\n<!-- \/ Yoast SEO Premium plugin. -->","yoast_head_json":{"title":"Sn\u00farufestingar me\u00f0 segul (6 stk \u00ed pakka)","description":"St\u00edlhreinar & endingarg\u00f3\u00f0ar sn\u00farufestingar me\u00f0 segul sem h\u00e6gt er a\u00f0 nota aftur & aftur. Fr\u00e1b\u00e6r lausn til a\u00f0 koma skipulagi \u00e1 sn\u00farurnar heima og \u00ed vinnunni","robots":{"index":"index","follow":"follow","max-snippet":"max-snippet:-1","max-image-preview":"max-image-preview:large","max-video-preview":"max-video-preview:-1"},"canonical":"https:\/\/vorulagerinn.is\/product\/jr-zs422\/","og_locale":"en_US","og_type":"article","og_title":"Sn\u00farufestingar me\u00f0 segul (6 stk \u00ed pakka)","og_description":"St\u00edlhreinar & endingarg\u00f3\u00f0ar sn\u00farufestingar me\u00f0 segul sem h\u00e6gt er a\u00f0 nota aftur & aftur. Fr\u00e1b\u00e6r lausn til a\u00f0 koma skipulagi \u00e1 sn\u00farurnar heima og \u00ed vinnunni","og_url":"https:\/\/vorulagerinn.is\/product\/jr-zs422\/","og_site_name":"V&ouml;rulagerinn","article_publisher":"https:\/\/www.facebook.com\/vorulagerinn","article_modified_time":"2026-02-11T14:41:08+00:00","og_image":[{"width":600,"height":600,"url":"https:\/\/vorulagerinn.is\/wp-content\/uploads\/2025\/10\/JR-ZS422_.jpg","type":"image\/jpeg"}],"twitter_card":"summary_large_image","twitter_misc":{"Availability":"In stock"},"schema":{"@context":"https:\/\/schema.org","@graph":[{"@type":"WebPage","@id":"https:\/\/vorulagerinn.is\/product\/jr-zs422\/","url":"https:\/\/vorulagerinn.is\/product\/jr-zs422\/","name":"Sn\u00farufestingar me\u00f0 segul (6 stk \u00ed pakka)","isPartOf":{"@id":"https:\/\/vorulagerinn.is\/#website"},"primaryImageOfPage":{"@id":"https:\/\/vorulagerinn.is\/product\/jr-zs422\/#primaryimage"},"image":{"@id":"https:\/\/vorulagerinn.is\/product\/jr-zs422\/#primaryimage"},"thumbnailUrl":"https:\/\/vorulagerinn.is\/wp-content\/uploads\/2025\/10\/JR-ZS422_.jpg","datePublished":"2025-07-24T07:55:30+00:00","dateModified":"2026-02-11T14:41:08+00:00","description":"St\u00edlhreinar & endingarg\u00f3\u00f0ar sn\u00farufestingar me\u00f0 segul sem h\u00e6gt er a\u00f0 nota aftur & aftur. Fr\u00e1b\u00e6r lausn til a\u00f0 koma skipulagi \u00e1 sn\u00farurnar heima og \u00ed vinnunni","breadcrumb":{"@id":"https:\/\/vorulagerinn.is\/product\/jr-zs422\/#breadcrumb"},"inLanguage":"en-US","potentialAction":[{"@type":"ReadAction","target":["https:\/\/vorulagerinn.is\/product\/jr-zs422\/"]}]},{"@type":"ImageObject","inLanguage":"en-US","@id":"https:\/\/vorulagerinn.is\/product\/jr-zs422\/#primaryimage","url":"https:\/\/vorulagerinn.is\/wp-content\/uploads\/2025\/10\/JR-ZS422_.jpg","contentUrl":"https:\/\/vorulagerinn.is\/wp-content\/uploads\/2025\/10\/JR-ZS422_.jpg","width":600,"height":600},{"@type":"BreadcrumbList","@id":"https:\/\/vorulagerinn.is\/product\/jr-zs422\/#breadcrumb","itemListElement":[{"@type":"ListItem","position":1,"name":"Home","item":"https:\/\/vorulagerinn.is\/"},{"@type":"ListItem","position":2,"name":"Shop","item":"https:\/\/vorulagerinn.is\/en\/shop\/"},{"@type":"ListItem","position":3,"name":"Sn\u00farufestingar me\u00f0 segul (6 stk \u00ed pakka)"}]},{"@type":"WebSite","@id":"https:\/\/vorulagerinn.is\/#website","url":"https:\/\/vorulagerinn.is\/","name":"V\u00f6rulagerinn","description":"L\u00e1ttu \u00fea\u00f0 eftir \u00fe\u00e9r","publisher":{"@id":"https:\/\/vorulagerinn.is\/#organization"},"potentialAction":[{"@type":"SearchAction","target":{"@type":"EntryPoint","urlTemplate":"https:\/\/vorulagerinn.is\/?s={search_term_string}"},"query-input":{"@type":"PropertyValueSpecification","valueRequired":true,"valueName":"search_term_string"}}],"inLanguage":"en-US"},{"@type":"Organization","@id":"https:\/\/vorulagerinn.is\/#organization","name":"V\u00f6rulagerinn","url":"https:\/\/vorulagerinn.is\/","logo":{"@type":"ImageObject","inLanguage":"en-US","@id":"https:\/\/vorulagerinn.is\/#\/schema\/logo\/image\/","url":"https:\/\/vorulagerinn.is\/wp-content\/uploads\/2022\/09\/Vorulagerinn-Logo-588x160-1.png","contentUrl":"https:\/\/vorulagerinn.is\/wp-content\/uploads\/2022\/09\/Vorulagerinn-Logo-588x160-1.png","width":588,"height":160,"caption":"V\u00f6rulagerinn"},"image":{"@id":"https:\/\/vorulagerinn.is\/#\/schema\/logo\/image\/"},"sameAs":["https:\/\/www.facebook.com\/vorulagerinn","https:\/\/www.instagram.com\/vorulagerinn\/"]}]},"og_availability":"instock","product_availability":"instock","product_retailer_item_id":"JR-ZS422","product_condition":"new"},"_links":{"self":[{"href":"https:\/\/vorulagerinn.is\/en\/wp-json\/wp\/v2\/product\/29406","targetHints":{"allow":["GET"]}}],"collection":[{"href":"https:\/\/vorulagerinn.is\/en\/wp-json\/wp\/v2\/product"}],"about":[{"href":"https:\/\/vorulagerinn.is\/en\/wp-json\/wp\/v2\/types\/product"}],"wp:featuredmedia":[{"embeddable":true,"href":"https:\/\/vorulagerinn.is\/en\/wp-json\/wp\/v2\/media\/29398"}],"wp:attachment":[{"href":"https:\/\/vorulagerinn.is\/en\/wp-json\/wp\/v2\/media?parent=29406"}],"wp:term":[{"taxonomy":"product_brand","embeddable":true,"href":"https:\/\/vorulagerinn.is\/en\/wp-json\/wp\/v2\/product_brand?post=29406"},{"taxonomy":"product_cat","embeddable":true,"href":"https:\/\/vorulagerinn.is\/en\/wp-json\/wp\/v2\/product_cat?post=29406"},{"taxonomy":"product_tag","embeddable":true,"href":"https:\/\/vorulagerinn.is\/en\/wp-json\/wp\/v2\/product_tag?post=29406"}],"curies":[{"name":"wp","href":"https:\/\/api.w.org\/{rel}","templated":true}]}}