{"id":29443,"date":"2025-07-22T17:05:09","date_gmt":"2025-07-22T17:05:09","guid":{"rendered":"https:\/\/vorulagerinn.is\/product\/jr-zs288-bike\/"},"modified":"2025-12-29T20:03:56","modified_gmt":"2025-12-29T20:03:56","slug":"jr-zs288-bike","status":"publish","type":"product","link":"https:\/\/vorulagerinn.is\/en\/product\/jr-zs288-bike\/","title":{"rendered":"\u00d6flugur 360 gr\u00e1\u00f0u s\u00edmahaldari fyrir rei\u00f0hj\u00f3l"},"content":{"rendered":"<div style=\"width: 960px;\" class=\"wp-video\"><video class=\"wp-video-shortcode\" id=\"video-29443-1\" width=\"960\" height=\"540\" preload=\"metadata\" controls=\"controls\"><source type=\"video\/mp4\" src=\"https:\/\/fodurlandid.is\/wp-content\/uploads\/2025\/07\/jr-zs288-bike.mp4?_=1\" \/><a href=\"https:\/\/fodurlandid.is\/wp-content\/uploads\/2025\/07\/jr-zs288-bike.mp4\">https:\/\/fodurlandid.is\/wp-content\/uploads\/2025\/07\/jr-zs288-bike.mp4<\/a><\/video><\/div>\n","protected":false},"excerpt":{"rendered":"<p>St\u00f6\u00f0ugur og sterkur s\u00edmahaldari fyrir rei\u00f0hj\u00f3l. S\u00edminn getur veri\u00f0 \u00ed l\u00e1gr\u00e9ttri e\u00f0a l\u00f3\u00f0r\u00e9ttri st\u00f6\u00f0u og \u00fea\u00f0 er h\u00e6gt a\u00f0 sn\u00faa \u00ed hring. Festingin \u00feolir meira og hentar flestum st\u00e6r\u00f0um s\u00edma (4,7 \u2013 7\u2033). \u00dea\u00f0 er h\u00e6gt a\u00f0 festa haldarann \u00e1 rei\u00f0hj\u00f3l, hlaupahj\u00f3l, rafskutlur og barnavagna.<\/p>\n<p>\u2013 Sj\u00e1 myndband af v\u00f6ru ne\u00f0ar \u00e1 vefs\u00ed\u00f0u<br \/>\n\u2013 Litur: Svartur<br \/>\n\u2013 St\u00e6r\u00f0: 7,9 x 3,5 x 3,5 cm<br \/>\n\u2013 \u00deyngd: 141,5g<br \/>\n\u2013 Efni: ABS,PC<br \/>\n\u2013 Fars\u00edmast\u00e6r\u00f0: 4,7-7\u2033 (11,8-18 cm)<br \/>\n\u2013 Vottun: ROHS<\/p>\n","protected":false},"featured_media":29437,"template":"","meta":[],"product_brand":[420],"product_cat":[449],"product_tag":[],"class_list":{"0":"post-29443","1":"product","2":"type-product","3":"status-publish","4":"has-post-thumbnail","6":"product_brand-joyroom","7":"product_cat-festingar-og-standar","9":"first","10":"instock","11":"sale","12":"taxable","13":"shipping-taxable","14":"purchasable","15":"product-type-simple"},"supplier_id":null,"supplier_sku":"","barcode":null,"atum_controlled":true,"out_stock_date":null,"out_stock_threshold":null,"inheritable":false,"inbound_stock":0,"stock_on_hold":0,"sold_today":0,"sales_last_days":0,"reserved_stock":0,"customer_returns":0,"warehouse_damage":0,"lost_in_post":0,"other_logs":0,"out_stock_days":0,"lost_sales":0,"has_location":false,"update_date":"2026-04-17T00:20:39","atum_locations":[],"atum_stock_status":"instock","restock_status":false,"low_stock_amount":"","sales_update_date":"2026-04-17T00:20:39","calc_backorders":null,"yoast_head":"<!-- This site is optimized with the Yoast SEO Premium plugin v26.6 (Yoast SEO v27.3) - https:\/\/yoast.com\/product\/yoast-seo-premium-wordpress\/ -->\n<title>\u00d6flugur 360 gr\u00e1\u00f0u s\u00edmahaldari f. rei\u00f0hj\u00f3l, hlaupahj\u00f3l &amp; barnavagna<\/title>\n<meta name=\"description\" content=\"St\u00f6\u00f0ugur &amp; sterkur s\u00edmahaldari fyrir rei\u00f0hj\u00f3l. S\u00edminn getur veri\u00f0 \u00ed l\u00e1gr\u00e9ttri e\u00f0a l\u00f3\u00f0r\u00e9ttri st\u00f6\u00f0u &amp; h\u00e6gt a\u00f0 sn\u00faa \u00ed hring. Hentar rei\u00f0hj\u00f3lum, hlaupahj\u00f3lum &amp; barnav\u00f6gnum\" \/>\n<meta name=\"robots\" content=\"index, follow, max-snippet:-1, max-image-preview:large, max-video-preview:-1\" \/>\n<link rel=\"canonical\" href=\"https:\/\/vorulagerinn.is\/product\/jr-zs288-bike\/\" \/>\n<meta property=\"og:locale\" content=\"en_US\" \/>\n<meta property=\"og:type\" content=\"article\" \/>\n<meta property=\"og:title\" content=\"\u00d6flugur 360 gr\u00e1\u00f0u s\u00edmahaldari fyrir rei\u00f0hj\u00f3l\" \/>\n<meta property=\"og:description\" content=\"St\u00f6\u00f0ugur &amp; sterkur s\u00edmahaldari fyrir rei\u00f0hj\u00f3l. S\u00edminn getur veri\u00f0 \u00ed l\u00e1gr\u00e9ttri e\u00f0a l\u00f3\u00f0r\u00e9ttri st\u00f6\u00f0u &amp; h\u00e6gt a\u00f0 sn\u00faa \u00ed hring. Hentar rei\u00f0hj\u00f3lum, hlaupahj\u00f3lum &amp; barnav\u00f6gnum\" \/>\n<meta property=\"og:url\" content=\"https:\/\/vorulagerinn.is\/product\/jr-zs288-bike\/\" \/>\n<meta property=\"og:site_name\" content=\"V&ouml;rulagerinn\" \/>\n<meta property=\"article:publisher\" content=\"https:\/\/www.facebook.com\/vorulagerinn\" \/>\n<meta property=\"article:modified_time\" content=\"2025-12-29T20:03:56+00:00\" \/>\n<meta property=\"og:image\" content=\"https:\/\/vorulagerinn.is\/wp-content\/uploads\/2025\/10\/R-ZS288-BIKE.jpg\" \/>\n\t<meta property=\"og:image:width\" content=\"600\" \/>\n\t<meta property=\"og:image:height\" content=\"600\" \/>\n\t<meta property=\"og:image:type\" content=\"image\/jpeg\" \/>\n<meta name=\"twitter:card\" content=\"summary_large_image\" \/>\n<meta name=\"twitter:label1\" content=\"Price\" \/>\n\t<meta name=\"twitter:data1\" content=\"5.130&nbsp;kr.\" \/>\n\t<meta name=\"twitter:label2\" content=\"Availability\" \/>\n\t<meta name=\"twitter:data2\" content=\"In stock\" \/>\n<script type=\"application\/ld+json\" class=\"yoast-schema-graph\">{\"@context\":\"https:\\\/\\\/schema.org\",\"@graph\":[{\"@type\":\"WebPage\",\"@id\":\"https:\\\/\\\/vorulagerinn.is\\\/product\\\/jr-zs288-bike\\\/\",\"url\":\"https:\\\/\\\/vorulagerinn.is\\\/product\\\/jr-zs288-bike\\\/\",\"name\":\"\u00d6flugur 360 gr\u00e1\u00f0u s\u00edmahaldari f. rei\u00f0hj\u00f3l, hlaupahj\u00f3l & barnavagna\",\"isPartOf\":{\"@id\":\"https:\\\/\\\/vorulagerinn.is\\\/#website\"},\"primaryImageOfPage\":{\"@id\":\"https:\\\/\\\/vorulagerinn.is\\\/product\\\/jr-zs288-bike\\\/#primaryimage\"},\"image\":{\"@id\":\"https:\\\/\\\/vorulagerinn.is\\\/product\\\/jr-zs288-bike\\\/#primaryimage\"},\"thumbnailUrl\":\"https:\\\/\\\/vorulagerinn.is\\\/wp-content\\\/uploads\\\/2025\\\/10\\\/R-ZS288-BIKE.jpg\",\"datePublished\":\"2025-07-22T17:05:09+00:00\",\"dateModified\":\"2025-12-29T20:03:56+00:00\",\"description\":\"St\u00f6\u00f0ugur & sterkur s\u00edmahaldari fyrir rei\u00f0hj\u00f3l. S\u00edminn getur veri\u00f0 \u00ed l\u00e1gr\u00e9ttri e\u00f0a l\u00f3\u00f0r\u00e9ttri st\u00f6\u00f0u & h\u00e6gt a\u00f0 sn\u00faa \u00ed hring. Hentar rei\u00f0hj\u00f3lum, hlaupahj\u00f3lum & barnav\u00f6gnum\",\"breadcrumb\":{\"@id\":\"https:\\\/\\\/vorulagerinn.is\\\/product\\\/jr-zs288-bike\\\/#breadcrumb\"},\"inLanguage\":\"en-US\",\"potentialAction\":[{\"@type\":\"ReadAction\",\"target\":[\"https:\\\/\\\/vorulagerinn.is\\\/product\\\/jr-zs288-bike\\\/\"]}]},{\"@type\":\"ImageObject\",\"inLanguage\":\"en-US\",\"@id\":\"https:\\\/\\\/vorulagerinn.is\\\/product\\\/jr-zs288-bike\\\/#primaryimage\",\"url\":\"https:\\\/\\\/vorulagerinn.is\\\/wp-content\\\/uploads\\\/2025\\\/10\\\/R-ZS288-BIKE.jpg\",\"contentUrl\":\"https:\\\/\\\/vorulagerinn.is\\\/wp-content\\\/uploads\\\/2025\\\/10\\\/R-ZS288-BIKE.jpg\",\"width\":600,\"height\":600},{\"@type\":\"BreadcrumbList\",\"@id\":\"https:\\\/\\\/vorulagerinn.is\\\/product\\\/jr-zs288-bike\\\/#breadcrumb\",\"itemListElement\":[{\"@type\":\"ListItem\",\"position\":1,\"name\":\"Home\",\"item\":\"https:\\\/\\\/vorulagerinn.is\\\/\"},{\"@type\":\"ListItem\",\"position\":2,\"name\":\"Shop\",\"item\":\"https:\\\/\\\/vorulagerinn.is\\\/en\\\/shop\\\/\"},{\"@type\":\"ListItem\",\"position\":3,\"name\":\"\u00d6flugur 360 gr\u00e1\u00f0u s\u00edmahaldari fyrir rei\u00f0hj\u00f3l\"}]},{\"@type\":\"WebSite\",\"@id\":\"https:\\\/\\\/vorulagerinn.is\\\/#website\",\"url\":\"https:\\\/\\\/vorulagerinn.is\\\/\",\"name\":\"V\u00f6rulagerinn\",\"description\":\"L\u00e1ttu \u00fea\u00f0 eftir \u00fe\u00e9r\",\"publisher\":{\"@id\":\"https:\\\/\\\/vorulagerinn.is\\\/#organization\"},\"potentialAction\":[{\"@type\":\"SearchAction\",\"target\":{\"@type\":\"EntryPoint\",\"urlTemplate\":\"https:\\\/\\\/vorulagerinn.is\\\/?s={search_term_string}\"},\"query-input\":{\"@type\":\"PropertyValueSpecification\",\"valueRequired\":true,\"valueName\":\"search_term_string\"}}],\"inLanguage\":\"en-US\"},{\"@type\":\"Organization\",\"@id\":\"https:\\\/\\\/vorulagerinn.is\\\/#organization\",\"name\":\"V\u00f6rulagerinn\",\"url\":\"https:\\\/\\\/vorulagerinn.is\\\/\",\"logo\":{\"@type\":\"ImageObject\",\"inLanguage\":\"en-US\",\"@id\":\"https:\\\/\\\/vorulagerinn.is\\\/#\\\/schema\\\/logo\\\/image\\\/\",\"url\":\"https:\\\/\\\/vorulagerinn.is\\\/wp-content\\\/uploads\\\/2022\\\/09\\\/Vorulagerinn-Logo-588x160-1.png\",\"contentUrl\":\"https:\\\/\\\/vorulagerinn.is\\\/wp-content\\\/uploads\\\/2022\\\/09\\\/Vorulagerinn-Logo-588x160-1.png\",\"width\":588,\"height\":160,\"caption\":\"V\u00f6rulagerinn\"},\"image\":{\"@id\":\"https:\\\/\\\/vorulagerinn.is\\\/#\\\/schema\\\/logo\\\/image\\\/\"},\"sameAs\":[\"https:\\\/\\\/www.facebook.com\\\/vorulagerinn\",\"https:\\\/\\\/www.instagram.com\\\/vorulagerinn\\\/\"]}]}<\/script>\n<meta property=\"product:price:amount\" content=\"5130\" \/>\n<meta property=\"product:price:currency\" content=\"ISK\" \/>\n<meta property=\"og:availability\" content=\"instock\" \/>\n<meta property=\"product:availability\" content=\"instock\" \/>\n<meta property=\"product:retailer_item_id\" content=\"JR-ZS288-BIKE\" \/>\n<meta property=\"product:condition\" content=\"new\" \/>\n<!-- \/ Yoast SEO Premium plugin. -->","yoast_head_json":{"title":"\u00d6flugur 360 gr\u00e1\u00f0u s\u00edmahaldari f. rei\u00f0hj\u00f3l, hlaupahj\u00f3l & barnavagna","description":"St\u00f6\u00f0ugur & sterkur s\u00edmahaldari fyrir rei\u00f0hj\u00f3l. S\u00edminn getur veri\u00f0 \u00ed l\u00e1gr\u00e9ttri e\u00f0a l\u00f3\u00f0r\u00e9ttri st\u00f6\u00f0u & h\u00e6gt a\u00f0 sn\u00faa \u00ed hring. Hentar rei\u00f0hj\u00f3lum, hlaupahj\u00f3lum & barnav\u00f6gnum","robots":{"index":"index","follow":"follow","max-snippet":"max-snippet:-1","max-image-preview":"max-image-preview:large","max-video-preview":"max-video-preview:-1"},"canonical":"https:\/\/vorulagerinn.is\/product\/jr-zs288-bike\/","og_locale":"en_US","og_type":"article","og_title":"\u00d6flugur 360 gr\u00e1\u00f0u s\u00edmahaldari fyrir rei\u00f0hj\u00f3l","og_description":"St\u00f6\u00f0ugur & sterkur s\u00edmahaldari fyrir rei\u00f0hj\u00f3l. S\u00edminn getur veri\u00f0 \u00ed l\u00e1gr\u00e9ttri e\u00f0a l\u00f3\u00f0r\u00e9ttri st\u00f6\u00f0u & h\u00e6gt a\u00f0 sn\u00faa \u00ed hring. Hentar rei\u00f0hj\u00f3lum, hlaupahj\u00f3lum & barnav\u00f6gnum","og_url":"https:\/\/vorulagerinn.is\/product\/jr-zs288-bike\/","og_site_name":"V&ouml;rulagerinn","article_publisher":"https:\/\/www.facebook.com\/vorulagerinn","article_modified_time":"2025-12-29T20:03:56+00:00","og_image":[{"width":600,"height":600,"url":"https:\/\/vorulagerinn.is\/wp-content\/uploads\/2025\/10\/R-ZS288-BIKE.jpg","type":"image\/jpeg"}],"twitter_card":"summary_large_image","twitter_misc":{"Price":"5.130&nbsp;kr.","Availability":"In stock"},"schema":{"@context":"https:\/\/schema.org","@graph":[{"@type":"WebPage","@id":"https:\/\/vorulagerinn.is\/product\/jr-zs288-bike\/","url":"https:\/\/vorulagerinn.is\/product\/jr-zs288-bike\/","name":"\u00d6flugur 360 gr\u00e1\u00f0u s\u00edmahaldari f. rei\u00f0hj\u00f3l, hlaupahj\u00f3l & barnavagna","isPartOf":{"@id":"https:\/\/vorulagerinn.is\/#website"},"primaryImageOfPage":{"@id":"https:\/\/vorulagerinn.is\/product\/jr-zs288-bike\/#primaryimage"},"image":{"@id":"https:\/\/vorulagerinn.is\/product\/jr-zs288-bike\/#primaryimage"},"thumbnailUrl":"https:\/\/vorulagerinn.is\/wp-content\/uploads\/2025\/10\/R-ZS288-BIKE.jpg","datePublished":"2025-07-22T17:05:09+00:00","dateModified":"2025-12-29T20:03:56+00:00","description":"St\u00f6\u00f0ugur & sterkur s\u00edmahaldari fyrir rei\u00f0hj\u00f3l. S\u00edminn getur veri\u00f0 \u00ed l\u00e1gr\u00e9ttri e\u00f0a l\u00f3\u00f0r\u00e9ttri st\u00f6\u00f0u & h\u00e6gt a\u00f0 sn\u00faa \u00ed hring. Hentar rei\u00f0hj\u00f3lum, hlaupahj\u00f3lum & barnav\u00f6gnum","breadcrumb":{"@id":"https:\/\/vorulagerinn.is\/product\/jr-zs288-bike\/#breadcrumb"},"inLanguage":"en-US","potentialAction":[{"@type":"ReadAction","target":["https:\/\/vorulagerinn.is\/product\/jr-zs288-bike\/"]}]},{"@type":"ImageObject","inLanguage":"en-US","@id":"https:\/\/vorulagerinn.is\/product\/jr-zs288-bike\/#primaryimage","url":"https:\/\/vorulagerinn.is\/wp-content\/uploads\/2025\/10\/R-ZS288-BIKE.jpg","contentUrl":"https:\/\/vorulagerinn.is\/wp-content\/uploads\/2025\/10\/R-ZS288-BIKE.jpg","width":600,"height":600},{"@type":"BreadcrumbList","@id":"https:\/\/vorulagerinn.is\/product\/jr-zs288-bike\/#breadcrumb","itemListElement":[{"@type":"ListItem","position":1,"name":"Home","item":"https:\/\/vorulagerinn.is\/"},{"@type":"ListItem","position":2,"name":"Shop","item":"https:\/\/vorulagerinn.is\/en\/shop\/"},{"@type":"ListItem","position":3,"name":"\u00d6flugur 360 gr\u00e1\u00f0u s\u00edmahaldari fyrir rei\u00f0hj\u00f3l"}]},{"@type":"WebSite","@id":"https:\/\/vorulagerinn.is\/#website","url":"https:\/\/vorulagerinn.is\/","name":"V\u00f6rulagerinn","description":"L\u00e1ttu \u00fea\u00f0 eftir \u00fe\u00e9r","publisher":{"@id":"https:\/\/vorulagerinn.is\/#organization"},"potentialAction":[{"@type":"SearchAction","target":{"@type":"EntryPoint","urlTemplate":"https:\/\/vorulagerinn.is\/?s={search_term_string}"},"query-input":{"@type":"PropertyValueSpecification","valueRequired":true,"valueName":"search_term_string"}}],"inLanguage":"en-US"},{"@type":"Organization","@id":"https:\/\/vorulagerinn.is\/#organization","name":"V\u00f6rulagerinn","url":"https:\/\/vorulagerinn.is\/","logo":{"@type":"ImageObject","inLanguage":"en-US","@id":"https:\/\/vorulagerinn.is\/#\/schema\/logo\/image\/","url":"https:\/\/vorulagerinn.is\/wp-content\/uploads\/2022\/09\/Vorulagerinn-Logo-588x160-1.png","contentUrl":"https:\/\/vorulagerinn.is\/wp-content\/uploads\/2022\/09\/Vorulagerinn-Logo-588x160-1.png","width":588,"height":160,"caption":"V\u00f6rulagerinn"},"image":{"@id":"https:\/\/vorulagerinn.is\/#\/schema\/logo\/image\/"},"sameAs":["https:\/\/www.facebook.com\/vorulagerinn","https:\/\/www.instagram.com\/vorulagerinn\/"]}]},"product_price_amount":"5130","product_price_currency":"ISK","og_availability":"instock","product_availability":"instock","product_retailer_item_id":"JR-ZS288-BIKE","product_condition":"new"},"_links":{"self":[{"href":"https:\/\/vorulagerinn.is\/en\/wp-json\/wp\/v2\/product\/29443","targetHints":{"allow":["GET"]}}],"collection":[{"href":"https:\/\/vorulagerinn.is\/en\/wp-json\/wp\/v2\/product"}],"about":[{"href":"https:\/\/vorulagerinn.is\/en\/wp-json\/wp\/v2\/types\/product"}],"wp:featuredmedia":[{"embeddable":true,"href":"https:\/\/vorulagerinn.is\/en\/wp-json\/wp\/v2\/media\/29437"}],"wp:attachment":[{"href":"https:\/\/vorulagerinn.is\/en\/wp-json\/wp\/v2\/media?parent=29443"}],"wp:term":[{"taxonomy":"product_brand","embeddable":true,"href":"https:\/\/vorulagerinn.is\/en\/wp-json\/wp\/v2\/product_brand?post=29443"},{"taxonomy":"product_cat","embeddable":true,"href":"https:\/\/vorulagerinn.is\/en\/wp-json\/wp\/v2\/product_cat?post=29443"},{"taxonomy":"product_tag","embeddable":true,"href":"https:\/\/vorulagerinn.is\/en\/wp-json\/wp\/v2\/product_tag?post=29443"}],"curies":[{"name":"wp","href":"https:\/\/api.w.org\/{rel}","templated":true}]}}