{"id":29454,"date":"2025-08-31T17:44:14","date_gmt":"2025-08-31T17:44:14","guid":{"rendered":"https:\/\/vorulagerinn.is\/product\/jr-cb1\/"},"modified":"2026-02-15T18:43:01","modified_gmt":"2026-02-15T18:43:01","slug":"jr-cb1","status":"publish","type":"product","link":"https:\/\/vorulagerinn.is\/en\/product\/jr-cb1\/","title":{"rendered":"Fj\u00f6lnota \u00fer\u00e1\u00f0laus bluetooth 5.3 m\u00f3ttakari me\u00f0 hlj\u00f3\u00f0nema fyrir b\u00edlinn, snjallt\u00e6kin, headset og g\u00f6mlu gr\u00e6junar"},"content":{"rendered":"","protected":false},"excerpt":{"rendered":"<p>Fj\u00f6lnota \u00fer\u00e1\u00f0laus m\u00f3ttakari me\u00f0 hlj\u00f3\u00f0nema og 22 klst hlustun \u00e1 einni hle\u00f0slu. T\u00e6ki\u00f0 er me\u00f0 Bluetooth 5.3 tengingu sem gerir \u00fe\u00e9r kleift a\u00f0 tengja \u00fer\u00e1\u00f0laust vi\u00f0 g\u00f6mlu gj\u00e6juna, magnara, heyrnart\u00f3l, h\u00e1talara og margt fleira. \u00cd b\u00edlnum getur \u00fe\u00fa tengt fars\u00edmann vi\u00f0 t\u00e6ki\u00f0 og stj\u00f3rna\u00f0 t\u00f3nlistinni og tala\u00f0 \u00fer\u00e1\u00f0laust \u00ed s\u00edmann (svara, leggja \u00e1, h\u00e6kka og l\u00e6kka).<\/p>\n<p>&#8211; Litur: Silfur me\u00f0 sv\u00f6rtum hli\u00f0um<br \/>\n&#8211; St\u00e6r\u00f0: 5,14 x 3,5 x 1,34 cm<br \/>\n&#8211; \u00deyngd: 30g<br \/>\n&#8211; \u00der\u00e1\u00f0laust m\u00f3ttakari \u00ed jack 3.5mm<br \/>\n&#8211; Bluetooth 5.3<br \/>\n&#8211; Rafhla\u00f0a 300 mAh<br \/>\n&#8211; Hle\u00f0slutengi. USB-A \u00ed USB-C<br \/>\n&#8211; Lei\u00f0beiningar fylgja me\u00f0<br \/>\n&#8211; Vottun CE, ROHS og FCC<\/p>\n","protected":false},"featured_media":29452,"template":"","meta":[],"product_brand":[420],"product_cat":[396],"product_tag":[],"class_list":{"0":"post-29454","1":"product","2":"type-product","3":"status-publish","4":"has-post-thumbnail","6":"product_brand-joyroom","7":"product_cat-hledslutengi-i-bil","9":"first","10":"instock","11":"sale","12":"taxable","13":"shipping-taxable","14":"purchasable","15":"product-type-simple"},"supplier_id":null,"supplier_sku":"","barcode":null,"atum_controlled":true,"out_stock_date":null,"out_stock_threshold":null,"inheritable":false,"inbound_stock":0,"stock_on_hold":0,"sold_today":0,"sales_last_days":0,"reserved_stock":0,"customer_returns":0,"warehouse_damage":0,"lost_in_post":0,"other_logs":0,"out_stock_days":0,"lost_sales":0,"has_location":false,"update_date":"2026-04-13T00:15:31","atum_locations":[],"atum_stock_status":"instock","restock_status":false,"low_stock_amount":"","sales_update_date":"2026-04-13T00:15:31","calc_backorders":null,"yoast_head":"<!-- This site is optimized with the Yoast SEO Premium plugin v26.6 (Yoast SEO v27.3) - https:\/\/yoast.com\/product\/yoast-seo-premium-wordpress\/ -->\n<title>Fj\u00f6lnota \u00fer\u00e1\u00f0laus BT 5.3 m\u00f3ttakari me\u00f0 mic og 22 klst hlustun<\/title>\n<meta name=\"description\" content=\"T\u00e6ki\u00f0 er me\u00f0 BT 5.3 tengingu sem gerir \u00fe\u00e9r kleift a\u00f0 tengja fars\u00edmann \u00fer\u00e1\u00f0laust vi\u00f0 b\u00edlinn. \u00de\u00fa getur tala\u00f0 \u00ed s\u00edmann og\/e\u00f0a spila\u00f0 t\u00f3nlist \u00ed b\u00edlnum me\u00f0 gsm.\" \/>\n<meta name=\"robots\" content=\"index, follow, max-snippet:-1, max-image-preview:large, max-video-preview:-1\" \/>\n<link rel=\"canonical\" href=\"https:\/\/vorulagerinn.is\/product\/jr-cb1\/\" \/>\n<meta property=\"og:locale\" content=\"en_US\" \/>\n<meta property=\"og:type\" content=\"article\" \/>\n<meta property=\"og:title\" content=\"Fj\u00f6lnota \u00fer\u00e1\u00f0laus bluetooth 5.3 m\u00f3ttakari me\u00f0 hlj\u00f3\u00f0nema fyrir b\u00edlinn, snjallt\u00e6kin, headset og g\u00f6mlu gr\u00e6junar\" \/>\n<meta property=\"og:description\" content=\"T\u00e6ki\u00f0 er me\u00f0 BT 5.3 tengingu sem gerir \u00fe\u00e9r kleift a\u00f0 tengja fars\u00edmann \u00fer\u00e1\u00f0laust vi\u00f0 b\u00edlinn. \u00de\u00fa getur tala\u00f0 \u00ed s\u00edmann og\/e\u00f0a spila\u00f0 t\u00f3nlist \u00ed b\u00edlnum me\u00f0 gsm.\" \/>\n<meta property=\"og:url\" content=\"https:\/\/vorulagerinn.is\/product\/jr-cb1\/\" \/>\n<meta property=\"og:site_name\" content=\"V&ouml;rulagerinn\" \/>\n<meta property=\"article:publisher\" content=\"https:\/\/www.facebook.com\/vorulagerinn\" \/>\n<meta property=\"article:modified_time\" content=\"2026-02-15T18:43:01+00:00\" \/>\n<meta property=\"og:image\" content=\"https:\/\/vorulagerinn.is\/wp-content\/uploads\/2025\/10\/JR-CB1.jpg\" \/>\n\t<meta property=\"og:image:width\" content=\"600\" \/>\n\t<meta property=\"og:image:height\" content=\"600\" \/>\n\t<meta property=\"og:image:type\" content=\"image\/jpeg\" \/>\n<meta name=\"twitter:card\" content=\"summary_large_image\" \/>\n<meta name=\"twitter:label1\" content=\"Price\" \/>\n\t<meta name=\"twitter:data1\" content=\"3.760&nbsp;kr.\" \/>\n\t<meta name=\"twitter:label2\" content=\"Availability\" \/>\n\t<meta name=\"twitter:data2\" content=\"In stock\" \/>\n<script type=\"application\/ld+json\" class=\"yoast-schema-graph\">{\"@context\":\"https:\\\/\\\/schema.org\",\"@graph\":[{\"@type\":\"WebPage\",\"@id\":\"https:\\\/\\\/vorulagerinn.is\\\/product\\\/jr-cb1\\\/\",\"url\":\"https:\\\/\\\/vorulagerinn.is\\\/product\\\/jr-cb1\\\/\",\"name\":\"Fj\u00f6lnota \u00fer\u00e1\u00f0laus BT 5.3 m\u00f3ttakari me\u00f0 mic og 22 klst hlustun\",\"isPartOf\":{\"@id\":\"https:\\\/\\\/vorulagerinn.is\\\/#website\"},\"primaryImageOfPage\":{\"@id\":\"https:\\\/\\\/vorulagerinn.is\\\/product\\\/jr-cb1\\\/#primaryimage\"},\"image\":{\"@id\":\"https:\\\/\\\/vorulagerinn.is\\\/product\\\/jr-cb1\\\/#primaryimage\"},\"thumbnailUrl\":\"https:\\\/\\\/vorulagerinn.is\\\/wp-content\\\/uploads\\\/2025\\\/10\\\/JR-CB1.jpg\",\"datePublished\":\"2025-08-31T17:44:14+00:00\",\"dateModified\":\"2026-02-15T18:43:01+00:00\",\"description\":\"T\u00e6ki\u00f0 er me\u00f0 BT 5.3 tengingu sem gerir \u00fe\u00e9r kleift a\u00f0 tengja fars\u00edmann \u00fer\u00e1\u00f0laust vi\u00f0 b\u00edlinn. \u00de\u00fa getur tala\u00f0 \u00ed s\u00edmann og\\\/e\u00f0a spila\u00f0 t\u00f3nlist \u00ed b\u00edlnum me\u00f0 gsm.\",\"breadcrumb\":{\"@id\":\"https:\\\/\\\/vorulagerinn.is\\\/product\\\/jr-cb1\\\/#breadcrumb\"},\"inLanguage\":\"en-US\",\"potentialAction\":[{\"@type\":\"ReadAction\",\"target\":[\"https:\\\/\\\/vorulagerinn.is\\\/product\\\/jr-cb1\\\/\"]}]},{\"@type\":\"ImageObject\",\"inLanguage\":\"en-US\",\"@id\":\"https:\\\/\\\/vorulagerinn.is\\\/product\\\/jr-cb1\\\/#primaryimage\",\"url\":\"https:\\\/\\\/vorulagerinn.is\\\/wp-content\\\/uploads\\\/2025\\\/10\\\/JR-CB1.jpg\",\"contentUrl\":\"https:\\\/\\\/vorulagerinn.is\\\/wp-content\\\/uploads\\\/2025\\\/10\\\/JR-CB1.jpg\",\"width\":600,\"height\":600},{\"@type\":\"BreadcrumbList\",\"@id\":\"https:\\\/\\\/vorulagerinn.is\\\/product\\\/jr-cb1\\\/#breadcrumb\",\"itemListElement\":[{\"@type\":\"ListItem\",\"position\":1,\"name\":\"Home\",\"item\":\"https:\\\/\\\/vorulagerinn.is\\\/\"},{\"@type\":\"ListItem\",\"position\":2,\"name\":\"Shop\",\"item\":\"https:\\\/\\\/vorulagerinn.is\\\/en\\\/shop\\\/\"},{\"@type\":\"ListItem\",\"position\":3,\"name\":\"Fj\u00f6lnota \u00fer\u00e1\u00f0laus bluetooth 5.3 m\u00f3ttakari me\u00f0 hlj\u00f3\u00f0nema fyrir b\u00edlinn, snjallt\u00e6kin, headset og g\u00f6mlu gr\u00e6junar\"}]},{\"@type\":\"WebSite\",\"@id\":\"https:\\\/\\\/vorulagerinn.is\\\/#website\",\"url\":\"https:\\\/\\\/vorulagerinn.is\\\/\",\"name\":\"V\u00f6rulagerinn\",\"description\":\"L\u00e1ttu \u00fea\u00f0 eftir \u00fe\u00e9r\",\"publisher\":{\"@id\":\"https:\\\/\\\/vorulagerinn.is\\\/#organization\"},\"potentialAction\":[{\"@type\":\"SearchAction\",\"target\":{\"@type\":\"EntryPoint\",\"urlTemplate\":\"https:\\\/\\\/vorulagerinn.is\\\/?s={search_term_string}\"},\"query-input\":{\"@type\":\"PropertyValueSpecification\",\"valueRequired\":true,\"valueName\":\"search_term_string\"}}],\"inLanguage\":\"en-US\"},{\"@type\":\"Organization\",\"@id\":\"https:\\\/\\\/vorulagerinn.is\\\/#organization\",\"name\":\"V\u00f6rulagerinn\",\"url\":\"https:\\\/\\\/vorulagerinn.is\\\/\",\"logo\":{\"@type\":\"ImageObject\",\"inLanguage\":\"en-US\",\"@id\":\"https:\\\/\\\/vorulagerinn.is\\\/#\\\/schema\\\/logo\\\/image\\\/\",\"url\":\"https:\\\/\\\/vorulagerinn.is\\\/wp-content\\\/uploads\\\/2022\\\/09\\\/Vorulagerinn-Logo-588x160-1.png\",\"contentUrl\":\"https:\\\/\\\/vorulagerinn.is\\\/wp-content\\\/uploads\\\/2022\\\/09\\\/Vorulagerinn-Logo-588x160-1.png\",\"width\":588,\"height\":160,\"caption\":\"V\u00f6rulagerinn\"},\"image\":{\"@id\":\"https:\\\/\\\/vorulagerinn.is\\\/#\\\/schema\\\/logo\\\/image\\\/\"},\"sameAs\":[\"https:\\\/\\\/www.facebook.com\\\/vorulagerinn\",\"https:\\\/\\\/www.instagram.com\\\/vorulagerinn\\\/\"]}]}<\/script>\n<meta property=\"product:price:amount\" content=\"3760\" \/>\n<meta property=\"product:price:currency\" content=\"ISK\" \/>\n<meta property=\"og:availability\" content=\"instock\" \/>\n<meta property=\"product:availability\" content=\"instock\" \/>\n<meta property=\"product:retailer_item_id\" content=\"JR-CB1\" \/>\n<meta property=\"product:condition\" content=\"new\" \/>\n<!-- \/ Yoast SEO Premium plugin. -->","yoast_head_json":{"title":"Fj\u00f6lnota \u00fer\u00e1\u00f0laus BT 5.3 m\u00f3ttakari me\u00f0 mic og 22 klst hlustun","description":"T\u00e6ki\u00f0 er me\u00f0 BT 5.3 tengingu sem gerir \u00fe\u00e9r kleift a\u00f0 tengja fars\u00edmann \u00fer\u00e1\u00f0laust vi\u00f0 b\u00edlinn. \u00de\u00fa getur tala\u00f0 \u00ed s\u00edmann og\/e\u00f0a spila\u00f0 t\u00f3nlist \u00ed b\u00edlnum me\u00f0 gsm.","robots":{"index":"index","follow":"follow","max-snippet":"max-snippet:-1","max-image-preview":"max-image-preview:large","max-video-preview":"max-video-preview:-1"},"canonical":"https:\/\/vorulagerinn.is\/product\/jr-cb1\/","og_locale":"en_US","og_type":"article","og_title":"Fj\u00f6lnota \u00fer\u00e1\u00f0laus bluetooth 5.3 m\u00f3ttakari me\u00f0 hlj\u00f3\u00f0nema fyrir b\u00edlinn, snjallt\u00e6kin, headset og g\u00f6mlu gr\u00e6junar","og_description":"T\u00e6ki\u00f0 er me\u00f0 BT 5.3 tengingu sem gerir \u00fe\u00e9r kleift a\u00f0 tengja fars\u00edmann \u00fer\u00e1\u00f0laust vi\u00f0 b\u00edlinn. \u00de\u00fa getur tala\u00f0 \u00ed s\u00edmann og\/e\u00f0a spila\u00f0 t\u00f3nlist \u00ed b\u00edlnum me\u00f0 gsm.","og_url":"https:\/\/vorulagerinn.is\/product\/jr-cb1\/","og_site_name":"V&ouml;rulagerinn","article_publisher":"https:\/\/www.facebook.com\/vorulagerinn","article_modified_time":"2026-02-15T18:43:01+00:00","og_image":[{"width":600,"height":600,"url":"https:\/\/vorulagerinn.is\/wp-content\/uploads\/2025\/10\/JR-CB1.jpg","type":"image\/jpeg"}],"twitter_card":"summary_large_image","twitter_misc":{"Price":"3.760&nbsp;kr.","Availability":"In stock"},"schema":{"@context":"https:\/\/schema.org","@graph":[{"@type":"WebPage","@id":"https:\/\/vorulagerinn.is\/product\/jr-cb1\/","url":"https:\/\/vorulagerinn.is\/product\/jr-cb1\/","name":"Fj\u00f6lnota \u00fer\u00e1\u00f0laus BT 5.3 m\u00f3ttakari me\u00f0 mic og 22 klst hlustun","isPartOf":{"@id":"https:\/\/vorulagerinn.is\/#website"},"primaryImageOfPage":{"@id":"https:\/\/vorulagerinn.is\/product\/jr-cb1\/#primaryimage"},"image":{"@id":"https:\/\/vorulagerinn.is\/product\/jr-cb1\/#primaryimage"},"thumbnailUrl":"https:\/\/vorulagerinn.is\/wp-content\/uploads\/2025\/10\/JR-CB1.jpg","datePublished":"2025-08-31T17:44:14+00:00","dateModified":"2026-02-15T18:43:01+00:00","description":"T\u00e6ki\u00f0 er me\u00f0 BT 5.3 tengingu sem gerir \u00fe\u00e9r kleift a\u00f0 tengja fars\u00edmann \u00fer\u00e1\u00f0laust vi\u00f0 b\u00edlinn. \u00de\u00fa getur tala\u00f0 \u00ed s\u00edmann og\/e\u00f0a spila\u00f0 t\u00f3nlist \u00ed b\u00edlnum me\u00f0 gsm.","breadcrumb":{"@id":"https:\/\/vorulagerinn.is\/product\/jr-cb1\/#breadcrumb"},"inLanguage":"en-US","potentialAction":[{"@type":"ReadAction","target":["https:\/\/vorulagerinn.is\/product\/jr-cb1\/"]}]},{"@type":"ImageObject","inLanguage":"en-US","@id":"https:\/\/vorulagerinn.is\/product\/jr-cb1\/#primaryimage","url":"https:\/\/vorulagerinn.is\/wp-content\/uploads\/2025\/10\/JR-CB1.jpg","contentUrl":"https:\/\/vorulagerinn.is\/wp-content\/uploads\/2025\/10\/JR-CB1.jpg","width":600,"height":600},{"@type":"BreadcrumbList","@id":"https:\/\/vorulagerinn.is\/product\/jr-cb1\/#breadcrumb","itemListElement":[{"@type":"ListItem","position":1,"name":"Home","item":"https:\/\/vorulagerinn.is\/"},{"@type":"ListItem","position":2,"name":"Shop","item":"https:\/\/vorulagerinn.is\/en\/shop\/"},{"@type":"ListItem","position":3,"name":"Fj\u00f6lnota \u00fer\u00e1\u00f0laus bluetooth 5.3 m\u00f3ttakari me\u00f0 hlj\u00f3\u00f0nema fyrir b\u00edlinn, snjallt\u00e6kin, headset og g\u00f6mlu gr\u00e6junar"}]},{"@type":"WebSite","@id":"https:\/\/vorulagerinn.is\/#website","url":"https:\/\/vorulagerinn.is\/","name":"V\u00f6rulagerinn","description":"L\u00e1ttu \u00fea\u00f0 eftir \u00fe\u00e9r","publisher":{"@id":"https:\/\/vorulagerinn.is\/#organization"},"potentialAction":[{"@type":"SearchAction","target":{"@type":"EntryPoint","urlTemplate":"https:\/\/vorulagerinn.is\/?s={search_term_string}"},"query-input":{"@type":"PropertyValueSpecification","valueRequired":true,"valueName":"search_term_string"}}],"inLanguage":"en-US"},{"@type":"Organization","@id":"https:\/\/vorulagerinn.is\/#organization","name":"V\u00f6rulagerinn","url":"https:\/\/vorulagerinn.is\/","logo":{"@type":"ImageObject","inLanguage":"en-US","@id":"https:\/\/vorulagerinn.is\/#\/schema\/logo\/image\/","url":"https:\/\/vorulagerinn.is\/wp-content\/uploads\/2022\/09\/Vorulagerinn-Logo-588x160-1.png","contentUrl":"https:\/\/vorulagerinn.is\/wp-content\/uploads\/2022\/09\/Vorulagerinn-Logo-588x160-1.png","width":588,"height":160,"caption":"V\u00f6rulagerinn"},"image":{"@id":"https:\/\/vorulagerinn.is\/#\/schema\/logo\/image\/"},"sameAs":["https:\/\/www.facebook.com\/vorulagerinn","https:\/\/www.instagram.com\/vorulagerinn\/"]}]},"product_price_amount":"3760","product_price_currency":"ISK","og_availability":"instock","product_availability":"instock","product_retailer_item_id":"JR-CB1","product_condition":"new"},"_links":{"self":[{"href":"https:\/\/vorulagerinn.is\/en\/wp-json\/wp\/v2\/product\/29454","targetHints":{"allow":["GET"]}}],"collection":[{"href":"https:\/\/vorulagerinn.is\/en\/wp-json\/wp\/v2\/product"}],"about":[{"href":"https:\/\/vorulagerinn.is\/en\/wp-json\/wp\/v2\/types\/product"}],"wp:featuredmedia":[{"embeddable":true,"href":"https:\/\/vorulagerinn.is\/en\/wp-json\/wp\/v2\/media\/29452"}],"wp:attachment":[{"href":"https:\/\/vorulagerinn.is\/en\/wp-json\/wp\/v2\/media?parent=29454"}],"wp:term":[{"taxonomy":"product_brand","embeddable":true,"href":"https:\/\/vorulagerinn.is\/en\/wp-json\/wp\/v2\/product_brand?post=29454"},{"taxonomy":"product_cat","embeddable":true,"href":"https:\/\/vorulagerinn.is\/en\/wp-json\/wp\/v2\/product_cat?post=29454"},{"taxonomy":"product_tag","embeddable":true,"href":"https:\/\/vorulagerinn.is\/en\/wp-json\/wp\/v2\/product_tag?post=29454"}],"curies":[{"name":"wp","href":"https:\/\/api.w.org\/{rel}","templated":true}]}}