{"id":29504,"date":"2025-09-10T12:12:13","date_gmt":"2025-09-10T12:12:13","guid":{"rendered":"https:\/\/vorulagerinn.is\/product\/jr-zs356\/"},"modified":"2025-11-25T14:51:17","modified_gmt":"2025-11-25T14:51:17","slug":"jr-zs356","status":"publish","type":"product","link":"https:\/\/vorulagerinn.is\/en\/product\/jr-zs356\/","title":{"rendered":"S\u00edmahaldari me\u00f0 sogsk\u00e1l fest \u00e1 innr\u00e9ttingu e\u00f0a r\u00fa\u00f0u b\u00edlsins"},"content":{"rendered":"","protected":false},"excerpt":{"rendered":"<p>St\u00edlhreinn og sterkur s\u00edmahaldari sem heldur snjalls\u00edmanum st\u00f6\u00f0ugum \u00e1 akstri og gerir b\u00edlstj\u00f3ranum au\u00f0velt a\u00f0 svara \u00ed s\u00edmann og\/e\u00f0a nota GPS g\u00f6tukort. S\u00edmahaldarinn er festur me\u00f0 sogsk\u00e1l \u00e1 framr\u00fa\u00f0una e\u00f0a m\u00e6labor\u00f0i\u00f0 \u00ed b\u00edlnum. Au\u00f0velt a\u00f0 setja upp og taka aftur ni\u00f0ur. \u00dea\u00f0 er h\u00e6gt a\u00f0 sn\u00faa s\u00edmanum \u00ed 360 gr\u00e1\u00f0ur og 120 gr\u00e1\u00f0ur til hli\u00f0ar sem gerir \u00f6kumanni kleift a\u00f0 a\u00f0laga s\u00edmann a\u00f0 s\u00ednum \u00fe\u00f6rfum. Segulhringur til a\u00f0 festa aftan \u00e1 snjalls\u00edma e\u00f0a s\u00edmahulstur (valkv\u00e6tt) fylgir me\u00f0.<\/p>\n<p>\u2013 Litur: Svartur<br \/>\n\u2013 St\u00e6r\u00f0: 10 x 7,4 cm<br \/>\n\u2013 S\u00edmast\u00e6r\u00f0: 4 \u2013 7\u2033<br \/>\n\u2013 \u00deyngd: 100g<br \/>\n\u2013 Efni: PC og\u00a0 ABS<br \/>\n\u2013 Vottun: ROHS og UKCA<\/p>\n","protected":false},"featured_media":29500,"template":"","meta":[],"product_brand":[420],"product_cat":[387],"product_tag":[],"class_list":{"0":"post-29504","1":"product","2":"type-product","3":"status-publish","4":"has-post-thumbnail","6":"product_brand-joyroom","7":"product_cat-simahaldari-i-bil","9":"first","10":"instock","11":"sale","12":"taxable","13":"shipping-taxable","14":"purchasable","15":"product-type-simple"},"supplier_id":null,"supplier_sku":"","barcode":null,"atum_controlled":true,"out_stock_date":null,"out_stock_threshold":null,"inheritable":false,"inbound_stock":0,"stock_on_hold":0,"sold_today":0,"sales_last_days":0,"reserved_stock":0,"customer_returns":0,"warehouse_damage":0,"lost_in_post":0,"other_logs":0,"out_stock_days":0,"lost_sales":0,"has_location":false,"update_date":"2026-04-19T00:22:37","atum_locations":[],"atum_stock_status":"instock","restock_status":false,"low_stock_amount":"","sales_update_date":"2026-04-19T00:22:37","calc_backorders":null,"yoast_head":"<!-- This site is optimized with the Yoast SEO Premium plugin v26.6 (Yoast SEO v27.3) - https:\/\/yoast.com\/product\/yoast-seo-premium-wordpress\/ -->\n<title>S\u00edmahaldari me\u00f0 sogsk\u00e1l fest \u00e1 innr\u00e9ttingu e\u00f0a r\u00fa\u00f0u b\u00edlsins<\/title>\n<meta name=\"description\" content=\"Sterkur &amp; st\u00f6\u00f0ugur haldari me\u00f0 sogsk\u00e1l sem au\u00f0velt er a\u00f0 festa &amp; losa aftur. Segulhringur fylgir me\u00f0 til a\u00f0 festa aftan \u00e1 s\u00edma e\u00f0a hulstur (valkv\u00e6tt).\" \/>\n<meta name=\"robots\" content=\"index, follow, max-snippet:-1, max-image-preview:large, max-video-preview:-1\" \/>\n<link rel=\"canonical\" href=\"https:\/\/vorulagerinn.is\/product\/jr-zs356\/\" \/>\n<meta property=\"og:locale\" content=\"en_US\" \/>\n<meta property=\"og:type\" content=\"article\" \/>\n<meta property=\"og:title\" content=\"S\u00edmahaldari me\u00f0 sogsk\u00e1l fest \u00e1 innr\u00e9ttingu e\u00f0a r\u00fa\u00f0u b\u00edlsins\" \/>\n<meta property=\"og:description\" content=\"Sterkur &amp; st\u00f6\u00f0ugur haldari me\u00f0 sogsk\u00e1l sem au\u00f0velt er a\u00f0 festa &amp; losa aftur. Segulhringur fylgir me\u00f0 til a\u00f0 festa aftan \u00e1 s\u00edma e\u00f0a hulstur (valkv\u00e6tt).\" \/>\n<meta property=\"og:url\" content=\"https:\/\/vorulagerinn.is\/product\/jr-zs356\/\" \/>\n<meta property=\"og:site_name\" content=\"V&ouml;rulagerinn\" \/>\n<meta property=\"article:publisher\" content=\"https:\/\/www.facebook.com\/vorulagerinn\" \/>\n<meta property=\"article:modified_time\" content=\"2025-11-25T14:51:17+00:00\" \/>\n<meta property=\"og:image\" content=\"https:\/\/vorulagerinn.is\/wp-content\/uploads\/2025\/10\/JR-ZS356.jpg\" \/>\n\t<meta property=\"og:image:width\" content=\"600\" \/>\n\t<meta property=\"og:image:height\" content=\"600\" \/>\n\t<meta property=\"og:image:type\" content=\"image\/jpeg\" \/>\n<meta name=\"twitter:card\" content=\"summary_large_image\" \/>\n<meta name=\"twitter:label1\" content=\"Price\" \/>\n\t<meta name=\"twitter:data1\" content=\"5.200&nbsp;kr.\" \/>\n\t<meta name=\"twitter:label2\" content=\"Availability\" \/>\n\t<meta name=\"twitter:data2\" content=\"In stock\" \/>\n<script type=\"application\/ld+json\" class=\"yoast-schema-graph\">{\"@context\":\"https:\\\/\\\/schema.org\",\"@graph\":[{\"@type\":\"WebPage\",\"@id\":\"https:\\\/\\\/vorulagerinn.is\\\/product\\\/jr-zs356\\\/\",\"url\":\"https:\\\/\\\/vorulagerinn.is\\\/product\\\/jr-zs356\\\/\",\"name\":\"S\u00edmahaldari me\u00f0 sogsk\u00e1l fest \u00e1 innr\u00e9ttingu e\u00f0a r\u00fa\u00f0u b\u00edlsins\",\"isPartOf\":{\"@id\":\"https:\\\/\\\/vorulagerinn.is\\\/#website\"},\"primaryImageOfPage\":{\"@id\":\"https:\\\/\\\/vorulagerinn.is\\\/product\\\/jr-zs356\\\/#primaryimage\"},\"image\":{\"@id\":\"https:\\\/\\\/vorulagerinn.is\\\/product\\\/jr-zs356\\\/#primaryimage\"},\"thumbnailUrl\":\"https:\\\/\\\/vorulagerinn.is\\\/wp-content\\\/uploads\\\/2025\\\/10\\\/JR-ZS356.jpg\",\"datePublished\":\"2025-09-10T12:12:13+00:00\",\"dateModified\":\"2025-11-25T14:51:17+00:00\",\"description\":\"Sterkur & st\u00f6\u00f0ugur haldari me\u00f0 sogsk\u00e1l sem au\u00f0velt er a\u00f0 festa & losa aftur. Segulhringur fylgir me\u00f0 til a\u00f0 festa aftan \u00e1 s\u00edma e\u00f0a hulstur (valkv\u00e6tt).\",\"breadcrumb\":{\"@id\":\"https:\\\/\\\/vorulagerinn.is\\\/product\\\/jr-zs356\\\/#breadcrumb\"},\"inLanguage\":\"en-US\",\"potentialAction\":[{\"@type\":\"ReadAction\",\"target\":[\"https:\\\/\\\/vorulagerinn.is\\\/product\\\/jr-zs356\\\/\"]}]},{\"@type\":\"ImageObject\",\"inLanguage\":\"en-US\",\"@id\":\"https:\\\/\\\/vorulagerinn.is\\\/product\\\/jr-zs356\\\/#primaryimage\",\"url\":\"https:\\\/\\\/vorulagerinn.is\\\/wp-content\\\/uploads\\\/2025\\\/10\\\/JR-ZS356.jpg\",\"contentUrl\":\"https:\\\/\\\/vorulagerinn.is\\\/wp-content\\\/uploads\\\/2025\\\/10\\\/JR-ZS356.jpg\",\"width\":600,\"height\":600},{\"@type\":\"BreadcrumbList\",\"@id\":\"https:\\\/\\\/vorulagerinn.is\\\/product\\\/jr-zs356\\\/#breadcrumb\",\"itemListElement\":[{\"@type\":\"ListItem\",\"position\":1,\"name\":\"Home\",\"item\":\"https:\\\/\\\/vorulagerinn.is\\\/\"},{\"@type\":\"ListItem\",\"position\":2,\"name\":\"Shop\",\"item\":\"https:\\\/\\\/vorulagerinn.is\\\/en\\\/shop\\\/\"},{\"@type\":\"ListItem\",\"position\":3,\"name\":\"S\u00edmahaldari me\u00f0 sogsk\u00e1l fest \u00e1 innr\u00e9ttingu e\u00f0a r\u00fa\u00f0u b\u00edlsins\"}]},{\"@type\":\"WebSite\",\"@id\":\"https:\\\/\\\/vorulagerinn.is\\\/#website\",\"url\":\"https:\\\/\\\/vorulagerinn.is\\\/\",\"name\":\"V\u00f6rulagerinn\",\"description\":\"L\u00e1ttu \u00fea\u00f0 eftir \u00fe\u00e9r\",\"publisher\":{\"@id\":\"https:\\\/\\\/vorulagerinn.is\\\/#organization\"},\"potentialAction\":[{\"@type\":\"SearchAction\",\"target\":{\"@type\":\"EntryPoint\",\"urlTemplate\":\"https:\\\/\\\/vorulagerinn.is\\\/?s={search_term_string}\"},\"query-input\":{\"@type\":\"PropertyValueSpecification\",\"valueRequired\":true,\"valueName\":\"search_term_string\"}}],\"inLanguage\":\"en-US\"},{\"@type\":\"Organization\",\"@id\":\"https:\\\/\\\/vorulagerinn.is\\\/#organization\",\"name\":\"V\u00f6rulagerinn\",\"url\":\"https:\\\/\\\/vorulagerinn.is\\\/\",\"logo\":{\"@type\":\"ImageObject\",\"inLanguage\":\"en-US\",\"@id\":\"https:\\\/\\\/vorulagerinn.is\\\/#\\\/schema\\\/logo\\\/image\\\/\",\"url\":\"https:\\\/\\\/vorulagerinn.is\\\/wp-content\\\/uploads\\\/2022\\\/09\\\/Vorulagerinn-Logo-588x160-1.png\",\"contentUrl\":\"https:\\\/\\\/vorulagerinn.is\\\/wp-content\\\/uploads\\\/2022\\\/09\\\/Vorulagerinn-Logo-588x160-1.png\",\"width\":588,\"height\":160,\"caption\":\"V\u00f6rulagerinn\"},\"image\":{\"@id\":\"https:\\\/\\\/vorulagerinn.is\\\/#\\\/schema\\\/logo\\\/image\\\/\"},\"sameAs\":[\"https:\\\/\\\/www.facebook.com\\\/vorulagerinn\",\"https:\\\/\\\/www.instagram.com\\\/vorulagerinn\\\/\"]}]}<\/script>\n<meta property=\"product:price:amount\" content=\"5200\" \/>\n<meta property=\"product:price:currency\" content=\"ISK\" \/>\n<meta property=\"og:availability\" content=\"instock\" \/>\n<meta property=\"product:availability\" content=\"instock\" \/>\n<meta property=\"product:retailer_item_id\" content=\"JR-ZS356\" \/>\n<meta property=\"product:condition\" content=\"new\" \/>\n<!-- \/ Yoast SEO Premium plugin. -->","yoast_head_json":{"title":"S\u00edmahaldari me\u00f0 sogsk\u00e1l fest \u00e1 innr\u00e9ttingu e\u00f0a r\u00fa\u00f0u b\u00edlsins","description":"Sterkur & st\u00f6\u00f0ugur haldari me\u00f0 sogsk\u00e1l sem au\u00f0velt er a\u00f0 festa & losa aftur. Segulhringur fylgir me\u00f0 til a\u00f0 festa aftan \u00e1 s\u00edma e\u00f0a hulstur (valkv\u00e6tt).","robots":{"index":"index","follow":"follow","max-snippet":"max-snippet:-1","max-image-preview":"max-image-preview:large","max-video-preview":"max-video-preview:-1"},"canonical":"https:\/\/vorulagerinn.is\/product\/jr-zs356\/","og_locale":"en_US","og_type":"article","og_title":"S\u00edmahaldari me\u00f0 sogsk\u00e1l fest \u00e1 innr\u00e9ttingu e\u00f0a r\u00fa\u00f0u b\u00edlsins","og_description":"Sterkur & st\u00f6\u00f0ugur haldari me\u00f0 sogsk\u00e1l sem au\u00f0velt er a\u00f0 festa & losa aftur. Segulhringur fylgir me\u00f0 til a\u00f0 festa aftan \u00e1 s\u00edma e\u00f0a hulstur (valkv\u00e6tt).","og_url":"https:\/\/vorulagerinn.is\/product\/jr-zs356\/","og_site_name":"V&ouml;rulagerinn","article_publisher":"https:\/\/www.facebook.com\/vorulagerinn","article_modified_time":"2025-11-25T14:51:17+00:00","og_image":[{"width":600,"height":600,"url":"https:\/\/vorulagerinn.is\/wp-content\/uploads\/2025\/10\/JR-ZS356.jpg","type":"image\/jpeg"}],"twitter_card":"summary_large_image","twitter_misc":{"Price":"5.200&nbsp;kr.","Availability":"In stock"},"schema":{"@context":"https:\/\/schema.org","@graph":[{"@type":"WebPage","@id":"https:\/\/vorulagerinn.is\/product\/jr-zs356\/","url":"https:\/\/vorulagerinn.is\/product\/jr-zs356\/","name":"S\u00edmahaldari me\u00f0 sogsk\u00e1l fest \u00e1 innr\u00e9ttingu e\u00f0a r\u00fa\u00f0u b\u00edlsins","isPartOf":{"@id":"https:\/\/vorulagerinn.is\/#website"},"primaryImageOfPage":{"@id":"https:\/\/vorulagerinn.is\/product\/jr-zs356\/#primaryimage"},"image":{"@id":"https:\/\/vorulagerinn.is\/product\/jr-zs356\/#primaryimage"},"thumbnailUrl":"https:\/\/vorulagerinn.is\/wp-content\/uploads\/2025\/10\/JR-ZS356.jpg","datePublished":"2025-09-10T12:12:13+00:00","dateModified":"2025-11-25T14:51:17+00:00","description":"Sterkur & st\u00f6\u00f0ugur haldari me\u00f0 sogsk\u00e1l sem au\u00f0velt er a\u00f0 festa & losa aftur. Segulhringur fylgir me\u00f0 til a\u00f0 festa aftan \u00e1 s\u00edma e\u00f0a hulstur (valkv\u00e6tt).","breadcrumb":{"@id":"https:\/\/vorulagerinn.is\/product\/jr-zs356\/#breadcrumb"},"inLanguage":"en-US","potentialAction":[{"@type":"ReadAction","target":["https:\/\/vorulagerinn.is\/product\/jr-zs356\/"]}]},{"@type":"ImageObject","inLanguage":"en-US","@id":"https:\/\/vorulagerinn.is\/product\/jr-zs356\/#primaryimage","url":"https:\/\/vorulagerinn.is\/wp-content\/uploads\/2025\/10\/JR-ZS356.jpg","contentUrl":"https:\/\/vorulagerinn.is\/wp-content\/uploads\/2025\/10\/JR-ZS356.jpg","width":600,"height":600},{"@type":"BreadcrumbList","@id":"https:\/\/vorulagerinn.is\/product\/jr-zs356\/#breadcrumb","itemListElement":[{"@type":"ListItem","position":1,"name":"Home","item":"https:\/\/vorulagerinn.is\/"},{"@type":"ListItem","position":2,"name":"Shop","item":"https:\/\/vorulagerinn.is\/en\/shop\/"},{"@type":"ListItem","position":3,"name":"S\u00edmahaldari me\u00f0 sogsk\u00e1l fest \u00e1 innr\u00e9ttingu e\u00f0a r\u00fa\u00f0u b\u00edlsins"}]},{"@type":"WebSite","@id":"https:\/\/vorulagerinn.is\/#website","url":"https:\/\/vorulagerinn.is\/","name":"V\u00f6rulagerinn","description":"L\u00e1ttu \u00fea\u00f0 eftir \u00fe\u00e9r","publisher":{"@id":"https:\/\/vorulagerinn.is\/#organization"},"potentialAction":[{"@type":"SearchAction","target":{"@type":"EntryPoint","urlTemplate":"https:\/\/vorulagerinn.is\/?s={search_term_string}"},"query-input":{"@type":"PropertyValueSpecification","valueRequired":true,"valueName":"search_term_string"}}],"inLanguage":"en-US"},{"@type":"Organization","@id":"https:\/\/vorulagerinn.is\/#organization","name":"V\u00f6rulagerinn","url":"https:\/\/vorulagerinn.is\/","logo":{"@type":"ImageObject","inLanguage":"en-US","@id":"https:\/\/vorulagerinn.is\/#\/schema\/logo\/image\/","url":"https:\/\/vorulagerinn.is\/wp-content\/uploads\/2022\/09\/Vorulagerinn-Logo-588x160-1.png","contentUrl":"https:\/\/vorulagerinn.is\/wp-content\/uploads\/2022\/09\/Vorulagerinn-Logo-588x160-1.png","width":588,"height":160,"caption":"V\u00f6rulagerinn"},"image":{"@id":"https:\/\/vorulagerinn.is\/#\/schema\/logo\/image\/"},"sameAs":["https:\/\/www.facebook.com\/vorulagerinn","https:\/\/www.instagram.com\/vorulagerinn\/"]}]},"product_price_amount":"5200","product_price_currency":"ISK","og_availability":"instock","product_availability":"instock","product_retailer_item_id":"JR-ZS356","product_condition":"new"},"_links":{"self":[{"href":"https:\/\/vorulagerinn.is\/en\/wp-json\/wp\/v2\/product\/29504","targetHints":{"allow":["GET"]}}],"collection":[{"href":"https:\/\/vorulagerinn.is\/en\/wp-json\/wp\/v2\/product"}],"about":[{"href":"https:\/\/vorulagerinn.is\/en\/wp-json\/wp\/v2\/types\/product"}],"wp:featuredmedia":[{"embeddable":true,"href":"https:\/\/vorulagerinn.is\/en\/wp-json\/wp\/v2\/media\/29500"}],"wp:attachment":[{"href":"https:\/\/vorulagerinn.is\/en\/wp-json\/wp\/v2\/media?parent=29504"}],"wp:term":[{"taxonomy":"product_brand","embeddable":true,"href":"https:\/\/vorulagerinn.is\/en\/wp-json\/wp\/v2\/product_brand?post=29504"},{"taxonomy":"product_cat","embeddable":true,"href":"https:\/\/vorulagerinn.is\/en\/wp-json\/wp\/v2\/product_cat?post=29504"},{"taxonomy":"product_tag","embeddable":true,"href":"https:\/\/vorulagerinn.is\/en\/wp-json\/wp\/v2\/product_tag?post=29504"}],"curies":[{"name":"wp","href":"https:\/\/api.w.org\/{rel}","templated":true}]}}