{"id":29520,"date":"2025-08-19T15:55:47","date_gmt":"2025-08-19T15:55:47","guid":{"rendered":"https:\/\/vorulagerinn.is\/product\/jr-zs412\/"},"modified":"2025-11-25T14:51:58","modified_gmt":"2025-11-25T14:51:58","slug":"jr-zs412","status":"publish","type":"product","link":"https:\/\/vorulagerinn.is\/en\/product\/jr-zs412\/","title":{"rendered":"15W hra\u00f0hle\u00f0slu Qi2 s\u00edmahaldari \u00ed b\u00edlinn me\u00f0 segulfestingu og kr\u00e6kju fyrir iPhone s\u00edma"},"content":{"rendered":"","protected":false},"excerpt":{"rendered":"<p>\u00d6flugur 15W Qi2 hra\u00f0hle\u00f0slu s\u00edmhaldari sem er b\u00fainn n\u00fdjustu Qi2 \u00fer\u00e1\u00f0lausu t\u00e6kninni sem gerir hle\u00f0sluna \u00f6rugga, st\u00f6\u00f0uga og hra\u00f0ari. \u00de\u00e1 er einnig innbygg\u00f0 \u00f6ryggisv\u00f6rn gagnvart ofhle\u00f0slu og ofhitnum. S\u00edmahaldarinn er me\u00f0 sterka segulfestingu sem heldur fars\u00edmanum alveg f\u00f6stum vi\u00f0 akstur. \u00dea\u00f0 er h\u00e6gt sn\u00faa s\u00edmanum \u00ed 360 gr\u00e1\u00f0ur og halla til hli\u00f0ar \u00feannig a\u00f0 b\u00edlstj\u00f3rinn getur a\u00f0laga\u00f0 a\u00f0 s\u00e9r \u00feegar nota\u00f0 er GPS g\u00f6tukort vi\u00f0 akstur. Segulhringur og 60W USB-C hra\u00f0hle\u00f0slusn\u00fara fylgir me\u00f0.<\/p>\n<p>\u00der\u00e1\u00f0lausa hle\u00f0slan er a\u00f0eins fyrir iPhone 12\/13\/14\/15\/16.<\/p>\n<p>\u2013 Litur: Svartur<br \/>\n\u2013 Fars\u00edmast\u00e6r\u00f0: 4,7 \u2013 7\u2033<br \/>\n\u2013 Tengi: USB-C<br \/>\n\u2013 Inn\uff1a5V=2A 9V=2.5A<br \/>\n\u2013 \u00dat: 15W (MAX)<br \/>\n\u2013 Efni: PC &amp; ABS<br \/>\n\u2013 Lei\u00f0beiningar fylgja me\u00f0<br \/>\n\u2013 Vottun: CE, ROHS &amp; FCC<\/p>\n","protected":false},"featured_media":29514,"template":"","meta":[],"product_brand":[420],"product_cat":[387],"product_tag":[],"class_list":{"0":"post-29520","1":"product","2":"type-product","3":"status-publish","4":"has-post-thumbnail","6":"product_brand-joyroom","7":"product_cat-simahaldari-i-bil","9":"first","10":"instock","11":"sale","12":"taxable","13":"shipping-taxable","14":"purchasable","15":"product-type-simple"},"supplier_id":null,"supplier_sku":"","barcode":null,"atum_controlled":true,"out_stock_date":null,"out_stock_threshold":null,"inheritable":false,"inbound_stock":0,"stock_on_hold":0,"sold_today":0,"sales_last_days":0,"reserved_stock":0,"customer_returns":0,"warehouse_damage":0,"lost_in_post":0,"other_logs":0,"out_stock_days":0,"lost_sales":0,"has_location":false,"update_date":"2026-04-13T00:15:18","atum_locations":[],"atum_stock_status":"instock","restock_status":false,"low_stock_amount":"","sales_update_date":"2026-04-13T00:15:18","calc_backorders":null,"yoast_head":"<!-- This site is optimized with the Yoast SEO Premium plugin v26.6 (Yoast SEO v27.3) - https:\/\/yoast.com\/product\/yoast-seo-premium-wordpress\/ -->\n<title>15W hra\u00f0hle\u00f0slu Qi2 s\u00edmahaldari \u00ed b\u00edlinn me\u00f0 segulfestingu<\/title>\n<meta name=\"description\" content=\"\u00d6flugur 15W hra\u00f0hle\u00f0slu s\u00edmhaldari b\u00fainn n\u00fdjustu Qi2 \u00fer\u00e1\u00f0lausu t\u00e6kninni sem gerir hle\u00f0sluna \u00f6rugga, st\u00f6\u00f0uga og hra\u00f0ari. Fyrir iPhone 12\/13\/14\/15\/16\/17\" \/>\n<meta name=\"robots\" content=\"index, follow, max-snippet:-1, max-image-preview:large, max-video-preview:-1\" \/>\n<link rel=\"canonical\" href=\"https:\/\/vorulagerinn.is\/product\/jr-zs412\/\" \/>\n<meta property=\"og:locale\" content=\"en_US\" \/>\n<meta property=\"og:type\" content=\"article\" \/>\n<meta property=\"og:title\" content=\"15W hra\u00f0hle\u00f0slu Qi2 s\u00edmahaldari \u00ed b\u00edlinn me\u00f0 segulfestingu og kr\u00e6kju fyrir iPhone s\u00edma\" \/>\n<meta property=\"og:description\" content=\"\u00d6flugur 15W hra\u00f0hle\u00f0slu s\u00edmhaldari b\u00fainn n\u00fdjustu Qi2 \u00fer\u00e1\u00f0lausu t\u00e6kninni sem gerir hle\u00f0sluna \u00f6rugga, st\u00f6\u00f0uga og hra\u00f0ari. Fyrir iPhone 12\/13\/14\/15\/16\/17\" \/>\n<meta property=\"og:url\" content=\"https:\/\/vorulagerinn.is\/product\/jr-zs412\/\" \/>\n<meta property=\"og:site_name\" content=\"V&ouml;rulagerinn\" \/>\n<meta property=\"article:publisher\" content=\"https:\/\/www.facebook.com\/vorulagerinn\" \/>\n<meta property=\"article:modified_time\" content=\"2025-11-25T14:51:58+00:00\" \/>\n<meta property=\"og:image\" content=\"https:\/\/vorulagerinn.is\/wp-content\/uploads\/2025\/10\/JR-ZS412-.jpg\" \/>\n\t<meta property=\"og:image:width\" content=\"600\" \/>\n\t<meta property=\"og:image:height\" content=\"600\" \/>\n\t<meta property=\"og:image:type\" content=\"image\/jpeg\" \/>\n<meta name=\"twitter:card\" content=\"summary_large_image\" \/>\n<meta name=\"twitter:label1\" content=\"Price\" \/>\n\t<meta name=\"twitter:data1\" content=\"8.250&nbsp;kr.\" \/>\n\t<meta name=\"twitter:label2\" content=\"Availability\" \/>\n\t<meta name=\"twitter:data2\" content=\"In stock\" \/>\n<script type=\"application\/ld+json\" class=\"yoast-schema-graph\">{\"@context\":\"https:\\\/\\\/schema.org\",\"@graph\":[{\"@type\":\"WebPage\",\"@id\":\"https:\\\/\\\/vorulagerinn.is\\\/product\\\/jr-zs412\\\/\",\"url\":\"https:\\\/\\\/vorulagerinn.is\\\/product\\\/jr-zs412\\\/\",\"name\":\"15W hra\u00f0hle\u00f0slu Qi2 s\u00edmahaldari \u00ed b\u00edlinn me\u00f0 segulfestingu\",\"isPartOf\":{\"@id\":\"https:\\\/\\\/vorulagerinn.is\\\/#website\"},\"primaryImageOfPage\":{\"@id\":\"https:\\\/\\\/vorulagerinn.is\\\/product\\\/jr-zs412\\\/#primaryimage\"},\"image\":{\"@id\":\"https:\\\/\\\/vorulagerinn.is\\\/product\\\/jr-zs412\\\/#primaryimage\"},\"thumbnailUrl\":\"https:\\\/\\\/vorulagerinn.is\\\/wp-content\\\/uploads\\\/2025\\\/10\\\/JR-ZS412-.jpg\",\"datePublished\":\"2025-08-19T15:55:47+00:00\",\"dateModified\":\"2025-11-25T14:51:58+00:00\",\"description\":\"\u00d6flugur 15W hra\u00f0hle\u00f0slu s\u00edmhaldari b\u00fainn n\u00fdjustu Qi2 \u00fer\u00e1\u00f0lausu t\u00e6kninni sem gerir hle\u00f0sluna \u00f6rugga, st\u00f6\u00f0uga og hra\u00f0ari. Fyrir iPhone 12\\\/13\\\/14\\\/15\\\/16\\\/17\",\"breadcrumb\":{\"@id\":\"https:\\\/\\\/vorulagerinn.is\\\/product\\\/jr-zs412\\\/#breadcrumb\"},\"inLanguage\":\"en-US\",\"potentialAction\":[{\"@type\":\"ReadAction\",\"target\":[\"https:\\\/\\\/vorulagerinn.is\\\/product\\\/jr-zs412\\\/\"]}]},{\"@type\":\"ImageObject\",\"inLanguage\":\"en-US\",\"@id\":\"https:\\\/\\\/vorulagerinn.is\\\/product\\\/jr-zs412\\\/#primaryimage\",\"url\":\"https:\\\/\\\/vorulagerinn.is\\\/wp-content\\\/uploads\\\/2025\\\/10\\\/JR-ZS412-.jpg\",\"contentUrl\":\"https:\\\/\\\/vorulagerinn.is\\\/wp-content\\\/uploads\\\/2025\\\/10\\\/JR-ZS412-.jpg\",\"width\":600,\"height\":600},{\"@type\":\"BreadcrumbList\",\"@id\":\"https:\\\/\\\/vorulagerinn.is\\\/product\\\/jr-zs412\\\/#breadcrumb\",\"itemListElement\":[{\"@type\":\"ListItem\",\"position\":1,\"name\":\"Home\",\"item\":\"https:\\\/\\\/vorulagerinn.is\\\/\"},{\"@type\":\"ListItem\",\"position\":2,\"name\":\"Shop\",\"item\":\"https:\\\/\\\/vorulagerinn.is\\\/en\\\/shop\\\/\"},{\"@type\":\"ListItem\",\"position\":3,\"name\":\"15W hra\u00f0hle\u00f0slu Qi2 s\u00edmahaldari \u00ed b\u00edlinn me\u00f0 segulfestingu og kr\u00e6kju fyrir iPhone s\u00edma\"}]},{\"@type\":\"WebSite\",\"@id\":\"https:\\\/\\\/vorulagerinn.is\\\/#website\",\"url\":\"https:\\\/\\\/vorulagerinn.is\\\/\",\"name\":\"V\u00f6rulagerinn\",\"description\":\"L\u00e1ttu \u00fea\u00f0 eftir \u00fe\u00e9r\",\"publisher\":{\"@id\":\"https:\\\/\\\/vorulagerinn.is\\\/#organization\"},\"potentialAction\":[{\"@type\":\"SearchAction\",\"target\":{\"@type\":\"EntryPoint\",\"urlTemplate\":\"https:\\\/\\\/vorulagerinn.is\\\/?s={search_term_string}\"},\"query-input\":{\"@type\":\"PropertyValueSpecification\",\"valueRequired\":true,\"valueName\":\"search_term_string\"}}],\"inLanguage\":\"en-US\"},{\"@type\":\"Organization\",\"@id\":\"https:\\\/\\\/vorulagerinn.is\\\/#organization\",\"name\":\"V\u00f6rulagerinn\",\"url\":\"https:\\\/\\\/vorulagerinn.is\\\/\",\"logo\":{\"@type\":\"ImageObject\",\"inLanguage\":\"en-US\",\"@id\":\"https:\\\/\\\/vorulagerinn.is\\\/#\\\/schema\\\/logo\\\/image\\\/\",\"url\":\"https:\\\/\\\/vorulagerinn.is\\\/wp-content\\\/uploads\\\/2022\\\/09\\\/Vorulagerinn-Logo-588x160-1.png\",\"contentUrl\":\"https:\\\/\\\/vorulagerinn.is\\\/wp-content\\\/uploads\\\/2022\\\/09\\\/Vorulagerinn-Logo-588x160-1.png\",\"width\":588,\"height\":160,\"caption\":\"V\u00f6rulagerinn\"},\"image\":{\"@id\":\"https:\\\/\\\/vorulagerinn.is\\\/#\\\/schema\\\/logo\\\/image\\\/\"},\"sameAs\":[\"https:\\\/\\\/www.facebook.com\\\/vorulagerinn\",\"https:\\\/\\\/www.instagram.com\\\/vorulagerinn\\\/\"]}]}<\/script>\n<meta property=\"product:price:amount\" content=\"8250\" \/>\n<meta property=\"product:price:currency\" content=\"ISK\" \/>\n<meta property=\"og:availability\" content=\"instock\" \/>\n<meta property=\"product:availability\" content=\"instock\" \/>\n<meta property=\"product:retailer_item_id\" content=\"JR-ZS412\" \/>\n<meta property=\"product:condition\" content=\"new\" \/>\n<!-- \/ Yoast SEO Premium plugin. -->","yoast_head_json":{"title":"15W hra\u00f0hle\u00f0slu Qi2 s\u00edmahaldari \u00ed b\u00edlinn me\u00f0 segulfestingu","description":"\u00d6flugur 15W hra\u00f0hle\u00f0slu s\u00edmhaldari b\u00fainn n\u00fdjustu Qi2 \u00fer\u00e1\u00f0lausu t\u00e6kninni sem gerir hle\u00f0sluna \u00f6rugga, st\u00f6\u00f0uga og hra\u00f0ari. Fyrir iPhone 12\/13\/14\/15\/16\/17","robots":{"index":"index","follow":"follow","max-snippet":"max-snippet:-1","max-image-preview":"max-image-preview:large","max-video-preview":"max-video-preview:-1"},"canonical":"https:\/\/vorulagerinn.is\/product\/jr-zs412\/","og_locale":"en_US","og_type":"article","og_title":"15W hra\u00f0hle\u00f0slu Qi2 s\u00edmahaldari \u00ed b\u00edlinn me\u00f0 segulfestingu og kr\u00e6kju fyrir iPhone s\u00edma","og_description":"\u00d6flugur 15W hra\u00f0hle\u00f0slu s\u00edmhaldari b\u00fainn n\u00fdjustu Qi2 \u00fer\u00e1\u00f0lausu t\u00e6kninni sem gerir hle\u00f0sluna \u00f6rugga, st\u00f6\u00f0uga og hra\u00f0ari. Fyrir iPhone 12\/13\/14\/15\/16\/17","og_url":"https:\/\/vorulagerinn.is\/product\/jr-zs412\/","og_site_name":"V&ouml;rulagerinn","article_publisher":"https:\/\/www.facebook.com\/vorulagerinn","article_modified_time":"2025-11-25T14:51:58+00:00","og_image":[{"width":600,"height":600,"url":"https:\/\/vorulagerinn.is\/wp-content\/uploads\/2025\/10\/JR-ZS412-.jpg","type":"image\/jpeg"}],"twitter_card":"summary_large_image","twitter_misc":{"Price":"8.250&nbsp;kr.","Availability":"In stock"},"schema":{"@context":"https:\/\/schema.org","@graph":[{"@type":"WebPage","@id":"https:\/\/vorulagerinn.is\/product\/jr-zs412\/","url":"https:\/\/vorulagerinn.is\/product\/jr-zs412\/","name":"15W hra\u00f0hle\u00f0slu Qi2 s\u00edmahaldari \u00ed b\u00edlinn me\u00f0 segulfestingu","isPartOf":{"@id":"https:\/\/vorulagerinn.is\/#website"},"primaryImageOfPage":{"@id":"https:\/\/vorulagerinn.is\/product\/jr-zs412\/#primaryimage"},"image":{"@id":"https:\/\/vorulagerinn.is\/product\/jr-zs412\/#primaryimage"},"thumbnailUrl":"https:\/\/vorulagerinn.is\/wp-content\/uploads\/2025\/10\/JR-ZS412-.jpg","datePublished":"2025-08-19T15:55:47+00:00","dateModified":"2025-11-25T14:51:58+00:00","description":"\u00d6flugur 15W hra\u00f0hle\u00f0slu s\u00edmhaldari b\u00fainn n\u00fdjustu Qi2 \u00fer\u00e1\u00f0lausu t\u00e6kninni sem gerir hle\u00f0sluna \u00f6rugga, st\u00f6\u00f0uga og hra\u00f0ari. Fyrir iPhone 12\/13\/14\/15\/16\/17","breadcrumb":{"@id":"https:\/\/vorulagerinn.is\/product\/jr-zs412\/#breadcrumb"},"inLanguage":"en-US","potentialAction":[{"@type":"ReadAction","target":["https:\/\/vorulagerinn.is\/product\/jr-zs412\/"]}]},{"@type":"ImageObject","inLanguage":"en-US","@id":"https:\/\/vorulagerinn.is\/product\/jr-zs412\/#primaryimage","url":"https:\/\/vorulagerinn.is\/wp-content\/uploads\/2025\/10\/JR-ZS412-.jpg","contentUrl":"https:\/\/vorulagerinn.is\/wp-content\/uploads\/2025\/10\/JR-ZS412-.jpg","width":600,"height":600},{"@type":"BreadcrumbList","@id":"https:\/\/vorulagerinn.is\/product\/jr-zs412\/#breadcrumb","itemListElement":[{"@type":"ListItem","position":1,"name":"Home","item":"https:\/\/vorulagerinn.is\/"},{"@type":"ListItem","position":2,"name":"Shop","item":"https:\/\/vorulagerinn.is\/en\/shop\/"},{"@type":"ListItem","position":3,"name":"15W hra\u00f0hle\u00f0slu Qi2 s\u00edmahaldari \u00ed b\u00edlinn me\u00f0 segulfestingu og kr\u00e6kju fyrir iPhone s\u00edma"}]},{"@type":"WebSite","@id":"https:\/\/vorulagerinn.is\/#website","url":"https:\/\/vorulagerinn.is\/","name":"V\u00f6rulagerinn","description":"L\u00e1ttu \u00fea\u00f0 eftir \u00fe\u00e9r","publisher":{"@id":"https:\/\/vorulagerinn.is\/#organization"},"potentialAction":[{"@type":"SearchAction","target":{"@type":"EntryPoint","urlTemplate":"https:\/\/vorulagerinn.is\/?s={search_term_string}"},"query-input":{"@type":"PropertyValueSpecification","valueRequired":true,"valueName":"search_term_string"}}],"inLanguage":"en-US"},{"@type":"Organization","@id":"https:\/\/vorulagerinn.is\/#organization","name":"V\u00f6rulagerinn","url":"https:\/\/vorulagerinn.is\/","logo":{"@type":"ImageObject","inLanguage":"en-US","@id":"https:\/\/vorulagerinn.is\/#\/schema\/logo\/image\/","url":"https:\/\/vorulagerinn.is\/wp-content\/uploads\/2022\/09\/Vorulagerinn-Logo-588x160-1.png","contentUrl":"https:\/\/vorulagerinn.is\/wp-content\/uploads\/2022\/09\/Vorulagerinn-Logo-588x160-1.png","width":588,"height":160,"caption":"V\u00f6rulagerinn"},"image":{"@id":"https:\/\/vorulagerinn.is\/#\/schema\/logo\/image\/"},"sameAs":["https:\/\/www.facebook.com\/vorulagerinn","https:\/\/www.instagram.com\/vorulagerinn\/"]}]},"product_price_amount":"8250","product_price_currency":"ISK","og_availability":"instock","product_availability":"instock","product_retailer_item_id":"JR-ZS412","product_condition":"new"},"_links":{"self":[{"href":"https:\/\/vorulagerinn.is\/en\/wp-json\/wp\/v2\/product\/29520","targetHints":{"allow":["GET"]}}],"collection":[{"href":"https:\/\/vorulagerinn.is\/en\/wp-json\/wp\/v2\/product"}],"about":[{"href":"https:\/\/vorulagerinn.is\/en\/wp-json\/wp\/v2\/types\/product"}],"wp:featuredmedia":[{"embeddable":true,"href":"https:\/\/vorulagerinn.is\/en\/wp-json\/wp\/v2\/media\/29514"}],"wp:attachment":[{"href":"https:\/\/vorulagerinn.is\/en\/wp-json\/wp\/v2\/media?parent=29520"}],"wp:term":[{"taxonomy":"product_brand","embeddable":true,"href":"https:\/\/vorulagerinn.is\/en\/wp-json\/wp\/v2\/product_brand?post=29520"},{"taxonomy":"product_cat","embeddable":true,"href":"https:\/\/vorulagerinn.is\/en\/wp-json\/wp\/v2\/product_cat?post=29520"},{"taxonomy":"product_tag","embeddable":true,"href":"https:\/\/vorulagerinn.is\/en\/wp-json\/wp\/v2\/product_tag?post=29520"}],"curies":[{"name":"wp","href":"https:\/\/api.w.org\/{rel}","templated":true}]}}