{"id":29534,"date":"2025-07-25T10:08:02","date_gmt":"2025-07-25T10:08:02","guid":{"rendered":"https:\/\/vorulagerinn.is\/product\/jr-zs373\/"},"modified":"2025-11-25T17:15:46","modified_gmt":"2025-11-25T17:15:46","slug":"jr-zs373","status":"publish","type":"product","link":"https:\/\/vorulagerinn.is\/en\/product\/jr-zs373\/","title":{"rendered":"S\u00edmahaldari me\u00f0 segulfestingu \u00ed b\u00edl (samanbrj\u00f3tanlegur)"},"content":{"rendered":"<div style=\"width: 540px;\" class=\"wp-video\"><video class=\"wp-video-shortcode\" id=\"video-29534-1\" width=\"540\" height=\"720\" preload=\"metadata\" controls=\"controls\"><source type=\"video\/mp4\" src=\"https:\/\/fodurlandid.is\/wp-content\/uploads\/2025\/07\/jr-zs373.mp4?_=1\" \/><a href=\"https:\/\/fodurlandid.is\/wp-content\/uploads\/2025\/07\/jr-zs373.mp4\">https:\/\/fodurlandid.is\/wp-content\/uploads\/2025\/07\/jr-zs373.mp4<\/a><\/video><\/div>\n","protected":false},"excerpt":{"rendered":"<p>St\u00edlhreinn s\u00edmahaldari \u00ed b\u00edl sem au\u00f0velt er a\u00f0 a\u00f0laga a\u00f0 \u00f6kumanni \u00feegar nota \u00fearf t.d. g\u00f6tukort vi\u00f0 akstur. \u00dea\u00f0 er h\u00e6gt a\u00f0 festa s\u00edmahaldarann \u00e1 innr\u00e9ttingu b\u00edlsins, sn\u00faa \u00ed 360 gr\u00e1\u00f0ur, draga hann a\u00f0eins til e\u00f0a fr\u00e1, halla e\u00f0a slota ni\u00f0ur innr\u00e9ttinguna. \u00dea\u00f0 fylgir me\u00f0 \u00f6flugur segulhringur sem heldur snjalls\u00edmanum alveg f\u00f6stum.<\/p>\n<p>Sj\u00e1 myndband ne\u00f0ar \u00e1 s\u00ed\u00f0u<br \/>\nLitur: Svartur<br \/>\nSt\u00e6r\u00f0: 6x7x2 cm<br \/>\n\u00deyngt: 135g<br \/>\nS\u00edmast\u00e6r\u00f0ir: 4 \u2013 7 tommur<\/p>\n","protected":false},"featured_media":29528,"template":"","meta":[],"product_brand":[420],"product_cat":[387],"product_tag":[],"class_list":{"0":"post-29534","1":"product","2":"type-product","3":"status-publish","4":"has-post-thumbnail","6":"product_brand-joyroom","7":"product_cat-simahaldari-i-bil","9":"first","10":"instock","11":"sale","12":"taxable","13":"shipping-taxable","14":"purchasable","15":"product-type-simple"},"supplier_id":null,"supplier_sku":"","barcode":null,"atum_controlled":true,"out_stock_date":null,"out_stock_threshold":null,"inheritable":false,"inbound_stock":0,"stock_on_hold":0,"sold_today":0,"sales_last_days":0,"reserved_stock":0,"customer_returns":0,"warehouse_damage":0,"lost_in_post":0,"other_logs":0,"out_stock_days":0,"lost_sales":0,"has_location":false,"update_date":"2026-04-19T00:22:36","atum_locations":[],"atum_stock_status":"instock","restock_status":false,"low_stock_amount":"","sales_update_date":"2026-04-19T00:22:36","calc_backorders":null,"yoast_head":"<!-- This site is optimized with the Yoast SEO Premium plugin v26.6 (Yoast SEO v27.3) - https:\/\/yoast.com\/product\/yoast-seo-premium-wordpress\/ -->\n<title>S\u00edmahaldari me\u00f0 segulfestingu \u00ed b\u00edl (samanbrj\u00f3tanlegur)<\/title>\n<meta name=\"description\" content=\"\u00dea\u00f0 er h\u00e6gt a\u00f0 festa s\u00edmahaldarann \u00e1 innr\u00e9ttingu b\u00edlsins, sn\u00faa \u00ed 360 gr\u00e1\u00f0ur, draga hann a\u00f0eins til e\u00f0a fr\u00e1, halla e\u00f0a slota ni\u00f0ur innr\u00e9ttinguna.\" \/>\n<meta name=\"robots\" content=\"index, follow, max-snippet:-1, max-image-preview:large, max-video-preview:-1\" \/>\n<link rel=\"canonical\" href=\"https:\/\/vorulagerinn.is\/product\/jr-zs373\/\" \/>\n<meta property=\"og:locale\" content=\"en_US\" \/>\n<meta property=\"og:type\" content=\"article\" \/>\n<meta property=\"og:title\" content=\"S\u00edmahaldari me\u00f0 segulfestingu \u00ed b\u00edl (samanbrj\u00f3tanlegur)\" \/>\n<meta property=\"og:description\" content=\"\u00dea\u00f0 er h\u00e6gt a\u00f0 festa s\u00edmahaldarann \u00e1 innr\u00e9ttingu b\u00edlsins, sn\u00faa \u00ed 360 gr\u00e1\u00f0ur, draga hann a\u00f0eins til e\u00f0a fr\u00e1, halla e\u00f0a slota ni\u00f0ur innr\u00e9ttinguna.\" \/>\n<meta property=\"og:url\" content=\"https:\/\/vorulagerinn.is\/product\/jr-zs373\/\" \/>\n<meta property=\"og:site_name\" content=\"V&ouml;rulagerinn\" \/>\n<meta property=\"article:publisher\" content=\"https:\/\/www.facebook.com\/vorulagerinn\" \/>\n<meta property=\"article:modified_time\" content=\"2025-11-25T17:15:46+00:00\" \/>\n<meta property=\"og:image\" content=\"https:\/\/vorulagerinn.is\/wp-content\/uploads\/2025\/10\/jr-zs373.jpg\" \/>\n\t<meta property=\"og:image:width\" content=\"600\" \/>\n\t<meta property=\"og:image:height\" content=\"600\" \/>\n\t<meta property=\"og:image:type\" content=\"image\/jpeg\" \/>\n<meta name=\"twitter:card\" content=\"summary_large_image\" \/>\n<meta name=\"twitter:label1\" content=\"Price\" \/>\n\t<meta name=\"twitter:data1\" content=\"4.400&nbsp;kr.\" \/>\n\t<meta name=\"twitter:label2\" content=\"Availability\" \/>\n\t<meta name=\"twitter:data2\" content=\"In stock\" \/>\n<script type=\"application\/ld+json\" class=\"yoast-schema-graph\">{\"@context\":\"https:\\\/\\\/schema.org\",\"@graph\":[{\"@type\":\"WebPage\",\"@id\":\"https:\\\/\\\/vorulagerinn.is\\\/product\\\/jr-zs373\\\/\",\"url\":\"https:\\\/\\\/vorulagerinn.is\\\/product\\\/jr-zs373\\\/\",\"name\":\"S\u00edmahaldari me\u00f0 segulfestingu \u00ed b\u00edl (samanbrj\u00f3tanlegur)\",\"isPartOf\":{\"@id\":\"https:\\\/\\\/vorulagerinn.is\\\/#website\"},\"primaryImageOfPage\":{\"@id\":\"https:\\\/\\\/vorulagerinn.is\\\/product\\\/jr-zs373\\\/#primaryimage\"},\"image\":{\"@id\":\"https:\\\/\\\/vorulagerinn.is\\\/product\\\/jr-zs373\\\/#primaryimage\"},\"thumbnailUrl\":\"https:\\\/\\\/vorulagerinn.is\\\/wp-content\\\/uploads\\\/2025\\\/10\\\/jr-zs373.jpg\",\"datePublished\":\"2025-07-25T10:08:02+00:00\",\"dateModified\":\"2025-11-25T17:15:46+00:00\",\"description\":\"\u00dea\u00f0 er h\u00e6gt a\u00f0 festa s\u00edmahaldarann \u00e1 innr\u00e9ttingu b\u00edlsins, sn\u00faa \u00ed 360 gr\u00e1\u00f0ur, draga hann a\u00f0eins til e\u00f0a fr\u00e1, halla e\u00f0a slota ni\u00f0ur innr\u00e9ttinguna.\",\"breadcrumb\":{\"@id\":\"https:\\\/\\\/vorulagerinn.is\\\/product\\\/jr-zs373\\\/#breadcrumb\"},\"inLanguage\":\"en-US\",\"potentialAction\":[{\"@type\":\"ReadAction\",\"target\":[\"https:\\\/\\\/vorulagerinn.is\\\/product\\\/jr-zs373\\\/\"]}]},{\"@type\":\"ImageObject\",\"inLanguage\":\"en-US\",\"@id\":\"https:\\\/\\\/vorulagerinn.is\\\/product\\\/jr-zs373\\\/#primaryimage\",\"url\":\"https:\\\/\\\/vorulagerinn.is\\\/wp-content\\\/uploads\\\/2025\\\/10\\\/jr-zs373.jpg\",\"contentUrl\":\"https:\\\/\\\/vorulagerinn.is\\\/wp-content\\\/uploads\\\/2025\\\/10\\\/jr-zs373.jpg\",\"width\":600,\"height\":600},{\"@type\":\"BreadcrumbList\",\"@id\":\"https:\\\/\\\/vorulagerinn.is\\\/product\\\/jr-zs373\\\/#breadcrumb\",\"itemListElement\":[{\"@type\":\"ListItem\",\"position\":1,\"name\":\"Home\",\"item\":\"https:\\\/\\\/vorulagerinn.is\\\/\"},{\"@type\":\"ListItem\",\"position\":2,\"name\":\"Shop\",\"item\":\"https:\\\/\\\/vorulagerinn.is\\\/en\\\/shop\\\/\"},{\"@type\":\"ListItem\",\"position\":3,\"name\":\"S\u00edmahaldari me\u00f0 segulfestingu \u00ed b\u00edl (samanbrj\u00f3tanlegur)\"}]},{\"@type\":\"WebSite\",\"@id\":\"https:\\\/\\\/vorulagerinn.is\\\/#website\",\"url\":\"https:\\\/\\\/vorulagerinn.is\\\/\",\"name\":\"V\u00f6rulagerinn\",\"description\":\"L\u00e1ttu \u00fea\u00f0 eftir \u00fe\u00e9r\",\"publisher\":{\"@id\":\"https:\\\/\\\/vorulagerinn.is\\\/#organization\"},\"potentialAction\":[{\"@type\":\"SearchAction\",\"target\":{\"@type\":\"EntryPoint\",\"urlTemplate\":\"https:\\\/\\\/vorulagerinn.is\\\/?s={search_term_string}\"},\"query-input\":{\"@type\":\"PropertyValueSpecification\",\"valueRequired\":true,\"valueName\":\"search_term_string\"}}],\"inLanguage\":\"en-US\"},{\"@type\":\"Organization\",\"@id\":\"https:\\\/\\\/vorulagerinn.is\\\/#organization\",\"name\":\"V\u00f6rulagerinn\",\"url\":\"https:\\\/\\\/vorulagerinn.is\\\/\",\"logo\":{\"@type\":\"ImageObject\",\"inLanguage\":\"en-US\",\"@id\":\"https:\\\/\\\/vorulagerinn.is\\\/#\\\/schema\\\/logo\\\/image\\\/\",\"url\":\"https:\\\/\\\/vorulagerinn.is\\\/wp-content\\\/uploads\\\/2022\\\/09\\\/Vorulagerinn-Logo-588x160-1.png\",\"contentUrl\":\"https:\\\/\\\/vorulagerinn.is\\\/wp-content\\\/uploads\\\/2022\\\/09\\\/Vorulagerinn-Logo-588x160-1.png\",\"width\":588,\"height\":160,\"caption\":\"V\u00f6rulagerinn\"},\"image\":{\"@id\":\"https:\\\/\\\/vorulagerinn.is\\\/#\\\/schema\\\/logo\\\/image\\\/\"},\"sameAs\":[\"https:\\\/\\\/www.facebook.com\\\/vorulagerinn\",\"https:\\\/\\\/www.instagram.com\\\/vorulagerinn\\\/\"]}]}<\/script>\n<meta property=\"product:price:amount\" content=\"4400\" \/>\n<meta property=\"product:price:currency\" content=\"ISK\" \/>\n<meta property=\"og:availability\" content=\"instock\" \/>\n<meta property=\"product:availability\" content=\"instock\" \/>\n<meta property=\"product:retailer_item_id\" content=\"JR-ZS373\" \/>\n<meta property=\"product:condition\" content=\"new\" \/>\n<!-- \/ Yoast SEO Premium plugin. -->","yoast_head_json":{"title":"S\u00edmahaldari me\u00f0 segulfestingu \u00ed b\u00edl (samanbrj\u00f3tanlegur)","description":"\u00dea\u00f0 er h\u00e6gt a\u00f0 festa s\u00edmahaldarann \u00e1 innr\u00e9ttingu b\u00edlsins, sn\u00faa \u00ed 360 gr\u00e1\u00f0ur, draga hann a\u00f0eins til e\u00f0a fr\u00e1, halla e\u00f0a slota ni\u00f0ur innr\u00e9ttinguna.","robots":{"index":"index","follow":"follow","max-snippet":"max-snippet:-1","max-image-preview":"max-image-preview:large","max-video-preview":"max-video-preview:-1"},"canonical":"https:\/\/vorulagerinn.is\/product\/jr-zs373\/","og_locale":"en_US","og_type":"article","og_title":"S\u00edmahaldari me\u00f0 segulfestingu \u00ed b\u00edl (samanbrj\u00f3tanlegur)","og_description":"\u00dea\u00f0 er h\u00e6gt a\u00f0 festa s\u00edmahaldarann \u00e1 innr\u00e9ttingu b\u00edlsins, sn\u00faa \u00ed 360 gr\u00e1\u00f0ur, draga hann a\u00f0eins til e\u00f0a fr\u00e1, halla e\u00f0a slota ni\u00f0ur innr\u00e9ttinguna.","og_url":"https:\/\/vorulagerinn.is\/product\/jr-zs373\/","og_site_name":"V&ouml;rulagerinn","article_publisher":"https:\/\/www.facebook.com\/vorulagerinn","article_modified_time":"2025-11-25T17:15:46+00:00","og_image":[{"width":600,"height":600,"url":"https:\/\/vorulagerinn.is\/wp-content\/uploads\/2025\/10\/jr-zs373.jpg","type":"image\/jpeg"}],"twitter_card":"summary_large_image","twitter_misc":{"Price":"4.400&nbsp;kr.","Availability":"In stock"},"schema":{"@context":"https:\/\/schema.org","@graph":[{"@type":"WebPage","@id":"https:\/\/vorulagerinn.is\/product\/jr-zs373\/","url":"https:\/\/vorulagerinn.is\/product\/jr-zs373\/","name":"S\u00edmahaldari me\u00f0 segulfestingu \u00ed b\u00edl (samanbrj\u00f3tanlegur)","isPartOf":{"@id":"https:\/\/vorulagerinn.is\/#website"},"primaryImageOfPage":{"@id":"https:\/\/vorulagerinn.is\/product\/jr-zs373\/#primaryimage"},"image":{"@id":"https:\/\/vorulagerinn.is\/product\/jr-zs373\/#primaryimage"},"thumbnailUrl":"https:\/\/vorulagerinn.is\/wp-content\/uploads\/2025\/10\/jr-zs373.jpg","datePublished":"2025-07-25T10:08:02+00:00","dateModified":"2025-11-25T17:15:46+00:00","description":"\u00dea\u00f0 er h\u00e6gt a\u00f0 festa s\u00edmahaldarann \u00e1 innr\u00e9ttingu b\u00edlsins, sn\u00faa \u00ed 360 gr\u00e1\u00f0ur, draga hann a\u00f0eins til e\u00f0a fr\u00e1, halla e\u00f0a slota ni\u00f0ur innr\u00e9ttinguna.","breadcrumb":{"@id":"https:\/\/vorulagerinn.is\/product\/jr-zs373\/#breadcrumb"},"inLanguage":"en-US","potentialAction":[{"@type":"ReadAction","target":["https:\/\/vorulagerinn.is\/product\/jr-zs373\/"]}]},{"@type":"ImageObject","inLanguage":"en-US","@id":"https:\/\/vorulagerinn.is\/product\/jr-zs373\/#primaryimage","url":"https:\/\/vorulagerinn.is\/wp-content\/uploads\/2025\/10\/jr-zs373.jpg","contentUrl":"https:\/\/vorulagerinn.is\/wp-content\/uploads\/2025\/10\/jr-zs373.jpg","width":600,"height":600},{"@type":"BreadcrumbList","@id":"https:\/\/vorulagerinn.is\/product\/jr-zs373\/#breadcrumb","itemListElement":[{"@type":"ListItem","position":1,"name":"Home","item":"https:\/\/vorulagerinn.is\/"},{"@type":"ListItem","position":2,"name":"Shop","item":"https:\/\/vorulagerinn.is\/en\/shop\/"},{"@type":"ListItem","position":3,"name":"S\u00edmahaldari me\u00f0 segulfestingu \u00ed b\u00edl (samanbrj\u00f3tanlegur)"}]},{"@type":"WebSite","@id":"https:\/\/vorulagerinn.is\/#website","url":"https:\/\/vorulagerinn.is\/","name":"V\u00f6rulagerinn","description":"L\u00e1ttu \u00fea\u00f0 eftir \u00fe\u00e9r","publisher":{"@id":"https:\/\/vorulagerinn.is\/#organization"},"potentialAction":[{"@type":"SearchAction","target":{"@type":"EntryPoint","urlTemplate":"https:\/\/vorulagerinn.is\/?s={search_term_string}"},"query-input":{"@type":"PropertyValueSpecification","valueRequired":true,"valueName":"search_term_string"}}],"inLanguage":"en-US"},{"@type":"Organization","@id":"https:\/\/vorulagerinn.is\/#organization","name":"V\u00f6rulagerinn","url":"https:\/\/vorulagerinn.is\/","logo":{"@type":"ImageObject","inLanguage":"en-US","@id":"https:\/\/vorulagerinn.is\/#\/schema\/logo\/image\/","url":"https:\/\/vorulagerinn.is\/wp-content\/uploads\/2022\/09\/Vorulagerinn-Logo-588x160-1.png","contentUrl":"https:\/\/vorulagerinn.is\/wp-content\/uploads\/2022\/09\/Vorulagerinn-Logo-588x160-1.png","width":588,"height":160,"caption":"V\u00f6rulagerinn"},"image":{"@id":"https:\/\/vorulagerinn.is\/#\/schema\/logo\/image\/"},"sameAs":["https:\/\/www.facebook.com\/vorulagerinn","https:\/\/www.instagram.com\/vorulagerinn\/"]}]},"product_price_amount":"4400","product_price_currency":"ISK","og_availability":"instock","product_availability":"instock","product_retailer_item_id":"JR-ZS373","product_condition":"new"},"_links":{"self":[{"href":"https:\/\/vorulagerinn.is\/en\/wp-json\/wp\/v2\/product\/29534","targetHints":{"allow":["GET"]}}],"collection":[{"href":"https:\/\/vorulagerinn.is\/en\/wp-json\/wp\/v2\/product"}],"about":[{"href":"https:\/\/vorulagerinn.is\/en\/wp-json\/wp\/v2\/types\/product"}],"wp:featuredmedia":[{"embeddable":true,"href":"https:\/\/vorulagerinn.is\/en\/wp-json\/wp\/v2\/media\/29528"}],"wp:attachment":[{"href":"https:\/\/vorulagerinn.is\/en\/wp-json\/wp\/v2\/media?parent=29534"}],"wp:term":[{"taxonomy":"product_brand","embeddable":true,"href":"https:\/\/vorulagerinn.is\/en\/wp-json\/wp\/v2\/product_brand?post=29534"},{"taxonomy":"product_cat","embeddable":true,"href":"https:\/\/vorulagerinn.is\/en\/wp-json\/wp\/v2\/product_cat?post=29534"},{"taxonomy":"product_tag","embeddable":true,"href":"https:\/\/vorulagerinn.is\/en\/wp-json\/wp\/v2\/product_tag?post=29534"}],"curies":[{"name":"wp","href":"https:\/\/api.w.org\/{rel}","templated":true}]}}