{"id":29546,"date":"2025-06-27T13:54:37","date_gmt":"2025-06-27T13:54:37","guid":{"rendered":"https:\/\/vorulagerinn.is\/product\/simahaldari-i-bilinn-med-segulfestingu-og-sogskal-2\/"},"modified":"2026-01-21T12:26:56","modified_gmt":"2026-01-21T12:26:56","slug":"jr-zs501-0","status":"publish","type":"product","link":"https:\/\/vorulagerinn.is\/en\/product\/jr-zs501-0\/","title":{"rendered":"S\u00edmahaldari \u00ed b\u00edlinn me\u00f0 segulfestingu og sogsk\u00e1l"},"content":{"rendered":"<div style=\"width: 1020px;\" class=\"wp-video\"><video class=\"wp-video-shortcode\" id=\"video-29546-1\" width=\"1020\" height=\"574\" preload=\"metadata\" controls=\"controls\"><source type=\"video\/mp4\" src=\"https:\/\/fodurlandid.is\/wp-content\/uploads\/2025\/06\/JR-ZS501-0.mp4?_=1\" \/><a href=\"https:\/\/fodurlandid.is\/wp-content\/uploads\/2025\/06\/JR-ZS501-0.mp4\">https:\/\/fodurlandid.is\/wp-content\/uploads\/2025\/06\/JR-ZS501-0.mp4<\/a><\/video><\/div>\n","protected":false},"excerpt":{"rendered":"<p>\u00d6flugur og sterkur s\u00edmahaldari sem komi\u00f0 er t.d. fyrir \u00e1 r\u00fa\u00f0u e\u00f0a innr\u00e9ttingu b\u00edlsins. Hann er festur me\u00f0 \u00fev\u00ed a\u00f0 sn\u00faa botnstykki til vinstri og leystur me\u00f0 a\u00f0 sn\u00faa til h\u00e6gri. \u00dea\u00f0 m\u00e1 l\u00edka festa hann \u00e1 skrifbor\u00f0, spegil, \u00edssk\u00e1p o.s.frv.<\/p>\n<p>S\u00edmahaldarinn er me\u00f0 segulfestingu sem heldur s\u00edmanum alveg f\u00f6stum vi\u00f0 akstur. H\u00e6gt a\u00f0 sn\u00faa \u00ed 360 gr\u00e1\u00f0ur, leggja ni\u00f0ur og halla til vinstri og h\u00e6gri alveg eftir \u00fe\u00f6rfum b\u00edlstj\u00f3rans. S\u00edmahaldarinn hentar fullkomlega fyrir iPhone 12\/13\/14\/15 og 16 en \u00feessir s\u00edmar eru allir me\u00f0 innbygg\u00f0an MageSafe segul. \u00dea\u00f0 fylgir me\u00f0 segulhringur sem h\u00e6gt er a\u00f0 festa aftan \u00e1 Android s\u00edma e\u00f0a s\u00edmahulstur.<\/p>\n<p>Fr\u00e1b\u00e6r s\u00edmahaldari sem h\u00e6gt er a\u00f0 f\u00e6ra til eftir \u00fe\u00f6rfum og festa n\u00e1nast hvar sem er.<\/p>\n<p>&#8211; Sj\u00e1 myndband af v\u00f6ru ne\u00f0ar \u00e1 \u00feessari s\u00ed\u00f0u<br \/>\n&#8211; Litur: Svartur<br \/>\n&#8211; St\u00e6r\u00f0:<br \/>\n&#8211; \u00deyngd: 94,5g<br \/>\n&#8211; S\u00edmast\u00e6r\u00f0: 4,7&#8243;-7&#8243;<br \/>\n&#8211; MageSafe<br \/>\n&#8211; Efni: PC, TPU, Zinc Alloy<br \/>\n&#8211; Segulhringur fylgir me\u00f0<\/p>\n","protected":false},"featured_media":29538,"template":"","meta":[],"product_brand":[420],"product_cat":[387],"product_tag":[],"class_list":{"0":"post-29546","1":"product","2":"type-product","3":"status-publish","4":"has-post-thumbnail","6":"product_brand-joyroom","7":"product_cat-simahaldari-i-bil","9":"first","10":"instock","11":"sale","12":"taxable","13":"shipping-taxable","14":"purchasable","15":"product-type-simple"},"supplier_id":null,"supplier_sku":"","barcode":null,"atum_controlled":true,"out_stock_date":null,"out_stock_threshold":null,"inheritable":false,"inbound_stock":0,"stock_on_hold":0,"sold_today":0,"sales_last_days":0,"reserved_stock":0,"customer_returns":0,"warehouse_damage":0,"lost_in_post":0,"other_logs":0,"out_stock_days":0,"lost_sales":0,"has_location":false,"update_date":"2026-04-12T00:15:25","atum_locations":[],"atum_stock_status":"instock","restock_status":false,"low_stock_amount":"","sales_update_date":"2026-04-12T00:15:25","calc_backorders":null,"yoast_head":"<!-- This site is optimized with the Yoast SEO Premium plugin v26.6 (Yoast SEO v27.3) - https:\/\/yoast.com\/product\/yoast-seo-premium-wordpress\/ -->\n<title>S\u00edmahaldari me\u00f0 segulfestingu og sogsk\u00e1l<\/title>\n<meta name=\"description\" content=\"\u00d6flugur &amp; sterkur s\u00edmahaldari sem komi\u00f0 er t.d. fyrir \u00e1 r\u00fa\u00f0u e\u00f0a innr\u00e9ttingu b\u00edlsins. Festur me\u00f0 \u00fev\u00ed a\u00f0 sn\u00faa botnstykki til vinstri og leysa til h\u00e6gri\" \/>\n<meta name=\"robots\" content=\"index, follow, max-snippet:-1, max-image-preview:large, max-video-preview:-1\" \/>\n<link rel=\"canonical\" href=\"https:\/\/vorulagerinn.is\/product\/jr-zs501-0\/\" \/>\n<meta property=\"og:locale\" content=\"en_US\" \/>\n<meta property=\"og:type\" content=\"article\" \/>\n<meta property=\"og:title\" content=\"S\u00edmahaldari \u00ed b\u00edlinn me\u00f0 segulfestingu og sogsk\u00e1l\" \/>\n<meta property=\"og:description\" content=\"\u00d6flugur &amp; sterkur s\u00edmahaldari sem komi\u00f0 er t.d. fyrir \u00e1 r\u00fa\u00f0u e\u00f0a innr\u00e9ttingu b\u00edlsins. Festur me\u00f0 \u00fev\u00ed a\u00f0 sn\u00faa botnstykki til vinstri og leysa til h\u00e6gri\" \/>\n<meta property=\"og:url\" content=\"https:\/\/vorulagerinn.is\/product\/jr-zs501-0\/\" \/>\n<meta property=\"og:site_name\" content=\"V&ouml;rulagerinn\" \/>\n<meta property=\"article:publisher\" content=\"https:\/\/www.facebook.com\/vorulagerinn\" \/>\n<meta property=\"article:modified_time\" content=\"2026-01-21T12:26:56+00:00\" \/>\n<meta property=\"og:image\" content=\"https:\/\/vorulagerinn.is\/wp-content\/uploads\/2025\/10\/JR-ZS501-0.jpg\" \/>\n\t<meta property=\"og:image:width\" content=\"600\" \/>\n\t<meta property=\"og:image:height\" content=\"600\" \/>\n\t<meta property=\"og:image:type\" content=\"image\/jpeg\" \/>\n<meta name=\"twitter:card\" content=\"summary_large_image\" \/>\n<meta name=\"twitter:label1\" content=\"Price\" \/>\n\t<meta name=\"twitter:data1\" content=\"4.800&nbsp;kr.\" \/>\n\t<meta name=\"twitter:label2\" content=\"Availability\" \/>\n\t<meta name=\"twitter:data2\" content=\"In stock\" \/>\n<script type=\"application\/ld+json\" class=\"yoast-schema-graph\">{\"@context\":\"https:\\\/\\\/schema.org\",\"@graph\":[{\"@type\":\"WebPage\",\"@id\":\"https:\\\/\\\/vorulagerinn.is\\\/product\\\/jr-zs501-0\\\/\",\"url\":\"https:\\\/\\\/vorulagerinn.is\\\/product\\\/jr-zs501-0\\\/\",\"name\":\"S\u00edmahaldari me\u00f0 segulfestingu og sogsk\u00e1l\",\"isPartOf\":{\"@id\":\"https:\\\/\\\/vorulagerinn.is\\\/#website\"},\"primaryImageOfPage\":{\"@id\":\"https:\\\/\\\/vorulagerinn.is\\\/product\\\/jr-zs501-0\\\/#primaryimage\"},\"image\":{\"@id\":\"https:\\\/\\\/vorulagerinn.is\\\/product\\\/jr-zs501-0\\\/#primaryimage\"},\"thumbnailUrl\":\"https:\\\/\\\/vorulagerinn.is\\\/wp-content\\\/uploads\\\/2025\\\/10\\\/JR-ZS501-0.jpg\",\"datePublished\":\"2025-06-27T13:54:37+00:00\",\"dateModified\":\"2026-01-21T12:26:56+00:00\",\"description\":\"\u00d6flugur & sterkur s\u00edmahaldari sem komi\u00f0 er t.d. fyrir \u00e1 r\u00fa\u00f0u e\u00f0a innr\u00e9ttingu b\u00edlsins. Festur me\u00f0 \u00fev\u00ed a\u00f0 sn\u00faa botnstykki til vinstri og leysa til h\u00e6gri\",\"breadcrumb\":{\"@id\":\"https:\\\/\\\/vorulagerinn.is\\\/product\\\/jr-zs501-0\\\/#breadcrumb\"},\"inLanguage\":\"en-US\",\"potentialAction\":[{\"@type\":\"ReadAction\",\"target\":[\"https:\\\/\\\/vorulagerinn.is\\\/product\\\/jr-zs501-0\\\/\"]}]},{\"@type\":\"ImageObject\",\"inLanguage\":\"en-US\",\"@id\":\"https:\\\/\\\/vorulagerinn.is\\\/product\\\/jr-zs501-0\\\/#primaryimage\",\"url\":\"https:\\\/\\\/vorulagerinn.is\\\/wp-content\\\/uploads\\\/2025\\\/10\\\/JR-ZS501-0.jpg\",\"contentUrl\":\"https:\\\/\\\/vorulagerinn.is\\\/wp-content\\\/uploads\\\/2025\\\/10\\\/JR-ZS501-0.jpg\",\"width\":600,\"height\":600},{\"@type\":\"BreadcrumbList\",\"@id\":\"https:\\\/\\\/vorulagerinn.is\\\/product\\\/jr-zs501-0\\\/#breadcrumb\",\"itemListElement\":[{\"@type\":\"ListItem\",\"position\":1,\"name\":\"Home\",\"item\":\"https:\\\/\\\/vorulagerinn.is\\\/\"},{\"@type\":\"ListItem\",\"position\":2,\"name\":\"Shop\",\"item\":\"https:\\\/\\\/vorulagerinn.is\\\/en\\\/shop\\\/\"},{\"@type\":\"ListItem\",\"position\":3,\"name\":\"S\u00edmahaldari \u00ed b\u00edlinn me\u00f0 segulfestingu og sogsk\u00e1l\"}]},{\"@type\":\"WebSite\",\"@id\":\"https:\\\/\\\/vorulagerinn.is\\\/#website\",\"url\":\"https:\\\/\\\/vorulagerinn.is\\\/\",\"name\":\"V\u00f6rulagerinn\",\"description\":\"L\u00e1ttu \u00fea\u00f0 eftir \u00fe\u00e9r\",\"publisher\":{\"@id\":\"https:\\\/\\\/vorulagerinn.is\\\/#organization\"},\"potentialAction\":[{\"@type\":\"SearchAction\",\"target\":{\"@type\":\"EntryPoint\",\"urlTemplate\":\"https:\\\/\\\/vorulagerinn.is\\\/?s={search_term_string}\"},\"query-input\":{\"@type\":\"PropertyValueSpecification\",\"valueRequired\":true,\"valueName\":\"search_term_string\"}}],\"inLanguage\":\"en-US\"},{\"@type\":\"Organization\",\"@id\":\"https:\\\/\\\/vorulagerinn.is\\\/#organization\",\"name\":\"V\u00f6rulagerinn\",\"url\":\"https:\\\/\\\/vorulagerinn.is\\\/\",\"logo\":{\"@type\":\"ImageObject\",\"inLanguage\":\"en-US\",\"@id\":\"https:\\\/\\\/vorulagerinn.is\\\/#\\\/schema\\\/logo\\\/image\\\/\",\"url\":\"https:\\\/\\\/vorulagerinn.is\\\/wp-content\\\/uploads\\\/2022\\\/09\\\/Vorulagerinn-Logo-588x160-1.png\",\"contentUrl\":\"https:\\\/\\\/vorulagerinn.is\\\/wp-content\\\/uploads\\\/2022\\\/09\\\/Vorulagerinn-Logo-588x160-1.png\",\"width\":588,\"height\":160,\"caption\":\"V\u00f6rulagerinn\"},\"image\":{\"@id\":\"https:\\\/\\\/vorulagerinn.is\\\/#\\\/schema\\\/logo\\\/image\\\/\"},\"sameAs\":[\"https:\\\/\\\/www.facebook.com\\\/vorulagerinn\",\"https:\\\/\\\/www.instagram.com\\\/vorulagerinn\\\/\"]}]}<\/script>\n<meta property=\"product:price:amount\" content=\"4800\" \/>\n<meta property=\"product:price:currency\" content=\"ISK\" \/>\n<meta property=\"og:availability\" content=\"instock\" \/>\n<meta property=\"product:availability\" content=\"instock\" \/>\n<meta property=\"product:retailer_item_id\" content=\"JR-ZS501-0\" \/>\n<meta property=\"product:condition\" content=\"new\" \/>\n<!-- \/ Yoast SEO Premium plugin. -->","yoast_head_json":{"title":"S\u00edmahaldari me\u00f0 segulfestingu og sogsk\u00e1l","description":"\u00d6flugur & sterkur s\u00edmahaldari sem komi\u00f0 er t.d. fyrir \u00e1 r\u00fa\u00f0u e\u00f0a innr\u00e9ttingu b\u00edlsins. Festur me\u00f0 \u00fev\u00ed a\u00f0 sn\u00faa botnstykki til vinstri og leysa til h\u00e6gri","robots":{"index":"index","follow":"follow","max-snippet":"max-snippet:-1","max-image-preview":"max-image-preview:large","max-video-preview":"max-video-preview:-1"},"canonical":"https:\/\/vorulagerinn.is\/product\/jr-zs501-0\/","og_locale":"en_US","og_type":"article","og_title":"S\u00edmahaldari \u00ed b\u00edlinn me\u00f0 segulfestingu og sogsk\u00e1l","og_description":"\u00d6flugur & sterkur s\u00edmahaldari sem komi\u00f0 er t.d. fyrir \u00e1 r\u00fa\u00f0u e\u00f0a innr\u00e9ttingu b\u00edlsins. Festur me\u00f0 \u00fev\u00ed a\u00f0 sn\u00faa botnstykki til vinstri og leysa til h\u00e6gri","og_url":"https:\/\/vorulagerinn.is\/product\/jr-zs501-0\/","og_site_name":"V&ouml;rulagerinn","article_publisher":"https:\/\/www.facebook.com\/vorulagerinn","article_modified_time":"2026-01-21T12:26:56+00:00","og_image":[{"width":600,"height":600,"url":"https:\/\/vorulagerinn.is\/wp-content\/uploads\/2025\/10\/JR-ZS501-0.jpg","type":"image\/jpeg"}],"twitter_card":"summary_large_image","twitter_misc":{"Price":"4.800&nbsp;kr.","Availability":"In stock"},"schema":{"@context":"https:\/\/schema.org","@graph":[{"@type":"WebPage","@id":"https:\/\/vorulagerinn.is\/product\/jr-zs501-0\/","url":"https:\/\/vorulagerinn.is\/product\/jr-zs501-0\/","name":"S\u00edmahaldari me\u00f0 segulfestingu og sogsk\u00e1l","isPartOf":{"@id":"https:\/\/vorulagerinn.is\/#website"},"primaryImageOfPage":{"@id":"https:\/\/vorulagerinn.is\/product\/jr-zs501-0\/#primaryimage"},"image":{"@id":"https:\/\/vorulagerinn.is\/product\/jr-zs501-0\/#primaryimage"},"thumbnailUrl":"https:\/\/vorulagerinn.is\/wp-content\/uploads\/2025\/10\/JR-ZS501-0.jpg","datePublished":"2025-06-27T13:54:37+00:00","dateModified":"2026-01-21T12:26:56+00:00","description":"\u00d6flugur & sterkur s\u00edmahaldari sem komi\u00f0 er t.d. fyrir \u00e1 r\u00fa\u00f0u e\u00f0a innr\u00e9ttingu b\u00edlsins. Festur me\u00f0 \u00fev\u00ed a\u00f0 sn\u00faa botnstykki til vinstri og leysa til h\u00e6gri","breadcrumb":{"@id":"https:\/\/vorulagerinn.is\/product\/jr-zs501-0\/#breadcrumb"},"inLanguage":"en-US","potentialAction":[{"@type":"ReadAction","target":["https:\/\/vorulagerinn.is\/product\/jr-zs501-0\/"]}]},{"@type":"ImageObject","inLanguage":"en-US","@id":"https:\/\/vorulagerinn.is\/product\/jr-zs501-0\/#primaryimage","url":"https:\/\/vorulagerinn.is\/wp-content\/uploads\/2025\/10\/JR-ZS501-0.jpg","contentUrl":"https:\/\/vorulagerinn.is\/wp-content\/uploads\/2025\/10\/JR-ZS501-0.jpg","width":600,"height":600},{"@type":"BreadcrumbList","@id":"https:\/\/vorulagerinn.is\/product\/jr-zs501-0\/#breadcrumb","itemListElement":[{"@type":"ListItem","position":1,"name":"Home","item":"https:\/\/vorulagerinn.is\/"},{"@type":"ListItem","position":2,"name":"Shop","item":"https:\/\/vorulagerinn.is\/en\/shop\/"},{"@type":"ListItem","position":3,"name":"S\u00edmahaldari \u00ed b\u00edlinn me\u00f0 segulfestingu og sogsk\u00e1l"}]},{"@type":"WebSite","@id":"https:\/\/vorulagerinn.is\/#website","url":"https:\/\/vorulagerinn.is\/","name":"V\u00f6rulagerinn","description":"L\u00e1ttu \u00fea\u00f0 eftir \u00fe\u00e9r","publisher":{"@id":"https:\/\/vorulagerinn.is\/#organization"},"potentialAction":[{"@type":"SearchAction","target":{"@type":"EntryPoint","urlTemplate":"https:\/\/vorulagerinn.is\/?s={search_term_string}"},"query-input":{"@type":"PropertyValueSpecification","valueRequired":true,"valueName":"search_term_string"}}],"inLanguage":"en-US"},{"@type":"Organization","@id":"https:\/\/vorulagerinn.is\/#organization","name":"V\u00f6rulagerinn","url":"https:\/\/vorulagerinn.is\/","logo":{"@type":"ImageObject","inLanguage":"en-US","@id":"https:\/\/vorulagerinn.is\/#\/schema\/logo\/image\/","url":"https:\/\/vorulagerinn.is\/wp-content\/uploads\/2022\/09\/Vorulagerinn-Logo-588x160-1.png","contentUrl":"https:\/\/vorulagerinn.is\/wp-content\/uploads\/2022\/09\/Vorulagerinn-Logo-588x160-1.png","width":588,"height":160,"caption":"V\u00f6rulagerinn"},"image":{"@id":"https:\/\/vorulagerinn.is\/#\/schema\/logo\/image\/"},"sameAs":["https:\/\/www.facebook.com\/vorulagerinn","https:\/\/www.instagram.com\/vorulagerinn\/"]}]},"product_price_amount":"4800","product_price_currency":"ISK","og_availability":"instock","product_availability":"instock","product_retailer_item_id":"JR-ZS501-0","product_condition":"new"},"_links":{"self":[{"href":"https:\/\/vorulagerinn.is\/en\/wp-json\/wp\/v2\/product\/29546","targetHints":{"allow":["GET"]}}],"collection":[{"href":"https:\/\/vorulagerinn.is\/en\/wp-json\/wp\/v2\/product"}],"about":[{"href":"https:\/\/vorulagerinn.is\/en\/wp-json\/wp\/v2\/types\/product"}],"wp:featuredmedia":[{"embeddable":true,"href":"https:\/\/vorulagerinn.is\/en\/wp-json\/wp\/v2\/media\/29538"}],"wp:attachment":[{"href":"https:\/\/vorulagerinn.is\/en\/wp-json\/wp\/v2\/media?parent=29546"}],"wp:term":[{"taxonomy":"product_brand","embeddable":true,"href":"https:\/\/vorulagerinn.is\/en\/wp-json\/wp\/v2\/product_brand?post=29546"},{"taxonomy":"product_cat","embeddable":true,"href":"https:\/\/vorulagerinn.is\/en\/wp-json\/wp\/v2\/product_cat?post=29546"},{"taxonomy":"product_tag","embeddable":true,"href":"https:\/\/vorulagerinn.is\/en\/wp-json\/wp\/v2\/product_tag?post=29546"}],"curies":[{"name":"wp","href":"https:\/\/api.w.org\/{rel}","templated":true}]}}