{"id":29549,"date":"2025-07-25T07:56:47","date_gmt":"2025-07-25T07:56:47","guid":{"rendered":"https:\/\/vorulagerinn.is\/product\/simahaldari-i-bil-med-sogskalafestingu-og-utdraganlegum-armi\/"},"modified":"2026-02-15T19:02:54","modified_gmt":"2026-02-15T19:02:54","slug":"jr-ok3","status":"publish","type":"product","link":"https:\/\/vorulagerinn.is\/en\/product\/jr-ok3\/","title":{"rendered":"S\u00edmahaldari \u00ed b\u00edl me\u00f0 sogsk\u00e1lafestingu og \u00fatdraganlegum armi"},"content":{"rendered":"<div style=\"width: 1020px;\" class=\"wp-video\"><video class=\"wp-video-shortcode\" id=\"video-29549-1\" width=\"1020\" height=\"574\" preload=\"metadata\" controls=\"controls\"><source type=\"video\/mp4\" src=\"https:\/\/fodurlandid.is\/wp-content\/uploads\/2025\/07\/JR-OK3.mp4?_=1\" \/><a href=\"https:\/\/fodurlandid.is\/wp-content\/uploads\/2025\/07\/JR-OK3.mp4\">https:\/\/fodurlandid.is\/wp-content\/uploads\/2025\/07\/JR-OK3.mp4<\/a><\/video><\/div>\n","protected":false},"excerpt":{"rendered":"<p>S\u00edmahaldari \u00ed b\u00edl sem kemur a\u00f0 g\u00f3\u00f0um notum \u00feegar nota \u00fearf GPS g\u00f6tukort vi\u00f0 akstur. Hann er me\u00f0 sterkri sogsk\u00e1lafestingu sem h\u00e6gt er a\u00f0 koma fyrir \u00e1 r\u00fa\u00f0u e\u00f0a innr\u00e9ttingu b\u00edlsins. Fars\u00edmahaldarinn er me\u00f0 stillanlegum 210 gr\u00e1\u00f0u armi sem h\u00e6gt er a\u00f0 lengja og minnka eftir \u00fe\u00f6rfum. \u00de\u00e1 er h\u00e6gt a\u00f0 sn\u00faa festingunni sem heldur s\u00edmanum \u00ed 360 gr\u00e1\u00f0ur.<\/p>\n<p>\u2013 Sj\u00e1 myndband af v\u00f6ru ne\u00f0ar \u00e1 s\u00ed\u00f0u<br \/>\n\u2013 Litur: Svartur<br \/>\n\u2013 \u00deyngd: 176,5g<br \/>\n\u2013 St\u00e6r\u00f0: 11,7 x 15,5 x 10,9 cm<br \/>\n\u2013 Festing: Sogsk\u00e1l<br \/>\n\u2013 S\u00edmast\u00e6r\u00f0: 3,7 \u2013 6,8\u2033<br \/>\n\u2013 \u00deyngd: 186g<br \/>\n\u2013 Efni: ABS &amp; Silicon<\/p>\n","protected":false},"featured_media":29547,"template":"","meta":[],"product_brand":[420],"product_cat":[387],"product_tag":[],"class_list":{"0":"post-29549","1":"product","2":"type-product","3":"status-publish","4":"has-post-thumbnail","6":"product_brand-joyroom","7":"product_cat-simahaldari-i-bil","9":"first","10":"instock","11":"sale","12":"taxable","13":"shipping-taxable","14":"purchasable","15":"product-type-simple"},"supplier_id":null,"supplier_sku":"","barcode":null,"atum_controlled":true,"out_stock_date":null,"out_stock_threshold":null,"inheritable":false,"inbound_stock":0,"stock_on_hold":0,"sold_today":0,"sales_last_days":0,"reserved_stock":0,"customer_returns":0,"warehouse_damage":0,"lost_in_post":0,"other_logs":0,"out_stock_days":0,"lost_sales":0,"has_location":false,"update_date":"2026-04-19T00:22:46","atum_locations":[],"atum_stock_status":"instock","restock_status":false,"low_stock_amount":"","sales_update_date":"2026-04-19T00:22:46","calc_backorders":null,"yoast_head":"<!-- This site is optimized with the Yoast SEO Premium plugin v26.6 (Yoast SEO v27.3) - https:\/\/yoast.com\/product\/yoast-seo-premium-wordpress\/ -->\n<title>S\u00edmahaldari \u00ed b\u00edl me\u00f0 sogsk\u00e1lafestingu og \u00fatdraganlegum armi<\/title>\n<meta name=\"description\" content=\"S\u00edmahaldarinn er me\u00f0 stillanlegum 210 gr\u00e1\u00f0u armi sem h\u00e6gt er a\u00f0 lengja &amp; minnka eftir \u00fe\u00f6rfum. \u00de\u00e1 er h\u00e6gt a\u00f0 sn\u00faa festingunni sem heldur s\u00edmanum \u00ed 360 gr\u00e1\u00f0ur\" \/>\n<meta name=\"robots\" content=\"index, follow, max-snippet:-1, max-image-preview:large, max-video-preview:-1\" \/>\n<link rel=\"canonical\" href=\"https:\/\/vorulagerinn.is\/product\/jr-ok3\/\" \/>\n<meta property=\"og:locale\" content=\"en_US\" \/>\n<meta property=\"og:type\" content=\"article\" \/>\n<meta property=\"og:title\" content=\"S\u00edmahaldari \u00ed b\u00edl me\u00f0 sogsk\u00e1lafestingu og \u00fatdraganlegum armi\" \/>\n<meta property=\"og:description\" content=\"S\u00edmahaldarinn er me\u00f0 stillanlegum 210 gr\u00e1\u00f0u armi sem h\u00e6gt er a\u00f0 lengja &amp; minnka eftir \u00fe\u00f6rfum. \u00de\u00e1 er h\u00e6gt a\u00f0 sn\u00faa festingunni sem heldur s\u00edmanum \u00ed 360 gr\u00e1\u00f0ur\" \/>\n<meta property=\"og:url\" content=\"https:\/\/vorulagerinn.is\/product\/jr-ok3\/\" \/>\n<meta property=\"og:site_name\" content=\"V&ouml;rulagerinn\" \/>\n<meta property=\"article:publisher\" content=\"https:\/\/www.facebook.com\/vorulagerinn\" \/>\n<meta property=\"article:modified_time\" content=\"2026-02-15T19:02:54+00:00\" \/>\n<meta property=\"og:image\" content=\"https:\/\/vorulagerinn.is\/wp-content\/uploads\/2025\/10\/JR-OK3.jpg\" \/>\n\t<meta property=\"og:image:width\" content=\"600\" \/>\n\t<meta property=\"og:image:height\" content=\"600\" \/>\n\t<meta property=\"og:image:type\" content=\"image\/jpeg\" \/>\n<meta name=\"twitter:card\" content=\"summary_large_image\" \/>\n<meta name=\"twitter:label1\" content=\"Price\" \/>\n\t<meta name=\"twitter:data1\" content=\"4.400&nbsp;kr.\" \/>\n\t<meta name=\"twitter:label2\" content=\"Availability\" \/>\n\t<meta name=\"twitter:data2\" content=\"In stock\" \/>\n<script type=\"application\/ld+json\" class=\"yoast-schema-graph\">{\"@context\":\"https:\\\/\\\/schema.org\",\"@graph\":[{\"@type\":\"WebPage\",\"@id\":\"https:\\\/\\\/vorulagerinn.is\\\/product\\\/jr-ok3\\\/\",\"url\":\"https:\\\/\\\/vorulagerinn.is\\\/product\\\/jr-ok3\\\/\",\"name\":\"S\u00edmahaldari \u00ed b\u00edl me\u00f0 sogsk\u00e1lafestingu og \u00fatdraganlegum armi\",\"isPartOf\":{\"@id\":\"https:\\\/\\\/vorulagerinn.is\\\/#website\"},\"primaryImageOfPage\":{\"@id\":\"https:\\\/\\\/vorulagerinn.is\\\/product\\\/jr-ok3\\\/#primaryimage\"},\"image\":{\"@id\":\"https:\\\/\\\/vorulagerinn.is\\\/product\\\/jr-ok3\\\/#primaryimage\"},\"thumbnailUrl\":\"https:\\\/\\\/vorulagerinn.is\\\/wp-content\\\/uploads\\\/2025\\\/10\\\/JR-OK3.jpg\",\"datePublished\":\"2025-07-25T07:56:47+00:00\",\"dateModified\":\"2026-02-15T19:02:54+00:00\",\"description\":\"S\u00edmahaldarinn er me\u00f0 stillanlegum 210 gr\u00e1\u00f0u armi sem h\u00e6gt er a\u00f0 lengja & minnka eftir \u00fe\u00f6rfum. \u00de\u00e1 er h\u00e6gt a\u00f0 sn\u00faa festingunni sem heldur s\u00edmanum \u00ed 360 gr\u00e1\u00f0ur\",\"breadcrumb\":{\"@id\":\"https:\\\/\\\/vorulagerinn.is\\\/product\\\/jr-ok3\\\/#breadcrumb\"},\"inLanguage\":\"en-US\",\"potentialAction\":[{\"@type\":\"ReadAction\",\"target\":[\"https:\\\/\\\/vorulagerinn.is\\\/product\\\/jr-ok3\\\/\"]}]},{\"@type\":\"ImageObject\",\"inLanguage\":\"en-US\",\"@id\":\"https:\\\/\\\/vorulagerinn.is\\\/product\\\/jr-ok3\\\/#primaryimage\",\"url\":\"https:\\\/\\\/vorulagerinn.is\\\/wp-content\\\/uploads\\\/2025\\\/10\\\/JR-OK3.jpg\",\"contentUrl\":\"https:\\\/\\\/vorulagerinn.is\\\/wp-content\\\/uploads\\\/2025\\\/10\\\/JR-OK3.jpg\",\"width\":600,\"height\":600},{\"@type\":\"BreadcrumbList\",\"@id\":\"https:\\\/\\\/vorulagerinn.is\\\/product\\\/jr-ok3\\\/#breadcrumb\",\"itemListElement\":[{\"@type\":\"ListItem\",\"position\":1,\"name\":\"Home\",\"item\":\"https:\\\/\\\/vorulagerinn.is\\\/\"},{\"@type\":\"ListItem\",\"position\":2,\"name\":\"Shop\",\"item\":\"https:\\\/\\\/vorulagerinn.is\\\/en\\\/shop\\\/\"},{\"@type\":\"ListItem\",\"position\":3,\"name\":\"S\u00edmahaldari \u00ed b\u00edl me\u00f0 sogsk\u00e1lafestingu og \u00fatdraganlegum armi\"}]},{\"@type\":\"WebSite\",\"@id\":\"https:\\\/\\\/vorulagerinn.is\\\/#website\",\"url\":\"https:\\\/\\\/vorulagerinn.is\\\/\",\"name\":\"V\u00f6rulagerinn\",\"description\":\"L\u00e1ttu \u00fea\u00f0 eftir \u00fe\u00e9r\",\"publisher\":{\"@id\":\"https:\\\/\\\/vorulagerinn.is\\\/#organization\"},\"potentialAction\":[{\"@type\":\"SearchAction\",\"target\":{\"@type\":\"EntryPoint\",\"urlTemplate\":\"https:\\\/\\\/vorulagerinn.is\\\/?s={search_term_string}\"},\"query-input\":{\"@type\":\"PropertyValueSpecification\",\"valueRequired\":true,\"valueName\":\"search_term_string\"}}],\"inLanguage\":\"en-US\"},{\"@type\":\"Organization\",\"@id\":\"https:\\\/\\\/vorulagerinn.is\\\/#organization\",\"name\":\"V\u00f6rulagerinn\",\"url\":\"https:\\\/\\\/vorulagerinn.is\\\/\",\"logo\":{\"@type\":\"ImageObject\",\"inLanguage\":\"en-US\",\"@id\":\"https:\\\/\\\/vorulagerinn.is\\\/#\\\/schema\\\/logo\\\/image\\\/\",\"url\":\"https:\\\/\\\/vorulagerinn.is\\\/wp-content\\\/uploads\\\/2022\\\/09\\\/Vorulagerinn-Logo-588x160-1.png\",\"contentUrl\":\"https:\\\/\\\/vorulagerinn.is\\\/wp-content\\\/uploads\\\/2022\\\/09\\\/Vorulagerinn-Logo-588x160-1.png\",\"width\":588,\"height\":160,\"caption\":\"V\u00f6rulagerinn\"},\"image\":{\"@id\":\"https:\\\/\\\/vorulagerinn.is\\\/#\\\/schema\\\/logo\\\/image\\\/\"},\"sameAs\":[\"https:\\\/\\\/www.facebook.com\\\/vorulagerinn\",\"https:\\\/\\\/www.instagram.com\\\/vorulagerinn\\\/\"]}]}<\/script>\n<meta property=\"product:price:amount\" content=\"4400\" \/>\n<meta property=\"product:price:currency\" content=\"ISK\" \/>\n<meta property=\"og:availability\" content=\"instock\" \/>\n<meta property=\"product:availability\" content=\"instock\" \/>\n<meta property=\"product:retailer_item_id\" content=\"JR-OK3\" \/>\n<meta property=\"product:condition\" content=\"new\" \/>\n<!-- \/ Yoast SEO Premium plugin. -->","yoast_head_json":{"title":"S\u00edmahaldari \u00ed b\u00edl me\u00f0 sogsk\u00e1lafestingu og \u00fatdraganlegum armi","description":"S\u00edmahaldarinn er me\u00f0 stillanlegum 210 gr\u00e1\u00f0u armi sem h\u00e6gt er a\u00f0 lengja & minnka eftir \u00fe\u00f6rfum. \u00de\u00e1 er h\u00e6gt a\u00f0 sn\u00faa festingunni sem heldur s\u00edmanum \u00ed 360 gr\u00e1\u00f0ur","robots":{"index":"index","follow":"follow","max-snippet":"max-snippet:-1","max-image-preview":"max-image-preview:large","max-video-preview":"max-video-preview:-1"},"canonical":"https:\/\/vorulagerinn.is\/product\/jr-ok3\/","og_locale":"en_US","og_type":"article","og_title":"S\u00edmahaldari \u00ed b\u00edl me\u00f0 sogsk\u00e1lafestingu og \u00fatdraganlegum armi","og_description":"S\u00edmahaldarinn er me\u00f0 stillanlegum 210 gr\u00e1\u00f0u armi sem h\u00e6gt er a\u00f0 lengja & minnka eftir \u00fe\u00f6rfum. \u00de\u00e1 er h\u00e6gt a\u00f0 sn\u00faa festingunni sem heldur s\u00edmanum \u00ed 360 gr\u00e1\u00f0ur","og_url":"https:\/\/vorulagerinn.is\/product\/jr-ok3\/","og_site_name":"V&ouml;rulagerinn","article_publisher":"https:\/\/www.facebook.com\/vorulagerinn","article_modified_time":"2026-02-15T19:02:54+00:00","og_image":[{"width":600,"height":600,"url":"https:\/\/vorulagerinn.is\/wp-content\/uploads\/2025\/10\/JR-OK3.jpg","type":"image\/jpeg"}],"twitter_card":"summary_large_image","twitter_misc":{"Price":"4.400&nbsp;kr.","Availability":"In stock"},"schema":{"@context":"https:\/\/schema.org","@graph":[{"@type":"WebPage","@id":"https:\/\/vorulagerinn.is\/product\/jr-ok3\/","url":"https:\/\/vorulagerinn.is\/product\/jr-ok3\/","name":"S\u00edmahaldari \u00ed b\u00edl me\u00f0 sogsk\u00e1lafestingu og \u00fatdraganlegum armi","isPartOf":{"@id":"https:\/\/vorulagerinn.is\/#website"},"primaryImageOfPage":{"@id":"https:\/\/vorulagerinn.is\/product\/jr-ok3\/#primaryimage"},"image":{"@id":"https:\/\/vorulagerinn.is\/product\/jr-ok3\/#primaryimage"},"thumbnailUrl":"https:\/\/vorulagerinn.is\/wp-content\/uploads\/2025\/10\/JR-OK3.jpg","datePublished":"2025-07-25T07:56:47+00:00","dateModified":"2026-02-15T19:02:54+00:00","description":"S\u00edmahaldarinn er me\u00f0 stillanlegum 210 gr\u00e1\u00f0u armi sem h\u00e6gt er a\u00f0 lengja & minnka eftir \u00fe\u00f6rfum. \u00de\u00e1 er h\u00e6gt a\u00f0 sn\u00faa festingunni sem heldur s\u00edmanum \u00ed 360 gr\u00e1\u00f0ur","breadcrumb":{"@id":"https:\/\/vorulagerinn.is\/product\/jr-ok3\/#breadcrumb"},"inLanguage":"en-US","potentialAction":[{"@type":"ReadAction","target":["https:\/\/vorulagerinn.is\/product\/jr-ok3\/"]}]},{"@type":"ImageObject","inLanguage":"en-US","@id":"https:\/\/vorulagerinn.is\/product\/jr-ok3\/#primaryimage","url":"https:\/\/vorulagerinn.is\/wp-content\/uploads\/2025\/10\/JR-OK3.jpg","contentUrl":"https:\/\/vorulagerinn.is\/wp-content\/uploads\/2025\/10\/JR-OK3.jpg","width":600,"height":600},{"@type":"BreadcrumbList","@id":"https:\/\/vorulagerinn.is\/product\/jr-ok3\/#breadcrumb","itemListElement":[{"@type":"ListItem","position":1,"name":"Home","item":"https:\/\/vorulagerinn.is\/"},{"@type":"ListItem","position":2,"name":"Shop","item":"https:\/\/vorulagerinn.is\/en\/shop\/"},{"@type":"ListItem","position":3,"name":"S\u00edmahaldari \u00ed b\u00edl me\u00f0 sogsk\u00e1lafestingu og \u00fatdraganlegum armi"}]},{"@type":"WebSite","@id":"https:\/\/vorulagerinn.is\/#website","url":"https:\/\/vorulagerinn.is\/","name":"V\u00f6rulagerinn","description":"L\u00e1ttu \u00fea\u00f0 eftir \u00fe\u00e9r","publisher":{"@id":"https:\/\/vorulagerinn.is\/#organization"},"potentialAction":[{"@type":"SearchAction","target":{"@type":"EntryPoint","urlTemplate":"https:\/\/vorulagerinn.is\/?s={search_term_string}"},"query-input":{"@type":"PropertyValueSpecification","valueRequired":true,"valueName":"search_term_string"}}],"inLanguage":"en-US"},{"@type":"Organization","@id":"https:\/\/vorulagerinn.is\/#organization","name":"V\u00f6rulagerinn","url":"https:\/\/vorulagerinn.is\/","logo":{"@type":"ImageObject","inLanguage":"en-US","@id":"https:\/\/vorulagerinn.is\/#\/schema\/logo\/image\/","url":"https:\/\/vorulagerinn.is\/wp-content\/uploads\/2022\/09\/Vorulagerinn-Logo-588x160-1.png","contentUrl":"https:\/\/vorulagerinn.is\/wp-content\/uploads\/2022\/09\/Vorulagerinn-Logo-588x160-1.png","width":588,"height":160,"caption":"V\u00f6rulagerinn"},"image":{"@id":"https:\/\/vorulagerinn.is\/#\/schema\/logo\/image\/"},"sameAs":["https:\/\/www.facebook.com\/vorulagerinn","https:\/\/www.instagram.com\/vorulagerinn\/"]}]},"product_price_amount":"4400","product_price_currency":"ISK","og_availability":"instock","product_availability":"instock","product_retailer_item_id":"JR-OK3","product_condition":"new"},"_links":{"self":[{"href":"https:\/\/vorulagerinn.is\/en\/wp-json\/wp\/v2\/product\/29549","targetHints":{"allow":["GET"]}}],"collection":[{"href":"https:\/\/vorulagerinn.is\/en\/wp-json\/wp\/v2\/product"}],"about":[{"href":"https:\/\/vorulagerinn.is\/en\/wp-json\/wp\/v2\/types\/product"}],"wp:featuredmedia":[{"embeddable":true,"href":"https:\/\/vorulagerinn.is\/en\/wp-json\/wp\/v2\/media\/29547"}],"wp:attachment":[{"href":"https:\/\/vorulagerinn.is\/en\/wp-json\/wp\/v2\/media?parent=29549"}],"wp:term":[{"taxonomy":"product_brand","embeddable":true,"href":"https:\/\/vorulagerinn.is\/en\/wp-json\/wp\/v2\/product_brand?post=29549"},{"taxonomy":"product_cat","embeddable":true,"href":"https:\/\/vorulagerinn.is\/en\/wp-json\/wp\/v2\/product_cat?post=29549"},{"taxonomy":"product_tag","embeddable":true,"href":"https:\/\/vorulagerinn.is\/en\/wp-json\/wp\/v2\/product_tag?post=29549"}],"curies":[{"name":"wp","href":"https:\/\/api.w.org\/{rel}","templated":true}]}}