{"id":29559,"date":"2025-07-25T08:46:40","date_gmt":"2025-07-25T08:46:40","guid":{"rendered":"https:\/\/vorulagerinn.is\/product\/jr-zs246s\/"},"modified":"2026-02-25T12:59:29","modified_gmt":"2026-02-25T12:59:29","slug":"jr-zs246s","status":"publish","type":"product","link":"https:\/\/vorulagerinn.is\/en\/product\/jr-zs246s\/","title":{"rendered":"\u00der\u00e1\u00f0laus 15W hra\u00f0hle\u00f0slu s\u00edmahaldari \u00ed b\u00edl"},"content":{"rendered":"<div style=\"width: 1020px;\" class=\"wp-video\"><video class=\"wp-video-shortcode\" id=\"video-29559-1\" width=\"1020\" height=\"574\" preload=\"metadata\" controls=\"controls\"><source type=\"video\/mp4\" src=\"https:\/\/fodurlandid.is\/wp-content\/uploads\/2025\/07\/JR-ZS246S.mp4?_=1\" \/><a href=\"https:\/\/fodurlandid.is\/wp-content\/uploads\/2025\/07\/JR-ZS246S.mp4\">https:\/\/fodurlandid.is\/wp-content\/uploads\/2025\/07\/JR-ZS246S.mp4<\/a><\/video><\/div>\n","protected":false},"excerpt":{"rendered":"<p>\u00d6flugur 15W hra\u00f0hle\u00f0slu s\u00edmahaldari \u00ed b\u00edl me\u00f0 \u00feriggja arma l\u00e6singu sem tryggir skilvirka \u00fer\u00e1\u00f0lausa hra\u00f0hle\u00f0slu og a\u00f0 snjalls\u00edminn s\u00e9 fastur vi\u00f0 akstur. S\u00edmahaldarinn er me\u00f0 sogsk\u00e1l sem h\u00e6gt er a\u00f0 festa \u00e1 r\u00fa\u00f0ur og m\u00e6labor\u00f0i\u00f0 \u00ed b\u00edl auk \u00feess sem \u00fea\u00f0 er h\u00e6gt a\u00f0 framlengja h\u00e1lsinn til a\u00f0 auka \u00fe\u00e6gindi notanda. S\u00edmhaldarinn er sm\u00ed\u00f0a\u00f0ur \u00far endingarg\u00f3\u00f0u PC+ABS efni sem tryggir langvarandi notkun.<\/p>\n<p>\u00de\u00e1 er h\u00e6gt a\u00f0 sn\u00faa s\u00edmanum l\u00e1r\u00e9tt og l\u00f3\u00f0r\u00e9tt sem kemur s\u00e9r vel \u00feegar GPS g\u00f6tukort er nota\u00f0 vi\u00f0 akstur.<\/p>\n<p>\u2013 Sj\u00e1 myndband af v\u00f6ru ne\u00f0ar \u00e1 s\u00ed\u00f0u<br \/>\n\u2013 Litur: Svartur<br \/>\n\u2013 Festing: Sogsk\u00e1l<br \/>\n\u2013 St\u00e6r\u00f0: 4,7 \u2013 6,8\u2033 fars\u00edmar<br \/>\n\u2013 Tengi: USB-C<br \/>\n\u2013 Input: 5V=2A 9V=2A 12V=2A<br \/>\n\u2013 Output: 5W \/ 7.5W \/ 10W \/ 15W (max)<br \/>\n\u2013 Vottun: CE, Rohs &amp; FCC<\/p>\n","protected":false},"featured_media":29557,"template":"","meta":[],"product_brand":[420],"product_cat":[387],"product_tag":[],"class_list":{"0":"post-29559","1":"product","2":"type-product","3":"status-publish","4":"has-post-thumbnail","6":"product_brand-joyroom","7":"product_cat-simahaldari-i-bil","9":"first","10":"instock","11":"taxable","12":"shipping-taxable","13":"purchasable","14":"product-type-simple"},"supplier_id":null,"supplier_sku":"","barcode":null,"atum_controlled":true,"out_stock_date":null,"out_stock_threshold":null,"inheritable":false,"inbound_stock":0,"stock_on_hold":0,"sold_today":0,"sales_last_days":0,"reserved_stock":0,"customer_returns":0,"warehouse_damage":0,"lost_in_post":0,"other_logs":0,"out_stock_days":0,"lost_sales":0,"has_location":false,"update_date":"2026-04-19T00:22:59","atum_locations":[],"atum_stock_status":"instock","restock_status":false,"low_stock_amount":"","sales_update_date":"2026-04-19T00:22:59","calc_backorders":null,"yoast_head":"<!-- This site is optimized with the Yoast SEO Premium plugin v26.6 (Yoast SEO v27.3) - https:\/\/yoast.com\/product\/yoast-seo-premium-wordpress\/ -->\n<title>\u00der\u00e1\u00f0laus 15W hra\u00f0hle\u00f0slu s\u00edmahaldari \u00ed b\u00edl<\/title>\n<meta name=\"description\" content=\"\u00d6flugur 15W hra\u00f0hle\u00f0slu s\u00edmahaldari \u00ed b\u00edl me\u00f0 \u00feriggja arma l\u00e6singu sem tryggir skilvirka \u00fer\u00e1\u00f0lausa hra\u00f0hle\u00f0slu og a\u00f0 snjalls\u00edminn s\u00e9 fastur vi\u00f0 akstur.\" \/>\n<meta name=\"robots\" content=\"index, follow, max-snippet:-1, max-image-preview:large, max-video-preview:-1\" \/>\n<link rel=\"canonical\" href=\"https:\/\/vorulagerinn.is\/product\/jr-zs246s\/\" \/>\n<meta property=\"og:locale\" content=\"en_US\" \/>\n<meta property=\"og:type\" content=\"article\" \/>\n<meta property=\"og:title\" content=\"\u00der\u00e1\u00f0laus 15W hra\u00f0hle\u00f0slu s\u00edmahaldari \u00ed b\u00edl\" \/>\n<meta property=\"og:description\" content=\"\u00d6flugur 15W hra\u00f0hle\u00f0slu s\u00edmahaldari \u00ed b\u00edl me\u00f0 \u00feriggja arma l\u00e6singu sem tryggir skilvirka \u00fer\u00e1\u00f0lausa hra\u00f0hle\u00f0slu og a\u00f0 snjalls\u00edminn s\u00e9 fastur vi\u00f0 akstur.\" \/>\n<meta property=\"og:url\" content=\"https:\/\/vorulagerinn.is\/product\/jr-zs246s\/\" \/>\n<meta property=\"og:site_name\" content=\"V&ouml;rulagerinn\" \/>\n<meta property=\"article:publisher\" content=\"https:\/\/www.facebook.com\/vorulagerinn\" \/>\n<meta property=\"article:modified_time\" content=\"2026-02-25T12:59:29+00:00\" \/>\n<meta property=\"og:image\" content=\"https:\/\/vorulagerinn.is\/wp-content\/uploads\/2025\/10\/JR-ZS246S.jpg\" \/>\n\t<meta property=\"og:image:width\" content=\"600\" \/>\n\t<meta property=\"og:image:height\" content=\"600\" \/>\n\t<meta property=\"og:image:type\" content=\"image\/jpeg\" \/>\n<meta name=\"twitter:card\" content=\"summary_large_image\" \/>\n<meta name=\"twitter:label1\" content=\"Price\" \/>\n\t<meta name=\"twitter:data1\" content=\"8.700&nbsp;kr.\" \/>\n\t<meta name=\"twitter:label2\" content=\"Availability\" \/>\n\t<meta name=\"twitter:data2\" content=\"In stock\" \/>\n<script type=\"application\/ld+json\" class=\"yoast-schema-graph\">{\"@context\":\"https:\\\/\\\/schema.org\",\"@graph\":[{\"@type\":\"WebPage\",\"@id\":\"https:\\\/\\\/vorulagerinn.is\\\/product\\\/jr-zs246s\\\/\",\"url\":\"https:\\\/\\\/vorulagerinn.is\\\/product\\\/jr-zs246s\\\/\",\"name\":\"\u00der\u00e1\u00f0laus 15W hra\u00f0hle\u00f0slu s\u00edmahaldari \u00ed b\u00edl\",\"isPartOf\":{\"@id\":\"https:\\\/\\\/vorulagerinn.is\\\/#website\"},\"primaryImageOfPage\":{\"@id\":\"https:\\\/\\\/vorulagerinn.is\\\/product\\\/jr-zs246s\\\/#primaryimage\"},\"image\":{\"@id\":\"https:\\\/\\\/vorulagerinn.is\\\/product\\\/jr-zs246s\\\/#primaryimage\"},\"thumbnailUrl\":\"https:\\\/\\\/vorulagerinn.is\\\/wp-content\\\/uploads\\\/2025\\\/10\\\/JR-ZS246S.jpg\",\"datePublished\":\"2025-07-25T08:46:40+00:00\",\"dateModified\":\"2026-02-25T12:59:29+00:00\",\"description\":\"\u00d6flugur 15W hra\u00f0hle\u00f0slu s\u00edmahaldari \u00ed b\u00edl me\u00f0 \u00feriggja arma l\u00e6singu sem tryggir skilvirka \u00fer\u00e1\u00f0lausa hra\u00f0hle\u00f0slu og a\u00f0 snjalls\u00edminn s\u00e9 fastur vi\u00f0 akstur.\",\"breadcrumb\":{\"@id\":\"https:\\\/\\\/vorulagerinn.is\\\/product\\\/jr-zs246s\\\/#breadcrumb\"},\"inLanguage\":\"en-US\",\"potentialAction\":[{\"@type\":\"ReadAction\",\"target\":[\"https:\\\/\\\/vorulagerinn.is\\\/product\\\/jr-zs246s\\\/\"]}]},{\"@type\":\"ImageObject\",\"inLanguage\":\"en-US\",\"@id\":\"https:\\\/\\\/vorulagerinn.is\\\/product\\\/jr-zs246s\\\/#primaryimage\",\"url\":\"https:\\\/\\\/vorulagerinn.is\\\/wp-content\\\/uploads\\\/2025\\\/10\\\/JR-ZS246S.jpg\",\"contentUrl\":\"https:\\\/\\\/vorulagerinn.is\\\/wp-content\\\/uploads\\\/2025\\\/10\\\/JR-ZS246S.jpg\",\"width\":600,\"height\":600},{\"@type\":\"BreadcrumbList\",\"@id\":\"https:\\\/\\\/vorulagerinn.is\\\/product\\\/jr-zs246s\\\/#breadcrumb\",\"itemListElement\":[{\"@type\":\"ListItem\",\"position\":1,\"name\":\"Home\",\"item\":\"https:\\\/\\\/vorulagerinn.is\\\/\"},{\"@type\":\"ListItem\",\"position\":2,\"name\":\"Shop\",\"item\":\"https:\\\/\\\/vorulagerinn.is\\\/en\\\/shop\\\/\"},{\"@type\":\"ListItem\",\"position\":3,\"name\":\"\u00der\u00e1\u00f0laus 15W hra\u00f0hle\u00f0slu s\u00edmahaldari \u00ed b\u00edl\"}]},{\"@type\":\"WebSite\",\"@id\":\"https:\\\/\\\/vorulagerinn.is\\\/#website\",\"url\":\"https:\\\/\\\/vorulagerinn.is\\\/\",\"name\":\"V\u00f6rulagerinn\",\"description\":\"L\u00e1ttu \u00fea\u00f0 eftir \u00fe\u00e9r\",\"publisher\":{\"@id\":\"https:\\\/\\\/vorulagerinn.is\\\/#organization\"},\"potentialAction\":[{\"@type\":\"SearchAction\",\"target\":{\"@type\":\"EntryPoint\",\"urlTemplate\":\"https:\\\/\\\/vorulagerinn.is\\\/?s={search_term_string}\"},\"query-input\":{\"@type\":\"PropertyValueSpecification\",\"valueRequired\":true,\"valueName\":\"search_term_string\"}}],\"inLanguage\":\"en-US\"},{\"@type\":\"Organization\",\"@id\":\"https:\\\/\\\/vorulagerinn.is\\\/#organization\",\"name\":\"V\u00f6rulagerinn\",\"url\":\"https:\\\/\\\/vorulagerinn.is\\\/\",\"logo\":{\"@type\":\"ImageObject\",\"inLanguage\":\"en-US\",\"@id\":\"https:\\\/\\\/vorulagerinn.is\\\/#\\\/schema\\\/logo\\\/image\\\/\",\"url\":\"https:\\\/\\\/vorulagerinn.is\\\/wp-content\\\/uploads\\\/2022\\\/09\\\/Vorulagerinn-Logo-588x160-1.png\",\"contentUrl\":\"https:\\\/\\\/vorulagerinn.is\\\/wp-content\\\/uploads\\\/2022\\\/09\\\/Vorulagerinn-Logo-588x160-1.png\",\"width\":588,\"height\":160,\"caption\":\"V\u00f6rulagerinn\"},\"image\":{\"@id\":\"https:\\\/\\\/vorulagerinn.is\\\/#\\\/schema\\\/logo\\\/image\\\/\"},\"sameAs\":[\"https:\\\/\\\/www.facebook.com\\\/vorulagerinn\",\"https:\\\/\\\/www.instagram.com\\\/vorulagerinn\\\/\"]}]}<\/script>\n<meta property=\"product:price:amount\" content=\"8700\" \/>\n<meta property=\"product:price:currency\" content=\"ISK\" \/>\n<meta property=\"og:availability\" content=\"instock\" \/>\n<meta property=\"product:availability\" content=\"instock\" \/>\n<meta property=\"product:retailer_item_id\" content=\"JR-ZS246S\" \/>\n<meta property=\"product:condition\" content=\"new\" \/>\n<!-- \/ Yoast SEO Premium plugin. -->","yoast_head_json":{"title":"\u00der\u00e1\u00f0laus 15W hra\u00f0hle\u00f0slu s\u00edmahaldari \u00ed b\u00edl","description":"\u00d6flugur 15W hra\u00f0hle\u00f0slu s\u00edmahaldari \u00ed b\u00edl me\u00f0 \u00feriggja arma l\u00e6singu sem tryggir skilvirka \u00fer\u00e1\u00f0lausa hra\u00f0hle\u00f0slu og a\u00f0 snjalls\u00edminn s\u00e9 fastur vi\u00f0 akstur.","robots":{"index":"index","follow":"follow","max-snippet":"max-snippet:-1","max-image-preview":"max-image-preview:large","max-video-preview":"max-video-preview:-1"},"canonical":"https:\/\/vorulagerinn.is\/product\/jr-zs246s\/","og_locale":"en_US","og_type":"article","og_title":"\u00der\u00e1\u00f0laus 15W hra\u00f0hle\u00f0slu s\u00edmahaldari \u00ed b\u00edl","og_description":"\u00d6flugur 15W hra\u00f0hle\u00f0slu s\u00edmahaldari \u00ed b\u00edl me\u00f0 \u00feriggja arma l\u00e6singu sem tryggir skilvirka \u00fer\u00e1\u00f0lausa hra\u00f0hle\u00f0slu og a\u00f0 snjalls\u00edminn s\u00e9 fastur vi\u00f0 akstur.","og_url":"https:\/\/vorulagerinn.is\/product\/jr-zs246s\/","og_site_name":"V&ouml;rulagerinn","article_publisher":"https:\/\/www.facebook.com\/vorulagerinn","article_modified_time":"2026-02-25T12:59:29+00:00","og_image":[{"width":600,"height":600,"url":"https:\/\/vorulagerinn.is\/wp-content\/uploads\/2025\/10\/JR-ZS246S.jpg","type":"image\/jpeg"}],"twitter_card":"summary_large_image","twitter_misc":{"Price":"8.700&nbsp;kr.","Availability":"In stock"},"schema":{"@context":"https:\/\/schema.org","@graph":[{"@type":"WebPage","@id":"https:\/\/vorulagerinn.is\/product\/jr-zs246s\/","url":"https:\/\/vorulagerinn.is\/product\/jr-zs246s\/","name":"\u00der\u00e1\u00f0laus 15W hra\u00f0hle\u00f0slu s\u00edmahaldari \u00ed b\u00edl","isPartOf":{"@id":"https:\/\/vorulagerinn.is\/#website"},"primaryImageOfPage":{"@id":"https:\/\/vorulagerinn.is\/product\/jr-zs246s\/#primaryimage"},"image":{"@id":"https:\/\/vorulagerinn.is\/product\/jr-zs246s\/#primaryimage"},"thumbnailUrl":"https:\/\/vorulagerinn.is\/wp-content\/uploads\/2025\/10\/JR-ZS246S.jpg","datePublished":"2025-07-25T08:46:40+00:00","dateModified":"2026-02-25T12:59:29+00:00","description":"\u00d6flugur 15W hra\u00f0hle\u00f0slu s\u00edmahaldari \u00ed b\u00edl me\u00f0 \u00feriggja arma l\u00e6singu sem tryggir skilvirka \u00fer\u00e1\u00f0lausa hra\u00f0hle\u00f0slu og a\u00f0 snjalls\u00edminn s\u00e9 fastur vi\u00f0 akstur.","breadcrumb":{"@id":"https:\/\/vorulagerinn.is\/product\/jr-zs246s\/#breadcrumb"},"inLanguage":"en-US","potentialAction":[{"@type":"ReadAction","target":["https:\/\/vorulagerinn.is\/product\/jr-zs246s\/"]}]},{"@type":"ImageObject","inLanguage":"en-US","@id":"https:\/\/vorulagerinn.is\/product\/jr-zs246s\/#primaryimage","url":"https:\/\/vorulagerinn.is\/wp-content\/uploads\/2025\/10\/JR-ZS246S.jpg","contentUrl":"https:\/\/vorulagerinn.is\/wp-content\/uploads\/2025\/10\/JR-ZS246S.jpg","width":600,"height":600},{"@type":"BreadcrumbList","@id":"https:\/\/vorulagerinn.is\/product\/jr-zs246s\/#breadcrumb","itemListElement":[{"@type":"ListItem","position":1,"name":"Home","item":"https:\/\/vorulagerinn.is\/"},{"@type":"ListItem","position":2,"name":"Shop","item":"https:\/\/vorulagerinn.is\/en\/shop\/"},{"@type":"ListItem","position":3,"name":"\u00der\u00e1\u00f0laus 15W hra\u00f0hle\u00f0slu s\u00edmahaldari \u00ed b\u00edl"}]},{"@type":"WebSite","@id":"https:\/\/vorulagerinn.is\/#website","url":"https:\/\/vorulagerinn.is\/","name":"V\u00f6rulagerinn","description":"L\u00e1ttu \u00fea\u00f0 eftir \u00fe\u00e9r","publisher":{"@id":"https:\/\/vorulagerinn.is\/#organization"},"potentialAction":[{"@type":"SearchAction","target":{"@type":"EntryPoint","urlTemplate":"https:\/\/vorulagerinn.is\/?s={search_term_string}"},"query-input":{"@type":"PropertyValueSpecification","valueRequired":true,"valueName":"search_term_string"}}],"inLanguage":"en-US"},{"@type":"Organization","@id":"https:\/\/vorulagerinn.is\/#organization","name":"V\u00f6rulagerinn","url":"https:\/\/vorulagerinn.is\/","logo":{"@type":"ImageObject","inLanguage":"en-US","@id":"https:\/\/vorulagerinn.is\/#\/schema\/logo\/image\/","url":"https:\/\/vorulagerinn.is\/wp-content\/uploads\/2022\/09\/Vorulagerinn-Logo-588x160-1.png","contentUrl":"https:\/\/vorulagerinn.is\/wp-content\/uploads\/2022\/09\/Vorulagerinn-Logo-588x160-1.png","width":588,"height":160,"caption":"V\u00f6rulagerinn"},"image":{"@id":"https:\/\/vorulagerinn.is\/#\/schema\/logo\/image\/"},"sameAs":["https:\/\/www.facebook.com\/vorulagerinn","https:\/\/www.instagram.com\/vorulagerinn\/"]}]},"product_price_amount":"8700","product_price_currency":"ISK","og_availability":"instock","product_availability":"instock","product_retailer_item_id":"JR-ZS246S","product_condition":"new"},"_links":{"self":[{"href":"https:\/\/vorulagerinn.is\/en\/wp-json\/wp\/v2\/product\/29559","targetHints":{"allow":["GET"]}}],"collection":[{"href":"https:\/\/vorulagerinn.is\/en\/wp-json\/wp\/v2\/product"}],"about":[{"href":"https:\/\/vorulagerinn.is\/en\/wp-json\/wp\/v2\/types\/product"}],"wp:featuredmedia":[{"embeddable":true,"href":"https:\/\/vorulagerinn.is\/en\/wp-json\/wp\/v2\/media\/29557"}],"wp:attachment":[{"href":"https:\/\/vorulagerinn.is\/en\/wp-json\/wp\/v2\/media?parent=29559"}],"wp:term":[{"taxonomy":"product_brand","embeddable":true,"href":"https:\/\/vorulagerinn.is\/en\/wp-json\/wp\/v2\/product_brand?post=29559"},{"taxonomy":"product_cat","embeddable":true,"href":"https:\/\/vorulagerinn.is\/en\/wp-json\/wp\/v2\/product_cat?post=29559"},{"taxonomy":"product_tag","embeddable":true,"href":"https:\/\/vorulagerinn.is\/en\/wp-json\/wp\/v2\/product_tag?post=29559"}],"curies":[{"name":"wp","href":"https:\/\/api.w.org\/{rel}","templated":true}]}}