{"id":29708,"date":"2025-11-15T22:26:59","date_gmt":"2025-11-15T22:26:59","guid":{"rendered":"https:\/\/vorulagerinn.is\/product\/bonehearing-f2c-beinleidni-heyrnartaeki-og-heyrnartol-sound-amplifier-headphones\/"},"modified":"2025-12-28T19:22:15","modified_gmt":"2025-12-28T19:22:15","slug":"f2c","status":"publish","type":"product","link":"https:\/\/vorulagerinn.is\/en\/product\/f2c\/","title":{"rendered":"BoneHearing F2C beinlei\u00f0ni heyrnart\u00e6ki og heyrnart\u00f3l (Sound Amplifier Headphones)"},"content":{"rendered":"","protected":false},"excerpt":{"rendered":"<p>Beinlei\u00f0ni heyrnart\u00e6ki me\u00f0 innbygg\u00f0um magnara (sound ampifier) og heyrnart\u00f3l sem nota beinlei\u00f0nit\u00e6kni til a\u00f0 senda hlj\u00f3\u00f0 me\u00f0 titringi fr\u00e1 kinnbeinum \u00ed ku\u00f0unginn. \u00dea\u00f0 ver\u00f0ur engin \u00fer\u00fdstingur \u00ed eyra eins og gerist \u00feegar tappar (in-ear) heyrnart\u00f3l eru notu\u00f0. Heyrnart\u00f3lin hj\u00e1lpar einstaklingum me\u00f0 heyrnarsker\u00f0ingu a\u00f0 heyra betur \u00ed samt\u00f6lum, \u00fatvarpi e\u00f0a \u00feegar horft er \u00e1 sj\u00f3nvarp.<\/p>\n<p>G\u00f3\u00f0 samh\u00e6fni og hr\u00f6\u00f0 tenging vi\u00f0 alla helstu snjalls\u00edma, spjaldt\u00f6lvur, snjallsj\u00f3nv\u00f6rp, t\u00f6lvur \u00e1samt \u00f6\u00f0rum t\u00e6kjum sem nota bluetooth. \u00dea\u00f0 er h\u00e6gt a\u00f0 smella \u00e1 hnapp til a\u00f0 skipta yfir \u00e1 hlj\u00f3\u00f0magnara (sound amplifier) \u00feegar \u00feess er \u00fe\u00f6rf t.d. \u00ed samt\u00f6lum, \u00feegar horft er \u00e1 sj\u00f3nvarp o.s.frv.<\/p>\n<p>Heyrnart\u00f3lin bj\u00f3\u00f0a upp \u00e1 \u00ferj\u00e1r stillingar. Innan dyra, utan dyra og \u00ed samr\u00e6\u00f0um. Heyrnart\u00f3lin hentar \u00feeim sem eru me\u00f0 v\u00e6ga e\u00f0a mi\u00f0lungs heyrnarsker\u00f0ingu sem vilja einfalda og \u00fe\u00e6gilega lausn \u00e1n hef\u00f0bundinna heyrnart\u00e6kja.<\/p>\n<p>Rafhla\u00f0an endist \u00ed allt a\u00f0 8 klst. Heyrnart\u00f3lin er me\u00f0 IPX5 vatnsv\u00f6rn og \u00feola svita og l\u00e9tta rigningu. 70% hle\u00f0sla \u00e1 a\u00f0eins 10 m\u00edn.<\/p>\n<p>\u2013 Litur: Svartur<br \/>\n\u2013 \u00deyngd: 27g<br \/>\n\u2013 Bluetooth: 5,3<br \/>\n\u2013 Heyrnart\u00e6ki (sound amplifier)<br \/>\n\u2013 \u00derj\u00e1r hlj\u00f3\u00f0stillingar fyrir mismunandi a\u00f0st\u00e6\u00f0ur<br \/>\n\u2013 Vatnsheldni IPX5<br \/>\n\u2013 USB-C hle\u00f0slusn\u00fara fylgir me\u00f0<br \/>\n\u2013 Vottun CE, ROHS og FCC<\/p>\n","protected":false},"featured_media":29702,"template":"","meta":[],"product_brand":[429],"product_cat":[431,432],"product_tag":[],"class_list":{"0":"post-29708","1":"product","2":"type-product","3":"status-publish","4":"has-post-thumbnail","6":"product_brand-openear","7":"product_cat-a-eyru-on-ear","8":"product_cat-beinleidni-bone-conduction","10":"first","11":"instock","12":"sale","13":"taxable","14":"shipping-taxable","15":"purchasable","16":"product-type-simple"},"supplier_id":null,"supplier_sku":"","barcode":null,"atum_controlled":true,"out_stock_date":null,"out_stock_threshold":null,"inheritable":false,"inbound_stock":0,"stock_on_hold":0,"sold_today":0,"sales_last_days":0,"reserved_stock":0,"customer_returns":0,"warehouse_damage":0,"lost_in_post":0,"other_logs":0,"out_stock_days":0,"lost_sales":0,"has_location":false,"update_date":"2026-04-19T00:23:28","atum_locations":[],"atum_stock_status":"instock","restock_status":false,"low_stock_amount":"","sales_update_date":"2026-04-19T00:23:28","calc_backorders":null,"yoast_head":"<!-- This site is optimized with the Yoast SEO Premium plugin v26.6 (Yoast SEO v27.3) - https:\/\/yoast.com\/product\/yoast-seo-premium-wordpress\/ -->\n<title>Beinlei\u00f0ni heyrnart\u00e6ki og heyrnart\u00f3l (Sound Amplifier Headphones)<\/title>\n<meta name=\"description\" content=\"Heyrnart\u00f3lin hj\u00e1lpar einstaklingum me\u00f0 heyrnarsker\u00f0ingu a\u00f0 heyra betur \u00ed samt\u00f6lum, \u00fatvarpi e\u00f0a \u00feegar horft er \u00e1 sj\u00f3nvarp.\" \/>\n<meta name=\"robots\" content=\"index, follow, max-snippet:-1, max-image-preview:large, max-video-preview:-1\" \/>\n<link rel=\"canonical\" href=\"https:\/\/vorulagerinn.is\/product\/f2c\/\" \/>\n<meta property=\"og:locale\" content=\"en_US\" \/>\n<meta property=\"og:type\" content=\"article\" \/>\n<meta property=\"og:title\" content=\"BoneHearing F2C beinlei\u00f0ni heyrnart\u00e6ki og heyrnart\u00f3l (Sound Amplifier Headphones)\" \/>\n<meta property=\"og:description\" content=\"Heyrnart\u00f3lin hj\u00e1lpar einstaklingum me\u00f0 heyrnarsker\u00f0ingu a\u00f0 heyra betur \u00ed samt\u00f6lum, \u00fatvarpi e\u00f0a \u00feegar horft er \u00e1 sj\u00f3nvarp.\" \/>\n<meta property=\"og:url\" content=\"https:\/\/vorulagerinn.is\/product\/f2c\/\" \/>\n<meta property=\"og:site_name\" content=\"V&ouml;rulagerinn\" \/>\n<meta property=\"article:publisher\" content=\"https:\/\/www.facebook.com\/vorulagerinn\" \/>\n<meta property=\"article:modified_time\" content=\"2025-12-28T19:22:15+00:00\" \/>\n<meta property=\"og:image\" content=\"https:\/\/vorulagerinn.is\/wp-content\/uploads\/2025\/11\/F2C.jpg\" \/>\n\t<meta property=\"og:image:width\" content=\"600\" \/>\n\t<meta property=\"og:image:height\" content=\"600\" \/>\n\t<meta property=\"og:image:type\" content=\"image\/jpeg\" \/>\n<meta name=\"twitter:card\" content=\"summary_large_image\" \/>\n<meta name=\"twitter:label1\" content=\"Price\" \/>\n\t<meta name=\"twitter:data1\" content=\"20.990&nbsp;kr.\" \/>\n\t<meta name=\"twitter:label2\" content=\"Availability\" \/>\n\t<meta name=\"twitter:data2\" content=\"In stock\" \/>\n<script type=\"application\/ld+json\" class=\"yoast-schema-graph\">{\"@context\":\"https:\\\/\\\/schema.org\",\"@graph\":[{\"@type\":\"WebPage\",\"@id\":\"https:\\\/\\\/vorulagerinn.is\\\/product\\\/f2c\\\/\",\"url\":\"https:\\\/\\\/vorulagerinn.is\\\/product\\\/f2c\\\/\",\"name\":\"Beinlei\u00f0ni heyrnart\u00e6ki og heyrnart\u00f3l (Sound Amplifier Headphones)\",\"isPartOf\":{\"@id\":\"https:\\\/\\\/vorulagerinn.is\\\/#website\"},\"primaryImageOfPage\":{\"@id\":\"https:\\\/\\\/vorulagerinn.is\\\/product\\\/f2c\\\/#primaryimage\"},\"image\":{\"@id\":\"https:\\\/\\\/vorulagerinn.is\\\/product\\\/f2c\\\/#primaryimage\"},\"thumbnailUrl\":\"https:\\\/\\\/vorulagerinn.is\\\/wp-content\\\/uploads\\\/2025\\\/11\\\/F2C.jpg\",\"datePublished\":\"2025-11-15T22:26:59+00:00\",\"dateModified\":\"2025-12-28T19:22:15+00:00\",\"description\":\"Heyrnart\u00f3lin hj\u00e1lpar einstaklingum me\u00f0 heyrnarsker\u00f0ingu a\u00f0 heyra betur \u00ed samt\u00f6lum, \u00fatvarpi e\u00f0a \u00feegar horft er \u00e1 sj\u00f3nvarp.\",\"breadcrumb\":{\"@id\":\"https:\\\/\\\/vorulagerinn.is\\\/product\\\/f2c\\\/#breadcrumb\"},\"inLanguage\":\"en-US\",\"potentialAction\":[{\"@type\":\"ReadAction\",\"target\":[\"https:\\\/\\\/vorulagerinn.is\\\/product\\\/f2c\\\/\"]}]},{\"@type\":\"ImageObject\",\"inLanguage\":\"en-US\",\"@id\":\"https:\\\/\\\/vorulagerinn.is\\\/product\\\/f2c\\\/#primaryimage\",\"url\":\"https:\\\/\\\/vorulagerinn.is\\\/wp-content\\\/uploads\\\/2025\\\/11\\\/F2C.jpg\",\"contentUrl\":\"https:\\\/\\\/vorulagerinn.is\\\/wp-content\\\/uploads\\\/2025\\\/11\\\/F2C.jpg\",\"width\":600,\"height\":600},{\"@type\":\"BreadcrumbList\",\"@id\":\"https:\\\/\\\/vorulagerinn.is\\\/product\\\/f2c\\\/#breadcrumb\",\"itemListElement\":[{\"@type\":\"ListItem\",\"position\":1,\"name\":\"Home\",\"item\":\"https:\\\/\\\/vorulagerinn.is\\\/\"},{\"@type\":\"ListItem\",\"position\":2,\"name\":\"Shop\",\"item\":\"https:\\\/\\\/vorulagerinn.is\\\/en\\\/shop\\\/\"},{\"@type\":\"ListItem\",\"position\":3,\"name\":\"BoneHearing F2C beinlei\u00f0ni heyrnart\u00e6ki og heyrnart\u00f3l (Sound Amplifier Headphones)\"}]},{\"@type\":\"WebSite\",\"@id\":\"https:\\\/\\\/vorulagerinn.is\\\/#website\",\"url\":\"https:\\\/\\\/vorulagerinn.is\\\/\",\"name\":\"V\u00f6rulagerinn\",\"description\":\"L\u00e1ttu \u00fea\u00f0 eftir \u00fe\u00e9r\",\"publisher\":{\"@id\":\"https:\\\/\\\/vorulagerinn.is\\\/#organization\"},\"potentialAction\":[{\"@type\":\"SearchAction\",\"target\":{\"@type\":\"EntryPoint\",\"urlTemplate\":\"https:\\\/\\\/vorulagerinn.is\\\/?s={search_term_string}\"},\"query-input\":{\"@type\":\"PropertyValueSpecification\",\"valueRequired\":true,\"valueName\":\"search_term_string\"}}],\"inLanguage\":\"en-US\"},{\"@type\":\"Organization\",\"@id\":\"https:\\\/\\\/vorulagerinn.is\\\/#organization\",\"name\":\"V\u00f6rulagerinn\",\"url\":\"https:\\\/\\\/vorulagerinn.is\\\/\",\"logo\":{\"@type\":\"ImageObject\",\"inLanguage\":\"en-US\",\"@id\":\"https:\\\/\\\/vorulagerinn.is\\\/#\\\/schema\\\/logo\\\/image\\\/\",\"url\":\"https:\\\/\\\/vorulagerinn.is\\\/wp-content\\\/uploads\\\/2022\\\/09\\\/Vorulagerinn-Logo-588x160-1.png\",\"contentUrl\":\"https:\\\/\\\/vorulagerinn.is\\\/wp-content\\\/uploads\\\/2022\\\/09\\\/Vorulagerinn-Logo-588x160-1.png\",\"width\":588,\"height\":160,\"caption\":\"V\u00f6rulagerinn\"},\"image\":{\"@id\":\"https:\\\/\\\/vorulagerinn.is\\\/#\\\/schema\\\/logo\\\/image\\\/\"},\"sameAs\":[\"https:\\\/\\\/www.facebook.com\\\/vorulagerinn\",\"https:\\\/\\\/www.instagram.com\\\/vorulagerinn\\\/\"]}]}<\/script>\n<meta property=\"product:price:amount\" content=\"20990\" \/>\n<meta property=\"product:price:currency\" content=\"ISK\" \/>\n<meta property=\"og:availability\" content=\"instock\" \/>\n<meta property=\"product:availability\" content=\"instock\" \/>\n<meta property=\"product:retailer_item_id\" content=\"BoneHearing F2C\" \/>\n<meta property=\"product:condition\" content=\"new\" \/>\n<!-- \/ Yoast SEO Premium plugin. -->","yoast_head_json":{"title":"Beinlei\u00f0ni heyrnart\u00e6ki og heyrnart\u00f3l (Sound Amplifier Headphones)","description":"Heyrnart\u00f3lin hj\u00e1lpar einstaklingum me\u00f0 heyrnarsker\u00f0ingu a\u00f0 heyra betur \u00ed samt\u00f6lum, \u00fatvarpi e\u00f0a \u00feegar horft er \u00e1 sj\u00f3nvarp.","robots":{"index":"index","follow":"follow","max-snippet":"max-snippet:-1","max-image-preview":"max-image-preview:large","max-video-preview":"max-video-preview:-1"},"canonical":"https:\/\/vorulagerinn.is\/product\/f2c\/","og_locale":"en_US","og_type":"article","og_title":"BoneHearing F2C beinlei\u00f0ni heyrnart\u00e6ki og heyrnart\u00f3l (Sound Amplifier Headphones)","og_description":"Heyrnart\u00f3lin hj\u00e1lpar einstaklingum me\u00f0 heyrnarsker\u00f0ingu a\u00f0 heyra betur \u00ed samt\u00f6lum, \u00fatvarpi e\u00f0a \u00feegar horft er \u00e1 sj\u00f3nvarp.","og_url":"https:\/\/vorulagerinn.is\/product\/f2c\/","og_site_name":"V&ouml;rulagerinn","article_publisher":"https:\/\/www.facebook.com\/vorulagerinn","article_modified_time":"2025-12-28T19:22:15+00:00","og_image":[{"width":600,"height":600,"url":"https:\/\/vorulagerinn.is\/wp-content\/uploads\/2025\/11\/F2C.jpg","type":"image\/jpeg"}],"twitter_card":"summary_large_image","twitter_misc":{"Price":"20.990&nbsp;kr.","Availability":"In stock"},"schema":{"@context":"https:\/\/schema.org","@graph":[{"@type":"WebPage","@id":"https:\/\/vorulagerinn.is\/product\/f2c\/","url":"https:\/\/vorulagerinn.is\/product\/f2c\/","name":"Beinlei\u00f0ni heyrnart\u00e6ki og heyrnart\u00f3l (Sound Amplifier Headphones)","isPartOf":{"@id":"https:\/\/vorulagerinn.is\/#website"},"primaryImageOfPage":{"@id":"https:\/\/vorulagerinn.is\/product\/f2c\/#primaryimage"},"image":{"@id":"https:\/\/vorulagerinn.is\/product\/f2c\/#primaryimage"},"thumbnailUrl":"https:\/\/vorulagerinn.is\/wp-content\/uploads\/2025\/11\/F2C.jpg","datePublished":"2025-11-15T22:26:59+00:00","dateModified":"2025-12-28T19:22:15+00:00","description":"Heyrnart\u00f3lin hj\u00e1lpar einstaklingum me\u00f0 heyrnarsker\u00f0ingu a\u00f0 heyra betur \u00ed samt\u00f6lum, \u00fatvarpi e\u00f0a \u00feegar horft er \u00e1 sj\u00f3nvarp.","breadcrumb":{"@id":"https:\/\/vorulagerinn.is\/product\/f2c\/#breadcrumb"},"inLanguage":"en-US","potentialAction":[{"@type":"ReadAction","target":["https:\/\/vorulagerinn.is\/product\/f2c\/"]}]},{"@type":"ImageObject","inLanguage":"en-US","@id":"https:\/\/vorulagerinn.is\/product\/f2c\/#primaryimage","url":"https:\/\/vorulagerinn.is\/wp-content\/uploads\/2025\/11\/F2C.jpg","contentUrl":"https:\/\/vorulagerinn.is\/wp-content\/uploads\/2025\/11\/F2C.jpg","width":600,"height":600},{"@type":"BreadcrumbList","@id":"https:\/\/vorulagerinn.is\/product\/f2c\/#breadcrumb","itemListElement":[{"@type":"ListItem","position":1,"name":"Home","item":"https:\/\/vorulagerinn.is\/"},{"@type":"ListItem","position":2,"name":"Shop","item":"https:\/\/vorulagerinn.is\/en\/shop\/"},{"@type":"ListItem","position":3,"name":"BoneHearing F2C beinlei\u00f0ni heyrnart\u00e6ki og heyrnart\u00f3l (Sound Amplifier Headphones)"}]},{"@type":"WebSite","@id":"https:\/\/vorulagerinn.is\/#website","url":"https:\/\/vorulagerinn.is\/","name":"V\u00f6rulagerinn","description":"L\u00e1ttu \u00fea\u00f0 eftir \u00fe\u00e9r","publisher":{"@id":"https:\/\/vorulagerinn.is\/#organization"},"potentialAction":[{"@type":"SearchAction","target":{"@type":"EntryPoint","urlTemplate":"https:\/\/vorulagerinn.is\/?s={search_term_string}"},"query-input":{"@type":"PropertyValueSpecification","valueRequired":true,"valueName":"search_term_string"}}],"inLanguage":"en-US"},{"@type":"Organization","@id":"https:\/\/vorulagerinn.is\/#organization","name":"V\u00f6rulagerinn","url":"https:\/\/vorulagerinn.is\/","logo":{"@type":"ImageObject","inLanguage":"en-US","@id":"https:\/\/vorulagerinn.is\/#\/schema\/logo\/image\/","url":"https:\/\/vorulagerinn.is\/wp-content\/uploads\/2022\/09\/Vorulagerinn-Logo-588x160-1.png","contentUrl":"https:\/\/vorulagerinn.is\/wp-content\/uploads\/2022\/09\/Vorulagerinn-Logo-588x160-1.png","width":588,"height":160,"caption":"V\u00f6rulagerinn"},"image":{"@id":"https:\/\/vorulagerinn.is\/#\/schema\/logo\/image\/"},"sameAs":["https:\/\/www.facebook.com\/vorulagerinn","https:\/\/www.instagram.com\/vorulagerinn\/"]}]},"product_price_amount":"20990","product_price_currency":"ISK","og_availability":"instock","product_availability":"instock","product_retailer_item_id":"BoneHearing F2C","product_condition":"new"},"_links":{"self":[{"href":"https:\/\/vorulagerinn.is\/en\/wp-json\/wp\/v2\/product\/29708","targetHints":{"allow":["GET"]}}],"collection":[{"href":"https:\/\/vorulagerinn.is\/en\/wp-json\/wp\/v2\/product"}],"about":[{"href":"https:\/\/vorulagerinn.is\/en\/wp-json\/wp\/v2\/types\/product"}],"wp:featuredmedia":[{"embeddable":true,"href":"https:\/\/vorulagerinn.is\/en\/wp-json\/wp\/v2\/media\/29702"}],"wp:attachment":[{"href":"https:\/\/vorulagerinn.is\/en\/wp-json\/wp\/v2\/media?parent=29708"}],"wp:term":[{"taxonomy":"product_brand","embeddable":true,"href":"https:\/\/vorulagerinn.is\/en\/wp-json\/wp\/v2\/product_brand?post=29708"},{"taxonomy":"product_cat","embeddable":true,"href":"https:\/\/vorulagerinn.is\/en\/wp-json\/wp\/v2\/product_cat?post=29708"},{"taxonomy":"product_tag","embeddable":true,"href":"https:\/\/vorulagerinn.is\/en\/wp-json\/wp\/v2\/product_tag?post=29708"}],"curies":[{"name":"wp","href":"https:\/\/api.w.org\/{rel}","templated":true}]}}