{"id":29711,"date":"2025-11-16T10:09:48","date_gmt":"2025-11-16T10:09:48","guid":{"rendered":"https:\/\/vorulagerinn.is\/product\/bone-g1-openear-beinleidni-heyrnartol-bluetooth-6-0-ipx7-vatnsvorn-adeins-24-gromm-fyrir-folk-a-ferdinni\/"},"modified":"2026-04-08T13:41:57","modified_gmt":"2026-04-08T13:41:57","slug":"boneg2","status":"publish","type":"product","link":"https:\/\/vorulagerinn.is\/en\/product\/boneg2\/","title":{"rendered":"Bone G1 OpenEar beinlei\u00f0ni heyrnart\u00f3l, Bluetooth 6.0, IPX7 vatnsv\u00f6rn, a\u00f0eins 24 gr\u00f6mm fyrir f\u00f3lk \u00e1 fer\u00f0inni"},"content":{"rendered":"","protected":false},"excerpt":{"rendered":"<p>Beinlei\u00f0ni G1 (bone conduction) \u00fer\u00e1\u00f0lausu heyrnart\u00f3lin eru l\u00e9tt (24g), \u00fe\u00e6gileg og h\u00e6gt a\u00f0 nota \u00e1samt gleraugum. \u00deau eru me\u00f0 IPX7 vatnsv\u00f6rn og \u00feola svita og rigningu. Rafhla\u00f0an endist \u00ed allt a\u00f0 7 klst \u00feegar hlusta\u00f0 er \u00e1 t\u00f3nlist. \u00dea\u00f0 tekur a\u00f0eins 10 m\u00edn a\u00f0 f\u00e1 70% hle\u00f0slu og 50 m\u00edn a\u00f0 fullhla\u00f0a heyrnart\u00f3lin.<\/p>\n<p>\u00de\u00fa getur hlusta\u00f0 \u00e1 t\u00f3nlist e\u00f0a hlj\u00f3\u00f0b\u00e6kur og heyrt fullkomlega vel \u00ed umhverfinu hvort sem \u00fe\u00fa ert \u00ed vinnunni, r\u00e6ktinni, g\u00f6ngut\u00far, a\u00f0 hlaupa e\u00f0a \u00ed golfi me\u00f0 f\u00e9l\u00f6gunum \u00e1n \u00feess a\u00f0 missa athygli og f\u00f3rna hlj\u00f3mg\u00e6\u00f0um.<\/p>\n<p>Heyrnart\u00f3lin eru me\u00f0 Bluetooth 6.0 og 10 metra dr\u00e6gni. Mj\u00f6g g\u00f3\u00f0 samh\u00e6fni og hr\u00f6\u00f0 tenging vi\u00f0 alla helstu snjalls\u00edma. St\u00fdringin er \u00e1 h\u00e6gri hli\u00f0 vi\u00f0 eyra en \u00fear getur \u00fe\u00fa stj\u00f3rna\u00f0 afspilun, h\u00e6kka\u00f0, l\u00e6kka\u00f0, svara\u00f0, kveikt og sl\u00f6kkt.<\/p>\n<p>\u2013 Litur: Svartur<br \/>\n\u2013 \u00deyngd: 24 gr\u00f6mm<br \/>\n\u2013 Vatnsheldni IPX7<br \/>\n\u2013 Bluetooth: 6.0 (allt a\u00f0 10 metra dr\u00e6gni)<br \/>\n\u2013 USB-C hle\u00f0slusn\u00fara<br \/>\n\u2013 Vottanir: CE, ROHS &amp; FCC<\/p>\n","protected":false},"featured_media":29710,"template":"","meta":[],"product_brand":[429],"product_cat":[431,432],"product_tag":[],"class_list":{"0":"post-29711","1":"product","2":"type-product","3":"status-publish","4":"has-post-thumbnail","6":"product_brand-openear","7":"product_cat-a-eyru-on-ear","8":"product_cat-beinleidni-bone-conduction","10":"first","11":"instock","12":"sale","13":"taxable","14":"shipping-taxable","15":"purchasable","16":"product-type-simple"},"supplier_id":null,"supplier_sku":"","barcode":null,"atum_controlled":true,"out_stock_date":null,"out_stock_threshold":null,"inheritable":false,"inbound_stock":0,"stock_on_hold":0,"sold_today":0,"sales_last_days":1,"reserved_stock":0,"customer_returns":0,"warehouse_damage":0,"lost_in_post":0,"other_logs":0,"out_stock_days":0,"lost_sales":0,"has_location":false,"update_date":"2026-04-18T00:22:34","atum_locations":[],"atum_stock_status":"instock","restock_status":false,"low_stock_amount":"","sales_update_date":"2026-04-18T00:22:34","calc_backorders":null,"yoast_head":"<!-- This site is optimized with the Yoast SEO Premium plugin v26.6 (Yoast SEO v27.3) - https:\/\/yoast.com\/product\/yoast-seo-premium-wordpress\/ -->\n<title>Bone G1 OpenEar beinlei\u00f0ni heyrnart\u00f3l | BT 6.0 | IPX7 vatnsv\u00f6rn<\/title>\n<meta name=\"description\" content=\"\u00de\u00fa hlustar \u00e1 t\u00f3nlist e\u00f0a hlj\u00f3\u00f0b\u00e6kur og heyrir vel \u00ed umhverfinu hvort sem \u00fe\u00fa ert \u00ed vinnunni, r\u00e6ktinni, g\u00f6ngut\u00far \u00e1n \u00feess a\u00f0 missa athygli og f\u00f3rna hlj\u00f3mg\u00e6\u00f0um.\" \/>\n<meta name=\"robots\" content=\"index, follow, max-snippet:-1, max-image-preview:large, max-video-preview:-1\" \/>\n<link rel=\"canonical\" href=\"https:\/\/vorulagerinn.is\/product\/boneg2\/\" \/>\n<meta property=\"og:locale\" content=\"en_US\" \/>\n<meta property=\"og:type\" content=\"article\" \/>\n<meta property=\"og:title\" content=\"Bone G1 OpenEar beinlei\u00f0ni heyrnart\u00f3l, Bluetooth 6.0, IPX7 vatnsv\u00f6rn, a\u00f0eins 24 gr\u00f6mm fyrir f\u00f3lk \u00e1 fer\u00f0inni\" \/>\n<meta property=\"og:description\" content=\"\u00de\u00fa hlustar \u00e1 t\u00f3nlist e\u00f0a hlj\u00f3\u00f0b\u00e6kur og heyrir vel \u00ed umhverfinu hvort sem \u00fe\u00fa ert \u00ed vinnunni, r\u00e6ktinni, g\u00f6ngut\u00far \u00e1n \u00feess a\u00f0 missa athygli og f\u00f3rna hlj\u00f3mg\u00e6\u00f0um.\" \/>\n<meta property=\"og:url\" content=\"https:\/\/vorulagerinn.is\/product\/boneg2\/\" \/>\n<meta property=\"og:site_name\" content=\"V&ouml;rulagerinn\" \/>\n<meta property=\"article:publisher\" content=\"https:\/\/www.facebook.com\/vorulagerinn\" \/>\n<meta property=\"article:modified_time\" content=\"2026-04-08T13:41:57+00:00\" \/>\n<meta property=\"og:image\" content=\"https:\/\/vorulagerinn.is\/wp-content\/uploads\/2025\/11\/OpenEar-G1.jpg\" \/>\n\t<meta property=\"og:image:width\" content=\"600\" \/>\n\t<meta property=\"og:image:height\" content=\"600\" \/>\n\t<meta property=\"og:image:type\" content=\"image\/jpeg\" \/>\n<meta name=\"twitter:card\" content=\"summary_large_image\" \/>\n<meta name=\"twitter:label1\" content=\"Price\" \/>\n\t<meta name=\"twitter:data1\" content=\"6.510&nbsp;kr.\" \/>\n\t<meta name=\"twitter:label2\" content=\"Availability\" \/>\n\t<meta name=\"twitter:data2\" content=\"In stock\" \/>\n<script type=\"application\/ld+json\" class=\"yoast-schema-graph\">{\"@context\":\"https:\\\/\\\/schema.org\",\"@graph\":[{\"@type\":\"WebPage\",\"@id\":\"https:\\\/\\\/vorulagerinn.is\\\/product\\\/boneg2\\\/\",\"url\":\"https:\\\/\\\/vorulagerinn.is\\\/product\\\/boneg2\\\/\",\"name\":\"Bone G1 OpenEar beinlei\u00f0ni heyrnart\u00f3l | BT 6.0 | IPX7 vatnsv\u00f6rn\",\"isPartOf\":{\"@id\":\"https:\\\/\\\/vorulagerinn.is\\\/#website\"},\"primaryImageOfPage\":{\"@id\":\"https:\\\/\\\/vorulagerinn.is\\\/product\\\/boneg2\\\/#primaryimage\"},\"image\":{\"@id\":\"https:\\\/\\\/vorulagerinn.is\\\/product\\\/boneg2\\\/#primaryimage\"},\"thumbnailUrl\":\"https:\\\/\\\/vorulagerinn.is\\\/wp-content\\\/uploads\\\/2025\\\/11\\\/OpenEar-G1.jpg\",\"datePublished\":\"2025-11-16T10:09:48+00:00\",\"dateModified\":\"2026-04-08T13:41:57+00:00\",\"description\":\"\u00de\u00fa hlustar \u00e1 t\u00f3nlist e\u00f0a hlj\u00f3\u00f0b\u00e6kur og heyrir vel \u00ed umhverfinu hvort sem \u00fe\u00fa ert \u00ed vinnunni, r\u00e6ktinni, g\u00f6ngut\u00far \u00e1n \u00feess a\u00f0 missa athygli og f\u00f3rna hlj\u00f3mg\u00e6\u00f0um.\",\"breadcrumb\":{\"@id\":\"https:\\\/\\\/vorulagerinn.is\\\/product\\\/boneg2\\\/#breadcrumb\"},\"inLanguage\":\"en-US\",\"potentialAction\":[{\"@type\":\"ReadAction\",\"target\":[\"https:\\\/\\\/vorulagerinn.is\\\/product\\\/boneg2\\\/\"]}]},{\"@type\":\"ImageObject\",\"inLanguage\":\"en-US\",\"@id\":\"https:\\\/\\\/vorulagerinn.is\\\/product\\\/boneg2\\\/#primaryimage\",\"url\":\"https:\\\/\\\/vorulagerinn.is\\\/wp-content\\\/uploads\\\/2025\\\/11\\\/OpenEar-G1.jpg\",\"contentUrl\":\"https:\\\/\\\/vorulagerinn.is\\\/wp-content\\\/uploads\\\/2025\\\/11\\\/OpenEar-G1.jpg\",\"width\":600,\"height\":600},{\"@type\":\"BreadcrumbList\",\"@id\":\"https:\\\/\\\/vorulagerinn.is\\\/product\\\/boneg2\\\/#breadcrumb\",\"itemListElement\":[{\"@type\":\"ListItem\",\"position\":1,\"name\":\"Home\",\"item\":\"https:\\\/\\\/vorulagerinn.is\\\/\"},{\"@type\":\"ListItem\",\"position\":2,\"name\":\"Shop\",\"item\":\"https:\\\/\\\/vorulagerinn.is\\\/en\\\/shop\\\/\"},{\"@type\":\"ListItem\",\"position\":3,\"name\":\"Bone G1 OpenEar beinlei\u00f0ni heyrnart\u00f3l, Bluetooth 6.0, IPX7 vatnsv\u00f6rn, a\u00f0eins 24 gr\u00f6mm fyrir f\u00f3lk \u00e1 fer\u00f0inni\"}]},{\"@type\":\"WebSite\",\"@id\":\"https:\\\/\\\/vorulagerinn.is\\\/#website\",\"url\":\"https:\\\/\\\/vorulagerinn.is\\\/\",\"name\":\"V\u00f6rulagerinn\",\"description\":\"L\u00e1ttu \u00fea\u00f0 eftir \u00fe\u00e9r\",\"publisher\":{\"@id\":\"https:\\\/\\\/vorulagerinn.is\\\/#organization\"},\"potentialAction\":[{\"@type\":\"SearchAction\",\"target\":{\"@type\":\"EntryPoint\",\"urlTemplate\":\"https:\\\/\\\/vorulagerinn.is\\\/?s={search_term_string}\"},\"query-input\":{\"@type\":\"PropertyValueSpecification\",\"valueRequired\":true,\"valueName\":\"search_term_string\"}}],\"inLanguage\":\"en-US\"},{\"@type\":\"Organization\",\"@id\":\"https:\\\/\\\/vorulagerinn.is\\\/#organization\",\"name\":\"V\u00f6rulagerinn\",\"url\":\"https:\\\/\\\/vorulagerinn.is\\\/\",\"logo\":{\"@type\":\"ImageObject\",\"inLanguage\":\"en-US\",\"@id\":\"https:\\\/\\\/vorulagerinn.is\\\/#\\\/schema\\\/logo\\\/image\\\/\",\"url\":\"https:\\\/\\\/vorulagerinn.is\\\/wp-content\\\/uploads\\\/2022\\\/09\\\/Vorulagerinn-Logo-588x160-1.png\",\"contentUrl\":\"https:\\\/\\\/vorulagerinn.is\\\/wp-content\\\/uploads\\\/2022\\\/09\\\/Vorulagerinn-Logo-588x160-1.png\",\"width\":588,\"height\":160,\"caption\":\"V\u00f6rulagerinn\"},\"image\":{\"@id\":\"https:\\\/\\\/vorulagerinn.is\\\/#\\\/schema\\\/logo\\\/image\\\/\"},\"sameAs\":[\"https:\\\/\\\/www.facebook.com\\\/vorulagerinn\",\"https:\\\/\\\/www.instagram.com\\\/vorulagerinn\\\/\"]}]}<\/script>\n<meta property=\"product:price:amount\" content=\"6510\" \/>\n<meta property=\"product:price:currency\" content=\"ISK\" \/>\n<meta property=\"og:availability\" content=\"instock\" \/>\n<meta property=\"product:availability\" content=\"instock\" \/>\n<meta property=\"product:retailer_item_id\" content=\"BoneG1\" \/>\n<meta property=\"product:condition\" content=\"new\" \/>\n<!-- \/ Yoast SEO Premium plugin. -->","yoast_head_json":{"title":"Bone G1 OpenEar beinlei\u00f0ni heyrnart\u00f3l | BT 6.0 | IPX7 vatnsv\u00f6rn","description":"\u00de\u00fa hlustar \u00e1 t\u00f3nlist e\u00f0a hlj\u00f3\u00f0b\u00e6kur og heyrir vel \u00ed umhverfinu hvort sem \u00fe\u00fa ert \u00ed vinnunni, r\u00e6ktinni, g\u00f6ngut\u00far \u00e1n \u00feess a\u00f0 missa athygli og f\u00f3rna hlj\u00f3mg\u00e6\u00f0um.","robots":{"index":"index","follow":"follow","max-snippet":"max-snippet:-1","max-image-preview":"max-image-preview:large","max-video-preview":"max-video-preview:-1"},"canonical":"https:\/\/vorulagerinn.is\/product\/boneg2\/","og_locale":"en_US","og_type":"article","og_title":"Bone G1 OpenEar beinlei\u00f0ni heyrnart\u00f3l, Bluetooth 6.0, IPX7 vatnsv\u00f6rn, a\u00f0eins 24 gr\u00f6mm fyrir f\u00f3lk \u00e1 fer\u00f0inni","og_description":"\u00de\u00fa hlustar \u00e1 t\u00f3nlist e\u00f0a hlj\u00f3\u00f0b\u00e6kur og heyrir vel \u00ed umhverfinu hvort sem \u00fe\u00fa ert \u00ed vinnunni, r\u00e6ktinni, g\u00f6ngut\u00far \u00e1n \u00feess a\u00f0 missa athygli og f\u00f3rna hlj\u00f3mg\u00e6\u00f0um.","og_url":"https:\/\/vorulagerinn.is\/product\/boneg2\/","og_site_name":"V&ouml;rulagerinn","article_publisher":"https:\/\/www.facebook.com\/vorulagerinn","article_modified_time":"2026-04-08T13:41:57+00:00","og_image":[{"width":600,"height":600,"url":"https:\/\/vorulagerinn.is\/wp-content\/uploads\/2025\/11\/OpenEar-G1.jpg","type":"image\/jpeg"}],"twitter_card":"summary_large_image","twitter_misc":{"Price":"6.510&nbsp;kr.","Availability":"In stock"},"schema":{"@context":"https:\/\/schema.org","@graph":[{"@type":"WebPage","@id":"https:\/\/vorulagerinn.is\/product\/boneg2\/","url":"https:\/\/vorulagerinn.is\/product\/boneg2\/","name":"Bone G1 OpenEar beinlei\u00f0ni heyrnart\u00f3l | BT 6.0 | IPX7 vatnsv\u00f6rn","isPartOf":{"@id":"https:\/\/vorulagerinn.is\/#website"},"primaryImageOfPage":{"@id":"https:\/\/vorulagerinn.is\/product\/boneg2\/#primaryimage"},"image":{"@id":"https:\/\/vorulagerinn.is\/product\/boneg2\/#primaryimage"},"thumbnailUrl":"https:\/\/vorulagerinn.is\/wp-content\/uploads\/2025\/11\/OpenEar-G1.jpg","datePublished":"2025-11-16T10:09:48+00:00","dateModified":"2026-04-08T13:41:57+00:00","description":"\u00de\u00fa hlustar \u00e1 t\u00f3nlist e\u00f0a hlj\u00f3\u00f0b\u00e6kur og heyrir vel \u00ed umhverfinu hvort sem \u00fe\u00fa ert \u00ed vinnunni, r\u00e6ktinni, g\u00f6ngut\u00far \u00e1n \u00feess a\u00f0 missa athygli og f\u00f3rna hlj\u00f3mg\u00e6\u00f0um.","breadcrumb":{"@id":"https:\/\/vorulagerinn.is\/product\/boneg2\/#breadcrumb"},"inLanguage":"en-US","potentialAction":[{"@type":"ReadAction","target":["https:\/\/vorulagerinn.is\/product\/boneg2\/"]}]},{"@type":"ImageObject","inLanguage":"en-US","@id":"https:\/\/vorulagerinn.is\/product\/boneg2\/#primaryimage","url":"https:\/\/vorulagerinn.is\/wp-content\/uploads\/2025\/11\/OpenEar-G1.jpg","contentUrl":"https:\/\/vorulagerinn.is\/wp-content\/uploads\/2025\/11\/OpenEar-G1.jpg","width":600,"height":600},{"@type":"BreadcrumbList","@id":"https:\/\/vorulagerinn.is\/product\/boneg2\/#breadcrumb","itemListElement":[{"@type":"ListItem","position":1,"name":"Home","item":"https:\/\/vorulagerinn.is\/"},{"@type":"ListItem","position":2,"name":"Shop","item":"https:\/\/vorulagerinn.is\/en\/shop\/"},{"@type":"ListItem","position":3,"name":"Bone G1 OpenEar beinlei\u00f0ni heyrnart\u00f3l, Bluetooth 6.0, IPX7 vatnsv\u00f6rn, a\u00f0eins 24 gr\u00f6mm fyrir f\u00f3lk \u00e1 fer\u00f0inni"}]},{"@type":"WebSite","@id":"https:\/\/vorulagerinn.is\/#website","url":"https:\/\/vorulagerinn.is\/","name":"V\u00f6rulagerinn","description":"L\u00e1ttu \u00fea\u00f0 eftir \u00fe\u00e9r","publisher":{"@id":"https:\/\/vorulagerinn.is\/#organization"},"potentialAction":[{"@type":"SearchAction","target":{"@type":"EntryPoint","urlTemplate":"https:\/\/vorulagerinn.is\/?s={search_term_string}"},"query-input":{"@type":"PropertyValueSpecification","valueRequired":true,"valueName":"search_term_string"}}],"inLanguage":"en-US"},{"@type":"Organization","@id":"https:\/\/vorulagerinn.is\/#organization","name":"V\u00f6rulagerinn","url":"https:\/\/vorulagerinn.is\/","logo":{"@type":"ImageObject","inLanguage":"en-US","@id":"https:\/\/vorulagerinn.is\/#\/schema\/logo\/image\/","url":"https:\/\/vorulagerinn.is\/wp-content\/uploads\/2022\/09\/Vorulagerinn-Logo-588x160-1.png","contentUrl":"https:\/\/vorulagerinn.is\/wp-content\/uploads\/2022\/09\/Vorulagerinn-Logo-588x160-1.png","width":588,"height":160,"caption":"V\u00f6rulagerinn"},"image":{"@id":"https:\/\/vorulagerinn.is\/#\/schema\/logo\/image\/"},"sameAs":["https:\/\/www.facebook.com\/vorulagerinn","https:\/\/www.instagram.com\/vorulagerinn\/"]}]},"product_price_amount":"6510","product_price_currency":"ISK","og_availability":"instock","product_availability":"instock","product_retailer_item_id":"BoneG1","product_condition":"new"},"_links":{"self":[{"href":"https:\/\/vorulagerinn.is\/en\/wp-json\/wp\/v2\/product\/29711","targetHints":{"allow":["GET"]}}],"collection":[{"href":"https:\/\/vorulagerinn.is\/en\/wp-json\/wp\/v2\/product"}],"about":[{"href":"https:\/\/vorulagerinn.is\/en\/wp-json\/wp\/v2\/types\/product"}],"wp:featuredmedia":[{"embeddable":true,"href":"https:\/\/vorulagerinn.is\/en\/wp-json\/wp\/v2\/media\/29710"}],"wp:attachment":[{"href":"https:\/\/vorulagerinn.is\/en\/wp-json\/wp\/v2\/media?parent=29711"}],"wp:term":[{"taxonomy":"product_brand","embeddable":true,"href":"https:\/\/vorulagerinn.is\/en\/wp-json\/wp\/v2\/product_brand?post=29711"},{"taxonomy":"product_cat","embeddable":true,"href":"https:\/\/vorulagerinn.is\/en\/wp-json\/wp\/v2\/product_cat?post=29711"},{"taxonomy":"product_tag","embeddable":true,"href":"https:\/\/vorulagerinn.is\/en\/wp-json\/wp\/v2\/product_tag?post=29711"}],"curies":[{"name":"wp","href":"https:\/\/api.w.org\/{rel}","templated":true}]}}