{"id":29732,"date":"2025-11-19T17:39:14","date_gmt":"2025-11-19T17:39:14","guid":{"rendered":"https:\/\/vorulagerinn.is\/product\/beavercraft-diy-gleraugnahulstur-ur-ledri-fyrir-byrjendur-sem-inniheldur-allt-sem-tharf\/"},"modified":"2026-03-09T15:59:53","modified_gmt":"2026-03-09T15:59:53","slug":"diy_l_case","status":"publish","type":"product","link":"https:\/\/vorulagerinn.is\/en\/product\/diy_l_case\/","title":{"rendered":"BeaverCraft DIY gleraugnahulstur \u00far le\u00f0ri fyrir byrjendur sem inniheldur allt sem \u00fearf"},"content":{"rendered":"<p><iframe loading=\"lazy\" title=\"Glasses Case Leather Crafting Kit Teaser\" width=\"1020\" height=\"574\" src=\"https:\/\/www.youtube.com\/embed\/kEWHHpH0568?feature=oembed\" frameborder=\"0\" allow=\"accelerometer; autoplay; clipboard-write; encrypted-media; gyroscope; picture-in-picture; web-share\" referrerpolicy=\"strict-origin-when-cross-origin\" allowfullscreen><\/iframe><\/p>\n<p>&nbsp;<\/p>\n","protected":false},"excerpt":{"rendered":"<p>L\u00e6r\u00f0u a\u00f0 b\u00faa til \u00feitt eigi\u00f0 le\u00f0ur gleraugnahulstur alveg fr\u00e1 grunni. \u00deetta DIY byrjendasett lei\u00f0ir \u00feig \u00e1fram skref fyrir skref vi\u00f0 h\u00f6nnun og sm\u00ed\u00f0i \u00e1 \u00feessu gl\u00e6silega le\u00f0urhandverki fyrir gleraugu e\u00f0a s\u00f3lgleraugu. \u00cd kassanum er allt sem \u00fe\u00fa \u00fearft til a\u00f0 kl\u00e1ra verkefni\u00f0 \u00e1samt \u00edtarlegum lei\u00f0beiningum og tengli \u00e1 kennslumyndband.<\/p>\n<p><strong>Fr\u00e1b\u00e6r DIY t\u00e6kif\u00e6risgj\u00f6f fyrir byrjendur og \u00fe\u00e1 sem eru lengra komna.<\/strong><br \/>\n12 \u00e1ra og eldri. Myndband er ne\u00f0ar \u00e1 \u00feessari s\u00ed\u00f0u.<\/p>\n<p><strong>\u00cd kassanum er m.a.:<\/strong><br \/>\n&#8211; Hamar<br \/>\n&#8211; Skur\u00f0motta<br \/>\n&#8211; Sandpapp\u00edr<br \/>\n&#8211; Trefjakl\u00fatur<br \/>\n&#8211; Hl\u00edf\u00f0arteip til a\u00f0 vernda fingur<br \/>\n&#8211; Sk\u00e6ri<br \/>\n&#8211; Reglustika<br \/>\n&#8211; Vaxa\u00f0ur sauma\u00fer\u00e1\u00f0ur og n\u00e1l<br \/>\n&#8211; For\u00fatskorinn le\u00f0urstykki fyrir hulstri\u00f0<br \/>\n&#8211; Pappam\u00f3t og sni\u00f0bl\u00f6\u00f0<br \/>\n&#8211; Le\u00f0urp\u00fa\u00f0akrem fyrir fr\u00e1gang<br \/>\n&#8211; Skref fyrir skref lei\u00f0beiningar<\/p>\n<p><strong>B\u00f3nus:<\/strong><br \/>\n&#8211; Auka DIY verkefni af \u201eBeaver Tail\u201c lykklakippu<\/p>\n","protected":false},"featured_media":29727,"template":"","meta":[],"product_brand":[456],"product_cat":[450],"product_tag":[],"class_list":{"0":"post-29732","1":"product","2":"type-product","3":"status-publish","4":"has-post-thumbnail","6":"product_brand-beavercraft","7":"product_cat-beavercraft-diy-utskurdarsett","9":"first","10":"instock","11":"sale","12":"taxable","13":"shipping-taxable","14":"purchasable","15":"product-type-simple"},"supplier_id":null,"supplier_sku":"","barcode":null,"atum_controlled":true,"out_stock_date":null,"out_stock_threshold":null,"inheritable":false,"inbound_stock":0,"stock_on_hold":0,"sold_today":0,"sales_last_days":0,"reserved_stock":0,"customer_returns":0,"warehouse_damage":0,"lost_in_post":0,"other_logs":0,"out_stock_days":0,"lost_sales":0,"has_location":false,"update_date":"2026-04-12T00:16:03","atum_locations":[],"atum_stock_status":"instock","restock_status":false,"low_stock_amount":"","sales_update_date":"2026-04-12T00:16:03","calc_backorders":null,"yoast_head":"<!-- This site is optimized with the Yoast SEO Premium plugin v26.6 (Yoast SEO v27.3) - https:\/\/yoast.com\/product\/yoast-seo-premium-wordpress\/ -->\n<title>BeaverCraft DIY gleraugnahulstur \u00far le\u00f0ri fyrir byrjendur<\/title>\n<meta name=\"description\" content=\"L\u00e6r\u00f0u a\u00f0 b\u00faa til \u00feitt eigi\u00f0 le\u00f0ur gleraugnahulstur alveg fr\u00e1 grunni. \u00deetta DIY byrjendasett lei\u00f0ir \u00feig \u00e1fram skref fyrir skref og inniheldur allt sem \u00fearf.\" \/>\n<meta name=\"robots\" content=\"index, follow, max-snippet:-1, max-image-preview:large, max-video-preview:-1\" \/>\n<link rel=\"canonical\" href=\"https:\/\/vorulagerinn.is\/product\/diy_l_case\/\" \/>\n<meta property=\"og:locale\" content=\"en_US\" \/>\n<meta property=\"og:type\" content=\"article\" \/>\n<meta property=\"og:title\" content=\"BeaverCraft DIY gleraugnahulstur \u00far le\u00f0ri fyrir byrjendur sem inniheldur allt sem \u00fearf\" \/>\n<meta property=\"og:description\" content=\"L\u00e6r\u00f0u a\u00f0 b\u00faa til \u00feitt eigi\u00f0 le\u00f0ur gleraugnahulstur alveg fr\u00e1 grunni. \u00deetta DIY byrjendasett lei\u00f0ir \u00feig \u00e1fram skref fyrir skref og inniheldur allt sem \u00fearf.\" \/>\n<meta property=\"og:url\" content=\"https:\/\/vorulagerinn.is\/product\/diy_l_case\/\" \/>\n<meta property=\"og:site_name\" content=\"V&ouml;rulagerinn\" \/>\n<meta property=\"article:publisher\" content=\"https:\/\/www.facebook.com\/vorulagerinn\" \/>\n<meta property=\"article:modified_time\" content=\"2026-03-09T15:59:53+00:00\" \/>\n<meta property=\"og:image\" content=\"https:\/\/vorulagerinn.is\/wp-content\/uploads\/2025\/11\/DIY_L_CASE.jpg\" \/>\n\t<meta property=\"og:image:width\" content=\"600\" \/>\n\t<meta property=\"og:image:height\" content=\"600\" \/>\n\t<meta property=\"og:image:type\" content=\"image\/jpeg\" \/>\n<meta name=\"twitter:card\" content=\"summary_large_image\" \/>\n<meta name=\"twitter:label1\" content=\"Price\" \/>\n\t<meta name=\"twitter:data1\" content=\"6.160&nbsp;kr.\" \/>\n\t<meta name=\"twitter:label2\" content=\"Availability\" \/>\n\t<meta name=\"twitter:data2\" content=\"In stock\" \/>\n<script type=\"application\/ld+json\" class=\"yoast-schema-graph\">{\"@context\":\"https:\\\/\\\/schema.org\",\"@graph\":[{\"@type\":\"WebPage\",\"@id\":\"https:\\\/\\\/vorulagerinn.is\\\/product\\\/diy_l_case\\\/\",\"url\":\"https:\\\/\\\/vorulagerinn.is\\\/product\\\/diy_l_case\\\/\",\"name\":\"BeaverCraft DIY gleraugnahulstur \u00far le\u00f0ri fyrir byrjendur\",\"isPartOf\":{\"@id\":\"https:\\\/\\\/vorulagerinn.is\\\/#website\"},\"primaryImageOfPage\":{\"@id\":\"https:\\\/\\\/vorulagerinn.is\\\/product\\\/diy_l_case\\\/#primaryimage\"},\"image\":{\"@id\":\"https:\\\/\\\/vorulagerinn.is\\\/product\\\/diy_l_case\\\/#primaryimage\"},\"thumbnailUrl\":\"https:\\\/\\\/vorulagerinn.is\\\/wp-content\\\/uploads\\\/2025\\\/11\\\/DIY_L_CASE.jpg\",\"datePublished\":\"2025-11-19T17:39:14+00:00\",\"dateModified\":\"2026-03-09T15:59:53+00:00\",\"description\":\"L\u00e6r\u00f0u a\u00f0 b\u00faa til \u00feitt eigi\u00f0 le\u00f0ur gleraugnahulstur alveg fr\u00e1 grunni. \u00deetta DIY byrjendasett lei\u00f0ir \u00feig \u00e1fram skref fyrir skref og inniheldur allt sem \u00fearf.\",\"breadcrumb\":{\"@id\":\"https:\\\/\\\/vorulagerinn.is\\\/product\\\/diy_l_case\\\/#breadcrumb\"},\"inLanguage\":\"en-US\",\"potentialAction\":[{\"@type\":\"ReadAction\",\"target\":[\"https:\\\/\\\/vorulagerinn.is\\\/product\\\/diy_l_case\\\/\"]}]},{\"@type\":\"ImageObject\",\"inLanguage\":\"en-US\",\"@id\":\"https:\\\/\\\/vorulagerinn.is\\\/product\\\/diy_l_case\\\/#primaryimage\",\"url\":\"https:\\\/\\\/vorulagerinn.is\\\/wp-content\\\/uploads\\\/2025\\\/11\\\/DIY_L_CASE.jpg\",\"contentUrl\":\"https:\\\/\\\/vorulagerinn.is\\\/wp-content\\\/uploads\\\/2025\\\/11\\\/DIY_L_CASE.jpg\",\"width\":600,\"height\":600},{\"@type\":\"BreadcrumbList\",\"@id\":\"https:\\\/\\\/vorulagerinn.is\\\/product\\\/diy_l_case\\\/#breadcrumb\",\"itemListElement\":[{\"@type\":\"ListItem\",\"position\":1,\"name\":\"Home\",\"item\":\"https:\\\/\\\/vorulagerinn.is\\\/\"},{\"@type\":\"ListItem\",\"position\":2,\"name\":\"Shop\",\"item\":\"https:\\\/\\\/vorulagerinn.is\\\/en\\\/shop\\\/\"},{\"@type\":\"ListItem\",\"position\":3,\"name\":\"BeaverCraft DIY gleraugnahulstur \u00far le\u00f0ri fyrir byrjendur sem inniheldur allt sem \u00fearf\"}]},{\"@type\":\"WebSite\",\"@id\":\"https:\\\/\\\/vorulagerinn.is\\\/#website\",\"url\":\"https:\\\/\\\/vorulagerinn.is\\\/\",\"name\":\"V\u00f6rulagerinn\",\"description\":\"L\u00e1ttu \u00fea\u00f0 eftir \u00fe\u00e9r\",\"publisher\":{\"@id\":\"https:\\\/\\\/vorulagerinn.is\\\/#organization\"},\"potentialAction\":[{\"@type\":\"SearchAction\",\"target\":{\"@type\":\"EntryPoint\",\"urlTemplate\":\"https:\\\/\\\/vorulagerinn.is\\\/?s={search_term_string}\"},\"query-input\":{\"@type\":\"PropertyValueSpecification\",\"valueRequired\":true,\"valueName\":\"search_term_string\"}}],\"inLanguage\":\"en-US\"},{\"@type\":\"Organization\",\"@id\":\"https:\\\/\\\/vorulagerinn.is\\\/#organization\",\"name\":\"V\u00f6rulagerinn\",\"url\":\"https:\\\/\\\/vorulagerinn.is\\\/\",\"logo\":{\"@type\":\"ImageObject\",\"inLanguage\":\"en-US\",\"@id\":\"https:\\\/\\\/vorulagerinn.is\\\/#\\\/schema\\\/logo\\\/image\\\/\",\"url\":\"https:\\\/\\\/vorulagerinn.is\\\/wp-content\\\/uploads\\\/2022\\\/09\\\/Vorulagerinn-Logo-588x160-1.png\",\"contentUrl\":\"https:\\\/\\\/vorulagerinn.is\\\/wp-content\\\/uploads\\\/2022\\\/09\\\/Vorulagerinn-Logo-588x160-1.png\",\"width\":588,\"height\":160,\"caption\":\"V\u00f6rulagerinn\"},\"image\":{\"@id\":\"https:\\\/\\\/vorulagerinn.is\\\/#\\\/schema\\\/logo\\\/image\\\/\"},\"sameAs\":[\"https:\\\/\\\/www.facebook.com\\\/vorulagerinn\",\"https:\\\/\\\/www.instagram.com\\\/vorulagerinn\\\/\"]}]}<\/script>\n<meta property=\"product:price:amount\" content=\"6160\" \/>\n<meta property=\"product:price:currency\" content=\"ISK\" \/>\n<meta property=\"og:availability\" content=\"instock\" \/>\n<meta property=\"product:availability\" content=\"instock\" \/>\n<meta property=\"product:retailer_item_id\" content=\"DIY_L_CASE\" \/>\n<meta property=\"product:condition\" content=\"new\" \/>\n<!-- \/ Yoast SEO Premium plugin. -->","yoast_head_json":{"title":"BeaverCraft DIY gleraugnahulstur \u00far le\u00f0ri fyrir byrjendur","description":"L\u00e6r\u00f0u a\u00f0 b\u00faa til \u00feitt eigi\u00f0 le\u00f0ur gleraugnahulstur alveg fr\u00e1 grunni. \u00deetta DIY byrjendasett lei\u00f0ir \u00feig \u00e1fram skref fyrir skref og inniheldur allt sem \u00fearf.","robots":{"index":"index","follow":"follow","max-snippet":"max-snippet:-1","max-image-preview":"max-image-preview:large","max-video-preview":"max-video-preview:-1"},"canonical":"https:\/\/vorulagerinn.is\/product\/diy_l_case\/","og_locale":"en_US","og_type":"article","og_title":"BeaverCraft DIY gleraugnahulstur \u00far le\u00f0ri fyrir byrjendur sem inniheldur allt sem \u00fearf","og_description":"L\u00e6r\u00f0u a\u00f0 b\u00faa til \u00feitt eigi\u00f0 le\u00f0ur gleraugnahulstur alveg fr\u00e1 grunni. \u00deetta DIY byrjendasett lei\u00f0ir \u00feig \u00e1fram skref fyrir skref og inniheldur allt sem \u00fearf.","og_url":"https:\/\/vorulagerinn.is\/product\/diy_l_case\/","og_site_name":"V&ouml;rulagerinn","article_publisher":"https:\/\/www.facebook.com\/vorulagerinn","article_modified_time":"2026-03-09T15:59:53+00:00","og_image":[{"width":600,"height":600,"url":"https:\/\/vorulagerinn.is\/wp-content\/uploads\/2025\/11\/DIY_L_CASE.jpg","type":"image\/jpeg"}],"twitter_card":"summary_large_image","twitter_misc":{"Price":"6.160&nbsp;kr.","Availability":"In stock"},"schema":{"@context":"https:\/\/schema.org","@graph":[{"@type":"WebPage","@id":"https:\/\/vorulagerinn.is\/product\/diy_l_case\/","url":"https:\/\/vorulagerinn.is\/product\/diy_l_case\/","name":"BeaverCraft DIY gleraugnahulstur \u00far le\u00f0ri fyrir byrjendur","isPartOf":{"@id":"https:\/\/vorulagerinn.is\/#website"},"primaryImageOfPage":{"@id":"https:\/\/vorulagerinn.is\/product\/diy_l_case\/#primaryimage"},"image":{"@id":"https:\/\/vorulagerinn.is\/product\/diy_l_case\/#primaryimage"},"thumbnailUrl":"https:\/\/vorulagerinn.is\/wp-content\/uploads\/2025\/11\/DIY_L_CASE.jpg","datePublished":"2025-11-19T17:39:14+00:00","dateModified":"2026-03-09T15:59:53+00:00","description":"L\u00e6r\u00f0u a\u00f0 b\u00faa til \u00feitt eigi\u00f0 le\u00f0ur gleraugnahulstur alveg fr\u00e1 grunni. \u00deetta DIY byrjendasett lei\u00f0ir \u00feig \u00e1fram skref fyrir skref og inniheldur allt sem \u00fearf.","breadcrumb":{"@id":"https:\/\/vorulagerinn.is\/product\/diy_l_case\/#breadcrumb"},"inLanguage":"en-US","potentialAction":[{"@type":"ReadAction","target":["https:\/\/vorulagerinn.is\/product\/diy_l_case\/"]}]},{"@type":"ImageObject","inLanguage":"en-US","@id":"https:\/\/vorulagerinn.is\/product\/diy_l_case\/#primaryimage","url":"https:\/\/vorulagerinn.is\/wp-content\/uploads\/2025\/11\/DIY_L_CASE.jpg","contentUrl":"https:\/\/vorulagerinn.is\/wp-content\/uploads\/2025\/11\/DIY_L_CASE.jpg","width":600,"height":600},{"@type":"BreadcrumbList","@id":"https:\/\/vorulagerinn.is\/product\/diy_l_case\/#breadcrumb","itemListElement":[{"@type":"ListItem","position":1,"name":"Home","item":"https:\/\/vorulagerinn.is\/"},{"@type":"ListItem","position":2,"name":"Shop","item":"https:\/\/vorulagerinn.is\/en\/shop\/"},{"@type":"ListItem","position":3,"name":"BeaverCraft DIY gleraugnahulstur \u00far le\u00f0ri fyrir byrjendur sem inniheldur allt sem \u00fearf"}]},{"@type":"WebSite","@id":"https:\/\/vorulagerinn.is\/#website","url":"https:\/\/vorulagerinn.is\/","name":"V\u00f6rulagerinn","description":"L\u00e1ttu \u00fea\u00f0 eftir \u00fe\u00e9r","publisher":{"@id":"https:\/\/vorulagerinn.is\/#organization"},"potentialAction":[{"@type":"SearchAction","target":{"@type":"EntryPoint","urlTemplate":"https:\/\/vorulagerinn.is\/?s={search_term_string}"},"query-input":{"@type":"PropertyValueSpecification","valueRequired":true,"valueName":"search_term_string"}}],"inLanguage":"en-US"},{"@type":"Organization","@id":"https:\/\/vorulagerinn.is\/#organization","name":"V\u00f6rulagerinn","url":"https:\/\/vorulagerinn.is\/","logo":{"@type":"ImageObject","inLanguage":"en-US","@id":"https:\/\/vorulagerinn.is\/#\/schema\/logo\/image\/","url":"https:\/\/vorulagerinn.is\/wp-content\/uploads\/2022\/09\/Vorulagerinn-Logo-588x160-1.png","contentUrl":"https:\/\/vorulagerinn.is\/wp-content\/uploads\/2022\/09\/Vorulagerinn-Logo-588x160-1.png","width":588,"height":160,"caption":"V\u00f6rulagerinn"},"image":{"@id":"https:\/\/vorulagerinn.is\/#\/schema\/logo\/image\/"},"sameAs":["https:\/\/www.facebook.com\/vorulagerinn","https:\/\/www.instagram.com\/vorulagerinn\/"]}]},"product_price_amount":"6160","product_price_currency":"ISK","og_availability":"instock","product_availability":"instock","product_retailer_item_id":"DIY_L_CASE","product_condition":"new"},"_links":{"self":[{"href":"https:\/\/vorulagerinn.is\/en\/wp-json\/wp\/v2\/product\/29732","targetHints":{"allow":["GET"]}}],"collection":[{"href":"https:\/\/vorulagerinn.is\/en\/wp-json\/wp\/v2\/product"}],"about":[{"href":"https:\/\/vorulagerinn.is\/en\/wp-json\/wp\/v2\/types\/product"}],"wp:featuredmedia":[{"embeddable":true,"href":"https:\/\/vorulagerinn.is\/en\/wp-json\/wp\/v2\/media\/29727"}],"wp:attachment":[{"href":"https:\/\/vorulagerinn.is\/en\/wp-json\/wp\/v2\/media?parent=29732"}],"wp:term":[{"taxonomy":"product_brand","embeddable":true,"href":"https:\/\/vorulagerinn.is\/en\/wp-json\/wp\/v2\/product_brand?post=29732"},{"taxonomy":"product_cat","embeddable":true,"href":"https:\/\/vorulagerinn.is\/en\/wp-json\/wp\/v2\/product_cat?post=29732"},{"taxonomy":"product_tag","embeddable":true,"href":"https:\/\/vorulagerinn.is\/en\/wp-json\/wp\/v2\/product_tag?post=29732"}],"curies":[{"name":"wp","href":"https:\/\/api.w.org\/{rel}","templated":true}]}}