{"id":2976,"date":"2022-09-10T00:15:26","date_gmt":"2022-09-10T00:15:26","guid":{"rendered":"https:\/\/vorulagerinn.is\/?post_type=product&#038;p=2976"},"modified":"2026-02-11T13:34:48","modified_gmt":"2026-02-11T13:34:48","slug":"fartolvufesting-fyrir-farsima","status":"publish","type":"product","link":"https:\/\/vorulagerinn.is\/en\/product\/fartolvufesting-fyrir-farsima\/","title":{"rendered":"Fars\u00edma- og spjaldt\u00f6lvufesting"},"content":{"rendered":"<div style=\"width: 640px;\" class=\"wp-video\"><video class=\"wp-video-shortcode\" id=\"video-2976-1\" width=\"640\" height=\"360\" preload=\"metadata\" controls=\"controls\"><source type=\"video\/mp4\" src=\"https:\/\/video01.alibaba.com\/vod-icbu\/b7e6e26dcc3cff42\/J2tzWqAS6QUPBLnDEvD\/gKxoHOPcVdMvRMDr5y1_326601540703_mp4_264_ld.aliyun.mp4?_=1\" \/><a href=\"https:\/\/video01.alibaba.com\/vod-icbu\/b7e6e26dcc3cff42\/J2tzWqAS6QUPBLnDEvD\/gKxoHOPcVdMvRMDr5y1_326601540703_mp4_264_ld.aliyun.mp4\">https:\/\/video01.alibaba.com\/vod-icbu\/b7e6e26dcc3cff42\/J2tzWqAS6QUPBLnDEvD\/gKxoHOPcVdMvRMDr5y1_326601540703_mp4_264_ld.aliyun.mp4<\/a><\/video><\/div>\n<p>&nbsp;<\/p>\n","protected":false},"excerpt":{"rendered":"<p>Sterk fars\u00edma- og spjaldt\u00f6lvufesting sem komi\u00f0 er fyrir \u00e1 bakhli\u00f0 fart\u00f6lvunnar og\/e\u00f0a t\u00f6lvuskj\u00e1sins. \u00de\u00fa einfaldlega setur fars\u00edmann e\u00f0a spjaldt\u00f6lvuna vi\u00f0 festinguna og sn\u00fdr\u00f0 henni \u00feannig a\u00f0 fars\u00edminn passi sem best fyrir \u00feig. \u00dea\u00f0 er l\u00edka h\u00e6gt a\u00f0 geyma heyrnat\u00f3lin \u00e1 festingunni. Fr\u00e1b\u00e6r lausn til a\u00f0 tala mynd \u00ed mynd auk fj\u00f6lda annarra m\u00f6guleika.<\/p>\n<p>&#8211; Litur: Hv\u00edtur, svartur og silfurlita\u00f0ur<br \/>\n&#8211; St\u00e6r\u00f0: 12 x 3 x 0,5 cm<br \/>\n&#8211; Sj\u00e1 video ne\u00f0ar \u00e1 s\u00ed\u00f0u<\/p>\n","protected":false},"featured_media":8779,"template":"","meta":[],"product_brand":[],"product_cat":[449],"product_tag":[],"class_list":{"0":"post-2976","1":"product","2":"type-product","3":"status-publish","4":"has-post-thumbnail","6":"product_cat-festingar-og-standar","8":"first","9":"instock","10":"featured","11":"taxable","12":"shipping-taxable","13":"purchasable","14":"product-type-variable"},"supplier_id":null,"supplier_sku":"","barcode":null,"atum_controlled":true,"out_stock_date":null,"out_stock_threshold":null,"inheritable":true,"inbound_stock":null,"stock_on_hold":0,"sold_today":0,"sales_last_days":0,"reserved_stock":null,"customer_returns":null,"warehouse_damage":null,"lost_in_post":null,"other_logs":null,"out_stock_days":0,"lost_sales":0,"has_location":false,"update_date":"2026-04-19T00:22:44","atum_locations":[],"atum_stock_status":"instock","restock_status":false,"low_stock_amount":"","sales_update_date":"2026-04-19T00:22:44","calc_backorders":null,"yoast_head":"<!-- This site is optimized with the Yoast SEO Premium plugin v26.6 (Yoast SEO v27.3) - https:\/\/yoast.com\/product\/yoast-seo-premium-wordpress\/ -->\n<title>Sterk fars\u00edma- og spjaldt\u00f6lvufesting fyrir fart\u00f6lvur og t\u00f6lvuskj\u00e1i<\/title>\n<meta name=\"description\" content=\"Gl\u00e6sileg og sterk fars\u00edma- og spjaldt\u00f6lvufesting sem komi\u00f0 er fyrir \u00e1 bakhli\u00f0 fart\u00f6lvunnar e\u00f0a t\u00f6lvuskj\u00e1sins. Fr\u00e1b\u00e6r lausn til a\u00f0 tala mynd \u00ed mynd o.s.frv.\" \/>\n<meta name=\"robots\" content=\"index, follow, max-snippet:-1, max-image-preview:large, max-video-preview:-1\" \/>\n<link rel=\"canonical\" href=\"https:\/\/vorulagerinn.is\/product\/fartolvufesting-fyrir-farsima\/\" \/>\n<meta property=\"og:locale\" content=\"en_US\" \/>\n<meta property=\"og:type\" content=\"article\" \/>\n<meta property=\"og:title\" content=\"Fars\u00edma- og spjaldt\u00f6lvufesting\" \/>\n<meta property=\"og:description\" content=\"Gl\u00e6sileg og sterk fars\u00edma- og spjaldt\u00f6lvufesting sem komi\u00f0 er fyrir \u00e1 bakhli\u00f0 fart\u00f6lvunnar e\u00f0a t\u00f6lvuskj\u00e1sins. Fr\u00e1b\u00e6r lausn til a\u00f0 tala mynd \u00ed mynd o.s.frv.\" \/>\n<meta property=\"og:url\" content=\"https:\/\/vorulagerinn.is\/product\/fartolvufesting-fyrir-farsima\/\" \/>\n<meta property=\"og:site_name\" content=\"V&ouml;rulagerinn\" \/>\n<meta property=\"article:publisher\" content=\"https:\/\/www.facebook.com\/vorulagerinn\" \/>\n<meta property=\"article:modified_time\" content=\"2026-02-11T13:34:48+00:00\" \/>\n<meta property=\"og:image\" content=\"https:\/\/vorulagerinn.is\/wp-content\/uploads\/2022\/09\/Farsima-og-spjaldtolvufesting4.jpg\" \/>\n\t<meta property=\"og:image:width\" content=\"600\" \/>\n\t<meta property=\"og:image:height\" content=\"600\" \/>\n\t<meta property=\"og:image:type\" content=\"image\/jpeg\" \/>\n<meta name=\"twitter:card\" content=\"summary_large_image\" \/>\n<meta name=\"twitter:label1\" content=\"Availability\" \/>\n\t<meta name=\"twitter:data1\" content=\"In stock\" \/>\n<script type=\"application\/ld+json\" class=\"yoast-schema-graph\">{\"@context\":\"https:\\\/\\\/schema.org\",\"@graph\":[{\"@type\":\"WebPage\",\"@id\":\"https:\\\/\\\/vorulagerinn.is\\\/product\\\/fartolvufesting-fyrir-farsima\\\/\",\"url\":\"https:\\\/\\\/vorulagerinn.is\\\/product\\\/fartolvufesting-fyrir-farsima\\\/\",\"name\":\"Sterk fars\u00edma- og spjaldt\u00f6lvufesting fyrir fart\u00f6lvur og t\u00f6lvuskj\u00e1i\",\"isPartOf\":{\"@id\":\"https:\\\/\\\/vorulagerinn.is\\\/#website\"},\"primaryImageOfPage\":{\"@id\":\"https:\\\/\\\/vorulagerinn.is\\\/product\\\/fartolvufesting-fyrir-farsima\\\/#primaryimage\"},\"image\":{\"@id\":\"https:\\\/\\\/vorulagerinn.is\\\/product\\\/fartolvufesting-fyrir-farsima\\\/#primaryimage\"},\"thumbnailUrl\":\"https:\\\/\\\/vorulagerinn.is\\\/wp-content\\\/uploads\\\/2022\\\/09\\\/Farsima-og-spjaldtolvufesting4.jpg\",\"datePublished\":\"2022-09-10T00:15:26+00:00\",\"dateModified\":\"2026-02-11T13:34:48+00:00\",\"description\":\"Gl\u00e6sileg og sterk fars\u00edma- og spjaldt\u00f6lvufesting sem komi\u00f0 er fyrir \u00e1 bakhli\u00f0 fart\u00f6lvunnar e\u00f0a t\u00f6lvuskj\u00e1sins. Fr\u00e1b\u00e6r lausn til a\u00f0 tala mynd \u00ed mynd o.s.frv.\",\"breadcrumb\":{\"@id\":\"https:\\\/\\\/vorulagerinn.is\\\/product\\\/fartolvufesting-fyrir-farsima\\\/#breadcrumb\"},\"inLanguage\":\"en-US\",\"potentialAction\":[{\"@type\":\"ReadAction\",\"target\":[\"https:\\\/\\\/vorulagerinn.is\\\/product\\\/fartolvufesting-fyrir-farsima\\\/\"]}]},{\"@type\":\"ImageObject\",\"inLanguage\":\"en-US\",\"@id\":\"https:\\\/\\\/vorulagerinn.is\\\/product\\\/fartolvufesting-fyrir-farsima\\\/#primaryimage\",\"url\":\"https:\\\/\\\/vorulagerinn.is\\\/wp-content\\\/uploads\\\/2022\\\/09\\\/Farsima-og-spjaldtolvufesting4.jpg\",\"contentUrl\":\"https:\\\/\\\/vorulagerinn.is\\\/wp-content\\\/uploads\\\/2022\\\/09\\\/Farsima-og-spjaldtolvufesting4.jpg\",\"width\":600,\"height\":600},{\"@type\":\"BreadcrumbList\",\"@id\":\"https:\\\/\\\/vorulagerinn.is\\\/product\\\/fartolvufesting-fyrir-farsima\\\/#breadcrumb\",\"itemListElement\":[{\"@type\":\"ListItem\",\"position\":1,\"name\":\"Home\",\"item\":\"https:\\\/\\\/vorulagerinn.is\\\/\"},{\"@type\":\"ListItem\",\"position\":2,\"name\":\"Shop\",\"item\":\"https:\\\/\\\/vorulagerinn.is\\\/en\\\/shop\\\/\"},{\"@type\":\"ListItem\",\"position\":3,\"name\":\"Fars\u00edma- og spjaldt\u00f6lvufesting\"}]},{\"@type\":\"WebSite\",\"@id\":\"https:\\\/\\\/vorulagerinn.is\\\/#website\",\"url\":\"https:\\\/\\\/vorulagerinn.is\\\/\",\"name\":\"V\u00f6rulagerinn\",\"description\":\"L\u00e1ttu \u00fea\u00f0 eftir \u00fe\u00e9r\",\"publisher\":{\"@id\":\"https:\\\/\\\/vorulagerinn.is\\\/#organization\"},\"potentialAction\":[{\"@type\":\"SearchAction\",\"target\":{\"@type\":\"EntryPoint\",\"urlTemplate\":\"https:\\\/\\\/vorulagerinn.is\\\/?s={search_term_string}\"},\"query-input\":{\"@type\":\"PropertyValueSpecification\",\"valueRequired\":true,\"valueName\":\"search_term_string\"}}],\"inLanguage\":\"en-US\"},{\"@type\":\"Organization\",\"@id\":\"https:\\\/\\\/vorulagerinn.is\\\/#organization\",\"name\":\"V\u00f6rulagerinn\",\"url\":\"https:\\\/\\\/vorulagerinn.is\\\/\",\"logo\":{\"@type\":\"ImageObject\",\"inLanguage\":\"en-US\",\"@id\":\"https:\\\/\\\/vorulagerinn.is\\\/#\\\/schema\\\/logo\\\/image\\\/\",\"url\":\"https:\\\/\\\/vorulagerinn.is\\\/wp-content\\\/uploads\\\/2022\\\/09\\\/Vorulagerinn-Logo-588x160-1.png\",\"contentUrl\":\"https:\\\/\\\/vorulagerinn.is\\\/wp-content\\\/uploads\\\/2022\\\/09\\\/Vorulagerinn-Logo-588x160-1.png\",\"width\":588,\"height\":160,\"caption\":\"V\u00f6rulagerinn\"},\"image\":{\"@id\":\"https:\\\/\\\/vorulagerinn.is\\\/#\\\/schema\\\/logo\\\/image\\\/\"},\"sameAs\":[\"https:\\\/\\\/www.facebook.com\\\/vorulagerinn\",\"https:\\\/\\\/www.instagram.com\\\/vorulagerinn\\\/\"]}]}<\/script>\n<meta property=\"og:availability\" content=\"instock\" \/>\n<meta property=\"product:availability\" content=\"instock\" \/>\n<meta property=\"product:retailer_item_id\" content=\"V09\" \/>\n<meta property=\"product:condition\" content=\"new\" \/>\n<!-- \/ Yoast SEO Premium plugin. -->","yoast_head_json":{"title":"Sterk fars\u00edma- og spjaldt\u00f6lvufesting fyrir fart\u00f6lvur og t\u00f6lvuskj\u00e1i","description":"Gl\u00e6sileg og sterk fars\u00edma- og spjaldt\u00f6lvufesting sem komi\u00f0 er fyrir \u00e1 bakhli\u00f0 fart\u00f6lvunnar e\u00f0a t\u00f6lvuskj\u00e1sins. Fr\u00e1b\u00e6r lausn til a\u00f0 tala mynd \u00ed mynd o.s.frv.","robots":{"index":"index","follow":"follow","max-snippet":"max-snippet:-1","max-image-preview":"max-image-preview:large","max-video-preview":"max-video-preview:-1"},"canonical":"https:\/\/vorulagerinn.is\/product\/fartolvufesting-fyrir-farsima\/","og_locale":"en_US","og_type":"article","og_title":"Fars\u00edma- og spjaldt\u00f6lvufesting","og_description":"Gl\u00e6sileg og sterk fars\u00edma- og spjaldt\u00f6lvufesting sem komi\u00f0 er fyrir \u00e1 bakhli\u00f0 fart\u00f6lvunnar e\u00f0a t\u00f6lvuskj\u00e1sins. Fr\u00e1b\u00e6r lausn til a\u00f0 tala mynd \u00ed mynd o.s.frv.","og_url":"https:\/\/vorulagerinn.is\/product\/fartolvufesting-fyrir-farsima\/","og_site_name":"V&ouml;rulagerinn","article_publisher":"https:\/\/www.facebook.com\/vorulagerinn","article_modified_time":"2026-02-11T13:34:48+00:00","og_image":[{"width":600,"height":600,"url":"https:\/\/vorulagerinn.is\/wp-content\/uploads\/2022\/09\/Farsima-og-spjaldtolvufesting4.jpg","type":"image\/jpeg"}],"twitter_card":"summary_large_image","twitter_misc":{"Availability":"In stock"},"schema":{"@context":"https:\/\/schema.org","@graph":[{"@type":"WebPage","@id":"https:\/\/vorulagerinn.is\/product\/fartolvufesting-fyrir-farsima\/","url":"https:\/\/vorulagerinn.is\/product\/fartolvufesting-fyrir-farsima\/","name":"Sterk fars\u00edma- og spjaldt\u00f6lvufesting fyrir fart\u00f6lvur og t\u00f6lvuskj\u00e1i","isPartOf":{"@id":"https:\/\/vorulagerinn.is\/#website"},"primaryImageOfPage":{"@id":"https:\/\/vorulagerinn.is\/product\/fartolvufesting-fyrir-farsima\/#primaryimage"},"image":{"@id":"https:\/\/vorulagerinn.is\/product\/fartolvufesting-fyrir-farsima\/#primaryimage"},"thumbnailUrl":"https:\/\/vorulagerinn.is\/wp-content\/uploads\/2022\/09\/Farsima-og-spjaldtolvufesting4.jpg","datePublished":"2022-09-10T00:15:26+00:00","dateModified":"2026-02-11T13:34:48+00:00","description":"Gl\u00e6sileg og sterk fars\u00edma- og spjaldt\u00f6lvufesting sem komi\u00f0 er fyrir \u00e1 bakhli\u00f0 fart\u00f6lvunnar e\u00f0a t\u00f6lvuskj\u00e1sins. Fr\u00e1b\u00e6r lausn til a\u00f0 tala mynd \u00ed mynd o.s.frv.","breadcrumb":{"@id":"https:\/\/vorulagerinn.is\/product\/fartolvufesting-fyrir-farsima\/#breadcrumb"},"inLanguage":"en-US","potentialAction":[{"@type":"ReadAction","target":["https:\/\/vorulagerinn.is\/product\/fartolvufesting-fyrir-farsima\/"]}]},{"@type":"ImageObject","inLanguage":"en-US","@id":"https:\/\/vorulagerinn.is\/product\/fartolvufesting-fyrir-farsima\/#primaryimage","url":"https:\/\/vorulagerinn.is\/wp-content\/uploads\/2022\/09\/Farsima-og-spjaldtolvufesting4.jpg","contentUrl":"https:\/\/vorulagerinn.is\/wp-content\/uploads\/2022\/09\/Farsima-og-spjaldtolvufesting4.jpg","width":600,"height":600},{"@type":"BreadcrumbList","@id":"https:\/\/vorulagerinn.is\/product\/fartolvufesting-fyrir-farsima\/#breadcrumb","itemListElement":[{"@type":"ListItem","position":1,"name":"Home","item":"https:\/\/vorulagerinn.is\/"},{"@type":"ListItem","position":2,"name":"Shop","item":"https:\/\/vorulagerinn.is\/en\/shop\/"},{"@type":"ListItem","position":3,"name":"Fars\u00edma- og spjaldt\u00f6lvufesting"}]},{"@type":"WebSite","@id":"https:\/\/vorulagerinn.is\/#website","url":"https:\/\/vorulagerinn.is\/","name":"V\u00f6rulagerinn","description":"L\u00e1ttu \u00fea\u00f0 eftir \u00fe\u00e9r","publisher":{"@id":"https:\/\/vorulagerinn.is\/#organization"},"potentialAction":[{"@type":"SearchAction","target":{"@type":"EntryPoint","urlTemplate":"https:\/\/vorulagerinn.is\/?s={search_term_string}"},"query-input":{"@type":"PropertyValueSpecification","valueRequired":true,"valueName":"search_term_string"}}],"inLanguage":"en-US"},{"@type":"Organization","@id":"https:\/\/vorulagerinn.is\/#organization","name":"V\u00f6rulagerinn","url":"https:\/\/vorulagerinn.is\/","logo":{"@type":"ImageObject","inLanguage":"en-US","@id":"https:\/\/vorulagerinn.is\/#\/schema\/logo\/image\/","url":"https:\/\/vorulagerinn.is\/wp-content\/uploads\/2022\/09\/Vorulagerinn-Logo-588x160-1.png","contentUrl":"https:\/\/vorulagerinn.is\/wp-content\/uploads\/2022\/09\/Vorulagerinn-Logo-588x160-1.png","width":588,"height":160,"caption":"V\u00f6rulagerinn"},"image":{"@id":"https:\/\/vorulagerinn.is\/#\/schema\/logo\/image\/"},"sameAs":["https:\/\/www.facebook.com\/vorulagerinn","https:\/\/www.instagram.com\/vorulagerinn\/"]}]},"og_availability":"instock","product_availability":"instock","product_retailer_item_id":"V09","product_condition":"new"},"_links":{"self":[{"href":"https:\/\/vorulagerinn.is\/en\/wp-json\/wp\/v2\/product\/2976","targetHints":{"allow":["GET"]}}],"collection":[{"href":"https:\/\/vorulagerinn.is\/en\/wp-json\/wp\/v2\/product"}],"about":[{"href":"https:\/\/vorulagerinn.is\/en\/wp-json\/wp\/v2\/types\/product"}],"wp:featuredmedia":[{"embeddable":true,"href":"https:\/\/vorulagerinn.is\/en\/wp-json\/wp\/v2\/media\/8779"}],"wp:attachment":[{"href":"https:\/\/vorulagerinn.is\/en\/wp-json\/wp\/v2\/media?parent=2976"}],"wp:term":[{"taxonomy":"product_brand","embeddable":true,"href":"https:\/\/vorulagerinn.is\/en\/wp-json\/wp\/v2\/product_brand?post=2976"},{"taxonomy":"product_cat","embeddable":true,"href":"https:\/\/vorulagerinn.is\/en\/wp-json\/wp\/v2\/product_cat?post=2976"},{"taxonomy":"product_tag","embeddable":true,"href":"https:\/\/vorulagerinn.is\/en\/wp-json\/wp\/v2\/product_tag?post=2976"}],"curies":[{"name":"wp","href":"https:\/\/api.w.org\/{rel}","templated":true}]}}