{"id":29843,"date":"2025-10-25T09:02:48","date_gmt":"2025-10-25T09:02:48","guid":{"rendered":"https:\/\/vorulagerinn.is\/?post_type=product&#038;p=29843"},"modified":"2026-03-09T15:50:11","modified_gmt":"2026-03-09T15:50:11","slug":"mc501","status":"publish","type":"product","link":"https:\/\/vorulagerinn.is\/en\/product\/mc501\/","title":{"rendered":"Gufulest fr\u00e1 \u00e1rinu 1860 &#8211; \u00der\u00edv\u00edddar DIY vi\u00f0arp\u00fasl"},"content":{"rendered":"","protected":false},"excerpt":{"rendered":"<p>Prime Steam Express 3d vi\u00f0arp\u00fasl af gufulest fr\u00e1 \u00e1rinu 1860 \u00e1 m\u00e6likvar\u00f0anum 1:80. Vanda\u00f0 vi\u00f0arp\u00fasl \u00fear sem sm\u00e1atri\u00f0i t.d. gufuflauta, hj\u00f3l, vagn o.fl. f\u00e1 a\u00f0 nj\u00f3ta s\u00fdn sem gerir 3d p\u00fasli\u00f0 a\u00f0 fallegri skreytingu. \u00cd DIY kassanum fylgir allt sem \u00fearf til a\u00f0 endurskapa gufulestina \u00e1samt lei\u00f0beiningum sem au\u00f0velt er fylgja.<\/p>\n<p><strong>Prime Steam Express gufulest<\/strong><br \/>\n&#8211; St\u00e6r\u00f0: 30,7 x 6,7 x 8,2 cm<br \/>\n\u2013 Fj\u00f6ldi hluta: 308 \u00fer\u00edv\u00edddar vi\u00f0arp\u00fasl<br \/>\n\u2013 \u00cd kassanum fyglir allt sem \u00fearf<br \/>\n\u2013 Lei\u00f0beiningar sem au\u00f0velt er a\u00f0 fylgja<br \/>\n\u2013 \u00c1\u00e6tla\u00f0ur samsetningart\u00edmi: 4 klst<br \/>\n\u2013 Erfi\u00f0leikastig: 4 af 5<br \/>\n\u2013 Aldur: 12 \u00e1ra og eldri<br \/>\n\u2013 Vottun: CE<\/p>\n","protected":false},"featured_media":29840,"template":"","meta":[],"product_brand":[454],"product_cat":[451],"product_tag":[],"class_list":{"0":"post-29843","1":"product","2":"type-product","3":"status-publish","4":"has-post-thumbnail","6":"product_brand-rokr","7":"product_cat-thrividdar-diy-vidarpusl","9":"first","10":"instock","11":"sale","12":"taxable","13":"shipping-taxable","14":"purchasable","15":"product-type-simple"},"supplier_id":null,"supplier_sku":"","barcode":null,"atum_controlled":true,"out_stock_date":null,"out_stock_threshold":null,"inheritable":false,"inbound_stock":0,"stock_on_hold":0,"sold_today":0,"sales_last_days":0,"reserved_stock":0,"customer_returns":0,"warehouse_damage":0,"lost_in_post":0,"other_logs":0,"out_stock_days":0,"lost_sales":0,"has_location":false,"update_date":"2026-04-18T00:22:27","atum_locations":[],"atum_stock_status":"instock","restock_status":false,"low_stock_amount":"","sales_update_date":"2026-04-18T00:22:27","calc_backorders":null,"yoast_head":"<!-- This site is optimized with the Yoast SEO Premium plugin v26.6 (Yoast SEO v27.3) - https:\/\/yoast.com\/product\/yoast-seo-premium-wordpress\/ -->\n<title>Gufulest fr\u00e1 \u00e1rinu 1860 - \u00der\u00edv\u00edddar DIY vi\u00f0arp\u00fasl<\/title>\n<meta name=\"description\" content=\"Prime Steam Express 3d vi\u00f0arp\u00fasl af gufulest fr\u00e1 \u00e1rinu 1860. \u00cd DIY kassanum fylgir allt sem \u00fearf til a\u00f0 endurskapa gufulestina \u00e1samt lei\u00f0beiningum.\" \/>\n<meta name=\"robots\" content=\"index, follow, max-snippet:-1, max-image-preview:large, max-video-preview:-1\" \/>\n<link rel=\"canonical\" href=\"https:\/\/vorulagerinn.is\/product\/mc501\/\" \/>\n<meta property=\"og:locale\" content=\"en_US\" \/>\n<meta property=\"og:type\" content=\"article\" \/>\n<meta property=\"og:title\" content=\"Gufulest fr\u00e1 \u00e1rinu 1860 - \u00der\u00edv\u00edddar DIY vi\u00f0arp\u00fasl\" \/>\n<meta property=\"og:description\" content=\"Prime Steam Express 3d vi\u00f0arp\u00fasl af gufulest fr\u00e1 \u00e1rinu 1860. \u00cd DIY kassanum fylgir allt sem \u00fearf til a\u00f0 endurskapa gufulestina \u00e1samt lei\u00f0beiningum.\" \/>\n<meta property=\"og:url\" content=\"https:\/\/vorulagerinn.is\/product\/mc501\/\" \/>\n<meta property=\"og:site_name\" content=\"V&ouml;rulagerinn\" \/>\n<meta property=\"article:publisher\" content=\"https:\/\/www.facebook.com\/vorulagerinn\" \/>\n<meta property=\"article:modified_time\" content=\"2026-03-09T15:50:11+00:00\" \/>\n<meta property=\"og:image\" content=\"https:\/\/vorulagerinn.is\/wp-content\/uploads\/2025\/11\/MC501.jpg\" \/>\n\t<meta property=\"og:image:width\" content=\"600\" \/>\n\t<meta property=\"og:image:height\" content=\"600\" \/>\n\t<meta property=\"og:image:type\" content=\"image\/jpeg\" \/>\n<meta name=\"twitter:card\" content=\"summary_large_image\" \/>\n<meta name=\"twitter:label1\" content=\"Price\" \/>\n\t<meta name=\"twitter:data1\" content=\"5.040&nbsp;kr.\" \/>\n\t<meta name=\"twitter:label2\" content=\"Availability\" \/>\n\t<meta name=\"twitter:data2\" content=\"In stock\" \/>\n<script type=\"application\/ld+json\" class=\"yoast-schema-graph\">{\"@context\":\"https:\\\/\\\/schema.org\",\"@graph\":[{\"@type\":\"WebPage\",\"@id\":\"https:\\\/\\\/vorulagerinn.is\\\/product\\\/mc501\\\/\",\"url\":\"https:\\\/\\\/vorulagerinn.is\\\/product\\\/mc501\\\/\",\"name\":\"Gufulest fr\u00e1 \u00e1rinu 1860 - \u00der\u00edv\u00edddar DIY vi\u00f0arp\u00fasl\",\"isPartOf\":{\"@id\":\"https:\\\/\\\/vorulagerinn.is\\\/#website\"},\"primaryImageOfPage\":{\"@id\":\"https:\\\/\\\/vorulagerinn.is\\\/product\\\/mc501\\\/#primaryimage\"},\"image\":{\"@id\":\"https:\\\/\\\/vorulagerinn.is\\\/product\\\/mc501\\\/#primaryimage\"},\"thumbnailUrl\":\"https:\\\/\\\/vorulagerinn.is\\\/wp-content\\\/uploads\\\/2025\\\/11\\\/MC501.jpg\",\"datePublished\":\"2025-10-25T09:02:48+00:00\",\"dateModified\":\"2026-03-09T15:50:11+00:00\",\"description\":\"Prime Steam Express 3d vi\u00f0arp\u00fasl af gufulest fr\u00e1 \u00e1rinu 1860. \u00cd DIY kassanum fylgir allt sem \u00fearf til a\u00f0 endurskapa gufulestina \u00e1samt lei\u00f0beiningum.\",\"breadcrumb\":{\"@id\":\"https:\\\/\\\/vorulagerinn.is\\\/product\\\/mc501\\\/#breadcrumb\"},\"inLanguage\":\"en-US\",\"potentialAction\":[{\"@type\":\"ReadAction\",\"target\":[\"https:\\\/\\\/vorulagerinn.is\\\/product\\\/mc501\\\/\"]}]},{\"@type\":\"ImageObject\",\"inLanguage\":\"en-US\",\"@id\":\"https:\\\/\\\/vorulagerinn.is\\\/product\\\/mc501\\\/#primaryimage\",\"url\":\"https:\\\/\\\/vorulagerinn.is\\\/wp-content\\\/uploads\\\/2025\\\/11\\\/MC501.jpg\",\"contentUrl\":\"https:\\\/\\\/vorulagerinn.is\\\/wp-content\\\/uploads\\\/2025\\\/11\\\/MC501.jpg\",\"width\":600,\"height\":600},{\"@type\":\"BreadcrumbList\",\"@id\":\"https:\\\/\\\/vorulagerinn.is\\\/product\\\/mc501\\\/#breadcrumb\",\"itemListElement\":[{\"@type\":\"ListItem\",\"position\":1,\"name\":\"Home\",\"item\":\"https:\\\/\\\/vorulagerinn.is\\\/\"},{\"@type\":\"ListItem\",\"position\":2,\"name\":\"Shop\",\"item\":\"https:\\\/\\\/vorulagerinn.is\\\/en\\\/shop\\\/\"},{\"@type\":\"ListItem\",\"position\":3,\"name\":\"Gufulest fr\u00e1 \u00e1rinu 1860 &#8211; \u00der\u00edv\u00edddar DIY vi\u00f0arp\u00fasl\"}]},{\"@type\":\"WebSite\",\"@id\":\"https:\\\/\\\/vorulagerinn.is\\\/#website\",\"url\":\"https:\\\/\\\/vorulagerinn.is\\\/\",\"name\":\"V\u00f6rulagerinn\",\"description\":\"L\u00e1ttu \u00fea\u00f0 eftir \u00fe\u00e9r\",\"publisher\":{\"@id\":\"https:\\\/\\\/vorulagerinn.is\\\/#organization\"},\"potentialAction\":[{\"@type\":\"SearchAction\",\"target\":{\"@type\":\"EntryPoint\",\"urlTemplate\":\"https:\\\/\\\/vorulagerinn.is\\\/?s={search_term_string}\"},\"query-input\":{\"@type\":\"PropertyValueSpecification\",\"valueRequired\":true,\"valueName\":\"search_term_string\"}}],\"inLanguage\":\"en-US\"},{\"@type\":\"Organization\",\"@id\":\"https:\\\/\\\/vorulagerinn.is\\\/#organization\",\"name\":\"V\u00f6rulagerinn\",\"url\":\"https:\\\/\\\/vorulagerinn.is\\\/\",\"logo\":{\"@type\":\"ImageObject\",\"inLanguage\":\"en-US\",\"@id\":\"https:\\\/\\\/vorulagerinn.is\\\/#\\\/schema\\\/logo\\\/image\\\/\",\"url\":\"https:\\\/\\\/vorulagerinn.is\\\/wp-content\\\/uploads\\\/2022\\\/09\\\/Vorulagerinn-Logo-588x160-1.png\",\"contentUrl\":\"https:\\\/\\\/vorulagerinn.is\\\/wp-content\\\/uploads\\\/2022\\\/09\\\/Vorulagerinn-Logo-588x160-1.png\",\"width\":588,\"height\":160,\"caption\":\"V\u00f6rulagerinn\"},\"image\":{\"@id\":\"https:\\\/\\\/vorulagerinn.is\\\/#\\\/schema\\\/logo\\\/image\\\/\"},\"sameAs\":[\"https:\\\/\\\/www.facebook.com\\\/vorulagerinn\",\"https:\\\/\\\/www.instagram.com\\\/vorulagerinn\\\/\"]}]}<\/script>\n<meta property=\"product:price:amount\" content=\"5040\" \/>\n<meta property=\"product:price:currency\" content=\"ISK\" \/>\n<meta property=\"og:availability\" content=\"instock\" \/>\n<meta property=\"product:availability\" content=\"instock\" \/>\n<meta property=\"product:retailer_item_id\" content=\"MC501\" \/>\n<meta property=\"product:condition\" content=\"new\" \/>\n<!-- \/ Yoast SEO Premium plugin. -->","yoast_head_json":{"title":"Gufulest fr\u00e1 \u00e1rinu 1860 - \u00der\u00edv\u00edddar DIY vi\u00f0arp\u00fasl","description":"Prime Steam Express 3d vi\u00f0arp\u00fasl af gufulest fr\u00e1 \u00e1rinu 1860. \u00cd DIY kassanum fylgir allt sem \u00fearf til a\u00f0 endurskapa gufulestina \u00e1samt lei\u00f0beiningum.","robots":{"index":"index","follow":"follow","max-snippet":"max-snippet:-1","max-image-preview":"max-image-preview:large","max-video-preview":"max-video-preview:-1"},"canonical":"https:\/\/vorulagerinn.is\/product\/mc501\/","og_locale":"en_US","og_type":"article","og_title":"Gufulest fr\u00e1 \u00e1rinu 1860 - \u00der\u00edv\u00edddar DIY vi\u00f0arp\u00fasl","og_description":"Prime Steam Express 3d vi\u00f0arp\u00fasl af gufulest fr\u00e1 \u00e1rinu 1860. \u00cd DIY kassanum fylgir allt sem \u00fearf til a\u00f0 endurskapa gufulestina \u00e1samt lei\u00f0beiningum.","og_url":"https:\/\/vorulagerinn.is\/product\/mc501\/","og_site_name":"V&ouml;rulagerinn","article_publisher":"https:\/\/www.facebook.com\/vorulagerinn","article_modified_time":"2026-03-09T15:50:11+00:00","og_image":[{"width":600,"height":600,"url":"https:\/\/vorulagerinn.is\/wp-content\/uploads\/2025\/11\/MC501.jpg","type":"image\/jpeg"}],"twitter_card":"summary_large_image","twitter_misc":{"Price":"5.040&nbsp;kr.","Availability":"In stock"},"schema":{"@context":"https:\/\/schema.org","@graph":[{"@type":"WebPage","@id":"https:\/\/vorulagerinn.is\/product\/mc501\/","url":"https:\/\/vorulagerinn.is\/product\/mc501\/","name":"Gufulest fr\u00e1 \u00e1rinu 1860 - \u00der\u00edv\u00edddar DIY vi\u00f0arp\u00fasl","isPartOf":{"@id":"https:\/\/vorulagerinn.is\/#website"},"primaryImageOfPage":{"@id":"https:\/\/vorulagerinn.is\/product\/mc501\/#primaryimage"},"image":{"@id":"https:\/\/vorulagerinn.is\/product\/mc501\/#primaryimage"},"thumbnailUrl":"https:\/\/vorulagerinn.is\/wp-content\/uploads\/2025\/11\/MC501.jpg","datePublished":"2025-10-25T09:02:48+00:00","dateModified":"2026-03-09T15:50:11+00:00","description":"Prime Steam Express 3d vi\u00f0arp\u00fasl af gufulest fr\u00e1 \u00e1rinu 1860. \u00cd DIY kassanum fylgir allt sem \u00fearf til a\u00f0 endurskapa gufulestina \u00e1samt lei\u00f0beiningum.","breadcrumb":{"@id":"https:\/\/vorulagerinn.is\/product\/mc501\/#breadcrumb"},"inLanguage":"en-US","potentialAction":[{"@type":"ReadAction","target":["https:\/\/vorulagerinn.is\/product\/mc501\/"]}]},{"@type":"ImageObject","inLanguage":"en-US","@id":"https:\/\/vorulagerinn.is\/product\/mc501\/#primaryimage","url":"https:\/\/vorulagerinn.is\/wp-content\/uploads\/2025\/11\/MC501.jpg","contentUrl":"https:\/\/vorulagerinn.is\/wp-content\/uploads\/2025\/11\/MC501.jpg","width":600,"height":600},{"@type":"BreadcrumbList","@id":"https:\/\/vorulagerinn.is\/product\/mc501\/#breadcrumb","itemListElement":[{"@type":"ListItem","position":1,"name":"Home","item":"https:\/\/vorulagerinn.is\/"},{"@type":"ListItem","position":2,"name":"Shop","item":"https:\/\/vorulagerinn.is\/en\/shop\/"},{"@type":"ListItem","position":3,"name":"Gufulest fr\u00e1 \u00e1rinu 1860 &#8211; \u00der\u00edv\u00edddar DIY vi\u00f0arp\u00fasl"}]},{"@type":"WebSite","@id":"https:\/\/vorulagerinn.is\/#website","url":"https:\/\/vorulagerinn.is\/","name":"V\u00f6rulagerinn","description":"L\u00e1ttu \u00fea\u00f0 eftir \u00fe\u00e9r","publisher":{"@id":"https:\/\/vorulagerinn.is\/#organization"},"potentialAction":[{"@type":"SearchAction","target":{"@type":"EntryPoint","urlTemplate":"https:\/\/vorulagerinn.is\/?s={search_term_string}"},"query-input":{"@type":"PropertyValueSpecification","valueRequired":true,"valueName":"search_term_string"}}],"inLanguage":"en-US"},{"@type":"Organization","@id":"https:\/\/vorulagerinn.is\/#organization","name":"V\u00f6rulagerinn","url":"https:\/\/vorulagerinn.is\/","logo":{"@type":"ImageObject","inLanguage":"en-US","@id":"https:\/\/vorulagerinn.is\/#\/schema\/logo\/image\/","url":"https:\/\/vorulagerinn.is\/wp-content\/uploads\/2022\/09\/Vorulagerinn-Logo-588x160-1.png","contentUrl":"https:\/\/vorulagerinn.is\/wp-content\/uploads\/2022\/09\/Vorulagerinn-Logo-588x160-1.png","width":588,"height":160,"caption":"V\u00f6rulagerinn"},"image":{"@id":"https:\/\/vorulagerinn.is\/#\/schema\/logo\/image\/"},"sameAs":["https:\/\/www.facebook.com\/vorulagerinn","https:\/\/www.instagram.com\/vorulagerinn\/"]}]},"product_price_amount":"5040","product_price_currency":"ISK","og_availability":"instock","product_availability":"instock","product_retailer_item_id":"MC501","product_condition":"new"},"_links":{"self":[{"href":"https:\/\/vorulagerinn.is\/en\/wp-json\/wp\/v2\/product\/29843","targetHints":{"allow":["GET"]}}],"collection":[{"href":"https:\/\/vorulagerinn.is\/en\/wp-json\/wp\/v2\/product"}],"about":[{"href":"https:\/\/vorulagerinn.is\/en\/wp-json\/wp\/v2\/types\/product"}],"wp:featuredmedia":[{"embeddable":true,"href":"https:\/\/vorulagerinn.is\/en\/wp-json\/wp\/v2\/media\/29840"}],"wp:attachment":[{"href":"https:\/\/vorulagerinn.is\/en\/wp-json\/wp\/v2\/media?parent=29843"}],"wp:term":[{"taxonomy":"product_brand","embeddable":true,"href":"https:\/\/vorulagerinn.is\/en\/wp-json\/wp\/v2\/product_brand?post=29843"},{"taxonomy":"product_cat","embeddable":true,"href":"https:\/\/vorulagerinn.is\/en\/wp-json\/wp\/v2\/product_cat?post=29843"},{"taxonomy":"product_tag","embeddable":true,"href":"https:\/\/vorulagerinn.is\/en\/wp-json\/wp\/v2\/product_tag?post=29843"}],"curies":[{"name":"wp","href":"https:\/\/api.w.org\/{rel}","templated":true}]}}