{"id":29864,"date":"2025-11-22T07:42:35","date_gmt":"2025-11-22T07:42:35","guid":{"rendered":"https:\/\/vorulagerinn.is\/?post_type=product&#038;p=29864"},"modified":"2026-03-09T15:50:11","modified_gmt":"2026-03-09T15:50:11","slug":"tgl01","status":"publish","type":"product","link":"https:\/\/vorulagerinn.is\/en\/product\/tgl01\/","title":{"rendered":"Eiffelturn me\u00f0 LED lj\u00f3sum &#8211; \u00der\u00edv\u00edddar DIY vi\u00f0arp\u00fasl"},"content":{"rendered":"<p><iframe loading=\"lazy\" title=\"\u2728New Arrivals\ud83c\udf89Rolife Night of the Eiffel Tower 3D Wooden Puzzle\" width=\"1020\" height=\"574\" src=\"https:\/\/www.youtube.com\/embed\/CYn72aprAnE?feature=oembed\" frameborder=\"0\" allow=\"accelerometer; autoplay; clipboard-write; encrypted-media; gyroscope; picture-in-picture; web-share\" referrerpolicy=\"strict-origin-when-cross-origin\" allowfullscreen><\/iframe><\/p>\n<p>&nbsp;<\/p>\n","protected":false},"excerpt":{"rendered":"<p>Endurskapa\u00f0u heimsfr\u00e6ga Eiffelturn Gustave Eiffel \u00e1 skalanum 1:638 sem var \u00e1 s\u00ednum t\u00edma h\u00e6sta bygging heims fr\u00e1 1889-1930. \u00deetta fallega l\u00edkan af helsta kennileiti Frakklands getur \u00fe\u00fa byggt t.d. me\u00f0 fj\u00f6lskyldunni heima \u00ed stofu. \u00der\u00edv\u00edddar vi\u00f0arp\u00fasli\u00f0 inniheldur allt sem \u00fearf til a\u00f0 kl\u00e1ra verkefni\u00f0. \u00dea\u00f0 fylgja 152 3d vi\u00f0arp\u00fasl, LED lj\u00f3s me\u00f0 fj\u00f3rum stillingum, skr\u00fafj\u00e1rn, sm\u00e1hlutir \u00e1samt lei\u00f0beiningum sem au\u00f0velt er a\u00f0 fylgja.<\/p>\n<p>Eig\u00f0u g\u00e6\u00f0astund t.d. me\u00f0 fj\u00f6lskyldunni og endurskapi\u00f0 saman \u00feennan st\u00edlhreina og gl\u00e6silega Eiffelturn me\u00f0 LED lj\u00f3sum. Fallegt listaverk me\u00f0 hl\u00fdlegum lj\u00f3sum sem nj\u00f3ta s\u00edn best \u00feegar r\u00f6kkva tekur. Passar einstaklega vel \u00ed herbergi e\u00f0a \u00ed stofunni heima.<\/p>\n<p>Gl\u00e6sileg gj\u00f6f fyrir fj\u00f6lskyldu, vini og vandamenn.<\/p>\n<p><strong>Night of the Eiffel Tower<\/strong><br \/>\n&#8211; Myndband af v\u00f6ru ne\u00f0ar \u00e1 \u00feessari s\u00ed\u00f0u<br \/>\n&#8211; St\u00e6r\u00f0: 22x22x53 cm<br \/>\n&#8211; Efni: MDF plata &amp; lj\u00f3saser\u00eda<br \/>\n&#8211; Fj\u00f6ldi hluta: 152 \u00fer\u00edv\u00edddar vi\u00f0arp\u00fasl<br \/>\n&#8211; Allt sem \u00fearf til a\u00f0 sm\u00ed\u00f0a Eiffelturninn<br \/>\n&#8211; LED lj\u00f3s me\u00f0 fj\u00f3rum stillingum<br \/>\n&#8211; Lei\u00f0beiningar sem au\u00f0velt er a\u00f0 fylgja<br \/>\n&#8211; \u00c1\u00e6tla\u00f0ur samsetningart\u00edmi: 1,5-2 klst<br \/>\n&#8211; Aldur: M\u00e6lt me\u00f0 14 \u00e1ra og eldri<br \/>\n&#8211; Vottun: CE<\/p>\n<p>USB-C sn\u00fara fylgir ekki me\u00f0<\/p>\n","protected":false},"featured_media":29860,"template":"","meta":[],"product_brand":[452],"product_cat":[451],"product_tag":[],"class_list":{"0":"post-29864","1":"product","2":"type-product","3":"status-publish","4":"has-post-thumbnail","6":"product_brand-rolife","7":"product_cat-thrividdar-diy-vidarpusl","9":"first","10":"instock","11":"sale","12":"taxable","13":"shipping-taxable","14":"purchasable","15":"product-type-simple"},"supplier_id":null,"supplier_sku":"","barcode":null,"atum_controlled":true,"out_stock_date":null,"out_stock_threshold":null,"inheritable":false,"inbound_stock":0,"stock_on_hold":0,"sold_today":0,"sales_last_days":0,"reserved_stock":0,"customer_returns":0,"warehouse_damage":0,"lost_in_post":0,"other_logs":0,"out_stock_days":0,"lost_sales":0,"has_location":false,"update_date":"2026-04-18T00:22:27","atum_locations":[],"atum_stock_status":"instock","restock_status":false,"low_stock_amount":"","sales_update_date":"2026-04-18T00:22:27","calc_backorders":null,"yoast_head":"<!-- This site is optimized with the Yoast SEO Premium plugin v26.6 (Yoast SEO v27.3) - https:\/\/yoast.com\/product\/yoast-seo-premium-wordpress\/ -->\n<title>Eiffelturn me\u00f0 LED lj\u00f3sum - \u00der\u00edv\u00edddar DIY vi\u00f0arp\u00fasl<\/title>\n<meta name=\"description\" content=\"\u00der\u00edv\u00edddar vi\u00f0arp\u00fasli\u00f0 inniheldur allt sem \u00fearf til a\u00f0 kl\u00e1ra verkefni\u00f0. 152 bitar af 3d vi\u00f0arp\u00faslum, LED lj\u00f3s me\u00f0 fj\u00f3rum stillingum, skr\u00fafj\u00e1rn, sm\u00e1hlutir ofl\" \/>\n<meta name=\"robots\" content=\"index, follow, max-snippet:-1, max-image-preview:large, max-video-preview:-1\" \/>\n<link rel=\"canonical\" href=\"https:\/\/vorulagerinn.is\/product\/tgl01\/\" \/>\n<meta property=\"og:locale\" content=\"en_US\" \/>\n<meta property=\"og:type\" content=\"article\" \/>\n<meta property=\"og:title\" content=\"Eiffelturn me\u00f0 LED lj\u00f3sum - \u00der\u00edv\u00edddar DIY vi\u00f0arp\u00fasl\" \/>\n<meta property=\"og:description\" content=\"\u00der\u00edv\u00edddar vi\u00f0arp\u00fasli\u00f0 inniheldur allt sem \u00fearf til a\u00f0 kl\u00e1ra verkefni\u00f0. 152 bitar af 3d vi\u00f0arp\u00faslum, LED lj\u00f3s me\u00f0 fj\u00f3rum stillingum, skr\u00fafj\u00e1rn, sm\u00e1hlutir ofl\" \/>\n<meta property=\"og:url\" content=\"https:\/\/vorulagerinn.is\/product\/tgl01\/\" \/>\n<meta property=\"og:site_name\" content=\"V&ouml;rulagerinn\" \/>\n<meta property=\"article:publisher\" content=\"https:\/\/www.facebook.com\/vorulagerinn\" \/>\n<meta property=\"article:modified_time\" content=\"2026-03-09T15:50:11+00:00\" \/>\n<meta property=\"og:image\" content=\"https:\/\/vorulagerinn.is\/wp-content\/uploads\/2025\/11\/TGL01.jpg\" \/>\n\t<meta property=\"og:image:width\" content=\"600\" \/>\n\t<meta property=\"og:image:height\" content=\"600\" \/>\n\t<meta property=\"og:image:type\" content=\"image\/jpeg\" \/>\n<meta name=\"twitter:card\" content=\"summary_large_image\" \/>\n<meta name=\"twitter:label1\" content=\"Price\" \/>\n\t<meta name=\"twitter:data1\" content=\"7.680&nbsp;kr.\" \/>\n\t<meta name=\"twitter:label2\" content=\"Availability\" \/>\n\t<meta name=\"twitter:data2\" content=\"In stock\" \/>\n<script type=\"application\/ld+json\" class=\"yoast-schema-graph\">{\"@context\":\"https:\\\/\\\/schema.org\",\"@graph\":[{\"@type\":\"WebPage\",\"@id\":\"https:\\\/\\\/vorulagerinn.is\\\/product\\\/tgl01\\\/\",\"url\":\"https:\\\/\\\/vorulagerinn.is\\\/product\\\/tgl01\\\/\",\"name\":\"Eiffelturn me\u00f0 LED lj\u00f3sum - \u00der\u00edv\u00edddar DIY vi\u00f0arp\u00fasl\",\"isPartOf\":{\"@id\":\"https:\\\/\\\/vorulagerinn.is\\\/#website\"},\"primaryImageOfPage\":{\"@id\":\"https:\\\/\\\/vorulagerinn.is\\\/product\\\/tgl01\\\/#primaryimage\"},\"image\":{\"@id\":\"https:\\\/\\\/vorulagerinn.is\\\/product\\\/tgl01\\\/#primaryimage\"},\"thumbnailUrl\":\"https:\\\/\\\/vorulagerinn.is\\\/wp-content\\\/uploads\\\/2025\\\/11\\\/TGL01.jpg\",\"datePublished\":\"2025-11-22T07:42:35+00:00\",\"dateModified\":\"2026-03-09T15:50:11+00:00\",\"description\":\"\u00der\u00edv\u00edddar vi\u00f0arp\u00fasli\u00f0 inniheldur allt sem \u00fearf til a\u00f0 kl\u00e1ra verkefni\u00f0. 152 bitar af 3d vi\u00f0arp\u00faslum, LED lj\u00f3s me\u00f0 fj\u00f3rum stillingum, skr\u00fafj\u00e1rn, sm\u00e1hlutir ofl\",\"breadcrumb\":{\"@id\":\"https:\\\/\\\/vorulagerinn.is\\\/product\\\/tgl01\\\/#breadcrumb\"},\"inLanguage\":\"en-US\",\"potentialAction\":[{\"@type\":\"ReadAction\",\"target\":[\"https:\\\/\\\/vorulagerinn.is\\\/product\\\/tgl01\\\/\"]}]},{\"@type\":\"ImageObject\",\"inLanguage\":\"en-US\",\"@id\":\"https:\\\/\\\/vorulagerinn.is\\\/product\\\/tgl01\\\/#primaryimage\",\"url\":\"https:\\\/\\\/vorulagerinn.is\\\/wp-content\\\/uploads\\\/2025\\\/11\\\/TGL01.jpg\",\"contentUrl\":\"https:\\\/\\\/vorulagerinn.is\\\/wp-content\\\/uploads\\\/2025\\\/11\\\/TGL01.jpg\",\"width\":600,\"height\":600},{\"@type\":\"BreadcrumbList\",\"@id\":\"https:\\\/\\\/vorulagerinn.is\\\/product\\\/tgl01\\\/#breadcrumb\",\"itemListElement\":[{\"@type\":\"ListItem\",\"position\":1,\"name\":\"Home\",\"item\":\"https:\\\/\\\/vorulagerinn.is\\\/\"},{\"@type\":\"ListItem\",\"position\":2,\"name\":\"Shop\",\"item\":\"https:\\\/\\\/vorulagerinn.is\\\/en\\\/shop\\\/\"},{\"@type\":\"ListItem\",\"position\":3,\"name\":\"Eiffelturn me\u00f0 LED lj\u00f3sum &#8211; \u00der\u00edv\u00edddar DIY vi\u00f0arp\u00fasl\"}]},{\"@type\":\"WebSite\",\"@id\":\"https:\\\/\\\/vorulagerinn.is\\\/#website\",\"url\":\"https:\\\/\\\/vorulagerinn.is\\\/\",\"name\":\"V\u00f6rulagerinn\",\"description\":\"L\u00e1ttu \u00fea\u00f0 eftir \u00fe\u00e9r\",\"publisher\":{\"@id\":\"https:\\\/\\\/vorulagerinn.is\\\/#organization\"},\"potentialAction\":[{\"@type\":\"SearchAction\",\"target\":{\"@type\":\"EntryPoint\",\"urlTemplate\":\"https:\\\/\\\/vorulagerinn.is\\\/?s={search_term_string}\"},\"query-input\":{\"@type\":\"PropertyValueSpecification\",\"valueRequired\":true,\"valueName\":\"search_term_string\"}}],\"inLanguage\":\"en-US\"},{\"@type\":\"Organization\",\"@id\":\"https:\\\/\\\/vorulagerinn.is\\\/#organization\",\"name\":\"V\u00f6rulagerinn\",\"url\":\"https:\\\/\\\/vorulagerinn.is\\\/\",\"logo\":{\"@type\":\"ImageObject\",\"inLanguage\":\"en-US\",\"@id\":\"https:\\\/\\\/vorulagerinn.is\\\/#\\\/schema\\\/logo\\\/image\\\/\",\"url\":\"https:\\\/\\\/vorulagerinn.is\\\/wp-content\\\/uploads\\\/2022\\\/09\\\/Vorulagerinn-Logo-588x160-1.png\",\"contentUrl\":\"https:\\\/\\\/vorulagerinn.is\\\/wp-content\\\/uploads\\\/2022\\\/09\\\/Vorulagerinn-Logo-588x160-1.png\",\"width\":588,\"height\":160,\"caption\":\"V\u00f6rulagerinn\"},\"image\":{\"@id\":\"https:\\\/\\\/vorulagerinn.is\\\/#\\\/schema\\\/logo\\\/image\\\/\"},\"sameAs\":[\"https:\\\/\\\/www.facebook.com\\\/vorulagerinn\",\"https:\\\/\\\/www.instagram.com\\\/vorulagerinn\\\/\"]}]}<\/script>\n<meta property=\"product:price:amount\" content=\"7680\" \/>\n<meta property=\"product:price:currency\" content=\"ISK\" \/>\n<meta property=\"og:availability\" content=\"instock\" \/>\n<meta property=\"product:availability\" content=\"instock\" \/>\n<meta property=\"product:retailer_item_id\" content=\"TGL01\" \/>\n<meta property=\"product:condition\" content=\"new\" \/>\n<!-- \/ Yoast SEO Premium plugin. -->","yoast_head_json":{"title":"Eiffelturn me\u00f0 LED lj\u00f3sum - \u00der\u00edv\u00edddar DIY vi\u00f0arp\u00fasl","description":"\u00der\u00edv\u00edddar vi\u00f0arp\u00fasli\u00f0 inniheldur allt sem \u00fearf til a\u00f0 kl\u00e1ra verkefni\u00f0. 152 bitar af 3d vi\u00f0arp\u00faslum, LED lj\u00f3s me\u00f0 fj\u00f3rum stillingum, skr\u00fafj\u00e1rn, sm\u00e1hlutir ofl","robots":{"index":"index","follow":"follow","max-snippet":"max-snippet:-1","max-image-preview":"max-image-preview:large","max-video-preview":"max-video-preview:-1"},"canonical":"https:\/\/vorulagerinn.is\/product\/tgl01\/","og_locale":"en_US","og_type":"article","og_title":"Eiffelturn me\u00f0 LED lj\u00f3sum - \u00der\u00edv\u00edddar DIY vi\u00f0arp\u00fasl","og_description":"\u00der\u00edv\u00edddar vi\u00f0arp\u00fasli\u00f0 inniheldur allt sem \u00fearf til a\u00f0 kl\u00e1ra verkefni\u00f0. 152 bitar af 3d vi\u00f0arp\u00faslum, LED lj\u00f3s me\u00f0 fj\u00f3rum stillingum, skr\u00fafj\u00e1rn, sm\u00e1hlutir ofl","og_url":"https:\/\/vorulagerinn.is\/product\/tgl01\/","og_site_name":"V&ouml;rulagerinn","article_publisher":"https:\/\/www.facebook.com\/vorulagerinn","article_modified_time":"2026-03-09T15:50:11+00:00","og_image":[{"width":600,"height":600,"url":"https:\/\/vorulagerinn.is\/wp-content\/uploads\/2025\/11\/TGL01.jpg","type":"image\/jpeg"}],"twitter_card":"summary_large_image","twitter_misc":{"Price":"7.680&nbsp;kr.","Availability":"In stock"},"schema":{"@context":"https:\/\/schema.org","@graph":[{"@type":"WebPage","@id":"https:\/\/vorulagerinn.is\/product\/tgl01\/","url":"https:\/\/vorulagerinn.is\/product\/tgl01\/","name":"Eiffelturn me\u00f0 LED lj\u00f3sum - \u00der\u00edv\u00edddar DIY vi\u00f0arp\u00fasl","isPartOf":{"@id":"https:\/\/vorulagerinn.is\/#website"},"primaryImageOfPage":{"@id":"https:\/\/vorulagerinn.is\/product\/tgl01\/#primaryimage"},"image":{"@id":"https:\/\/vorulagerinn.is\/product\/tgl01\/#primaryimage"},"thumbnailUrl":"https:\/\/vorulagerinn.is\/wp-content\/uploads\/2025\/11\/TGL01.jpg","datePublished":"2025-11-22T07:42:35+00:00","dateModified":"2026-03-09T15:50:11+00:00","description":"\u00der\u00edv\u00edddar vi\u00f0arp\u00fasli\u00f0 inniheldur allt sem \u00fearf til a\u00f0 kl\u00e1ra verkefni\u00f0. 152 bitar af 3d vi\u00f0arp\u00faslum, LED lj\u00f3s me\u00f0 fj\u00f3rum stillingum, skr\u00fafj\u00e1rn, sm\u00e1hlutir ofl","breadcrumb":{"@id":"https:\/\/vorulagerinn.is\/product\/tgl01\/#breadcrumb"},"inLanguage":"en-US","potentialAction":[{"@type":"ReadAction","target":["https:\/\/vorulagerinn.is\/product\/tgl01\/"]}]},{"@type":"ImageObject","inLanguage":"en-US","@id":"https:\/\/vorulagerinn.is\/product\/tgl01\/#primaryimage","url":"https:\/\/vorulagerinn.is\/wp-content\/uploads\/2025\/11\/TGL01.jpg","contentUrl":"https:\/\/vorulagerinn.is\/wp-content\/uploads\/2025\/11\/TGL01.jpg","width":600,"height":600},{"@type":"BreadcrumbList","@id":"https:\/\/vorulagerinn.is\/product\/tgl01\/#breadcrumb","itemListElement":[{"@type":"ListItem","position":1,"name":"Home","item":"https:\/\/vorulagerinn.is\/"},{"@type":"ListItem","position":2,"name":"Shop","item":"https:\/\/vorulagerinn.is\/en\/shop\/"},{"@type":"ListItem","position":3,"name":"Eiffelturn me\u00f0 LED lj\u00f3sum &#8211; \u00der\u00edv\u00edddar DIY vi\u00f0arp\u00fasl"}]},{"@type":"WebSite","@id":"https:\/\/vorulagerinn.is\/#website","url":"https:\/\/vorulagerinn.is\/","name":"V\u00f6rulagerinn","description":"L\u00e1ttu \u00fea\u00f0 eftir \u00fe\u00e9r","publisher":{"@id":"https:\/\/vorulagerinn.is\/#organization"},"potentialAction":[{"@type":"SearchAction","target":{"@type":"EntryPoint","urlTemplate":"https:\/\/vorulagerinn.is\/?s={search_term_string}"},"query-input":{"@type":"PropertyValueSpecification","valueRequired":true,"valueName":"search_term_string"}}],"inLanguage":"en-US"},{"@type":"Organization","@id":"https:\/\/vorulagerinn.is\/#organization","name":"V\u00f6rulagerinn","url":"https:\/\/vorulagerinn.is\/","logo":{"@type":"ImageObject","inLanguage":"en-US","@id":"https:\/\/vorulagerinn.is\/#\/schema\/logo\/image\/","url":"https:\/\/vorulagerinn.is\/wp-content\/uploads\/2022\/09\/Vorulagerinn-Logo-588x160-1.png","contentUrl":"https:\/\/vorulagerinn.is\/wp-content\/uploads\/2022\/09\/Vorulagerinn-Logo-588x160-1.png","width":588,"height":160,"caption":"V\u00f6rulagerinn"},"image":{"@id":"https:\/\/vorulagerinn.is\/#\/schema\/logo\/image\/"},"sameAs":["https:\/\/www.facebook.com\/vorulagerinn","https:\/\/www.instagram.com\/vorulagerinn\/"]}]},"product_price_amount":"7680","product_price_currency":"ISK","og_availability":"instock","product_availability":"instock","product_retailer_item_id":"TGL01","product_condition":"new"},"_links":{"self":[{"href":"https:\/\/vorulagerinn.is\/en\/wp-json\/wp\/v2\/product\/29864","targetHints":{"allow":["GET"]}}],"collection":[{"href":"https:\/\/vorulagerinn.is\/en\/wp-json\/wp\/v2\/product"}],"about":[{"href":"https:\/\/vorulagerinn.is\/en\/wp-json\/wp\/v2\/types\/product"}],"wp:featuredmedia":[{"embeddable":true,"href":"https:\/\/vorulagerinn.is\/en\/wp-json\/wp\/v2\/media\/29860"}],"wp:attachment":[{"href":"https:\/\/vorulagerinn.is\/en\/wp-json\/wp\/v2\/media?parent=29864"}],"wp:term":[{"taxonomy":"product_brand","embeddable":true,"href":"https:\/\/vorulagerinn.is\/en\/wp-json\/wp\/v2\/product_brand?post=29864"},{"taxonomy":"product_cat","embeddable":true,"href":"https:\/\/vorulagerinn.is\/en\/wp-json\/wp\/v2\/product_cat?post=29864"},{"taxonomy":"product_tag","embeddable":true,"href":"https:\/\/vorulagerinn.is\/en\/wp-json\/wp\/v2\/product_tag?post=29864"}],"curies":[{"name":"wp","href":"https:\/\/api.w.org\/{rel}","templated":true}]}}