{"id":29880,"date":"2025-10-28T11:49:00","date_gmt":"2025-10-28T11:49:00","guid":{"rendered":"https:\/\/vorulagerinn.is\/?post_type=product&#038;p=29880"},"modified":"2026-03-09T16:04:06","modified_gmt":"2026-03-09T16:04:06","slug":"diy03","status":"publish","type":"product","link":"https:\/\/vorulagerinn.is\/en\/product\/diy03\/","title":{"rendered":"BeaverCraft galdrakall DIY \u00fatskur\u00f0arsett \/ t\u00e1lgunarsett fyrir byrjendur sem inniheldur allt sem \u00fearf"},"content":{"rendered":"<div style=\"width: 1020px;\" class=\"wp-video\"><video class=\"wp-video-shortcode\" id=\"video-29880-1\" width=\"1020\" height=\"574\" preload=\"metadata\" controls=\"controls\"><source type=\"video\/mp4\" src=\"https:\/\/fodurlandid.is\/wp-content\/uploads\/2025\/10\/DIY03.mp4?_=1\" \/><a href=\"https:\/\/fodurlandid.is\/wp-content\/uploads\/2025\/10\/DIY03.mp4\">https:\/\/fodurlandid.is\/wp-content\/uploads\/2025\/10\/DIY03.mp4<\/a><\/video><\/div>\n","protected":false},"excerpt":{"rendered":"<p>Langar \u00feig a\u00f0 l\u00e6ra \u00fatskur\u00f0 og eignast n\u00fdtt \u00e1hugam\u00e1l? \u00de\u00e1 er BeaverCraft DIY byrjenda \u00fatskur\u00f0arsetti\u00f0 fyrir \u00feig. \u00dea\u00f0 inniheldur allt sem \u00fe\u00fa \u00fearft til a\u00f0 t\u00e1lga \u00feennan gl\u00e6silega fugl. Au\u00f0veldar skref fyrir skref lei\u00f0beiningar sem lei\u00f0a \u00feig \u00ed gegnum ferli\u00f0.<\/p>\n<p>L\u00e1ttu drauminn r\u00e6tast og byrja\u00f0u a\u00f0 skapa me\u00f0 \u00fatskur\u00f0arsetti fr\u00e1 BeaverCraft fyrir byrjendur. Myndband af v\u00f6runni er ne\u00f0ar \u00e1 \u00feessari s\u00ed\u00f0u.<\/p>\n<p><strong>Wizard Carving Kit \u00fatskur\u00f0arsetti\u00f0 inniheldur:<\/strong><br \/>\n\u2013 3 stk vi\u00f0arkubbar<br \/>\n\u2013 C2 skur\u00f0arhn\u00edfur<br \/>\n\u2013 \u00datl\u00ednur fyrir skur\u00f0<br \/>\n\u2013 Vax<br \/>\n\u2013 Hl\u00edf\u00f0arteip til a\u00f0 vernda fingur<br \/>\n\u2013 Skref fyrir skref lei\u00f0beiningar<\/p>\n","protected":false},"featured_media":29877,"template":"","meta":[],"product_brand":[456],"product_cat":[450],"product_tag":[],"class_list":{"0":"post-29880","1":"product","2":"type-product","3":"status-publish","4":"has-post-thumbnail","6":"product_brand-beavercraft","7":"product_cat-beavercraft-diy-utskurdarsett","9":"first","10":"instock","11":"sale","12":"taxable","13":"shipping-taxable","14":"purchasable","15":"product-type-simple"},"supplier_id":null,"supplier_sku":"","barcode":null,"atum_controlled":true,"out_stock_date":null,"out_stock_threshold":null,"inheritable":false,"inbound_stock":0,"stock_on_hold":0,"sold_today":0,"sales_last_days":0,"reserved_stock":0,"customer_returns":0,"warehouse_damage":0,"lost_in_post":0,"other_logs":0,"out_stock_days":0,"lost_sales":0,"has_location":false,"update_date":"2026-04-12T00:16:03","atum_locations":[],"atum_stock_status":"instock","restock_status":false,"low_stock_amount":"","sales_update_date":"2026-04-12T00:16:03","calc_backorders":null,"yoast_head":"<!-- This site is optimized with the Yoast SEO Premium plugin v26.6 (Yoast SEO v27.3) - https:\/\/yoast.com\/product\/yoast-seo-premium-wordpress\/ -->\n<title>BeaverCraft galdrakall DIY \u00fatskur\u00f0arsett \/ t\u00e1lgunarsett f. byrjendur<\/title>\n<meta name=\"description\" content=\"Langar \u00feig a\u00f0 l\u00e6ra \u00fatskur\u00f0 og eignast n\u00fdtt \u00e1hugam\u00e1l? \u00de\u00e1 er BeaverCraft DIY byrjenda \u00fatskur\u00f0arsetti\u00f0 fyrir \u00feig. Inniheldur allt sem \u00fe\u00fa \u00fearft til a\u00f0 t\u00e1lga.\" \/>\n<meta name=\"robots\" content=\"index, follow, max-snippet:-1, max-image-preview:large, max-video-preview:-1\" \/>\n<link rel=\"canonical\" href=\"https:\/\/vorulagerinn.is\/product\/diy03\/\" \/>\n<meta property=\"og:locale\" content=\"en_US\" \/>\n<meta property=\"og:type\" content=\"article\" \/>\n<meta property=\"og:title\" content=\"BeaverCraft galdrakall DIY \u00fatskur\u00f0arsett \/ t\u00e1lgunarsett fyrir byrjendur sem inniheldur allt sem \u00fearf\" \/>\n<meta property=\"og:description\" content=\"Langar \u00feig a\u00f0 l\u00e6ra \u00fatskur\u00f0 og eignast n\u00fdtt \u00e1hugam\u00e1l? \u00de\u00e1 er BeaverCraft DIY byrjenda \u00fatskur\u00f0arsetti\u00f0 fyrir \u00feig. Inniheldur allt sem \u00fe\u00fa \u00fearft til a\u00f0 t\u00e1lga.\" \/>\n<meta property=\"og:url\" content=\"https:\/\/vorulagerinn.is\/product\/diy03\/\" \/>\n<meta property=\"og:site_name\" content=\"V&ouml;rulagerinn\" \/>\n<meta property=\"article:publisher\" content=\"https:\/\/www.facebook.com\/vorulagerinn\" \/>\n<meta property=\"article:modified_time\" content=\"2026-03-09T16:04:06+00:00\" \/>\n<meta property=\"og:image\" content=\"https:\/\/vorulagerinn.is\/wp-content\/uploads\/2025\/11\/DIY03.jpg\" \/>\n\t<meta property=\"og:image:width\" content=\"600\" \/>\n\t<meta property=\"og:image:height\" content=\"600\" \/>\n\t<meta property=\"og:image:type\" content=\"image\/jpeg\" \/>\n<meta name=\"twitter:card\" content=\"summary_large_image\" \/>\n<meta name=\"twitter:label1\" content=\"Price\" \/>\n\t<meta name=\"twitter:data1\" content=\"6.160&nbsp;kr.\" \/>\n\t<meta name=\"twitter:label2\" content=\"Availability\" \/>\n\t<meta name=\"twitter:data2\" content=\"In stock\" \/>\n<script type=\"application\/ld+json\" class=\"yoast-schema-graph\">{\"@context\":\"https:\\\/\\\/schema.org\",\"@graph\":[{\"@type\":\"WebPage\",\"@id\":\"https:\\\/\\\/vorulagerinn.is\\\/product\\\/diy03\\\/\",\"url\":\"https:\\\/\\\/vorulagerinn.is\\\/product\\\/diy03\\\/\",\"name\":\"BeaverCraft galdrakall DIY \u00fatskur\u00f0arsett \\\/ t\u00e1lgunarsett f. byrjendur\",\"isPartOf\":{\"@id\":\"https:\\\/\\\/vorulagerinn.is\\\/#website\"},\"primaryImageOfPage\":{\"@id\":\"https:\\\/\\\/vorulagerinn.is\\\/product\\\/diy03\\\/#primaryimage\"},\"image\":{\"@id\":\"https:\\\/\\\/vorulagerinn.is\\\/product\\\/diy03\\\/#primaryimage\"},\"thumbnailUrl\":\"https:\\\/\\\/vorulagerinn.is\\\/wp-content\\\/uploads\\\/2025\\\/11\\\/DIY03.jpg\",\"datePublished\":\"2025-10-28T11:49:00+00:00\",\"dateModified\":\"2026-03-09T16:04:06+00:00\",\"description\":\"Langar \u00feig a\u00f0 l\u00e6ra \u00fatskur\u00f0 og eignast n\u00fdtt \u00e1hugam\u00e1l? \u00de\u00e1 er BeaverCraft DIY byrjenda \u00fatskur\u00f0arsetti\u00f0 fyrir \u00feig. Inniheldur allt sem \u00fe\u00fa \u00fearft til a\u00f0 t\u00e1lga.\",\"breadcrumb\":{\"@id\":\"https:\\\/\\\/vorulagerinn.is\\\/product\\\/diy03\\\/#breadcrumb\"},\"inLanguage\":\"en-US\",\"potentialAction\":[{\"@type\":\"ReadAction\",\"target\":[\"https:\\\/\\\/vorulagerinn.is\\\/product\\\/diy03\\\/\"]}]},{\"@type\":\"ImageObject\",\"inLanguage\":\"en-US\",\"@id\":\"https:\\\/\\\/vorulagerinn.is\\\/product\\\/diy03\\\/#primaryimage\",\"url\":\"https:\\\/\\\/vorulagerinn.is\\\/wp-content\\\/uploads\\\/2025\\\/11\\\/DIY03.jpg\",\"contentUrl\":\"https:\\\/\\\/vorulagerinn.is\\\/wp-content\\\/uploads\\\/2025\\\/11\\\/DIY03.jpg\",\"width\":600,\"height\":600},{\"@type\":\"BreadcrumbList\",\"@id\":\"https:\\\/\\\/vorulagerinn.is\\\/product\\\/diy03\\\/#breadcrumb\",\"itemListElement\":[{\"@type\":\"ListItem\",\"position\":1,\"name\":\"Home\",\"item\":\"https:\\\/\\\/vorulagerinn.is\\\/\"},{\"@type\":\"ListItem\",\"position\":2,\"name\":\"Shop\",\"item\":\"https:\\\/\\\/vorulagerinn.is\\\/en\\\/shop\\\/\"},{\"@type\":\"ListItem\",\"position\":3,\"name\":\"BeaverCraft galdrakall DIY \u00fatskur\u00f0arsett \\\/ t\u00e1lgunarsett fyrir byrjendur sem inniheldur allt sem \u00fearf\"}]},{\"@type\":\"WebSite\",\"@id\":\"https:\\\/\\\/vorulagerinn.is\\\/#website\",\"url\":\"https:\\\/\\\/vorulagerinn.is\\\/\",\"name\":\"V\u00f6rulagerinn\",\"description\":\"L\u00e1ttu \u00fea\u00f0 eftir \u00fe\u00e9r\",\"publisher\":{\"@id\":\"https:\\\/\\\/vorulagerinn.is\\\/#organization\"},\"potentialAction\":[{\"@type\":\"SearchAction\",\"target\":{\"@type\":\"EntryPoint\",\"urlTemplate\":\"https:\\\/\\\/vorulagerinn.is\\\/?s={search_term_string}\"},\"query-input\":{\"@type\":\"PropertyValueSpecification\",\"valueRequired\":true,\"valueName\":\"search_term_string\"}}],\"inLanguage\":\"en-US\"},{\"@type\":\"Organization\",\"@id\":\"https:\\\/\\\/vorulagerinn.is\\\/#organization\",\"name\":\"V\u00f6rulagerinn\",\"url\":\"https:\\\/\\\/vorulagerinn.is\\\/\",\"logo\":{\"@type\":\"ImageObject\",\"inLanguage\":\"en-US\",\"@id\":\"https:\\\/\\\/vorulagerinn.is\\\/#\\\/schema\\\/logo\\\/image\\\/\",\"url\":\"https:\\\/\\\/vorulagerinn.is\\\/wp-content\\\/uploads\\\/2022\\\/09\\\/Vorulagerinn-Logo-588x160-1.png\",\"contentUrl\":\"https:\\\/\\\/vorulagerinn.is\\\/wp-content\\\/uploads\\\/2022\\\/09\\\/Vorulagerinn-Logo-588x160-1.png\",\"width\":588,\"height\":160,\"caption\":\"V\u00f6rulagerinn\"},\"image\":{\"@id\":\"https:\\\/\\\/vorulagerinn.is\\\/#\\\/schema\\\/logo\\\/image\\\/\"},\"sameAs\":[\"https:\\\/\\\/www.facebook.com\\\/vorulagerinn\",\"https:\\\/\\\/www.instagram.com\\\/vorulagerinn\\\/\"]}]}<\/script>\n<meta property=\"product:price:amount\" content=\"6160\" \/>\n<meta property=\"product:price:currency\" content=\"ISK\" \/>\n<meta property=\"og:availability\" content=\"instock\" \/>\n<meta property=\"product:availability\" content=\"instock\" \/>\n<meta property=\"product:retailer_item_id\" content=\"DIY03\" \/>\n<meta property=\"product:condition\" content=\"new\" \/>\n<!-- \/ Yoast SEO Premium plugin. -->","yoast_head_json":{"title":"BeaverCraft galdrakall DIY \u00fatskur\u00f0arsett \/ t\u00e1lgunarsett f. byrjendur","description":"Langar \u00feig a\u00f0 l\u00e6ra \u00fatskur\u00f0 og eignast n\u00fdtt \u00e1hugam\u00e1l? \u00de\u00e1 er BeaverCraft DIY byrjenda \u00fatskur\u00f0arsetti\u00f0 fyrir \u00feig. Inniheldur allt sem \u00fe\u00fa \u00fearft til a\u00f0 t\u00e1lga.","robots":{"index":"index","follow":"follow","max-snippet":"max-snippet:-1","max-image-preview":"max-image-preview:large","max-video-preview":"max-video-preview:-1"},"canonical":"https:\/\/vorulagerinn.is\/product\/diy03\/","og_locale":"en_US","og_type":"article","og_title":"BeaverCraft galdrakall DIY \u00fatskur\u00f0arsett \/ t\u00e1lgunarsett fyrir byrjendur sem inniheldur allt sem \u00fearf","og_description":"Langar \u00feig a\u00f0 l\u00e6ra \u00fatskur\u00f0 og eignast n\u00fdtt \u00e1hugam\u00e1l? \u00de\u00e1 er BeaverCraft DIY byrjenda \u00fatskur\u00f0arsetti\u00f0 fyrir \u00feig. Inniheldur allt sem \u00fe\u00fa \u00fearft til a\u00f0 t\u00e1lga.","og_url":"https:\/\/vorulagerinn.is\/product\/diy03\/","og_site_name":"V&ouml;rulagerinn","article_publisher":"https:\/\/www.facebook.com\/vorulagerinn","article_modified_time":"2026-03-09T16:04:06+00:00","og_image":[{"width":600,"height":600,"url":"https:\/\/vorulagerinn.is\/wp-content\/uploads\/2025\/11\/DIY03.jpg","type":"image\/jpeg"}],"twitter_card":"summary_large_image","twitter_misc":{"Price":"6.160&nbsp;kr.","Availability":"In stock"},"schema":{"@context":"https:\/\/schema.org","@graph":[{"@type":"WebPage","@id":"https:\/\/vorulagerinn.is\/product\/diy03\/","url":"https:\/\/vorulagerinn.is\/product\/diy03\/","name":"BeaverCraft galdrakall DIY \u00fatskur\u00f0arsett \/ t\u00e1lgunarsett f. byrjendur","isPartOf":{"@id":"https:\/\/vorulagerinn.is\/#website"},"primaryImageOfPage":{"@id":"https:\/\/vorulagerinn.is\/product\/diy03\/#primaryimage"},"image":{"@id":"https:\/\/vorulagerinn.is\/product\/diy03\/#primaryimage"},"thumbnailUrl":"https:\/\/vorulagerinn.is\/wp-content\/uploads\/2025\/11\/DIY03.jpg","datePublished":"2025-10-28T11:49:00+00:00","dateModified":"2026-03-09T16:04:06+00:00","description":"Langar \u00feig a\u00f0 l\u00e6ra \u00fatskur\u00f0 og eignast n\u00fdtt \u00e1hugam\u00e1l? \u00de\u00e1 er BeaverCraft DIY byrjenda \u00fatskur\u00f0arsetti\u00f0 fyrir \u00feig. Inniheldur allt sem \u00fe\u00fa \u00fearft til a\u00f0 t\u00e1lga.","breadcrumb":{"@id":"https:\/\/vorulagerinn.is\/product\/diy03\/#breadcrumb"},"inLanguage":"en-US","potentialAction":[{"@type":"ReadAction","target":["https:\/\/vorulagerinn.is\/product\/diy03\/"]}]},{"@type":"ImageObject","inLanguage":"en-US","@id":"https:\/\/vorulagerinn.is\/product\/diy03\/#primaryimage","url":"https:\/\/vorulagerinn.is\/wp-content\/uploads\/2025\/11\/DIY03.jpg","contentUrl":"https:\/\/vorulagerinn.is\/wp-content\/uploads\/2025\/11\/DIY03.jpg","width":600,"height":600},{"@type":"BreadcrumbList","@id":"https:\/\/vorulagerinn.is\/product\/diy03\/#breadcrumb","itemListElement":[{"@type":"ListItem","position":1,"name":"Home","item":"https:\/\/vorulagerinn.is\/"},{"@type":"ListItem","position":2,"name":"Shop","item":"https:\/\/vorulagerinn.is\/en\/shop\/"},{"@type":"ListItem","position":3,"name":"BeaverCraft galdrakall DIY \u00fatskur\u00f0arsett \/ t\u00e1lgunarsett fyrir byrjendur sem inniheldur allt sem \u00fearf"}]},{"@type":"WebSite","@id":"https:\/\/vorulagerinn.is\/#website","url":"https:\/\/vorulagerinn.is\/","name":"V\u00f6rulagerinn","description":"L\u00e1ttu \u00fea\u00f0 eftir \u00fe\u00e9r","publisher":{"@id":"https:\/\/vorulagerinn.is\/#organization"},"potentialAction":[{"@type":"SearchAction","target":{"@type":"EntryPoint","urlTemplate":"https:\/\/vorulagerinn.is\/?s={search_term_string}"},"query-input":{"@type":"PropertyValueSpecification","valueRequired":true,"valueName":"search_term_string"}}],"inLanguage":"en-US"},{"@type":"Organization","@id":"https:\/\/vorulagerinn.is\/#organization","name":"V\u00f6rulagerinn","url":"https:\/\/vorulagerinn.is\/","logo":{"@type":"ImageObject","inLanguage":"en-US","@id":"https:\/\/vorulagerinn.is\/#\/schema\/logo\/image\/","url":"https:\/\/vorulagerinn.is\/wp-content\/uploads\/2022\/09\/Vorulagerinn-Logo-588x160-1.png","contentUrl":"https:\/\/vorulagerinn.is\/wp-content\/uploads\/2022\/09\/Vorulagerinn-Logo-588x160-1.png","width":588,"height":160,"caption":"V\u00f6rulagerinn"},"image":{"@id":"https:\/\/vorulagerinn.is\/#\/schema\/logo\/image\/"},"sameAs":["https:\/\/www.facebook.com\/vorulagerinn","https:\/\/www.instagram.com\/vorulagerinn\/"]}]},"product_price_amount":"6160","product_price_currency":"ISK","og_availability":"instock","product_availability":"instock","product_retailer_item_id":"DIY03","product_condition":"new"},"_links":{"self":[{"href":"https:\/\/vorulagerinn.is\/en\/wp-json\/wp\/v2\/product\/29880","targetHints":{"allow":["GET"]}}],"collection":[{"href":"https:\/\/vorulagerinn.is\/en\/wp-json\/wp\/v2\/product"}],"about":[{"href":"https:\/\/vorulagerinn.is\/en\/wp-json\/wp\/v2\/types\/product"}],"wp:featuredmedia":[{"embeddable":true,"href":"https:\/\/vorulagerinn.is\/en\/wp-json\/wp\/v2\/media\/29877"}],"wp:attachment":[{"href":"https:\/\/vorulagerinn.is\/en\/wp-json\/wp\/v2\/media?parent=29880"}],"wp:term":[{"taxonomy":"product_brand","embeddable":true,"href":"https:\/\/vorulagerinn.is\/en\/wp-json\/wp\/v2\/product_brand?post=29880"},{"taxonomy":"product_cat","embeddable":true,"href":"https:\/\/vorulagerinn.is\/en\/wp-json\/wp\/v2\/product_cat?post=29880"},{"taxonomy":"product_tag","embeddable":true,"href":"https:\/\/vorulagerinn.is\/en\/wp-json\/wp\/v2\/product_tag?post=29880"}],"curies":[{"name":"wp","href":"https:\/\/api.w.org\/{rel}","templated":true}]}}