{"id":29921,"date":"2025-10-30T12:48:27","date_gmt":"2025-10-30T12:48:27","guid":{"rendered":"https:\/\/vorulagerinn.is\/?post_type=product&#038;p=29921"},"modified":"2026-01-05T10:27:51","modified_gmt":"2026-01-05T10:27:51","slug":"diy_sculpting_nefertiti","status":"publish","type":"product","link":"https:\/\/vorulagerinn.is\/en\/product\/diy_sculpting_nefertiti\/","title":{"rendered":"BeaverCraft Nefertiti DIY h\u00f6ggmyndasett fyrir byrjendur sem inniheldur allt sem \u00fearf"},"content":{"rendered":"","protected":false},"excerpt":{"rendered":"<p>Langar \u00feig a\u00f0 l\u00e6ra a\u00f0 h\u00f6ggva listaverk \u00far gifsi? \u00de\u00e1 er BeaverCraft DIY byrjenda h\u00f6ggmyndasetti\u00f0 fyrir \u00feig. \u00dea\u00f0 inniheldur allt sem \u00fe\u00fa \u00fearft til a\u00f0 h\u00f6ggva \u00fat Nefertiti sem var drottning Forn-Egypta. Skref fyrir skref lei\u00f0beiningar sem lei\u00f0a \u00feig \u00ed gegnum ferli\u00f0.<\/p>\n<p>L\u00e1ttu drauminn r\u00e6tast og byrja\u00f0u a\u00f0 skapa me\u00f0 h\u00f6ggmyndasetti fr\u00e1 BeaverCraft fyrir byrjendur.<\/p>\n<p><strong>Nefertiti DIY Sculpting Kit inniheldur:<\/strong><br \/>\n\u2013 Gifs<br \/>\n\u2013 Meitil<br \/>\n\u2013 Tr\u00e9hamar<br \/>\n\u2013 Verndarpapp\u00edr<\/p>\n","protected":false},"featured_media":29919,"template":"","meta":[],"product_brand":[456],"product_cat":[450],"product_tag":[],"class_list":{"0":"post-29921","1":"product","2":"type-product","3":"status-publish","4":"has-post-thumbnail","6":"product_brand-beavercraft","7":"product_cat-beavercraft-diy-utskurdarsett","9":"first","10":"instock","11":"sale","12":"taxable","13":"shipping-taxable","14":"purchasable","15":"product-type-simple"},"supplier_id":null,"supplier_sku":"","barcode":null,"atum_controlled":true,"out_stock_date":null,"out_stock_threshold":null,"inheritable":false,"inbound_stock":0,"stock_on_hold":0,"sold_today":0,"sales_last_days":0,"reserved_stock":0,"customer_returns":0,"warehouse_damage":0,"lost_in_post":0,"other_logs":0,"out_stock_days":0,"lost_sales":0,"has_location":false,"update_date":"2026-04-12T00:16:02","atum_locations":[],"atum_stock_status":"instock","restock_status":false,"low_stock_amount":"","sales_update_date":"2026-04-12T00:16:02","calc_backorders":null,"yoast_head":"<!-- This site is optimized with the Yoast SEO Premium plugin v26.6 (Yoast SEO v27.3) - https:\/\/yoast.com\/product\/yoast-seo-premium-wordpress\/ -->\n<title>BeaverCraft Nefertiti DIY h\u00f6ggmyndasett fyrir byrjendur<\/title>\n<meta name=\"description\" content=\"Langar \u00feig a\u00f0 l\u00e6ra a\u00f0 h\u00f6ggva listaverk \u00far gifsi? \u00de\u00e1 er BeaverCraft DIY byrjenda h\u00f6ggmyndasetti\u00f0 fyrir \u00feig. \u00dea\u00f0 inniheldur allt sem \u00fearft til a\u00f0 byrja.\" \/>\n<meta name=\"robots\" content=\"index, follow, max-snippet:-1, max-image-preview:large, max-video-preview:-1\" \/>\n<link rel=\"canonical\" href=\"https:\/\/vorulagerinn.is\/product\/diy_sculpting_nefertiti\/\" \/>\n<meta property=\"og:locale\" content=\"en_US\" \/>\n<meta property=\"og:type\" content=\"article\" \/>\n<meta property=\"og:title\" content=\"BeaverCraft Nefertiti DIY h\u00f6ggmyndasett fyrir byrjendur sem inniheldur allt sem \u00fearf\" \/>\n<meta property=\"og:description\" content=\"Langar \u00feig a\u00f0 l\u00e6ra a\u00f0 h\u00f6ggva listaverk \u00far gifsi? \u00de\u00e1 er BeaverCraft DIY byrjenda h\u00f6ggmyndasetti\u00f0 fyrir \u00feig. \u00dea\u00f0 inniheldur allt sem \u00fearft til a\u00f0 byrja.\" \/>\n<meta property=\"og:url\" content=\"https:\/\/vorulagerinn.is\/product\/diy_sculpting_nefertiti\/\" \/>\n<meta property=\"og:site_name\" content=\"V&ouml;rulagerinn\" \/>\n<meta property=\"article:publisher\" content=\"https:\/\/www.facebook.com\/vorulagerinn\" \/>\n<meta property=\"article:modified_time\" content=\"2026-01-05T10:27:51+00:00\" \/>\n<meta property=\"og:image\" content=\"https:\/\/vorulagerinn.is\/wp-content\/uploads\/2025\/11\/Nefertiti-1.jpg\" \/>\n\t<meta property=\"og:image:width\" content=\"600\" \/>\n\t<meta property=\"og:image:height\" content=\"600\" \/>\n\t<meta property=\"og:image:type\" content=\"image\/jpeg\" \/>\n<meta name=\"twitter:card\" content=\"summary_large_image\" \/>\n<meta name=\"twitter:label1\" content=\"Price\" \/>\n\t<meta name=\"twitter:data1\" content=\"7.920&nbsp;kr.\" \/>\n\t<meta name=\"twitter:label2\" content=\"Availability\" \/>\n\t<meta name=\"twitter:data2\" content=\"In stock\" \/>\n<script type=\"application\/ld+json\" class=\"yoast-schema-graph\">{\"@context\":\"https:\\\/\\\/schema.org\",\"@graph\":[{\"@type\":\"WebPage\",\"@id\":\"https:\\\/\\\/vorulagerinn.is\\\/product\\\/diy_sculpting_nefertiti\\\/\",\"url\":\"https:\\\/\\\/vorulagerinn.is\\\/product\\\/diy_sculpting_nefertiti\\\/\",\"name\":\"BeaverCraft Nefertiti DIY h\u00f6ggmyndasett fyrir byrjendur\",\"isPartOf\":{\"@id\":\"https:\\\/\\\/vorulagerinn.is\\\/#website\"},\"primaryImageOfPage\":{\"@id\":\"https:\\\/\\\/vorulagerinn.is\\\/product\\\/diy_sculpting_nefertiti\\\/#primaryimage\"},\"image\":{\"@id\":\"https:\\\/\\\/vorulagerinn.is\\\/product\\\/diy_sculpting_nefertiti\\\/#primaryimage\"},\"thumbnailUrl\":\"https:\\\/\\\/vorulagerinn.is\\\/wp-content\\\/uploads\\\/2025\\\/11\\\/Nefertiti-1.jpg\",\"datePublished\":\"2025-10-30T12:48:27+00:00\",\"dateModified\":\"2026-01-05T10:27:51+00:00\",\"description\":\"Langar \u00feig a\u00f0 l\u00e6ra a\u00f0 h\u00f6ggva listaverk \u00far gifsi? \u00de\u00e1 er BeaverCraft DIY byrjenda h\u00f6ggmyndasetti\u00f0 fyrir \u00feig. \u00dea\u00f0 inniheldur allt sem \u00fearft til a\u00f0 byrja.\",\"breadcrumb\":{\"@id\":\"https:\\\/\\\/vorulagerinn.is\\\/product\\\/diy_sculpting_nefertiti\\\/#breadcrumb\"},\"inLanguage\":\"en-US\",\"potentialAction\":[{\"@type\":\"ReadAction\",\"target\":[\"https:\\\/\\\/vorulagerinn.is\\\/product\\\/diy_sculpting_nefertiti\\\/\"]}]},{\"@type\":\"ImageObject\",\"inLanguage\":\"en-US\",\"@id\":\"https:\\\/\\\/vorulagerinn.is\\\/product\\\/diy_sculpting_nefertiti\\\/#primaryimage\",\"url\":\"https:\\\/\\\/vorulagerinn.is\\\/wp-content\\\/uploads\\\/2025\\\/11\\\/Nefertiti-1.jpg\",\"contentUrl\":\"https:\\\/\\\/vorulagerinn.is\\\/wp-content\\\/uploads\\\/2025\\\/11\\\/Nefertiti-1.jpg\",\"width\":600,\"height\":600},{\"@type\":\"BreadcrumbList\",\"@id\":\"https:\\\/\\\/vorulagerinn.is\\\/product\\\/diy_sculpting_nefertiti\\\/#breadcrumb\",\"itemListElement\":[{\"@type\":\"ListItem\",\"position\":1,\"name\":\"Home\",\"item\":\"https:\\\/\\\/vorulagerinn.is\\\/\"},{\"@type\":\"ListItem\",\"position\":2,\"name\":\"Shop\",\"item\":\"https:\\\/\\\/vorulagerinn.is\\\/en\\\/shop\\\/\"},{\"@type\":\"ListItem\",\"position\":3,\"name\":\"BeaverCraft Nefertiti DIY h\u00f6ggmyndasett fyrir byrjendur sem inniheldur allt sem \u00fearf\"}]},{\"@type\":\"WebSite\",\"@id\":\"https:\\\/\\\/vorulagerinn.is\\\/#website\",\"url\":\"https:\\\/\\\/vorulagerinn.is\\\/\",\"name\":\"V\u00f6rulagerinn\",\"description\":\"L\u00e1ttu \u00fea\u00f0 eftir \u00fe\u00e9r\",\"publisher\":{\"@id\":\"https:\\\/\\\/vorulagerinn.is\\\/#organization\"},\"potentialAction\":[{\"@type\":\"SearchAction\",\"target\":{\"@type\":\"EntryPoint\",\"urlTemplate\":\"https:\\\/\\\/vorulagerinn.is\\\/?s={search_term_string}\"},\"query-input\":{\"@type\":\"PropertyValueSpecification\",\"valueRequired\":true,\"valueName\":\"search_term_string\"}}],\"inLanguage\":\"en-US\"},{\"@type\":\"Organization\",\"@id\":\"https:\\\/\\\/vorulagerinn.is\\\/#organization\",\"name\":\"V\u00f6rulagerinn\",\"url\":\"https:\\\/\\\/vorulagerinn.is\\\/\",\"logo\":{\"@type\":\"ImageObject\",\"inLanguage\":\"en-US\",\"@id\":\"https:\\\/\\\/vorulagerinn.is\\\/#\\\/schema\\\/logo\\\/image\\\/\",\"url\":\"https:\\\/\\\/vorulagerinn.is\\\/wp-content\\\/uploads\\\/2022\\\/09\\\/Vorulagerinn-Logo-588x160-1.png\",\"contentUrl\":\"https:\\\/\\\/vorulagerinn.is\\\/wp-content\\\/uploads\\\/2022\\\/09\\\/Vorulagerinn-Logo-588x160-1.png\",\"width\":588,\"height\":160,\"caption\":\"V\u00f6rulagerinn\"},\"image\":{\"@id\":\"https:\\\/\\\/vorulagerinn.is\\\/#\\\/schema\\\/logo\\\/image\\\/\"},\"sameAs\":[\"https:\\\/\\\/www.facebook.com\\\/vorulagerinn\",\"https:\\\/\\\/www.instagram.com\\\/vorulagerinn\\\/\"]}]}<\/script>\n<meta property=\"product:price:amount\" content=\"7920\" \/>\n<meta property=\"product:price:currency\" content=\"ISK\" \/>\n<meta property=\"og:availability\" content=\"instock\" \/>\n<meta property=\"product:availability\" content=\"instock\" \/>\n<meta property=\"product:retailer_item_id\" content=\"DIY_Sculpting_Nefertiti\" \/>\n<meta property=\"product:condition\" content=\"new\" \/>\n<!-- \/ Yoast SEO Premium plugin. -->","yoast_head_json":{"title":"BeaverCraft Nefertiti DIY h\u00f6ggmyndasett fyrir byrjendur","description":"Langar \u00feig a\u00f0 l\u00e6ra a\u00f0 h\u00f6ggva listaverk \u00far gifsi? \u00de\u00e1 er BeaverCraft DIY byrjenda h\u00f6ggmyndasetti\u00f0 fyrir \u00feig. \u00dea\u00f0 inniheldur allt sem \u00fearft til a\u00f0 byrja.","robots":{"index":"index","follow":"follow","max-snippet":"max-snippet:-1","max-image-preview":"max-image-preview:large","max-video-preview":"max-video-preview:-1"},"canonical":"https:\/\/vorulagerinn.is\/product\/diy_sculpting_nefertiti\/","og_locale":"en_US","og_type":"article","og_title":"BeaverCraft Nefertiti DIY h\u00f6ggmyndasett fyrir byrjendur sem inniheldur allt sem \u00fearf","og_description":"Langar \u00feig a\u00f0 l\u00e6ra a\u00f0 h\u00f6ggva listaverk \u00far gifsi? \u00de\u00e1 er BeaverCraft DIY byrjenda h\u00f6ggmyndasetti\u00f0 fyrir \u00feig. \u00dea\u00f0 inniheldur allt sem \u00fearft til a\u00f0 byrja.","og_url":"https:\/\/vorulagerinn.is\/product\/diy_sculpting_nefertiti\/","og_site_name":"V&ouml;rulagerinn","article_publisher":"https:\/\/www.facebook.com\/vorulagerinn","article_modified_time":"2026-01-05T10:27:51+00:00","og_image":[{"width":600,"height":600,"url":"https:\/\/vorulagerinn.is\/wp-content\/uploads\/2025\/11\/Nefertiti-1.jpg","type":"image\/jpeg"}],"twitter_card":"summary_large_image","twitter_misc":{"Price":"7.920&nbsp;kr.","Availability":"In stock"},"schema":{"@context":"https:\/\/schema.org","@graph":[{"@type":"WebPage","@id":"https:\/\/vorulagerinn.is\/product\/diy_sculpting_nefertiti\/","url":"https:\/\/vorulagerinn.is\/product\/diy_sculpting_nefertiti\/","name":"BeaverCraft Nefertiti DIY h\u00f6ggmyndasett fyrir byrjendur","isPartOf":{"@id":"https:\/\/vorulagerinn.is\/#website"},"primaryImageOfPage":{"@id":"https:\/\/vorulagerinn.is\/product\/diy_sculpting_nefertiti\/#primaryimage"},"image":{"@id":"https:\/\/vorulagerinn.is\/product\/diy_sculpting_nefertiti\/#primaryimage"},"thumbnailUrl":"https:\/\/vorulagerinn.is\/wp-content\/uploads\/2025\/11\/Nefertiti-1.jpg","datePublished":"2025-10-30T12:48:27+00:00","dateModified":"2026-01-05T10:27:51+00:00","description":"Langar \u00feig a\u00f0 l\u00e6ra a\u00f0 h\u00f6ggva listaverk \u00far gifsi? \u00de\u00e1 er BeaverCraft DIY byrjenda h\u00f6ggmyndasetti\u00f0 fyrir \u00feig. \u00dea\u00f0 inniheldur allt sem \u00fearft til a\u00f0 byrja.","breadcrumb":{"@id":"https:\/\/vorulagerinn.is\/product\/diy_sculpting_nefertiti\/#breadcrumb"},"inLanguage":"en-US","potentialAction":[{"@type":"ReadAction","target":["https:\/\/vorulagerinn.is\/product\/diy_sculpting_nefertiti\/"]}]},{"@type":"ImageObject","inLanguage":"en-US","@id":"https:\/\/vorulagerinn.is\/product\/diy_sculpting_nefertiti\/#primaryimage","url":"https:\/\/vorulagerinn.is\/wp-content\/uploads\/2025\/11\/Nefertiti-1.jpg","contentUrl":"https:\/\/vorulagerinn.is\/wp-content\/uploads\/2025\/11\/Nefertiti-1.jpg","width":600,"height":600},{"@type":"BreadcrumbList","@id":"https:\/\/vorulagerinn.is\/product\/diy_sculpting_nefertiti\/#breadcrumb","itemListElement":[{"@type":"ListItem","position":1,"name":"Home","item":"https:\/\/vorulagerinn.is\/"},{"@type":"ListItem","position":2,"name":"Shop","item":"https:\/\/vorulagerinn.is\/en\/shop\/"},{"@type":"ListItem","position":3,"name":"BeaverCraft Nefertiti DIY h\u00f6ggmyndasett fyrir byrjendur sem inniheldur allt sem \u00fearf"}]},{"@type":"WebSite","@id":"https:\/\/vorulagerinn.is\/#website","url":"https:\/\/vorulagerinn.is\/","name":"V\u00f6rulagerinn","description":"L\u00e1ttu \u00fea\u00f0 eftir \u00fe\u00e9r","publisher":{"@id":"https:\/\/vorulagerinn.is\/#organization"},"potentialAction":[{"@type":"SearchAction","target":{"@type":"EntryPoint","urlTemplate":"https:\/\/vorulagerinn.is\/?s={search_term_string}"},"query-input":{"@type":"PropertyValueSpecification","valueRequired":true,"valueName":"search_term_string"}}],"inLanguage":"en-US"},{"@type":"Organization","@id":"https:\/\/vorulagerinn.is\/#organization","name":"V\u00f6rulagerinn","url":"https:\/\/vorulagerinn.is\/","logo":{"@type":"ImageObject","inLanguage":"en-US","@id":"https:\/\/vorulagerinn.is\/#\/schema\/logo\/image\/","url":"https:\/\/vorulagerinn.is\/wp-content\/uploads\/2022\/09\/Vorulagerinn-Logo-588x160-1.png","contentUrl":"https:\/\/vorulagerinn.is\/wp-content\/uploads\/2022\/09\/Vorulagerinn-Logo-588x160-1.png","width":588,"height":160,"caption":"V\u00f6rulagerinn"},"image":{"@id":"https:\/\/vorulagerinn.is\/#\/schema\/logo\/image\/"},"sameAs":["https:\/\/www.facebook.com\/vorulagerinn","https:\/\/www.instagram.com\/vorulagerinn\/"]}]},"product_price_amount":"7920","product_price_currency":"ISK","og_availability":"instock","product_availability":"instock","product_retailer_item_id":"DIY_Sculpting_Nefertiti","product_condition":"new"},"_links":{"self":[{"href":"https:\/\/vorulagerinn.is\/en\/wp-json\/wp\/v2\/product\/29921","targetHints":{"allow":["GET"]}}],"collection":[{"href":"https:\/\/vorulagerinn.is\/en\/wp-json\/wp\/v2\/product"}],"about":[{"href":"https:\/\/vorulagerinn.is\/en\/wp-json\/wp\/v2\/types\/product"}],"wp:featuredmedia":[{"embeddable":true,"href":"https:\/\/vorulagerinn.is\/en\/wp-json\/wp\/v2\/media\/29919"}],"wp:attachment":[{"href":"https:\/\/vorulagerinn.is\/en\/wp-json\/wp\/v2\/media?parent=29921"}],"wp:term":[{"taxonomy":"product_brand","embeddable":true,"href":"https:\/\/vorulagerinn.is\/en\/wp-json\/wp\/v2\/product_brand?post=29921"},{"taxonomy":"product_cat","embeddable":true,"href":"https:\/\/vorulagerinn.is\/en\/wp-json\/wp\/v2\/product_cat?post=29921"},{"taxonomy":"product_tag","embeddable":true,"href":"https:\/\/vorulagerinn.is\/en\/wp-json\/wp\/v2\/product_tag?post=29921"}],"curies":[{"name":"wp","href":"https:\/\/api.w.org\/{rel}","templated":true}]}}