{"id":29966,"date":"2025-10-26T18:30:06","date_gmt":"2025-10-26T18:30:06","guid":{"rendered":"https:\/\/vorulagerinn.is\/?post_type=product&#038;p=29966"},"modified":"2026-03-20T14:09:48","modified_gmt":"2026-03-20T14:09:48","slug":"nct6","status":"publish","type":"product","link":"https:\/\/vorulagerinn.is\/en\/product\/nct6\/","title":{"rendered":"\u00d6ryggisteip til a\u00f0 verja fingur fr\u00e1 Beavercraft fyrir \u00fatskur\u00f0 og t\u00e1lgun"},"content":{"rendered":"","protected":false},"excerpt":{"rendered":"<p>Vernda\u00f0u fingurna \u00e1n \u00feess a\u00f0 missa tilfinningu e\u00f0a stj\u00f3rn \u00e1 verkf\u00e6runum. Skur\u00f0\u00feoli\u00f0 \u00f6ryggisteipi\u00f0 fr\u00e1 BeaverCraft er hanna\u00f0 s\u00e9rstaklega af fyrirt\u00e6kinu fyrir f\u00f3lk \u00ed tr\u00e9\u00fatskur\u00f0i og t\u00e1lgun sem vill vinna \u00f6ruggar me\u00f0 beitt verkf\u00e6ri \u00e1n \u00feess a\u00f0 nota \u00feykka \u00f6ryggishanska.<\/p>\n<p>\u00d6ryggisteipi\u00f0 er sj\u00e1lfl\u00edmandi og festist a\u00f0eins vi\u00f0 sj\u00e1lft sig en ekki h\u00fa\u00f0ina og situr \u00fe\u00e9tt \u00e1 fingrunum \u00e1n \u00feess a\u00f0 \u00ferengja a\u00f0 \u00feeim. \u00dea\u00f0 gefur g\u00f3\u00f0a griptilfinningu og er au\u00f0velt a\u00f0 fjarl\u00e6gja \u00e1n \u00feess a\u00f0 skilja eftir l\u00edm \u00e1 fingrum. \u00d6ryggisteipi\u00f0 veitir l\u00e9tta skur\u00f0v\u00f6rn og er \u00e6tla\u00f0 til a\u00f0 draga \u00far l\u00edkum \u00e1 minnih\u00e1ttar slysum. Varan er seld \u00ed stykkjatali.<\/p>\n<p>&#8211; Litur: Bl\u00e1r<br \/>\n&#8211; Lengd: 4,5 metrar<br \/>\n&#8211; Breidd: 50 mm<br \/>\n&#8211; Efni: 95% b\u00f3mull &amp; 5% spandex<br \/>\n&#8211; Selt \u00ed stykkjatali<\/p>\n","protected":false},"featured_media":29962,"template":"","meta":[],"product_brand":[456],"product_cat":[450],"product_tag":[],"class_list":{"0":"post-29966","1":"product","2":"type-product","3":"status-publish","4":"has-post-thumbnail","6":"product_brand-beavercraft","7":"product_cat-beavercraft-diy-utskurdarsett","9":"first","10":"instock","11":"sale","12":"taxable","13":"shipping-taxable","14":"purchasable","15":"product-type-simple"},"supplier_id":null,"supplier_sku":"","barcode":null,"atum_controlled":true,"out_stock_date":null,"out_stock_threshold":null,"inheritable":false,"inbound_stock":0,"stock_on_hold":0,"sold_today":0,"sales_last_days":0,"reserved_stock":0,"customer_returns":0,"warehouse_damage":0,"lost_in_post":0,"other_logs":0,"out_stock_days":0,"lost_sales":0,"has_location":false,"update_date":"2026-04-12T00:16:08","atum_locations":[],"atum_stock_status":"instock","restock_status":false,"low_stock_amount":"","sales_update_date":"2026-04-12T00:16:08","calc_backorders":null,"yoast_head":"<!-- This site is optimized with the Yoast SEO Premium plugin v26.6 (Yoast SEO v27.3) - https:\/\/yoast.com\/product\/yoast-seo-premium-wordpress\/ -->\n<title>Skur\u00f0\u00feoli\u00f0 \u00f6ryggisteip til a\u00f0 verja fingur fr\u00e1 Beavercraft<\/title>\n<meta name=\"description\" content=\"Vernda\u00f0u fingur \u00e1n \u00feess a\u00f0 missa tilfinningu e\u00f0a stj\u00f3rn \u00e1 verkf\u00e6runum. Skur\u00f0\u00feoli\u00f0 \u00f6ryggisteip sem er s\u00e9rstaklega hanna\u00f0 fyrir f\u00f3lk \u00ed tr\u00e9\u00fatskur\u00f0i og t\u00e1lgun.\" \/>\n<meta name=\"robots\" content=\"index, follow, max-snippet:-1, max-image-preview:large, max-video-preview:-1\" \/>\n<link rel=\"canonical\" href=\"https:\/\/vorulagerinn.is\/product\/nct6\/\" \/>\n<meta property=\"og:locale\" content=\"en_US\" \/>\n<meta property=\"og:type\" content=\"article\" \/>\n<meta property=\"og:title\" content=\"\u00d6ryggisteip til a\u00f0 verja fingur fr\u00e1 Beavercraft fyrir \u00fatskur\u00f0 og t\u00e1lgun\" \/>\n<meta property=\"og:description\" content=\"Vernda\u00f0u fingur \u00e1n \u00feess a\u00f0 missa tilfinningu e\u00f0a stj\u00f3rn \u00e1 verkf\u00e6runum. Skur\u00f0\u00feoli\u00f0 \u00f6ryggisteip sem er s\u00e9rstaklega hanna\u00f0 fyrir f\u00f3lk \u00ed tr\u00e9\u00fatskur\u00f0i og t\u00e1lgun.\" \/>\n<meta property=\"og:url\" content=\"https:\/\/vorulagerinn.is\/product\/nct6\/\" \/>\n<meta property=\"og:site_name\" content=\"V&ouml;rulagerinn\" \/>\n<meta property=\"article:publisher\" content=\"https:\/\/www.facebook.com\/vorulagerinn\" \/>\n<meta property=\"article:modified_time\" content=\"2026-03-20T14:09:48+00:00\" \/>\n<meta property=\"og:image\" content=\"https:\/\/vorulagerinn.is\/wp-content\/uploads\/2025\/11\/NCT6.jpg\" \/>\n\t<meta property=\"og:image:width\" content=\"600\" \/>\n\t<meta property=\"og:image:height\" content=\"600\" \/>\n\t<meta property=\"og:image:type\" content=\"image\/jpeg\" \/>\n<meta name=\"twitter:card\" content=\"summary_large_image\" \/>\n<meta name=\"twitter:label1\" content=\"Price\" \/>\n\t<meta name=\"twitter:data1\" content=\"315&nbsp;kr.\" \/>\n\t<meta name=\"twitter:label2\" content=\"Availability\" \/>\n\t<meta name=\"twitter:data2\" content=\"In stock\" \/>\n<script type=\"application\/ld+json\" class=\"yoast-schema-graph\">{\"@context\":\"https:\\\/\\\/schema.org\",\"@graph\":[{\"@type\":\"WebPage\",\"@id\":\"https:\\\/\\\/vorulagerinn.is\\\/product\\\/nct6\\\/\",\"url\":\"https:\\\/\\\/vorulagerinn.is\\\/product\\\/nct6\\\/\",\"name\":\"Skur\u00f0\u00feoli\u00f0 \u00f6ryggisteip til a\u00f0 verja fingur fr\u00e1 Beavercraft\",\"isPartOf\":{\"@id\":\"https:\\\/\\\/vorulagerinn.is\\\/#website\"},\"primaryImageOfPage\":{\"@id\":\"https:\\\/\\\/vorulagerinn.is\\\/product\\\/nct6\\\/#primaryimage\"},\"image\":{\"@id\":\"https:\\\/\\\/vorulagerinn.is\\\/product\\\/nct6\\\/#primaryimage\"},\"thumbnailUrl\":\"https:\\\/\\\/vorulagerinn.is\\\/wp-content\\\/uploads\\\/2025\\\/11\\\/NCT6.jpg\",\"datePublished\":\"2025-10-26T18:30:06+00:00\",\"dateModified\":\"2026-03-20T14:09:48+00:00\",\"description\":\"Vernda\u00f0u fingur \u00e1n \u00feess a\u00f0 missa tilfinningu e\u00f0a stj\u00f3rn \u00e1 verkf\u00e6runum. Skur\u00f0\u00feoli\u00f0 \u00f6ryggisteip sem er s\u00e9rstaklega hanna\u00f0 fyrir f\u00f3lk \u00ed tr\u00e9\u00fatskur\u00f0i og t\u00e1lgun.\",\"breadcrumb\":{\"@id\":\"https:\\\/\\\/vorulagerinn.is\\\/product\\\/nct6\\\/#breadcrumb\"},\"inLanguage\":\"en-US\",\"potentialAction\":[{\"@type\":\"ReadAction\",\"target\":[\"https:\\\/\\\/vorulagerinn.is\\\/product\\\/nct6\\\/\"]}]},{\"@type\":\"ImageObject\",\"inLanguage\":\"en-US\",\"@id\":\"https:\\\/\\\/vorulagerinn.is\\\/product\\\/nct6\\\/#primaryimage\",\"url\":\"https:\\\/\\\/vorulagerinn.is\\\/wp-content\\\/uploads\\\/2025\\\/11\\\/NCT6.jpg\",\"contentUrl\":\"https:\\\/\\\/vorulagerinn.is\\\/wp-content\\\/uploads\\\/2025\\\/11\\\/NCT6.jpg\",\"width\":600,\"height\":600},{\"@type\":\"BreadcrumbList\",\"@id\":\"https:\\\/\\\/vorulagerinn.is\\\/product\\\/nct6\\\/#breadcrumb\",\"itemListElement\":[{\"@type\":\"ListItem\",\"position\":1,\"name\":\"Home\",\"item\":\"https:\\\/\\\/vorulagerinn.is\\\/\"},{\"@type\":\"ListItem\",\"position\":2,\"name\":\"Shop\",\"item\":\"https:\\\/\\\/vorulagerinn.is\\\/en\\\/shop\\\/\"},{\"@type\":\"ListItem\",\"position\":3,\"name\":\"\u00d6ryggisteip til a\u00f0 verja fingur fr\u00e1 Beavercraft fyrir \u00fatskur\u00f0 og t\u00e1lgun\"}]},{\"@type\":\"WebSite\",\"@id\":\"https:\\\/\\\/vorulagerinn.is\\\/#website\",\"url\":\"https:\\\/\\\/vorulagerinn.is\\\/\",\"name\":\"V\u00f6rulagerinn\",\"description\":\"L\u00e1ttu \u00fea\u00f0 eftir \u00fe\u00e9r\",\"publisher\":{\"@id\":\"https:\\\/\\\/vorulagerinn.is\\\/#organization\"},\"potentialAction\":[{\"@type\":\"SearchAction\",\"target\":{\"@type\":\"EntryPoint\",\"urlTemplate\":\"https:\\\/\\\/vorulagerinn.is\\\/?s={search_term_string}\"},\"query-input\":{\"@type\":\"PropertyValueSpecification\",\"valueRequired\":true,\"valueName\":\"search_term_string\"}}],\"inLanguage\":\"en-US\"},{\"@type\":\"Organization\",\"@id\":\"https:\\\/\\\/vorulagerinn.is\\\/#organization\",\"name\":\"V\u00f6rulagerinn\",\"url\":\"https:\\\/\\\/vorulagerinn.is\\\/\",\"logo\":{\"@type\":\"ImageObject\",\"inLanguage\":\"en-US\",\"@id\":\"https:\\\/\\\/vorulagerinn.is\\\/#\\\/schema\\\/logo\\\/image\\\/\",\"url\":\"https:\\\/\\\/vorulagerinn.is\\\/wp-content\\\/uploads\\\/2022\\\/09\\\/Vorulagerinn-Logo-588x160-1.png\",\"contentUrl\":\"https:\\\/\\\/vorulagerinn.is\\\/wp-content\\\/uploads\\\/2022\\\/09\\\/Vorulagerinn-Logo-588x160-1.png\",\"width\":588,\"height\":160,\"caption\":\"V\u00f6rulagerinn\"},\"image\":{\"@id\":\"https:\\\/\\\/vorulagerinn.is\\\/#\\\/schema\\\/logo\\\/image\\\/\"},\"sameAs\":[\"https:\\\/\\\/www.facebook.com\\\/vorulagerinn\",\"https:\\\/\\\/www.instagram.com\\\/vorulagerinn\\\/\"]}]}<\/script>\n<meta property=\"product:price:amount\" content=\"315\" \/>\n<meta property=\"product:price:currency\" content=\"ISK\" \/>\n<meta property=\"og:availability\" content=\"instock\" \/>\n<meta property=\"product:availability\" content=\"instock\" \/>\n<meta property=\"product:retailer_item_id\" content=\"NCT6\" \/>\n<meta property=\"product:condition\" content=\"new\" \/>\n<!-- \/ Yoast SEO Premium plugin. -->","yoast_head_json":{"title":"Skur\u00f0\u00feoli\u00f0 \u00f6ryggisteip til a\u00f0 verja fingur fr\u00e1 Beavercraft","description":"Vernda\u00f0u fingur \u00e1n \u00feess a\u00f0 missa tilfinningu e\u00f0a stj\u00f3rn \u00e1 verkf\u00e6runum. Skur\u00f0\u00feoli\u00f0 \u00f6ryggisteip sem er s\u00e9rstaklega hanna\u00f0 fyrir f\u00f3lk \u00ed tr\u00e9\u00fatskur\u00f0i og t\u00e1lgun.","robots":{"index":"index","follow":"follow","max-snippet":"max-snippet:-1","max-image-preview":"max-image-preview:large","max-video-preview":"max-video-preview:-1"},"canonical":"https:\/\/vorulagerinn.is\/product\/nct6\/","og_locale":"en_US","og_type":"article","og_title":"\u00d6ryggisteip til a\u00f0 verja fingur fr\u00e1 Beavercraft fyrir \u00fatskur\u00f0 og t\u00e1lgun","og_description":"Vernda\u00f0u fingur \u00e1n \u00feess a\u00f0 missa tilfinningu e\u00f0a stj\u00f3rn \u00e1 verkf\u00e6runum. Skur\u00f0\u00feoli\u00f0 \u00f6ryggisteip sem er s\u00e9rstaklega hanna\u00f0 fyrir f\u00f3lk \u00ed tr\u00e9\u00fatskur\u00f0i og t\u00e1lgun.","og_url":"https:\/\/vorulagerinn.is\/product\/nct6\/","og_site_name":"V&ouml;rulagerinn","article_publisher":"https:\/\/www.facebook.com\/vorulagerinn","article_modified_time":"2026-03-20T14:09:48+00:00","og_image":[{"width":600,"height":600,"url":"https:\/\/vorulagerinn.is\/wp-content\/uploads\/2025\/11\/NCT6.jpg","type":"image\/jpeg"}],"twitter_card":"summary_large_image","twitter_misc":{"Price":"315&nbsp;kr.","Availability":"In stock"},"schema":{"@context":"https:\/\/schema.org","@graph":[{"@type":"WebPage","@id":"https:\/\/vorulagerinn.is\/product\/nct6\/","url":"https:\/\/vorulagerinn.is\/product\/nct6\/","name":"Skur\u00f0\u00feoli\u00f0 \u00f6ryggisteip til a\u00f0 verja fingur fr\u00e1 Beavercraft","isPartOf":{"@id":"https:\/\/vorulagerinn.is\/#website"},"primaryImageOfPage":{"@id":"https:\/\/vorulagerinn.is\/product\/nct6\/#primaryimage"},"image":{"@id":"https:\/\/vorulagerinn.is\/product\/nct6\/#primaryimage"},"thumbnailUrl":"https:\/\/vorulagerinn.is\/wp-content\/uploads\/2025\/11\/NCT6.jpg","datePublished":"2025-10-26T18:30:06+00:00","dateModified":"2026-03-20T14:09:48+00:00","description":"Vernda\u00f0u fingur \u00e1n \u00feess a\u00f0 missa tilfinningu e\u00f0a stj\u00f3rn \u00e1 verkf\u00e6runum. Skur\u00f0\u00feoli\u00f0 \u00f6ryggisteip sem er s\u00e9rstaklega hanna\u00f0 fyrir f\u00f3lk \u00ed tr\u00e9\u00fatskur\u00f0i og t\u00e1lgun.","breadcrumb":{"@id":"https:\/\/vorulagerinn.is\/product\/nct6\/#breadcrumb"},"inLanguage":"en-US","potentialAction":[{"@type":"ReadAction","target":["https:\/\/vorulagerinn.is\/product\/nct6\/"]}]},{"@type":"ImageObject","inLanguage":"en-US","@id":"https:\/\/vorulagerinn.is\/product\/nct6\/#primaryimage","url":"https:\/\/vorulagerinn.is\/wp-content\/uploads\/2025\/11\/NCT6.jpg","contentUrl":"https:\/\/vorulagerinn.is\/wp-content\/uploads\/2025\/11\/NCT6.jpg","width":600,"height":600},{"@type":"BreadcrumbList","@id":"https:\/\/vorulagerinn.is\/product\/nct6\/#breadcrumb","itemListElement":[{"@type":"ListItem","position":1,"name":"Home","item":"https:\/\/vorulagerinn.is\/"},{"@type":"ListItem","position":2,"name":"Shop","item":"https:\/\/vorulagerinn.is\/en\/shop\/"},{"@type":"ListItem","position":3,"name":"\u00d6ryggisteip til a\u00f0 verja fingur fr\u00e1 Beavercraft fyrir \u00fatskur\u00f0 og t\u00e1lgun"}]},{"@type":"WebSite","@id":"https:\/\/vorulagerinn.is\/#website","url":"https:\/\/vorulagerinn.is\/","name":"V\u00f6rulagerinn","description":"L\u00e1ttu \u00fea\u00f0 eftir \u00fe\u00e9r","publisher":{"@id":"https:\/\/vorulagerinn.is\/#organization"},"potentialAction":[{"@type":"SearchAction","target":{"@type":"EntryPoint","urlTemplate":"https:\/\/vorulagerinn.is\/?s={search_term_string}"},"query-input":{"@type":"PropertyValueSpecification","valueRequired":true,"valueName":"search_term_string"}}],"inLanguage":"en-US"},{"@type":"Organization","@id":"https:\/\/vorulagerinn.is\/#organization","name":"V\u00f6rulagerinn","url":"https:\/\/vorulagerinn.is\/","logo":{"@type":"ImageObject","inLanguage":"en-US","@id":"https:\/\/vorulagerinn.is\/#\/schema\/logo\/image\/","url":"https:\/\/vorulagerinn.is\/wp-content\/uploads\/2022\/09\/Vorulagerinn-Logo-588x160-1.png","contentUrl":"https:\/\/vorulagerinn.is\/wp-content\/uploads\/2022\/09\/Vorulagerinn-Logo-588x160-1.png","width":588,"height":160,"caption":"V\u00f6rulagerinn"},"image":{"@id":"https:\/\/vorulagerinn.is\/#\/schema\/logo\/image\/"},"sameAs":["https:\/\/www.facebook.com\/vorulagerinn","https:\/\/www.instagram.com\/vorulagerinn\/"]}]},"product_price_amount":"315","product_price_currency":"ISK","og_availability":"instock","product_availability":"instock","product_retailer_item_id":"NCT6","product_condition":"new"},"_links":{"self":[{"href":"https:\/\/vorulagerinn.is\/en\/wp-json\/wp\/v2\/product\/29966","targetHints":{"allow":["GET"]}}],"collection":[{"href":"https:\/\/vorulagerinn.is\/en\/wp-json\/wp\/v2\/product"}],"about":[{"href":"https:\/\/vorulagerinn.is\/en\/wp-json\/wp\/v2\/types\/product"}],"wp:featuredmedia":[{"embeddable":true,"href":"https:\/\/vorulagerinn.is\/en\/wp-json\/wp\/v2\/media\/29962"}],"wp:attachment":[{"href":"https:\/\/vorulagerinn.is\/en\/wp-json\/wp\/v2\/media?parent=29966"}],"wp:term":[{"taxonomy":"product_brand","embeddable":true,"href":"https:\/\/vorulagerinn.is\/en\/wp-json\/wp\/v2\/product_brand?post=29966"},{"taxonomy":"product_cat","embeddable":true,"href":"https:\/\/vorulagerinn.is\/en\/wp-json\/wp\/v2\/product_cat?post=29966"},{"taxonomy":"product_tag","embeddable":true,"href":"https:\/\/vorulagerinn.is\/en\/wp-json\/wp\/v2\/product_tag?post=29966"}],"curies":[{"name":"wp","href":"https:\/\/api.w.org\/{rel}","templated":true}]}}