{"id":29992,"date":"2025-11-30T12:18:06","date_gmt":"2025-11-30T12:18:06","guid":{"rendered":"https:\/\/vorulagerinn.is\/?post_type=product&#038;p=29992"},"modified":"2026-04-14T12:51:12","modified_gmt":"2026-04-14T12:51:12","slug":"crg","status":"publish","type":"product","link":"https:\/\/vorulagerinn.is\/en\/product\/crg\/","title":{"rendered":"\u00d6ryggishanskar fyrir \u00fatskur\u00f0, t\u00e1lgun og tr\u00e9sm\u00ed\u00f0i fr\u00e1 BeaverCraft"},"content":{"rendered":"<p><iframe loading=\"lazy\" title=\"CRG \u2013 Cut-Resistant Wood Carving Gloves\" width=\"1020\" height=\"574\" src=\"https:\/\/www.youtube.com\/embed\/9lvKQdEhjBE?feature=oembed\" frameborder=\"0\" allow=\"accelerometer; autoplay; clipboard-write; encrypted-media; gyroscope; picture-in-picture; web-share\" referrerpolicy=\"strict-origin-when-cross-origin\" allowfullscreen><\/iframe><\/p>\n<p>&nbsp;<\/p>\n","protected":false},"excerpt":{"rendered":"<p>Vernda\u00f0u hendurnar \u00e1n \u00feess a\u00f0 missa tilfinningu e\u00f0a n\u00e1kv\u00e6mni me\u00f0 \u00f6ryggish\u00f6nskum fr\u00e1 BeaverCraft. Hanskarnir anda vel, eru l\u00e9ttir og teygjanlegir og veita v\u00f6rn vi\u00f0 \u00fatskur\u00f0, t\u00e1lgun og tr\u00e9sm\u00ed\u00f0i. \u00de\u00e1 koma \u00feeir einnig a\u00f0 g\u00f3\u00f0um notum \u00ed eldh\u00fasinu (100% food-safe) og gar\u00f0yrkju.<\/p>\n<p>Myndband af v\u00f6runni ne\u00f0ar \u00e1 \u00feessari s\u00ed\u00f0u!<\/p>\n<p><strong>St\u00e6r\u00f0ir:<\/strong><br \/>\n&#8211; Small (S)<br \/>\n&#8211; Medium (M)<br \/>\n&#8211; Large (L)<br \/>\n<strong>Litur:<\/strong><br \/>\n&#8211; Gr\u00e1r<br \/>\n<strong>Efni:<\/strong><br \/>\n&#8211; P\u00f3l\u00fdester og spandex<\/p>\n<p>M\u00e1 setja \u00ed \u00fevottav\u00e9l<\/p>\n","protected":false},"featured_media":29985,"template":"","meta":[],"product_brand":[456],"product_cat":[450],"product_tag":[],"class_list":{"0":"post-29992","1":"product","2":"type-product","3":"status-publish","4":"has-post-thumbnail","6":"product_brand-beavercraft","7":"product_cat-beavercraft-diy-utskurdarsett","9":"first","10":"instock","11":"sale","12":"taxable","13":"shipping-taxable","14":"purchasable","15":"product-type-variable"},"supplier_id":null,"supplier_sku":"","barcode":null,"atum_controlled":true,"out_stock_date":null,"out_stock_threshold":null,"inheritable":false,"inbound_stock":0,"stock_on_hold":0,"sold_today":0,"sales_last_days":2,"reserved_stock":0,"customer_returns":0,"warehouse_damage":0,"lost_in_post":0,"other_logs":0,"out_stock_days":0,"lost_sales":0,"has_location":false,"update_date":"2026-04-19T00:23:38","atum_locations":[],"atum_stock_status":"instock","restock_status":false,"low_stock_amount":"","sales_update_date":"2026-04-19T00:23:37","calc_backorders":null,"yoast_head":"<!-- This site is optimized with the Yoast SEO Premium plugin v26.6 (Yoast SEO v27.3) - https:\/\/yoast.com\/product\/yoast-seo-premium-wordpress\/ -->\n<title>\u00d6ryggishanskar fyrir \u00fatskur\u00f0, t\u00e1lgun og tr\u00e9sm\u00ed\u00f0i fr\u00e1 BeaverCraft<\/title>\n<meta name=\"description\" content=\"Vernda\u00f0u hendurnar \u00e1n \u00feess a\u00f0 missa tilfinningu e\u00f0a n\u00e1kv\u00e6mni. Hanskarnir anda vel, eru l\u00e9ttir og teygjanlegir og veita v\u00f6rn vi\u00f0 \u00fatskur\u00f0, t\u00e1lgun og tr\u00e9sm\u00ed\u00f0i.\" \/>\n<meta name=\"robots\" content=\"index, follow, max-snippet:-1, max-image-preview:large, max-video-preview:-1\" \/>\n<link rel=\"canonical\" href=\"https:\/\/vorulagerinn.is\/product\/crg\/\" \/>\n<meta property=\"og:locale\" content=\"en_US\" \/>\n<meta property=\"og:type\" content=\"article\" \/>\n<meta property=\"og:title\" content=\"\u00d6ryggishanskar fyrir \u00fatskur\u00f0, t\u00e1lgun og tr\u00e9sm\u00ed\u00f0i fr\u00e1 BeaverCraft\" \/>\n<meta property=\"og:description\" content=\"Vernda\u00f0u hendurnar \u00e1n \u00feess a\u00f0 missa tilfinningu e\u00f0a n\u00e1kv\u00e6mni. Hanskarnir anda vel, eru l\u00e9ttir og teygjanlegir og veita v\u00f6rn vi\u00f0 \u00fatskur\u00f0, t\u00e1lgun og tr\u00e9sm\u00ed\u00f0i.\" \/>\n<meta property=\"og:url\" content=\"https:\/\/vorulagerinn.is\/product\/crg\/\" \/>\n<meta property=\"og:site_name\" content=\"V&ouml;rulagerinn\" \/>\n<meta property=\"article:publisher\" content=\"https:\/\/www.facebook.com\/vorulagerinn\" \/>\n<meta property=\"article:modified_time\" content=\"2026-04-14T12:51:12+00:00\" \/>\n<meta property=\"og:image\" content=\"https:\/\/vorulagerinn.is\/wp-content\/uploads\/2025\/11\/CRG_5.jpg\" \/>\n\t<meta property=\"og:image:width\" content=\"600\" \/>\n\t<meta property=\"og:image:height\" content=\"600\" \/>\n\t<meta property=\"og:image:type\" content=\"image\/jpeg\" \/>\n<meta name=\"twitter:card\" content=\"summary_large_image\" \/>\n<meta name=\"twitter:label1\" content=\"Availability\" \/>\n\t<meta name=\"twitter:data1\" content=\"In stock\" \/>\n<script type=\"application\/ld+json\" class=\"yoast-schema-graph\">{\"@context\":\"https:\\\/\\\/schema.org\",\"@graph\":[{\"@type\":\"WebPage\",\"@id\":\"https:\\\/\\\/vorulagerinn.is\\\/product\\\/crg\\\/\",\"url\":\"https:\\\/\\\/vorulagerinn.is\\\/product\\\/crg\\\/\",\"name\":\"\u00d6ryggishanskar fyrir \u00fatskur\u00f0, t\u00e1lgun og tr\u00e9sm\u00ed\u00f0i fr\u00e1 BeaverCraft\",\"isPartOf\":{\"@id\":\"https:\\\/\\\/vorulagerinn.is\\\/#website\"},\"primaryImageOfPage\":{\"@id\":\"https:\\\/\\\/vorulagerinn.is\\\/product\\\/crg\\\/#primaryimage\"},\"image\":{\"@id\":\"https:\\\/\\\/vorulagerinn.is\\\/product\\\/crg\\\/#primaryimage\"},\"thumbnailUrl\":\"https:\\\/\\\/vorulagerinn.is\\\/wp-content\\\/uploads\\\/2025\\\/11\\\/CRG_5.jpg\",\"datePublished\":\"2025-11-30T12:18:06+00:00\",\"dateModified\":\"2026-04-14T12:51:12+00:00\",\"description\":\"Vernda\u00f0u hendurnar \u00e1n \u00feess a\u00f0 missa tilfinningu e\u00f0a n\u00e1kv\u00e6mni. Hanskarnir anda vel, eru l\u00e9ttir og teygjanlegir og veita v\u00f6rn vi\u00f0 \u00fatskur\u00f0, t\u00e1lgun og tr\u00e9sm\u00ed\u00f0i.\",\"breadcrumb\":{\"@id\":\"https:\\\/\\\/vorulagerinn.is\\\/product\\\/crg\\\/#breadcrumb\"},\"inLanguage\":\"en-US\",\"potentialAction\":[{\"@type\":\"ReadAction\",\"target\":[\"https:\\\/\\\/vorulagerinn.is\\\/product\\\/crg\\\/\"]}]},{\"@type\":\"ImageObject\",\"inLanguage\":\"en-US\",\"@id\":\"https:\\\/\\\/vorulagerinn.is\\\/product\\\/crg\\\/#primaryimage\",\"url\":\"https:\\\/\\\/vorulagerinn.is\\\/wp-content\\\/uploads\\\/2025\\\/11\\\/CRG_5.jpg\",\"contentUrl\":\"https:\\\/\\\/vorulagerinn.is\\\/wp-content\\\/uploads\\\/2025\\\/11\\\/CRG_5.jpg\",\"width\":600,\"height\":600},{\"@type\":\"BreadcrumbList\",\"@id\":\"https:\\\/\\\/vorulagerinn.is\\\/product\\\/crg\\\/#breadcrumb\",\"itemListElement\":[{\"@type\":\"ListItem\",\"position\":1,\"name\":\"Home\",\"item\":\"https:\\\/\\\/vorulagerinn.is\\\/\"},{\"@type\":\"ListItem\",\"position\":2,\"name\":\"Shop\",\"item\":\"https:\\\/\\\/vorulagerinn.is\\\/en\\\/shop\\\/\"},{\"@type\":\"ListItem\",\"position\":3,\"name\":\"\u00d6ryggishanskar fyrir \u00fatskur\u00f0, t\u00e1lgun og tr\u00e9sm\u00ed\u00f0i fr\u00e1 BeaverCraft\"}]},{\"@type\":\"WebSite\",\"@id\":\"https:\\\/\\\/vorulagerinn.is\\\/#website\",\"url\":\"https:\\\/\\\/vorulagerinn.is\\\/\",\"name\":\"V\u00f6rulagerinn\",\"description\":\"L\u00e1ttu \u00fea\u00f0 eftir \u00fe\u00e9r\",\"publisher\":{\"@id\":\"https:\\\/\\\/vorulagerinn.is\\\/#organization\"},\"potentialAction\":[{\"@type\":\"SearchAction\",\"target\":{\"@type\":\"EntryPoint\",\"urlTemplate\":\"https:\\\/\\\/vorulagerinn.is\\\/?s={search_term_string}\"},\"query-input\":{\"@type\":\"PropertyValueSpecification\",\"valueRequired\":true,\"valueName\":\"search_term_string\"}}],\"inLanguage\":\"en-US\"},{\"@type\":\"Organization\",\"@id\":\"https:\\\/\\\/vorulagerinn.is\\\/#organization\",\"name\":\"V\u00f6rulagerinn\",\"url\":\"https:\\\/\\\/vorulagerinn.is\\\/\",\"logo\":{\"@type\":\"ImageObject\",\"inLanguage\":\"en-US\",\"@id\":\"https:\\\/\\\/vorulagerinn.is\\\/#\\\/schema\\\/logo\\\/image\\\/\",\"url\":\"https:\\\/\\\/vorulagerinn.is\\\/wp-content\\\/uploads\\\/2022\\\/09\\\/Vorulagerinn-Logo-588x160-1.png\",\"contentUrl\":\"https:\\\/\\\/vorulagerinn.is\\\/wp-content\\\/uploads\\\/2022\\\/09\\\/Vorulagerinn-Logo-588x160-1.png\",\"width\":588,\"height\":160,\"caption\":\"V\u00f6rulagerinn\"},\"image\":{\"@id\":\"https:\\\/\\\/vorulagerinn.is\\\/#\\\/schema\\\/logo\\\/image\\\/\"},\"sameAs\":[\"https:\\\/\\\/www.facebook.com\\\/vorulagerinn\",\"https:\\\/\\\/www.instagram.com\\\/vorulagerinn\\\/\"]}]}<\/script>\n<meta property=\"og:availability\" content=\"instock\" \/>\n<meta property=\"product:availability\" content=\"instock\" \/>\n<meta property=\"product:retailer_item_id\" content=\"CRG\" \/>\n<meta property=\"product:condition\" content=\"new\" \/>\n<!-- \/ Yoast SEO Premium plugin. -->","yoast_head_json":{"title":"\u00d6ryggishanskar fyrir \u00fatskur\u00f0, t\u00e1lgun og tr\u00e9sm\u00ed\u00f0i fr\u00e1 BeaverCraft","description":"Vernda\u00f0u hendurnar \u00e1n \u00feess a\u00f0 missa tilfinningu e\u00f0a n\u00e1kv\u00e6mni. Hanskarnir anda vel, eru l\u00e9ttir og teygjanlegir og veita v\u00f6rn vi\u00f0 \u00fatskur\u00f0, t\u00e1lgun og tr\u00e9sm\u00ed\u00f0i.","robots":{"index":"index","follow":"follow","max-snippet":"max-snippet:-1","max-image-preview":"max-image-preview:large","max-video-preview":"max-video-preview:-1"},"canonical":"https:\/\/vorulagerinn.is\/product\/crg\/","og_locale":"en_US","og_type":"article","og_title":"\u00d6ryggishanskar fyrir \u00fatskur\u00f0, t\u00e1lgun og tr\u00e9sm\u00ed\u00f0i fr\u00e1 BeaverCraft","og_description":"Vernda\u00f0u hendurnar \u00e1n \u00feess a\u00f0 missa tilfinningu e\u00f0a n\u00e1kv\u00e6mni. Hanskarnir anda vel, eru l\u00e9ttir og teygjanlegir og veita v\u00f6rn vi\u00f0 \u00fatskur\u00f0, t\u00e1lgun og tr\u00e9sm\u00ed\u00f0i.","og_url":"https:\/\/vorulagerinn.is\/product\/crg\/","og_site_name":"V&ouml;rulagerinn","article_publisher":"https:\/\/www.facebook.com\/vorulagerinn","article_modified_time":"2026-04-14T12:51:12+00:00","og_image":[{"width":600,"height":600,"url":"https:\/\/vorulagerinn.is\/wp-content\/uploads\/2025\/11\/CRG_5.jpg","type":"image\/jpeg"}],"twitter_card":"summary_large_image","twitter_misc":{"Availability":"In stock"},"schema":{"@context":"https:\/\/schema.org","@graph":[{"@type":"WebPage","@id":"https:\/\/vorulagerinn.is\/product\/crg\/","url":"https:\/\/vorulagerinn.is\/product\/crg\/","name":"\u00d6ryggishanskar fyrir \u00fatskur\u00f0, t\u00e1lgun og tr\u00e9sm\u00ed\u00f0i fr\u00e1 BeaverCraft","isPartOf":{"@id":"https:\/\/vorulagerinn.is\/#website"},"primaryImageOfPage":{"@id":"https:\/\/vorulagerinn.is\/product\/crg\/#primaryimage"},"image":{"@id":"https:\/\/vorulagerinn.is\/product\/crg\/#primaryimage"},"thumbnailUrl":"https:\/\/vorulagerinn.is\/wp-content\/uploads\/2025\/11\/CRG_5.jpg","datePublished":"2025-11-30T12:18:06+00:00","dateModified":"2026-04-14T12:51:12+00:00","description":"Vernda\u00f0u hendurnar \u00e1n \u00feess a\u00f0 missa tilfinningu e\u00f0a n\u00e1kv\u00e6mni. Hanskarnir anda vel, eru l\u00e9ttir og teygjanlegir og veita v\u00f6rn vi\u00f0 \u00fatskur\u00f0, t\u00e1lgun og tr\u00e9sm\u00ed\u00f0i.","breadcrumb":{"@id":"https:\/\/vorulagerinn.is\/product\/crg\/#breadcrumb"},"inLanguage":"en-US","potentialAction":[{"@type":"ReadAction","target":["https:\/\/vorulagerinn.is\/product\/crg\/"]}]},{"@type":"ImageObject","inLanguage":"en-US","@id":"https:\/\/vorulagerinn.is\/product\/crg\/#primaryimage","url":"https:\/\/vorulagerinn.is\/wp-content\/uploads\/2025\/11\/CRG_5.jpg","contentUrl":"https:\/\/vorulagerinn.is\/wp-content\/uploads\/2025\/11\/CRG_5.jpg","width":600,"height":600},{"@type":"BreadcrumbList","@id":"https:\/\/vorulagerinn.is\/product\/crg\/#breadcrumb","itemListElement":[{"@type":"ListItem","position":1,"name":"Home","item":"https:\/\/vorulagerinn.is\/"},{"@type":"ListItem","position":2,"name":"Shop","item":"https:\/\/vorulagerinn.is\/en\/shop\/"},{"@type":"ListItem","position":3,"name":"\u00d6ryggishanskar fyrir \u00fatskur\u00f0, t\u00e1lgun og tr\u00e9sm\u00ed\u00f0i fr\u00e1 BeaverCraft"}]},{"@type":"WebSite","@id":"https:\/\/vorulagerinn.is\/#website","url":"https:\/\/vorulagerinn.is\/","name":"V\u00f6rulagerinn","description":"L\u00e1ttu \u00fea\u00f0 eftir \u00fe\u00e9r","publisher":{"@id":"https:\/\/vorulagerinn.is\/#organization"},"potentialAction":[{"@type":"SearchAction","target":{"@type":"EntryPoint","urlTemplate":"https:\/\/vorulagerinn.is\/?s={search_term_string}"},"query-input":{"@type":"PropertyValueSpecification","valueRequired":true,"valueName":"search_term_string"}}],"inLanguage":"en-US"},{"@type":"Organization","@id":"https:\/\/vorulagerinn.is\/#organization","name":"V\u00f6rulagerinn","url":"https:\/\/vorulagerinn.is\/","logo":{"@type":"ImageObject","inLanguage":"en-US","@id":"https:\/\/vorulagerinn.is\/#\/schema\/logo\/image\/","url":"https:\/\/vorulagerinn.is\/wp-content\/uploads\/2022\/09\/Vorulagerinn-Logo-588x160-1.png","contentUrl":"https:\/\/vorulagerinn.is\/wp-content\/uploads\/2022\/09\/Vorulagerinn-Logo-588x160-1.png","width":588,"height":160,"caption":"V\u00f6rulagerinn"},"image":{"@id":"https:\/\/vorulagerinn.is\/#\/schema\/logo\/image\/"},"sameAs":["https:\/\/www.facebook.com\/vorulagerinn","https:\/\/www.instagram.com\/vorulagerinn\/"]}]},"og_availability":"instock","product_availability":"instock","product_retailer_item_id":"CRG","product_condition":"new"},"_links":{"self":[{"href":"https:\/\/vorulagerinn.is\/en\/wp-json\/wp\/v2\/product\/29992","targetHints":{"allow":["GET"]}}],"collection":[{"href":"https:\/\/vorulagerinn.is\/en\/wp-json\/wp\/v2\/product"}],"about":[{"href":"https:\/\/vorulagerinn.is\/en\/wp-json\/wp\/v2\/types\/product"}],"wp:featuredmedia":[{"embeddable":true,"href":"https:\/\/vorulagerinn.is\/en\/wp-json\/wp\/v2\/media\/29985"}],"wp:attachment":[{"href":"https:\/\/vorulagerinn.is\/en\/wp-json\/wp\/v2\/media?parent=29992"}],"wp:term":[{"taxonomy":"product_brand","embeddable":true,"href":"https:\/\/vorulagerinn.is\/en\/wp-json\/wp\/v2\/product_brand?post=29992"},{"taxonomy":"product_cat","embeddable":true,"href":"https:\/\/vorulagerinn.is\/en\/wp-json\/wp\/v2\/product_cat?post=29992"},{"taxonomy":"product_tag","embeddable":true,"href":"https:\/\/vorulagerinn.is\/en\/wp-json\/wp\/v2\/product_tag?post=29992"}],"curies":[{"name":"wp","href":"https:\/\/api.w.org\/{rel}","templated":true}]}}