{"id":3000,"date":"2022-09-10T15:47:50","date_gmt":"2022-09-10T15:47:50","guid":{"rendered":"https:\/\/vorulagerinn.is\/?post_type=product&#038;p=3000"},"modified":"2026-02-18T08:26:24","modified_gmt":"2026-02-18T08:26:24","slug":"snuruskipuleggjari-snurufestingar","status":"publish","type":"product","link":"https:\/\/vorulagerinn.is\/en\/product\/snuruskipuleggjari-snurufestingar\/","title":{"rendered":"Sn\u00faruskipuleggjari \/ Sn\u00farufesting fyrir raft\u00e6kin"},"content":{"rendered":"","protected":false},"excerpt":{"rendered":"<p>Sn\u00faruskipuleggjarinn hj\u00e1lpar \u00fe\u00e9r a\u00f0 koma sn\u00farunum \u00e1 raft\u00e6kjunum fyrir \u00e1 einn sta\u00f0 \u00ed sta\u00f0inn fyrir a\u00f0 \u00fe\u00e6r s\u00e9u \u00fat um allt. Fr\u00e1b\u00e6r lausn til a\u00f0 gera snyrtilegt \u00ed kringum raft\u00e6kin. Til a\u00f0 f\u00e1 betri festingu er m\u00e6lt me\u00f0 \u00fev\u00ed a\u00f0 hita l\u00edmi\u00f0 aftan \u00e1 sn\u00faruskipuleggjaranum me\u00f0 h\u00e1\u00feurrku \u00e1\u00f0ur en hann er festur.<\/p>\n<p>&#8211; 1 stk \u00ed pakka<br \/>\n&#8211; Litur: Hv\u00edtur og svartur<br \/>\n&#8211; L\u00edmist me\u00f0 double tape<br \/>\n&#8211; H\u00e6gt a\u00f0 l\u00edma \u00e1 flesta fleti<br \/>\n&#8211; Efni: Silicone<br \/>\n&#8211; St\u00e6r\u00f0: 10 x 3 x 1,5 cm<\/p>\n","protected":false},"featured_media":3022,"template":"","meta":[],"product_brand":[],"product_cat":[167,463],"product_tag":[],"class_list":{"0":"post-3000","1":"product","2":"type-product","3":"status-publish","4":"has-post-thumbnail","6":"product_cat-heimilid","7":"product_cat-outlet","9":"first","10":"instock","11":"sale","12":"taxable","13":"shipping-taxable","14":"purchasable","15":"product-type-variable"},"supplier_id":null,"supplier_sku":"","barcode":null,"atum_controlled":true,"out_stock_date":null,"out_stock_threshold":null,"inheritable":true,"inbound_stock":null,"stock_on_hold":0,"sold_today":0,"sales_last_days":0,"reserved_stock":null,"customer_returns":null,"warehouse_damage":null,"lost_in_post":null,"other_logs":null,"out_stock_days":0,"lost_sales":0,"has_location":false,"update_date":"2026-04-12T00:15:28","atum_locations":[],"atum_stock_status":"instock","restock_status":false,"low_stock_amount":"","sales_update_date":"2026-04-12T00:15:28","calc_backorders":null,"yoast_head":"<!-- This site is optimized with the Yoast SEO Premium plugin v26.6 (Yoast SEO v27.3) - https:\/\/yoast.com\/product\/yoast-seo-premium-wordpress\/ -->\n<title>Sn\u00faruskipuleggjari \/ Sn\u00farufesting fyrir raft\u00e6kin<\/title>\n<meta name=\"description\" content=\"Sn\u00faruskipuleggjarinn hj\u00e1lpar \u00fe\u00e9r a\u00f0 koma sn\u00farunum \u00e1 raft\u00e6kjunum fyrir \u00e1 einn sta\u00f0 og gera snyrtilegt \u00ed kringum raft\u00e6kin.\" \/>\n<meta name=\"robots\" content=\"index, follow, max-snippet:-1, max-image-preview:large, max-video-preview:-1\" \/>\n<link rel=\"canonical\" href=\"https:\/\/vorulagerinn.is\/product\/snuruskipuleggjari-snurufestingar\/\" \/>\n<meta property=\"og:locale\" content=\"en_US\" \/>\n<meta property=\"og:type\" content=\"article\" \/>\n<meta property=\"og:title\" content=\"Sn\u00faruskipuleggjari \/ Sn\u00farufesting fyrir raft\u00e6kin\" \/>\n<meta property=\"og:description\" content=\"Sn\u00faruskipuleggjarinn hj\u00e1lpar \u00fe\u00e9r a\u00f0 koma sn\u00farunum \u00e1 raft\u00e6kjunum fyrir \u00e1 einn sta\u00f0 og gera snyrtilegt \u00ed kringum raft\u00e6kin.\" \/>\n<meta property=\"og:url\" content=\"https:\/\/vorulagerinn.is\/product\/snuruskipuleggjari-snurufestingar\/\" \/>\n<meta property=\"og:site_name\" content=\"V&ouml;rulagerinn\" \/>\n<meta property=\"article:publisher\" content=\"https:\/\/www.facebook.com\/vorulagerinn\" \/>\n<meta property=\"article:modified_time\" content=\"2026-02-18T08:26:24+00:00\" \/>\n<meta property=\"og:image\" content=\"https:\/\/vorulagerinn.is\/wp-content\/uploads\/2022\/09\/Snuruskippuleggjari_6.jpg\" \/>\n\t<meta property=\"og:image:width\" content=\"600\" \/>\n\t<meta property=\"og:image:height\" content=\"600\" \/>\n\t<meta property=\"og:image:type\" content=\"image\/jpeg\" \/>\n<meta name=\"twitter:card\" content=\"summary_large_image\" \/>\n<meta name=\"twitter:label1\" content=\"Availability\" \/>\n\t<meta name=\"twitter:data1\" content=\"In stock\" \/>\n<script type=\"application\/ld+json\" class=\"yoast-schema-graph\">{\"@context\":\"https:\\\/\\\/schema.org\",\"@graph\":[{\"@type\":\"WebPage\",\"@id\":\"https:\\\/\\\/vorulagerinn.is\\\/product\\\/snuruskipuleggjari-snurufestingar\\\/\",\"url\":\"https:\\\/\\\/vorulagerinn.is\\\/product\\\/snuruskipuleggjari-snurufestingar\\\/\",\"name\":\"Sn\u00faruskipuleggjari \\\/ Sn\u00farufesting fyrir raft\u00e6kin\",\"isPartOf\":{\"@id\":\"https:\\\/\\\/vorulagerinn.is\\\/#website\"},\"primaryImageOfPage\":{\"@id\":\"https:\\\/\\\/vorulagerinn.is\\\/product\\\/snuruskipuleggjari-snurufestingar\\\/#primaryimage\"},\"image\":{\"@id\":\"https:\\\/\\\/vorulagerinn.is\\\/product\\\/snuruskipuleggjari-snurufestingar\\\/#primaryimage\"},\"thumbnailUrl\":\"https:\\\/\\\/vorulagerinn.is\\\/wp-content\\\/uploads\\\/2022\\\/09\\\/Snuruskippuleggjari_6.jpg\",\"datePublished\":\"2022-09-10T15:47:50+00:00\",\"dateModified\":\"2026-02-18T08:26:24+00:00\",\"description\":\"Sn\u00faruskipuleggjarinn hj\u00e1lpar \u00fe\u00e9r a\u00f0 koma sn\u00farunum \u00e1 raft\u00e6kjunum fyrir \u00e1 einn sta\u00f0 og gera snyrtilegt \u00ed kringum raft\u00e6kin.\",\"breadcrumb\":{\"@id\":\"https:\\\/\\\/vorulagerinn.is\\\/product\\\/snuruskipuleggjari-snurufestingar\\\/#breadcrumb\"},\"inLanguage\":\"en-US\",\"potentialAction\":[{\"@type\":\"ReadAction\",\"target\":[\"https:\\\/\\\/vorulagerinn.is\\\/product\\\/snuruskipuleggjari-snurufestingar\\\/\"]}]},{\"@type\":\"ImageObject\",\"inLanguage\":\"en-US\",\"@id\":\"https:\\\/\\\/vorulagerinn.is\\\/product\\\/snuruskipuleggjari-snurufestingar\\\/#primaryimage\",\"url\":\"https:\\\/\\\/vorulagerinn.is\\\/wp-content\\\/uploads\\\/2022\\\/09\\\/Snuruskippuleggjari_6.jpg\",\"contentUrl\":\"https:\\\/\\\/vorulagerinn.is\\\/wp-content\\\/uploads\\\/2022\\\/09\\\/Snuruskippuleggjari_6.jpg\",\"width\":600,\"height\":600},{\"@type\":\"BreadcrumbList\",\"@id\":\"https:\\\/\\\/vorulagerinn.is\\\/product\\\/snuruskipuleggjari-snurufestingar\\\/#breadcrumb\",\"itemListElement\":[{\"@type\":\"ListItem\",\"position\":1,\"name\":\"Home\",\"item\":\"https:\\\/\\\/vorulagerinn.is\\\/\"},{\"@type\":\"ListItem\",\"position\":2,\"name\":\"Shop\",\"item\":\"https:\\\/\\\/vorulagerinn.is\\\/en\\\/shop\\\/\"},{\"@type\":\"ListItem\",\"position\":3,\"name\":\"Sn\u00faruskipuleggjari \\\/ Sn\u00farufesting fyrir raft\u00e6kin\"}]},{\"@type\":\"WebSite\",\"@id\":\"https:\\\/\\\/vorulagerinn.is\\\/#website\",\"url\":\"https:\\\/\\\/vorulagerinn.is\\\/\",\"name\":\"V\u00f6rulagerinn\",\"description\":\"L\u00e1ttu \u00fea\u00f0 eftir \u00fe\u00e9r\",\"publisher\":{\"@id\":\"https:\\\/\\\/vorulagerinn.is\\\/#organization\"},\"potentialAction\":[{\"@type\":\"SearchAction\",\"target\":{\"@type\":\"EntryPoint\",\"urlTemplate\":\"https:\\\/\\\/vorulagerinn.is\\\/?s={search_term_string}\"},\"query-input\":{\"@type\":\"PropertyValueSpecification\",\"valueRequired\":true,\"valueName\":\"search_term_string\"}}],\"inLanguage\":\"en-US\"},{\"@type\":\"Organization\",\"@id\":\"https:\\\/\\\/vorulagerinn.is\\\/#organization\",\"name\":\"V\u00f6rulagerinn\",\"url\":\"https:\\\/\\\/vorulagerinn.is\\\/\",\"logo\":{\"@type\":\"ImageObject\",\"inLanguage\":\"en-US\",\"@id\":\"https:\\\/\\\/vorulagerinn.is\\\/#\\\/schema\\\/logo\\\/image\\\/\",\"url\":\"https:\\\/\\\/vorulagerinn.is\\\/wp-content\\\/uploads\\\/2022\\\/09\\\/Vorulagerinn-Logo-588x160-1.png\",\"contentUrl\":\"https:\\\/\\\/vorulagerinn.is\\\/wp-content\\\/uploads\\\/2022\\\/09\\\/Vorulagerinn-Logo-588x160-1.png\",\"width\":588,\"height\":160,\"caption\":\"V\u00f6rulagerinn\"},\"image\":{\"@id\":\"https:\\\/\\\/vorulagerinn.is\\\/#\\\/schema\\\/logo\\\/image\\\/\"},\"sameAs\":[\"https:\\\/\\\/www.facebook.com\\\/vorulagerinn\",\"https:\\\/\\\/www.instagram.com\\\/vorulagerinn\\\/\"]}]}<\/script>\n<meta property=\"og:availability\" content=\"instock\" \/>\n<meta property=\"product:availability\" content=\"instock\" \/>\n<meta property=\"product:retailer_item_id\" content=\"V08\" \/>\n<meta property=\"product:condition\" content=\"new\" \/>\n<!-- \/ Yoast SEO Premium plugin. -->","yoast_head_json":{"title":"Sn\u00faruskipuleggjari \/ Sn\u00farufesting fyrir raft\u00e6kin","description":"Sn\u00faruskipuleggjarinn hj\u00e1lpar \u00fe\u00e9r a\u00f0 koma sn\u00farunum \u00e1 raft\u00e6kjunum fyrir \u00e1 einn sta\u00f0 og gera snyrtilegt \u00ed kringum raft\u00e6kin.","robots":{"index":"index","follow":"follow","max-snippet":"max-snippet:-1","max-image-preview":"max-image-preview:large","max-video-preview":"max-video-preview:-1"},"canonical":"https:\/\/vorulagerinn.is\/product\/snuruskipuleggjari-snurufestingar\/","og_locale":"en_US","og_type":"article","og_title":"Sn\u00faruskipuleggjari \/ Sn\u00farufesting fyrir raft\u00e6kin","og_description":"Sn\u00faruskipuleggjarinn hj\u00e1lpar \u00fe\u00e9r a\u00f0 koma sn\u00farunum \u00e1 raft\u00e6kjunum fyrir \u00e1 einn sta\u00f0 og gera snyrtilegt \u00ed kringum raft\u00e6kin.","og_url":"https:\/\/vorulagerinn.is\/product\/snuruskipuleggjari-snurufestingar\/","og_site_name":"V&ouml;rulagerinn","article_publisher":"https:\/\/www.facebook.com\/vorulagerinn","article_modified_time":"2026-02-18T08:26:24+00:00","og_image":[{"width":600,"height":600,"url":"https:\/\/vorulagerinn.is\/wp-content\/uploads\/2022\/09\/Snuruskippuleggjari_6.jpg","type":"image\/jpeg"}],"twitter_card":"summary_large_image","twitter_misc":{"Availability":"In stock"},"schema":{"@context":"https:\/\/schema.org","@graph":[{"@type":"WebPage","@id":"https:\/\/vorulagerinn.is\/product\/snuruskipuleggjari-snurufestingar\/","url":"https:\/\/vorulagerinn.is\/product\/snuruskipuleggjari-snurufestingar\/","name":"Sn\u00faruskipuleggjari \/ Sn\u00farufesting fyrir raft\u00e6kin","isPartOf":{"@id":"https:\/\/vorulagerinn.is\/#website"},"primaryImageOfPage":{"@id":"https:\/\/vorulagerinn.is\/product\/snuruskipuleggjari-snurufestingar\/#primaryimage"},"image":{"@id":"https:\/\/vorulagerinn.is\/product\/snuruskipuleggjari-snurufestingar\/#primaryimage"},"thumbnailUrl":"https:\/\/vorulagerinn.is\/wp-content\/uploads\/2022\/09\/Snuruskippuleggjari_6.jpg","datePublished":"2022-09-10T15:47:50+00:00","dateModified":"2026-02-18T08:26:24+00:00","description":"Sn\u00faruskipuleggjarinn hj\u00e1lpar \u00fe\u00e9r a\u00f0 koma sn\u00farunum \u00e1 raft\u00e6kjunum fyrir \u00e1 einn sta\u00f0 og gera snyrtilegt \u00ed kringum raft\u00e6kin.","breadcrumb":{"@id":"https:\/\/vorulagerinn.is\/product\/snuruskipuleggjari-snurufestingar\/#breadcrumb"},"inLanguage":"en-US","potentialAction":[{"@type":"ReadAction","target":["https:\/\/vorulagerinn.is\/product\/snuruskipuleggjari-snurufestingar\/"]}]},{"@type":"ImageObject","inLanguage":"en-US","@id":"https:\/\/vorulagerinn.is\/product\/snuruskipuleggjari-snurufestingar\/#primaryimage","url":"https:\/\/vorulagerinn.is\/wp-content\/uploads\/2022\/09\/Snuruskippuleggjari_6.jpg","contentUrl":"https:\/\/vorulagerinn.is\/wp-content\/uploads\/2022\/09\/Snuruskippuleggjari_6.jpg","width":600,"height":600},{"@type":"BreadcrumbList","@id":"https:\/\/vorulagerinn.is\/product\/snuruskipuleggjari-snurufestingar\/#breadcrumb","itemListElement":[{"@type":"ListItem","position":1,"name":"Home","item":"https:\/\/vorulagerinn.is\/"},{"@type":"ListItem","position":2,"name":"Shop","item":"https:\/\/vorulagerinn.is\/en\/shop\/"},{"@type":"ListItem","position":3,"name":"Sn\u00faruskipuleggjari \/ Sn\u00farufesting fyrir raft\u00e6kin"}]},{"@type":"WebSite","@id":"https:\/\/vorulagerinn.is\/#website","url":"https:\/\/vorulagerinn.is\/","name":"V\u00f6rulagerinn","description":"L\u00e1ttu \u00fea\u00f0 eftir \u00fe\u00e9r","publisher":{"@id":"https:\/\/vorulagerinn.is\/#organization"},"potentialAction":[{"@type":"SearchAction","target":{"@type":"EntryPoint","urlTemplate":"https:\/\/vorulagerinn.is\/?s={search_term_string}"},"query-input":{"@type":"PropertyValueSpecification","valueRequired":true,"valueName":"search_term_string"}}],"inLanguage":"en-US"},{"@type":"Organization","@id":"https:\/\/vorulagerinn.is\/#organization","name":"V\u00f6rulagerinn","url":"https:\/\/vorulagerinn.is\/","logo":{"@type":"ImageObject","inLanguage":"en-US","@id":"https:\/\/vorulagerinn.is\/#\/schema\/logo\/image\/","url":"https:\/\/vorulagerinn.is\/wp-content\/uploads\/2022\/09\/Vorulagerinn-Logo-588x160-1.png","contentUrl":"https:\/\/vorulagerinn.is\/wp-content\/uploads\/2022\/09\/Vorulagerinn-Logo-588x160-1.png","width":588,"height":160,"caption":"V\u00f6rulagerinn"},"image":{"@id":"https:\/\/vorulagerinn.is\/#\/schema\/logo\/image\/"},"sameAs":["https:\/\/www.facebook.com\/vorulagerinn","https:\/\/www.instagram.com\/vorulagerinn\/"]}]},"og_availability":"instock","product_availability":"instock","product_retailer_item_id":"V08","product_condition":"new"},"_links":{"self":[{"href":"https:\/\/vorulagerinn.is\/en\/wp-json\/wp\/v2\/product\/3000","targetHints":{"allow":["GET"]}}],"collection":[{"href":"https:\/\/vorulagerinn.is\/en\/wp-json\/wp\/v2\/product"}],"about":[{"href":"https:\/\/vorulagerinn.is\/en\/wp-json\/wp\/v2\/types\/product"}],"wp:featuredmedia":[{"embeddable":true,"href":"https:\/\/vorulagerinn.is\/en\/wp-json\/wp\/v2\/media\/3022"}],"wp:attachment":[{"href":"https:\/\/vorulagerinn.is\/en\/wp-json\/wp\/v2\/media?parent=3000"}],"wp:term":[{"taxonomy":"product_brand","embeddable":true,"href":"https:\/\/vorulagerinn.is\/en\/wp-json\/wp\/v2\/product_brand?post=3000"},{"taxonomy":"product_cat","embeddable":true,"href":"https:\/\/vorulagerinn.is\/en\/wp-json\/wp\/v2\/product_cat?post=3000"},{"taxonomy":"product_tag","embeddable":true,"href":"https:\/\/vorulagerinn.is\/en\/wp-json\/wp\/v2\/product_tag?post=3000"}],"curies":[{"name":"wp","href":"https:\/\/api.w.org\/{rel}","templated":true}]}}