{"id":30091,"date":"2025-11-07T17:12:11","date_gmt":"2025-11-07T17:12:11","guid":{"rendered":"https:\/\/vorulagerinn.is\/?post_type=product&#038;p=30091"},"modified":"2025-12-29T19:04:44","modified_gmt":"2025-12-29T19:04:44","slug":"jr-mlg0282","status":"publish","type":"product","link":"https:\/\/vorulagerinn.is\/en\/product\/jr-mlg0282\/","title":{"rendered":"Privacy skj\u00e1v\u00f6rn fyrir iPhone 16 pl\u00fas \/ 15 pl\u00fas &amp; 14 Pro Max me\u00f0 skygg\u00f0u \u00f6ryggisgleri sem verndar skj\u00e1inn fyrir h\u00f6ggum og rispum"},"content":{"rendered":"","protected":false},"excerpt":{"rendered":"<p>Skj\u00e1v\u00f6rnin er me\u00f0 skygg\u00f0u (privacy) \u00f6ryggisgleri sem virkar \u00feannig a\u00f0 s\u00e1 sem horfir beint \u00e1 s\u00edmann sinn s\u00e9r \u00e1 skj\u00e1inn \u00e1 hef\u00f0bundinn h\u00e1tt en a\u00f0rir sem horfa fr\u00e1 hli\u00f0 sj\u00e1 svartan skj\u00e1. Privacy skj\u00e1v\u00f6rnin kemur \u00ed veg fyrir a\u00f0 a\u00f0rir sj\u00e1i hva\u00f0 \u00fe\u00fa ert a\u00f0 gera \u00ed s\u00edmanum \u00fe\u00ednum.<\/p>\n<p>\u00d6ryggisgleri\u00f0 verndar skj\u00e1inn \u00e1 s\u00edmanum gegn h\u00f6ggum, rispum og \u00f6\u00f0ru hnjaski. Skj\u00e1v\u00f6rnin er me\u00f0 9H h\u00f6rku (mesta sem v\u00f6l er \u00e1) og fingrafarav\u00f6rn sem dregur \u00far fitu, fingraf\u00f6rum og \u00f3hreinindum \u00e1 skj\u00e1num.<\/p>\n<p>Skj\u00e1v\u00f6rnin ver skj\u00e1inn \u00feinn fyrir hnjaski og kemur \u00ed veg fyrir a\u00f0 a\u00f0rir geti lesi\u00f0 \u00e1 skj\u00e1inn \u00feegar \u00fe\u00fa ert a\u00f0 nota s\u00edmann.<\/p>\n<p><strong>Pakkinn inniheldur:<\/strong><br \/>\n&#8211; 1x privacy skj\u00e1v\u00f6rn fyrir iPhone 16 pl\u00fas \/ 15 pl\u00fas &amp; 14 Pro Max<br \/>\n&#8211; 1x hreinsipakka<br \/>\n&#8211; Lei\u00f0beiningar \u00e1 ensku<\/p>\n","protected":false},"featured_media":30078,"template":"","meta":[],"product_brand":[420],"product_cat":[411,460],"product_tag":[],"class_list":{"0":"post-30091","1":"product","2":"type-product","3":"status-publish","4":"has-post-thumbnail","6":"product_brand-joyroom","7":"product_cat-hulstur-skjafilmur","8":"product_cat-skjafilmur-oryggisgler","10":"first","11":"instock","12":"taxable","13":"shipping-taxable","14":"purchasable","15":"product-type-simple"},"supplier_id":null,"supplier_sku":"","barcode":null,"atum_controlled":true,"out_stock_date":null,"out_stock_threshold":null,"inheritable":false,"inbound_stock":0,"stock_on_hold":0,"sold_today":0,"sales_last_days":0,"reserved_stock":0,"customer_returns":0,"warehouse_damage":0,"lost_in_post":0,"other_logs":0,"out_stock_days":0,"lost_sales":0,"has_location":false,"update_date":"2026-04-11T00:14:09","atum_locations":[],"atum_stock_status":"instock","restock_status":false,"low_stock_amount":"","sales_update_date":"2026-04-11T00:14:08","calc_backorders":null,"yoast_head":"<!-- This site is optimized with the Yoast SEO Premium plugin v26.6 (Yoast SEO v27.3) - https:\/\/yoast.com\/product\/yoast-seo-premium-wordpress\/ -->\n<title>Privacy skj\u00e1v\u00f6rn fyrir iPhone 16 pl\u00fas \/ 15 pl\u00fas &amp; 14 Pro Max<\/title>\n<meta name=\"description\" content=\"Skj\u00e1v\u00f6rnin er me\u00f0 skygg\u00f0u (privacy) \u00f6ryggisgleri me\u00f0 9H h\u00f6rku. Ver skj\u00e1inn fyrir hnjaski &amp; kemur \u00ed veg fyrir a\u00f0 a\u00f0rir geti lesi\u00f0 \u00e1 skj\u00e1inn fr\u00e1 hli\u00f0.\" \/>\n<meta name=\"robots\" content=\"index, follow, max-snippet:-1, max-image-preview:large, max-video-preview:-1\" \/>\n<link rel=\"canonical\" href=\"https:\/\/vorulagerinn.is\/product\/jr-mlg0282\/\" \/>\n<meta property=\"og:locale\" content=\"en_US\" \/>\n<meta property=\"og:type\" content=\"article\" \/>\n<meta property=\"og:title\" content=\"Privacy skj\u00e1v\u00f6rn fyrir iPhone 16 pl\u00fas \/ 15 pl\u00fas &amp; 14 Pro Max me\u00f0 skygg\u00f0u \u00f6ryggisgleri sem verndar skj\u00e1inn fyrir h\u00f6ggum og rispum\" \/>\n<meta property=\"og:description\" content=\"Skj\u00e1v\u00f6rnin er me\u00f0 skygg\u00f0u (privacy) \u00f6ryggisgleri me\u00f0 9H h\u00f6rku. Ver skj\u00e1inn fyrir hnjaski &amp; kemur \u00ed veg fyrir a\u00f0 a\u00f0rir geti lesi\u00f0 \u00e1 skj\u00e1inn fr\u00e1 hli\u00f0.\" \/>\n<meta property=\"og:url\" content=\"https:\/\/vorulagerinn.is\/product\/jr-mlg0282\/\" \/>\n<meta property=\"og:site_name\" content=\"V&ouml;rulagerinn\" \/>\n<meta property=\"article:publisher\" content=\"https:\/\/www.facebook.com\/vorulagerinn\" \/>\n<meta property=\"article:modified_time\" content=\"2025-12-29T19:04:44+00:00\" \/>\n<meta property=\"og:image\" content=\"https:\/\/vorulagerinn.is\/wp-content\/uploads\/2025\/12\/JR-MQS0616.jpg\" \/>\n\t<meta property=\"og:image:width\" content=\"600\" \/>\n\t<meta property=\"og:image:height\" content=\"600\" \/>\n\t<meta property=\"og:image:type\" content=\"image\/jpeg\" \/>\n<meta name=\"twitter:card\" content=\"summary_large_image\" \/>\n<meta name=\"twitter:label1\" content=\"Price\" \/>\n\t<meta name=\"twitter:data1\" content=\"2.700&nbsp;kr.\" \/>\n\t<meta name=\"twitter:label2\" content=\"Availability\" \/>\n\t<meta name=\"twitter:data2\" content=\"In stock\" \/>\n<script type=\"application\/ld+json\" class=\"yoast-schema-graph\">{\"@context\":\"https:\\\/\\\/schema.org\",\"@graph\":[{\"@type\":\"WebPage\",\"@id\":\"https:\\\/\\\/vorulagerinn.is\\\/product\\\/jr-mlg0282\\\/\",\"url\":\"https:\\\/\\\/vorulagerinn.is\\\/product\\\/jr-mlg0282\\\/\",\"name\":\"Privacy skj\u00e1v\u00f6rn fyrir iPhone 16 pl\u00fas \\\/ 15 pl\u00fas & 14 Pro Max\",\"isPartOf\":{\"@id\":\"https:\\\/\\\/vorulagerinn.is\\\/#website\"},\"primaryImageOfPage\":{\"@id\":\"https:\\\/\\\/vorulagerinn.is\\\/product\\\/jr-mlg0282\\\/#primaryimage\"},\"image\":{\"@id\":\"https:\\\/\\\/vorulagerinn.is\\\/product\\\/jr-mlg0282\\\/#primaryimage\"},\"thumbnailUrl\":\"https:\\\/\\\/vorulagerinn.is\\\/wp-content\\\/uploads\\\/2025\\\/12\\\/JR-MQS0616.jpg\",\"datePublished\":\"2025-11-07T17:12:11+00:00\",\"dateModified\":\"2025-12-29T19:04:44+00:00\",\"description\":\"Skj\u00e1v\u00f6rnin er me\u00f0 skygg\u00f0u (privacy) \u00f6ryggisgleri me\u00f0 9H h\u00f6rku. Ver skj\u00e1inn fyrir hnjaski & kemur \u00ed veg fyrir a\u00f0 a\u00f0rir geti lesi\u00f0 \u00e1 skj\u00e1inn fr\u00e1 hli\u00f0.\",\"breadcrumb\":{\"@id\":\"https:\\\/\\\/vorulagerinn.is\\\/product\\\/jr-mlg0282\\\/#breadcrumb\"},\"inLanguage\":\"en-US\",\"potentialAction\":[{\"@type\":\"ReadAction\",\"target\":[\"https:\\\/\\\/vorulagerinn.is\\\/product\\\/jr-mlg0282\\\/\"]}]},{\"@type\":\"ImageObject\",\"inLanguage\":\"en-US\",\"@id\":\"https:\\\/\\\/vorulagerinn.is\\\/product\\\/jr-mlg0282\\\/#primaryimage\",\"url\":\"https:\\\/\\\/vorulagerinn.is\\\/wp-content\\\/uploads\\\/2025\\\/12\\\/JR-MQS0616.jpg\",\"contentUrl\":\"https:\\\/\\\/vorulagerinn.is\\\/wp-content\\\/uploads\\\/2025\\\/12\\\/JR-MQS0616.jpg\",\"width\":600,\"height\":600},{\"@type\":\"BreadcrumbList\",\"@id\":\"https:\\\/\\\/vorulagerinn.is\\\/product\\\/jr-mlg0282\\\/#breadcrumb\",\"itemListElement\":[{\"@type\":\"ListItem\",\"position\":1,\"name\":\"Home\",\"item\":\"https:\\\/\\\/vorulagerinn.is\\\/\"},{\"@type\":\"ListItem\",\"position\":2,\"name\":\"Shop\",\"item\":\"https:\\\/\\\/vorulagerinn.is\\\/en\\\/shop\\\/\"},{\"@type\":\"ListItem\",\"position\":3,\"name\":\"Privacy skj\u00e1v\u00f6rn fyrir iPhone 16 pl\u00fas \\\/ 15 pl\u00fas &amp; 14 Pro Max me\u00f0 skygg\u00f0u \u00f6ryggisgleri sem verndar skj\u00e1inn fyrir h\u00f6ggum og rispum\"}]},{\"@type\":\"WebSite\",\"@id\":\"https:\\\/\\\/vorulagerinn.is\\\/#website\",\"url\":\"https:\\\/\\\/vorulagerinn.is\\\/\",\"name\":\"V\u00f6rulagerinn\",\"description\":\"L\u00e1ttu \u00fea\u00f0 eftir \u00fe\u00e9r\",\"publisher\":{\"@id\":\"https:\\\/\\\/vorulagerinn.is\\\/#organization\"},\"potentialAction\":[{\"@type\":\"SearchAction\",\"target\":{\"@type\":\"EntryPoint\",\"urlTemplate\":\"https:\\\/\\\/vorulagerinn.is\\\/?s={search_term_string}\"},\"query-input\":{\"@type\":\"PropertyValueSpecification\",\"valueRequired\":true,\"valueName\":\"search_term_string\"}}],\"inLanguage\":\"en-US\"},{\"@type\":\"Organization\",\"@id\":\"https:\\\/\\\/vorulagerinn.is\\\/#organization\",\"name\":\"V\u00f6rulagerinn\",\"url\":\"https:\\\/\\\/vorulagerinn.is\\\/\",\"logo\":{\"@type\":\"ImageObject\",\"inLanguage\":\"en-US\",\"@id\":\"https:\\\/\\\/vorulagerinn.is\\\/#\\\/schema\\\/logo\\\/image\\\/\",\"url\":\"https:\\\/\\\/vorulagerinn.is\\\/wp-content\\\/uploads\\\/2022\\\/09\\\/Vorulagerinn-Logo-588x160-1.png\",\"contentUrl\":\"https:\\\/\\\/vorulagerinn.is\\\/wp-content\\\/uploads\\\/2022\\\/09\\\/Vorulagerinn-Logo-588x160-1.png\",\"width\":588,\"height\":160,\"caption\":\"V\u00f6rulagerinn\"},\"image\":{\"@id\":\"https:\\\/\\\/vorulagerinn.is\\\/#\\\/schema\\\/logo\\\/image\\\/\"},\"sameAs\":[\"https:\\\/\\\/www.facebook.com\\\/vorulagerinn\",\"https:\\\/\\\/www.instagram.com\\\/vorulagerinn\\\/\"]}]}<\/script>\n<meta property=\"product:price:amount\" content=\"2700\" \/>\n<meta property=\"product:price:currency\" content=\"ISK\" \/>\n<meta property=\"og:availability\" content=\"instock\" \/>\n<meta property=\"product:availability\" content=\"instock\" \/>\n<meta property=\"product:retailer_item_id\" content=\"JR-MLG0282\" \/>\n<meta property=\"product:condition\" content=\"new\" \/>\n<!-- \/ Yoast SEO Premium plugin. -->","yoast_head_json":{"title":"Privacy skj\u00e1v\u00f6rn fyrir iPhone 16 pl\u00fas \/ 15 pl\u00fas & 14 Pro Max","description":"Skj\u00e1v\u00f6rnin er me\u00f0 skygg\u00f0u (privacy) \u00f6ryggisgleri me\u00f0 9H h\u00f6rku. Ver skj\u00e1inn fyrir hnjaski & kemur \u00ed veg fyrir a\u00f0 a\u00f0rir geti lesi\u00f0 \u00e1 skj\u00e1inn fr\u00e1 hli\u00f0.","robots":{"index":"index","follow":"follow","max-snippet":"max-snippet:-1","max-image-preview":"max-image-preview:large","max-video-preview":"max-video-preview:-1"},"canonical":"https:\/\/vorulagerinn.is\/product\/jr-mlg0282\/","og_locale":"en_US","og_type":"article","og_title":"Privacy skj\u00e1v\u00f6rn fyrir iPhone 16 pl\u00fas \/ 15 pl\u00fas &amp; 14 Pro Max me\u00f0 skygg\u00f0u \u00f6ryggisgleri sem verndar skj\u00e1inn fyrir h\u00f6ggum og rispum","og_description":"Skj\u00e1v\u00f6rnin er me\u00f0 skygg\u00f0u (privacy) \u00f6ryggisgleri me\u00f0 9H h\u00f6rku. Ver skj\u00e1inn fyrir hnjaski & kemur \u00ed veg fyrir a\u00f0 a\u00f0rir geti lesi\u00f0 \u00e1 skj\u00e1inn fr\u00e1 hli\u00f0.","og_url":"https:\/\/vorulagerinn.is\/product\/jr-mlg0282\/","og_site_name":"V&ouml;rulagerinn","article_publisher":"https:\/\/www.facebook.com\/vorulagerinn","article_modified_time":"2025-12-29T19:04:44+00:00","og_image":[{"width":600,"height":600,"url":"https:\/\/vorulagerinn.is\/wp-content\/uploads\/2025\/12\/JR-MQS0616.jpg","type":"image\/jpeg"}],"twitter_card":"summary_large_image","twitter_misc":{"Price":"2.700&nbsp;kr.","Availability":"In stock"},"schema":{"@context":"https:\/\/schema.org","@graph":[{"@type":"WebPage","@id":"https:\/\/vorulagerinn.is\/product\/jr-mlg0282\/","url":"https:\/\/vorulagerinn.is\/product\/jr-mlg0282\/","name":"Privacy skj\u00e1v\u00f6rn fyrir iPhone 16 pl\u00fas \/ 15 pl\u00fas & 14 Pro Max","isPartOf":{"@id":"https:\/\/vorulagerinn.is\/#website"},"primaryImageOfPage":{"@id":"https:\/\/vorulagerinn.is\/product\/jr-mlg0282\/#primaryimage"},"image":{"@id":"https:\/\/vorulagerinn.is\/product\/jr-mlg0282\/#primaryimage"},"thumbnailUrl":"https:\/\/vorulagerinn.is\/wp-content\/uploads\/2025\/12\/JR-MQS0616.jpg","datePublished":"2025-11-07T17:12:11+00:00","dateModified":"2025-12-29T19:04:44+00:00","description":"Skj\u00e1v\u00f6rnin er me\u00f0 skygg\u00f0u (privacy) \u00f6ryggisgleri me\u00f0 9H h\u00f6rku. Ver skj\u00e1inn fyrir hnjaski & kemur \u00ed veg fyrir a\u00f0 a\u00f0rir geti lesi\u00f0 \u00e1 skj\u00e1inn fr\u00e1 hli\u00f0.","breadcrumb":{"@id":"https:\/\/vorulagerinn.is\/product\/jr-mlg0282\/#breadcrumb"},"inLanguage":"en-US","potentialAction":[{"@type":"ReadAction","target":["https:\/\/vorulagerinn.is\/product\/jr-mlg0282\/"]}]},{"@type":"ImageObject","inLanguage":"en-US","@id":"https:\/\/vorulagerinn.is\/product\/jr-mlg0282\/#primaryimage","url":"https:\/\/vorulagerinn.is\/wp-content\/uploads\/2025\/12\/JR-MQS0616.jpg","contentUrl":"https:\/\/vorulagerinn.is\/wp-content\/uploads\/2025\/12\/JR-MQS0616.jpg","width":600,"height":600},{"@type":"BreadcrumbList","@id":"https:\/\/vorulagerinn.is\/product\/jr-mlg0282\/#breadcrumb","itemListElement":[{"@type":"ListItem","position":1,"name":"Home","item":"https:\/\/vorulagerinn.is\/"},{"@type":"ListItem","position":2,"name":"Shop","item":"https:\/\/vorulagerinn.is\/en\/shop\/"},{"@type":"ListItem","position":3,"name":"Privacy skj\u00e1v\u00f6rn fyrir iPhone 16 pl\u00fas \/ 15 pl\u00fas &amp; 14 Pro Max me\u00f0 skygg\u00f0u \u00f6ryggisgleri sem verndar skj\u00e1inn fyrir h\u00f6ggum og rispum"}]},{"@type":"WebSite","@id":"https:\/\/vorulagerinn.is\/#website","url":"https:\/\/vorulagerinn.is\/","name":"V\u00f6rulagerinn","description":"L\u00e1ttu \u00fea\u00f0 eftir \u00fe\u00e9r","publisher":{"@id":"https:\/\/vorulagerinn.is\/#organization"},"potentialAction":[{"@type":"SearchAction","target":{"@type":"EntryPoint","urlTemplate":"https:\/\/vorulagerinn.is\/?s={search_term_string}"},"query-input":{"@type":"PropertyValueSpecification","valueRequired":true,"valueName":"search_term_string"}}],"inLanguage":"en-US"},{"@type":"Organization","@id":"https:\/\/vorulagerinn.is\/#organization","name":"V\u00f6rulagerinn","url":"https:\/\/vorulagerinn.is\/","logo":{"@type":"ImageObject","inLanguage":"en-US","@id":"https:\/\/vorulagerinn.is\/#\/schema\/logo\/image\/","url":"https:\/\/vorulagerinn.is\/wp-content\/uploads\/2022\/09\/Vorulagerinn-Logo-588x160-1.png","contentUrl":"https:\/\/vorulagerinn.is\/wp-content\/uploads\/2022\/09\/Vorulagerinn-Logo-588x160-1.png","width":588,"height":160,"caption":"V\u00f6rulagerinn"},"image":{"@id":"https:\/\/vorulagerinn.is\/#\/schema\/logo\/image\/"},"sameAs":["https:\/\/www.facebook.com\/vorulagerinn","https:\/\/www.instagram.com\/vorulagerinn\/"]}]},"product_price_amount":"2700","product_price_currency":"ISK","og_availability":"instock","product_availability":"instock","product_retailer_item_id":"JR-MLG0282","product_condition":"new"},"_links":{"self":[{"href":"https:\/\/vorulagerinn.is\/en\/wp-json\/wp\/v2\/product\/30091","targetHints":{"allow":["GET"]}}],"collection":[{"href":"https:\/\/vorulagerinn.is\/en\/wp-json\/wp\/v2\/product"}],"about":[{"href":"https:\/\/vorulagerinn.is\/en\/wp-json\/wp\/v2\/types\/product"}],"wp:featuredmedia":[{"embeddable":true,"href":"https:\/\/vorulagerinn.is\/en\/wp-json\/wp\/v2\/media\/30078"}],"wp:attachment":[{"href":"https:\/\/vorulagerinn.is\/en\/wp-json\/wp\/v2\/media?parent=30091"}],"wp:term":[{"taxonomy":"product_brand","embeddable":true,"href":"https:\/\/vorulagerinn.is\/en\/wp-json\/wp\/v2\/product_brand?post=30091"},{"taxonomy":"product_cat","embeddable":true,"href":"https:\/\/vorulagerinn.is\/en\/wp-json\/wp\/v2\/product_cat?post=30091"},{"taxonomy":"product_tag","embeddable":true,"href":"https:\/\/vorulagerinn.is\/en\/wp-json\/wp\/v2\/product_tag?post=30091"}],"curies":[{"name":"wp","href":"https:\/\/api.w.org\/{rel}","templated":true}]}}