{"id":30109,"date":"2025-11-07T19:30:58","date_gmt":"2025-11-07T19:30:58","guid":{"rendered":"https:\/\/vorulagerinn.is\/?post_type=product&#038;p=30109"},"modified":"2025-12-29T18:59:28","modified_gmt":"2025-12-29T18:59:28","slug":"jr-17fg05","status":"publish","type":"product","link":"https:\/\/vorulagerinn.is\/en\/product\/jr-17fg05\/","title":{"rendered":"S\u00edmahulstur me\u00f0 segulhring (MagSafe) fyrir iPhone 17"},"content":{"rendered":"","protected":false},"excerpt":{"rendered":"<p>Hulstri\u00f0 er gl\u00e6rt og veitir v\u00f6rn gegn hnjaski, ripsum og h\u00f6ggum. S\u00edmahulstri\u00f0 er me\u00f0 innbygg\u00f0um segulhring me\u00f0 Magsafe samh\u00e6fni sem gerir \u00fe\u00e9r kleift a\u00f0 hla\u00f0a iPhone s\u00edmann \u00fer\u00e1\u00f0laust og \u00e1n \u00feess a\u00f0 taka hann \u00far hulstrinu. Sv\u00e6\u00f0i\u00f0 \u00ed kringum myndav\u00e9larnar a\u00f0 aftan eru h\u00e6kka\u00f0ar til a\u00f0 veita enn meiri v\u00f6rn auk \u00feess er h\u00f6ggv\u00f6rn \u00e1 \u00f6llum fj\u00f6rum hornum s\u00edmahulstursins.<\/p>\n<p>Sterkur segulhringur aftan \u00e1 s\u00edmahulstrinu tryggir st\u00f6\u00f0uga og n\u00e1kv\u00e6ma \u00fer\u00e1\u00f0lausa hle\u00f0slu \u00feegar s\u00edminn er t.d. hla\u00f0inn \u00fer\u00e1\u00f0laust \u00ed b\u00edlnum. Gl\u00e6silegt iPhone 17 s\u00edmahulstur sem veitir v\u00f6rn fyrir m\u00f6gulegu hnjaski og g\u00e6ti spara\u00f0 \u00fe\u00e9r d\u00fdran vi\u00f0ger\u00f0arkostna\u00f0.<\/p>\n<p>\u2013 <strong>Litur:<\/strong> Gl\u00e6rt<br \/>\n\u2013 <strong>Efni:<\/strong> H\u00f6gg\u00feoli\u00f0 TPU og PC efni<br \/>\n\u2013 <strong>Hulstur fyrir:<\/strong> iPhone 17<\/p>\n","protected":false},"featured_media":30107,"template":"","meta":[],"product_brand":[420],"product_cat":[413],"product_tag":[],"class_list":{"0":"post-30109","1":"product","2":"type-product","3":"status-publish","4":"has-post-thumbnail","6":"product_brand-joyroom","7":"product_cat-simahulstur","9":"first","10":"instock","11":"taxable","12":"shipping-taxable","13":"purchasable","14":"product-type-simple"},"supplier_id":null,"supplier_sku":"","barcode":null,"atum_controlled":true,"out_stock_date":null,"out_stock_threshold":null,"inheritable":false,"inbound_stock":0,"stock_on_hold":0,"sold_today":0,"sales_last_days":0,"reserved_stock":0,"customer_returns":0,"warehouse_damage":0,"lost_in_post":0,"other_logs":0,"out_stock_days":0,"lost_sales":0,"has_location":false,"update_date":"2026-04-12T00:15:16","atum_locations":[],"atum_stock_status":"instock","restock_status":false,"low_stock_amount":"","sales_update_date":"2026-04-12T00:15:16","calc_backorders":null,"yoast_head":"<!-- This site is optimized with the Yoast SEO Premium plugin v26.6 (Yoast SEO v27.3) - https:\/\/yoast.com\/product\/yoast-seo-premium-wordpress\/ -->\n<title>S\u00edmahulstur me\u00f0 segulhring (MagSafe) fyrir iPhone 17<\/title>\n<meta name=\"description\" content=\"V\u00f6rn gegn hnjaski, ripsum og h\u00f6ggum. Innbygg\u00f0ur segulhringur me\u00f0 Magsafe samh\u00e6fni fyrir \u00fer\u00e1\u00f0lausa hle\u00f0slu. H\u00e6kka\u00f0 sv\u00e6\u00f0i \u00ed kringum myndav\u00e9larnar (meiri v\u00f6rn)\" \/>\n<meta name=\"robots\" content=\"index, follow, max-snippet:-1, max-image-preview:large, max-video-preview:-1\" \/>\n<link rel=\"canonical\" href=\"https:\/\/vorulagerinn.is\/product\/jr-17fg05\/\" \/>\n<meta property=\"og:locale\" content=\"en_US\" \/>\n<meta property=\"og:type\" content=\"article\" \/>\n<meta property=\"og:title\" content=\"S\u00edmahulstur me\u00f0 segulhring (MagSafe) fyrir iPhone 17\" \/>\n<meta property=\"og:description\" content=\"V\u00f6rn gegn hnjaski, ripsum og h\u00f6ggum. Innbygg\u00f0ur segulhringur me\u00f0 Magsafe samh\u00e6fni fyrir \u00fer\u00e1\u00f0lausa hle\u00f0slu. H\u00e6kka\u00f0 sv\u00e6\u00f0i \u00ed kringum myndav\u00e9larnar (meiri v\u00f6rn)\" \/>\n<meta property=\"og:url\" content=\"https:\/\/vorulagerinn.is\/product\/jr-17fg05\/\" \/>\n<meta property=\"og:site_name\" content=\"V&ouml;rulagerinn\" \/>\n<meta property=\"article:publisher\" content=\"https:\/\/www.facebook.com\/vorulagerinn\" \/>\n<meta property=\"article:modified_time\" content=\"2025-12-29T18:59:28+00:00\" \/>\n<meta property=\"og:image\" content=\"https:\/\/vorulagerinn.is\/wp-content\/uploads\/2025\/12\/JR17FG05_.jpg\" \/>\n\t<meta property=\"og:image:width\" content=\"1280\" \/>\n\t<meta property=\"og:image:height\" content=\"1280\" \/>\n\t<meta property=\"og:image:type\" content=\"image\/jpeg\" \/>\n<meta name=\"twitter:card\" content=\"summary_large_image\" \/>\n<meta name=\"twitter:label1\" content=\"Price\" \/>\n\t<meta name=\"twitter:data1\" content=\"3.300&nbsp;kr.\" \/>\n\t<meta name=\"twitter:label2\" content=\"Availability\" \/>\n\t<meta name=\"twitter:data2\" content=\"In stock\" \/>\n<script type=\"application\/ld+json\" class=\"yoast-schema-graph\">{\"@context\":\"https:\\\/\\\/schema.org\",\"@graph\":[{\"@type\":\"WebPage\",\"@id\":\"https:\\\/\\\/vorulagerinn.is\\\/product\\\/jr-17fg05\\\/\",\"url\":\"https:\\\/\\\/vorulagerinn.is\\\/product\\\/jr-17fg05\\\/\",\"name\":\"S\u00edmahulstur me\u00f0 segulhring (MagSafe) fyrir iPhone 17\",\"isPartOf\":{\"@id\":\"https:\\\/\\\/vorulagerinn.is\\\/#website\"},\"primaryImageOfPage\":{\"@id\":\"https:\\\/\\\/vorulagerinn.is\\\/product\\\/jr-17fg05\\\/#primaryimage\"},\"image\":{\"@id\":\"https:\\\/\\\/vorulagerinn.is\\\/product\\\/jr-17fg05\\\/#primaryimage\"},\"thumbnailUrl\":\"https:\\\/\\\/vorulagerinn.is\\\/wp-content\\\/uploads\\\/2025\\\/12\\\/JR17FG05_.jpg\",\"datePublished\":\"2025-11-07T19:30:58+00:00\",\"dateModified\":\"2025-12-29T18:59:28+00:00\",\"description\":\"V\u00f6rn gegn hnjaski, ripsum og h\u00f6ggum. Innbygg\u00f0ur segulhringur me\u00f0 Magsafe samh\u00e6fni fyrir \u00fer\u00e1\u00f0lausa hle\u00f0slu. H\u00e6kka\u00f0 sv\u00e6\u00f0i \u00ed kringum myndav\u00e9larnar (meiri v\u00f6rn)\",\"breadcrumb\":{\"@id\":\"https:\\\/\\\/vorulagerinn.is\\\/product\\\/jr-17fg05\\\/#breadcrumb\"},\"inLanguage\":\"en-US\",\"potentialAction\":[{\"@type\":\"ReadAction\",\"target\":[\"https:\\\/\\\/vorulagerinn.is\\\/product\\\/jr-17fg05\\\/\"]}]},{\"@type\":\"ImageObject\",\"inLanguage\":\"en-US\",\"@id\":\"https:\\\/\\\/vorulagerinn.is\\\/product\\\/jr-17fg05\\\/#primaryimage\",\"url\":\"https:\\\/\\\/vorulagerinn.is\\\/wp-content\\\/uploads\\\/2025\\\/12\\\/JR17FG05_.jpg\",\"contentUrl\":\"https:\\\/\\\/vorulagerinn.is\\\/wp-content\\\/uploads\\\/2025\\\/12\\\/JR17FG05_.jpg\",\"width\":1280,\"height\":1280},{\"@type\":\"BreadcrumbList\",\"@id\":\"https:\\\/\\\/vorulagerinn.is\\\/product\\\/jr-17fg05\\\/#breadcrumb\",\"itemListElement\":[{\"@type\":\"ListItem\",\"position\":1,\"name\":\"Home\",\"item\":\"https:\\\/\\\/vorulagerinn.is\\\/\"},{\"@type\":\"ListItem\",\"position\":2,\"name\":\"Shop\",\"item\":\"https:\\\/\\\/vorulagerinn.is\\\/en\\\/shop\\\/\"},{\"@type\":\"ListItem\",\"position\":3,\"name\":\"S\u00edmahulstur me\u00f0 segulhring (MagSafe) fyrir iPhone 17\"}]},{\"@type\":\"WebSite\",\"@id\":\"https:\\\/\\\/vorulagerinn.is\\\/#website\",\"url\":\"https:\\\/\\\/vorulagerinn.is\\\/\",\"name\":\"V\u00f6rulagerinn\",\"description\":\"L\u00e1ttu \u00fea\u00f0 eftir \u00fe\u00e9r\",\"publisher\":{\"@id\":\"https:\\\/\\\/vorulagerinn.is\\\/#organization\"},\"potentialAction\":[{\"@type\":\"SearchAction\",\"target\":{\"@type\":\"EntryPoint\",\"urlTemplate\":\"https:\\\/\\\/vorulagerinn.is\\\/?s={search_term_string}\"},\"query-input\":{\"@type\":\"PropertyValueSpecification\",\"valueRequired\":true,\"valueName\":\"search_term_string\"}}],\"inLanguage\":\"en-US\"},{\"@type\":\"Organization\",\"@id\":\"https:\\\/\\\/vorulagerinn.is\\\/#organization\",\"name\":\"V\u00f6rulagerinn\",\"url\":\"https:\\\/\\\/vorulagerinn.is\\\/\",\"logo\":{\"@type\":\"ImageObject\",\"inLanguage\":\"en-US\",\"@id\":\"https:\\\/\\\/vorulagerinn.is\\\/#\\\/schema\\\/logo\\\/image\\\/\",\"url\":\"https:\\\/\\\/vorulagerinn.is\\\/wp-content\\\/uploads\\\/2022\\\/09\\\/Vorulagerinn-Logo-588x160-1.png\",\"contentUrl\":\"https:\\\/\\\/vorulagerinn.is\\\/wp-content\\\/uploads\\\/2022\\\/09\\\/Vorulagerinn-Logo-588x160-1.png\",\"width\":588,\"height\":160,\"caption\":\"V\u00f6rulagerinn\"},\"image\":{\"@id\":\"https:\\\/\\\/vorulagerinn.is\\\/#\\\/schema\\\/logo\\\/image\\\/\"},\"sameAs\":[\"https:\\\/\\\/www.facebook.com\\\/vorulagerinn\",\"https:\\\/\\\/www.instagram.com\\\/vorulagerinn\\\/\"]}]}<\/script>\n<meta property=\"product:price:amount\" content=\"3300\" \/>\n<meta property=\"product:price:currency\" content=\"ISK\" \/>\n<meta property=\"og:availability\" content=\"instock\" \/>\n<meta property=\"product:availability\" content=\"instock\" \/>\n<meta property=\"product:retailer_item_id\" content=\"JR-17FG05\" \/>\n<meta property=\"product:condition\" content=\"new\" \/>\n<!-- \/ Yoast SEO Premium plugin. -->","yoast_head_json":{"title":"S\u00edmahulstur me\u00f0 segulhring (MagSafe) fyrir iPhone 17","description":"V\u00f6rn gegn hnjaski, ripsum og h\u00f6ggum. Innbygg\u00f0ur segulhringur me\u00f0 Magsafe samh\u00e6fni fyrir \u00fer\u00e1\u00f0lausa hle\u00f0slu. H\u00e6kka\u00f0 sv\u00e6\u00f0i \u00ed kringum myndav\u00e9larnar (meiri v\u00f6rn)","robots":{"index":"index","follow":"follow","max-snippet":"max-snippet:-1","max-image-preview":"max-image-preview:large","max-video-preview":"max-video-preview:-1"},"canonical":"https:\/\/vorulagerinn.is\/product\/jr-17fg05\/","og_locale":"en_US","og_type":"article","og_title":"S\u00edmahulstur me\u00f0 segulhring (MagSafe) fyrir iPhone 17","og_description":"V\u00f6rn gegn hnjaski, ripsum og h\u00f6ggum. Innbygg\u00f0ur segulhringur me\u00f0 Magsafe samh\u00e6fni fyrir \u00fer\u00e1\u00f0lausa hle\u00f0slu. H\u00e6kka\u00f0 sv\u00e6\u00f0i \u00ed kringum myndav\u00e9larnar (meiri v\u00f6rn)","og_url":"https:\/\/vorulagerinn.is\/product\/jr-17fg05\/","og_site_name":"V&ouml;rulagerinn","article_publisher":"https:\/\/www.facebook.com\/vorulagerinn","article_modified_time":"2025-12-29T18:59:28+00:00","og_image":[{"width":1280,"height":1280,"url":"https:\/\/vorulagerinn.is\/wp-content\/uploads\/2025\/12\/JR17FG05_.jpg","type":"image\/jpeg"}],"twitter_card":"summary_large_image","twitter_misc":{"Price":"3.300&nbsp;kr.","Availability":"In stock"},"schema":{"@context":"https:\/\/schema.org","@graph":[{"@type":"WebPage","@id":"https:\/\/vorulagerinn.is\/product\/jr-17fg05\/","url":"https:\/\/vorulagerinn.is\/product\/jr-17fg05\/","name":"S\u00edmahulstur me\u00f0 segulhring (MagSafe) fyrir iPhone 17","isPartOf":{"@id":"https:\/\/vorulagerinn.is\/#website"},"primaryImageOfPage":{"@id":"https:\/\/vorulagerinn.is\/product\/jr-17fg05\/#primaryimage"},"image":{"@id":"https:\/\/vorulagerinn.is\/product\/jr-17fg05\/#primaryimage"},"thumbnailUrl":"https:\/\/vorulagerinn.is\/wp-content\/uploads\/2025\/12\/JR17FG05_.jpg","datePublished":"2025-11-07T19:30:58+00:00","dateModified":"2025-12-29T18:59:28+00:00","description":"V\u00f6rn gegn hnjaski, ripsum og h\u00f6ggum. Innbygg\u00f0ur segulhringur me\u00f0 Magsafe samh\u00e6fni fyrir \u00fer\u00e1\u00f0lausa hle\u00f0slu. H\u00e6kka\u00f0 sv\u00e6\u00f0i \u00ed kringum myndav\u00e9larnar (meiri v\u00f6rn)","breadcrumb":{"@id":"https:\/\/vorulagerinn.is\/product\/jr-17fg05\/#breadcrumb"},"inLanguage":"en-US","potentialAction":[{"@type":"ReadAction","target":["https:\/\/vorulagerinn.is\/product\/jr-17fg05\/"]}]},{"@type":"ImageObject","inLanguage":"en-US","@id":"https:\/\/vorulagerinn.is\/product\/jr-17fg05\/#primaryimage","url":"https:\/\/vorulagerinn.is\/wp-content\/uploads\/2025\/12\/JR17FG05_.jpg","contentUrl":"https:\/\/vorulagerinn.is\/wp-content\/uploads\/2025\/12\/JR17FG05_.jpg","width":1280,"height":1280},{"@type":"BreadcrumbList","@id":"https:\/\/vorulagerinn.is\/product\/jr-17fg05\/#breadcrumb","itemListElement":[{"@type":"ListItem","position":1,"name":"Home","item":"https:\/\/vorulagerinn.is\/"},{"@type":"ListItem","position":2,"name":"Shop","item":"https:\/\/vorulagerinn.is\/en\/shop\/"},{"@type":"ListItem","position":3,"name":"S\u00edmahulstur me\u00f0 segulhring (MagSafe) fyrir iPhone 17"}]},{"@type":"WebSite","@id":"https:\/\/vorulagerinn.is\/#website","url":"https:\/\/vorulagerinn.is\/","name":"V\u00f6rulagerinn","description":"L\u00e1ttu \u00fea\u00f0 eftir \u00fe\u00e9r","publisher":{"@id":"https:\/\/vorulagerinn.is\/#organization"},"potentialAction":[{"@type":"SearchAction","target":{"@type":"EntryPoint","urlTemplate":"https:\/\/vorulagerinn.is\/?s={search_term_string}"},"query-input":{"@type":"PropertyValueSpecification","valueRequired":true,"valueName":"search_term_string"}}],"inLanguage":"en-US"},{"@type":"Organization","@id":"https:\/\/vorulagerinn.is\/#organization","name":"V\u00f6rulagerinn","url":"https:\/\/vorulagerinn.is\/","logo":{"@type":"ImageObject","inLanguage":"en-US","@id":"https:\/\/vorulagerinn.is\/#\/schema\/logo\/image\/","url":"https:\/\/vorulagerinn.is\/wp-content\/uploads\/2022\/09\/Vorulagerinn-Logo-588x160-1.png","contentUrl":"https:\/\/vorulagerinn.is\/wp-content\/uploads\/2022\/09\/Vorulagerinn-Logo-588x160-1.png","width":588,"height":160,"caption":"V\u00f6rulagerinn"},"image":{"@id":"https:\/\/vorulagerinn.is\/#\/schema\/logo\/image\/"},"sameAs":["https:\/\/www.facebook.com\/vorulagerinn","https:\/\/www.instagram.com\/vorulagerinn\/"]}]},"product_price_amount":"3300","product_price_currency":"ISK","og_availability":"instock","product_availability":"instock","product_retailer_item_id":"JR-17FG05","product_condition":"new"},"_links":{"self":[{"href":"https:\/\/vorulagerinn.is\/en\/wp-json\/wp\/v2\/product\/30109","targetHints":{"allow":["GET"]}}],"collection":[{"href":"https:\/\/vorulagerinn.is\/en\/wp-json\/wp\/v2\/product"}],"about":[{"href":"https:\/\/vorulagerinn.is\/en\/wp-json\/wp\/v2\/types\/product"}],"wp:featuredmedia":[{"embeddable":true,"href":"https:\/\/vorulagerinn.is\/en\/wp-json\/wp\/v2\/media\/30107"}],"wp:attachment":[{"href":"https:\/\/vorulagerinn.is\/en\/wp-json\/wp\/v2\/media?parent=30109"}],"wp:term":[{"taxonomy":"product_brand","embeddable":true,"href":"https:\/\/vorulagerinn.is\/en\/wp-json\/wp\/v2\/product_brand?post=30109"},{"taxonomy":"product_cat","embeddable":true,"href":"https:\/\/vorulagerinn.is\/en\/wp-json\/wp\/v2\/product_cat?post=30109"},{"taxonomy":"product_tag","embeddable":true,"href":"https:\/\/vorulagerinn.is\/en\/wp-json\/wp\/v2\/product_tag?post=30109"}],"curies":[{"name":"wp","href":"https:\/\/api.w.org\/{rel}","templated":true}]}}