{"id":30136,"date":"2025-12-09T07:19:36","date_gmt":"2025-12-09T07:19:36","guid":{"rendered":"https:\/\/vorulagerinn.is\/?post_type=product&#038;p=30136"},"modified":"2026-02-04T15:29:44","modified_gmt":"2026-02-04T15:29:44","slug":"jr-zs511","status":"publish","type":"product","link":"https:\/\/vorulagerinn.is\/en\/product\/jr-zs511\/","title":{"rendered":"S\u00f3lgleraugnafesting me\u00f0 segulfestingu \u00e1 s\u00f3lskyggni b\u00edlsins"},"content":{"rendered":"","protected":false},"excerpt":{"rendered":"<p>Gl\u00e6sileg s\u00f3lgleraugnafesting sem heldur s\u00f3lgleraugunum \u00fe\u00ednum f\u00f6stum \u00e1 s\u00ednum sta\u00f0 \u00e1 sl\u00e9ttum sem hol\u00f3ttum vegum. \u00dea\u00f0 er au\u00f0velt a\u00f0 opna og loka festingunni me\u00f0 annarri hendi \u00e1n \u00feess a\u00f0 trufla akstur. V\u00f6ndu\u00f0 festing sem hentar \u00f6llum gleraugum \/ s\u00f3lgleraugum.<\/p>\n<p>&#8211; Litur: Svartur<br \/>\n&#8211; \u00deyngd: 32g<br \/>\n&#8211; St\u00e6r\u00f0: 9,5 x 2,5 x 4,5 cm<br \/>\n&#8211; Efni: ABS + PC + le\u00f0ur<\/p>\n","protected":false},"featured_media":30531,"template":"","meta":[],"product_brand":[420],"product_cat":[449,267],"product_tag":[],"class_list":{"0":"post-30136","1":"product","2":"type-product","3":"status-publish","4":"has-post-thumbnail","6":"product_brand-joyroom","7":"product_cat-festingar-og-standar","8":"product_cat-skipulagsvorur","10":"first","11":"instock","12":"sale","13":"taxable","14":"shipping-taxable","15":"purchasable","16":"product-type-simple"},"supplier_id":null,"supplier_sku":"","barcode":null,"atum_controlled":true,"out_stock_date":null,"out_stock_threshold":null,"inheritable":false,"inbound_stock":0,"stock_on_hold":0,"sold_today":0,"sales_last_days":0,"reserved_stock":0,"customer_returns":0,"warehouse_damage":0,"lost_in_post":0,"other_logs":0,"out_stock_days":0,"lost_sales":0,"has_location":false,"update_date":"2026-04-12T00:16:04","atum_locations":[],"atum_stock_status":"instock","restock_status":false,"low_stock_amount":"","sales_update_date":"2026-04-12T00:16:04","calc_backorders":null,"yoast_head":"<!-- This site is optimized with the Yoast SEO Premium plugin v26.6 (Yoast SEO v27.3) - https:\/\/yoast.com\/product\/yoast-seo-premium-wordpress\/ -->\n<title>S\u00f3lgleraugnafesting me\u00f0 segulfestingu \u00e1 s\u00f3lskyggni b\u00edlsins - V&ouml;rulagerinn<\/title>\n<meta name=\"description\" content=\"Festingin heldur s\u00f3lgleraugunum f\u00f6stum \u00e1 sl\u00e9ttum sem hol\u00f3ttum vegum. \u00dea\u00f0 er au\u00f0velt a\u00f0 opna og loka festingunni me\u00f0 annarri hendi \u00e1n \u00feess a\u00f0 trufla akstur.\" \/>\n<meta name=\"robots\" content=\"index, follow, max-snippet:-1, max-image-preview:large, max-video-preview:-1\" \/>\n<link rel=\"canonical\" href=\"https:\/\/vorulagerinn.is\/product\/jr-zs511\/\" \/>\n<meta property=\"og:locale\" content=\"en_US\" \/>\n<meta property=\"og:type\" content=\"article\" \/>\n<meta property=\"og:title\" content=\"S\u00f3lgleraugnafesting me\u00f0 segulfestingu \u00e1 s\u00f3lskyggni b\u00edlsins\" \/>\n<meta property=\"og:description\" content=\"Festingin heldur s\u00f3lgleraugunum f\u00f6stum \u00e1 sl\u00e9ttum sem hol\u00f3ttum vegum. \u00dea\u00f0 er au\u00f0velt a\u00f0 opna og loka festingunni me\u00f0 annarri hendi \u00e1n \u00feess a\u00f0 trufla akstur.\" \/>\n<meta property=\"og:url\" content=\"https:\/\/vorulagerinn.is\/product\/jr-zs511\/\" \/>\n<meta property=\"og:site_name\" content=\"V&ouml;rulagerinn\" \/>\n<meta property=\"article:publisher\" content=\"https:\/\/www.facebook.com\/vorulagerinn\" \/>\n<meta property=\"article:modified_time\" content=\"2026-02-04T15:29:44+00:00\" \/>\n<meta property=\"og:image\" content=\"https:\/\/vorulagerinn.is\/wp-content\/uploads\/2025\/12\/JR-ZS511-.jpg\" \/>\n\t<meta property=\"og:image:width\" content=\"600\" \/>\n\t<meta property=\"og:image:height\" content=\"600\" \/>\n\t<meta property=\"og:image:type\" content=\"image\/jpeg\" \/>\n<meta name=\"twitter:card\" content=\"summary_large_image\" \/>\n<meta name=\"twitter:label1\" content=\"Price\" \/>\n\t<meta name=\"twitter:data1\" content=\"3.120&nbsp;kr.\" \/>\n\t<meta name=\"twitter:label2\" content=\"Availability\" \/>\n\t<meta name=\"twitter:data2\" content=\"In stock\" \/>\n<script type=\"application\/ld+json\" class=\"yoast-schema-graph\">{\"@context\":\"https:\\\/\\\/schema.org\",\"@graph\":[{\"@type\":\"WebPage\",\"@id\":\"https:\\\/\\\/vorulagerinn.is\\\/product\\\/jr-zs511\\\/\",\"url\":\"https:\\\/\\\/vorulagerinn.is\\\/product\\\/jr-zs511\\\/\",\"name\":\"S\u00f3lgleraugnafesting me\u00f0 segulfestingu \u00e1 s\u00f3lskyggni b\u00edlsins - V&ouml;rulagerinn\",\"isPartOf\":{\"@id\":\"https:\\\/\\\/vorulagerinn.is\\\/#website\"},\"primaryImageOfPage\":{\"@id\":\"https:\\\/\\\/vorulagerinn.is\\\/product\\\/jr-zs511\\\/#primaryimage\"},\"image\":{\"@id\":\"https:\\\/\\\/vorulagerinn.is\\\/product\\\/jr-zs511\\\/#primaryimage\"},\"thumbnailUrl\":\"https:\\\/\\\/vorulagerinn.is\\\/wp-content\\\/uploads\\\/2026\\\/02\\\/JR-ZS511.jpg\",\"datePublished\":\"2025-12-09T07:19:36+00:00\",\"dateModified\":\"2026-02-04T15:29:44+00:00\",\"description\":\"Festingin heldur s\u00f3lgleraugunum f\u00f6stum \u00e1 sl\u00e9ttum sem hol\u00f3ttum vegum. \u00dea\u00f0 er au\u00f0velt a\u00f0 opna og loka festingunni me\u00f0 annarri hendi \u00e1n \u00feess a\u00f0 trufla akstur.\",\"breadcrumb\":{\"@id\":\"https:\\\/\\\/vorulagerinn.is\\\/product\\\/jr-zs511\\\/#breadcrumb\"},\"inLanguage\":\"en-US\",\"potentialAction\":[{\"@type\":\"ReadAction\",\"target\":[\"https:\\\/\\\/vorulagerinn.is\\\/product\\\/jr-zs511\\\/\"]}]},{\"@type\":\"ImageObject\",\"inLanguage\":\"en-US\",\"@id\":\"https:\\\/\\\/vorulagerinn.is\\\/product\\\/jr-zs511\\\/#primaryimage\",\"url\":\"https:\\\/\\\/vorulagerinn.is\\\/wp-content\\\/uploads\\\/2026\\\/02\\\/JR-ZS511.jpg\",\"contentUrl\":\"https:\\\/\\\/vorulagerinn.is\\\/wp-content\\\/uploads\\\/2026\\\/02\\\/JR-ZS511.jpg\",\"width\":600,\"height\":600},{\"@type\":\"BreadcrumbList\",\"@id\":\"https:\\\/\\\/vorulagerinn.is\\\/product\\\/jr-zs511\\\/#breadcrumb\",\"itemListElement\":[{\"@type\":\"ListItem\",\"position\":1,\"name\":\"Home\",\"item\":\"https:\\\/\\\/vorulagerinn.is\\\/\"},{\"@type\":\"ListItem\",\"position\":2,\"name\":\"Shop\",\"item\":\"https:\\\/\\\/vorulagerinn.is\\\/en\\\/shop\\\/\"},{\"@type\":\"ListItem\",\"position\":3,\"name\":\"S\u00f3lgleraugnafesting me\u00f0 segulfestingu \u00e1 s\u00f3lskyggni b\u00edlsins\"}]},{\"@type\":\"WebSite\",\"@id\":\"https:\\\/\\\/vorulagerinn.is\\\/#website\",\"url\":\"https:\\\/\\\/vorulagerinn.is\\\/\",\"name\":\"V\u00f6rulagerinn\",\"description\":\"L\u00e1ttu \u00fea\u00f0 eftir \u00fe\u00e9r\",\"publisher\":{\"@id\":\"https:\\\/\\\/vorulagerinn.is\\\/#organization\"},\"potentialAction\":[{\"@type\":\"SearchAction\",\"target\":{\"@type\":\"EntryPoint\",\"urlTemplate\":\"https:\\\/\\\/vorulagerinn.is\\\/?s={search_term_string}\"},\"query-input\":{\"@type\":\"PropertyValueSpecification\",\"valueRequired\":true,\"valueName\":\"search_term_string\"}}],\"inLanguage\":\"en-US\"},{\"@type\":\"Organization\",\"@id\":\"https:\\\/\\\/vorulagerinn.is\\\/#organization\",\"name\":\"V\u00f6rulagerinn\",\"url\":\"https:\\\/\\\/vorulagerinn.is\\\/\",\"logo\":{\"@type\":\"ImageObject\",\"inLanguage\":\"en-US\",\"@id\":\"https:\\\/\\\/vorulagerinn.is\\\/#\\\/schema\\\/logo\\\/image\\\/\",\"url\":\"https:\\\/\\\/vorulagerinn.is\\\/wp-content\\\/uploads\\\/2022\\\/09\\\/Vorulagerinn-Logo-588x160-1.png\",\"contentUrl\":\"https:\\\/\\\/vorulagerinn.is\\\/wp-content\\\/uploads\\\/2022\\\/09\\\/Vorulagerinn-Logo-588x160-1.png\",\"width\":588,\"height\":160,\"caption\":\"V\u00f6rulagerinn\"},\"image\":{\"@id\":\"https:\\\/\\\/vorulagerinn.is\\\/#\\\/schema\\\/logo\\\/image\\\/\"},\"sameAs\":[\"https:\\\/\\\/www.facebook.com\\\/vorulagerinn\",\"https:\\\/\\\/www.instagram.com\\\/vorulagerinn\\\/\"]}]}<\/script>\n<meta property=\"product:price:amount\" content=\"3120\" \/>\n<meta property=\"product:price:currency\" content=\"ISK\" \/>\n<meta property=\"og:availability\" content=\"instock\" \/>\n<meta property=\"product:availability\" content=\"instock\" \/>\n<meta property=\"product:retailer_item_id\" content=\"JR-ZS511\" \/>\n<meta property=\"product:condition\" content=\"new\" \/>\n<!-- \/ Yoast SEO Premium plugin. -->","yoast_head_json":{"title":"S\u00f3lgleraugnafesting me\u00f0 segulfestingu \u00e1 s\u00f3lskyggni b\u00edlsins - V&ouml;rulagerinn","description":"Festingin heldur s\u00f3lgleraugunum f\u00f6stum \u00e1 sl\u00e9ttum sem hol\u00f3ttum vegum. \u00dea\u00f0 er au\u00f0velt a\u00f0 opna og loka festingunni me\u00f0 annarri hendi \u00e1n \u00feess a\u00f0 trufla akstur.","robots":{"index":"index","follow":"follow","max-snippet":"max-snippet:-1","max-image-preview":"max-image-preview:large","max-video-preview":"max-video-preview:-1"},"canonical":"https:\/\/vorulagerinn.is\/product\/jr-zs511\/","og_locale":"en_US","og_type":"article","og_title":"S\u00f3lgleraugnafesting me\u00f0 segulfestingu \u00e1 s\u00f3lskyggni b\u00edlsins","og_description":"Festingin heldur s\u00f3lgleraugunum f\u00f6stum \u00e1 sl\u00e9ttum sem hol\u00f3ttum vegum. \u00dea\u00f0 er au\u00f0velt a\u00f0 opna og loka festingunni me\u00f0 annarri hendi \u00e1n \u00feess a\u00f0 trufla akstur.","og_url":"https:\/\/vorulagerinn.is\/product\/jr-zs511\/","og_site_name":"V&ouml;rulagerinn","article_publisher":"https:\/\/www.facebook.com\/vorulagerinn","article_modified_time":"2026-02-04T15:29:44+00:00","og_image":[{"width":600,"height":600,"url":"https:\/\/vorulagerinn.is\/wp-content\/uploads\/2025\/12\/JR-ZS511-.jpg","type":"image\/jpeg"}],"twitter_card":"summary_large_image","twitter_misc":{"Price":"3.120&nbsp;kr.","Availability":"In stock"},"schema":{"@context":"https:\/\/schema.org","@graph":[{"@type":"WebPage","@id":"https:\/\/vorulagerinn.is\/product\/jr-zs511\/","url":"https:\/\/vorulagerinn.is\/product\/jr-zs511\/","name":"S\u00f3lgleraugnafesting me\u00f0 segulfestingu \u00e1 s\u00f3lskyggni b\u00edlsins - V&ouml;rulagerinn","isPartOf":{"@id":"https:\/\/vorulagerinn.is\/#website"},"primaryImageOfPage":{"@id":"https:\/\/vorulagerinn.is\/product\/jr-zs511\/#primaryimage"},"image":{"@id":"https:\/\/vorulagerinn.is\/product\/jr-zs511\/#primaryimage"},"thumbnailUrl":"https:\/\/vorulagerinn.is\/wp-content\/uploads\/2026\/02\/JR-ZS511.jpg","datePublished":"2025-12-09T07:19:36+00:00","dateModified":"2026-02-04T15:29:44+00:00","description":"Festingin heldur s\u00f3lgleraugunum f\u00f6stum \u00e1 sl\u00e9ttum sem hol\u00f3ttum vegum. \u00dea\u00f0 er au\u00f0velt a\u00f0 opna og loka festingunni me\u00f0 annarri hendi \u00e1n \u00feess a\u00f0 trufla akstur.","breadcrumb":{"@id":"https:\/\/vorulagerinn.is\/product\/jr-zs511\/#breadcrumb"},"inLanguage":"en-US","potentialAction":[{"@type":"ReadAction","target":["https:\/\/vorulagerinn.is\/product\/jr-zs511\/"]}]},{"@type":"ImageObject","inLanguage":"en-US","@id":"https:\/\/vorulagerinn.is\/product\/jr-zs511\/#primaryimage","url":"https:\/\/vorulagerinn.is\/wp-content\/uploads\/2026\/02\/JR-ZS511.jpg","contentUrl":"https:\/\/vorulagerinn.is\/wp-content\/uploads\/2026\/02\/JR-ZS511.jpg","width":600,"height":600},{"@type":"BreadcrumbList","@id":"https:\/\/vorulagerinn.is\/product\/jr-zs511\/#breadcrumb","itemListElement":[{"@type":"ListItem","position":1,"name":"Home","item":"https:\/\/vorulagerinn.is\/"},{"@type":"ListItem","position":2,"name":"Shop","item":"https:\/\/vorulagerinn.is\/en\/shop\/"},{"@type":"ListItem","position":3,"name":"S\u00f3lgleraugnafesting me\u00f0 segulfestingu \u00e1 s\u00f3lskyggni b\u00edlsins"}]},{"@type":"WebSite","@id":"https:\/\/vorulagerinn.is\/#website","url":"https:\/\/vorulagerinn.is\/","name":"V\u00f6rulagerinn","description":"L\u00e1ttu \u00fea\u00f0 eftir \u00fe\u00e9r","publisher":{"@id":"https:\/\/vorulagerinn.is\/#organization"},"potentialAction":[{"@type":"SearchAction","target":{"@type":"EntryPoint","urlTemplate":"https:\/\/vorulagerinn.is\/?s={search_term_string}"},"query-input":{"@type":"PropertyValueSpecification","valueRequired":true,"valueName":"search_term_string"}}],"inLanguage":"en-US"},{"@type":"Organization","@id":"https:\/\/vorulagerinn.is\/#organization","name":"V\u00f6rulagerinn","url":"https:\/\/vorulagerinn.is\/","logo":{"@type":"ImageObject","inLanguage":"en-US","@id":"https:\/\/vorulagerinn.is\/#\/schema\/logo\/image\/","url":"https:\/\/vorulagerinn.is\/wp-content\/uploads\/2022\/09\/Vorulagerinn-Logo-588x160-1.png","contentUrl":"https:\/\/vorulagerinn.is\/wp-content\/uploads\/2022\/09\/Vorulagerinn-Logo-588x160-1.png","width":588,"height":160,"caption":"V\u00f6rulagerinn"},"image":{"@id":"https:\/\/vorulagerinn.is\/#\/schema\/logo\/image\/"},"sameAs":["https:\/\/www.facebook.com\/vorulagerinn","https:\/\/www.instagram.com\/vorulagerinn\/"]}]},"product_price_amount":"3120","product_price_currency":"ISK","og_availability":"instock","product_availability":"instock","product_retailer_item_id":"JR-ZS511","product_condition":"new"},"_links":{"self":[{"href":"https:\/\/vorulagerinn.is\/en\/wp-json\/wp\/v2\/product\/30136","targetHints":{"allow":["GET"]}}],"collection":[{"href":"https:\/\/vorulagerinn.is\/en\/wp-json\/wp\/v2\/product"}],"about":[{"href":"https:\/\/vorulagerinn.is\/en\/wp-json\/wp\/v2\/types\/product"}],"wp:featuredmedia":[{"embeddable":true,"href":"https:\/\/vorulagerinn.is\/en\/wp-json\/wp\/v2\/media\/30531"}],"wp:attachment":[{"href":"https:\/\/vorulagerinn.is\/en\/wp-json\/wp\/v2\/media?parent=30136"}],"wp:term":[{"taxonomy":"product_brand","embeddable":true,"href":"https:\/\/vorulagerinn.is\/en\/wp-json\/wp\/v2\/product_brand?post=30136"},{"taxonomy":"product_cat","embeddable":true,"href":"https:\/\/vorulagerinn.is\/en\/wp-json\/wp\/v2\/product_cat?post=30136"},{"taxonomy":"product_tag","embeddable":true,"href":"https:\/\/vorulagerinn.is\/en\/wp-json\/wp\/v2\/product_tag?post=30136"}],"curies":[{"name":"wp","href":"https:\/\/api.w.org\/{rel}","templated":true}]}}