{"id":30216,"date":"2025-12-14T11:05:53","date_gmt":"2025-12-14T11:05:53","guid":{"rendered":"https:\/\/vorulagerinn.is\/?post_type=product&#038;p=30216"},"modified":"2026-03-20T14:49:18","modified_gmt":"2026-03-20T14:49:18","slug":"jr-fs1","status":"publish","type":"product","link":"https:\/\/vorulagerinn.is\/en\/product\/jr-fs1\/","title":{"rendered":"Starlight d\u00f6mu snjall\u00far me\u00f0 sk\u00fdrum 1,7 AMOLED skj\u00e1, BT 5,4, 1 ATM vatnsv\u00f6rn &amp; yfir 100 heilsu- og \u00ed\u00fer\u00f3ttastillingar"},"content":{"rendered":"<p>BT version: BT5.4<br \/>\nMemory: 128Mb<br \/>\nWater resistance: 1 ATM<br \/>\nBT range: 10m<br \/>\nScreen material: AMOLED<br \/>\nScreen size: 1.7<br \/>\nScreen resolution: 336*336<br \/>\nTouch control mode: full screen touch control<br \/>\nCharging time: about 2.5h<br \/>\nTypical usage time: about 5-7 days<br \/>\nStandby time (connected): about 25-30 days<br \/>\nBattery capacity: 190mAh<br \/>\nCharging input: 5V\u23930.5A<br \/>\nCharging mode: magnetic wireless charging<br \/>\nWorking frequency: 2402MHz-2480MHz<br \/>\nBand size: 18mm<br \/>\nApplicable wrist size: 102mm*182mm<br \/>\nOverall size: 38.5*46.8*11mm<br \/>\nBody material: zinc alloy<br \/>\nWeight: about 29g<\/p>\n<p>1. Precision hand-polished finish, high-gloss refined case, paired with a white ceramic strap, exuding timeless elegance<br \/>\n2. 1.7&#8243; AMOLED display with 2.5D high-transparency tempered glass and 1000nit ultra-high stimulated peak brightness<br \/>\n3. 11mm slim design<br \/>\n4. Convenient magnetic wireless charging, snap-and-charge<br \/>\n5. 1 ATM water resistance, withstands immersion in water up to 10m, easily guards against splash and rain \u2014 wear it worry-free at the office, home, or outdoors, enjoying both practicality and style<br \/>\n6. Metal body, high-strength metal frame, stylish and versatile<br \/>\n7. 100+ sports modes covering outdoor yoga, running, and more \u2014 tracking your sports data to analyze and optimize your training<br \/>\n8. Effortless on-wrist calling keeps your hands free, delivering crystal-clear Bluetooth audio with high fidelity even in noisy environments<br \/>\n9. All-round monitoring of heart rate, blood oxygen, sleep, stress, blood pressure, empowering you with a healthier life<br \/>\n10. Two watch band options for versatile occasions<\/p>\n","protected":false},"excerpt":{"rendered":"<p>St\u00edlhreint og fallegt d\u00f6mu snjall\u00far me\u00f0 \u00f6ll \u00fev\u00ed helsta. Bjartur 1,7&#8243; AMOLED skj\u00e1r me\u00f0 2,5D gegns\u00e6ju hertu gleri og 1000 nita h\u00e1marksbitustigi. 1 ATM vatnsheldni sem \u00feolir allt a\u00f0 10 metra d\u00fdpi \u00ed vatni. \u00dea\u00f0 eru yfir 100 \u00ed\u00fer\u00f3ttastillingar t.d. fyrir g\u00f6ngut\u00far, hlaup, hj\u00f3la, k\u00f6rfubolti, handbolti, f\u00f3tbolti, golf, yoga, fitness, dans og margt fleira. \u00de\u00e1 fylgist snjall\u00fari\u00f0 me\u00f0 hjartsl\u00e6tti, s\u00farefnismagni \u00ed bl\u00f3\u00f0i, svefni, streitu, bl\u00f3\u00f0\u00fer\u00fdstingi, skref og brennslu. \u00de\u00fa f\u00e6r\u00f0 tilkynningar um hver er a\u00f0 hringja e\u00f0a senda \u00fe\u00e9r skilabo\u00f0. Finndu s\u00edma\/\u00fari\u00f0 f\u00eddus, vekjari, skei\u00f0klukka, dagatal, ve\u00f0ur, vasalj\u00f3s, leikir og svo er h\u00e6gt a\u00f0 stj\u00f3rna t\u00f3nlistinni \u00ed s\u00edmanum \u00ed gegnum \u00fari\u00f0. Snjall\u00fari\u00f0 hentar b\u00e6\u00f0i Apple og Android snjalls\u00edmum.<\/p>\n<p>\u00cd kassanum fylgir me\u00f0 verkf\u00e6ri til a\u00f0 stytta \u00f3lina. \u00de\u00e1 fylgir einnig lj\u00f3sbleik s\u00edl\u00edkon \u00f3l.<br \/>\nVirkilega fallegt snjall\u00far me\u00f0 handp\u00fassa\u00f0ri \u00e1fer\u00f0.<\/p>\n<p>&#8211; Litur: Gull keram\u00edk<br \/>\n&#8211; \u00deyngd: 29g<br \/>\n&#8211; Efni: ABS + PC<br \/>\n&#8211; Bluetooth 5,4<br \/>\n&#8211; Skj\u00e1st\u00e6r\u00f0: 1,7&#8243;<br \/>\n&#8211; Skj\u00e1upplausn: 336*336<br \/>\n&#8211; Vatnsv\u00f6rn: 1 ATM (allt a\u00f0 10m d\u00fdpi \u00ed vatni)<br \/>\n&#8211; Rafhla\u00f0a: Dugar \u00ed allt a\u00f0 7 daga<br \/>\n&#8211; Auka bleik \u00f3l fylgir me\u00f0<br \/>\n&#8211; Vottanir CE &amp; ROHS<br \/>\n&#8211; N\u00e1nari uppl\u00fdsingar a\u00f0 ne\u00f0an<\/p>\n","protected":false},"featured_media":30678,"template":"","meta":[],"product_brand":[420],"product_cat":[386],"product_tag":[],"class_list":{"0":"post-30216","1":"product","2":"type-product","3":"status-publish","4":"has-post-thumbnail","6":"product_brand-joyroom","7":"product_cat-snjall-og-heilsuur","9":"first","10":"instock","11":"sale","12":"taxable","13":"shipping-taxable","14":"purchasable","15":"product-type-simple"},"supplier_id":null,"supplier_sku":"","barcode":null,"atum_controlled":true,"out_stock_date":null,"out_stock_threshold":null,"inheritable":false,"inbound_stock":0,"stock_on_hold":0,"sold_today":0,"sales_last_days":0,"reserved_stock":0,"customer_returns":0,"warehouse_damage":0,"lost_in_post":0,"other_logs":0,"out_stock_days":0,"lost_sales":0,"has_location":false,"update_date":"2026-04-12T00:16:08","atum_locations":[],"atum_stock_status":"instock","restock_status":false,"low_stock_amount":"","sales_update_date":"2026-04-12T00:16:08","calc_backorders":null,"yoast_head":"<!-- This site is optimized with the Yoast SEO Premium plugin v26.6 (Yoast SEO v27.3) - https:\/\/yoast.com\/product\/yoast-seo-premium-wordpress\/ -->\n<title>Starlight d\u00f6mu snjall\u00far | 1,7 AMOLED skj\u00e1r | +100 \u00ed\u00fer\u00f3ttastillingar<\/title>\n<meta name=\"description\" content=\"Bluetooth 5,4, 1 ATM vatnsv\u00f6rn, +100 heilsu- og \u00ed\u00fer\u00f3ttastillingar. \u00dari\u00f0 fylgist me\u00f0 hjartsl\u00e6tti, s\u00farefnismagni \u00ed bl\u00f3\u00f0i, svefni, streitu og bl\u00f3\u00f0\u00fer\u00fdstingi.\" \/>\n<meta name=\"robots\" content=\"index, follow, max-snippet:-1, max-image-preview:large, max-video-preview:-1\" \/>\n<link rel=\"canonical\" href=\"https:\/\/vorulagerinn.is\/product\/jr-fs1\/\" \/>\n<meta property=\"og:locale\" content=\"en_US\" \/>\n<meta property=\"og:type\" content=\"article\" \/>\n<meta property=\"og:title\" content=\"Starlight d\u00f6mu snjall\u00far me\u00f0 sk\u00fdrum 1,7 AMOLED skj\u00e1, BT 5,4, 1 ATM vatnsv\u00f6rn &amp; yfir 100 heilsu- og \u00ed\u00fer\u00f3ttastillingar\" \/>\n<meta property=\"og:description\" content=\"Bluetooth 5,4, 1 ATM vatnsv\u00f6rn, +100 heilsu- og \u00ed\u00fer\u00f3ttastillingar. \u00dari\u00f0 fylgist me\u00f0 hjartsl\u00e6tti, s\u00farefnismagni \u00ed bl\u00f3\u00f0i, svefni, streitu og bl\u00f3\u00f0\u00fer\u00fdstingi.\" \/>\n<meta property=\"og:url\" content=\"https:\/\/vorulagerinn.is\/product\/jr-fs1\/\" \/>\n<meta property=\"og:site_name\" content=\"V&ouml;rulagerinn\" \/>\n<meta property=\"article:publisher\" content=\"https:\/\/www.facebook.com\/vorulagerinn\" \/>\n<meta property=\"article:modified_time\" content=\"2026-03-20T14:49:18+00:00\" \/>\n<meta property=\"og:image\" content=\"https:\/\/vorulagerinn.is\/wp-content\/uploads\/2025\/12\/Starlight.jpg\" \/>\n\t<meta property=\"og:image:width\" content=\"600\" \/>\n\t<meta property=\"og:image:height\" content=\"600\" \/>\n\t<meta property=\"og:image:type\" content=\"image\/jpeg\" \/>\n<meta name=\"twitter:card\" content=\"summary_large_image\" \/>\n<meta name=\"twitter:label1\" content=\"Price\" \/>\n\t<meta name=\"twitter:data1\" content=\"25.200&nbsp;kr.\" \/>\n\t<meta name=\"twitter:label2\" content=\"Availability\" \/>\n\t<meta name=\"twitter:data2\" content=\"In stock\" \/>\n<script type=\"application\/ld+json\" class=\"yoast-schema-graph\">{\"@context\":\"https:\\\/\\\/schema.org\",\"@graph\":[{\"@type\":\"WebPage\",\"@id\":\"https:\\\/\\\/vorulagerinn.is\\\/product\\\/jr-fs1\\\/\",\"url\":\"https:\\\/\\\/vorulagerinn.is\\\/product\\\/jr-fs1\\\/\",\"name\":\"Starlight d\u00f6mu snjall\u00far | 1,7 AMOLED skj\u00e1r | +100 \u00ed\u00fer\u00f3ttastillingar\",\"isPartOf\":{\"@id\":\"https:\\\/\\\/vorulagerinn.is\\\/#website\"},\"primaryImageOfPage\":{\"@id\":\"https:\\\/\\\/vorulagerinn.is\\\/product\\\/jr-fs1\\\/#primaryimage\"},\"image\":{\"@id\":\"https:\\\/\\\/vorulagerinn.is\\\/product\\\/jr-fs1\\\/#primaryimage\"},\"thumbnailUrl\":\"https:\\\/\\\/vorulagerinn.is\\\/wp-content\\\/uploads\\\/2025\\\/12\\\/Starlight.jpg\",\"datePublished\":\"2025-12-14T11:05:53+00:00\",\"dateModified\":\"2026-03-20T14:49:18+00:00\",\"description\":\"Bluetooth 5,4, 1 ATM vatnsv\u00f6rn, +100 heilsu- og \u00ed\u00fer\u00f3ttastillingar. \u00dari\u00f0 fylgist me\u00f0 hjartsl\u00e6tti, s\u00farefnismagni \u00ed bl\u00f3\u00f0i, svefni, streitu og bl\u00f3\u00f0\u00fer\u00fdstingi.\",\"breadcrumb\":{\"@id\":\"https:\\\/\\\/vorulagerinn.is\\\/product\\\/jr-fs1\\\/#breadcrumb\"},\"inLanguage\":\"en-US\",\"potentialAction\":[{\"@type\":\"ReadAction\",\"target\":[\"https:\\\/\\\/vorulagerinn.is\\\/product\\\/jr-fs1\\\/\"]}]},{\"@type\":\"ImageObject\",\"inLanguage\":\"en-US\",\"@id\":\"https:\\\/\\\/vorulagerinn.is\\\/product\\\/jr-fs1\\\/#primaryimage\",\"url\":\"https:\\\/\\\/vorulagerinn.is\\\/wp-content\\\/uploads\\\/2025\\\/12\\\/Starlight.jpg\",\"contentUrl\":\"https:\\\/\\\/vorulagerinn.is\\\/wp-content\\\/uploads\\\/2025\\\/12\\\/Starlight.jpg\",\"width\":600,\"height\":600},{\"@type\":\"BreadcrumbList\",\"@id\":\"https:\\\/\\\/vorulagerinn.is\\\/product\\\/jr-fs1\\\/#breadcrumb\",\"itemListElement\":[{\"@type\":\"ListItem\",\"position\":1,\"name\":\"Home\",\"item\":\"https:\\\/\\\/vorulagerinn.is\\\/\"},{\"@type\":\"ListItem\",\"position\":2,\"name\":\"Shop\",\"item\":\"https:\\\/\\\/vorulagerinn.is\\\/en\\\/shop\\\/\"},{\"@type\":\"ListItem\",\"position\":3,\"name\":\"Starlight d\u00f6mu snjall\u00far me\u00f0 sk\u00fdrum 1,7 AMOLED skj\u00e1, BT 5,4, 1 ATM vatnsv\u00f6rn &amp; yfir 100 heilsu- og \u00ed\u00fer\u00f3ttastillingar\"}]},{\"@type\":\"WebSite\",\"@id\":\"https:\\\/\\\/vorulagerinn.is\\\/#website\",\"url\":\"https:\\\/\\\/vorulagerinn.is\\\/\",\"name\":\"V\u00f6rulagerinn\",\"description\":\"L\u00e1ttu \u00fea\u00f0 eftir \u00fe\u00e9r\",\"publisher\":{\"@id\":\"https:\\\/\\\/vorulagerinn.is\\\/#organization\"},\"potentialAction\":[{\"@type\":\"SearchAction\",\"target\":{\"@type\":\"EntryPoint\",\"urlTemplate\":\"https:\\\/\\\/vorulagerinn.is\\\/?s={search_term_string}\"},\"query-input\":{\"@type\":\"PropertyValueSpecification\",\"valueRequired\":true,\"valueName\":\"search_term_string\"}}],\"inLanguage\":\"en-US\"},{\"@type\":\"Organization\",\"@id\":\"https:\\\/\\\/vorulagerinn.is\\\/#organization\",\"name\":\"V\u00f6rulagerinn\",\"url\":\"https:\\\/\\\/vorulagerinn.is\\\/\",\"logo\":{\"@type\":\"ImageObject\",\"inLanguage\":\"en-US\",\"@id\":\"https:\\\/\\\/vorulagerinn.is\\\/#\\\/schema\\\/logo\\\/image\\\/\",\"url\":\"https:\\\/\\\/vorulagerinn.is\\\/wp-content\\\/uploads\\\/2022\\\/09\\\/Vorulagerinn-Logo-588x160-1.png\",\"contentUrl\":\"https:\\\/\\\/vorulagerinn.is\\\/wp-content\\\/uploads\\\/2022\\\/09\\\/Vorulagerinn-Logo-588x160-1.png\",\"width\":588,\"height\":160,\"caption\":\"V\u00f6rulagerinn\"},\"image\":{\"@id\":\"https:\\\/\\\/vorulagerinn.is\\\/#\\\/schema\\\/logo\\\/image\\\/\"},\"sameAs\":[\"https:\\\/\\\/www.facebook.com\\\/vorulagerinn\",\"https:\\\/\\\/www.instagram.com\\\/vorulagerinn\\\/\"]}]}<\/script>\n<meta property=\"product:price:amount\" content=\"25200\" \/>\n<meta property=\"product:price:currency\" content=\"ISK\" \/>\n<meta property=\"og:availability\" content=\"instock\" \/>\n<meta property=\"product:availability\" content=\"instock\" \/>\n<meta property=\"product:retailer_item_id\" content=\"JR-FS1\" \/>\n<meta property=\"product:condition\" content=\"new\" \/>\n<!-- \/ Yoast SEO Premium plugin. -->","yoast_head_json":{"title":"Starlight d\u00f6mu snjall\u00far | 1,7 AMOLED skj\u00e1r | +100 \u00ed\u00fer\u00f3ttastillingar","description":"Bluetooth 5,4, 1 ATM vatnsv\u00f6rn, +100 heilsu- og \u00ed\u00fer\u00f3ttastillingar. \u00dari\u00f0 fylgist me\u00f0 hjartsl\u00e6tti, s\u00farefnismagni \u00ed bl\u00f3\u00f0i, svefni, streitu og bl\u00f3\u00f0\u00fer\u00fdstingi.","robots":{"index":"index","follow":"follow","max-snippet":"max-snippet:-1","max-image-preview":"max-image-preview:large","max-video-preview":"max-video-preview:-1"},"canonical":"https:\/\/vorulagerinn.is\/product\/jr-fs1\/","og_locale":"en_US","og_type":"article","og_title":"Starlight d\u00f6mu snjall\u00far me\u00f0 sk\u00fdrum 1,7 AMOLED skj\u00e1, BT 5,4, 1 ATM vatnsv\u00f6rn &amp; yfir 100 heilsu- og \u00ed\u00fer\u00f3ttastillingar","og_description":"Bluetooth 5,4, 1 ATM vatnsv\u00f6rn, +100 heilsu- og \u00ed\u00fer\u00f3ttastillingar. \u00dari\u00f0 fylgist me\u00f0 hjartsl\u00e6tti, s\u00farefnismagni \u00ed bl\u00f3\u00f0i, svefni, streitu og bl\u00f3\u00f0\u00fer\u00fdstingi.","og_url":"https:\/\/vorulagerinn.is\/product\/jr-fs1\/","og_site_name":"V&ouml;rulagerinn","article_publisher":"https:\/\/www.facebook.com\/vorulagerinn","article_modified_time":"2026-03-20T14:49:18+00:00","og_image":[{"width":600,"height":600,"url":"https:\/\/vorulagerinn.is\/wp-content\/uploads\/2025\/12\/Starlight.jpg","type":"image\/jpeg"}],"twitter_card":"summary_large_image","twitter_misc":{"Price":"25.200&nbsp;kr.","Availability":"In stock"},"schema":{"@context":"https:\/\/schema.org","@graph":[{"@type":"WebPage","@id":"https:\/\/vorulagerinn.is\/product\/jr-fs1\/","url":"https:\/\/vorulagerinn.is\/product\/jr-fs1\/","name":"Starlight d\u00f6mu snjall\u00far | 1,7 AMOLED skj\u00e1r | +100 \u00ed\u00fer\u00f3ttastillingar","isPartOf":{"@id":"https:\/\/vorulagerinn.is\/#website"},"primaryImageOfPage":{"@id":"https:\/\/vorulagerinn.is\/product\/jr-fs1\/#primaryimage"},"image":{"@id":"https:\/\/vorulagerinn.is\/product\/jr-fs1\/#primaryimage"},"thumbnailUrl":"https:\/\/vorulagerinn.is\/wp-content\/uploads\/2025\/12\/Starlight.jpg","datePublished":"2025-12-14T11:05:53+00:00","dateModified":"2026-03-20T14:49:18+00:00","description":"Bluetooth 5,4, 1 ATM vatnsv\u00f6rn, +100 heilsu- og \u00ed\u00fer\u00f3ttastillingar. \u00dari\u00f0 fylgist me\u00f0 hjartsl\u00e6tti, s\u00farefnismagni \u00ed bl\u00f3\u00f0i, svefni, streitu og bl\u00f3\u00f0\u00fer\u00fdstingi.","breadcrumb":{"@id":"https:\/\/vorulagerinn.is\/product\/jr-fs1\/#breadcrumb"},"inLanguage":"en-US","potentialAction":[{"@type":"ReadAction","target":["https:\/\/vorulagerinn.is\/product\/jr-fs1\/"]}]},{"@type":"ImageObject","inLanguage":"en-US","@id":"https:\/\/vorulagerinn.is\/product\/jr-fs1\/#primaryimage","url":"https:\/\/vorulagerinn.is\/wp-content\/uploads\/2025\/12\/Starlight.jpg","contentUrl":"https:\/\/vorulagerinn.is\/wp-content\/uploads\/2025\/12\/Starlight.jpg","width":600,"height":600},{"@type":"BreadcrumbList","@id":"https:\/\/vorulagerinn.is\/product\/jr-fs1\/#breadcrumb","itemListElement":[{"@type":"ListItem","position":1,"name":"Home","item":"https:\/\/vorulagerinn.is\/"},{"@type":"ListItem","position":2,"name":"Shop","item":"https:\/\/vorulagerinn.is\/en\/shop\/"},{"@type":"ListItem","position":3,"name":"Starlight d\u00f6mu snjall\u00far me\u00f0 sk\u00fdrum 1,7 AMOLED skj\u00e1, BT 5,4, 1 ATM vatnsv\u00f6rn &amp; yfir 100 heilsu- og \u00ed\u00fer\u00f3ttastillingar"}]},{"@type":"WebSite","@id":"https:\/\/vorulagerinn.is\/#website","url":"https:\/\/vorulagerinn.is\/","name":"V\u00f6rulagerinn","description":"L\u00e1ttu \u00fea\u00f0 eftir \u00fe\u00e9r","publisher":{"@id":"https:\/\/vorulagerinn.is\/#organization"},"potentialAction":[{"@type":"SearchAction","target":{"@type":"EntryPoint","urlTemplate":"https:\/\/vorulagerinn.is\/?s={search_term_string}"},"query-input":{"@type":"PropertyValueSpecification","valueRequired":true,"valueName":"search_term_string"}}],"inLanguage":"en-US"},{"@type":"Organization","@id":"https:\/\/vorulagerinn.is\/#organization","name":"V\u00f6rulagerinn","url":"https:\/\/vorulagerinn.is\/","logo":{"@type":"ImageObject","inLanguage":"en-US","@id":"https:\/\/vorulagerinn.is\/#\/schema\/logo\/image\/","url":"https:\/\/vorulagerinn.is\/wp-content\/uploads\/2022\/09\/Vorulagerinn-Logo-588x160-1.png","contentUrl":"https:\/\/vorulagerinn.is\/wp-content\/uploads\/2022\/09\/Vorulagerinn-Logo-588x160-1.png","width":588,"height":160,"caption":"V\u00f6rulagerinn"},"image":{"@id":"https:\/\/vorulagerinn.is\/#\/schema\/logo\/image\/"},"sameAs":["https:\/\/www.facebook.com\/vorulagerinn","https:\/\/www.instagram.com\/vorulagerinn\/"]}]},"product_price_amount":"25200","product_price_currency":"ISK","og_availability":"instock","product_availability":"instock","product_retailer_item_id":"JR-FS1","product_condition":"new"},"_links":{"self":[{"href":"https:\/\/vorulagerinn.is\/en\/wp-json\/wp\/v2\/product\/30216","targetHints":{"allow":["GET"]}}],"collection":[{"href":"https:\/\/vorulagerinn.is\/en\/wp-json\/wp\/v2\/product"}],"about":[{"href":"https:\/\/vorulagerinn.is\/en\/wp-json\/wp\/v2\/types\/product"}],"wp:featuredmedia":[{"embeddable":true,"href":"https:\/\/vorulagerinn.is\/en\/wp-json\/wp\/v2\/media\/30678"}],"wp:attachment":[{"href":"https:\/\/vorulagerinn.is\/en\/wp-json\/wp\/v2\/media?parent=30216"}],"wp:term":[{"taxonomy":"product_brand","embeddable":true,"href":"https:\/\/vorulagerinn.is\/en\/wp-json\/wp\/v2\/product_brand?post=30216"},{"taxonomy":"product_cat","embeddable":true,"href":"https:\/\/vorulagerinn.is\/en\/wp-json\/wp\/v2\/product_cat?post=30216"},{"taxonomy":"product_tag","embeddable":true,"href":"https:\/\/vorulagerinn.is\/en\/wp-json\/wp\/v2\/product_tag?post=30216"}],"curies":[{"name":"wp","href":"https:\/\/api.w.org\/{rel}","templated":true}]}}