{"id":30224,"date":"2025-12-14T21:05:27","date_gmt":"2025-12-14T21:05:27","guid":{"rendered":"https:\/\/vorulagerinn.is\/?post_type=product&#038;p=30224"},"modified":"2026-02-14T15:04:44","modified_gmt":"2026-02-14T15:04:44","slug":"jr-fn3","status":"publish","type":"product","link":"https:\/\/vorulagerinn.is\/en\/product\/jr-fn3\/","title":{"rendered":"\u00d6flug \u00fer\u00e1\u00f0laus Earbuds heyrnart\u00f3l me\u00f0 fr\u00e1b\u00e6rum hlj\u00f3mg\u00e6\u00f0um, BT 5.4, ANC h\u00e1va\u00f0adeyfing (noise cancelling), IPX4 vatnsv\u00f6rn og allt a\u00f0 7 klst \u00e1 einni hle\u00f0slu"},"content":{"rendered":"","protected":false},"excerpt":{"rendered":"<p>Kraftmikil \u00fer\u00e1\u00f0laus heyrnart\u00f3l me\u00f0 fr\u00e1b\u00e6rum hlj\u00f3mg\u00e6\u00f0um sem stj\u00f3rna\u00f0 er me\u00f0 appi sem h\u00e6gt er a\u00f0 ni\u00f0urhala \u00ed snjalls\u00edmann. \u00cd appinu er h\u00e6gt a\u00f0 uppf\u00e6ra heyrnart\u00f3lin, s\u00fdna \u00e1 korti hvar \u00feau voru notu\u00f0 seinast og l\u00e1ti\u00f0 heyrnart\u00f3lin gefa fr\u00e1 s\u00e9r hlj\u00f3\u00f0 ef \u00fe\u00fa finnur \u00feau ekki. \u00dea\u00f0 er h\u00e6gt a\u00f0 stilla \u00ed appi hva\u00f0 gerist \u00feegar \u00fe\u00fa smellir tvisvar sinnum e\u00f0a \u00ferisvar sinnum \u00e1 hvort t\u00e6ki fyrir sig. \u00de\u00fa getur t.d. l\u00e1ti\u00f0 t\u00e6ki\u00f0 fara \u00e1 p\u00e1su\/kveikja \u00e1 t\u00f3nlist, n\u00e6sta lag, h\u00e6kka og l\u00e6kka me\u00f0 \u00fev\u00ed a\u00f0 smella \u00e1 h\u00e6gra e\u00f0a vinstra heyrnart\u00f3li\u00f0. \u00cd appinu er h\u00e6gt a\u00f0 stilla hvort \u00fe\u00fa vilt nota \u201ePower Rock\u201c, Clear Vocals, Pop Music, Treble Boost e\u00f0a Lounge Jazz \u00feegar \u00fe\u00fa ert a\u00f0 hlusta \u00e1 t\u00f3nlist. \u00de\u00e1 er h\u00e6gt a\u00f0 virkja h\u00e1va\u00f0adeyfingu (noise cancelling)<\/p>\n<p>Bluetooth 5.4 tengingin veitir sterkari sendingu og minna tap \u00e1 hlj\u00f3mg\u00e6\u00f0um. Heyrnart\u00f3lin tengjast sj\u00e1lfkrafa \u00feegar hle\u00f0sluboxi\u00f0 er opna\u00f0. IPX4 vatnsv\u00f6rn (l\u00e9tt rigning og svita\u00feolin) og \u00fev\u00ed upplagt a\u00f0 taka me\u00f0 \u00ed r\u00e6ktina e\u00f0a g\u00f6ngut\u00farinn. Rafhla\u00f0an dugar \u00ed allt a\u00f0 7 klst \u00e1 einni hle\u00f0slu og 28 klst me\u00f0 hle\u00f0sluboxinu. \u00cd gegnum appi\u00f0 er h\u00e6gt a\u00f0 stilla \u00e1 transparency mode sem gerir notanda kleift a\u00f0 heyra sk\u00fdrt \u00ed umhverfinu og vi\u00f0m\u00e6landa \u00e1n \u00feess a\u00f0 taka heyrnart\u00f3lin \u00far eyranu. \u00de\u00e1 er h\u00e6gt a\u00f0 velja \u00e1 milli classic mode e\u00f0a Bass boost \u00feegar hlusta\u00f0 er \u00e1 t\u00f3nlist, hlj\u00f3\u00f0b\u00f3k, horft \u00e1 kvikmyndir e\u00f0a spila\u00f0 t\u00f6lvuleiki. Skj\u00e1r \u00e1 hle\u00f0sluboxi s\u00fdnir hle\u00f0slu \u00e1 hvoru heyrnart\u00f3li fyrir sig.<\/p>\n<p>\u2013 ANC hlj\u00f3\u00f0einangrun (noise cancelling)<br \/>\n\u2013 Bluetooth 5.4<br \/>\n\u2013 Rafhla\u00f0a: Allt a\u00f0 28 klst me\u00f0 hle\u00f0sluboxi<br \/>\n\u2013 IPX4 vatnsv\u00f6rn<br \/>\n\u2013 Skj\u00e1r \u00e1 hulstri s\u00fdnir hle\u00f0slu \u00e1 hvoru heyrnart\u00f3l fyrir sig<br \/>\n\u2013 App<br \/>\n\u2013 USB-A \u00ed USB-C hle\u00f0slusn\u00fara<br \/>\n\u2013 Vottanir: CE &amp; ROHS<\/p>\n","protected":false},"featured_media":30219,"template":"","meta":[],"product_brand":[420],"product_cat":[435],"product_tag":[],"class_list":{"0":"post-30224","1":"product","2":"type-product","3":"status-publish","4":"has-post-thumbnail","6":"product_brand-joyroom","7":"product_cat-i-eyru-in-ear","9":"first","10":"instock","11":"sale","12":"taxable","13":"shipping-taxable","14":"purchasable","15":"product-type-simple"},"supplier_id":null,"supplier_sku":"","barcode":null,"atum_controlled":true,"out_stock_date":null,"out_stock_threshold":null,"inheritable":false,"inbound_stock":0,"stock_on_hold":0,"sold_today":0,"sales_last_days":0,"reserved_stock":0,"customer_returns":0,"warehouse_damage":0,"lost_in_post":0,"other_logs":0,"out_stock_days":0,"lost_sales":0,"has_location":false,"update_date":"2026-04-13T00:16:08","atum_locations":[],"atum_stock_status":"instock","restock_status":false,"low_stock_amount":"","sales_update_date":"2026-04-13T00:16:08","calc_backorders":null,"yoast_head":"<!-- This site is optimized with the Yoast SEO Premium plugin v26.6 (Yoast SEO v27.3) - https:\/\/yoast.com\/product\/yoast-seo-premium-wordpress\/ -->\n<title>\u00d6flug \u00fer\u00e1\u00f0laus Earbuds heyrnart\u00f3l me\u00f0 fr\u00e1b\u00e6rum hlj\u00f3mg\u00e6\u00f0um<\/title>\n<meta name=\"description\" content=\"Kraftmikil heyrnart\u00f3l me\u00f0 ANC h\u00e1va\u00f0adeyfing (noise cancelling) &amp; IPX4 vatnsv\u00f6rn. APP til a\u00f0 stilla \u201ePower Rock\u201c, Clear Vocals, Pop Music, Treble Boost o.fl.\" \/>\n<meta name=\"robots\" content=\"index, follow, max-snippet:-1, max-image-preview:large, max-video-preview:-1\" \/>\n<link rel=\"canonical\" href=\"https:\/\/vorulagerinn.is\/product\/jr-fn3\/\" \/>\n<meta property=\"og:locale\" content=\"en_US\" \/>\n<meta property=\"og:type\" content=\"article\" \/>\n<meta property=\"og:title\" content=\"\u00d6flug \u00fer\u00e1\u00f0laus Earbuds heyrnart\u00f3l me\u00f0 fr\u00e1b\u00e6rum hlj\u00f3mg\u00e6\u00f0um, BT 5.4, ANC h\u00e1va\u00f0adeyfing (noise cancelling), IPX4 vatnsv\u00f6rn og allt a\u00f0 7 klst \u00e1 einni hle\u00f0slu\" \/>\n<meta property=\"og:description\" content=\"Kraftmikil heyrnart\u00f3l me\u00f0 ANC h\u00e1va\u00f0adeyfing (noise cancelling) &amp; IPX4 vatnsv\u00f6rn. APP til a\u00f0 stilla \u201ePower Rock\u201c, Clear Vocals, Pop Music, Treble Boost o.fl.\" \/>\n<meta property=\"og:url\" content=\"https:\/\/vorulagerinn.is\/product\/jr-fn3\/\" \/>\n<meta property=\"og:site_name\" content=\"V&ouml;rulagerinn\" \/>\n<meta property=\"article:publisher\" content=\"https:\/\/www.facebook.com\/vorulagerinn\" \/>\n<meta property=\"article:modified_time\" content=\"2026-02-14T15:04:44+00:00\" \/>\n<meta property=\"og:image\" content=\"https:\/\/vorulagerinn.is\/wp-content\/uploads\/2025\/12\/JR-FN3-.jpg\" \/>\n\t<meta property=\"og:image:width\" content=\"600\" \/>\n\t<meta property=\"og:image:height\" content=\"600\" \/>\n\t<meta property=\"og:image:type\" content=\"image\/jpeg\" \/>\n<meta name=\"twitter:card\" content=\"summary_large_image\" \/>\n<meta name=\"twitter:label1\" content=\"Price\" \/>\n\t<meta name=\"twitter:data1\" content=\"11.700&nbsp;kr.\" \/>\n\t<meta name=\"twitter:label2\" content=\"Availability\" \/>\n\t<meta name=\"twitter:data2\" content=\"In stock\" \/>\n<script type=\"application\/ld+json\" class=\"yoast-schema-graph\">{\"@context\":\"https:\\\/\\\/schema.org\",\"@graph\":[{\"@type\":\"WebPage\",\"@id\":\"https:\\\/\\\/vorulagerinn.is\\\/product\\\/jr-fn3\\\/\",\"url\":\"https:\\\/\\\/vorulagerinn.is\\\/product\\\/jr-fn3\\\/\",\"name\":\"\u00d6flug \u00fer\u00e1\u00f0laus Earbuds heyrnart\u00f3l me\u00f0 fr\u00e1b\u00e6rum hlj\u00f3mg\u00e6\u00f0um\",\"isPartOf\":{\"@id\":\"https:\\\/\\\/vorulagerinn.is\\\/#website\"},\"primaryImageOfPage\":{\"@id\":\"https:\\\/\\\/vorulagerinn.is\\\/product\\\/jr-fn3\\\/#primaryimage\"},\"image\":{\"@id\":\"https:\\\/\\\/vorulagerinn.is\\\/product\\\/jr-fn3\\\/#primaryimage\"},\"thumbnailUrl\":\"https:\\\/\\\/vorulagerinn.is\\\/wp-content\\\/uploads\\\/2025\\\/12\\\/JR-FN3-.jpg\",\"datePublished\":\"2025-12-14T21:05:27+00:00\",\"dateModified\":\"2026-02-14T15:04:44+00:00\",\"description\":\"Kraftmikil heyrnart\u00f3l me\u00f0 ANC h\u00e1va\u00f0adeyfing (noise cancelling) & IPX4 vatnsv\u00f6rn. APP til a\u00f0 stilla \u201ePower Rock\u201c, Clear Vocals, Pop Music, Treble Boost o.fl.\",\"breadcrumb\":{\"@id\":\"https:\\\/\\\/vorulagerinn.is\\\/product\\\/jr-fn3\\\/#breadcrumb\"},\"inLanguage\":\"en-US\",\"potentialAction\":[{\"@type\":\"ReadAction\",\"target\":[\"https:\\\/\\\/vorulagerinn.is\\\/product\\\/jr-fn3\\\/\"]}]},{\"@type\":\"ImageObject\",\"inLanguage\":\"en-US\",\"@id\":\"https:\\\/\\\/vorulagerinn.is\\\/product\\\/jr-fn3\\\/#primaryimage\",\"url\":\"https:\\\/\\\/vorulagerinn.is\\\/wp-content\\\/uploads\\\/2025\\\/12\\\/JR-FN3-.jpg\",\"contentUrl\":\"https:\\\/\\\/vorulagerinn.is\\\/wp-content\\\/uploads\\\/2025\\\/12\\\/JR-FN3-.jpg\",\"width\":600,\"height\":600},{\"@type\":\"BreadcrumbList\",\"@id\":\"https:\\\/\\\/vorulagerinn.is\\\/product\\\/jr-fn3\\\/#breadcrumb\",\"itemListElement\":[{\"@type\":\"ListItem\",\"position\":1,\"name\":\"Home\",\"item\":\"https:\\\/\\\/vorulagerinn.is\\\/\"},{\"@type\":\"ListItem\",\"position\":2,\"name\":\"Shop\",\"item\":\"https:\\\/\\\/vorulagerinn.is\\\/en\\\/shop\\\/\"},{\"@type\":\"ListItem\",\"position\":3,\"name\":\"\u00d6flug \u00fer\u00e1\u00f0laus Earbuds heyrnart\u00f3l me\u00f0 fr\u00e1b\u00e6rum hlj\u00f3mg\u00e6\u00f0um, BT 5.4, ANC h\u00e1va\u00f0adeyfing (noise cancelling), IPX4 vatnsv\u00f6rn og allt a\u00f0 7 klst \u00e1 einni hle\u00f0slu\"}]},{\"@type\":\"WebSite\",\"@id\":\"https:\\\/\\\/vorulagerinn.is\\\/#website\",\"url\":\"https:\\\/\\\/vorulagerinn.is\\\/\",\"name\":\"V\u00f6rulagerinn\",\"description\":\"L\u00e1ttu \u00fea\u00f0 eftir \u00fe\u00e9r\",\"publisher\":{\"@id\":\"https:\\\/\\\/vorulagerinn.is\\\/#organization\"},\"potentialAction\":[{\"@type\":\"SearchAction\",\"target\":{\"@type\":\"EntryPoint\",\"urlTemplate\":\"https:\\\/\\\/vorulagerinn.is\\\/?s={search_term_string}\"},\"query-input\":{\"@type\":\"PropertyValueSpecification\",\"valueRequired\":true,\"valueName\":\"search_term_string\"}}],\"inLanguage\":\"en-US\"},{\"@type\":\"Organization\",\"@id\":\"https:\\\/\\\/vorulagerinn.is\\\/#organization\",\"name\":\"V\u00f6rulagerinn\",\"url\":\"https:\\\/\\\/vorulagerinn.is\\\/\",\"logo\":{\"@type\":\"ImageObject\",\"inLanguage\":\"en-US\",\"@id\":\"https:\\\/\\\/vorulagerinn.is\\\/#\\\/schema\\\/logo\\\/image\\\/\",\"url\":\"https:\\\/\\\/vorulagerinn.is\\\/wp-content\\\/uploads\\\/2022\\\/09\\\/Vorulagerinn-Logo-588x160-1.png\",\"contentUrl\":\"https:\\\/\\\/vorulagerinn.is\\\/wp-content\\\/uploads\\\/2022\\\/09\\\/Vorulagerinn-Logo-588x160-1.png\",\"width\":588,\"height\":160,\"caption\":\"V\u00f6rulagerinn\"},\"image\":{\"@id\":\"https:\\\/\\\/vorulagerinn.is\\\/#\\\/schema\\\/logo\\\/image\\\/\"},\"sameAs\":[\"https:\\\/\\\/www.facebook.com\\\/vorulagerinn\",\"https:\\\/\\\/www.instagram.com\\\/vorulagerinn\\\/\"]}]}<\/script>\n<meta property=\"product:price:amount\" content=\"11700\" \/>\n<meta property=\"product:price:currency\" content=\"ISK\" \/>\n<meta property=\"og:availability\" content=\"instock\" \/>\n<meta property=\"product:availability\" content=\"instock\" \/>\n<meta property=\"product:retailer_item_id\" content=\"JR-FN3\" \/>\n<meta property=\"product:condition\" content=\"new\" \/>\n<!-- \/ Yoast SEO Premium plugin. -->","yoast_head_json":{"title":"\u00d6flug \u00fer\u00e1\u00f0laus Earbuds heyrnart\u00f3l me\u00f0 fr\u00e1b\u00e6rum hlj\u00f3mg\u00e6\u00f0um","description":"Kraftmikil heyrnart\u00f3l me\u00f0 ANC h\u00e1va\u00f0adeyfing (noise cancelling) & IPX4 vatnsv\u00f6rn. APP til a\u00f0 stilla \u201ePower Rock\u201c, Clear Vocals, Pop Music, Treble Boost o.fl.","robots":{"index":"index","follow":"follow","max-snippet":"max-snippet:-1","max-image-preview":"max-image-preview:large","max-video-preview":"max-video-preview:-1"},"canonical":"https:\/\/vorulagerinn.is\/product\/jr-fn3\/","og_locale":"en_US","og_type":"article","og_title":"\u00d6flug \u00fer\u00e1\u00f0laus Earbuds heyrnart\u00f3l me\u00f0 fr\u00e1b\u00e6rum hlj\u00f3mg\u00e6\u00f0um, BT 5.4, ANC h\u00e1va\u00f0adeyfing (noise cancelling), IPX4 vatnsv\u00f6rn og allt a\u00f0 7 klst \u00e1 einni hle\u00f0slu","og_description":"Kraftmikil heyrnart\u00f3l me\u00f0 ANC h\u00e1va\u00f0adeyfing (noise cancelling) & IPX4 vatnsv\u00f6rn. APP til a\u00f0 stilla \u201ePower Rock\u201c, Clear Vocals, Pop Music, Treble Boost o.fl.","og_url":"https:\/\/vorulagerinn.is\/product\/jr-fn3\/","og_site_name":"V&ouml;rulagerinn","article_publisher":"https:\/\/www.facebook.com\/vorulagerinn","article_modified_time":"2026-02-14T15:04:44+00:00","og_image":[{"width":600,"height":600,"url":"https:\/\/vorulagerinn.is\/wp-content\/uploads\/2025\/12\/JR-FN3-.jpg","type":"image\/jpeg"}],"twitter_card":"summary_large_image","twitter_misc":{"Price":"11.700&nbsp;kr.","Availability":"In stock"},"schema":{"@context":"https:\/\/schema.org","@graph":[{"@type":"WebPage","@id":"https:\/\/vorulagerinn.is\/product\/jr-fn3\/","url":"https:\/\/vorulagerinn.is\/product\/jr-fn3\/","name":"\u00d6flug \u00fer\u00e1\u00f0laus Earbuds heyrnart\u00f3l me\u00f0 fr\u00e1b\u00e6rum hlj\u00f3mg\u00e6\u00f0um","isPartOf":{"@id":"https:\/\/vorulagerinn.is\/#website"},"primaryImageOfPage":{"@id":"https:\/\/vorulagerinn.is\/product\/jr-fn3\/#primaryimage"},"image":{"@id":"https:\/\/vorulagerinn.is\/product\/jr-fn3\/#primaryimage"},"thumbnailUrl":"https:\/\/vorulagerinn.is\/wp-content\/uploads\/2025\/12\/JR-FN3-.jpg","datePublished":"2025-12-14T21:05:27+00:00","dateModified":"2026-02-14T15:04:44+00:00","description":"Kraftmikil heyrnart\u00f3l me\u00f0 ANC h\u00e1va\u00f0adeyfing (noise cancelling) & IPX4 vatnsv\u00f6rn. APP til a\u00f0 stilla \u201ePower Rock\u201c, Clear Vocals, Pop Music, Treble Boost o.fl.","breadcrumb":{"@id":"https:\/\/vorulagerinn.is\/product\/jr-fn3\/#breadcrumb"},"inLanguage":"en-US","potentialAction":[{"@type":"ReadAction","target":["https:\/\/vorulagerinn.is\/product\/jr-fn3\/"]}]},{"@type":"ImageObject","inLanguage":"en-US","@id":"https:\/\/vorulagerinn.is\/product\/jr-fn3\/#primaryimage","url":"https:\/\/vorulagerinn.is\/wp-content\/uploads\/2025\/12\/JR-FN3-.jpg","contentUrl":"https:\/\/vorulagerinn.is\/wp-content\/uploads\/2025\/12\/JR-FN3-.jpg","width":600,"height":600},{"@type":"BreadcrumbList","@id":"https:\/\/vorulagerinn.is\/product\/jr-fn3\/#breadcrumb","itemListElement":[{"@type":"ListItem","position":1,"name":"Home","item":"https:\/\/vorulagerinn.is\/"},{"@type":"ListItem","position":2,"name":"Shop","item":"https:\/\/vorulagerinn.is\/en\/shop\/"},{"@type":"ListItem","position":3,"name":"\u00d6flug \u00fer\u00e1\u00f0laus Earbuds heyrnart\u00f3l me\u00f0 fr\u00e1b\u00e6rum hlj\u00f3mg\u00e6\u00f0um, BT 5.4, ANC h\u00e1va\u00f0adeyfing (noise cancelling), IPX4 vatnsv\u00f6rn og allt a\u00f0 7 klst \u00e1 einni hle\u00f0slu"}]},{"@type":"WebSite","@id":"https:\/\/vorulagerinn.is\/#website","url":"https:\/\/vorulagerinn.is\/","name":"V\u00f6rulagerinn","description":"L\u00e1ttu \u00fea\u00f0 eftir \u00fe\u00e9r","publisher":{"@id":"https:\/\/vorulagerinn.is\/#organization"},"potentialAction":[{"@type":"SearchAction","target":{"@type":"EntryPoint","urlTemplate":"https:\/\/vorulagerinn.is\/?s={search_term_string}"},"query-input":{"@type":"PropertyValueSpecification","valueRequired":true,"valueName":"search_term_string"}}],"inLanguage":"en-US"},{"@type":"Organization","@id":"https:\/\/vorulagerinn.is\/#organization","name":"V\u00f6rulagerinn","url":"https:\/\/vorulagerinn.is\/","logo":{"@type":"ImageObject","inLanguage":"en-US","@id":"https:\/\/vorulagerinn.is\/#\/schema\/logo\/image\/","url":"https:\/\/vorulagerinn.is\/wp-content\/uploads\/2022\/09\/Vorulagerinn-Logo-588x160-1.png","contentUrl":"https:\/\/vorulagerinn.is\/wp-content\/uploads\/2022\/09\/Vorulagerinn-Logo-588x160-1.png","width":588,"height":160,"caption":"V\u00f6rulagerinn"},"image":{"@id":"https:\/\/vorulagerinn.is\/#\/schema\/logo\/image\/"},"sameAs":["https:\/\/www.facebook.com\/vorulagerinn","https:\/\/www.instagram.com\/vorulagerinn\/"]}]},"product_price_amount":"11700","product_price_currency":"ISK","og_availability":"instock","product_availability":"instock","product_retailer_item_id":"JR-FN3","product_condition":"new"},"_links":{"self":[{"href":"https:\/\/vorulagerinn.is\/en\/wp-json\/wp\/v2\/product\/30224","targetHints":{"allow":["GET"]}}],"collection":[{"href":"https:\/\/vorulagerinn.is\/en\/wp-json\/wp\/v2\/product"}],"about":[{"href":"https:\/\/vorulagerinn.is\/en\/wp-json\/wp\/v2\/types\/product"}],"wp:featuredmedia":[{"embeddable":true,"href":"https:\/\/vorulagerinn.is\/en\/wp-json\/wp\/v2\/media\/30219"}],"wp:attachment":[{"href":"https:\/\/vorulagerinn.is\/en\/wp-json\/wp\/v2\/media?parent=30224"}],"wp:term":[{"taxonomy":"product_brand","embeddable":true,"href":"https:\/\/vorulagerinn.is\/en\/wp-json\/wp\/v2\/product_brand?post=30224"},{"taxonomy":"product_cat","embeddable":true,"href":"https:\/\/vorulagerinn.is\/en\/wp-json\/wp\/v2\/product_cat?post=30224"},{"taxonomy":"product_tag","embeddable":true,"href":"https:\/\/vorulagerinn.is\/en\/wp-json\/wp\/v2\/product_tag?post=30224"}],"curies":[{"name":"wp","href":"https:\/\/api.w.org\/{rel}","templated":true}]}}