{"id":30345,"date":"2025-07-16T15:12:25","date_gmt":"2025-07-16T15:12:25","guid":{"rendered":"https:\/\/vorulagerinn.is\/?post_type=product&#038;p=30345"},"modified":"2026-04-05T09:45:57","modified_gmt":"2026-04-05T09:45:57","slug":"jr-tcm02","status":"publish","type":"product","link":"https:\/\/vorulagerinn.is\/en\/product\/jr-tcm02\/","title":{"rendered":"H\u00e1hra\u00f0a 65W hle\u00f0sluturn me\u00f0 4x USB-C og 2x USB-A hle\u00f0slutengjum"},"content":{"rendered":"","protected":false},"excerpt":{"rendered":"<p>H\u00e1hra\u00f0a hle\u00f0sluturn (65W) sem gerir \u00fe\u00e9r kleift a\u00f0 hla\u00f0a allt a\u00f0 6 t\u00e6ki \u00ed einu. \u00de\u00fa getur t.d. hla\u00f0i\u00f0 fars\u00edma, spjaldt\u00f6lvur og fart\u00f6lvur \u00e1 sama t\u00edma. Hle\u00f0sluturninn er me\u00f0 fj\u00f6gur USB-C tengi og tv\u00f6 USB-A tengi.<\/p>\n<p>\u2013 Litur: Svartur<br \/>\n\u2013 St\u00e6r\u00f0: 12 x 8 x 5 cm<br \/>\n\u2013 Inn: AC 100-240V \u2013 50\/60Hz 1.5A (Max)<br \/>\n\u2013 \u00dat: 12V\/1.25A, 3.6V-6.5V\/3A, 5V\/2.4A, 6.5V-9V\/2A, 9V-12V\/1.5A, 9V\/1.67A, 12V\/2A, 5.1V\/2.4A<br \/>\n\u2013 Lengd: 12 cm<br \/>\n\u2013 \u00deyngd: 223g<br \/>\n\u2013 Vottun: CE, ROHS, FC og UKCA<\/p>\n","protected":false},"featured_media":30342,"template":"","meta":[],"product_brand":[420],"product_cat":[461],"product_tag":[],"class_list":{"0":"post-30345","1":"product","2":"type-product","3":"status-publish","4":"has-post-thumbnail","6":"product_brand-joyroom","7":"product_cat-hledslustandar","9":"first","10":"instock","11":"sale","12":"taxable","13":"shipping-taxable","14":"purchasable","15":"product-type-simple"},"supplier_id":null,"supplier_sku":"","barcode":null,"atum_controlled":true,"out_stock_date":null,"out_stock_threshold":null,"inheritable":false,"inbound_stock":0,"stock_on_hold":0,"sold_today":0,"sales_last_days":0,"reserved_stock":0,"customer_returns":0,"warehouse_damage":0,"lost_in_post":0,"other_logs":0,"out_stock_days":0,"lost_sales":0,"has_location":false,"update_date":"2026-04-19T00:23:36","atum_locations":[],"atum_stock_status":"instock","restock_status":false,"low_stock_amount":"","sales_update_date":"2026-04-19T00:23:36","calc_backorders":null,"yoast_head":"<!-- This site is optimized with the Yoast SEO Premium plugin v26.6 (Yoast SEO v27.3) - https:\/\/yoast.com\/product\/yoast-seo-premium-wordpress\/ -->\n<title>H\u00e1hra\u00f0a 65W hle\u00f0sluturn | 4x USB-C &amp; 2x USB-A hle\u00f0slutengjum<\/title>\n<meta name=\"description\" content=\"H\u00e1hra\u00f0a hle\u00f0sluturn (65W) sem gerir \u00fe\u00e9r kleift a\u00f0 hla\u00f0a allt a\u00f0 6 t\u00e6ki \u00ed einu. \u00de\u00fa getur t.d. hla\u00f0i\u00f0 fars\u00edma, spjaldt\u00f6lvur og fart\u00f6lvur.\" \/>\n<meta name=\"robots\" content=\"index, follow, max-snippet:-1, max-image-preview:large, max-video-preview:-1\" \/>\n<link rel=\"canonical\" href=\"https:\/\/vorulagerinn.is\/product\/jr-tcm02\/\" \/>\n<meta property=\"og:locale\" content=\"en_US\" \/>\n<meta property=\"og:type\" content=\"article\" \/>\n<meta property=\"og:title\" content=\"H\u00e1hra\u00f0a 65W hle\u00f0sluturn me\u00f0 4x USB-C og 2x USB-A hle\u00f0slutengjum\" \/>\n<meta property=\"og:description\" content=\"H\u00e1hra\u00f0a hle\u00f0sluturn (65W) sem gerir \u00fe\u00e9r kleift a\u00f0 hla\u00f0a allt a\u00f0 6 t\u00e6ki \u00ed einu. \u00de\u00fa getur t.d. hla\u00f0i\u00f0 fars\u00edma, spjaldt\u00f6lvur og fart\u00f6lvur.\" \/>\n<meta property=\"og:url\" content=\"https:\/\/vorulagerinn.is\/product\/jr-tcm02\/\" \/>\n<meta property=\"og:site_name\" content=\"V&ouml;rulagerinn\" \/>\n<meta property=\"article:publisher\" content=\"https:\/\/www.facebook.com\/vorulagerinn\" \/>\n<meta property=\"article:modified_time\" content=\"2026-04-05T09:45:57+00:00\" \/>\n<meta property=\"og:image\" content=\"https:\/\/vorulagerinn.is\/wp-content\/uploads\/2025\/12\/JR-TCM02.jpg\" \/>\n\t<meta property=\"og:image:width\" content=\"600\" \/>\n\t<meta property=\"og:image:height\" content=\"600\" \/>\n\t<meta property=\"og:image:type\" content=\"image\/jpeg\" \/>\n<meta name=\"twitter:card\" content=\"summary_large_image\" \/>\n<meta name=\"twitter:label1\" content=\"Price\" \/>\n\t<meta name=\"twitter:data1\" content=\"9.225&nbsp;kr.\" \/>\n\t<meta name=\"twitter:label2\" content=\"Availability\" \/>\n\t<meta name=\"twitter:data2\" content=\"In stock\" \/>\n<script type=\"application\/ld+json\" class=\"yoast-schema-graph\">{\"@context\":\"https:\\\/\\\/schema.org\",\"@graph\":[{\"@type\":\"WebPage\",\"@id\":\"https:\\\/\\\/vorulagerinn.is\\\/product\\\/jr-tcm02\\\/\",\"url\":\"https:\\\/\\\/vorulagerinn.is\\\/product\\\/jr-tcm02\\\/\",\"name\":\"H\u00e1hra\u00f0a 65W hle\u00f0sluturn | 4x USB-C & 2x USB-A hle\u00f0slutengjum\",\"isPartOf\":{\"@id\":\"https:\\\/\\\/vorulagerinn.is\\\/#website\"},\"primaryImageOfPage\":{\"@id\":\"https:\\\/\\\/vorulagerinn.is\\\/product\\\/jr-tcm02\\\/#primaryimage\"},\"image\":{\"@id\":\"https:\\\/\\\/vorulagerinn.is\\\/product\\\/jr-tcm02\\\/#primaryimage\"},\"thumbnailUrl\":\"https:\\\/\\\/vorulagerinn.is\\\/wp-content\\\/uploads\\\/2025\\\/12\\\/JR-TCM02.jpg\",\"datePublished\":\"2025-07-16T15:12:25+00:00\",\"dateModified\":\"2026-04-05T09:45:57+00:00\",\"description\":\"H\u00e1hra\u00f0a hle\u00f0sluturn (65W) sem gerir \u00fe\u00e9r kleift a\u00f0 hla\u00f0a allt a\u00f0 6 t\u00e6ki \u00ed einu. \u00de\u00fa getur t.d. hla\u00f0i\u00f0 fars\u00edma, spjaldt\u00f6lvur og fart\u00f6lvur.\",\"breadcrumb\":{\"@id\":\"https:\\\/\\\/vorulagerinn.is\\\/product\\\/jr-tcm02\\\/#breadcrumb\"},\"inLanguage\":\"en-US\",\"potentialAction\":[{\"@type\":\"ReadAction\",\"target\":[\"https:\\\/\\\/vorulagerinn.is\\\/product\\\/jr-tcm02\\\/\"]}]},{\"@type\":\"ImageObject\",\"inLanguage\":\"en-US\",\"@id\":\"https:\\\/\\\/vorulagerinn.is\\\/product\\\/jr-tcm02\\\/#primaryimage\",\"url\":\"https:\\\/\\\/vorulagerinn.is\\\/wp-content\\\/uploads\\\/2025\\\/12\\\/JR-TCM02.jpg\",\"contentUrl\":\"https:\\\/\\\/vorulagerinn.is\\\/wp-content\\\/uploads\\\/2025\\\/12\\\/JR-TCM02.jpg\",\"width\":600,\"height\":600},{\"@type\":\"BreadcrumbList\",\"@id\":\"https:\\\/\\\/vorulagerinn.is\\\/product\\\/jr-tcm02\\\/#breadcrumb\",\"itemListElement\":[{\"@type\":\"ListItem\",\"position\":1,\"name\":\"Home\",\"item\":\"https:\\\/\\\/vorulagerinn.is\\\/\"},{\"@type\":\"ListItem\",\"position\":2,\"name\":\"Shop\",\"item\":\"https:\\\/\\\/vorulagerinn.is\\\/en\\\/shop\\\/\"},{\"@type\":\"ListItem\",\"position\":3,\"name\":\"H\u00e1hra\u00f0a 65W hle\u00f0sluturn me\u00f0 4x USB-C og 2x USB-A hle\u00f0slutengjum\"}]},{\"@type\":\"WebSite\",\"@id\":\"https:\\\/\\\/vorulagerinn.is\\\/#website\",\"url\":\"https:\\\/\\\/vorulagerinn.is\\\/\",\"name\":\"V\u00f6rulagerinn\",\"description\":\"L\u00e1ttu \u00fea\u00f0 eftir \u00fe\u00e9r\",\"publisher\":{\"@id\":\"https:\\\/\\\/vorulagerinn.is\\\/#organization\"},\"potentialAction\":[{\"@type\":\"SearchAction\",\"target\":{\"@type\":\"EntryPoint\",\"urlTemplate\":\"https:\\\/\\\/vorulagerinn.is\\\/?s={search_term_string}\"},\"query-input\":{\"@type\":\"PropertyValueSpecification\",\"valueRequired\":true,\"valueName\":\"search_term_string\"}}],\"inLanguage\":\"en-US\"},{\"@type\":\"Organization\",\"@id\":\"https:\\\/\\\/vorulagerinn.is\\\/#organization\",\"name\":\"V\u00f6rulagerinn\",\"url\":\"https:\\\/\\\/vorulagerinn.is\\\/\",\"logo\":{\"@type\":\"ImageObject\",\"inLanguage\":\"en-US\",\"@id\":\"https:\\\/\\\/vorulagerinn.is\\\/#\\\/schema\\\/logo\\\/image\\\/\",\"url\":\"https:\\\/\\\/vorulagerinn.is\\\/wp-content\\\/uploads\\\/2022\\\/09\\\/Vorulagerinn-Logo-588x160-1.png\",\"contentUrl\":\"https:\\\/\\\/vorulagerinn.is\\\/wp-content\\\/uploads\\\/2022\\\/09\\\/Vorulagerinn-Logo-588x160-1.png\",\"width\":588,\"height\":160,\"caption\":\"V\u00f6rulagerinn\"},\"image\":{\"@id\":\"https:\\\/\\\/vorulagerinn.is\\\/#\\\/schema\\\/logo\\\/image\\\/\"},\"sameAs\":[\"https:\\\/\\\/www.facebook.com\\\/vorulagerinn\",\"https:\\\/\\\/www.instagram.com\\\/vorulagerinn\\\/\"]}]}<\/script>\n<meta property=\"product:price:amount\" content=\"9225\" \/>\n<meta property=\"product:price:currency\" content=\"ISK\" \/>\n<meta property=\"og:availability\" content=\"instock\" \/>\n<meta property=\"product:availability\" content=\"instock\" \/>\n<meta property=\"product:retailer_item_id\" content=\"JR-TCM02\" \/>\n<meta property=\"product:condition\" content=\"new\" \/>\n<!-- \/ Yoast SEO Premium plugin. -->","yoast_head_json":{"title":"H\u00e1hra\u00f0a 65W hle\u00f0sluturn | 4x USB-C & 2x USB-A hle\u00f0slutengjum","description":"H\u00e1hra\u00f0a hle\u00f0sluturn (65W) sem gerir \u00fe\u00e9r kleift a\u00f0 hla\u00f0a allt a\u00f0 6 t\u00e6ki \u00ed einu. \u00de\u00fa getur t.d. hla\u00f0i\u00f0 fars\u00edma, spjaldt\u00f6lvur og fart\u00f6lvur.","robots":{"index":"index","follow":"follow","max-snippet":"max-snippet:-1","max-image-preview":"max-image-preview:large","max-video-preview":"max-video-preview:-1"},"canonical":"https:\/\/vorulagerinn.is\/product\/jr-tcm02\/","og_locale":"en_US","og_type":"article","og_title":"H\u00e1hra\u00f0a 65W hle\u00f0sluturn me\u00f0 4x USB-C og 2x USB-A hle\u00f0slutengjum","og_description":"H\u00e1hra\u00f0a hle\u00f0sluturn (65W) sem gerir \u00fe\u00e9r kleift a\u00f0 hla\u00f0a allt a\u00f0 6 t\u00e6ki \u00ed einu. \u00de\u00fa getur t.d. hla\u00f0i\u00f0 fars\u00edma, spjaldt\u00f6lvur og fart\u00f6lvur.","og_url":"https:\/\/vorulagerinn.is\/product\/jr-tcm02\/","og_site_name":"V&ouml;rulagerinn","article_publisher":"https:\/\/www.facebook.com\/vorulagerinn","article_modified_time":"2026-04-05T09:45:57+00:00","og_image":[{"width":600,"height":600,"url":"https:\/\/vorulagerinn.is\/wp-content\/uploads\/2025\/12\/JR-TCM02.jpg","type":"image\/jpeg"}],"twitter_card":"summary_large_image","twitter_misc":{"Price":"9.225&nbsp;kr.","Availability":"In stock"},"schema":{"@context":"https:\/\/schema.org","@graph":[{"@type":"WebPage","@id":"https:\/\/vorulagerinn.is\/product\/jr-tcm02\/","url":"https:\/\/vorulagerinn.is\/product\/jr-tcm02\/","name":"H\u00e1hra\u00f0a 65W hle\u00f0sluturn | 4x USB-C & 2x USB-A hle\u00f0slutengjum","isPartOf":{"@id":"https:\/\/vorulagerinn.is\/#website"},"primaryImageOfPage":{"@id":"https:\/\/vorulagerinn.is\/product\/jr-tcm02\/#primaryimage"},"image":{"@id":"https:\/\/vorulagerinn.is\/product\/jr-tcm02\/#primaryimage"},"thumbnailUrl":"https:\/\/vorulagerinn.is\/wp-content\/uploads\/2025\/12\/JR-TCM02.jpg","datePublished":"2025-07-16T15:12:25+00:00","dateModified":"2026-04-05T09:45:57+00:00","description":"H\u00e1hra\u00f0a hle\u00f0sluturn (65W) sem gerir \u00fe\u00e9r kleift a\u00f0 hla\u00f0a allt a\u00f0 6 t\u00e6ki \u00ed einu. \u00de\u00fa getur t.d. hla\u00f0i\u00f0 fars\u00edma, spjaldt\u00f6lvur og fart\u00f6lvur.","breadcrumb":{"@id":"https:\/\/vorulagerinn.is\/product\/jr-tcm02\/#breadcrumb"},"inLanguage":"en-US","potentialAction":[{"@type":"ReadAction","target":["https:\/\/vorulagerinn.is\/product\/jr-tcm02\/"]}]},{"@type":"ImageObject","inLanguage":"en-US","@id":"https:\/\/vorulagerinn.is\/product\/jr-tcm02\/#primaryimage","url":"https:\/\/vorulagerinn.is\/wp-content\/uploads\/2025\/12\/JR-TCM02.jpg","contentUrl":"https:\/\/vorulagerinn.is\/wp-content\/uploads\/2025\/12\/JR-TCM02.jpg","width":600,"height":600},{"@type":"BreadcrumbList","@id":"https:\/\/vorulagerinn.is\/product\/jr-tcm02\/#breadcrumb","itemListElement":[{"@type":"ListItem","position":1,"name":"Home","item":"https:\/\/vorulagerinn.is\/"},{"@type":"ListItem","position":2,"name":"Shop","item":"https:\/\/vorulagerinn.is\/en\/shop\/"},{"@type":"ListItem","position":3,"name":"H\u00e1hra\u00f0a 65W hle\u00f0sluturn me\u00f0 4x USB-C og 2x USB-A hle\u00f0slutengjum"}]},{"@type":"WebSite","@id":"https:\/\/vorulagerinn.is\/#website","url":"https:\/\/vorulagerinn.is\/","name":"V\u00f6rulagerinn","description":"L\u00e1ttu \u00fea\u00f0 eftir \u00fe\u00e9r","publisher":{"@id":"https:\/\/vorulagerinn.is\/#organization"},"potentialAction":[{"@type":"SearchAction","target":{"@type":"EntryPoint","urlTemplate":"https:\/\/vorulagerinn.is\/?s={search_term_string}"},"query-input":{"@type":"PropertyValueSpecification","valueRequired":true,"valueName":"search_term_string"}}],"inLanguage":"en-US"},{"@type":"Organization","@id":"https:\/\/vorulagerinn.is\/#organization","name":"V\u00f6rulagerinn","url":"https:\/\/vorulagerinn.is\/","logo":{"@type":"ImageObject","inLanguage":"en-US","@id":"https:\/\/vorulagerinn.is\/#\/schema\/logo\/image\/","url":"https:\/\/vorulagerinn.is\/wp-content\/uploads\/2022\/09\/Vorulagerinn-Logo-588x160-1.png","contentUrl":"https:\/\/vorulagerinn.is\/wp-content\/uploads\/2022\/09\/Vorulagerinn-Logo-588x160-1.png","width":588,"height":160,"caption":"V\u00f6rulagerinn"},"image":{"@id":"https:\/\/vorulagerinn.is\/#\/schema\/logo\/image\/"},"sameAs":["https:\/\/www.facebook.com\/vorulagerinn","https:\/\/www.instagram.com\/vorulagerinn\/"]}]},"product_price_amount":"9225","product_price_currency":"ISK","og_availability":"instock","product_availability":"instock","product_retailer_item_id":"JR-TCM02","product_condition":"new"},"_links":{"self":[{"href":"https:\/\/vorulagerinn.is\/en\/wp-json\/wp\/v2\/product\/30345","targetHints":{"allow":["GET"]}}],"collection":[{"href":"https:\/\/vorulagerinn.is\/en\/wp-json\/wp\/v2\/product"}],"about":[{"href":"https:\/\/vorulagerinn.is\/en\/wp-json\/wp\/v2\/types\/product"}],"wp:featuredmedia":[{"embeddable":true,"href":"https:\/\/vorulagerinn.is\/en\/wp-json\/wp\/v2\/media\/30342"}],"wp:attachment":[{"href":"https:\/\/vorulagerinn.is\/en\/wp-json\/wp\/v2\/media?parent=30345"}],"wp:term":[{"taxonomy":"product_brand","embeddable":true,"href":"https:\/\/vorulagerinn.is\/en\/wp-json\/wp\/v2\/product_brand?post=30345"},{"taxonomy":"product_cat","embeddable":true,"href":"https:\/\/vorulagerinn.is\/en\/wp-json\/wp\/v2\/product_cat?post=30345"},{"taxonomy":"product_tag","embeddable":true,"href":"https:\/\/vorulagerinn.is\/en\/wp-json\/wp\/v2\/product_tag?post=30345"}],"curies":[{"name":"wp","href":"https:\/\/api.w.org\/{rel}","templated":true}]}}