{"id":30347,"date":"2025-07-16T15:03:43","date_gmt":"2025-07-16T15:03:43","guid":{"rendered":"https:\/\/vorulagerinn.is\/?post_type=product&#038;p=30347"},"modified":"2025-12-22T09:18:16","modified_gmt":"2025-12-22T09:18:16","slug":"jr-w15","status":"publish","type":"product","link":"https:\/\/vorulagerinn.is\/en\/product\/jr-w15\/","title":{"rendered":"3 in 1 \u00fer\u00e1\u00f0laus 15W hra\u00f0hle\u00f0slustandur me\u00f0 segul fyrir iPhone, iWatch og AirPods"},"content":{"rendered":"","protected":false},"excerpt":{"rendered":"<p>St\u00edlhreinn 15W \u00fer\u00e1\u00f0laus hra\u00f0hle\u00f0slustandur sem gerir \u00fe\u00e9r kleift a\u00f0 hla\u00f0a snjalls\u00edmann, snjall\u00fari\u00f0 og heynat\u00f3lin samt\u00edmis. Hle\u00f0slust\u00f6\u00f0in er me\u00f0 innbygg\u00f0an segul sem heldur iPhone s\u00edmanum f\u00f6stum og hle\u00f0ur hann \u00e1 sama t\u00edma. Hra\u00f0hle\u00f0slustandurinn hentar iPhone 12, 13, 14, 15 og 16.<\/p>\n<p>\u2013 Litur: Svartur<br \/>\n\u2013 \u00deyngd: 180g<br \/>\n\u2013 15W hra\u00f0hle\u00f0sla<br \/>\n\u2013 Inn: 5V=3A 9V=2A<br \/>\n\u2013 S\u00edmi \u00fat: 5W\/7,5W\/10W\/15W<br \/>\n\u2013 AirPods: 5W<br \/>\n\u2013 iWatch \u00fat: 2,5W<br \/>\n\u2013 H\u00e6gt a\u00f0 hla\u00f0a iPhone, iWatch og AirPods samt\u00edmis<br \/>\n\u2013 Hle\u00f0slusn\u00fara: USB-C \u00ed USB-A tengi<br \/>\n\u2013 Vottun: CE, RHOS, FCC og UKCA<\/p>\n","protected":false},"featured_media":30346,"template":"","meta":[],"product_brand":[420],"product_cat":[461],"product_tag":[],"class_list":{"0":"post-30347","1":"product","2":"type-product","3":"status-publish","4":"has-post-thumbnail","6":"product_brand-joyroom","7":"product_cat-hledslustandar","9":"first","10":"instock","11":"sale","12":"taxable","13":"shipping-taxable","14":"purchasable","15":"product-type-simple"},"supplier_id":null,"supplier_sku":"","barcode":null,"atum_controlled":true,"out_stock_date":null,"out_stock_threshold":null,"inheritable":false,"inbound_stock":0,"stock_on_hold":0,"sold_today":0,"sales_last_days":0,"reserved_stock":0,"customer_returns":0,"warehouse_damage":0,"lost_in_post":0,"other_logs":0,"out_stock_days":0,"lost_sales":0,"has_location":false,"update_date":"2026-04-12T00:15:16","atum_locations":[],"atum_stock_status":"instock","restock_status":false,"low_stock_amount":"","sales_update_date":"2026-04-12T00:15:16","calc_backorders":null,"yoast_head":"<!-- This site is optimized with the Yoast SEO Premium plugin v26.6 (Yoast SEO v27.3) - https:\/\/yoast.com\/product\/yoast-seo-premium-wordpress\/ -->\n<title>3-\u00cd-1 \u00fer\u00e1\u00f0laus 15W hle\u00f0slustandur fyrir iPhone, iWatch &amp; AirPods<\/title>\n<meta name=\"description\" content=\"Standurinn gerir \u00fe\u00e9r kleift a\u00f0 hla\u00f0a snjalls\u00edmann, snjall\u00fari\u00f0 og heynat\u00f3lin samt\u00edmis. Hle\u00f0slust\u00f6\u00f0in er me\u00f0 innbygg\u00f0an segul sem heldur iPhone s\u00edmanum f\u00f6stum\" \/>\n<meta name=\"robots\" content=\"index, follow, max-snippet:-1, max-image-preview:large, max-video-preview:-1\" \/>\n<link rel=\"canonical\" href=\"https:\/\/vorulagerinn.is\/product\/jr-w15\/\" \/>\n<meta property=\"og:locale\" content=\"en_US\" \/>\n<meta property=\"og:type\" content=\"article\" \/>\n<meta property=\"og:title\" content=\"3 in 1 \u00fer\u00e1\u00f0laus 15W hra\u00f0hle\u00f0slustandur me\u00f0 segul fyrir iPhone, iWatch og AirPods\" \/>\n<meta property=\"og:description\" content=\"Standurinn gerir \u00fe\u00e9r kleift a\u00f0 hla\u00f0a snjalls\u00edmann, snjall\u00fari\u00f0 og heynat\u00f3lin samt\u00edmis. Hle\u00f0slust\u00f6\u00f0in er me\u00f0 innbygg\u00f0an segul sem heldur iPhone s\u00edmanum f\u00f6stum\" \/>\n<meta property=\"og:url\" content=\"https:\/\/vorulagerinn.is\/product\/jr-w15\/\" \/>\n<meta property=\"og:site_name\" content=\"V&ouml;rulagerinn\" \/>\n<meta property=\"article:publisher\" content=\"https:\/\/www.facebook.com\/vorulagerinn\" \/>\n<meta property=\"article:modified_time\" content=\"2025-12-22T09:18:16+00:00\" \/>\n<meta property=\"og:image\" content=\"https:\/\/vorulagerinn.is\/wp-content\/uploads\/2025\/12\/JR-W15.jpg\" \/>\n\t<meta property=\"og:image:width\" content=\"600\" \/>\n\t<meta property=\"og:image:height\" content=\"600\" \/>\n\t<meta property=\"og:image:type\" content=\"image\/jpeg\" \/>\n<meta name=\"twitter:card\" content=\"summary_large_image\" \/>\n<meta name=\"twitter:label1\" content=\"Price\" \/>\n\t<meta name=\"twitter:data1\" content=\"9.520&nbsp;kr.\" \/>\n\t<meta name=\"twitter:label2\" content=\"Availability\" \/>\n\t<meta name=\"twitter:data2\" content=\"In stock\" \/>\n<script type=\"application\/ld+json\" class=\"yoast-schema-graph\">{\"@context\":\"https:\\\/\\\/schema.org\",\"@graph\":[{\"@type\":\"WebPage\",\"@id\":\"https:\\\/\\\/vorulagerinn.is\\\/product\\\/jr-w15\\\/\",\"url\":\"https:\\\/\\\/vorulagerinn.is\\\/product\\\/jr-w15\\\/\",\"name\":\"3-\u00cd-1 \u00fer\u00e1\u00f0laus 15W hle\u00f0slustandur fyrir iPhone, iWatch & AirPods\",\"isPartOf\":{\"@id\":\"https:\\\/\\\/vorulagerinn.is\\\/#website\"},\"primaryImageOfPage\":{\"@id\":\"https:\\\/\\\/vorulagerinn.is\\\/product\\\/jr-w15\\\/#primaryimage\"},\"image\":{\"@id\":\"https:\\\/\\\/vorulagerinn.is\\\/product\\\/jr-w15\\\/#primaryimage\"},\"thumbnailUrl\":\"https:\\\/\\\/vorulagerinn.is\\\/wp-content\\\/uploads\\\/2025\\\/12\\\/JR-W15.jpg\",\"datePublished\":\"2025-07-16T15:03:43+00:00\",\"dateModified\":\"2025-12-22T09:18:16+00:00\",\"description\":\"Standurinn gerir \u00fe\u00e9r kleift a\u00f0 hla\u00f0a snjalls\u00edmann, snjall\u00fari\u00f0 og heynat\u00f3lin samt\u00edmis. Hle\u00f0slust\u00f6\u00f0in er me\u00f0 innbygg\u00f0an segul sem heldur iPhone s\u00edmanum f\u00f6stum\",\"breadcrumb\":{\"@id\":\"https:\\\/\\\/vorulagerinn.is\\\/product\\\/jr-w15\\\/#breadcrumb\"},\"inLanguage\":\"en-US\",\"potentialAction\":[{\"@type\":\"ReadAction\",\"target\":[\"https:\\\/\\\/vorulagerinn.is\\\/product\\\/jr-w15\\\/\"]}]},{\"@type\":\"ImageObject\",\"inLanguage\":\"en-US\",\"@id\":\"https:\\\/\\\/vorulagerinn.is\\\/product\\\/jr-w15\\\/#primaryimage\",\"url\":\"https:\\\/\\\/vorulagerinn.is\\\/wp-content\\\/uploads\\\/2025\\\/12\\\/JR-W15.jpg\",\"contentUrl\":\"https:\\\/\\\/vorulagerinn.is\\\/wp-content\\\/uploads\\\/2025\\\/12\\\/JR-W15.jpg\",\"width\":600,\"height\":600},{\"@type\":\"BreadcrumbList\",\"@id\":\"https:\\\/\\\/vorulagerinn.is\\\/product\\\/jr-w15\\\/#breadcrumb\",\"itemListElement\":[{\"@type\":\"ListItem\",\"position\":1,\"name\":\"Home\",\"item\":\"https:\\\/\\\/vorulagerinn.is\\\/\"},{\"@type\":\"ListItem\",\"position\":2,\"name\":\"Shop\",\"item\":\"https:\\\/\\\/vorulagerinn.is\\\/en\\\/shop\\\/\"},{\"@type\":\"ListItem\",\"position\":3,\"name\":\"3 in 1 \u00fer\u00e1\u00f0laus 15W hra\u00f0hle\u00f0slustandur me\u00f0 segul fyrir iPhone, iWatch og AirPods\"}]},{\"@type\":\"WebSite\",\"@id\":\"https:\\\/\\\/vorulagerinn.is\\\/#website\",\"url\":\"https:\\\/\\\/vorulagerinn.is\\\/\",\"name\":\"V\u00f6rulagerinn\",\"description\":\"L\u00e1ttu \u00fea\u00f0 eftir \u00fe\u00e9r\",\"publisher\":{\"@id\":\"https:\\\/\\\/vorulagerinn.is\\\/#organization\"},\"potentialAction\":[{\"@type\":\"SearchAction\",\"target\":{\"@type\":\"EntryPoint\",\"urlTemplate\":\"https:\\\/\\\/vorulagerinn.is\\\/?s={search_term_string}\"},\"query-input\":{\"@type\":\"PropertyValueSpecification\",\"valueRequired\":true,\"valueName\":\"search_term_string\"}}],\"inLanguage\":\"en-US\"},{\"@type\":\"Organization\",\"@id\":\"https:\\\/\\\/vorulagerinn.is\\\/#organization\",\"name\":\"V\u00f6rulagerinn\",\"url\":\"https:\\\/\\\/vorulagerinn.is\\\/\",\"logo\":{\"@type\":\"ImageObject\",\"inLanguage\":\"en-US\",\"@id\":\"https:\\\/\\\/vorulagerinn.is\\\/#\\\/schema\\\/logo\\\/image\\\/\",\"url\":\"https:\\\/\\\/vorulagerinn.is\\\/wp-content\\\/uploads\\\/2022\\\/09\\\/Vorulagerinn-Logo-588x160-1.png\",\"contentUrl\":\"https:\\\/\\\/vorulagerinn.is\\\/wp-content\\\/uploads\\\/2022\\\/09\\\/Vorulagerinn-Logo-588x160-1.png\",\"width\":588,\"height\":160,\"caption\":\"V\u00f6rulagerinn\"},\"image\":{\"@id\":\"https:\\\/\\\/vorulagerinn.is\\\/#\\\/schema\\\/logo\\\/image\\\/\"},\"sameAs\":[\"https:\\\/\\\/www.facebook.com\\\/vorulagerinn\",\"https:\\\/\\\/www.instagram.com\\\/vorulagerinn\\\/\"]}]}<\/script>\n<meta property=\"product:price:amount\" content=\"9520\" \/>\n<meta property=\"product:price:currency\" content=\"ISK\" \/>\n<meta property=\"og:availability\" content=\"instock\" \/>\n<meta property=\"product:availability\" content=\"instock\" \/>\n<meta property=\"product:retailer_item_id\" content=\"JR-W15\" \/>\n<meta property=\"product:condition\" content=\"new\" \/>\n<!-- \/ Yoast SEO Premium plugin. -->","yoast_head_json":{"title":"3-\u00cd-1 \u00fer\u00e1\u00f0laus 15W hle\u00f0slustandur fyrir iPhone, iWatch & AirPods","description":"Standurinn gerir \u00fe\u00e9r kleift a\u00f0 hla\u00f0a snjalls\u00edmann, snjall\u00fari\u00f0 og heynat\u00f3lin samt\u00edmis. Hle\u00f0slust\u00f6\u00f0in er me\u00f0 innbygg\u00f0an segul sem heldur iPhone s\u00edmanum f\u00f6stum","robots":{"index":"index","follow":"follow","max-snippet":"max-snippet:-1","max-image-preview":"max-image-preview:large","max-video-preview":"max-video-preview:-1"},"canonical":"https:\/\/vorulagerinn.is\/product\/jr-w15\/","og_locale":"en_US","og_type":"article","og_title":"3 in 1 \u00fer\u00e1\u00f0laus 15W hra\u00f0hle\u00f0slustandur me\u00f0 segul fyrir iPhone, iWatch og AirPods","og_description":"Standurinn gerir \u00fe\u00e9r kleift a\u00f0 hla\u00f0a snjalls\u00edmann, snjall\u00fari\u00f0 og heynat\u00f3lin samt\u00edmis. Hle\u00f0slust\u00f6\u00f0in er me\u00f0 innbygg\u00f0an segul sem heldur iPhone s\u00edmanum f\u00f6stum","og_url":"https:\/\/vorulagerinn.is\/product\/jr-w15\/","og_site_name":"V&ouml;rulagerinn","article_publisher":"https:\/\/www.facebook.com\/vorulagerinn","article_modified_time":"2025-12-22T09:18:16+00:00","og_image":[{"width":600,"height":600,"url":"https:\/\/vorulagerinn.is\/wp-content\/uploads\/2025\/12\/JR-W15.jpg","type":"image\/jpeg"}],"twitter_card":"summary_large_image","twitter_misc":{"Price":"9.520&nbsp;kr.","Availability":"In stock"},"schema":{"@context":"https:\/\/schema.org","@graph":[{"@type":"WebPage","@id":"https:\/\/vorulagerinn.is\/product\/jr-w15\/","url":"https:\/\/vorulagerinn.is\/product\/jr-w15\/","name":"3-\u00cd-1 \u00fer\u00e1\u00f0laus 15W hle\u00f0slustandur fyrir iPhone, iWatch & AirPods","isPartOf":{"@id":"https:\/\/vorulagerinn.is\/#website"},"primaryImageOfPage":{"@id":"https:\/\/vorulagerinn.is\/product\/jr-w15\/#primaryimage"},"image":{"@id":"https:\/\/vorulagerinn.is\/product\/jr-w15\/#primaryimage"},"thumbnailUrl":"https:\/\/vorulagerinn.is\/wp-content\/uploads\/2025\/12\/JR-W15.jpg","datePublished":"2025-07-16T15:03:43+00:00","dateModified":"2025-12-22T09:18:16+00:00","description":"Standurinn gerir \u00fe\u00e9r kleift a\u00f0 hla\u00f0a snjalls\u00edmann, snjall\u00fari\u00f0 og heynat\u00f3lin samt\u00edmis. Hle\u00f0slust\u00f6\u00f0in er me\u00f0 innbygg\u00f0an segul sem heldur iPhone s\u00edmanum f\u00f6stum","breadcrumb":{"@id":"https:\/\/vorulagerinn.is\/product\/jr-w15\/#breadcrumb"},"inLanguage":"en-US","potentialAction":[{"@type":"ReadAction","target":["https:\/\/vorulagerinn.is\/product\/jr-w15\/"]}]},{"@type":"ImageObject","inLanguage":"en-US","@id":"https:\/\/vorulagerinn.is\/product\/jr-w15\/#primaryimage","url":"https:\/\/vorulagerinn.is\/wp-content\/uploads\/2025\/12\/JR-W15.jpg","contentUrl":"https:\/\/vorulagerinn.is\/wp-content\/uploads\/2025\/12\/JR-W15.jpg","width":600,"height":600},{"@type":"BreadcrumbList","@id":"https:\/\/vorulagerinn.is\/product\/jr-w15\/#breadcrumb","itemListElement":[{"@type":"ListItem","position":1,"name":"Home","item":"https:\/\/vorulagerinn.is\/"},{"@type":"ListItem","position":2,"name":"Shop","item":"https:\/\/vorulagerinn.is\/en\/shop\/"},{"@type":"ListItem","position":3,"name":"3 in 1 \u00fer\u00e1\u00f0laus 15W hra\u00f0hle\u00f0slustandur me\u00f0 segul fyrir iPhone, iWatch og AirPods"}]},{"@type":"WebSite","@id":"https:\/\/vorulagerinn.is\/#website","url":"https:\/\/vorulagerinn.is\/","name":"V\u00f6rulagerinn","description":"L\u00e1ttu \u00fea\u00f0 eftir \u00fe\u00e9r","publisher":{"@id":"https:\/\/vorulagerinn.is\/#organization"},"potentialAction":[{"@type":"SearchAction","target":{"@type":"EntryPoint","urlTemplate":"https:\/\/vorulagerinn.is\/?s={search_term_string}"},"query-input":{"@type":"PropertyValueSpecification","valueRequired":true,"valueName":"search_term_string"}}],"inLanguage":"en-US"},{"@type":"Organization","@id":"https:\/\/vorulagerinn.is\/#organization","name":"V\u00f6rulagerinn","url":"https:\/\/vorulagerinn.is\/","logo":{"@type":"ImageObject","inLanguage":"en-US","@id":"https:\/\/vorulagerinn.is\/#\/schema\/logo\/image\/","url":"https:\/\/vorulagerinn.is\/wp-content\/uploads\/2022\/09\/Vorulagerinn-Logo-588x160-1.png","contentUrl":"https:\/\/vorulagerinn.is\/wp-content\/uploads\/2022\/09\/Vorulagerinn-Logo-588x160-1.png","width":588,"height":160,"caption":"V\u00f6rulagerinn"},"image":{"@id":"https:\/\/vorulagerinn.is\/#\/schema\/logo\/image\/"},"sameAs":["https:\/\/www.facebook.com\/vorulagerinn","https:\/\/www.instagram.com\/vorulagerinn\/"]}]},"product_price_amount":"9520","product_price_currency":"ISK","og_availability":"instock","product_availability":"instock","product_retailer_item_id":"JR-W15","product_condition":"new"},"_links":{"self":[{"href":"https:\/\/vorulagerinn.is\/en\/wp-json\/wp\/v2\/product\/30347","targetHints":{"allow":["GET"]}}],"collection":[{"href":"https:\/\/vorulagerinn.is\/en\/wp-json\/wp\/v2\/product"}],"about":[{"href":"https:\/\/vorulagerinn.is\/en\/wp-json\/wp\/v2\/types\/product"}],"wp:featuredmedia":[{"embeddable":true,"href":"https:\/\/vorulagerinn.is\/en\/wp-json\/wp\/v2\/media\/30346"}],"wp:attachment":[{"href":"https:\/\/vorulagerinn.is\/en\/wp-json\/wp\/v2\/media?parent=30347"}],"wp:term":[{"taxonomy":"product_brand","embeddable":true,"href":"https:\/\/vorulagerinn.is\/en\/wp-json\/wp\/v2\/product_brand?post=30347"},{"taxonomy":"product_cat","embeddable":true,"href":"https:\/\/vorulagerinn.is\/en\/wp-json\/wp\/v2\/product_cat?post=30347"},{"taxonomy":"product_tag","embeddable":true,"href":"https:\/\/vorulagerinn.is\/en\/wp-json\/wp\/v2\/product_tag?post=30347"}],"curies":[{"name":"wp","href":"https:\/\/api.w.org\/{rel}","templated":true}]}}