{"id":30359,"date":"2025-12-26T11:38:57","date_gmt":"2025-12-26T11:38:57","guid":{"rendered":"https:\/\/vorulagerinn.is\/?post_type=product&#038;p=30359"},"modified":"2026-04-14T12:45:09","modified_gmt":"2026-04-14T12:45:09","slug":"air-f3","status":"publish","type":"product","link":"https:\/\/vorulagerinn.is\/en\/product\/air-f3\/","title":{"rendered":"OPENEAR Air F3 \u00fer\u00e1\u00f0laus heyrnart\u00f3l me\u00f0 sp\u00f6ng, 19 klst spilun, Noise-Canceling hlj\u00f3\u00f0nema, dual-connections &amp; IPX5 vatnsv\u00f6rn"},"content":{"rendered":"","protected":false},"excerpt":{"rendered":"<p>Virkilega g\u00f3\u00f0 \u00fer\u00e1\u00f0lausu heyrnart\u00f3l me\u00f0 sp\u00f6ng sem hentar \u00f6llum sem tala miki\u00f0 \u00ed s\u00edma \u00ed vinnunni. Innbygg\u00f0ur dual hlj\u00f3\u00f0nemi me\u00f0 Noise Cancellation sem lokar \u00e1 umhverfishlj\u00f3\u00f0in \u00ed kringum \u00feig. S\u00e1 sem \u00fe\u00fa talar vi\u00f0 \u00ed s\u00edma heyrir \u00fev\u00ed ekki \u00fea\u00f0 sem er a\u00f0 gerast \u00ed kringum \u00feig. Heyrnart\u00f3lin fara ekki inn \u00ed eyrun svo \u00fe\u00fa getur hlusta\u00f0 \u00e1 t\u00f3nlist, r\u00e6tt vi\u00f0 vinnuf\u00e9laga og heyrt \u00ed umhverfinu \u00ed kringum \u00feig \u00e1n \u00feess a\u00f0 missa athygli og f\u00f3rna hlj\u00f3mg\u00e6\u00f0um.<\/p>\n<p>Fr\u00e1b\u00e6r hlj\u00f3mg\u00e6\u00f0i og \u00fev\u00ed upplagt a\u00f0 nota til a\u00f0 hlusta \u00e1 t\u00f3nlist e\u00f0a til a\u00f0 horfa \u00e1 \u00fe\u00e6tti og kvikmyndir. Rafhla\u00f0an endist \u00ed allt a\u00f0 19 klst \u00ed spilun \u00e1 einni hle\u00f0slu. \u00dea\u00f0 tekur a\u00f0eins 10 m\u00edn\u00fatur a\u00f0 n\u00e1 70% hle\u00f0slu og 50 m\u00edn a\u00f0 fullhla\u00f0a t\u00e6ki\u00f0. Mj\u00f6g g\u00f3\u00f0 samh\u00e6fni og hr\u00f6\u00f0 tenging vi\u00f0 alla helstu snjalls\u00edma og \u00f6nnur bluetooth t\u00e6ki. St\u00fdringin er \u00e1 h\u00e6gri hli\u00f0 vi\u00f0 eyra en \u00fear getur \u00fe\u00fa stj\u00f3rna\u00f0 afspilun, h\u00e6kka\u00f0, l\u00e6kka\u00f0, kveikt og sl\u00f6kkt. \u00c1 vinstri hli\u00f0 er hnappur til a\u00f0 svara s\u00edmtali, leggja \u00e1, setja t\u00f3nlist \u00e1 p\u00e1su og kveikja aftur. Heyrnart\u00f3lin loka ekki fyrir eyrun. \u00de\u00fa getur \u00fev\u00ed hlusta\u00f0 \u00e1 t\u00f3nlist, tala\u00f0 \u00ed s\u00edma, r\u00e6tt vi\u00f0 vinnuf\u00e9laga og heyrt \u00ed umhverfinu \u00ed kringum \u00feig \u00e1n \u00feess a\u00f0 missa athygli og f\u00f3rna hlj\u00f3mg\u00e6\u00f0um.<\/p>\n<p>Heyrnart\u00f3lin henta fullkomlega \u00f6llum \u00feeim sem vinna \u00e1 fj\u00f6lmennum vinnust\u00f6\u00f0um, tala miki\u00f0 \u00ed s\u00edma \u00ed vinnunni, atvinnub\u00edlstj\u00f3rum og \u00f6llum \u00feeim sem vinna \u00ed h\u00e1v\u00e6ru umhverfi.<br \/>\n\u00de\u00fa ver\u00f0ur ekki fyrir vonbrig\u00f0um me\u00f0 \u00feessi heyrnart\u00f3l.<\/p>\n<p>\u2013 Litur: Svartur<br \/>\n\u2013 \u00deyngd: 25g<br \/>\n\u2013 Bluetooth 5.3 (allt a\u00f0 10m dr\u00e6gni)<br \/>\n\u2013 ENC hlj\u00f3\u00f0einangrandi hlj\u00f3\u00f0nemar (Noise Cancellation)<br \/>\n\u2013 Rafhl\u00f6\u00f0uending: Allt a\u00f0 19 klst \u00ed spilun<br \/>\n\u2013 Hra\u00f0hle\u00f0sla: 70% hle\u00f0sla \u00e1 a\u00f0eins 10 m\u00edn<br \/>\n\u2013 Vatnsv\u00f6rn: IPX5<br \/>\n\u2013 Dual connection: Virkar tengingar vi\u00f0 bluetooth t\u00e6ki samt\u00edmis<br \/>\n\u2013 Segulhle\u00f0slusn\u00fara fylgir me\u00f0<br \/>\n\u2013 Vottanir: CE, ROHS og FCC<\/p>\n","protected":false},"featured_media":30354,"template":"","meta":[],"product_brand":[420],"product_cat":[431,457],"product_tag":[],"class_list":{"0":"post-30359","1":"product","2":"type-product","3":"status-publish","4":"has-post-thumbnail","6":"product_brand-joyroom","7":"product_cat-a-eyru-on-ear","8":"product_cat-a-eyru-med-spong-on-ear","10":"first","11":"instock","12":"sale","13":"taxable","14":"shipping-taxable","15":"purchasable","16":"product-type-simple"},"supplier_id":null,"supplier_sku":"","barcode":null,"atum_controlled":true,"out_stock_date":null,"out_stock_threshold":null,"inheritable":false,"inbound_stock":0,"stock_on_hold":0,"sold_today":0,"sales_last_days":1,"reserved_stock":0,"customer_returns":0,"warehouse_damage":0,"lost_in_post":0,"other_logs":0,"out_stock_days":0,"lost_sales":0,"has_location":false,"update_date":"2026-04-19T00:23:37","atum_locations":[],"atum_stock_status":"instock","restock_status":false,"low_stock_amount":"","sales_update_date":"2026-04-19T00:23:37","calc_backorders":null,"yoast_head":"<!-- This site is optimized with the Yoast SEO Premium plugin v26.6 (Yoast SEO v27.3) - https:\/\/yoast.com\/product\/yoast-seo-premium-wordpress\/ -->\n<title>Openear Air F3 me\u00f0 sp\u00f6ng | 19 klst rafhla\u00f0a | Dual-connections<\/title>\n<meta name=\"description\" content=\"Heyrnart\u00f3lin hentar \u00feeim sem vinna \u00e1 fj\u00f6lmennum vinnust\u00f6\u00f0um, tala miki\u00f0 \u00ed s\u00edma \u00ed vinnunni, eru \u00ed h\u00e1v\u00e6ru umhverfi. Mj\u00f6g g\u00f3\u00f0 og \u00f6flug \u00fer\u00e1\u00f0laus heyrnart\u00f3l!\" \/>\n<meta name=\"robots\" content=\"index, follow, max-snippet:-1, max-image-preview:large, max-video-preview:-1\" \/>\n<link rel=\"canonical\" href=\"https:\/\/vorulagerinn.is\/product\/air-f3\/\" \/>\n<meta property=\"og:locale\" content=\"en_US\" \/>\n<meta property=\"og:type\" content=\"article\" \/>\n<meta property=\"og:title\" content=\"OPENEAR Air F3 \u00fer\u00e1\u00f0laus heyrnart\u00f3l me\u00f0 sp\u00f6ng, 19 klst spilun, Noise-Canceling hlj\u00f3\u00f0nema, dual-connections &amp; IPX5 vatnsv\u00f6rn\" \/>\n<meta property=\"og:description\" content=\"Heyrnart\u00f3lin hentar \u00feeim sem vinna \u00e1 fj\u00f6lmennum vinnust\u00f6\u00f0um, tala miki\u00f0 \u00ed s\u00edma \u00ed vinnunni, eru \u00ed h\u00e1v\u00e6ru umhverfi. Mj\u00f6g g\u00f3\u00f0 og \u00f6flug \u00fer\u00e1\u00f0laus heyrnart\u00f3l!\" \/>\n<meta property=\"og:url\" content=\"https:\/\/vorulagerinn.is\/product\/air-f3\/\" \/>\n<meta property=\"og:site_name\" content=\"V&ouml;rulagerinn\" \/>\n<meta property=\"article:publisher\" content=\"https:\/\/www.facebook.com\/vorulagerinn\" \/>\n<meta property=\"article:modified_time\" content=\"2026-04-14T12:45:09+00:00\" \/>\n<meta property=\"og:image\" content=\"https:\/\/vorulagerinn.is\/wp-content\/uploads\/2025\/12\/F3.jpg\" \/>\n\t<meta property=\"og:image:width\" content=\"600\" \/>\n\t<meta property=\"og:image:height\" content=\"600\" \/>\n\t<meta property=\"og:image:type\" content=\"image\/jpeg\" \/>\n<meta name=\"twitter:card\" content=\"summary_large_image\" \/>\n<meta name=\"twitter:label1\" content=\"Price\" \/>\n\t<meta name=\"twitter:data1\" content=\"25.496&nbsp;kr.\" \/>\n\t<meta name=\"twitter:label2\" content=\"Availability\" \/>\n\t<meta name=\"twitter:data2\" content=\"In stock\" \/>\n<script type=\"application\/ld+json\" class=\"yoast-schema-graph\">{\"@context\":\"https:\\\/\\\/schema.org\",\"@graph\":[{\"@type\":\"WebPage\",\"@id\":\"https:\\\/\\\/vorulagerinn.is\\\/product\\\/air-f3\\\/\",\"url\":\"https:\\\/\\\/vorulagerinn.is\\\/product\\\/air-f3\\\/\",\"name\":\"Openear Air F3 me\u00f0 sp\u00f6ng | 19 klst rafhla\u00f0a | Dual-connections\",\"isPartOf\":{\"@id\":\"https:\\\/\\\/vorulagerinn.is\\\/#website\"},\"primaryImageOfPage\":{\"@id\":\"https:\\\/\\\/vorulagerinn.is\\\/product\\\/air-f3\\\/#primaryimage\"},\"image\":{\"@id\":\"https:\\\/\\\/vorulagerinn.is\\\/product\\\/air-f3\\\/#primaryimage\"},\"thumbnailUrl\":\"https:\\\/\\\/vorulagerinn.is\\\/wp-content\\\/uploads\\\/2025\\\/12\\\/F3.jpg\",\"datePublished\":\"2025-12-26T11:38:57+00:00\",\"dateModified\":\"2026-04-14T12:45:09+00:00\",\"description\":\"Heyrnart\u00f3lin hentar \u00feeim sem vinna \u00e1 fj\u00f6lmennum vinnust\u00f6\u00f0um, tala miki\u00f0 \u00ed s\u00edma \u00ed vinnunni, eru \u00ed h\u00e1v\u00e6ru umhverfi. Mj\u00f6g g\u00f3\u00f0 og \u00f6flug \u00fer\u00e1\u00f0laus heyrnart\u00f3l!\",\"breadcrumb\":{\"@id\":\"https:\\\/\\\/vorulagerinn.is\\\/product\\\/air-f3\\\/#breadcrumb\"},\"inLanguage\":\"en-US\",\"potentialAction\":[{\"@type\":\"ReadAction\",\"target\":[\"https:\\\/\\\/vorulagerinn.is\\\/product\\\/air-f3\\\/\"]}]},{\"@type\":\"ImageObject\",\"inLanguage\":\"en-US\",\"@id\":\"https:\\\/\\\/vorulagerinn.is\\\/product\\\/air-f3\\\/#primaryimage\",\"url\":\"https:\\\/\\\/vorulagerinn.is\\\/wp-content\\\/uploads\\\/2025\\\/12\\\/F3.jpg\",\"contentUrl\":\"https:\\\/\\\/vorulagerinn.is\\\/wp-content\\\/uploads\\\/2025\\\/12\\\/F3.jpg\",\"width\":600,\"height\":600},{\"@type\":\"BreadcrumbList\",\"@id\":\"https:\\\/\\\/vorulagerinn.is\\\/product\\\/air-f3\\\/#breadcrumb\",\"itemListElement\":[{\"@type\":\"ListItem\",\"position\":1,\"name\":\"Home\",\"item\":\"https:\\\/\\\/vorulagerinn.is\\\/\"},{\"@type\":\"ListItem\",\"position\":2,\"name\":\"Shop\",\"item\":\"https:\\\/\\\/vorulagerinn.is\\\/en\\\/shop\\\/\"},{\"@type\":\"ListItem\",\"position\":3,\"name\":\"OPENEAR Air F3 \u00fer\u00e1\u00f0laus heyrnart\u00f3l me\u00f0 sp\u00f6ng, 19 klst spilun, Noise-Canceling hlj\u00f3\u00f0nema, dual-connections &amp; IPX5 vatnsv\u00f6rn\"}]},{\"@type\":\"WebSite\",\"@id\":\"https:\\\/\\\/vorulagerinn.is\\\/#website\",\"url\":\"https:\\\/\\\/vorulagerinn.is\\\/\",\"name\":\"V\u00f6rulagerinn\",\"description\":\"L\u00e1ttu \u00fea\u00f0 eftir \u00fe\u00e9r\",\"publisher\":{\"@id\":\"https:\\\/\\\/vorulagerinn.is\\\/#organization\"},\"potentialAction\":[{\"@type\":\"SearchAction\",\"target\":{\"@type\":\"EntryPoint\",\"urlTemplate\":\"https:\\\/\\\/vorulagerinn.is\\\/?s={search_term_string}\"},\"query-input\":{\"@type\":\"PropertyValueSpecification\",\"valueRequired\":true,\"valueName\":\"search_term_string\"}}],\"inLanguage\":\"en-US\"},{\"@type\":\"Organization\",\"@id\":\"https:\\\/\\\/vorulagerinn.is\\\/#organization\",\"name\":\"V\u00f6rulagerinn\",\"url\":\"https:\\\/\\\/vorulagerinn.is\\\/\",\"logo\":{\"@type\":\"ImageObject\",\"inLanguage\":\"en-US\",\"@id\":\"https:\\\/\\\/vorulagerinn.is\\\/#\\\/schema\\\/logo\\\/image\\\/\",\"url\":\"https:\\\/\\\/vorulagerinn.is\\\/wp-content\\\/uploads\\\/2022\\\/09\\\/Vorulagerinn-Logo-588x160-1.png\",\"contentUrl\":\"https:\\\/\\\/vorulagerinn.is\\\/wp-content\\\/uploads\\\/2022\\\/09\\\/Vorulagerinn-Logo-588x160-1.png\",\"width\":588,\"height\":160,\"caption\":\"V\u00f6rulagerinn\"},\"image\":{\"@id\":\"https:\\\/\\\/vorulagerinn.is\\\/#\\\/schema\\\/logo\\\/image\\\/\"},\"sameAs\":[\"https:\\\/\\\/www.facebook.com\\\/vorulagerinn\",\"https:\\\/\\\/www.instagram.com\\\/vorulagerinn\\\/\"]}]}<\/script>\n<meta property=\"product:price:amount\" content=\"25496\" \/>\n<meta property=\"product:price:currency\" content=\"ISK\" \/>\n<meta property=\"og:availability\" content=\"instock\" \/>\n<meta property=\"product:availability\" content=\"instock\" \/>\n<meta property=\"product:retailer_item_id\" content=\"Air F3\" \/>\n<meta property=\"product:condition\" content=\"new\" \/>\n<!-- \/ Yoast SEO Premium plugin. -->","yoast_head_json":{"title":"Openear Air F3 me\u00f0 sp\u00f6ng | 19 klst rafhla\u00f0a | Dual-connections","description":"Heyrnart\u00f3lin hentar \u00feeim sem vinna \u00e1 fj\u00f6lmennum vinnust\u00f6\u00f0um, tala miki\u00f0 \u00ed s\u00edma \u00ed vinnunni, eru \u00ed h\u00e1v\u00e6ru umhverfi. Mj\u00f6g g\u00f3\u00f0 og \u00f6flug \u00fer\u00e1\u00f0laus heyrnart\u00f3l!","robots":{"index":"index","follow":"follow","max-snippet":"max-snippet:-1","max-image-preview":"max-image-preview:large","max-video-preview":"max-video-preview:-1"},"canonical":"https:\/\/vorulagerinn.is\/product\/air-f3\/","og_locale":"en_US","og_type":"article","og_title":"OPENEAR Air F3 \u00fer\u00e1\u00f0laus heyrnart\u00f3l me\u00f0 sp\u00f6ng, 19 klst spilun, Noise-Canceling hlj\u00f3\u00f0nema, dual-connections &amp; IPX5 vatnsv\u00f6rn","og_description":"Heyrnart\u00f3lin hentar \u00feeim sem vinna \u00e1 fj\u00f6lmennum vinnust\u00f6\u00f0um, tala miki\u00f0 \u00ed s\u00edma \u00ed vinnunni, eru \u00ed h\u00e1v\u00e6ru umhverfi. Mj\u00f6g g\u00f3\u00f0 og \u00f6flug \u00fer\u00e1\u00f0laus heyrnart\u00f3l!","og_url":"https:\/\/vorulagerinn.is\/product\/air-f3\/","og_site_name":"V&ouml;rulagerinn","article_publisher":"https:\/\/www.facebook.com\/vorulagerinn","article_modified_time":"2026-04-14T12:45:09+00:00","og_image":[{"width":600,"height":600,"url":"https:\/\/vorulagerinn.is\/wp-content\/uploads\/2025\/12\/F3.jpg","type":"image\/jpeg"}],"twitter_card":"summary_large_image","twitter_misc":{"Price":"25.496&nbsp;kr.","Availability":"In stock"},"schema":{"@context":"https:\/\/schema.org","@graph":[{"@type":"WebPage","@id":"https:\/\/vorulagerinn.is\/product\/air-f3\/","url":"https:\/\/vorulagerinn.is\/product\/air-f3\/","name":"Openear Air F3 me\u00f0 sp\u00f6ng | 19 klst rafhla\u00f0a | Dual-connections","isPartOf":{"@id":"https:\/\/vorulagerinn.is\/#website"},"primaryImageOfPage":{"@id":"https:\/\/vorulagerinn.is\/product\/air-f3\/#primaryimage"},"image":{"@id":"https:\/\/vorulagerinn.is\/product\/air-f3\/#primaryimage"},"thumbnailUrl":"https:\/\/vorulagerinn.is\/wp-content\/uploads\/2025\/12\/F3.jpg","datePublished":"2025-12-26T11:38:57+00:00","dateModified":"2026-04-14T12:45:09+00:00","description":"Heyrnart\u00f3lin hentar \u00feeim sem vinna \u00e1 fj\u00f6lmennum vinnust\u00f6\u00f0um, tala miki\u00f0 \u00ed s\u00edma \u00ed vinnunni, eru \u00ed h\u00e1v\u00e6ru umhverfi. Mj\u00f6g g\u00f3\u00f0 og \u00f6flug \u00fer\u00e1\u00f0laus heyrnart\u00f3l!","breadcrumb":{"@id":"https:\/\/vorulagerinn.is\/product\/air-f3\/#breadcrumb"},"inLanguage":"en-US","potentialAction":[{"@type":"ReadAction","target":["https:\/\/vorulagerinn.is\/product\/air-f3\/"]}]},{"@type":"ImageObject","inLanguage":"en-US","@id":"https:\/\/vorulagerinn.is\/product\/air-f3\/#primaryimage","url":"https:\/\/vorulagerinn.is\/wp-content\/uploads\/2025\/12\/F3.jpg","contentUrl":"https:\/\/vorulagerinn.is\/wp-content\/uploads\/2025\/12\/F3.jpg","width":600,"height":600},{"@type":"BreadcrumbList","@id":"https:\/\/vorulagerinn.is\/product\/air-f3\/#breadcrumb","itemListElement":[{"@type":"ListItem","position":1,"name":"Home","item":"https:\/\/vorulagerinn.is\/"},{"@type":"ListItem","position":2,"name":"Shop","item":"https:\/\/vorulagerinn.is\/en\/shop\/"},{"@type":"ListItem","position":3,"name":"OPENEAR Air F3 \u00fer\u00e1\u00f0laus heyrnart\u00f3l me\u00f0 sp\u00f6ng, 19 klst spilun, Noise-Canceling hlj\u00f3\u00f0nema, dual-connections &amp; IPX5 vatnsv\u00f6rn"}]},{"@type":"WebSite","@id":"https:\/\/vorulagerinn.is\/#website","url":"https:\/\/vorulagerinn.is\/","name":"V\u00f6rulagerinn","description":"L\u00e1ttu \u00fea\u00f0 eftir \u00fe\u00e9r","publisher":{"@id":"https:\/\/vorulagerinn.is\/#organization"},"potentialAction":[{"@type":"SearchAction","target":{"@type":"EntryPoint","urlTemplate":"https:\/\/vorulagerinn.is\/?s={search_term_string}"},"query-input":{"@type":"PropertyValueSpecification","valueRequired":true,"valueName":"search_term_string"}}],"inLanguage":"en-US"},{"@type":"Organization","@id":"https:\/\/vorulagerinn.is\/#organization","name":"V\u00f6rulagerinn","url":"https:\/\/vorulagerinn.is\/","logo":{"@type":"ImageObject","inLanguage":"en-US","@id":"https:\/\/vorulagerinn.is\/#\/schema\/logo\/image\/","url":"https:\/\/vorulagerinn.is\/wp-content\/uploads\/2022\/09\/Vorulagerinn-Logo-588x160-1.png","contentUrl":"https:\/\/vorulagerinn.is\/wp-content\/uploads\/2022\/09\/Vorulagerinn-Logo-588x160-1.png","width":588,"height":160,"caption":"V\u00f6rulagerinn"},"image":{"@id":"https:\/\/vorulagerinn.is\/#\/schema\/logo\/image\/"},"sameAs":["https:\/\/www.facebook.com\/vorulagerinn","https:\/\/www.instagram.com\/vorulagerinn\/"]}]},"product_price_amount":"25496","product_price_currency":"ISK","og_availability":"instock","product_availability":"instock","product_retailer_item_id":"Air F3","product_condition":"new"},"_links":{"self":[{"href":"https:\/\/vorulagerinn.is\/en\/wp-json\/wp\/v2\/product\/30359","targetHints":{"allow":["GET"]}}],"collection":[{"href":"https:\/\/vorulagerinn.is\/en\/wp-json\/wp\/v2\/product"}],"about":[{"href":"https:\/\/vorulagerinn.is\/en\/wp-json\/wp\/v2\/types\/product"}],"wp:featuredmedia":[{"embeddable":true,"href":"https:\/\/vorulagerinn.is\/en\/wp-json\/wp\/v2\/media\/30354"}],"wp:attachment":[{"href":"https:\/\/vorulagerinn.is\/en\/wp-json\/wp\/v2\/media?parent=30359"}],"wp:term":[{"taxonomy":"product_brand","embeddable":true,"href":"https:\/\/vorulagerinn.is\/en\/wp-json\/wp\/v2\/product_brand?post=30359"},{"taxonomy":"product_cat","embeddable":true,"href":"https:\/\/vorulagerinn.is\/en\/wp-json\/wp\/v2\/product_cat?post=30359"},{"taxonomy":"product_tag","embeddable":true,"href":"https:\/\/vorulagerinn.is\/en\/wp-json\/wp\/v2\/product_tag?post=30359"}],"curies":[{"name":"wp","href":"https:\/\/api.w.org\/{rel}","templated":true}]}}