{"id":3048,"date":"2022-09-12T15:50:28","date_gmt":"2022-09-12T15:50:28","guid":{"rendered":"https:\/\/vorulagerinn.is\/?post_type=product&#038;p=3048"},"modified":"2026-02-18T08:25:25","modified_gmt":"2026-02-18T08:25:25","slug":"fingurvorn-ur-rydfriu-stali-fyrir-oruggan-skurd","status":"publish","type":"product","link":"https:\/\/vorulagerinn.is\/en\/product\/fingurvorn-ur-rydfriu-stali-fyrir-oruggan-skurd\/","title":{"rendered":"Fingurv\u00f6rn \u00far ry\u00f0fr\u00edu st\u00e1li fyrir \u00f6ruggan skur\u00f0"},"content":{"rendered":"","protected":false},"excerpt":{"rendered":"<p>Fingurv\u00f6rnin heldur fingrunum \u00f6ruggum \u00e1 me\u00f0an \u00fe\u00fa ert a\u00f0 skera, snei\u00f0a e\u00f0a saxa \u00ed eldh\u00fasinu.<\/p>\n<p>&#8211; Fingurv\u00f6rn \u00far ry\u00f0fr\u00edu st\u00e1li<br \/>\n&#8211; Opinn stillanlegur hringur sem hentar flestum fingrum<br \/>\n&#8211; Au\u00f0velt a\u00f0 \u00fer\u00edfa eftir notkun<br \/>\n&#8211; St\u00e6r\u00f0: 6,5 x 4,8 cm<br \/>\n&#8211; \u00deyngd: 40 gr\u00f6mm<\/p>\n","protected":false},"featured_media":3051,"template":"","meta":[],"product_brand":[],"product_cat":[167,463],"product_tag":[],"class_list":{"0":"post-3048","1":"product","2":"type-product","3":"status-publish","4":"has-post-thumbnail","6":"product_cat-heimilid","7":"product_cat-outlet","9":"first","10":"instock","11":"sale","12":"featured","13":"taxable","14":"shipping-taxable","15":"purchasable","16":"product-type-simple"},"supplier_id":null,"supplier_sku":"","barcode":null,"atum_controlled":true,"out_stock_date":null,"out_stock_threshold":null,"inheritable":false,"inbound_stock":0,"stock_on_hold":0,"sold_today":0,"sales_last_days":0,"reserved_stock":0,"customer_returns":0,"warehouse_damage":0,"lost_in_post":0,"other_logs":0,"out_stock_days":0,"lost_sales":0,"has_location":false,"update_date":"2026-04-12T00:15:28","atum_locations":[],"atum_stock_status":"instock","restock_status":false,"low_stock_amount":"","sales_update_date":"2026-04-12T00:15:28","calc_backorders":null,"yoast_head":"<!-- This site is optimized with the Yoast SEO Premium plugin v26.6 (Yoast SEO v27.3) - https:\/\/yoast.com\/product\/yoast-seo-premium-wordpress\/ -->\n<title>Fingurv\u00f6rn \u00far ry\u00f0fr\u00edu st\u00e1li fyrir \u00f6ruggan skur\u00f0<\/title>\n<meta name=\"description\" content=\"Fingurv\u00f6rnin er \u00far ry\u00f0fr\u00edu st\u00e1li og heldur fingrunum \u00f6ruggum \u00e1 me\u00f0an \u00fe\u00fa ert a\u00f0 skera, snei\u00f0a e\u00f0a saxa \u00ed eldh\u00fasinu. Au\u00f0velt a\u00f0 \u00fer\u00edfa eftir notkun.\" \/>\n<meta name=\"robots\" content=\"index, follow, max-snippet:-1, max-image-preview:large, max-video-preview:-1\" \/>\n<link rel=\"canonical\" href=\"https:\/\/vorulagerinn.is\/product\/fingurvorn-ur-rydfriu-stali-fyrir-oruggan-skurd\/\" \/>\n<meta property=\"og:locale\" content=\"en_US\" \/>\n<meta property=\"og:type\" content=\"article\" \/>\n<meta property=\"og:title\" content=\"Fingurv\u00f6rn \u00far ry\u00f0fr\u00edu st\u00e1li fyrir \u00f6ruggan skur\u00f0\" \/>\n<meta property=\"og:description\" content=\"Fingurv\u00f6rnin er \u00far ry\u00f0fr\u00edu st\u00e1li og heldur fingrunum \u00f6ruggum \u00e1 me\u00f0an \u00fe\u00fa ert a\u00f0 skera, snei\u00f0a e\u00f0a saxa \u00ed eldh\u00fasinu. Au\u00f0velt a\u00f0 \u00fer\u00edfa eftir notkun.\" \/>\n<meta property=\"og:url\" content=\"https:\/\/vorulagerinn.is\/product\/fingurvorn-ur-rydfriu-stali-fyrir-oruggan-skurd\/\" \/>\n<meta property=\"og:site_name\" content=\"V&ouml;rulagerinn\" \/>\n<meta property=\"article:publisher\" content=\"https:\/\/www.facebook.com\/vorulagerinn\" \/>\n<meta property=\"article:modified_time\" content=\"2026-02-18T08:25:25+00:00\" \/>\n<meta property=\"og:image\" content=\"https:\/\/vorulagerinn.is\/wp-content\/uploads\/2022\/09\/Fingurvorn2.jpg\" \/>\n\t<meta property=\"og:image:width\" content=\"600\" \/>\n\t<meta property=\"og:image:height\" content=\"600\" \/>\n\t<meta property=\"og:image:type\" content=\"image\/jpeg\" \/>\n<meta name=\"twitter:card\" content=\"summary_large_image\" \/>\n<meta name=\"twitter:label1\" content=\"Price\" \/>\n\t<meta name=\"twitter:data1\" content=\"495&nbsp;kr.\" \/>\n\t<meta name=\"twitter:label2\" content=\"Availability\" \/>\n\t<meta name=\"twitter:data2\" content=\"In stock\" \/>\n<script type=\"application\/ld+json\" class=\"yoast-schema-graph\">{\"@context\":\"https:\\\/\\\/schema.org\",\"@graph\":[{\"@type\":\"WebPage\",\"@id\":\"https:\\\/\\\/vorulagerinn.is\\\/product\\\/fingurvorn-ur-rydfriu-stali-fyrir-oruggan-skurd\\\/\",\"url\":\"https:\\\/\\\/vorulagerinn.is\\\/product\\\/fingurvorn-ur-rydfriu-stali-fyrir-oruggan-skurd\\\/\",\"name\":\"Fingurv\u00f6rn \u00far ry\u00f0fr\u00edu st\u00e1li fyrir \u00f6ruggan skur\u00f0\",\"isPartOf\":{\"@id\":\"https:\\\/\\\/vorulagerinn.is\\\/#website\"},\"primaryImageOfPage\":{\"@id\":\"https:\\\/\\\/vorulagerinn.is\\\/product\\\/fingurvorn-ur-rydfriu-stali-fyrir-oruggan-skurd\\\/#primaryimage\"},\"image\":{\"@id\":\"https:\\\/\\\/vorulagerinn.is\\\/product\\\/fingurvorn-ur-rydfriu-stali-fyrir-oruggan-skurd\\\/#primaryimage\"},\"thumbnailUrl\":\"https:\\\/\\\/vorulagerinn.is\\\/wp-content\\\/uploads\\\/2022\\\/09\\\/Fingurvorn2.jpg\",\"datePublished\":\"2022-09-12T15:50:28+00:00\",\"dateModified\":\"2026-02-18T08:25:25+00:00\",\"description\":\"Fingurv\u00f6rnin er \u00far ry\u00f0fr\u00edu st\u00e1li og heldur fingrunum \u00f6ruggum \u00e1 me\u00f0an \u00fe\u00fa ert a\u00f0 skera, snei\u00f0a e\u00f0a saxa \u00ed eldh\u00fasinu. Au\u00f0velt a\u00f0 \u00fer\u00edfa eftir notkun.\",\"breadcrumb\":{\"@id\":\"https:\\\/\\\/vorulagerinn.is\\\/product\\\/fingurvorn-ur-rydfriu-stali-fyrir-oruggan-skurd\\\/#breadcrumb\"},\"inLanguage\":\"en-US\",\"potentialAction\":[{\"@type\":\"ReadAction\",\"target\":[\"https:\\\/\\\/vorulagerinn.is\\\/product\\\/fingurvorn-ur-rydfriu-stali-fyrir-oruggan-skurd\\\/\"]}]},{\"@type\":\"ImageObject\",\"inLanguage\":\"en-US\",\"@id\":\"https:\\\/\\\/vorulagerinn.is\\\/product\\\/fingurvorn-ur-rydfriu-stali-fyrir-oruggan-skurd\\\/#primaryimage\",\"url\":\"https:\\\/\\\/vorulagerinn.is\\\/wp-content\\\/uploads\\\/2022\\\/09\\\/Fingurvorn2.jpg\",\"contentUrl\":\"https:\\\/\\\/vorulagerinn.is\\\/wp-content\\\/uploads\\\/2022\\\/09\\\/Fingurvorn2.jpg\",\"width\":600,\"height\":600},{\"@type\":\"BreadcrumbList\",\"@id\":\"https:\\\/\\\/vorulagerinn.is\\\/product\\\/fingurvorn-ur-rydfriu-stali-fyrir-oruggan-skurd\\\/#breadcrumb\",\"itemListElement\":[{\"@type\":\"ListItem\",\"position\":1,\"name\":\"Home\",\"item\":\"https:\\\/\\\/vorulagerinn.is\\\/\"},{\"@type\":\"ListItem\",\"position\":2,\"name\":\"Shop\",\"item\":\"https:\\\/\\\/vorulagerinn.is\\\/en\\\/shop\\\/\"},{\"@type\":\"ListItem\",\"position\":3,\"name\":\"Fingurv\u00f6rn \u00far ry\u00f0fr\u00edu st\u00e1li fyrir \u00f6ruggan skur\u00f0\"}]},{\"@type\":\"WebSite\",\"@id\":\"https:\\\/\\\/vorulagerinn.is\\\/#website\",\"url\":\"https:\\\/\\\/vorulagerinn.is\\\/\",\"name\":\"V\u00f6rulagerinn\",\"description\":\"L\u00e1ttu \u00fea\u00f0 eftir \u00fe\u00e9r\",\"publisher\":{\"@id\":\"https:\\\/\\\/vorulagerinn.is\\\/#organization\"},\"potentialAction\":[{\"@type\":\"SearchAction\",\"target\":{\"@type\":\"EntryPoint\",\"urlTemplate\":\"https:\\\/\\\/vorulagerinn.is\\\/?s={search_term_string}\"},\"query-input\":{\"@type\":\"PropertyValueSpecification\",\"valueRequired\":true,\"valueName\":\"search_term_string\"}}],\"inLanguage\":\"en-US\"},{\"@type\":\"Organization\",\"@id\":\"https:\\\/\\\/vorulagerinn.is\\\/#organization\",\"name\":\"V\u00f6rulagerinn\",\"url\":\"https:\\\/\\\/vorulagerinn.is\\\/\",\"logo\":{\"@type\":\"ImageObject\",\"inLanguage\":\"en-US\",\"@id\":\"https:\\\/\\\/vorulagerinn.is\\\/#\\\/schema\\\/logo\\\/image\\\/\",\"url\":\"https:\\\/\\\/vorulagerinn.is\\\/wp-content\\\/uploads\\\/2022\\\/09\\\/Vorulagerinn-Logo-588x160-1.png\",\"contentUrl\":\"https:\\\/\\\/vorulagerinn.is\\\/wp-content\\\/uploads\\\/2022\\\/09\\\/Vorulagerinn-Logo-588x160-1.png\",\"width\":588,\"height\":160,\"caption\":\"V\u00f6rulagerinn\"},\"image\":{\"@id\":\"https:\\\/\\\/vorulagerinn.is\\\/#\\\/schema\\\/logo\\\/image\\\/\"},\"sameAs\":[\"https:\\\/\\\/www.facebook.com\\\/vorulagerinn\",\"https:\\\/\\\/www.instagram.com\\\/vorulagerinn\\\/\"]}]}<\/script>\n<meta property=\"product:price:amount\" content=\"495\" \/>\n<meta property=\"product:price:currency\" content=\"ISK\" \/>\n<meta property=\"og:availability\" content=\"instock\" \/>\n<meta property=\"product:availability\" content=\"instock\" \/>\n<meta property=\"product:retailer_item_id\" content=\"V06\" \/>\n<meta property=\"product:condition\" content=\"new\" \/>\n<!-- \/ Yoast SEO Premium plugin. -->","yoast_head_json":{"title":"Fingurv\u00f6rn \u00far ry\u00f0fr\u00edu st\u00e1li fyrir \u00f6ruggan skur\u00f0","description":"Fingurv\u00f6rnin er \u00far ry\u00f0fr\u00edu st\u00e1li og heldur fingrunum \u00f6ruggum \u00e1 me\u00f0an \u00fe\u00fa ert a\u00f0 skera, snei\u00f0a e\u00f0a saxa \u00ed eldh\u00fasinu. Au\u00f0velt a\u00f0 \u00fer\u00edfa eftir notkun.","robots":{"index":"index","follow":"follow","max-snippet":"max-snippet:-1","max-image-preview":"max-image-preview:large","max-video-preview":"max-video-preview:-1"},"canonical":"https:\/\/vorulagerinn.is\/product\/fingurvorn-ur-rydfriu-stali-fyrir-oruggan-skurd\/","og_locale":"en_US","og_type":"article","og_title":"Fingurv\u00f6rn \u00far ry\u00f0fr\u00edu st\u00e1li fyrir \u00f6ruggan skur\u00f0","og_description":"Fingurv\u00f6rnin er \u00far ry\u00f0fr\u00edu st\u00e1li og heldur fingrunum \u00f6ruggum \u00e1 me\u00f0an \u00fe\u00fa ert a\u00f0 skera, snei\u00f0a e\u00f0a saxa \u00ed eldh\u00fasinu. Au\u00f0velt a\u00f0 \u00fer\u00edfa eftir notkun.","og_url":"https:\/\/vorulagerinn.is\/product\/fingurvorn-ur-rydfriu-stali-fyrir-oruggan-skurd\/","og_site_name":"V&ouml;rulagerinn","article_publisher":"https:\/\/www.facebook.com\/vorulagerinn","article_modified_time":"2026-02-18T08:25:25+00:00","og_image":[{"width":600,"height":600,"url":"https:\/\/vorulagerinn.is\/wp-content\/uploads\/2022\/09\/Fingurvorn2.jpg","type":"image\/jpeg"}],"twitter_card":"summary_large_image","twitter_misc":{"Price":"495&nbsp;kr.","Availability":"In stock"},"schema":{"@context":"https:\/\/schema.org","@graph":[{"@type":"WebPage","@id":"https:\/\/vorulagerinn.is\/product\/fingurvorn-ur-rydfriu-stali-fyrir-oruggan-skurd\/","url":"https:\/\/vorulagerinn.is\/product\/fingurvorn-ur-rydfriu-stali-fyrir-oruggan-skurd\/","name":"Fingurv\u00f6rn \u00far ry\u00f0fr\u00edu st\u00e1li fyrir \u00f6ruggan skur\u00f0","isPartOf":{"@id":"https:\/\/vorulagerinn.is\/#website"},"primaryImageOfPage":{"@id":"https:\/\/vorulagerinn.is\/product\/fingurvorn-ur-rydfriu-stali-fyrir-oruggan-skurd\/#primaryimage"},"image":{"@id":"https:\/\/vorulagerinn.is\/product\/fingurvorn-ur-rydfriu-stali-fyrir-oruggan-skurd\/#primaryimage"},"thumbnailUrl":"https:\/\/vorulagerinn.is\/wp-content\/uploads\/2022\/09\/Fingurvorn2.jpg","datePublished":"2022-09-12T15:50:28+00:00","dateModified":"2026-02-18T08:25:25+00:00","description":"Fingurv\u00f6rnin er \u00far ry\u00f0fr\u00edu st\u00e1li og heldur fingrunum \u00f6ruggum \u00e1 me\u00f0an \u00fe\u00fa ert a\u00f0 skera, snei\u00f0a e\u00f0a saxa \u00ed eldh\u00fasinu. Au\u00f0velt a\u00f0 \u00fer\u00edfa eftir notkun.","breadcrumb":{"@id":"https:\/\/vorulagerinn.is\/product\/fingurvorn-ur-rydfriu-stali-fyrir-oruggan-skurd\/#breadcrumb"},"inLanguage":"en-US","potentialAction":[{"@type":"ReadAction","target":["https:\/\/vorulagerinn.is\/product\/fingurvorn-ur-rydfriu-stali-fyrir-oruggan-skurd\/"]}]},{"@type":"ImageObject","inLanguage":"en-US","@id":"https:\/\/vorulagerinn.is\/product\/fingurvorn-ur-rydfriu-stali-fyrir-oruggan-skurd\/#primaryimage","url":"https:\/\/vorulagerinn.is\/wp-content\/uploads\/2022\/09\/Fingurvorn2.jpg","contentUrl":"https:\/\/vorulagerinn.is\/wp-content\/uploads\/2022\/09\/Fingurvorn2.jpg","width":600,"height":600},{"@type":"BreadcrumbList","@id":"https:\/\/vorulagerinn.is\/product\/fingurvorn-ur-rydfriu-stali-fyrir-oruggan-skurd\/#breadcrumb","itemListElement":[{"@type":"ListItem","position":1,"name":"Home","item":"https:\/\/vorulagerinn.is\/"},{"@type":"ListItem","position":2,"name":"Shop","item":"https:\/\/vorulagerinn.is\/en\/shop\/"},{"@type":"ListItem","position":3,"name":"Fingurv\u00f6rn \u00far ry\u00f0fr\u00edu st\u00e1li fyrir \u00f6ruggan skur\u00f0"}]},{"@type":"WebSite","@id":"https:\/\/vorulagerinn.is\/#website","url":"https:\/\/vorulagerinn.is\/","name":"V\u00f6rulagerinn","description":"L\u00e1ttu \u00fea\u00f0 eftir \u00fe\u00e9r","publisher":{"@id":"https:\/\/vorulagerinn.is\/#organization"},"potentialAction":[{"@type":"SearchAction","target":{"@type":"EntryPoint","urlTemplate":"https:\/\/vorulagerinn.is\/?s={search_term_string}"},"query-input":{"@type":"PropertyValueSpecification","valueRequired":true,"valueName":"search_term_string"}}],"inLanguage":"en-US"},{"@type":"Organization","@id":"https:\/\/vorulagerinn.is\/#organization","name":"V\u00f6rulagerinn","url":"https:\/\/vorulagerinn.is\/","logo":{"@type":"ImageObject","inLanguage":"en-US","@id":"https:\/\/vorulagerinn.is\/#\/schema\/logo\/image\/","url":"https:\/\/vorulagerinn.is\/wp-content\/uploads\/2022\/09\/Vorulagerinn-Logo-588x160-1.png","contentUrl":"https:\/\/vorulagerinn.is\/wp-content\/uploads\/2022\/09\/Vorulagerinn-Logo-588x160-1.png","width":588,"height":160,"caption":"V\u00f6rulagerinn"},"image":{"@id":"https:\/\/vorulagerinn.is\/#\/schema\/logo\/image\/"},"sameAs":["https:\/\/www.facebook.com\/vorulagerinn","https:\/\/www.instagram.com\/vorulagerinn\/"]}]},"product_price_amount":"495","product_price_currency":"ISK","og_availability":"instock","product_availability":"instock","product_retailer_item_id":"V06","product_condition":"new"},"_links":{"self":[{"href":"https:\/\/vorulagerinn.is\/en\/wp-json\/wp\/v2\/product\/3048","targetHints":{"allow":["GET"]}}],"collection":[{"href":"https:\/\/vorulagerinn.is\/en\/wp-json\/wp\/v2\/product"}],"about":[{"href":"https:\/\/vorulagerinn.is\/en\/wp-json\/wp\/v2\/types\/product"}],"wp:featuredmedia":[{"embeddable":true,"href":"https:\/\/vorulagerinn.is\/en\/wp-json\/wp\/v2\/media\/3051"}],"wp:attachment":[{"href":"https:\/\/vorulagerinn.is\/en\/wp-json\/wp\/v2\/media?parent=3048"}],"wp:term":[{"taxonomy":"product_brand","embeddable":true,"href":"https:\/\/vorulagerinn.is\/en\/wp-json\/wp\/v2\/product_brand?post=3048"},{"taxonomy":"product_cat","embeddable":true,"href":"https:\/\/vorulagerinn.is\/en\/wp-json\/wp\/v2\/product_cat?post=3048"},{"taxonomy":"product_tag","embeddable":true,"href":"https:\/\/vorulagerinn.is\/en\/wp-json\/wp\/v2\/product_tag?post=3048"}],"curies":[{"name":"wp","href":"https:\/\/api.w.org\/{rel}","templated":true}]}}