{"id":30574,"date":"2026-02-23T10:29:40","date_gmt":"2026-02-23T10:29:40","guid":{"rendered":"https:\/\/vorulagerinn.is\/?post_type=product&#038;p=30574"},"modified":"2026-04-08T08:09:13","modified_gmt":"2026-04-08T08:09:13","slug":"jr-ccb01","status":"publish","type":"product","link":"https:\/\/vorulagerinn.is\/en\/product\/jr-ccb01\/","title":{"rendered":"FM sendir me\u00f0 Bluetooth 5.4 FM + 81W b\u00edlahle\u00f0slut\u00e6ki (USB-C &amp; USB-A )"},"content":{"rendered":"","protected":false},"excerpt":{"rendered":"<p>Fj\u00f6lnota FM \u00fatvarpssendir me\u00f0 12V tengi sem tengist s\u00edgarettukveikjaranum \u00ed b\u00edlnum. \u00datvarpssendirinn tengist snjallt\u00e6kjunum me\u00f0 Bluetooth 5,4 og me\u00f0 \u00fev\u00ed er h\u00e6gt a\u00f0 hlusta \u00e1 t\u00f3nlist, hlj\u00f3\u00f0b\u00e6kur e\u00f0a tala handfrj\u00e1lst \u00ed s\u00edmann vi\u00f0 akstur. Sendirinn er me\u00f0 81W hra\u00f0hle\u00f0slu (1x USB-C &amp; 2x USB-A) sem h\u00e6gt er a\u00f0 nota til a\u00f0 hla\u00f0a t.d. snjalls\u00edma, fart\u00f6lvur og heyrnat\u00f3l. Virkar b\u00e6\u00f0i fyrir Apple og Android t\u00e6ki.<\/p>\n<p>FM sendirinn tengist s\u00edmanum \u00ed gegnum Bluetooth 5,4 og sendir hlj\u00f3\u00f0i\u00f0 yfir \u00ed b\u00edl\u00fatvarpi\u00f0 \u00ed gegnum FM-t\u00ed\u00f0ni \u2013 fullkomi\u00f0 fyrir b\u00edla sem eru ekki me\u00f0 Bluetooth.<\/p>\n<p><strong>Kostir:<\/strong><br \/>\n&#8211; Spilar beint \u00far s\u00edmanum \u00ed h\u00e1talara \u00ed b\u00edlnum<br \/>\n&#8211; Handfrj\u00e1ls s\u00edmt\u00f6l me\u00f0 innbygg\u00f0um hlj\u00f3\u00f0nema<br \/>\n&#8211; 81W hra\u00f0hle\u00f0sla me\u00f0 USB-C og USB-A tengjum<br \/>\n&#8211; Bluetooth 5,4 \u00fer\u00e1\u00f0laus FM sendir<br \/>\n&#8211; LED skj\u00e1r<br \/>\n&#8211; \u00d6flugur bassi<\/p>\n<p><strong>N\u00e1nari uppl\u00fdsingar:<\/strong><br \/>\n\u2013 Litur: Svartur<br \/>\n\u2013 Bluetooth: 5,4<br \/>\n\u2013 St\u00e6r\u00f0: 50x45x70 mm<br \/>\n\u2013 Inntak: DC 12-24V<br \/>\n\u2013 QC3.0 \u00fattak: 5V=3A, 9V=2A, 12V=1.5A<br \/>\n\u2013 PD \u00fattak: 5V=3A, 9V=3A, 12V=2.5A, 15V=2A, 20V=1.5A<br \/>\n\u2013 PPS \u00fattak: 3.3-11V=3A, 3.3V-16V=2A<br \/>\n\u2013 Vottanir: CE, ROHS &amp; FCC<\/p>\n","protected":false},"featured_media":30604,"template":"","meta":[],"product_brand":[420],"product_cat":[396],"product_tag":[],"class_list":{"0":"post-30574","1":"product","2":"type-product","3":"status-publish","4":"has-post-thumbnail","6":"product_brand-joyroom","7":"product_cat-hledslutengi-i-bil","9":"first","10":"instock","11":"sale","12":"taxable","13":"shipping-taxable","14":"purchasable","15":"product-type-simple"},"supplier_id":null,"supplier_sku":"","barcode":null,"atum_controlled":true,"out_stock_date":null,"out_stock_threshold":null,"inheritable":false,"inbound_stock":0,"stock_on_hold":1,"sold_today":0,"sales_last_days":1,"reserved_stock":0,"customer_returns":0,"warehouse_damage":0,"lost_in_post":0,"other_logs":0,"out_stock_days":0,"lost_sales":0,"has_location":false,"update_date":"2026-04-19T00:23:38","atum_locations":[],"atum_stock_status":"instock","restock_status":false,"low_stock_amount":"","sales_update_date":"2026-04-19T00:23:38","calc_backorders":null,"yoast_head":"<!-- This site is optimized with the Yoast SEO Premium plugin v26.6 (Yoast SEO v27.3) - https:\/\/yoast.com\/product\/yoast-seo-premium-wordpress\/ -->\n<title>FM sendir | Bluetooth 5.4 | 81W hra\u00f0hle\u00f0slut\u00e6ki USB-C &amp; USB-A<\/title>\n<meta name=\"description\" content=\"\u00der\u00e1\u00f0laus FM sendir. Handfrj\u00e1ls s\u00edmt\u00f6l. Bluetooth 5,4 sendir hlj\u00f3\u00f0i\u00f0 yfir \u00ed \u00fatvarpi\u00f0 \u00ed gegnum FM-t\u00ed\u00f0ni. 81W hle\u00f0sla f. s\u00edma, spjaldt\u00f6lvur og \u00f6nnur t\u00e6ki.\" \/>\n<meta name=\"robots\" content=\"index, follow, max-snippet:-1, max-image-preview:large, max-video-preview:-1\" \/>\n<link rel=\"canonical\" href=\"https:\/\/vorulagerinn.is\/product\/jr-ccb01\/\" \/>\n<meta property=\"og:locale\" content=\"en_US\" \/>\n<meta property=\"og:type\" content=\"article\" \/>\n<meta property=\"og:title\" content=\"FM sendir me\u00f0 Bluetooth 5.4 FM + 81W b\u00edlahle\u00f0slut\u00e6ki (USB-C &amp; USB-A )\" \/>\n<meta property=\"og:description\" content=\"\u00der\u00e1\u00f0laus FM sendir. Handfrj\u00e1ls s\u00edmt\u00f6l. Bluetooth 5,4 sendir hlj\u00f3\u00f0i\u00f0 yfir \u00ed \u00fatvarpi\u00f0 \u00ed gegnum FM-t\u00ed\u00f0ni. 81W hle\u00f0sla f. s\u00edma, spjaldt\u00f6lvur og \u00f6nnur t\u00e6ki.\" \/>\n<meta property=\"og:url\" content=\"https:\/\/vorulagerinn.is\/product\/jr-ccb01\/\" \/>\n<meta property=\"og:site_name\" content=\"V&ouml;rulagerinn\" \/>\n<meta property=\"article:publisher\" content=\"https:\/\/www.facebook.com\/vorulagerinn\" \/>\n<meta property=\"article:modified_time\" content=\"2026-04-08T08:09:13+00:00\" \/>\n<meta property=\"og:image\" content=\"https:\/\/vorulagerinn.is\/wp-content\/uploads\/2026\/02\/JR-CCB01.jpg\" \/>\n\t<meta property=\"og:image:width\" content=\"600\" \/>\n\t<meta property=\"og:image:height\" content=\"600\" \/>\n\t<meta property=\"og:image:type\" content=\"image\/jpeg\" \/>\n<meta name=\"twitter:card\" content=\"summary_large_image\" \/>\n<meta name=\"twitter:label1\" content=\"Price\" \/>\n\t<meta name=\"twitter:data1\" content=\"5.990&nbsp;kr.\" \/>\n\t<meta name=\"twitter:label2\" content=\"Availability\" \/>\n\t<meta name=\"twitter:data2\" content=\"In stock\" \/>\n<script type=\"application\/ld+json\" class=\"yoast-schema-graph\">{\"@context\":\"https:\\\/\\\/schema.org\",\"@graph\":[{\"@type\":\"WebPage\",\"@id\":\"https:\\\/\\\/vorulagerinn.is\\\/product\\\/jr-ccb01\\\/\",\"url\":\"https:\\\/\\\/vorulagerinn.is\\\/product\\\/jr-ccb01\\\/\",\"name\":\"FM sendir | Bluetooth 5.4 | 81W hra\u00f0hle\u00f0slut\u00e6ki USB-C & USB-A\",\"isPartOf\":{\"@id\":\"https:\\\/\\\/vorulagerinn.is\\\/#website\"},\"primaryImageOfPage\":{\"@id\":\"https:\\\/\\\/vorulagerinn.is\\\/product\\\/jr-ccb01\\\/#primaryimage\"},\"image\":{\"@id\":\"https:\\\/\\\/vorulagerinn.is\\\/product\\\/jr-ccb01\\\/#primaryimage\"},\"thumbnailUrl\":\"https:\\\/\\\/vorulagerinn.is\\\/wp-content\\\/uploads\\\/2026\\\/02\\\/JR-CCB01.jpg\",\"datePublished\":\"2026-02-23T10:29:40+00:00\",\"dateModified\":\"2026-04-08T08:09:13+00:00\",\"description\":\"\u00der\u00e1\u00f0laus FM sendir. Handfrj\u00e1ls s\u00edmt\u00f6l. Bluetooth 5,4 sendir hlj\u00f3\u00f0i\u00f0 yfir \u00ed \u00fatvarpi\u00f0 \u00ed gegnum FM-t\u00ed\u00f0ni. 81W hle\u00f0sla f. s\u00edma, spjaldt\u00f6lvur og \u00f6nnur t\u00e6ki.\",\"breadcrumb\":{\"@id\":\"https:\\\/\\\/vorulagerinn.is\\\/product\\\/jr-ccb01\\\/#breadcrumb\"},\"inLanguage\":\"en-US\",\"potentialAction\":[{\"@type\":\"ReadAction\",\"target\":[\"https:\\\/\\\/vorulagerinn.is\\\/product\\\/jr-ccb01\\\/\"]}]},{\"@type\":\"ImageObject\",\"inLanguage\":\"en-US\",\"@id\":\"https:\\\/\\\/vorulagerinn.is\\\/product\\\/jr-ccb01\\\/#primaryimage\",\"url\":\"https:\\\/\\\/vorulagerinn.is\\\/wp-content\\\/uploads\\\/2026\\\/02\\\/JR-CCB01.jpg\",\"contentUrl\":\"https:\\\/\\\/vorulagerinn.is\\\/wp-content\\\/uploads\\\/2026\\\/02\\\/JR-CCB01.jpg\",\"width\":600,\"height\":600},{\"@type\":\"BreadcrumbList\",\"@id\":\"https:\\\/\\\/vorulagerinn.is\\\/product\\\/jr-ccb01\\\/#breadcrumb\",\"itemListElement\":[{\"@type\":\"ListItem\",\"position\":1,\"name\":\"Home\",\"item\":\"https:\\\/\\\/vorulagerinn.is\\\/\"},{\"@type\":\"ListItem\",\"position\":2,\"name\":\"Shop\",\"item\":\"https:\\\/\\\/vorulagerinn.is\\\/en\\\/shop\\\/\"},{\"@type\":\"ListItem\",\"position\":3,\"name\":\"FM sendir me\u00f0 Bluetooth 5.4 FM + 81W b\u00edlahle\u00f0slut\u00e6ki (USB-C &amp; USB-A )\"}]},{\"@type\":\"WebSite\",\"@id\":\"https:\\\/\\\/vorulagerinn.is\\\/#website\",\"url\":\"https:\\\/\\\/vorulagerinn.is\\\/\",\"name\":\"V\u00f6rulagerinn\",\"description\":\"L\u00e1ttu \u00fea\u00f0 eftir \u00fe\u00e9r\",\"publisher\":{\"@id\":\"https:\\\/\\\/vorulagerinn.is\\\/#organization\"},\"potentialAction\":[{\"@type\":\"SearchAction\",\"target\":{\"@type\":\"EntryPoint\",\"urlTemplate\":\"https:\\\/\\\/vorulagerinn.is\\\/?s={search_term_string}\"},\"query-input\":{\"@type\":\"PropertyValueSpecification\",\"valueRequired\":true,\"valueName\":\"search_term_string\"}}],\"inLanguage\":\"en-US\"},{\"@type\":\"Organization\",\"@id\":\"https:\\\/\\\/vorulagerinn.is\\\/#organization\",\"name\":\"V\u00f6rulagerinn\",\"url\":\"https:\\\/\\\/vorulagerinn.is\\\/\",\"logo\":{\"@type\":\"ImageObject\",\"inLanguage\":\"en-US\",\"@id\":\"https:\\\/\\\/vorulagerinn.is\\\/#\\\/schema\\\/logo\\\/image\\\/\",\"url\":\"https:\\\/\\\/vorulagerinn.is\\\/wp-content\\\/uploads\\\/2022\\\/09\\\/Vorulagerinn-Logo-588x160-1.png\",\"contentUrl\":\"https:\\\/\\\/vorulagerinn.is\\\/wp-content\\\/uploads\\\/2022\\\/09\\\/Vorulagerinn-Logo-588x160-1.png\",\"width\":588,\"height\":160,\"caption\":\"V\u00f6rulagerinn\"},\"image\":{\"@id\":\"https:\\\/\\\/vorulagerinn.is\\\/#\\\/schema\\\/logo\\\/image\\\/\"},\"sameAs\":[\"https:\\\/\\\/www.facebook.com\\\/vorulagerinn\",\"https:\\\/\\\/www.instagram.com\\\/vorulagerinn\\\/\"]}]}<\/script>\n<meta property=\"product:price:amount\" content=\"5990\" \/>\n<meta property=\"product:price:currency\" content=\"ISK\" \/>\n<meta property=\"og:availability\" content=\"instock\" \/>\n<meta property=\"product:availability\" content=\"instock\" \/>\n<meta property=\"product:retailer_item_id\" content=\"JR-CCB01\" \/>\n<meta property=\"product:condition\" content=\"new\" \/>\n<!-- \/ Yoast SEO Premium plugin. -->","yoast_head_json":{"title":"FM sendir | Bluetooth 5.4 | 81W hra\u00f0hle\u00f0slut\u00e6ki USB-C & USB-A","description":"\u00der\u00e1\u00f0laus FM sendir. Handfrj\u00e1ls s\u00edmt\u00f6l. Bluetooth 5,4 sendir hlj\u00f3\u00f0i\u00f0 yfir \u00ed \u00fatvarpi\u00f0 \u00ed gegnum FM-t\u00ed\u00f0ni. 81W hle\u00f0sla f. s\u00edma, spjaldt\u00f6lvur og \u00f6nnur t\u00e6ki.","robots":{"index":"index","follow":"follow","max-snippet":"max-snippet:-1","max-image-preview":"max-image-preview:large","max-video-preview":"max-video-preview:-1"},"canonical":"https:\/\/vorulagerinn.is\/product\/jr-ccb01\/","og_locale":"en_US","og_type":"article","og_title":"FM sendir me\u00f0 Bluetooth 5.4 FM + 81W b\u00edlahle\u00f0slut\u00e6ki (USB-C &amp; USB-A )","og_description":"\u00der\u00e1\u00f0laus FM sendir. Handfrj\u00e1ls s\u00edmt\u00f6l. Bluetooth 5,4 sendir hlj\u00f3\u00f0i\u00f0 yfir \u00ed \u00fatvarpi\u00f0 \u00ed gegnum FM-t\u00ed\u00f0ni. 81W hle\u00f0sla f. s\u00edma, spjaldt\u00f6lvur og \u00f6nnur t\u00e6ki.","og_url":"https:\/\/vorulagerinn.is\/product\/jr-ccb01\/","og_site_name":"V&ouml;rulagerinn","article_publisher":"https:\/\/www.facebook.com\/vorulagerinn","article_modified_time":"2026-04-08T08:09:13+00:00","og_image":[{"width":600,"height":600,"url":"https:\/\/vorulagerinn.is\/wp-content\/uploads\/2026\/02\/JR-CCB01.jpg","type":"image\/jpeg"}],"twitter_card":"summary_large_image","twitter_misc":{"Price":"5.990&nbsp;kr.","Availability":"In stock"},"schema":{"@context":"https:\/\/schema.org","@graph":[{"@type":"WebPage","@id":"https:\/\/vorulagerinn.is\/product\/jr-ccb01\/","url":"https:\/\/vorulagerinn.is\/product\/jr-ccb01\/","name":"FM sendir | Bluetooth 5.4 | 81W hra\u00f0hle\u00f0slut\u00e6ki USB-C & USB-A","isPartOf":{"@id":"https:\/\/vorulagerinn.is\/#website"},"primaryImageOfPage":{"@id":"https:\/\/vorulagerinn.is\/product\/jr-ccb01\/#primaryimage"},"image":{"@id":"https:\/\/vorulagerinn.is\/product\/jr-ccb01\/#primaryimage"},"thumbnailUrl":"https:\/\/vorulagerinn.is\/wp-content\/uploads\/2026\/02\/JR-CCB01.jpg","datePublished":"2026-02-23T10:29:40+00:00","dateModified":"2026-04-08T08:09:13+00:00","description":"\u00der\u00e1\u00f0laus FM sendir. Handfrj\u00e1ls s\u00edmt\u00f6l. Bluetooth 5,4 sendir hlj\u00f3\u00f0i\u00f0 yfir \u00ed \u00fatvarpi\u00f0 \u00ed gegnum FM-t\u00ed\u00f0ni. 81W hle\u00f0sla f. s\u00edma, spjaldt\u00f6lvur og \u00f6nnur t\u00e6ki.","breadcrumb":{"@id":"https:\/\/vorulagerinn.is\/product\/jr-ccb01\/#breadcrumb"},"inLanguage":"en-US","potentialAction":[{"@type":"ReadAction","target":["https:\/\/vorulagerinn.is\/product\/jr-ccb01\/"]}]},{"@type":"ImageObject","inLanguage":"en-US","@id":"https:\/\/vorulagerinn.is\/product\/jr-ccb01\/#primaryimage","url":"https:\/\/vorulagerinn.is\/wp-content\/uploads\/2026\/02\/JR-CCB01.jpg","contentUrl":"https:\/\/vorulagerinn.is\/wp-content\/uploads\/2026\/02\/JR-CCB01.jpg","width":600,"height":600},{"@type":"BreadcrumbList","@id":"https:\/\/vorulagerinn.is\/product\/jr-ccb01\/#breadcrumb","itemListElement":[{"@type":"ListItem","position":1,"name":"Home","item":"https:\/\/vorulagerinn.is\/"},{"@type":"ListItem","position":2,"name":"Shop","item":"https:\/\/vorulagerinn.is\/en\/shop\/"},{"@type":"ListItem","position":3,"name":"FM sendir me\u00f0 Bluetooth 5.4 FM + 81W b\u00edlahle\u00f0slut\u00e6ki (USB-C &amp; USB-A )"}]},{"@type":"WebSite","@id":"https:\/\/vorulagerinn.is\/#website","url":"https:\/\/vorulagerinn.is\/","name":"V\u00f6rulagerinn","description":"L\u00e1ttu \u00fea\u00f0 eftir \u00fe\u00e9r","publisher":{"@id":"https:\/\/vorulagerinn.is\/#organization"},"potentialAction":[{"@type":"SearchAction","target":{"@type":"EntryPoint","urlTemplate":"https:\/\/vorulagerinn.is\/?s={search_term_string}"},"query-input":{"@type":"PropertyValueSpecification","valueRequired":true,"valueName":"search_term_string"}}],"inLanguage":"en-US"},{"@type":"Organization","@id":"https:\/\/vorulagerinn.is\/#organization","name":"V\u00f6rulagerinn","url":"https:\/\/vorulagerinn.is\/","logo":{"@type":"ImageObject","inLanguage":"en-US","@id":"https:\/\/vorulagerinn.is\/#\/schema\/logo\/image\/","url":"https:\/\/vorulagerinn.is\/wp-content\/uploads\/2022\/09\/Vorulagerinn-Logo-588x160-1.png","contentUrl":"https:\/\/vorulagerinn.is\/wp-content\/uploads\/2022\/09\/Vorulagerinn-Logo-588x160-1.png","width":588,"height":160,"caption":"V\u00f6rulagerinn"},"image":{"@id":"https:\/\/vorulagerinn.is\/#\/schema\/logo\/image\/"},"sameAs":["https:\/\/www.facebook.com\/vorulagerinn","https:\/\/www.instagram.com\/vorulagerinn\/"]}]},"product_price_amount":"5990","product_price_currency":"ISK","og_availability":"instock","product_availability":"instock","product_retailer_item_id":"JR-CCB01","product_condition":"new"},"_links":{"self":[{"href":"https:\/\/vorulagerinn.is\/en\/wp-json\/wp\/v2\/product\/30574","targetHints":{"allow":["GET"]}}],"collection":[{"href":"https:\/\/vorulagerinn.is\/en\/wp-json\/wp\/v2\/product"}],"about":[{"href":"https:\/\/vorulagerinn.is\/en\/wp-json\/wp\/v2\/types\/product"}],"wp:featuredmedia":[{"embeddable":true,"href":"https:\/\/vorulagerinn.is\/en\/wp-json\/wp\/v2\/media\/30604"}],"wp:attachment":[{"href":"https:\/\/vorulagerinn.is\/en\/wp-json\/wp\/v2\/media?parent=30574"}],"wp:term":[{"taxonomy":"product_brand","embeddable":true,"href":"https:\/\/vorulagerinn.is\/en\/wp-json\/wp\/v2\/product_brand?post=30574"},{"taxonomy":"product_cat","embeddable":true,"href":"https:\/\/vorulagerinn.is\/en\/wp-json\/wp\/v2\/product_cat?post=30574"},{"taxonomy":"product_tag","embeddable":true,"href":"https:\/\/vorulagerinn.is\/en\/wp-json\/wp\/v2\/product_tag?post=30574"}],"curies":[{"name":"wp","href":"https:\/\/api.w.org\/{rel}","templated":true}]}}